{"id":68240,"date":"2026-02-26T10:51:20","date_gmt":"2026-02-26T09:51:20","guid":{"rendered":"https:\/\/smartinthedark.com\/no\/?post_type=product&#038;p=68240"},"modified":"2026-02-26T10:51:27","modified_gmt":"2026-02-26T09:51:27","slug":"treningspanneband-med-refleks","status":"publish","type":"product","link":"https:\/\/smartinthedark.com\/no\/produkt\/treningspanneband-med-refleks\/","title":{"rendered":"Treningspanneb\u00e5nd med refleks"},"content":{"rendered":"<p data-start=\"0\" data-end=\"468\"><strong data-start=\"0\" data-end=\"54\">Treningspanneb\u00e5nd med refleks for sport og trening<\/strong> i et mykt stoff av merinoull, polyamid og elastan. Funksjonsmaterialet i panneb\u00e5ndet med merinoull har en struktur som gj\u00f8r at varme transporteres lettere og gir en behagelig f\u00f8lelse b\u00e5de under trening og p\u00e5 tur. Panneb\u00e5ndet er sydd i dobbelt lag stoff for \u00e5 holde \u00f8rene varme. Panneb\u00e5ndet for dame og herre finnes i to st\u00f8rrelser og m\u00f8nstre \u2013 Fyrkl\u00f8ver og Midnattssol \u2013 og i to flotte farger \u2013 merlot og svart.<\/p>\n<ul>\n<li data-start=\"470\" data-end=\"533\">Finnes i to st\u00f8rrelser<strong data-start=\"470\" data-end=\"497\">:<\/strong> S\u2013M (56\u201357 cm) og L\u2013XL (58\u201359 cm)<\/li>\n<li>Dobbelt lag stoff og 10 cm h\u00f8yt<\/li>\n<li>Behagelig stoff i en blanding av merinoull 30%, polyamid 68% og elastan 2%<\/li>\n<li>Refleksbredde 3,5cm<\/li>\n<li>Stoffet er sertifisert i henhold til Oeko-Tex Standard 100, Bluesign og GOTS<\/li>\n<\/ul>\n<p data-start=\"759\" data-end=\"999\" data-is-last-node=\"\" data-is-only-node=\"\">Smart in the dark-reflekser gj\u00f8r at du synes i m\u00f8rket p\u00e5 over 125 meters avstand. De er laget av 3M Scotchlite, som er et av de sikreste og beste refleksmaterialene p\u00e5 markedet. N\u00e5r du bruker Smart in the dark, er du synlig p\u00e5 lang avstand.<\/p>\n<p data-start=\"759\" data-end=\"999\" data-is-last-node=\"\" data-is-only-node=\"\">\n","protected":false},"excerpt":{"rendered":"<p><strong data-start=\"0\" data-end=\"54\">Treningspanneb\u00e5nd med refleks for sport og trening<\/strong> i et mykt stoff av merinoull, polyamid og elastan. Funksjonsmaterialet i panneb\u00e5ndet med merinoull har en struktur som gj\u00f8r at varme transporteres lettere og gir en behagelig f\u00f8lelse b\u00e5de under trening og p\u00e5 tur. <a href=\"#beskrivning\"><b><u>Les mer<\/u><\/b><\/a><\/p>\n","protected":false},"featured_media":68251,"comment_status":"closed","ping_status":"closed","template":"","meta":{"_trash_the_other_posts":false,"editor_notices":[]},"product_brand":[],"product_cat":[98],"product_tag":[],"class_list":{"0":"post-68240","1":"product","2":"type-product","3":"status-publish","4":"has-post-thumbnail","6":"product_cat-reflekspanneband","8":"first","9":"instock","10":"taxable","11":"shipping-taxable","12":"purchasable","13":"product-type-variable"},"yoast_head":"<!-- This site is optimized with the Yoast SEO plugin v25.9 - https:\/\/yoast.com\/wordpress\/plugins\/seo\/ -->\n<title>Treningspanneb\u00e5nd med refleks - Smart in the dark Norsk<\/title>\n<meta name=\"robots\" content=\"index, follow, max-snippet:-1, max-image-preview:large, max-video-preview:-1\" \/>\n<link rel=\"canonical\" href=\"https:\/\/smartinthedark.com\/no\/produkt\/treningspanneband-med-refleks\/\" \/>\n<meta property=\"og:locale\" content=\"nb_NO\" \/>\n<meta property=\"og:type\" content=\"article\" \/>\n<meta property=\"og:title\" content=\"Treningspanneb\u00e5nd med refleks - Smart in the dark Norsk\" \/>\n<meta property=\"og:description\" content=\"Treningspanneb\u00e5nd med refleks for sport og trening i et mykt stoff av merinoull, polyamid og elastan. Funksjonsmaterialet i panneb\u00e5ndet med merinoull har en struktur som gj\u00f8r at varme transporteres lettere og gir en behagelig f\u00f8lelse b\u00e5de under trening og p\u00e5 tur. Les mer\" \/>\n<meta property=\"og:url\" content=\"https:\/\/smartinthedark.com\/no\/produkt\/treningspanneband-med-refleks\/\" \/>\n<meta property=\"og:site_name\" content=\"Smart in the dark Norsk\" \/>\n<meta property=\"article:publisher\" content=\"https:\/\/www.facebook.com\/smartinthedark\/\" \/>\n<meta property=\"article:modified_time\" content=\"2026-02-26T09:51:27+00:00\" \/>\n<meta property=\"og:image\" content=\"https:\/\/smartinthedark.com\/no\/wp-content\/uploads\/sites\/13\/2026\/02\/Traningspannband-svart-midnattssol-smart-in-the-dark-3.jpg\" \/>\n\t<meta property=\"og:image:width\" content=\"2000\" \/>\n\t<meta property=\"og:image:height\" content=\"2000\" \/>\n\t<meta property=\"og:image:type\" content=\"image\/jpeg\" \/>\n<meta name=\"twitter:card\" content=\"summary_large_image\" \/>\n<meta name=\"twitter:label1\" content=\"Ansl. lesetid\" \/>\n\t<meta name=\"twitter:data1\" content=\"2 minutter\" \/>\n<script type=\"application\/ld+json\" class=\"yoast-schema-graph\">{\"@context\":\"https:\/\/schema.org\",\"@graph\":[{\"@type\":\"WebPage\",\"@id\":\"https:\/\/smartinthedark.com\/no\/produkt\/treningspanneband-med-refleks\/\",\"url\":\"https:\/\/smartinthedark.com\/no\/produkt\/treningspanneband-med-refleks\/\",\"name\":\"Treningspanneb\u00e5nd med refleks - Smart in the dark Norsk\",\"isPartOf\":{\"@id\":\"https:\/\/smartinthedark.com\/no\/#website\"},\"primaryImageOfPage\":{\"@id\":\"https:\/\/smartinthedark.com\/no\/produkt\/treningspanneband-med-refleks\/#primaryimage\"},\"image\":{\"@id\":\"https:\/\/smartinthedark.com\/no\/produkt\/treningspanneband-med-refleks\/#primaryimage\"},\"thumbnailUrl\":\"https:\/\/smartinthedark.com\/no\/wp-content\/uploads\/sites\/13\/2026\/02\/Traningspannband-svart-midnattssol-smart-in-the-dark-3.jpg\",\"datePublished\":\"2026-02-26T09:51:20+00:00\",\"dateModified\":\"2026-02-26T09:51:27+00:00\",\"breadcrumb\":{\"@id\":\"https:\/\/smartinthedark.com\/no\/produkt\/treningspanneband-med-refleks\/#breadcrumb\"},\"inLanguage\":\"nb-NO\",\"potentialAction\":[{\"@type\":\"ReadAction\",\"target\":[\"https:\/\/smartinthedark.com\/no\/produkt\/treningspanneband-med-refleks\/\"]}]},{\"@type\":\"ImageObject\",\"inLanguage\":\"nb-NO\",\"@id\":\"https:\/\/smartinthedark.com\/no\/produkt\/treningspanneband-med-refleks\/#primaryimage\",\"url\":\"https:\/\/smartinthedark.com\/no\/wp-content\/uploads\/sites\/13\/2026\/02\/Traningspannband-svart-midnattssol-smart-in-the-dark-3.jpg\",\"contentUrl\":\"https:\/\/smartinthedark.com\/no\/wp-content\/uploads\/sites\/13\/2026\/02\/Traningspannband-svart-midnattssol-smart-in-the-dark-3.jpg\",\"width\":2000,\"height\":2000,\"caption\":\"Praktisk treningspanneb\u00e5nd med refleks for sport og trening, farge Svart og m\u00f8nster Midnattssol. Smart in the dark\"},{\"@type\":\"BreadcrumbList\",\"@id\":\"https:\/\/smartinthedark.com\/no\/produkt\/treningspanneband-med-refleks\/#breadcrumb\",\"itemListElement\":[{\"@type\":\"ListItem\",\"position\":1,\"name\":\"Hem\",\"item\":\"https:\/\/smartinthedark.com\/no\/\"},{\"@type\":\"ListItem\",\"position\":2,\"name\":\"Nettbutikk\",\"item\":\"https:\/\/smartinthedark.com\/no\/nettbutikk\/\"},{\"@type\":\"ListItem\",\"position\":3,\"name\":\"Treningspanneb\u00e5nd med refleks\"}]},{\"@type\":\"WebSite\",\"@id\":\"https:\/\/smartinthedark.com\/no\/#website\",\"url\":\"https:\/\/smartinthedark.com\/no\/\",\"name\":\"Smart in the dark Norsk\",\"description\":\"\",\"potentialAction\":[{\"@type\":\"SearchAction\",\"target\":{\"@type\":\"EntryPoint\",\"urlTemplate\":\"https:\/\/smartinthedark.com\/no\/?s={search_term_string}\"},\"query-input\":{\"@type\":\"PropertyValueSpecification\",\"valueRequired\":true,\"valueName\":\"search_term_string\"}}],\"inLanguage\":\"nb-NO\"}]}<\/script>\n<!-- \/ Yoast SEO plugin. -->","yoast_head_json":{"title":"Treningspanneb\u00e5nd med refleks - Smart in the dark Norsk","robots":{"index":"index","follow":"follow","max-snippet":"max-snippet:-1","max-image-preview":"max-image-preview:large","max-video-preview":"max-video-preview:-1"},"canonical":"https:\/\/smartinthedark.com\/no\/produkt\/treningspanneband-med-refleks\/","og_locale":"nb_NO","og_type":"article","og_title":"Treningspanneb\u00e5nd med refleks - Smart in the dark Norsk","og_description":"Treningspanneb\u00e5nd med refleks for sport og trening i et mykt stoff av merinoull, polyamid og elastan. Funksjonsmaterialet i panneb\u00e5ndet med merinoull har en struktur som gj\u00f8r at varme transporteres lettere og gir en behagelig f\u00f8lelse b\u00e5de under trening og p\u00e5 tur. Les mer","og_url":"https:\/\/smartinthedark.com\/no\/produkt\/treningspanneband-med-refleks\/","og_site_name":"Smart in the dark Norsk","article_publisher":"https:\/\/www.facebook.com\/smartinthedark\/","article_modified_time":"2026-02-26T09:51:27+00:00","og_image":[{"width":2000,"height":2000,"url":"https:\/\/smartinthedark.com\/no\/wp-content\/uploads\/sites\/13\/2026\/02\/Traningspannband-svart-midnattssol-smart-in-the-dark-3.jpg","type":"image\/jpeg"}],"twitter_card":"summary_large_image","twitter_misc":{"Ansl. lesetid":"2 minutter"},"schema":{"@context":"https:\/\/schema.org","@graph":[{"@type":"WebPage","@id":"https:\/\/smartinthedark.com\/no\/produkt\/treningspanneband-med-refleks\/","url":"https:\/\/smartinthedark.com\/no\/produkt\/treningspanneband-med-refleks\/","name":"Treningspanneb\u00e5nd med refleks - Smart in the dark Norsk","isPartOf":{"@id":"https:\/\/smartinthedark.com\/no\/#website"},"primaryImageOfPage":{"@id":"https:\/\/smartinthedark.com\/no\/produkt\/treningspanneband-med-refleks\/#primaryimage"},"image":{"@id":"https:\/\/smartinthedark.com\/no\/produkt\/treningspanneband-med-refleks\/#primaryimage"},"thumbnailUrl":"https:\/\/smartinthedark.com\/no\/wp-content\/uploads\/sites\/13\/2026\/02\/Traningspannband-svart-midnattssol-smart-in-the-dark-3.jpg","datePublished":"2026-02-26T09:51:20+00:00","dateModified":"2026-02-26T09:51:27+00:00","breadcrumb":{"@id":"https:\/\/smartinthedark.com\/no\/produkt\/treningspanneband-med-refleks\/#breadcrumb"},"inLanguage":"nb-NO","potentialAction":[{"@type":"ReadAction","target":["https:\/\/smartinthedark.com\/no\/produkt\/treningspanneband-med-refleks\/"]}]},{"@type":"ImageObject","inLanguage":"nb-NO","@id":"https:\/\/smartinthedark.com\/no\/produkt\/treningspanneband-med-refleks\/#primaryimage","url":"https:\/\/smartinthedark.com\/no\/wp-content\/uploads\/sites\/13\/2026\/02\/Traningspannband-svart-midnattssol-smart-in-the-dark-3.jpg","contentUrl":"https:\/\/smartinthedark.com\/no\/wp-content\/uploads\/sites\/13\/2026\/02\/Traningspannband-svart-midnattssol-smart-in-the-dark-3.jpg","width":2000,"height":2000,"caption":"Praktisk treningspanneb\u00e5nd med refleks for sport og trening, farge Svart og m\u00f8nster Midnattssol. Smart in the dark"},{"@type":"BreadcrumbList","@id":"https:\/\/smartinthedark.com\/no\/produkt\/treningspanneband-med-refleks\/#breadcrumb","itemListElement":[{"@type":"ListItem","position":1,"name":"Hem","item":"https:\/\/smartinthedark.com\/no\/"},{"@type":"ListItem","position":2,"name":"Nettbutikk","item":"https:\/\/smartinthedark.com\/no\/nettbutikk\/"},{"@type":"ListItem","position":3,"name":"Treningspanneb\u00e5nd med refleks"}]},{"@type":"WebSite","@id":"https:\/\/smartinthedark.com\/no\/#website","url":"https:\/\/smartinthedark.com\/no\/","name":"Smart in the dark Norsk","description":"","potentialAction":[{"@type":"SearchAction","target":{"@type":"EntryPoint","urlTemplate":"https:\/\/smartinthedark.com\/no\/?s={search_term_string}"},"query-input":{"@type":"PropertyValueSpecification","valueRequired":true,"valueName":"search_term_string"}}],"inLanguage":"nb-NO"}]}},"_links":{"self":[{"href":"https:\/\/smartinthedark.com\/no\/wp-json\/wp\/v2\/product\/68240","targetHints":{"allow":["GET"]}}],"collection":[{"href":"https:\/\/smartinthedark.com\/no\/wp-json\/wp\/v2\/product"}],"about":[{"href":"https:\/\/smartinthedark.com\/no\/wp-json\/wp\/v2\/types\/product"}],"replies":[{"embeddable":true,"href":"https:\/\/smartinthedark.com\/no\/wp-json\/wp\/v2\/comments?post=68240"}],"wp:featuredmedia":[{"embeddable":true,"href":"https:\/\/smartinthedark.com\/no\/wp-json\/wp\/v2\/media\/68251"}],"wp:attachment":[{"href":"https:\/\/smartinthedark.com\/no\/wp-json\/wp\/v2\/media?parent=68240"}],"wp:term":[{"taxonomy":"product_brand","embeddable":true,"href":"https:\/\/smartinthedark.com\/no\/wp-json\/wp\/v2\/product_brand?post=68240"},{"taxonomy":"product_cat","embeddable":true,"href":"https:\/\/smartinthedark.com\/no\/wp-json\/wp\/v2\/product_cat?post=68240"},{"taxonomy":"product_tag","embeddable":true,"href":"https:\/\/smartinthedark.com\/no\/wp-json\/wp\/v2\/product_tag?post=68240"}],"curies":[{"name":"wp","href":"https:\/\/api.w.org\/{rel}","templated":true}]}}