{"id":68193,"date":"2026-02-11T09:15:48","date_gmt":"2026-02-11T08:15:48","guid":{"rendered":"https:\/\/smartinthedark.com\/no\/?post_type=product&#038;p=68193"},"modified":"2026-02-19T13:33:01","modified_gmt":"2026-02-19T12:33:01","slug":"refleksstoffpose-tote-bag-med-doble-handtak","status":"publish","type":"product","link":"https:\/\/smartinthedark.com\/no\/produkt\/refleksstoffpose-tote-bag-med-doble-handtak\/","title":{"rendered":"Refleksstoffpose &#8211; Tote bag &#8211; med doble h\u00e5ndtak."},"content":{"rendered":"<p><strong>En smart og funksjonell refleksstoffpose, laget av vannavvisende bomullsstoff.<\/strong> Stoffet produseres i Italia, og vesken er utformet for \u00e5 v\u00e6re b\u00e5de praktisk og holdbar. Posen har doble h\u00e5ndtak og en innvendig lukning som gj\u00f8r den enkel \u00e5 stenge.<\/p>\n<p>Den finnes i fargene svart og mosegr\u00f8nn samt i m\u00f8nstrene <strong>Nordlys, Havre, Skoglysning og Firkl\u00f8ver<\/strong> \u2013 alle inspirert av nordisk natur.<\/p>\n<p><strong>Spesifikasjoner:<\/strong><\/p>\n<ul>\n<li>Vannavvisende bomull<\/li>\n<li>Innvendig lukning<\/li>\n<li>Refleksb\u00e5nd rundt hele vesken (4,2 cm bredt)<\/li>\n<li>Doble h\u00e5ndtak: 43 cm \/ 64 cm for fleksible b\u00e6remuligheter<\/li>\n<li>H\u00f8yde: 44 cm<\/li>\n<li>Bredde: 43 cm<\/li>\n<\/ul>\n","protected":false},"excerpt":{"rendered":"<p><strong>En smart og funksjonell refleksstoffpose, laget av vannavvisende bomullsstoff.<\/strong> Stoffet produseres i Italia, og vesken er utformet for \u00e5 v\u00e6re b\u00e5de praktisk og holdbar. <a href=\"#beskrivning\"><b><u>Les mer<\/u><\/b><\/a><\/p>\n","protected":false},"featured_media":68202,"comment_status":"closed","ping_status":"closed","template":"","meta":{"_trash_the_other_posts":false,"editor_notices":[]},"product_brand":[],"product_cat":[61],"product_tag":[],"class_list":{"0":"post-68193","1":"product","2":"type-product","3":"status-publish","4":"has-post-thumbnail","6":"product_cat-reflekspose","8":"first","9":"instock","10":"taxable","11":"shipping-taxable","12":"purchasable","13":"product-type-variable"},"yoast_head":"<!-- This site is optimized with the Yoast SEO plugin v25.9 - https:\/\/yoast.com\/wordpress\/plugins\/seo\/ -->\n<title>Refleksstoffpose - Tote bag - med doble h\u00e5ndtak. - Smart in the dark Norsk<\/title>\n<meta name=\"robots\" content=\"index, follow, max-snippet:-1, max-image-preview:large, max-video-preview:-1\" \/>\n<link rel=\"canonical\" href=\"https:\/\/smartinthedark.com\/no\/produkt\/refleksstoffpose-tote-bag-med-doble-handtak\/\" \/>\n<meta property=\"og:locale\" content=\"nb_NO\" \/>\n<meta property=\"og:type\" content=\"article\" \/>\n<meta property=\"og:title\" content=\"Refleksstoffpose - Tote bag - med doble h\u00e5ndtak. - Smart in the dark Norsk\" \/>\n<meta property=\"og:description\" content=\"En smart og funksjonell refleksstoffpose, laget av vannavvisende bomullsstoff. Stoffet produseres i Italia, og vesken er utformet for \u00e5 v\u00e6re b\u00e5de praktisk og holdbar. Les mer\" \/>\n<meta property=\"og:url\" content=\"https:\/\/smartinthedark.com\/no\/produkt\/refleksstoffpose-tote-bag-med-doble-handtak\/\" \/>\n<meta property=\"og:site_name\" content=\"Smart in the dark Norsk\" \/>\n<meta property=\"article:publisher\" content=\"https:\/\/www.facebook.com\/smartinthedark\/\" \/>\n<meta property=\"article:modified_time\" content=\"2026-02-19T12:33:01+00:00\" \/>\n<meta property=\"og:image\" content=\"https:\/\/smartinthedark.com\/no\/wp-content\/uploads\/sites\/13\/2026\/02\/Smart_reflexkasse.png\" \/>\n\t<meta property=\"og:image:width\" content=\"1024\" \/>\n\t<meta property=\"og:image:height\" content=\"1536\" \/>\n\t<meta property=\"og:image:type\" content=\"image\/png\" \/>\n<meta name=\"twitter:card\" content=\"summary_large_image\" \/>\n<meta name=\"twitter:label1\" content=\"Ansl. lesetid\" \/>\n\t<meta name=\"twitter:data1\" content=\"1 minutt\" \/>\n<script type=\"application\/ld+json\" class=\"yoast-schema-graph\">{\"@context\":\"https:\/\/schema.org\",\"@graph\":[{\"@type\":\"WebPage\",\"@id\":\"https:\/\/smartinthedark.com\/no\/produkt\/refleksstoffpose-tote-bag-med-doble-handtak\/\",\"url\":\"https:\/\/smartinthedark.com\/no\/produkt\/refleksstoffpose-tote-bag-med-doble-handtak\/\",\"name\":\"Refleksstoffpose - Tote bag - med doble h\u00e5ndtak. - Smart in the dark Norsk\",\"isPartOf\":{\"@id\":\"https:\/\/smartinthedark.com\/no\/#website\"},\"primaryImageOfPage\":{\"@id\":\"https:\/\/smartinthedark.com\/no\/produkt\/refleksstoffpose-tote-bag-med-doble-handtak\/#primaryimage\"},\"image\":{\"@id\":\"https:\/\/smartinthedark.com\/no\/produkt\/refleksstoffpose-tote-bag-med-doble-handtak\/#primaryimage\"},\"thumbnailUrl\":\"https:\/\/smartinthedark.com\/no\/wp-content\/uploads\/sites\/13\/2026\/02\/Smart_reflexkasse.png\",\"datePublished\":\"2026-02-11T08:15:48+00:00\",\"dateModified\":\"2026-02-19T12:33:01+00:00\",\"breadcrumb\":{\"@id\":\"https:\/\/smartinthedark.com\/no\/produkt\/refleksstoffpose-tote-bag-med-doble-handtak\/#breadcrumb\"},\"inLanguage\":\"nb-NO\",\"potentialAction\":[{\"@type\":\"ReadAction\",\"target\":[\"https:\/\/smartinthedark.com\/no\/produkt\/refleksstoffpose-tote-bag-med-doble-handtak\/\"]}]},{\"@type\":\"ImageObject\",\"inLanguage\":\"nb-NO\",\"@id\":\"https:\/\/smartinthedark.com\/no\/produkt\/refleksstoffpose-tote-bag-med-doble-handtak\/#primaryimage\",\"url\":\"https:\/\/smartinthedark.com\/no\/wp-content\/uploads\/sites\/13\/2026\/02\/Smart_reflexkasse.png\",\"contentUrl\":\"https:\/\/smartinthedark.com\/no\/wp-content\/uploads\/sites\/13\/2026\/02\/Smart_reflexkasse.png\",\"width\":1024,\"height\":1536,\"caption\":\"Stilren refleks\u2011stoffpose i slitesterk bomull i svart med m\u00f8nster: Skogslysning\u2013 Smart in the dark\"},{\"@type\":\"BreadcrumbList\",\"@id\":\"https:\/\/smartinthedark.com\/no\/produkt\/refleksstoffpose-tote-bag-med-doble-handtak\/#breadcrumb\",\"itemListElement\":[{\"@type\":\"ListItem\",\"position\":1,\"name\":\"Hem\",\"item\":\"https:\/\/smartinthedark.com\/no\/\"},{\"@type\":\"ListItem\",\"position\":2,\"name\":\"Nettbutikk\",\"item\":\"https:\/\/smartinthedark.com\/no\/nettbutikk\/\"},{\"@type\":\"ListItem\",\"position\":3,\"name\":\"Refleksstoffpose &#8211; Tote bag &#8211; med doble h\u00e5ndtak.\"}]},{\"@type\":\"WebSite\",\"@id\":\"https:\/\/smartinthedark.com\/no\/#website\",\"url\":\"https:\/\/smartinthedark.com\/no\/\",\"name\":\"Smart in the dark Norsk\",\"description\":\"\",\"potentialAction\":[{\"@type\":\"SearchAction\",\"target\":{\"@type\":\"EntryPoint\",\"urlTemplate\":\"https:\/\/smartinthedark.com\/no\/?s={search_term_string}\"},\"query-input\":{\"@type\":\"PropertyValueSpecification\",\"valueRequired\":true,\"valueName\":\"search_term_string\"}}],\"inLanguage\":\"nb-NO\"}]}<\/script>\n<!-- \/ Yoast SEO plugin. -->","yoast_head_json":{"title":"Refleksstoffpose - Tote bag - med doble h\u00e5ndtak. - Smart in the dark Norsk","robots":{"index":"index","follow":"follow","max-snippet":"max-snippet:-1","max-image-preview":"max-image-preview:large","max-video-preview":"max-video-preview:-1"},"canonical":"https:\/\/smartinthedark.com\/no\/produkt\/refleksstoffpose-tote-bag-med-doble-handtak\/","og_locale":"nb_NO","og_type":"article","og_title":"Refleksstoffpose - Tote bag - med doble h\u00e5ndtak. - Smart in the dark Norsk","og_description":"En smart og funksjonell refleksstoffpose, laget av vannavvisende bomullsstoff. Stoffet produseres i Italia, og vesken er utformet for \u00e5 v\u00e6re b\u00e5de praktisk og holdbar. Les mer","og_url":"https:\/\/smartinthedark.com\/no\/produkt\/refleksstoffpose-tote-bag-med-doble-handtak\/","og_site_name":"Smart in the dark Norsk","article_publisher":"https:\/\/www.facebook.com\/smartinthedark\/","article_modified_time":"2026-02-19T12:33:01+00:00","og_image":[{"width":1024,"height":1536,"url":"https:\/\/smartinthedark.com\/no\/wp-content\/uploads\/sites\/13\/2026\/02\/Smart_reflexkasse.png","type":"image\/png"}],"twitter_card":"summary_large_image","twitter_misc":{"Ansl. lesetid":"1 minutt"},"schema":{"@context":"https:\/\/schema.org","@graph":[{"@type":"WebPage","@id":"https:\/\/smartinthedark.com\/no\/produkt\/refleksstoffpose-tote-bag-med-doble-handtak\/","url":"https:\/\/smartinthedark.com\/no\/produkt\/refleksstoffpose-tote-bag-med-doble-handtak\/","name":"Refleksstoffpose - Tote bag - med doble h\u00e5ndtak. - Smart in the dark Norsk","isPartOf":{"@id":"https:\/\/smartinthedark.com\/no\/#website"},"primaryImageOfPage":{"@id":"https:\/\/smartinthedark.com\/no\/produkt\/refleksstoffpose-tote-bag-med-doble-handtak\/#primaryimage"},"image":{"@id":"https:\/\/smartinthedark.com\/no\/produkt\/refleksstoffpose-tote-bag-med-doble-handtak\/#primaryimage"},"thumbnailUrl":"https:\/\/smartinthedark.com\/no\/wp-content\/uploads\/sites\/13\/2026\/02\/Smart_reflexkasse.png","datePublished":"2026-02-11T08:15:48+00:00","dateModified":"2026-02-19T12:33:01+00:00","breadcrumb":{"@id":"https:\/\/smartinthedark.com\/no\/produkt\/refleksstoffpose-tote-bag-med-doble-handtak\/#breadcrumb"},"inLanguage":"nb-NO","potentialAction":[{"@type":"ReadAction","target":["https:\/\/smartinthedark.com\/no\/produkt\/refleksstoffpose-tote-bag-med-doble-handtak\/"]}]},{"@type":"ImageObject","inLanguage":"nb-NO","@id":"https:\/\/smartinthedark.com\/no\/produkt\/refleksstoffpose-tote-bag-med-doble-handtak\/#primaryimage","url":"https:\/\/smartinthedark.com\/no\/wp-content\/uploads\/sites\/13\/2026\/02\/Smart_reflexkasse.png","contentUrl":"https:\/\/smartinthedark.com\/no\/wp-content\/uploads\/sites\/13\/2026\/02\/Smart_reflexkasse.png","width":1024,"height":1536,"caption":"Stilren refleks\u2011stoffpose i slitesterk bomull i svart med m\u00f8nster: Skogslysning\u2013 Smart in the dark"},{"@type":"BreadcrumbList","@id":"https:\/\/smartinthedark.com\/no\/produkt\/refleksstoffpose-tote-bag-med-doble-handtak\/#breadcrumb","itemListElement":[{"@type":"ListItem","position":1,"name":"Hem","item":"https:\/\/smartinthedark.com\/no\/"},{"@type":"ListItem","position":2,"name":"Nettbutikk","item":"https:\/\/smartinthedark.com\/no\/nettbutikk\/"},{"@type":"ListItem","position":3,"name":"Refleksstoffpose &#8211; Tote bag &#8211; med doble h\u00e5ndtak."}]},{"@type":"WebSite","@id":"https:\/\/smartinthedark.com\/no\/#website","url":"https:\/\/smartinthedark.com\/no\/","name":"Smart in the dark Norsk","description":"","potentialAction":[{"@type":"SearchAction","target":{"@type":"EntryPoint","urlTemplate":"https:\/\/smartinthedark.com\/no\/?s={search_term_string}"},"query-input":{"@type":"PropertyValueSpecification","valueRequired":true,"valueName":"search_term_string"}}],"inLanguage":"nb-NO"}]}},"_links":{"self":[{"href":"https:\/\/smartinthedark.com\/no\/wp-json\/wp\/v2\/product\/68193","targetHints":{"allow":["GET"]}}],"collection":[{"href":"https:\/\/smartinthedark.com\/no\/wp-json\/wp\/v2\/product"}],"about":[{"href":"https:\/\/smartinthedark.com\/no\/wp-json\/wp\/v2\/types\/product"}],"replies":[{"embeddable":true,"href":"https:\/\/smartinthedark.com\/no\/wp-json\/wp\/v2\/comments?post=68193"}],"wp:featuredmedia":[{"embeddable":true,"href":"https:\/\/smartinthedark.com\/no\/wp-json\/wp\/v2\/media\/68202"}],"wp:attachment":[{"href":"https:\/\/smartinthedark.com\/no\/wp-json\/wp\/v2\/media?parent=68193"}],"wp:term":[{"taxonomy":"product_brand","embeddable":true,"href":"https:\/\/smartinthedark.com\/no\/wp-json\/wp\/v2\/product_brand?post=68193"},{"taxonomy":"product_cat","embeddable":true,"href":"https:\/\/smartinthedark.com\/no\/wp-json\/wp\/v2\/product_cat?post=68193"},{"taxonomy":"product_tag","embeddable":true,"href":"https:\/\/smartinthedark.com\/no\/wp-json\/wp\/v2\/product_tag?post=68193"}],"curies":[{"name":"wp","href":"https:\/\/api.w.org\/{rel}","templated":true}]}}