{"id":68155,"date":"2025-12-09T08:56:40","date_gmt":"2025-12-09T07:56:40","guid":{"rendered":"https:\/\/smartinthedark.com\/no\/?post_type=product&#038;p=68155"},"modified":"2026-03-26T12:03:04","modified_gmt":"2026-03-26T11:03:04","slug":"treningslue-med-refleks","status":"publish","type":"product","link":"https:\/\/smartinthedark.com\/no\/produkt\/treningslue-med-refleks\/","title":{"rendered":"Treningslue med refleks"},"content":{"rendered":"<p>Treningslue med refleks for smart, trygg og behagelig trening i m\u00f8rket. Materialet i luen har en struktur som gj\u00f8r at varme lettere transporteres bort, samtidig som det gir en myk og komfortabel f\u00f8lelse under trening og l\u00f8ping. Stoffet, som produseres i Italia, er en blanding av merinoull, polyamid og elastan. Luen er sydd med dobbelt lag nederst for \u00e5 varme \u00f8rene, og ett lag \u00f8verst for \u00e5 lette varmeutslippet. Reflekskanten er plassert nederst slik at den ogs\u00e5 er synlig under sykkelhjelm. Treningsluen for dame og herre finnes i to st\u00f8rrelser og to m\u00f8nstre \u2013 Firkl\u00f8ver og Midnattssol. V\u00e5r stilige sportslue med refleks kommer i to flotte farger \u2013 merlot og svart.<\/p>\n<p>Spesifikasjoner:<\/p>\n<ul>\n<li>Finnes i to st\u00f8rrelser: S\u2013M (56\u201357 cm) og L\u2013XL (58\u201359 cm)<\/li>\n<li>Dobbelt lag i nedre kant (9 cm h\u00f8y). Luen har ett lag p\u00e5 overdelen<\/li>\n<li>Behagelig stoff i en blanding av merinoull 30 %, polyamid 68 % og elastan 2 %<\/li>\n<li>Refleksbredde: 3,5 cm<\/li>\n<li>Stoffet er sertifisert i henhold til Oeko-Tex Standard 100, Bluesign og GOTS<\/li>\n<\/ul>\n","protected":false},"excerpt":{"rendered":"<p>Treningslue med refleks for smart, trygg og behagelig trening i m\u00f8rket. Stoffet har en struktur som gj\u00f8r at varme lettere transporteres bort og gir en behagelig f\u00f8lelse under trening.<br \/>\n<a href=\"#beskrivning\"><b><u>Les mer<\/u><\/b><\/a><\/p>\n","protected":false},"featured_media":68156,"comment_status":"closed","ping_status":"closed","template":"","meta":{"_trash_the_other_posts":false,"editor_notices":[]},"product_brand":[],"product_cat":[60],"product_tag":[],"class_list":{"0":"post-68155","1":"product","2":"type-product","3":"status-publish","4":"has-post-thumbnail","6":"product_cat-reflekslue-og-reflekspanneband","8":"first","9":"outofstock","10":"taxable","11":"shipping-taxable","12":"purchasable","13":"product-type-variable"},"yoast_head":"<!-- This site is optimized with the Yoast SEO plugin v25.9 - https:\/\/yoast.com\/wordpress\/plugins\/seo\/ -->\n<title>Treningslue med refleks - Smart in the dark Norsk<\/title>\n<meta name=\"robots\" content=\"index, follow, max-snippet:-1, max-image-preview:large, max-video-preview:-1\" \/>\n<link rel=\"canonical\" href=\"https:\/\/smartinthedark.com\/no\/produkt\/treningslue-med-refleks\/\" \/>\n<meta property=\"og:locale\" content=\"nb_NO\" \/>\n<meta property=\"og:type\" content=\"article\" \/>\n<meta property=\"og:title\" content=\"Treningslue med refleks - Smart in the dark Norsk\" \/>\n<meta property=\"og:description\" content=\"Treningslue med refleks for smart, trygg og behagelig trening i m\u00f8rket. Stoffet har en struktur som gj\u00f8r at varme lettere transporteres bort og gir en behagelig f\u00f8lelse under trening. Les mer\" \/>\n<meta property=\"og:url\" content=\"https:\/\/smartinthedark.com\/no\/produkt\/treningslue-med-refleks\/\" \/>\n<meta property=\"og:site_name\" content=\"Smart in the dark Norsk\" \/>\n<meta property=\"article:publisher\" content=\"https:\/\/www.facebook.com\/smartinthedark\/\" \/>\n<meta property=\"article:modified_time\" content=\"2026-03-26T11:03:04+00:00\" \/>\n<meta property=\"og:image\" content=\"https:\/\/smartinthedark.com\/no\/wp-content\/uploads\/sites\/13\/2025\/12\/jogging-24-500x500-1.jpg\" \/>\n\t<meta property=\"og:image:width\" content=\"500\" \/>\n\t<meta property=\"og:image:height\" content=\"500\" \/>\n\t<meta property=\"og:image:type\" content=\"image\/jpeg\" \/>\n<meta name=\"twitter:card\" content=\"summary_large_image\" \/>\n<meta name=\"twitter:label1\" content=\"Ansl. lesetid\" \/>\n\t<meta name=\"twitter:data1\" content=\"2 minutter\" \/>\n<script type=\"application\/ld+json\" class=\"yoast-schema-graph\">{\"@context\":\"https:\/\/schema.org\",\"@graph\":[{\"@type\":\"WebPage\",\"@id\":\"https:\/\/smartinthedark.com\/no\/produkt\/treningslue-med-refleks\/\",\"url\":\"https:\/\/smartinthedark.com\/no\/produkt\/treningslue-med-refleks\/\",\"name\":\"Treningslue med refleks - Smart in the dark Norsk\",\"isPartOf\":{\"@id\":\"https:\/\/smartinthedark.com\/no\/#website\"},\"primaryImageOfPage\":{\"@id\":\"https:\/\/smartinthedark.com\/no\/produkt\/treningslue-med-refleks\/#primaryimage\"},\"image\":{\"@id\":\"https:\/\/smartinthedark.com\/no\/produkt\/treningslue-med-refleks\/#primaryimage\"},\"thumbnailUrl\":\"https:\/\/smartinthedark.com\/no\/wp-content\/uploads\/sites\/13\/2025\/12\/jogging-24-500x500-1.jpg\",\"datePublished\":\"2025-12-09T07:56:40+00:00\",\"dateModified\":\"2026-03-26T11:03:04+00:00\",\"breadcrumb\":{\"@id\":\"https:\/\/smartinthedark.com\/no\/produkt\/treningslue-med-refleks\/#breadcrumb\"},\"inLanguage\":\"nb-NO\",\"potentialAction\":[{\"@type\":\"ReadAction\",\"target\":[\"https:\/\/smartinthedark.com\/no\/produkt\/treningslue-med-refleks\/\"]}]},{\"@type\":\"ImageObject\",\"inLanguage\":\"nb-NO\",\"@id\":\"https:\/\/smartinthedark.com\/no\/produkt\/treningslue-med-refleks\/#primaryimage\",\"url\":\"https:\/\/smartinthedark.com\/no\/wp-content\/uploads\/sites\/13\/2025\/12\/jogging-24-500x500-1.jpg\",\"contentUrl\":\"https:\/\/smartinthedark.com\/no\/wp-content\/uploads\/sites\/13\/2025\/12\/jogging-24-500x500-1.jpg\",\"width\":500,\"height\":500,\"caption\":\"En jente og en gutt som er ute og l\u00f8per i m\u00f8rket. De har p\u00e5 seg treningsluer med refleks fra Smart in the Dark.\"},{\"@type\":\"BreadcrumbList\",\"@id\":\"https:\/\/smartinthedark.com\/no\/produkt\/treningslue-med-refleks\/#breadcrumb\",\"itemListElement\":[{\"@type\":\"ListItem\",\"position\":1,\"name\":\"Hem\",\"item\":\"https:\/\/smartinthedark.com\/no\/\"},{\"@type\":\"ListItem\",\"position\":2,\"name\":\"Nettbutikk\",\"item\":\"https:\/\/smartinthedark.com\/no\/nettbutikk\/\"},{\"@type\":\"ListItem\",\"position\":3,\"name\":\"Treningslue med refleks\"}]},{\"@type\":\"WebSite\",\"@id\":\"https:\/\/smartinthedark.com\/no\/#website\",\"url\":\"https:\/\/smartinthedark.com\/no\/\",\"name\":\"Smart in the dark Norsk\",\"description\":\"\",\"potentialAction\":[{\"@type\":\"SearchAction\",\"target\":{\"@type\":\"EntryPoint\",\"urlTemplate\":\"https:\/\/smartinthedark.com\/no\/?s={search_term_string}\"},\"query-input\":{\"@type\":\"PropertyValueSpecification\",\"valueRequired\":true,\"valueName\":\"search_term_string\"}}],\"inLanguage\":\"nb-NO\"}]}<\/script>\n<!-- \/ Yoast SEO plugin. -->","yoast_head_json":{"title":"Treningslue med refleks - Smart in the dark Norsk","robots":{"index":"index","follow":"follow","max-snippet":"max-snippet:-1","max-image-preview":"max-image-preview:large","max-video-preview":"max-video-preview:-1"},"canonical":"https:\/\/smartinthedark.com\/no\/produkt\/treningslue-med-refleks\/","og_locale":"nb_NO","og_type":"article","og_title":"Treningslue med refleks - Smart in the dark Norsk","og_description":"Treningslue med refleks for smart, trygg og behagelig trening i m\u00f8rket. Stoffet har en struktur som gj\u00f8r at varme lettere transporteres bort og gir en behagelig f\u00f8lelse under trening. Les mer","og_url":"https:\/\/smartinthedark.com\/no\/produkt\/treningslue-med-refleks\/","og_site_name":"Smart in the dark Norsk","article_publisher":"https:\/\/www.facebook.com\/smartinthedark\/","article_modified_time":"2026-03-26T11:03:04+00:00","og_image":[{"width":500,"height":500,"url":"https:\/\/smartinthedark.com\/no\/wp-content\/uploads\/sites\/13\/2025\/12\/jogging-24-500x500-1.jpg","type":"image\/jpeg"}],"twitter_card":"summary_large_image","twitter_misc":{"Ansl. lesetid":"2 minutter"},"schema":{"@context":"https:\/\/schema.org","@graph":[{"@type":"WebPage","@id":"https:\/\/smartinthedark.com\/no\/produkt\/treningslue-med-refleks\/","url":"https:\/\/smartinthedark.com\/no\/produkt\/treningslue-med-refleks\/","name":"Treningslue med refleks - Smart in the dark Norsk","isPartOf":{"@id":"https:\/\/smartinthedark.com\/no\/#website"},"primaryImageOfPage":{"@id":"https:\/\/smartinthedark.com\/no\/produkt\/treningslue-med-refleks\/#primaryimage"},"image":{"@id":"https:\/\/smartinthedark.com\/no\/produkt\/treningslue-med-refleks\/#primaryimage"},"thumbnailUrl":"https:\/\/smartinthedark.com\/no\/wp-content\/uploads\/sites\/13\/2025\/12\/jogging-24-500x500-1.jpg","datePublished":"2025-12-09T07:56:40+00:00","dateModified":"2026-03-26T11:03:04+00:00","breadcrumb":{"@id":"https:\/\/smartinthedark.com\/no\/produkt\/treningslue-med-refleks\/#breadcrumb"},"inLanguage":"nb-NO","potentialAction":[{"@type":"ReadAction","target":["https:\/\/smartinthedark.com\/no\/produkt\/treningslue-med-refleks\/"]}]},{"@type":"ImageObject","inLanguage":"nb-NO","@id":"https:\/\/smartinthedark.com\/no\/produkt\/treningslue-med-refleks\/#primaryimage","url":"https:\/\/smartinthedark.com\/no\/wp-content\/uploads\/sites\/13\/2025\/12\/jogging-24-500x500-1.jpg","contentUrl":"https:\/\/smartinthedark.com\/no\/wp-content\/uploads\/sites\/13\/2025\/12\/jogging-24-500x500-1.jpg","width":500,"height":500,"caption":"En jente og en gutt som er ute og l\u00f8per i m\u00f8rket. De har p\u00e5 seg treningsluer med refleks fra Smart in the Dark."},{"@type":"BreadcrumbList","@id":"https:\/\/smartinthedark.com\/no\/produkt\/treningslue-med-refleks\/#breadcrumb","itemListElement":[{"@type":"ListItem","position":1,"name":"Hem","item":"https:\/\/smartinthedark.com\/no\/"},{"@type":"ListItem","position":2,"name":"Nettbutikk","item":"https:\/\/smartinthedark.com\/no\/nettbutikk\/"},{"@type":"ListItem","position":3,"name":"Treningslue med refleks"}]},{"@type":"WebSite","@id":"https:\/\/smartinthedark.com\/no\/#website","url":"https:\/\/smartinthedark.com\/no\/","name":"Smart in the dark Norsk","description":"","potentialAction":[{"@type":"SearchAction","target":{"@type":"EntryPoint","urlTemplate":"https:\/\/smartinthedark.com\/no\/?s={search_term_string}"},"query-input":{"@type":"PropertyValueSpecification","valueRequired":true,"valueName":"search_term_string"}}],"inLanguage":"nb-NO"}]}},"_links":{"self":[{"href":"https:\/\/smartinthedark.com\/no\/wp-json\/wp\/v2\/product\/68155","targetHints":{"allow":["GET"]}}],"collection":[{"href":"https:\/\/smartinthedark.com\/no\/wp-json\/wp\/v2\/product"}],"about":[{"href":"https:\/\/smartinthedark.com\/no\/wp-json\/wp\/v2\/types\/product"}],"replies":[{"embeddable":true,"href":"https:\/\/smartinthedark.com\/no\/wp-json\/wp\/v2\/comments?post=68155"}],"wp:featuredmedia":[{"embeddable":true,"href":"https:\/\/smartinthedark.com\/no\/wp-json\/wp\/v2\/media\/68156"}],"wp:attachment":[{"href":"https:\/\/smartinthedark.com\/no\/wp-json\/wp\/v2\/media?parent=68155"}],"wp:term":[{"taxonomy":"product_brand","embeddable":true,"href":"https:\/\/smartinthedark.com\/no\/wp-json\/wp\/v2\/product_brand?post=68155"},{"taxonomy":"product_cat","embeddable":true,"href":"https:\/\/smartinthedark.com\/no\/wp-json\/wp\/v2\/product_cat?post=68155"},{"taxonomy":"product_tag","embeddable":true,"href":"https:\/\/smartinthedark.com\/no\/wp-json\/wp\/v2\/product_tag?post=68155"}],"curies":[{"name":"wp","href":"https:\/\/api.w.org\/{rel}","templated":true}]}}