{"id":68085,"date":"2025-12-03T14:07:19","date_gmt":"2025-12-03T13:07:19","guid":{"rendered":"https:\/\/smartinthedark.com\/no\/?post_type=product&#038;p=68085"},"modified":"2026-02-26T13:27:08","modified_gmt":"2026-02-26T12:27:08","slug":"elna-vaskerefleks-bag-charm","status":"publish","type":"product","link":"https:\/\/smartinthedark.com\/no\/produkt\/elna-vaskerefleks-bag-charm\/","title":{"rendered":"ELNA  Veskerefleks &#8211; Bag charm"},"content":{"rendered":"<p data-start=\"64\" data-end=\"389\"><strong data-start=\"64\" data-end=\"123\">ELNA \u2013 en elegant bag charm og en kraftig refleks i ett.<\/strong><br data-start=\"123\" data-end=\"126\" \/>V\u00e5r popul\u00e6re veske-refleks er b\u00e5de smart og stilfull, perfekt \u00e5 feste p\u00e5 h\u00e5ndvesken, ryggsekken eller barnas vesker. ELNA er designet for \u00e5 gi maksimal synlighet i m\u00f8rket \u2013 den reflekterer lys p\u00e5 lang avstand slik at du alltid er godt synlig n\u00e5r du er ute og g\u00e5r.<\/p>\n<p data-start=\"391\" data-end=\"705\">Med sin smidige l\u00f8kke og den stilrene s\u00f8lvringen blir ELNA et vakkert tilbeh\u00f8r som l\u00f8fter enhver veske. Velg din favoritt blant v\u00e5re fire m\u00f8nstre \u2013 <strong>Flette, Skogslysning, Rev og Ekorn<\/strong> \u2013 alle designet av Frida Hammar. ELNA finnes dessuten i flere fargevarianter, slik at du kan finne den som passer best til din stil.<\/p>\n<p data-start=\"707\" data-end=\"787\">V\u00e5re veskesmykker med refleks finnes i form av <a href=\"https:\/\/smartinthedark.com\/no\/produkt\/refleksknute-til-vesken\/\"><span style=\"color: #0000ff;\">knute<\/span><\/a>, <a href=\"https:\/\/smartinthedark.com\/no\/produkt\/refleksrosett-for-posen\/\"><span style=\"color: #0000ff;\">sl\u00f8yfe<\/span><\/a>, <a href=\"https:\/\/smartinthedark.com\/no\/produkt\/refleks-hjerte-bag-charm\/\"><span style=\"color: #0000ff;\">hjerte<\/span><\/a> eller ELNA.<\/p>\n<p data-start=\"789\" data-end=\"840\"><strong>En smart og stilig refleks for b\u00e5de voksne og barn.<\/strong><\/p>\n<p data-start=\"842\" data-end=\"995\"><strong data-start=\"842\" data-end=\"862\">Spesifikasjoner:<\/strong><br data-start=\"862\" data-end=\"865\" \/>\u2022 Bredde: 3 cm<br data-start=\"879\" data-end=\"882\" \/>\u2022 H\u00f8yde: 16 cm<br data-start=\"896\" data-end=\"899\" \/>\u2022 Laget av slitesterkt, vannavvisende og \u00f8kologisk bomullsstoff fra Italia<br data-start=\"973\" data-end=\"976\" \/>\u2022 PFC-fritt stoff<\/p>\n<p data-start=\"997\" data-end=\"1267\">Refleksmaterialet kommer fra <strong>3M Scotchlite<\/strong>, et av verdens absolutt beste refleksmaterialer. Det gir en ekstremt h\u00f8y refleksjonsgrad, t\u00e5ler vask og er godkjent for profesjonelle varselkl\u00e6r \u2013 noe som betyr at refleksmaterialet oppfyller de aller h\u00f8yeste sikkerhetskravene.<\/p>\n","protected":false},"excerpt":{"rendered":"<p>ELNA \u2013 Bag charm du kan henge p\u00e5 vesken, som blir et vakkert veskesmykke om dagen og en lysende sikkerhetsrefleks i trafikken n\u00e5r m\u00f8rket faller. ELNA har en l\u00f8kke p\u00e5 toppen hvor n\u00f8kkelringen festes. <b><u><a href=\"https:\/\/smartinthedark.com\/no\/produkt\/elna-vaskerefleks-bag-charm\/#beskrivning\">Les mer<\/a><\/u><\/b><\/p>\n","protected":false},"featured_media":68087,"comment_status":"closed","ping_status":"closed","template":"","meta":{"_trash_the_other_posts":false,"editor_notices":[]},"product_brand":[],"product_cat":[62],"product_tag":[],"class_list":{"0":"post-68085","1":"product","2":"type-product","3":"status-publish","4":"has-post-thumbnail","6":"product_cat-reflex-tilbehor","8":"first","9":"instock","10":"taxable","11":"shipping-taxable","12":"purchasable","13":"product-type-variable"},"yoast_head":"<!-- This site is optimized with the Yoast SEO plugin v25.9 - https:\/\/yoast.com\/wordpress\/plugins\/seo\/ -->\n<title>ELNA Veskerefleks - Bag charm - Smart in the dark Norsk<\/title>\n<meta name=\"robots\" content=\"index, follow, max-snippet:-1, max-image-preview:large, max-video-preview:-1\" \/>\n<link rel=\"canonical\" href=\"https:\/\/smartinthedark.com\/no\/produkt\/elna-vaskerefleks-bag-charm\/\" \/>\n<meta property=\"og:locale\" content=\"nb_NO\" \/>\n<meta property=\"og:type\" content=\"article\" \/>\n<meta property=\"og:title\" content=\"ELNA Veskerefleks - Bag charm - Smart in the dark Norsk\" \/>\n<meta property=\"og:description\" content=\"ELNA \u2013 Bag charm du kan henge p\u00e5 vesken, som blir et vakkert veskesmykke om dagen og en lysende sikkerhetsrefleks i trafikken n\u00e5r m\u00f8rket faller. ELNA har en l\u00f8kke p\u00e5 toppen hvor n\u00f8kkelringen festes. Les mer\" \/>\n<meta property=\"og:url\" content=\"https:\/\/smartinthedark.com\/no\/produkt\/elna-vaskerefleks-bag-charm\/\" \/>\n<meta property=\"og:site_name\" content=\"Smart in the dark Norsk\" \/>\n<meta property=\"article:publisher\" content=\"https:\/\/www.facebook.com\/smartinthedark\/\" \/>\n<meta property=\"article:modified_time\" content=\"2026-02-26T12:27:08+00:00\" \/>\n<meta property=\"og:image\" content=\"https:\/\/smartinthedark.com\/no\/wp-content\/uploads\/sites\/13\/2025\/11\/ELNA-En-stilig-veskerefleks-bag-charm-i-svart-med-rev-motiv.png\" \/>\n\t<meta property=\"og:image:width\" content=\"1200\" \/>\n\t<meta property=\"og:image:height\" content=\"1200\" \/>\n\t<meta property=\"og:image:type\" content=\"image\/png\" \/>\n<meta name=\"twitter:card\" content=\"summary_large_image\" \/>\n<meta name=\"twitter:label1\" content=\"Ansl. lesetid\" \/>\n\t<meta name=\"twitter:data1\" content=\"2 minutter\" \/>\n<script type=\"application\/ld+json\" class=\"yoast-schema-graph\">{\"@context\":\"https:\/\/schema.org\",\"@graph\":[{\"@type\":\"WebPage\",\"@id\":\"https:\/\/smartinthedark.com\/no\/produkt\/elna-vaskerefleks-bag-charm\/\",\"url\":\"https:\/\/smartinthedark.com\/no\/produkt\/elna-vaskerefleks-bag-charm\/\",\"name\":\"ELNA Veskerefleks - Bag charm - Smart in the dark Norsk\",\"isPartOf\":{\"@id\":\"https:\/\/smartinthedark.com\/no\/#website\"},\"primaryImageOfPage\":{\"@id\":\"https:\/\/smartinthedark.com\/no\/produkt\/elna-vaskerefleks-bag-charm\/#primaryimage\"},\"image\":{\"@id\":\"https:\/\/smartinthedark.com\/no\/produkt\/elna-vaskerefleks-bag-charm\/#primaryimage\"},\"thumbnailUrl\":\"https:\/\/smartinthedark.com\/no\/wp-content\/uploads\/sites\/13\/2025\/11\/ELNA-En-stilig-veskerefleks-bag-charm-i-svart-med-rev-motiv.png\",\"datePublished\":\"2025-12-03T13:07:19+00:00\",\"dateModified\":\"2026-02-26T12:27:08+00:00\",\"breadcrumb\":{\"@id\":\"https:\/\/smartinthedark.com\/no\/produkt\/elna-vaskerefleks-bag-charm\/#breadcrumb\"},\"inLanguage\":\"nb-NO\",\"potentialAction\":[{\"@type\":\"ReadAction\",\"target\":[\"https:\/\/smartinthedark.com\/no\/produkt\/elna-vaskerefleks-bag-charm\/\"]}]},{\"@type\":\"ImageObject\",\"inLanguage\":\"nb-NO\",\"@id\":\"https:\/\/smartinthedark.com\/no\/produkt\/elna-vaskerefleks-bag-charm\/#primaryimage\",\"url\":\"https:\/\/smartinthedark.com\/no\/wp-content\/uploads\/sites\/13\/2025\/11\/ELNA-En-stilig-veskerefleks-bag-charm-i-svart-med-rev-motiv.png\",\"contentUrl\":\"https:\/\/smartinthedark.com\/no\/wp-content\/uploads\/sites\/13\/2025\/11\/ELNA-En-stilig-veskerefleks-bag-charm-i-svart-med-rev-motiv.png\",\"width\":1200,\"height\":1200,\"caption\":\"ELNA, en stilig veskerefleks, bag charm i svart med rev motiv, Smart in the dark\"},{\"@type\":\"BreadcrumbList\",\"@id\":\"https:\/\/smartinthedark.com\/no\/produkt\/elna-vaskerefleks-bag-charm\/#breadcrumb\",\"itemListElement\":[{\"@type\":\"ListItem\",\"position\":1,\"name\":\"Hem\",\"item\":\"https:\/\/smartinthedark.com\/no\/\"},{\"@type\":\"ListItem\",\"position\":2,\"name\":\"Nettbutikk\",\"item\":\"https:\/\/smartinthedark.com\/no\/nettbutikk\/\"},{\"@type\":\"ListItem\",\"position\":3,\"name\":\"ELNA Veskerefleks &#8211; Bag charm\"}]},{\"@type\":\"WebSite\",\"@id\":\"https:\/\/smartinthedark.com\/no\/#website\",\"url\":\"https:\/\/smartinthedark.com\/no\/\",\"name\":\"Smart in the dark Norsk\",\"description\":\"\",\"potentialAction\":[{\"@type\":\"SearchAction\",\"target\":{\"@type\":\"EntryPoint\",\"urlTemplate\":\"https:\/\/smartinthedark.com\/no\/?s={search_term_string}\"},\"query-input\":{\"@type\":\"PropertyValueSpecification\",\"valueRequired\":true,\"valueName\":\"search_term_string\"}}],\"inLanguage\":\"nb-NO\"}]}<\/script>\n<!-- \/ Yoast SEO plugin. -->","yoast_head_json":{"title":"ELNA Veskerefleks - Bag charm - Smart in the dark Norsk","robots":{"index":"index","follow":"follow","max-snippet":"max-snippet:-1","max-image-preview":"max-image-preview:large","max-video-preview":"max-video-preview:-1"},"canonical":"https:\/\/smartinthedark.com\/no\/produkt\/elna-vaskerefleks-bag-charm\/","og_locale":"nb_NO","og_type":"article","og_title":"ELNA Veskerefleks - Bag charm - Smart in the dark Norsk","og_description":"ELNA \u2013 Bag charm du kan henge p\u00e5 vesken, som blir et vakkert veskesmykke om dagen og en lysende sikkerhetsrefleks i trafikken n\u00e5r m\u00f8rket faller. ELNA har en l\u00f8kke p\u00e5 toppen hvor n\u00f8kkelringen festes. Les mer","og_url":"https:\/\/smartinthedark.com\/no\/produkt\/elna-vaskerefleks-bag-charm\/","og_site_name":"Smart in the dark Norsk","article_publisher":"https:\/\/www.facebook.com\/smartinthedark\/","article_modified_time":"2026-02-26T12:27:08+00:00","og_image":[{"width":1200,"height":1200,"url":"https:\/\/smartinthedark.com\/no\/wp-content\/uploads\/sites\/13\/2025\/11\/ELNA-En-stilig-veskerefleks-bag-charm-i-svart-med-rev-motiv.png","type":"image\/png"}],"twitter_card":"summary_large_image","twitter_misc":{"Ansl. lesetid":"2 minutter"},"schema":{"@context":"https:\/\/schema.org","@graph":[{"@type":"WebPage","@id":"https:\/\/smartinthedark.com\/no\/produkt\/elna-vaskerefleks-bag-charm\/","url":"https:\/\/smartinthedark.com\/no\/produkt\/elna-vaskerefleks-bag-charm\/","name":"ELNA Veskerefleks - Bag charm - Smart in the dark Norsk","isPartOf":{"@id":"https:\/\/smartinthedark.com\/no\/#website"},"primaryImageOfPage":{"@id":"https:\/\/smartinthedark.com\/no\/produkt\/elna-vaskerefleks-bag-charm\/#primaryimage"},"image":{"@id":"https:\/\/smartinthedark.com\/no\/produkt\/elna-vaskerefleks-bag-charm\/#primaryimage"},"thumbnailUrl":"https:\/\/smartinthedark.com\/no\/wp-content\/uploads\/sites\/13\/2025\/11\/ELNA-En-stilig-veskerefleks-bag-charm-i-svart-med-rev-motiv.png","datePublished":"2025-12-03T13:07:19+00:00","dateModified":"2026-02-26T12:27:08+00:00","breadcrumb":{"@id":"https:\/\/smartinthedark.com\/no\/produkt\/elna-vaskerefleks-bag-charm\/#breadcrumb"},"inLanguage":"nb-NO","potentialAction":[{"@type":"ReadAction","target":["https:\/\/smartinthedark.com\/no\/produkt\/elna-vaskerefleks-bag-charm\/"]}]},{"@type":"ImageObject","inLanguage":"nb-NO","@id":"https:\/\/smartinthedark.com\/no\/produkt\/elna-vaskerefleks-bag-charm\/#primaryimage","url":"https:\/\/smartinthedark.com\/no\/wp-content\/uploads\/sites\/13\/2025\/11\/ELNA-En-stilig-veskerefleks-bag-charm-i-svart-med-rev-motiv.png","contentUrl":"https:\/\/smartinthedark.com\/no\/wp-content\/uploads\/sites\/13\/2025\/11\/ELNA-En-stilig-veskerefleks-bag-charm-i-svart-med-rev-motiv.png","width":1200,"height":1200,"caption":"ELNA, en stilig veskerefleks, bag charm i svart med rev motiv, Smart in the dark"},{"@type":"BreadcrumbList","@id":"https:\/\/smartinthedark.com\/no\/produkt\/elna-vaskerefleks-bag-charm\/#breadcrumb","itemListElement":[{"@type":"ListItem","position":1,"name":"Hem","item":"https:\/\/smartinthedark.com\/no\/"},{"@type":"ListItem","position":2,"name":"Nettbutikk","item":"https:\/\/smartinthedark.com\/no\/nettbutikk\/"},{"@type":"ListItem","position":3,"name":"ELNA Veskerefleks &#8211; Bag charm"}]},{"@type":"WebSite","@id":"https:\/\/smartinthedark.com\/no\/#website","url":"https:\/\/smartinthedark.com\/no\/","name":"Smart in the dark Norsk","description":"","potentialAction":[{"@type":"SearchAction","target":{"@type":"EntryPoint","urlTemplate":"https:\/\/smartinthedark.com\/no\/?s={search_term_string}"},"query-input":{"@type":"PropertyValueSpecification","valueRequired":true,"valueName":"search_term_string"}}],"inLanguage":"nb-NO"}]}},"_links":{"self":[{"href":"https:\/\/smartinthedark.com\/no\/wp-json\/wp\/v2\/product\/68085","targetHints":{"allow":["GET"]}}],"collection":[{"href":"https:\/\/smartinthedark.com\/no\/wp-json\/wp\/v2\/product"}],"about":[{"href":"https:\/\/smartinthedark.com\/no\/wp-json\/wp\/v2\/types\/product"}],"replies":[{"embeddable":true,"href":"https:\/\/smartinthedark.com\/no\/wp-json\/wp\/v2\/comments?post=68085"}],"wp:featuredmedia":[{"embeddable":true,"href":"https:\/\/smartinthedark.com\/no\/wp-json\/wp\/v2\/media\/68087"}],"wp:attachment":[{"href":"https:\/\/smartinthedark.com\/no\/wp-json\/wp\/v2\/media?parent=68085"}],"wp:term":[{"taxonomy":"product_brand","embeddable":true,"href":"https:\/\/smartinthedark.com\/no\/wp-json\/wp\/v2\/product_brand?post=68085"},{"taxonomy":"product_cat","embeddable":true,"href":"https:\/\/smartinthedark.com\/no\/wp-json\/wp\/v2\/product_cat?post=68085"},{"taxonomy":"product_tag","embeddable":true,"href":"https:\/\/smartinthedark.com\/no\/wp-json\/wp\/v2\/product_tag?post=68085"}],"curies":[{"name":"wp","href":"https:\/\/api.w.org\/{rel}","templated":true}]}}