{"id":68020,"date":"2025-11-11T10:59:01","date_gmt":"2025-11-11T09:59:01","guid":{"rendered":"https:\/\/smartinthedark.com\/no\/?post_type=product&#038;p=68020"},"modified":"2026-02-26T13:27:56","modified_gmt":"2026-02-26T12:27:56","slug":"refleks-hjerte-bag-charm","status":"publish","type":"product","link":"https:\/\/smartinthedark.com\/no\/produkt\/refleks-hjerte-bag-charm\/","title":{"rendered":"Reflekshjerte til vesken \u2013 Bag charm"},"content":{"rendered":"<p>Reflekterende bag charm i form av et refleks-hjerte, som kan henges p\u00e5 vesken. Den blir et vakkert veskeanheng p\u00e5 dagen og et lysende sikkerhetsprodukt i trafikken n\u00e5r m\u00f8rket faller. Hjertet har en \u00f8ye p\u00e5 siden hvor n\u00f8kkelringen festes. Plasseringen av \u00f8yet p\u00e5 siden av refleksen gir en unik m\u00e5te for hjertet \u00e5 henge p\u00e5 vesken. V\u00e5re bag charms med refleks-hjerte finnes i tre m\u00f8nstre: Nattravn, Nattsommerfugl og Firkl\u00f8ver. \u00a0Alle designet av Frida Hammar. Dette hjerte kommer i flere forskjellige farger<\/p>\n<p data-start=\"72\" data-end=\"202\">V\u00e5re veskeanheng med refleks finnes i form av<a href=\"https:\/\/smartinthedark.com\/no\/produkt\/refleksknute-til-vesken\/\"><span style=\"color: #333399;\"> knute<\/span><\/a>, <a href=\"https:\/\/smartinthedark.com\/no\/produkt\/refleksrosett-for-posen\/\"><span style=\"color: #333399;\">sl\u00f8yfe<\/span><\/a> eller <a href=\"https:\/\/smartinthedark.com\/no\/produkt\/refleks-hjerte-bag-charm\/\"><span style=\"color: #333399;\">hjerte<\/span><\/a>. Smarte refleksaccessoirer for b\u00e5de voksne og barn.<\/p>\n<p data-start=\"204\" data-end=\"273\">Bredde: 11 cm<br data-start=\"221\" data-end=\"224\" \/>H\u00f8yde: 9 cm<br data-start=\"239\" data-end=\"242\" \/>Fint ullstoff fra England<\/p>\n<p>Refleksmaterialet kommer fra 3M Scotchlite, et av verdens beste refleksmaterialer. Det har h\u00f8y refleksjonsevne og t\u00e5ler vask. Materialet er godkjent for varselkl\u00e6r og oppfyller de h\u00f8yeste kravene til refleks.<\/p>\n","protected":false},"excerpt":{"rendered":"<p>Bag charm i form av et refleks-hjerte som kan henges p\u00e5 vesken. Det blir et vakkert veskeanheng p\u00e5 dagen og et lysende sikkerhetsprodukt i trafikken n\u00e5r m\u00f8rket faller. Hjertet har en \u00f8ye p\u00e5 siden der n\u00f8kkelringen festes.<\/p>\n","protected":false},"featured_media":68045,"comment_status":"closed","ping_status":"closed","template":"","meta":{"_trash_the_other_posts":false,"editor_notices":[]},"product_brand":[],"product_cat":[62],"product_tag":[],"class_list":{"0":"post-68020","1":"product","2":"type-product","3":"status-publish","4":"has-post-thumbnail","6":"product_cat-reflex-tilbehor","8":"first","9":"instock","10":"taxable","11":"shipping-taxable","12":"purchasable","13":"product-type-variable"},"yoast_head":"<!-- This site is optimized with the Yoast SEO plugin v25.9 - https:\/\/yoast.com\/wordpress\/plugins\/seo\/ -->\n<title>Reflekshjerte til vesken \u2013 Bag charm - Smart in the dark Norsk<\/title>\n<meta name=\"robots\" content=\"index, follow, max-snippet:-1, max-image-preview:large, max-video-preview:-1\" \/>\n<link rel=\"canonical\" href=\"https:\/\/smartinthedark.com\/no\/produkt\/refleks-hjerte-bag-charm\/\" \/>\n<meta property=\"og:locale\" content=\"nb_NO\" \/>\n<meta property=\"og:type\" content=\"article\" \/>\n<meta property=\"og:title\" content=\"Reflekshjerte til vesken \u2013 Bag charm - Smart in the dark Norsk\" \/>\n<meta property=\"og:description\" content=\"Bag charm i form av et refleks-hjerte som kan henges p\u00e5 vesken. Det blir et vakkert veskeanheng p\u00e5 dagen og et lysende sikkerhetsprodukt i trafikken n\u00e5r m\u00f8rket faller. Hjertet har en \u00f8ye p\u00e5 siden der n\u00f8kkelringen festes.\" \/>\n<meta property=\"og:url\" content=\"https:\/\/smartinthedark.com\/no\/produkt\/refleks-hjerte-bag-charm\/\" \/>\n<meta property=\"og:site_name\" content=\"Smart in the dark Norsk\" \/>\n<meta property=\"article:publisher\" content=\"https:\/\/www.facebook.com\/smartinthedark\/\" \/>\n<meta property=\"article:modified_time\" content=\"2026-02-26T12:27:56+00:00\" \/>\n<meta property=\"og:image\" content=\"https:\/\/smartinthedark.com\/no\/wp-content\/uploads\/sites\/13\/2025\/11\/vaskatest-1.png\" \/>\n\t<meta property=\"og:image:width\" content=\"600\" \/>\n\t<meta property=\"og:image:height\" content=\"600\" \/>\n\t<meta property=\"og:image:type\" content=\"image\/png\" \/>\n<meta name=\"twitter:card\" content=\"summary_large_image\" \/>\n<meta name=\"twitter:label1\" content=\"Ansl. lesetid\" \/>\n\t<meta name=\"twitter:data1\" content=\"1 minutt\" \/>\n<script type=\"application\/ld+json\" class=\"yoast-schema-graph\">{\"@context\":\"https:\/\/schema.org\",\"@graph\":[{\"@type\":\"WebPage\",\"@id\":\"https:\/\/smartinthedark.com\/no\/produkt\/refleks-hjerte-bag-charm\/\",\"url\":\"https:\/\/smartinthedark.com\/no\/produkt\/refleks-hjerte-bag-charm\/\",\"name\":\"Reflekshjerte til vesken \u2013 Bag charm - Smart in the dark Norsk\",\"isPartOf\":{\"@id\":\"https:\/\/smartinthedark.com\/no\/#website\"},\"primaryImageOfPage\":{\"@id\":\"https:\/\/smartinthedark.com\/no\/produkt\/refleks-hjerte-bag-charm\/#primaryimage\"},\"image\":{\"@id\":\"https:\/\/smartinthedark.com\/no\/produkt\/refleks-hjerte-bag-charm\/#primaryimage\"},\"thumbnailUrl\":\"https:\/\/smartinthedark.com\/no\/wp-content\/uploads\/sites\/13\/2025\/11\/vaskatest-1.png\",\"datePublished\":\"2025-11-11T09:59:01+00:00\",\"dateModified\":\"2026-02-26T12:27:56+00:00\",\"breadcrumb\":{\"@id\":\"https:\/\/smartinthedark.com\/no\/produkt\/refleks-hjerte-bag-charm\/#breadcrumb\"},\"inLanguage\":\"nb-NO\",\"potentialAction\":[{\"@type\":\"ReadAction\",\"target\":[\"https:\/\/smartinthedark.com\/no\/produkt\/refleks-hjerte-bag-charm\/\"]}]},{\"@type\":\"ImageObject\",\"inLanguage\":\"nb-NO\",\"@id\":\"https:\/\/smartinthedark.com\/no\/produkt\/refleks-hjerte-bag-charm\/#primaryimage\",\"url\":\"https:\/\/smartinthedark.com\/no\/wp-content\/uploads\/sites\/13\/2025\/11\/vaskatest-1.png\",\"contentUrl\":\"https:\/\/smartinthedark.com\/no\/wp-content\/uploads\/sites\/13\/2025\/11\/vaskatest-1.png\",\"width\":600,\"height\":600,\"caption\":\"reflekshjerte p\u00e5 en svart veske, Smart in the dark\"},{\"@type\":\"BreadcrumbList\",\"@id\":\"https:\/\/smartinthedark.com\/no\/produkt\/refleks-hjerte-bag-charm\/#breadcrumb\",\"itemListElement\":[{\"@type\":\"ListItem\",\"position\":1,\"name\":\"Hem\",\"item\":\"https:\/\/smartinthedark.com\/no\/\"},{\"@type\":\"ListItem\",\"position\":2,\"name\":\"Nettbutikk\",\"item\":\"https:\/\/smartinthedark.com\/no\/nettbutikk\/\"},{\"@type\":\"ListItem\",\"position\":3,\"name\":\"Reflekshjerte til vesken \u2013 Bag charm\"}]},{\"@type\":\"WebSite\",\"@id\":\"https:\/\/smartinthedark.com\/no\/#website\",\"url\":\"https:\/\/smartinthedark.com\/no\/\",\"name\":\"Smart in the dark Norsk\",\"description\":\"\",\"potentialAction\":[{\"@type\":\"SearchAction\",\"target\":{\"@type\":\"EntryPoint\",\"urlTemplate\":\"https:\/\/smartinthedark.com\/no\/?s={search_term_string}\"},\"query-input\":{\"@type\":\"PropertyValueSpecification\",\"valueRequired\":true,\"valueName\":\"search_term_string\"}}],\"inLanguage\":\"nb-NO\"}]}<\/script>\n<!-- \/ Yoast SEO plugin. -->","yoast_head_json":{"title":"Reflekshjerte til vesken \u2013 Bag charm - Smart in the dark Norsk","robots":{"index":"index","follow":"follow","max-snippet":"max-snippet:-1","max-image-preview":"max-image-preview:large","max-video-preview":"max-video-preview:-1"},"canonical":"https:\/\/smartinthedark.com\/no\/produkt\/refleks-hjerte-bag-charm\/","og_locale":"nb_NO","og_type":"article","og_title":"Reflekshjerte til vesken \u2013 Bag charm - Smart in the dark Norsk","og_description":"Bag charm i form av et refleks-hjerte som kan henges p\u00e5 vesken. Det blir et vakkert veskeanheng p\u00e5 dagen og et lysende sikkerhetsprodukt i trafikken n\u00e5r m\u00f8rket faller. Hjertet har en \u00f8ye p\u00e5 siden der n\u00f8kkelringen festes.","og_url":"https:\/\/smartinthedark.com\/no\/produkt\/refleks-hjerte-bag-charm\/","og_site_name":"Smart in the dark Norsk","article_publisher":"https:\/\/www.facebook.com\/smartinthedark\/","article_modified_time":"2026-02-26T12:27:56+00:00","og_image":[{"width":600,"height":600,"url":"https:\/\/smartinthedark.com\/no\/wp-content\/uploads\/sites\/13\/2025\/11\/vaskatest-1.png","type":"image\/png"}],"twitter_card":"summary_large_image","twitter_misc":{"Ansl. lesetid":"1 minutt"},"schema":{"@context":"https:\/\/schema.org","@graph":[{"@type":"WebPage","@id":"https:\/\/smartinthedark.com\/no\/produkt\/refleks-hjerte-bag-charm\/","url":"https:\/\/smartinthedark.com\/no\/produkt\/refleks-hjerte-bag-charm\/","name":"Reflekshjerte til vesken \u2013 Bag charm - Smart in the dark Norsk","isPartOf":{"@id":"https:\/\/smartinthedark.com\/no\/#website"},"primaryImageOfPage":{"@id":"https:\/\/smartinthedark.com\/no\/produkt\/refleks-hjerte-bag-charm\/#primaryimage"},"image":{"@id":"https:\/\/smartinthedark.com\/no\/produkt\/refleks-hjerte-bag-charm\/#primaryimage"},"thumbnailUrl":"https:\/\/smartinthedark.com\/no\/wp-content\/uploads\/sites\/13\/2025\/11\/vaskatest-1.png","datePublished":"2025-11-11T09:59:01+00:00","dateModified":"2026-02-26T12:27:56+00:00","breadcrumb":{"@id":"https:\/\/smartinthedark.com\/no\/produkt\/refleks-hjerte-bag-charm\/#breadcrumb"},"inLanguage":"nb-NO","potentialAction":[{"@type":"ReadAction","target":["https:\/\/smartinthedark.com\/no\/produkt\/refleks-hjerte-bag-charm\/"]}]},{"@type":"ImageObject","inLanguage":"nb-NO","@id":"https:\/\/smartinthedark.com\/no\/produkt\/refleks-hjerte-bag-charm\/#primaryimage","url":"https:\/\/smartinthedark.com\/no\/wp-content\/uploads\/sites\/13\/2025\/11\/vaskatest-1.png","contentUrl":"https:\/\/smartinthedark.com\/no\/wp-content\/uploads\/sites\/13\/2025\/11\/vaskatest-1.png","width":600,"height":600,"caption":"reflekshjerte p\u00e5 en svart veske, Smart in the dark"},{"@type":"BreadcrumbList","@id":"https:\/\/smartinthedark.com\/no\/produkt\/refleks-hjerte-bag-charm\/#breadcrumb","itemListElement":[{"@type":"ListItem","position":1,"name":"Hem","item":"https:\/\/smartinthedark.com\/no\/"},{"@type":"ListItem","position":2,"name":"Nettbutikk","item":"https:\/\/smartinthedark.com\/no\/nettbutikk\/"},{"@type":"ListItem","position":3,"name":"Reflekshjerte til vesken \u2013 Bag charm"}]},{"@type":"WebSite","@id":"https:\/\/smartinthedark.com\/no\/#website","url":"https:\/\/smartinthedark.com\/no\/","name":"Smart in the dark Norsk","description":"","potentialAction":[{"@type":"SearchAction","target":{"@type":"EntryPoint","urlTemplate":"https:\/\/smartinthedark.com\/no\/?s={search_term_string}"},"query-input":{"@type":"PropertyValueSpecification","valueRequired":true,"valueName":"search_term_string"}}],"inLanguage":"nb-NO"}]}},"_links":{"self":[{"href":"https:\/\/smartinthedark.com\/no\/wp-json\/wp\/v2\/product\/68020","targetHints":{"allow":["GET"]}}],"collection":[{"href":"https:\/\/smartinthedark.com\/no\/wp-json\/wp\/v2\/product"}],"about":[{"href":"https:\/\/smartinthedark.com\/no\/wp-json\/wp\/v2\/types\/product"}],"replies":[{"embeddable":true,"href":"https:\/\/smartinthedark.com\/no\/wp-json\/wp\/v2\/comments?post=68020"}],"wp:featuredmedia":[{"embeddable":true,"href":"https:\/\/smartinthedark.com\/no\/wp-json\/wp\/v2\/media\/68045"}],"wp:attachment":[{"href":"https:\/\/smartinthedark.com\/no\/wp-json\/wp\/v2\/media?parent=68020"}],"wp:term":[{"taxonomy":"product_brand","embeddable":true,"href":"https:\/\/smartinthedark.com\/no\/wp-json\/wp\/v2\/product_brand?post=68020"},{"taxonomy":"product_cat","embeddable":true,"href":"https:\/\/smartinthedark.com\/no\/wp-json\/wp\/v2\/product_cat?post=68020"},{"taxonomy":"product_tag","embeddable":true,"href":"https:\/\/smartinthedark.com\/no\/wp-json\/wp\/v2\/product_tag?post=68020"}],"curies":[{"name":"wp","href":"https:\/\/api.w.org\/{rel}","templated":true}]}}