{"id":67905,"date":"2025-10-28T16:23:20","date_gmt":"2025-10-28T15:23:20","guid":{"rendered":"https:\/\/smartinthedark.com\/no\/?post_type=product&#038;p=67905"},"modified":"2026-02-26T13:29:09","modified_gmt":"2026-02-26T12:29:09","slug":"refleksknute-til-vesken","status":"publish","type":"product","link":"https:\/\/smartinthedark.com\/no\/produkt\/refleksknute-til-vesken\/","title":{"rendered":"Refleksknute til vesken &#8211; Bag charm"},"content":{"rendered":"<p><strong>Bag charm<\/strong> i form av en fin reflekterende knute f\u00e5r hvilken som helst veske til \u00e5 skille seg ut. Et vakkert smykke p\u00e5 dagen og en smart refleks n\u00e5r m\u00f8rket faller. <strong>Refleksknuten<\/strong> er laget i myk ull med refleksm\u00f8nster p\u00e5 begge sider. Finnes i tre m\u00f8nstre: Firkl\u00f8ver, Nattsommerfugl og Nattravn, alle designet av illustrat\u00f8ren Frida Hammar.<\/p>\n<p>Takket v\u00e6re den smarte s\u00f8lvringen er refleksen enkel \u00e5 feste der du synes den passer best \u2013 for \u00e5 gi vesken din et ekstra l\u00f8ft. V\u00e5re <strong>bag charms refleksknute<\/strong> kommer i fem farger: svart, marinebl\u00e5, jadegr\u00f8nn, mellomgr\u00e5 og syrin.<\/p>\n<p>V\u00e5re veskesmykker med refleks finnes i form av <strong>knute, sl\u00f8yfe eller hjerte<\/strong> \u2013 smarte og reflekterende veskeanheng!<\/p>\n<p><strong>Produktst\u00f8rrelse:<\/strong><br \/>\nH\u00f8yde: 14 cm<br \/>\nBredde: 7 cm \u00f8verst og 10 cm nederst<br \/>\nRefleksbredde: 3 cm<br \/>\nUllstoff: 4 cm<\/p>\n<p>Refleksmaterialet er fra <strong>3M Scotchlite<\/strong>, som er blant verdens beste refleksmaterialer. Det har h\u00f8y refleksjonsgrad og t\u00e5ler vask.<\/p>\n","protected":false},"excerpt":{"rendered":"<p><strong>Bag charm<\/strong> i form av en fin reflekterende knute f\u00e5r hvilken som helst veske til \u00e5 skille seg ut. Et vakkert smykke p\u00e5 dagen og en smart refleks n\u00e5r m\u00f8rket faller. <strong>Refleksknuten<\/strong> er laget i myk ull med refleksm\u00f8nster p\u00e5 begge sider. <a href=\"#description\">Les mer<\/a><\/p>\n","protected":false},"featured_media":67958,"comment_status":"closed","ping_status":"closed","template":"","meta":{"_trash_the_other_posts":false,"editor_notices":[]},"product_brand":[],"product_cat":[62],"product_tag":[],"class_list":{"0":"post-67905","1":"product","2":"type-product","3":"status-publish","4":"has-post-thumbnail","6":"product_cat-reflex-tilbehor","8":"first","9":"instock","10":"taxable","11":"shipping-taxable","12":"purchasable","13":"product-type-variable"},"yoast_head":"<!-- This site is optimized with the Yoast SEO plugin v25.9 - https:\/\/yoast.com\/wordpress\/plugins\/seo\/ -->\n<title>Refleksknute til vesken - Bag charm - Smart in the dark Norsk<\/title>\n<meta name=\"robots\" content=\"index, follow, max-snippet:-1, max-image-preview:large, max-video-preview:-1\" \/>\n<link rel=\"canonical\" href=\"https:\/\/smartinthedark.com\/no\/produkt\/refleksknute-til-vesken\/\" \/>\n<meta property=\"og:locale\" content=\"nb_NO\" \/>\n<meta property=\"og:type\" content=\"article\" \/>\n<meta property=\"og:title\" content=\"Refleksknute til vesken - Bag charm - Smart in the dark Norsk\" \/>\n<meta property=\"og:description\" content=\"Bag charm i form av en fin reflekterende knute f\u00e5r hvilken som helst veske til \u00e5 skille seg ut. Et vakkert smykke p\u00e5 dagen og en smart refleks n\u00e5r m\u00f8rket faller. Refleksknuten er laget i myk ull med refleksm\u00f8nster p\u00e5 begge sider. Les mer\" \/>\n<meta property=\"og:url\" content=\"https:\/\/smartinthedark.com\/no\/produkt\/refleksknute-til-vesken\/\" \/>\n<meta property=\"og:site_name\" content=\"Smart in the dark Norsk\" \/>\n<meta property=\"article:publisher\" content=\"https:\/\/www.facebook.com\/smartinthedark\/\" \/>\n<meta property=\"article:modified_time\" content=\"2026-02-26T12:29:09+00:00\" \/>\n<meta property=\"og:image\" content=\"https:\/\/smartinthedark.com\/no\/wp-content\/uploads\/sites\/13\/2025\/10\/Stilig-refleksdekor-pa-vesken-\u2013-bade-vakker-og-funksjonell.jpg\" \/>\n\t<meta property=\"og:image:width\" content=\"600\" \/>\n\t<meta property=\"og:image:height\" content=\"600\" \/>\n\t<meta property=\"og:image:type\" content=\"image\/jpeg\" \/>\n<meta name=\"twitter:card\" content=\"summary_large_image\" \/>\n<meta name=\"twitter:label1\" content=\"Ansl. lesetid\" \/>\n\t<meta name=\"twitter:data1\" content=\"1 minutt\" \/>\n<script type=\"application\/ld+json\" class=\"yoast-schema-graph\">{\"@context\":\"https:\/\/schema.org\",\"@graph\":[{\"@type\":\"WebPage\",\"@id\":\"https:\/\/smartinthedark.com\/no\/produkt\/refleksknute-til-vesken\/\",\"url\":\"https:\/\/smartinthedark.com\/no\/produkt\/refleksknute-til-vesken\/\",\"name\":\"Refleksknute til vesken - Bag charm - Smart in the dark Norsk\",\"isPartOf\":{\"@id\":\"https:\/\/smartinthedark.com\/no\/#website\"},\"primaryImageOfPage\":{\"@id\":\"https:\/\/smartinthedark.com\/no\/produkt\/refleksknute-til-vesken\/#primaryimage\"},\"image\":{\"@id\":\"https:\/\/smartinthedark.com\/no\/produkt\/refleksknute-til-vesken\/#primaryimage\"},\"thumbnailUrl\":\"https:\/\/smartinthedark.com\/no\/wp-content\/uploads\/sites\/13\/2025\/10\/Stilig-refleksdekor-pa-vesken-\u2013-bade-vakker-og-funksjonell.jpg\",\"datePublished\":\"2025-10-28T15:23:20+00:00\",\"dateModified\":\"2026-02-26T12:29:09+00:00\",\"breadcrumb\":{\"@id\":\"https:\/\/smartinthedark.com\/no\/produkt\/refleksknute-til-vesken\/#breadcrumb\"},\"inLanguage\":\"nb-NO\",\"potentialAction\":[{\"@type\":\"ReadAction\",\"target\":[\"https:\/\/smartinthedark.com\/no\/produkt\/refleksknute-til-vesken\/\"]}]},{\"@type\":\"ImageObject\",\"inLanguage\":\"nb-NO\",\"@id\":\"https:\/\/smartinthedark.com\/no\/produkt\/refleksknute-til-vesken\/#primaryimage\",\"url\":\"https:\/\/smartinthedark.com\/no\/wp-content\/uploads\/sites\/13\/2025\/10\/Stilig-refleksdekor-pa-vesken-\u2013-bade-vakker-og-funksjonell.jpg\",\"contentUrl\":\"https:\/\/smartinthedark.com\/no\/wp-content\/uploads\/sites\/13\/2025\/10\/Stilig-refleksdekor-pa-vesken-\u2013-bade-vakker-og-funksjonell.jpg\",\"width\":600,\"height\":600,\"caption\":\"Stilig refleksdekor p\u00e5 vesken \u2013 b\u00e5de vakker og funksjonell\"},{\"@type\":\"BreadcrumbList\",\"@id\":\"https:\/\/smartinthedark.com\/no\/produkt\/refleksknute-til-vesken\/#breadcrumb\",\"itemListElement\":[{\"@type\":\"ListItem\",\"position\":1,\"name\":\"Hem\",\"item\":\"https:\/\/smartinthedark.com\/no\/\"},{\"@type\":\"ListItem\",\"position\":2,\"name\":\"Nettbutikk\",\"item\":\"https:\/\/smartinthedark.com\/no\/nettbutikk\/\"},{\"@type\":\"ListItem\",\"position\":3,\"name\":\"Refleksknute til vesken &#8211; Bag charm\"}]},{\"@type\":\"WebSite\",\"@id\":\"https:\/\/smartinthedark.com\/no\/#website\",\"url\":\"https:\/\/smartinthedark.com\/no\/\",\"name\":\"Smart in the dark Norsk\",\"description\":\"\",\"potentialAction\":[{\"@type\":\"SearchAction\",\"target\":{\"@type\":\"EntryPoint\",\"urlTemplate\":\"https:\/\/smartinthedark.com\/no\/?s={search_term_string}\"},\"query-input\":{\"@type\":\"PropertyValueSpecification\",\"valueRequired\":true,\"valueName\":\"search_term_string\"}}],\"inLanguage\":\"nb-NO\"}]}<\/script>\n<!-- \/ Yoast SEO plugin. -->","yoast_head_json":{"title":"Refleksknute til vesken - Bag charm - Smart in the dark Norsk","robots":{"index":"index","follow":"follow","max-snippet":"max-snippet:-1","max-image-preview":"max-image-preview:large","max-video-preview":"max-video-preview:-1"},"canonical":"https:\/\/smartinthedark.com\/no\/produkt\/refleksknute-til-vesken\/","og_locale":"nb_NO","og_type":"article","og_title":"Refleksknute til vesken - Bag charm - Smart in the dark Norsk","og_description":"Bag charm i form av en fin reflekterende knute f\u00e5r hvilken som helst veske til \u00e5 skille seg ut. Et vakkert smykke p\u00e5 dagen og en smart refleks n\u00e5r m\u00f8rket faller. Refleksknuten er laget i myk ull med refleksm\u00f8nster p\u00e5 begge sider. Les mer","og_url":"https:\/\/smartinthedark.com\/no\/produkt\/refleksknute-til-vesken\/","og_site_name":"Smart in the dark Norsk","article_publisher":"https:\/\/www.facebook.com\/smartinthedark\/","article_modified_time":"2026-02-26T12:29:09+00:00","og_image":[{"width":600,"height":600,"url":"https:\/\/smartinthedark.com\/no\/wp-content\/uploads\/sites\/13\/2025\/10\/Stilig-refleksdekor-pa-vesken-\u2013-bade-vakker-og-funksjonell.jpg","type":"image\/jpeg"}],"twitter_card":"summary_large_image","twitter_misc":{"Ansl. lesetid":"1 minutt"},"schema":{"@context":"https:\/\/schema.org","@graph":[{"@type":"WebPage","@id":"https:\/\/smartinthedark.com\/no\/produkt\/refleksknute-til-vesken\/","url":"https:\/\/smartinthedark.com\/no\/produkt\/refleksknute-til-vesken\/","name":"Refleksknute til vesken - Bag charm - Smart in the dark Norsk","isPartOf":{"@id":"https:\/\/smartinthedark.com\/no\/#website"},"primaryImageOfPage":{"@id":"https:\/\/smartinthedark.com\/no\/produkt\/refleksknute-til-vesken\/#primaryimage"},"image":{"@id":"https:\/\/smartinthedark.com\/no\/produkt\/refleksknute-til-vesken\/#primaryimage"},"thumbnailUrl":"https:\/\/smartinthedark.com\/no\/wp-content\/uploads\/sites\/13\/2025\/10\/Stilig-refleksdekor-pa-vesken-\u2013-bade-vakker-og-funksjonell.jpg","datePublished":"2025-10-28T15:23:20+00:00","dateModified":"2026-02-26T12:29:09+00:00","breadcrumb":{"@id":"https:\/\/smartinthedark.com\/no\/produkt\/refleksknute-til-vesken\/#breadcrumb"},"inLanguage":"nb-NO","potentialAction":[{"@type":"ReadAction","target":["https:\/\/smartinthedark.com\/no\/produkt\/refleksknute-til-vesken\/"]}]},{"@type":"ImageObject","inLanguage":"nb-NO","@id":"https:\/\/smartinthedark.com\/no\/produkt\/refleksknute-til-vesken\/#primaryimage","url":"https:\/\/smartinthedark.com\/no\/wp-content\/uploads\/sites\/13\/2025\/10\/Stilig-refleksdekor-pa-vesken-\u2013-bade-vakker-og-funksjonell.jpg","contentUrl":"https:\/\/smartinthedark.com\/no\/wp-content\/uploads\/sites\/13\/2025\/10\/Stilig-refleksdekor-pa-vesken-\u2013-bade-vakker-og-funksjonell.jpg","width":600,"height":600,"caption":"Stilig refleksdekor p\u00e5 vesken \u2013 b\u00e5de vakker og funksjonell"},{"@type":"BreadcrumbList","@id":"https:\/\/smartinthedark.com\/no\/produkt\/refleksknute-til-vesken\/#breadcrumb","itemListElement":[{"@type":"ListItem","position":1,"name":"Hem","item":"https:\/\/smartinthedark.com\/no\/"},{"@type":"ListItem","position":2,"name":"Nettbutikk","item":"https:\/\/smartinthedark.com\/no\/nettbutikk\/"},{"@type":"ListItem","position":3,"name":"Refleksknute til vesken &#8211; Bag charm"}]},{"@type":"WebSite","@id":"https:\/\/smartinthedark.com\/no\/#website","url":"https:\/\/smartinthedark.com\/no\/","name":"Smart in the dark Norsk","description":"","potentialAction":[{"@type":"SearchAction","target":{"@type":"EntryPoint","urlTemplate":"https:\/\/smartinthedark.com\/no\/?s={search_term_string}"},"query-input":{"@type":"PropertyValueSpecification","valueRequired":true,"valueName":"search_term_string"}}],"inLanguage":"nb-NO"}]}},"_links":{"self":[{"href":"https:\/\/smartinthedark.com\/no\/wp-json\/wp\/v2\/product\/67905","targetHints":{"allow":["GET"]}}],"collection":[{"href":"https:\/\/smartinthedark.com\/no\/wp-json\/wp\/v2\/product"}],"about":[{"href":"https:\/\/smartinthedark.com\/no\/wp-json\/wp\/v2\/types\/product"}],"replies":[{"embeddable":true,"href":"https:\/\/smartinthedark.com\/no\/wp-json\/wp\/v2\/comments?post=67905"}],"wp:featuredmedia":[{"embeddable":true,"href":"https:\/\/smartinthedark.com\/no\/wp-json\/wp\/v2\/media\/67958"}],"wp:attachment":[{"href":"https:\/\/smartinthedark.com\/no\/wp-json\/wp\/v2\/media?parent=67905"}],"wp:term":[{"taxonomy":"product_brand","embeddable":true,"href":"https:\/\/smartinthedark.com\/no\/wp-json\/wp\/v2\/product_brand?post=67905"},{"taxonomy":"product_cat","embeddable":true,"href":"https:\/\/smartinthedark.com\/no\/wp-json\/wp\/v2\/product_cat?post=67905"},{"taxonomy":"product_tag","embeddable":true,"href":"https:\/\/smartinthedark.com\/no\/wp-json\/wp\/v2\/product_tag?post=67905"}],"curies":[{"name":"wp","href":"https:\/\/api.w.org\/{rel}","templated":true}]}}