{"id":67679,"date":"2022-12-20T09:58:42","date_gmt":"2022-12-20T08:58:42","guid":{"rendered":"https:\/\/smartinthedark.com\/no\/?post_type=product&#038;p=67679"},"modified":"2026-04-01T12:58:19","modified_gmt":"2026-04-01T10:58:19","slug":"tynn-lue-med-refleks","status":"publish","type":"product","link":"https:\/\/smartinthedark.com\/no\/produkt\/tynn-lue-med-refleks\/","title":{"rendered":"Tynn barnlue med refleks"},"content":{"rendered":"<p>Den myke refleksluen for barn er f\u00f4ret og har et refleksm\u00f8nster av den popul\u00e6re kua og den kvekkende kr\u00e5ka. Den myk og behagelige barneluen med refleks er tilgjengelig med to ulike design av Mamma M\u00f8 og Kr\u00e5ka: en med Mamma M\u00f8 som sitter og en med Mamma M\u00f8 med Kr\u00e5ka p\u00e5 ryggen. Den stilige luen for barn er laget av et lag bomullsjersey for \u00e5 holde barnet varmt om v\u00e5ren eller h\u00f8sten. Fleeceluen er tilgjengelig i to ulike st\u00f8rrelser for barn i alderen 2-3 \u00e5r og 4+. Den myk v\u00e5r\/h\u00f8stluen for barn er ogs\u00e5 utstyrt med reflekser av en kr\u00e5ke og en sky h\u00f8yt oppe p\u00e5 luen, for \u00e5 sikre at barnet ogs\u00e5 er synlig bakfra dersom andre plagg dekker den nederste delen av refleksluen.<\/p>\n<p>Hvis barnet ditt bruker en reflekslue, vil barnet v\u00e6re synlig p\u00e5 minst 125 meters avstand og fra alle retninger, dvs. 360 grader.<\/p>\n<ul>\n<li>Tilgjengelig i to ulike st\u00f8rrelser: 2-3 \u00e5r (48-50 cm) og 4+ (52-54 cm)<\/li>\n<li>To lag med bomullsjersey<\/li>\n<li>F\u00f4ret med varm og behagelig fleece<\/li>\n<li>Behagelig og stretchy materiale<\/li>\n<li>M\u00e5l p\u00e5 refleksene: Mamma M\u00f8 6 cm h\u00f8y, Kr\u00e5ka 3,5 cm h\u00f8y<\/li>\n<\/ul>\n<p>Refleksmaterialet er fra 3M Scotchlite, som tilh\u00f8rer et av verdens beste refleksmaterialer. Refleksen har en h\u00f8y grad av refleksjon og t\u00e5ler vask. Stoffet er OEKO-TEX Standard.<\/p>\n","protected":false},"excerpt":{"rendered":"<p>Den myke refleksluen for barn er f\u00f4ret og har et refleksm\u00f8nster av den popul\u00e6re kua og den kvekkende kr\u00e5ka. Den myk og behagelige barneluen med refleks er tilgjengelig med to ulike design av Mamma M\u00f8 og Kr\u00e5ka: en med Mamma M\u00f8 som sitter og en med Mamma M\u00f8 med Kr\u00e5ka p\u00e5 ryggen. Den stiligeluen for barn er laget av et lag bomullsjersey for \u00e5 holde barnet varmt om v\u00e5ren eller h\u00f8sten. <b><u><a href=\"#beskrivning\">Les mer<\/a><\/u><\/b><\/p>\n","protected":false},"featured_media":67677,"comment_status":"open","ping_status":"closed","template":"","meta":{"_trash_the_other_posts":false,"editor_notices":[]},"product_brand":[],"product_cat":[97],"product_tag":[],"class_list":{"0":"post-67679","1":"product","2":"type-product","3":"status-publish","4":"has-post-thumbnail","6":"product_cat-barnelue","8":"first","9":"instock","10":"taxable","11":"shipping-taxable","12":"purchasable","13":"product-type-variable"},"yoast_head":"<!-- This site is optimized with the Yoast SEO plugin v25.9 - https:\/\/yoast.com\/wordpress\/plugins\/seo\/ -->\n<title>Tynn barnlue med refleks - Smart in the dark Norsk<\/title>\n<meta name=\"robots\" content=\"index, follow, max-snippet:-1, max-image-preview:large, max-video-preview:-1\" \/>\n<link rel=\"canonical\" href=\"https:\/\/smartinthedark.com\/no\/produkt\/tynn-lue-med-refleks\/\" \/>\n<meta property=\"og:locale\" content=\"nb_NO\" \/>\n<meta property=\"og:type\" content=\"article\" \/>\n<meta property=\"og:title\" content=\"Tynn barnlue med refleks - Smart in the dark Norsk\" \/>\n<meta property=\"og:description\" content=\"Den myke refleksluen for barn er f\u00f4ret og har et refleksm\u00f8nster av den popul\u00e6re kua og den kvekkende kr\u00e5ka. Den myk og behagelige barneluen med refleks er tilgjengelig med to ulike design av Mamma M\u00f8 og Kr\u00e5ka: en med Mamma M\u00f8 som sitter og en med Mamma M\u00f8 med Kr\u00e5ka p\u00e5 ryggen. Den stiligeluen for barn er laget av et lag bomullsjersey for \u00e5 holde barnet varmt om v\u00e5ren eller h\u00f8sten. Les mer\" \/>\n<meta property=\"og:url\" content=\"https:\/\/smartinthedark.com\/no\/produkt\/tynn-lue-med-refleks\/\" \/>\n<meta property=\"og:site_name\" content=\"Smart in the dark Norsk\" \/>\n<meta property=\"article:publisher\" content=\"https:\/\/www.facebook.com\/smartinthedark\/\" \/>\n<meta property=\"article:modified_time\" content=\"2026-04-01T10:58:19+00:00\" \/>\n<meta property=\"og:image\" content=\"https:\/\/smartinthedark.com\/no\/wp-content\/uploads\/sites\/13\/2022\/12\/Reflexmossor-mamma-mu-barn-smart-in-the-dark-500x500-1.jpg\" \/>\n\t<meta property=\"og:image:width\" content=\"500\" \/>\n\t<meta property=\"og:image:height\" content=\"500\" \/>\n\t<meta property=\"og:image:type\" content=\"image\/jpeg\" \/>\n<meta name=\"twitter:card\" content=\"summary_large_image\" \/>\n<meta name=\"twitter:label1\" content=\"Ansl. lesetid\" \/>\n\t<meta name=\"twitter:data1\" content=\"2 minutter\" \/>\n<script type=\"application\/ld+json\" class=\"yoast-schema-graph\">{\"@context\":\"https:\/\/schema.org\",\"@graph\":[{\"@type\":\"WebPage\",\"@id\":\"https:\/\/smartinthedark.com\/no\/produkt\/tynn-lue-med-refleks\/\",\"url\":\"https:\/\/smartinthedark.com\/no\/produkt\/tynn-lue-med-refleks\/\",\"name\":\"Tynn barnlue med refleks - Smart in the dark Norsk\",\"isPartOf\":{\"@id\":\"https:\/\/smartinthedark.com\/no\/#website\"},\"primaryImageOfPage\":{\"@id\":\"https:\/\/smartinthedark.com\/no\/produkt\/tynn-lue-med-refleks\/#primaryimage\"},\"image\":{\"@id\":\"https:\/\/smartinthedark.com\/no\/produkt\/tynn-lue-med-refleks\/#primaryimage\"},\"thumbnailUrl\":\"https:\/\/smartinthedark.com\/no\/wp-content\/uploads\/sites\/13\/2022\/12\/Reflexmossor-mamma-mu-barn-smart-in-the-dark-500x500-1.jpg\",\"datePublished\":\"2022-12-20T08:58:42+00:00\",\"dateModified\":\"2026-04-01T10:58:19+00:00\",\"breadcrumb\":{\"@id\":\"https:\/\/smartinthedark.com\/no\/produkt\/tynn-lue-med-refleks\/#breadcrumb\"},\"inLanguage\":\"nb-NO\",\"potentialAction\":[{\"@type\":\"ReadAction\",\"target\":[\"https:\/\/smartinthedark.com\/no\/produkt\/tynn-lue-med-refleks\/\"]}]},{\"@type\":\"ImageObject\",\"inLanguage\":\"nb-NO\",\"@id\":\"https:\/\/smartinthedark.com\/no\/produkt\/tynn-lue-med-refleks\/#primaryimage\",\"url\":\"https:\/\/smartinthedark.com\/no\/wp-content\/uploads\/sites\/13\/2022\/12\/Reflexmossor-mamma-mu-barn-smart-in-the-dark-500x500-1.jpg\",\"contentUrl\":\"https:\/\/smartinthedark.com\/no\/wp-content\/uploads\/sites\/13\/2022\/12\/Reflexmossor-mamma-mu-barn-smart-in-the-dark-500x500-1.jpg\",\"width\":500,\"height\":500},{\"@type\":\"BreadcrumbList\",\"@id\":\"https:\/\/smartinthedark.com\/no\/produkt\/tynn-lue-med-refleks\/#breadcrumb\",\"itemListElement\":[{\"@type\":\"ListItem\",\"position\":1,\"name\":\"Hem\",\"item\":\"https:\/\/smartinthedark.com\/no\/\"},{\"@type\":\"ListItem\",\"position\":2,\"name\":\"Nettbutikk\",\"item\":\"https:\/\/smartinthedark.com\/no\/nettbutikk\/\"},{\"@type\":\"ListItem\",\"position\":3,\"name\":\"Tynn barnlue med refleks\"}]},{\"@type\":\"WebSite\",\"@id\":\"https:\/\/smartinthedark.com\/no\/#website\",\"url\":\"https:\/\/smartinthedark.com\/no\/\",\"name\":\"Smart in the dark Norsk\",\"description\":\"\",\"potentialAction\":[{\"@type\":\"SearchAction\",\"target\":{\"@type\":\"EntryPoint\",\"urlTemplate\":\"https:\/\/smartinthedark.com\/no\/?s={search_term_string}\"},\"query-input\":{\"@type\":\"PropertyValueSpecification\",\"valueRequired\":true,\"valueName\":\"search_term_string\"}}],\"inLanguage\":\"nb-NO\"}]}<\/script>\n<!-- \/ Yoast SEO plugin. -->","yoast_head_json":{"title":"Tynn barnlue med refleks - Smart in the dark Norsk","robots":{"index":"index","follow":"follow","max-snippet":"max-snippet:-1","max-image-preview":"max-image-preview:large","max-video-preview":"max-video-preview:-1"},"canonical":"https:\/\/smartinthedark.com\/no\/produkt\/tynn-lue-med-refleks\/","og_locale":"nb_NO","og_type":"article","og_title":"Tynn barnlue med refleks - Smart in the dark Norsk","og_description":"Den myke refleksluen for barn er f\u00f4ret og har et refleksm\u00f8nster av den popul\u00e6re kua og den kvekkende kr\u00e5ka. Den myk og behagelige barneluen med refleks er tilgjengelig med to ulike design av Mamma M\u00f8 og Kr\u00e5ka: en med Mamma M\u00f8 som sitter og en med Mamma M\u00f8 med Kr\u00e5ka p\u00e5 ryggen. Den stiligeluen for barn er laget av et lag bomullsjersey for \u00e5 holde barnet varmt om v\u00e5ren eller h\u00f8sten. Les mer","og_url":"https:\/\/smartinthedark.com\/no\/produkt\/tynn-lue-med-refleks\/","og_site_name":"Smart in the dark Norsk","article_publisher":"https:\/\/www.facebook.com\/smartinthedark\/","article_modified_time":"2026-04-01T10:58:19+00:00","og_image":[{"width":500,"height":500,"url":"https:\/\/smartinthedark.com\/no\/wp-content\/uploads\/sites\/13\/2022\/12\/Reflexmossor-mamma-mu-barn-smart-in-the-dark-500x500-1.jpg","type":"image\/jpeg"}],"twitter_card":"summary_large_image","twitter_misc":{"Ansl. lesetid":"2 minutter"},"schema":{"@context":"https:\/\/schema.org","@graph":[{"@type":"WebPage","@id":"https:\/\/smartinthedark.com\/no\/produkt\/tynn-lue-med-refleks\/","url":"https:\/\/smartinthedark.com\/no\/produkt\/tynn-lue-med-refleks\/","name":"Tynn barnlue med refleks - Smart in the dark Norsk","isPartOf":{"@id":"https:\/\/smartinthedark.com\/no\/#website"},"primaryImageOfPage":{"@id":"https:\/\/smartinthedark.com\/no\/produkt\/tynn-lue-med-refleks\/#primaryimage"},"image":{"@id":"https:\/\/smartinthedark.com\/no\/produkt\/tynn-lue-med-refleks\/#primaryimage"},"thumbnailUrl":"https:\/\/smartinthedark.com\/no\/wp-content\/uploads\/sites\/13\/2022\/12\/Reflexmossor-mamma-mu-barn-smart-in-the-dark-500x500-1.jpg","datePublished":"2022-12-20T08:58:42+00:00","dateModified":"2026-04-01T10:58:19+00:00","breadcrumb":{"@id":"https:\/\/smartinthedark.com\/no\/produkt\/tynn-lue-med-refleks\/#breadcrumb"},"inLanguage":"nb-NO","potentialAction":[{"@type":"ReadAction","target":["https:\/\/smartinthedark.com\/no\/produkt\/tynn-lue-med-refleks\/"]}]},{"@type":"ImageObject","inLanguage":"nb-NO","@id":"https:\/\/smartinthedark.com\/no\/produkt\/tynn-lue-med-refleks\/#primaryimage","url":"https:\/\/smartinthedark.com\/no\/wp-content\/uploads\/sites\/13\/2022\/12\/Reflexmossor-mamma-mu-barn-smart-in-the-dark-500x500-1.jpg","contentUrl":"https:\/\/smartinthedark.com\/no\/wp-content\/uploads\/sites\/13\/2022\/12\/Reflexmossor-mamma-mu-barn-smart-in-the-dark-500x500-1.jpg","width":500,"height":500},{"@type":"BreadcrumbList","@id":"https:\/\/smartinthedark.com\/no\/produkt\/tynn-lue-med-refleks\/#breadcrumb","itemListElement":[{"@type":"ListItem","position":1,"name":"Hem","item":"https:\/\/smartinthedark.com\/no\/"},{"@type":"ListItem","position":2,"name":"Nettbutikk","item":"https:\/\/smartinthedark.com\/no\/nettbutikk\/"},{"@type":"ListItem","position":3,"name":"Tynn barnlue med refleks"}]},{"@type":"WebSite","@id":"https:\/\/smartinthedark.com\/no\/#website","url":"https:\/\/smartinthedark.com\/no\/","name":"Smart in the dark Norsk","description":"","potentialAction":[{"@type":"SearchAction","target":{"@type":"EntryPoint","urlTemplate":"https:\/\/smartinthedark.com\/no\/?s={search_term_string}"},"query-input":{"@type":"PropertyValueSpecification","valueRequired":true,"valueName":"search_term_string"}}],"inLanguage":"nb-NO"}]}},"_links":{"self":[{"href":"https:\/\/smartinthedark.com\/no\/wp-json\/wp\/v2\/product\/67679","targetHints":{"allow":["GET"]}}],"collection":[{"href":"https:\/\/smartinthedark.com\/no\/wp-json\/wp\/v2\/product"}],"about":[{"href":"https:\/\/smartinthedark.com\/no\/wp-json\/wp\/v2\/types\/product"}],"replies":[{"embeddable":true,"href":"https:\/\/smartinthedark.com\/no\/wp-json\/wp\/v2\/comments?post=67679"}],"wp:featuredmedia":[{"embeddable":true,"href":"https:\/\/smartinthedark.com\/no\/wp-json\/wp\/v2\/media\/67677"}],"wp:attachment":[{"href":"https:\/\/smartinthedark.com\/no\/wp-json\/wp\/v2\/media?parent=67679"}],"wp:term":[{"taxonomy":"product_brand","embeddable":true,"href":"https:\/\/smartinthedark.com\/no\/wp-json\/wp\/v2\/product_brand?post=67679"},{"taxonomy":"product_cat","embeddable":true,"href":"https:\/\/smartinthedark.com\/no\/wp-json\/wp\/v2\/product_cat?post=67679"},{"taxonomy":"product_tag","embeddable":true,"href":"https:\/\/smartinthedark.com\/no\/wp-json\/wp\/v2\/product_tag?post=67679"}],"curies":[{"name":"wp","href":"https:\/\/api.w.org\/{rel}","templated":true}]}}