{"id":67544,"date":"2021-12-08T11:52:32","date_gmt":"2021-12-08T10:52:32","guid":{"rendered":"https:\/\/smartinthedark.com\/no\/?post_type=product&#038;p=67544"},"modified":"2026-02-26T13:30:03","modified_gmt":"2026-02-26T12:30:03","slug":"refleksrosett-for-posen","status":"publish","type":"product","link":"https:\/\/smartinthedark.com\/no\/produkt\/refleksrosett-for-posen\/","title":{"rendered":"Reflekssl\u00f8yfe til vesken &#8211; Bag charm"},"content":{"rendered":"<p>Reflekssl\u00f8yfe er et nytt tilbeh\u00f8r i ull til \u00e5 henge p\u00e5 vesken. Sl\u00f8yfen blir som et vakkert smykke om dagen og et smart sikkerhetsprodukt n\u00e5r m\u00f8rket faller p\u00e5. Refleksen er utformet som en sl\u00f8yfe med n\u00f8kkelring for \u00e5 feste til skulderremmen, h\u00e5ndtaket eller remmen. Sl\u00f8yfen er laget av det mykeste ullstoffet med reflekterende m\u00f8nstre p\u00e5 begge sider. Velg mellom tre ulike nordiske m\u00f8nstre: Firkl\u00f8ver, Nattsommerfugl og Nattravn, alle designet av Frida Hammar. Denne sl\u00f8yfen kommer i flere forskjellige farger<\/p>\n<ul>\n<li>Produktst\u00f8rrelse h\u00f8yde 12 cm, bredde 13 cm<\/li>\n<li>Fint ullstoff<\/li>\n<li>Refleksbredde 3 cm, ullstoff 4 cm<\/li>\n<li>Refleksmaterialet er fra 3M Scotchlite, som er et av verdens beste refleksmaterialer. Den har h\u00f8y grad av refleksjon og t\u00e5ler vask.<\/li>\n<\/ul>\n","protected":false},"excerpt":{"rendered":"<p>Refleksrosetten er et nytt tilbeh\u00f8r i ull til \u00e5 henge p\u00e5 vesken. Rosetten blir som et vakkert smykke om dagen og et smart sikkerhetsprodukt n\u00e5r m\u00f8rket faller p\u00e5. Refleksen er utformet som en sl\u00f8yfe med n\u00f8kkelring for \u00e5 feste til skulderremmen, h\u00e5ndtaket eller remmen. <b><u><a href=\"https:\/\/smartinthedark.com\/no\/produkt\/foret-reflekslue-i-deilig-fleece\/#beskrivning\">Les mer<\/a><\/u><\/b><\/p>\n<p>&nbsp;<\/p>\n","protected":false},"featured_media":67560,"comment_status":"closed","ping_status":"closed","template":"","meta":{"_trash_the_other_posts":false,"editor_notices":[]},"product_brand":[],"product_cat":[62],"product_tag":[],"class_list":{"0":"post-67544","1":"product","2":"type-product","3":"status-publish","4":"has-post-thumbnail","6":"product_cat-reflex-tilbehor","8":"first","9":"instock","10":"taxable","11":"shipping-taxable","12":"purchasable","13":"product-type-variable"},"yoast_head":"<!-- This site is optimized with the Yoast SEO plugin v25.9 - https:\/\/yoast.com\/wordpress\/plugins\/seo\/ -->\n<title>Reflekssl\u00f8yfe til vesken - Bag charm - Smart in the dark Norsk<\/title>\n<meta name=\"robots\" content=\"index, follow, max-snippet:-1, max-image-preview:large, max-video-preview:-1\" \/>\n<link rel=\"canonical\" href=\"https:\/\/smartinthedark.com\/no\/produkt\/refleksrosett-for-posen\/\" \/>\n<meta property=\"og:locale\" content=\"nb_NO\" \/>\n<meta property=\"og:type\" content=\"article\" \/>\n<meta property=\"og:title\" content=\"Reflekssl\u00f8yfe til vesken - Bag charm - Smart in the dark Norsk\" \/>\n<meta property=\"og:description\" content=\"Refleksrosetten er et nytt tilbeh\u00f8r i ull til \u00e5 henge p\u00e5 vesken. Rosetten blir som et vakkert smykke om dagen og et smart sikkerhetsprodukt n\u00e5r m\u00f8rket faller p\u00e5. Refleksen er utformet som en sl\u00f8yfe med n\u00f8kkelring for \u00e5 feste til skulderremmen, h\u00e5ndtaket eller remmen. Les mer  &nbsp;\" \/>\n<meta property=\"og:url\" content=\"https:\/\/smartinthedark.com\/no\/produkt\/refleksrosett-for-posen\/\" \/>\n<meta property=\"og:site_name\" content=\"Smart in the dark Norsk\" \/>\n<meta property=\"article:publisher\" content=\"https:\/\/www.facebook.com\/smartinthedark\/\" \/>\n<meta property=\"article:modified_time\" content=\"2026-02-26T12:30:03+00:00\" \/>\n<meta property=\"og:image\" content=\"https:\/\/smartinthedark.com\/no\/wp-content\/uploads\/sites\/13\/2021\/12\/rosett_reflex-500x500-1.jpg\" \/>\n\t<meta property=\"og:image:width\" content=\"500\" \/>\n\t<meta property=\"og:image:height\" content=\"500\" \/>\n\t<meta property=\"og:image:type\" content=\"image\/jpeg\" \/>\n<meta name=\"twitter:card\" content=\"summary_large_image\" \/>\n<meta name=\"twitter:label1\" content=\"Ansl. lesetid\" \/>\n\t<meta name=\"twitter:data1\" content=\"1 minutt\" \/>\n<script type=\"application\/ld+json\" class=\"yoast-schema-graph\">{\"@context\":\"https:\/\/schema.org\",\"@graph\":[{\"@type\":\"WebPage\",\"@id\":\"https:\/\/smartinthedark.com\/no\/produkt\/refleksrosett-for-posen\/\",\"url\":\"https:\/\/smartinthedark.com\/no\/produkt\/refleksrosett-for-posen\/\",\"name\":\"Reflekssl\u00f8yfe til vesken - Bag charm - Smart in the dark Norsk\",\"isPartOf\":{\"@id\":\"https:\/\/smartinthedark.com\/no\/#website\"},\"primaryImageOfPage\":{\"@id\":\"https:\/\/smartinthedark.com\/no\/produkt\/refleksrosett-for-posen\/#primaryimage\"},\"image\":{\"@id\":\"https:\/\/smartinthedark.com\/no\/produkt\/refleksrosett-for-posen\/#primaryimage\"},\"thumbnailUrl\":\"https:\/\/smartinthedark.com\/no\/wp-content\/uploads\/sites\/13\/2021\/12\/rosett_reflex-500x500-1.jpg\",\"datePublished\":\"2021-12-08T10:52:32+00:00\",\"dateModified\":\"2026-02-26T12:30:03+00:00\",\"breadcrumb\":{\"@id\":\"https:\/\/smartinthedark.com\/no\/produkt\/refleksrosett-for-posen\/#breadcrumb\"},\"inLanguage\":\"nb-NO\",\"potentialAction\":[{\"@type\":\"ReadAction\",\"target\":[\"https:\/\/smartinthedark.com\/no\/produkt\/refleksrosett-for-posen\/\"]}]},{\"@type\":\"ImageObject\",\"inLanguage\":\"nb-NO\",\"@id\":\"https:\/\/smartinthedark.com\/no\/produkt\/refleksrosett-for-posen\/#primaryimage\",\"url\":\"https:\/\/smartinthedark.com\/no\/wp-content\/uploads\/sites\/13\/2021\/12\/rosett_reflex-500x500-1.jpg\",\"contentUrl\":\"https:\/\/smartinthedark.com\/no\/wp-content\/uploads\/sites\/13\/2021\/12\/rosett_reflex-500x500-1.jpg\",\"width\":500,\"height\":500},{\"@type\":\"BreadcrumbList\",\"@id\":\"https:\/\/smartinthedark.com\/no\/produkt\/refleksrosett-for-posen\/#breadcrumb\",\"itemListElement\":[{\"@type\":\"ListItem\",\"position\":1,\"name\":\"Hem\",\"item\":\"https:\/\/smartinthedark.com\/no\/\"},{\"@type\":\"ListItem\",\"position\":2,\"name\":\"Nettbutikk\",\"item\":\"https:\/\/smartinthedark.com\/no\/nettbutikk\/\"},{\"@type\":\"ListItem\",\"position\":3,\"name\":\"Reflekssl\u00f8yfe til vesken &#8211; Bag charm\"}]},{\"@type\":\"WebSite\",\"@id\":\"https:\/\/smartinthedark.com\/no\/#website\",\"url\":\"https:\/\/smartinthedark.com\/no\/\",\"name\":\"Smart in the dark Norsk\",\"description\":\"\",\"potentialAction\":[{\"@type\":\"SearchAction\",\"target\":{\"@type\":\"EntryPoint\",\"urlTemplate\":\"https:\/\/smartinthedark.com\/no\/?s={search_term_string}\"},\"query-input\":{\"@type\":\"PropertyValueSpecification\",\"valueRequired\":true,\"valueName\":\"search_term_string\"}}],\"inLanguage\":\"nb-NO\"}]}<\/script>\n<!-- \/ Yoast SEO plugin. -->","yoast_head_json":{"title":"Reflekssl\u00f8yfe til vesken - Bag charm - Smart in the dark Norsk","robots":{"index":"index","follow":"follow","max-snippet":"max-snippet:-1","max-image-preview":"max-image-preview:large","max-video-preview":"max-video-preview:-1"},"canonical":"https:\/\/smartinthedark.com\/no\/produkt\/refleksrosett-for-posen\/","og_locale":"nb_NO","og_type":"article","og_title":"Reflekssl\u00f8yfe til vesken - Bag charm - Smart in the dark Norsk","og_description":"Refleksrosetten er et nytt tilbeh\u00f8r i ull til \u00e5 henge p\u00e5 vesken. Rosetten blir som et vakkert smykke om dagen og et smart sikkerhetsprodukt n\u00e5r m\u00f8rket faller p\u00e5. Refleksen er utformet som en sl\u00f8yfe med n\u00f8kkelring for \u00e5 feste til skulderremmen, h\u00e5ndtaket eller remmen. Les mer  &nbsp;","og_url":"https:\/\/smartinthedark.com\/no\/produkt\/refleksrosett-for-posen\/","og_site_name":"Smart in the dark Norsk","article_publisher":"https:\/\/www.facebook.com\/smartinthedark\/","article_modified_time":"2026-02-26T12:30:03+00:00","og_image":[{"width":500,"height":500,"url":"https:\/\/smartinthedark.com\/no\/wp-content\/uploads\/sites\/13\/2021\/12\/rosett_reflex-500x500-1.jpg","type":"image\/jpeg"}],"twitter_card":"summary_large_image","twitter_misc":{"Ansl. lesetid":"1 minutt"},"schema":{"@context":"https:\/\/schema.org","@graph":[{"@type":"WebPage","@id":"https:\/\/smartinthedark.com\/no\/produkt\/refleksrosett-for-posen\/","url":"https:\/\/smartinthedark.com\/no\/produkt\/refleksrosett-for-posen\/","name":"Reflekssl\u00f8yfe til vesken - Bag charm - Smart in the dark Norsk","isPartOf":{"@id":"https:\/\/smartinthedark.com\/no\/#website"},"primaryImageOfPage":{"@id":"https:\/\/smartinthedark.com\/no\/produkt\/refleksrosett-for-posen\/#primaryimage"},"image":{"@id":"https:\/\/smartinthedark.com\/no\/produkt\/refleksrosett-for-posen\/#primaryimage"},"thumbnailUrl":"https:\/\/smartinthedark.com\/no\/wp-content\/uploads\/sites\/13\/2021\/12\/rosett_reflex-500x500-1.jpg","datePublished":"2021-12-08T10:52:32+00:00","dateModified":"2026-02-26T12:30:03+00:00","breadcrumb":{"@id":"https:\/\/smartinthedark.com\/no\/produkt\/refleksrosett-for-posen\/#breadcrumb"},"inLanguage":"nb-NO","potentialAction":[{"@type":"ReadAction","target":["https:\/\/smartinthedark.com\/no\/produkt\/refleksrosett-for-posen\/"]}]},{"@type":"ImageObject","inLanguage":"nb-NO","@id":"https:\/\/smartinthedark.com\/no\/produkt\/refleksrosett-for-posen\/#primaryimage","url":"https:\/\/smartinthedark.com\/no\/wp-content\/uploads\/sites\/13\/2021\/12\/rosett_reflex-500x500-1.jpg","contentUrl":"https:\/\/smartinthedark.com\/no\/wp-content\/uploads\/sites\/13\/2021\/12\/rosett_reflex-500x500-1.jpg","width":500,"height":500},{"@type":"BreadcrumbList","@id":"https:\/\/smartinthedark.com\/no\/produkt\/refleksrosett-for-posen\/#breadcrumb","itemListElement":[{"@type":"ListItem","position":1,"name":"Hem","item":"https:\/\/smartinthedark.com\/no\/"},{"@type":"ListItem","position":2,"name":"Nettbutikk","item":"https:\/\/smartinthedark.com\/no\/nettbutikk\/"},{"@type":"ListItem","position":3,"name":"Reflekssl\u00f8yfe til vesken &#8211; Bag charm"}]},{"@type":"WebSite","@id":"https:\/\/smartinthedark.com\/no\/#website","url":"https:\/\/smartinthedark.com\/no\/","name":"Smart in the dark Norsk","description":"","potentialAction":[{"@type":"SearchAction","target":{"@type":"EntryPoint","urlTemplate":"https:\/\/smartinthedark.com\/no\/?s={search_term_string}"},"query-input":{"@type":"PropertyValueSpecification","valueRequired":true,"valueName":"search_term_string"}}],"inLanguage":"nb-NO"}]}},"_links":{"self":[{"href":"https:\/\/smartinthedark.com\/no\/wp-json\/wp\/v2\/product\/67544","targetHints":{"allow":["GET"]}}],"collection":[{"href":"https:\/\/smartinthedark.com\/no\/wp-json\/wp\/v2\/product"}],"about":[{"href":"https:\/\/smartinthedark.com\/no\/wp-json\/wp\/v2\/types\/product"}],"replies":[{"embeddable":true,"href":"https:\/\/smartinthedark.com\/no\/wp-json\/wp\/v2\/comments?post=67544"}],"wp:featuredmedia":[{"embeddable":true,"href":"https:\/\/smartinthedark.com\/no\/wp-json\/wp\/v2\/media\/67560"}],"wp:attachment":[{"href":"https:\/\/smartinthedark.com\/no\/wp-json\/wp\/v2\/media?parent=67544"}],"wp:term":[{"taxonomy":"product_brand","embeddable":true,"href":"https:\/\/smartinthedark.com\/no\/wp-json\/wp\/v2\/product_brand?post=67544"},{"taxonomy":"product_cat","embeddable":true,"href":"https:\/\/smartinthedark.com\/no\/wp-json\/wp\/v2\/product_cat?post=67544"},{"taxonomy":"product_tag","embeddable":true,"href":"https:\/\/smartinthedark.com\/no\/wp-json\/wp\/v2\/product_tag?post=67544"}],"curies":[{"name":"wp","href":"https:\/\/api.w.org\/{rel}","templated":true}]}}