{"id":67421,"date":"2026-03-31T15:24:22","date_gmt":"2026-03-31T13:24:22","guid":{"rendered":"https:\/\/smartinthedark.com\/no\/?post_type=product&#038;p=67421"},"modified":"2026-04-11T12:37:26","modified_gmt":"2026-04-11T10:37:26","slug":"atle-refleksband-til-a-feste-rundt-halsen-til-hunder","status":"publish","type":"product","link":"https:\/\/smartinthedark.com\/no\/produkt\/atle-refleksband-til-a-feste-rundt-halsen-til-hunder\/","title":{"rendered":"ATLE \u2013 refleksb\u00e5nd til \u00e5 feste rundt halsen til hunder"},"content":{"rendered":"<p>Fleksibelt refleksb\u00e5nd som enkelt kan festes rundt halsen til hunden din med en sterk borrel\u00e5s. Med dette refleksb\u00e5ndet er hunden din synlig n\u00e5r dere beveger dere i trafikken. Refleksb\u00e5ndet er utstyrt med et knapphull, som kan tres gjennom l\u00f8kken som sitter p\u00e5 halsb\u00e5ndet, men det kan ogs\u00e5 festes direkte p\u00e5 hundens hals. Med refleksb\u00e5ndet kan hunden din fortsatt ha p\u00e5 favoritthalsb\u00e5ndet eller -selen, hvor refleksen enkelt kan tilf\u00f8res rundt halsen. Tilgjengelig i seks st\u00f8rrelser med justerbar borrel\u00e5s. For bedre synlighet, s\u00e5 anbefales det \u00e5 kombinere med en refleksforlenger eller reflekskobling. Bruk refleks for b\u00e5de din egen og hunden din sin sikkerhet.<\/p>\n<p>M\u00f8nster: Norrsken<br \/>\nFarge: Svart<br \/>\n<span style=\"font-size: 14.4px;\">Produktm\u00e5<\/span><span style=\"font-size: 14.4px;\">l<\/span><span style=\"font-size: 14.4px;\">:<\/span><\/p>\n<p>XS \u2013 Lengde: 30 cm Bredde: 4 cm Refleks: 3 cm bred<br \/>\nPasser til hunder med en omkrets p\u00e5 20-26 cm rundt halsen<\/p>\n<p>S \u2013 Lengde: 42 cm Bredde: 4,5 cm Refleks: 3,5 cm bred<br \/>\nPasser til hunder med en omkrets p\u00e5 28-40 cm rundt halsen<\/p>\n<p>M \u2013 Lengde: 54 cm Bredde: 5 cm Refleks: 4 cm bred<br \/>\nPasser til hunder med en omkrets p\u00e5 38-50 cm rundt halsen<\/p>\n<p>L \u2013 Lengde: 66 cm Bredde: 5 cm Refleks: 4 cm bred<br \/>\nPasser til hunder med en omkrets p\u00e5 50-60 cm rundt halsen<\/p>\n<p>XL \u2013 Lengde: 78 cm Bredde: 5 cm Refleks: 4 cm bred<br \/>\nPasser til hunder med en omkrets p\u00e5 60-72 cm rundt halsen<\/p>\n<p>XXL \u2013 Lengde: 90 cm Bredde: 5 cm Refleks: 4 cm bred<br \/>\nPasser til hunder med en omkrets p\u00e5 72-84 cm rundt halsen<\/p>\n<p>&nbsp;<\/p>\n<p>Refleksene v\u00e5re gj\u00f8r deg synlig i m\u00f8rket p\u00e5 over 125 meter. De er laget av 3M Scotchlite, som er et av de tryggeste og beste refleksmaterialene p\u00e5 markedet.<\/p>\n","protected":false},"excerpt":{"rendered":"<p>Fleksibelt refleksb\u00e5nd som enkelt kan festes rundt halsen til hunden din med en sterk borrel\u00e5s. Med dette refleksb\u00e5ndet er hunden din synlig n\u00e5r dere beveger dere i trafikken. Refleksb\u00e5ndet er utstyrt med et knapphull, som kan tres gjennom l\u00f8kken som sitter p\u00e5 halsb\u00e5ndet, men det kan ogs\u00e5 festes direkte p\u00e5 hundens hals. <strong><a href=\"#beskrivning\">Les mer.<\/a><\/strong><\/p>\n","protected":false},"featured_media":67423,"comment_status":"closed","ping_status":"closed","template":"","meta":{"_trash_the_other_posts":false,"editor_notices":[]},"product_brand":[],"product_cat":[74],"product_tag":[],"class_list":{"0":"post-67421","1":"product","2":"type-product","3":"status-publish","4":"has-post-thumbnail","6":"product_cat-hundereflekser","8":"first","9":"outofstock","10":"taxable","11":"shipping-taxable","12":"purchasable","13":"product-type-variable"},"yoast_head":"<!-- This site is optimized with the Yoast SEO plugin v25.9 - https:\/\/yoast.com\/wordpress\/plugins\/seo\/ -->\n<title>ATLE \u2013 refleksb\u00e5nd til \u00e5 feste rundt halsen til hunder - Smart in the dark Norsk<\/title>\n<meta name=\"robots\" content=\"index, follow, max-snippet:-1, max-image-preview:large, max-video-preview:-1\" \/>\n<link rel=\"canonical\" href=\"https:\/\/smartinthedark.com\/no\/produkt\/atle-refleksband-til-a-feste-rundt-halsen-til-hunder\/\" \/>\n<meta property=\"og:locale\" content=\"nb_NO\" \/>\n<meta property=\"og:type\" content=\"article\" \/>\n<meta property=\"og:title\" content=\"ATLE \u2013 refleksb\u00e5nd til \u00e5 feste rundt halsen til hunder - Smart in the dark Norsk\" \/>\n<meta property=\"og:description\" content=\"Fleksibelt refleksb\u00e5nd som enkelt kan festes rundt halsen til hunden din med en sterk borrel\u00e5s. Med dette refleksb\u00e5ndet er hunden din synlig n\u00e5r dere beveger dere i trafikken. Refleksb\u00e5ndet er utstyrt med et knapphull, som kan tres gjennom l\u00f8kken som sitter p\u00e5 halsb\u00e5ndet, men det kan ogs\u00e5 festes direkte p\u00e5 hundens hals. Les mer.\" \/>\n<meta property=\"og:url\" content=\"https:\/\/smartinthedark.com\/no\/produkt\/atle-refleksband-til-a-feste-rundt-halsen-til-hunder\/\" \/>\n<meta property=\"og:site_name\" content=\"Smart in the dark Norsk\" \/>\n<meta property=\"article:publisher\" content=\"https:\/\/www.facebook.com\/smartinthedark\/\" \/>\n<meta property=\"article:modified_time\" content=\"2026-04-11T10:37:26+00:00\" \/>\n<meta property=\"og:image\" content=\"https:\/\/smartinthedark.com\/no\/wp-content\/uploads\/sites\/13\/2021\/05\/Atle-svart-nordlys-smart-in-the-dark.png\" \/>\n\t<meta property=\"og:image:width\" content=\"500\" \/>\n\t<meta property=\"og:image:height\" content=\"500\" \/>\n\t<meta property=\"og:image:type\" content=\"image\/png\" \/>\n<meta name=\"twitter:card\" content=\"summary_large_image\" \/>\n<meta name=\"twitter:label1\" content=\"Ansl. lesetid\" \/>\n\t<meta name=\"twitter:data1\" content=\"2 minutter\" \/>\n<script type=\"application\/ld+json\" class=\"yoast-schema-graph\">{\"@context\":\"https:\/\/schema.org\",\"@graph\":[{\"@type\":\"WebPage\",\"@id\":\"https:\/\/smartinthedark.com\/no\/produkt\/atle-refleksband-til-a-feste-rundt-halsen-til-hunder\/\",\"url\":\"https:\/\/smartinthedark.com\/no\/produkt\/atle-refleksband-til-a-feste-rundt-halsen-til-hunder\/\",\"name\":\"ATLE \u2013 refleksb\u00e5nd til \u00e5 feste rundt halsen til hunder - Smart in the dark Norsk\",\"isPartOf\":{\"@id\":\"https:\/\/smartinthedark.com\/no\/#website\"},\"primaryImageOfPage\":{\"@id\":\"https:\/\/smartinthedark.com\/no\/produkt\/atle-refleksband-til-a-feste-rundt-halsen-til-hunder\/#primaryimage\"},\"image\":{\"@id\":\"https:\/\/smartinthedark.com\/no\/produkt\/atle-refleksband-til-a-feste-rundt-halsen-til-hunder\/#primaryimage\"},\"thumbnailUrl\":\"https:\/\/smartinthedark.com\/no\/wp-content\/uploads\/sites\/13\/2021\/05\/Atle-svart-nordlys-smart-in-the-dark.png\",\"datePublished\":\"2026-03-31T13:24:22+00:00\",\"dateModified\":\"2026-04-11T10:37:26+00:00\",\"breadcrumb\":{\"@id\":\"https:\/\/smartinthedark.com\/no\/produkt\/atle-refleksband-til-a-feste-rundt-halsen-til-hunder\/#breadcrumb\"},\"inLanguage\":\"nb-NO\",\"potentialAction\":[{\"@type\":\"ReadAction\",\"target\":[\"https:\/\/smartinthedark.com\/no\/produkt\/atle-refleksband-til-a-feste-rundt-halsen-til-hunder\/\"]}]},{\"@type\":\"ImageObject\",\"inLanguage\":\"nb-NO\",\"@id\":\"https:\/\/smartinthedark.com\/no\/produkt\/atle-refleksband-til-a-feste-rundt-halsen-til-hunder\/#primaryimage\",\"url\":\"https:\/\/smartinthedark.com\/no\/wp-content\/uploads\/sites\/13\/2021\/05\/Atle-svart-nordlys-smart-in-the-dark.png\",\"contentUrl\":\"https:\/\/smartinthedark.com\/no\/wp-content\/uploads\/sites\/13\/2021\/05\/Atle-svart-nordlys-smart-in-the-dark.png\",\"width\":500,\"height\":500,\"caption\":\"Atle, Svart hundehalsb\u00e5nd med refleks og borrel\u00e5s \u2013 Smart in the Dark\"},{\"@type\":\"BreadcrumbList\",\"@id\":\"https:\/\/smartinthedark.com\/no\/produkt\/atle-refleksband-til-a-feste-rundt-halsen-til-hunder\/#breadcrumb\",\"itemListElement\":[{\"@type\":\"ListItem\",\"position\":1,\"name\":\"Hem\",\"item\":\"https:\/\/smartinthedark.com\/no\/\"},{\"@type\":\"ListItem\",\"position\":2,\"name\":\"Nettbutikk\",\"item\":\"https:\/\/smartinthedark.com\/no\/nettbutikk\/\"},{\"@type\":\"ListItem\",\"position\":3,\"name\":\"ATLE \u2013 refleksb\u00e5nd til \u00e5 feste rundt halsen til hunder\"}]},{\"@type\":\"WebSite\",\"@id\":\"https:\/\/smartinthedark.com\/no\/#website\",\"url\":\"https:\/\/smartinthedark.com\/no\/\",\"name\":\"Smart in the dark Norsk\",\"description\":\"\",\"potentialAction\":[{\"@type\":\"SearchAction\",\"target\":{\"@type\":\"EntryPoint\",\"urlTemplate\":\"https:\/\/smartinthedark.com\/no\/?s={search_term_string}\"},\"query-input\":{\"@type\":\"PropertyValueSpecification\",\"valueRequired\":true,\"valueName\":\"search_term_string\"}}],\"inLanguage\":\"nb-NO\"}]}<\/script>\n<!-- \/ Yoast SEO plugin. -->","yoast_head_json":{"title":"ATLE \u2013 refleksb\u00e5nd til \u00e5 feste rundt halsen til hunder - Smart in the dark Norsk","robots":{"index":"index","follow":"follow","max-snippet":"max-snippet:-1","max-image-preview":"max-image-preview:large","max-video-preview":"max-video-preview:-1"},"canonical":"https:\/\/smartinthedark.com\/no\/produkt\/atle-refleksband-til-a-feste-rundt-halsen-til-hunder\/","og_locale":"nb_NO","og_type":"article","og_title":"ATLE \u2013 refleksb\u00e5nd til \u00e5 feste rundt halsen til hunder - Smart in the dark Norsk","og_description":"Fleksibelt refleksb\u00e5nd som enkelt kan festes rundt halsen til hunden din med en sterk borrel\u00e5s. Med dette refleksb\u00e5ndet er hunden din synlig n\u00e5r dere beveger dere i trafikken. Refleksb\u00e5ndet er utstyrt med et knapphull, som kan tres gjennom l\u00f8kken som sitter p\u00e5 halsb\u00e5ndet, men det kan ogs\u00e5 festes direkte p\u00e5 hundens hals. Les mer.","og_url":"https:\/\/smartinthedark.com\/no\/produkt\/atle-refleksband-til-a-feste-rundt-halsen-til-hunder\/","og_site_name":"Smart in the dark Norsk","article_publisher":"https:\/\/www.facebook.com\/smartinthedark\/","article_modified_time":"2026-04-11T10:37:26+00:00","og_image":[{"width":500,"height":500,"url":"https:\/\/smartinthedark.com\/no\/wp-content\/uploads\/sites\/13\/2021\/05\/Atle-svart-nordlys-smart-in-the-dark.png","type":"image\/png"}],"twitter_card":"summary_large_image","twitter_misc":{"Ansl. lesetid":"2 minutter"},"schema":{"@context":"https:\/\/schema.org","@graph":[{"@type":"WebPage","@id":"https:\/\/smartinthedark.com\/no\/produkt\/atle-refleksband-til-a-feste-rundt-halsen-til-hunder\/","url":"https:\/\/smartinthedark.com\/no\/produkt\/atle-refleksband-til-a-feste-rundt-halsen-til-hunder\/","name":"ATLE \u2013 refleksb\u00e5nd til \u00e5 feste rundt halsen til hunder - Smart in the dark Norsk","isPartOf":{"@id":"https:\/\/smartinthedark.com\/no\/#website"},"primaryImageOfPage":{"@id":"https:\/\/smartinthedark.com\/no\/produkt\/atle-refleksband-til-a-feste-rundt-halsen-til-hunder\/#primaryimage"},"image":{"@id":"https:\/\/smartinthedark.com\/no\/produkt\/atle-refleksband-til-a-feste-rundt-halsen-til-hunder\/#primaryimage"},"thumbnailUrl":"https:\/\/smartinthedark.com\/no\/wp-content\/uploads\/sites\/13\/2021\/05\/Atle-svart-nordlys-smart-in-the-dark.png","datePublished":"2026-03-31T13:24:22+00:00","dateModified":"2026-04-11T10:37:26+00:00","breadcrumb":{"@id":"https:\/\/smartinthedark.com\/no\/produkt\/atle-refleksband-til-a-feste-rundt-halsen-til-hunder\/#breadcrumb"},"inLanguage":"nb-NO","potentialAction":[{"@type":"ReadAction","target":["https:\/\/smartinthedark.com\/no\/produkt\/atle-refleksband-til-a-feste-rundt-halsen-til-hunder\/"]}]},{"@type":"ImageObject","inLanguage":"nb-NO","@id":"https:\/\/smartinthedark.com\/no\/produkt\/atle-refleksband-til-a-feste-rundt-halsen-til-hunder\/#primaryimage","url":"https:\/\/smartinthedark.com\/no\/wp-content\/uploads\/sites\/13\/2021\/05\/Atle-svart-nordlys-smart-in-the-dark.png","contentUrl":"https:\/\/smartinthedark.com\/no\/wp-content\/uploads\/sites\/13\/2021\/05\/Atle-svart-nordlys-smart-in-the-dark.png","width":500,"height":500,"caption":"Atle, Svart hundehalsb\u00e5nd med refleks og borrel\u00e5s \u2013 Smart in the Dark"},{"@type":"BreadcrumbList","@id":"https:\/\/smartinthedark.com\/no\/produkt\/atle-refleksband-til-a-feste-rundt-halsen-til-hunder\/#breadcrumb","itemListElement":[{"@type":"ListItem","position":1,"name":"Hem","item":"https:\/\/smartinthedark.com\/no\/"},{"@type":"ListItem","position":2,"name":"Nettbutikk","item":"https:\/\/smartinthedark.com\/no\/nettbutikk\/"},{"@type":"ListItem","position":3,"name":"ATLE \u2013 refleksb\u00e5nd til \u00e5 feste rundt halsen til hunder"}]},{"@type":"WebSite","@id":"https:\/\/smartinthedark.com\/no\/#website","url":"https:\/\/smartinthedark.com\/no\/","name":"Smart in the dark Norsk","description":"","potentialAction":[{"@type":"SearchAction","target":{"@type":"EntryPoint","urlTemplate":"https:\/\/smartinthedark.com\/no\/?s={search_term_string}"},"query-input":{"@type":"PropertyValueSpecification","valueRequired":true,"valueName":"search_term_string"}}],"inLanguage":"nb-NO"}]}},"_links":{"self":[{"href":"https:\/\/smartinthedark.com\/no\/wp-json\/wp\/v2\/product\/67421","targetHints":{"allow":["GET"]}}],"collection":[{"href":"https:\/\/smartinthedark.com\/no\/wp-json\/wp\/v2\/product"}],"about":[{"href":"https:\/\/smartinthedark.com\/no\/wp-json\/wp\/v2\/types\/product"}],"replies":[{"embeddable":true,"href":"https:\/\/smartinthedark.com\/no\/wp-json\/wp\/v2\/comments?post=67421"}],"wp:featuredmedia":[{"embeddable":true,"href":"https:\/\/smartinthedark.com\/no\/wp-json\/wp\/v2\/media\/67423"}],"wp:attachment":[{"href":"https:\/\/smartinthedark.com\/no\/wp-json\/wp\/v2\/media?parent=67421"}],"wp:term":[{"taxonomy":"product_brand","embeddable":true,"href":"https:\/\/smartinthedark.com\/no\/wp-json\/wp\/v2\/product_brand?post=67421"},{"taxonomy":"product_cat","embeddable":true,"href":"https:\/\/smartinthedark.com\/no\/wp-json\/wp\/v2\/product_cat?post=67421"},{"taxonomy":"product_tag","embeddable":true,"href":"https:\/\/smartinthedark.com\/no\/wp-json\/wp\/v2\/product_tag?post=67421"}],"curies":[{"name":"wp","href":"https:\/\/api.w.org\/{rel}","templated":true}]}}