{"id":67396,"date":"2021-06-02T11:15:28","date_gmt":"2021-06-02T09:15:28","guid":{"rendered":"https:\/\/smartinthedark.com\/no\/?post_type=product&#038;p=67396"},"modified":"2025-10-31T13:26:44","modified_gmt":"2025-10-31T12:26:44","slug":"varmende-reflekslue-i-en-behagelig-ull-og-kasjmirblanding","status":"publish","type":"product","link":"https:\/\/smartinthedark.com\/no\/produkt\/varmende-reflekslue-i-en-behagelig-ull-og-kasjmirblanding\/","title":{"rendered":"Varmende reflekslue i en behagelig ull- og kasjmirblanding"},"content":{"rendered":"<p><strong>Glem luer som stikker og kl\u00f8r! Den nye refleksluen v\u00e5r er utrolig behagelig, spesielt for deg som \u2018aldri kan bruke\u2019 luer med ull. Materialet f\u00f8les ut som et teddystoff og har en h\u00f8y varmeisoleringskapasitet. Den er laget av et veldig eksklusivt stoff fra Italia, som er en myk blanding av ull, kasjmir, viskose og fleece. Modellen er litt bredere og h\u00f8yere, og passer til alle som liker en mer romslig lue. Luen er tilgjengelig i to nordiske m\u00f8nstre, Fl\u00e4ta og Norrsken, og kommer i fire ulike farger: gr\u00e5, furugr\u00f8nn, burgunder og en nydelig denimbl\u00e5 farge. Hvilken er din favoritt?\u00a0 <\/strong><\/p>\n<ul>\n<li>Tilgjengelig i to st\u00f8rrelser: S-M <strong>(56-58<\/strong> <strong>cm) <\/strong><strong>og<\/strong><strong> L-XL (58-60 cm)<\/strong><\/li>\n<li><strong>Materialet best\u00e5r av: <\/strong><strong>31% polyamid, 26% viskos<\/strong><strong>e<\/strong><strong>, 26% <\/strong><strong>gjenvunnet<\/strong><strong> ull, 12% polyester<\/strong><strong> og<\/strong><strong> 5% kas<\/strong><strong>j<\/strong><\/li>\n<li><strong>Fibrene i ullen kommer fra resirkulert stoff fra gamle plagg<\/strong><\/li>\n<li>Refleksbredde 3,5 cm<\/li>\n<li>Produktet er CE-merket EN <strong>13356 (person<\/strong><strong>refleks<\/strong><strong>)<\/strong><\/li>\n<\/ul>\n<p>Refleksene v\u00e5re hjelper deg \u00e5 v\u00e6re synlig i m\u00f8rket p\u00e5 over 125 meters avstand. De er laget av 3M Scotchlite, som er ett av de tryggeste og beste refleksmaterialene p\u00e5 markedet.<\/p>\n","protected":false},"excerpt":{"rendered":"<p>Den nye refleksluen v\u00e5r er utrolig behagelig, spesielt for deg som \u2018aldri kan bruke\u2019 luer med ull. Materialet f\u00f8les ut som et teddystoff og har en h\u00f8y varmeisoleringskapasitet. <a href=\"#beskrivning\"><b><u>Les mer<\/u><\/b><\/a><\/p>\n","protected":false},"featured_media":67447,"comment_status":"closed","ping_status":"closed","template":"","meta":{"_trash_the_other_posts":false,"editor_notices":[]},"product_brand":[],"product_cat":[60],"product_tag":[],"class_list":{"0":"post-67396","1":"product","2":"type-product","3":"status-publish","4":"has-post-thumbnail","6":"product_cat-reflekslue-og-reflekspanneband","8":"first","9":"instock","10":"taxable","11":"shipping-taxable","12":"purchasable","13":"product-type-variable"},"yoast_head":"<!-- This site is optimized with the Yoast SEO plugin v25.9 - https:\/\/yoast.com\/wordpress\/plugins\/seo\/ -->\n<title>Varmende reflekslue i en behagelig ull- og kasjmirblanding - Smart in the dark Norsk<\/title>\n<meta name=\"robots\" content=\"index, follow, max-snippet:-1, max-image-preview:large, max-video-preview:-1\" \/>\n<link rel=\"canonical\" href=\"https:\/\/smartinthedark.com\/no\/produkt\/varmende-reflekslue-i-en-behagelig-ull-og-kasjmirblanding\/\" \/>\n<meta property=\"og:locale\" content=\"nb_NO\" \/>\n<meta property=\"og:type\" content=\"article\" \/>\n<meta property=\"og:title\" content=\"Varmende reflekslue i en behagelig ull- og kasjmirblanding - Smart in the dark Norsk\" \/>\n<meta property=\"og:description\" content=\"Den nye refleksluen v\u00e5r er utrolig behagelig, spesielt for deg som \u2018aldri kan bruke\u2019 luer med ull. Materialet f\u00f8les ut som et teddystoff og har en h\u00f8y varmeisoleringskapasitet. Les mer\" \/>\n<meta property=\"og:url\" content=\"https:\/\/smartinthedark.com\/no\/produkt\/varmende-reflekslue-i-en-behagelig-ull-og-kasjmirblanding\/\" \/>\n<meta property=\"og:site_name\" content=\"Smart in the dark Norsk\" \/>\n<meta property=\"article:publisher\" content=\"https:\/\/www.facebook.com\/smartinthedark\/\" \/>\n<meta property=\"article:modified_time\" content=\"2025-10-31T12:26:44+00:00\" \/>\n<meta property=\"og:image\" content=\"https:\/\/smartinthedark.com\/no\/wp-content\/uploads\/sites\/13\/2021\/05\/Reflekslue-ull-og-kashmir-smart-in-the-dark.png\" \/>\n\t<meta property=\"og:image:width\" content=\"500\" \/>\n\t<meta property=\"og:image:height\" content=\"500\" \/>\n\t<meta property=\"og:image:type\" content=\"image\/png\" \/>\n<meta name=\"twitter:card\" content=\"summary_large_image\" \/>\n<meta name=\"twitter:label1\" content=\"Ansl. lesetid\" \/>\n\t<meta name=\"twitter:data1\" content=\"1 minutt\" \/>\n<script type=\"application\/ld+json\" class=\"yoast-schema-graph\">{\"@context\":\"https:\/\/schema.org\",\"@graph\":[{\"@type\":\"WebPage\",\"@id\":\"https:\/\/smartinthedark.com\/no\/produkt\/varmende-reflekslue-i-en-behagelig-ull-og-kasjmirblanding\/\",\"url\":\"https:\/\/smartinthedark.com\/no\/produkt\/varmende-reflekslue-i-en-behagelig-ull-og-kasjmirblanding\/\",\"name\":\"Varmende reflekslue i en behagelig ull- og kasjmirblanding - Smart in the dark Norsk\",\"isPartOf\":{\"@id\":\"https:\/\/smartinthedark.com\/no\/#website\"},\"primaryImageOfPage\":{\"@id\":\"https:\/\/smartinthedark.com\/no\/produkt\/varmende-reflekslue-i-en-behagelig-ull-og-kasjmirblanding\/#primaryimage\"},\"image\":{\"@id\":\"https:\/\/smartinthedark.com\/no\/produkt\/varmende-reflekslue-i-en-behagelig-ull-og-kasjmirblanding\/#primaryimage\"},\"thumbnailUrl\":\"https:\/\/smartinthedark.com\/no\/wp-content\/uploads\/sites\/13\/2021\/05\/Reflekslue-ull-og-kashmir-smart-in-the-dark.png\",\"datePublished\":\"2021-06-02T09:15:28+00:00\",\"dateModified\":\"2025-10-31T12:26:44+00:00\",\"breadcrumb\":{\"@id\":\"https:\/\/smartinthedark.com\/no\/produkt\/varmende-reflekslue-i-en-behagelig-ull-og-kasjmirblanding\/#breadcrumb\"},\"inLanguage\":\"nb-NO\",\"potentialAction\":[{\"@type\":\"ReadAction\",\"target\":[\"https:\/\/smartinthedark.com\/no\/produkt\/varmende-reflekslue-i-en-behagelig-ull-og-kasjmirblanding\/\"]}]},{\"@type\":\"ImageObject\",\"inLanguage\":\"nb-NO\",\"@id\":\"https:\/\/smartinthedark.com\/no\/produkt\/varmende-reflekslue-i-en-behagelig-ull-og-kasjmirblanding\/#primaryimage\",\"url\":\"https:\/\/smartinthedark.com\/no\/wp-content\/uploads\/sites\/13\/2021\/05\/Reflekslue-ull-og-kashmir-smart-in-the-dark.png\",\"contentUrl\":\"https:\/\/smartinthedark.com\/no\/wp-content\/uploads\/sites\/13\/2021\/05\/Reflekslue-ull-og-kashmir-smart-in-the-dark.png\",\"width\":500,\"height\":500},{\"@type\":\"BreadcrumbList\",\"@id\":\"https:\/\/smartinthedark.com\/no\/produkt\/varmende-reflekslue-i-en-behagelig-ull-og-kasjmirblanding\/#breadcrumb\",\"itemListElement\":[{\"@type\":\"ListItem\",\"position\":1,\"name\":\"Hem\",\"item\":\"https:\/\/smartinthedark.com\/no\/\"},{\"@type\":\"ListItem\",\"position\":2,\"name\":\"Nettbutikk\",\"item\":\"https:\/\/smartinthedark.com\/no\/nettbutikk\/\"},{\"@type\":\"ListItem\",\"position\":3,\"name\":\"Varmende reflekslue i en behagelig ull- og kasjmirblanding\"}]},{\"@type\":\"WebSite\",\"@id\":\"https:\/\/smartinthedark.com\/no\/#website\",\"url\":\"https:\/\/smartinthedark.com\/no\/\",\"name\":\"Smart in the dark Norsk\",\"description\":\"\",\"potentialAction\":[{\"@type\":\"SearchAction\",\"target\":{\"@type\":\"EntryPoint\",\"urlTemplate\":\"https:\/\/smartinthedark.com\/no\/?s={search_term_string}\"},\"query-input\":{\"@type\":\"PropertyValueSpecification\",\"valueRequired\":true,\"valueName\":\"search_term_string\"}}],\"inLanguage\":\"nb-NO\"}]}<\/script>\n<!-- \/ Yoast SEO plugin. -->","yoast_head_json":{"title":"Varmende reflekslue i en behagelig ull- og kasjmirblanding - Smart in the dark Norsk","robots":{"index":"index","follow":"follow","max-snippet":"max-snippet:-1","max-image-preview":"max-image-preview:large","max-video-preview":"max-video-preview:-1"},"canonical":"https:\/\/smartinthedark.com\/no\/produkt\/varmende-reflekslue-i-en-behagelig-ull-og-kasjmirblanding\/","og_locale":"nb_NO","og_type":"article","og_title":"Varmende reflekslue i en behagelig ull- og kasjmirblanding - Smart in the dark Norsk","og_description":"Den nye refleksluen v\u00e5r er utrolig behagelig, spesielt for deg som \u2018aldri kan bruke\u2019 luer med ull. Materialet f\u00f8les ut som et teddystoff og har en h\u00f8y varmeisoleringskapasitet. Les mer","og_url":"https:\/\/smartinthedark.com\/no\/produkt\/varmende-reflekslue-i-en-behagelig-ull-og-kasjmirblanding\/","og_site_name":"Smart in the dark Norsk","article_publisher":"https:\/\/www.facebook.com\/smartinthedark\/","article_modified_time":"2025-10-31T12:26:44+00:00","og_image":[{"width":500,"height":500,"url":"https:\/\/smartinthedark.com\/no\/wp-content\/uploads\/sites\/13\/2021\/05\/Reflekslue-ull-og-kashmir-smart-in-the-dark.png","type":"image\/png"}],"twitter_card":"summary_large_image","twitter_misc":{"Ansl. lesetid":"1 minutt"},"schema":{"@context":"https:\/\/schema.org","@graph":[{"@type":"WebPage","@id":"https:\/\/smartinthedark.com\/no\/produkt\/varmende-reflekslue-i-en-behagelig-ull-og-kasjmirblanding\/","url":"https:\/\/smartinthedark.com\/no\/produkt\/varmende-reflekslue-i-en-behagelig-ull-og-kasjmirblanding\/","name":"Varmende reflekslue i en behagelig ull- og kasjmirblanding - Smart in the dark Norsk","isPartOf":{"@id":"https:\/\/smartinthedark.com\/no\/#website"},"primaryImageOfPage":{"@id":"https:\/\/smartinthedark.com\/no\/produkt\/varmende-reflekslue-i-en-behagelig-ull-og-kasjmirblanding\/#primaryimage"},"image":{"@id":"https:\/\/smartinthedark.com\/no\/produkt\/varmende-reflekslue-i-en-behagelig-ull-og-kasjmirblanding\/#primaryimage"},"thumbnailUrl":"https:\/\/smartinthedark.com\/no\/wp-content\/uploads\/sites\/13\/2021\/05\/Reflekslue-ull-og-kashmir-smart-in-the-dark.png","datePublished":"2021-06-02T09:15:28+00:00","dateModified":"2025-10-31T12:26:44+00:00","breadcrumb":{"@id":"https:\/\/smartinthedark.com\/no\/produkt\/varmende-reflekslue-i-en-behagelig-ull-og-kasjmirblanding\/#breadcrumb"},"inLanguage":"nb-NO","potentialAction":[{"@type":"ReadAction","target":["https:\/\/smartinthedark.com\/no\/produkt\/varmende-reflekslue-i-en-behagelig-ull-og-kasjmirblanding\/"]}]},{"@type":"ImageObject","inLanguage":"nb-NO","@id":"https:\/\/smartinthedark.com\/no\/produkt\/varmende-reflekslue-i-en-behagelig-ull-og-kasjmirblanding\/#primaryimage","url":"https:\/\/smartinthedark.com\/no\/wp-content\/uploads\/sites\/13\/2021\/05\/Reflekslue-ull-og-kashmir-smart-in-the-dark.png","contentUrl":"https:\/\/smartinthedark.com\/no\/wp-content\/uploads\/sites\/13\/2021\/05\/Reflekslue-ull-og-kashmir-smart-in-the-dark.png","width":500,"height":500},{"@type":"BreadcrumbList","@id":"https:\/\/smartinthedark.com\/no\/produkt\/varmende-reflekslue-i-en-behagelig-ull-og-kasjmirblanding\/#breadcrumb","itemListElement":[{"@type":"ListItem","position":1,"name":"Hem","item":"https:\/\/smartinthedark.com\/no\/"},{"@type":"ListItem","position":2,"name":"Nettbutikk","item":"https:\/\/smartinthedark.com\/no\/nettbutikk\/"},{"@type":"ListItem","position":3,"name":"Varmende reflekslue i en behagelig ull- og kasjmirblanding"}]},{"@type":"WebSite","@id":"https:\/\/smartinthedark.com\/no\/#website","url":"https:\/\/smartinthedark.com\/no\/","name":"Smart in the dark Norsk","description":"","potentialAction":[{"@type":"SearchAction","target":{"@type":"EntryPoint","urlTemplate":"https:\/\/smartinthedark.com\/no\/?s={search_term_string}"},"query-input":{"@type":"PropertyValueSpecification","valueRequired":true,"valueName":"search_term_string"}}],"inLanguage":"nb-NO"}]}},"_links":{"self":[{"href":"https:\/\/smartinthedark.com\/no\/wp-json\/wp\/v2\/product\/67396","targetHints":{"allow":["GET"]}}],"collection":[{"href":"https:\/\/smartinthedark.com\/no\/wp-json\/wp\/v2\/product"}],"about":[{"href":"https:\/\/smartinthedark.com\/no\/wp-json\/wp\/v2\/types\/product"}],"replies":[{"embeddable":true,"href":"https:\/\/smartinthedark.com\/no\/wp-json\/wp\/v2\/comments?post=67396"}],"wp:featuredmedia":[{"embeddable":true,"href":"https:\/\/smartinthedark.com\/no\/wp-json\/wp\/v2\/media\/67447"}],"wp:attachment":[{"href":"https:\/\/smartinthedark.com\/no\/wp-json\/wp\/v2\/media?parent=67396"}],"wp:term":[{"taxonomy":"product_brand","embeddable":true,"href":"https:\/\/smartinthedark.com\/no\/wp-json\/wp\/v2\/product_brand?post=67396"},{"taxonomy":"product_cat","embeddable":true,"href":"https:\/\/smartinthedark.com\/no\/wp-json\/wp\/v2\/product_cat?post=67396"},{"taxonomy":"product_tag","embeddable":true,"href":"https:\/\/smartinthedark.com\/no\/wp-json\/wp\/v2\/product_tag?post=67396"}],"curies":[{"name":"wp","href":"https:\/\/api.w.org\/{rel}","templated":true}]}}