{"id":67144,"date":"2020-12-06T20:26:50","date_gmt":"2020-12-06T19:26:50","guid":{"rendered":"https:\/\/smartinthedark.com\/no\/?post_type=product&#038;p=67144"},"modified":"2026-03-26T11:59:53","modified_gmt":"2026-03-26T10:59:53","slug":"langt-reflekstrekk-till-vesken-og-hundeband","status":"publish","type":"product","link":"https:\/\/smartinthedark.com\/no\/produkt\/langt-reflekstrekk-till-vesken-og-hundeband\/","title":{"rendered":"Langt reflekstrekk till vesken og hundeb\u00e5nd"},"content":{"rendered":"<p>Et funksjonelt reflekterende tilbeh\u00f8r som du b\u00e5de kan feste til vesken og hunden din. Refleksen er sydd som et langt trekk, som du enkelt kan tre rundt skulderstroppen til vesken din eller rundt hundeb\u00e5ndet. Den passer til stropper opp til 4 cm, og kan enkelt festes med borrel\u00e5s.<\/p>\n<p>M\u00f8nster: Multe &amp; Nordlys<br \/>\nFarge: Svart &amp; Marinebl\u00e5<br \/>\nProduktm\u00e5l: 20 x 10 cm<br \/>\nFestes med borrel\u00e5s: 20 x 4 cm<\/p>\n<p>Smart in the dark sine hundereflekser er laget av 3M Scotchlite, som<br \/>\ner et av de tryggeste og beste refleksmaterialene p\u00e5 markedet.<\/p>\n","protected":false},"excerpt":{"rendered":"<p>Et funksjonelt reflekterende tilbeh\u00f8r som du b\u00e5de kan feste til vesken og hunden din. <b><u><a href=\"#beskrivning\">Les mer<\/a><\/u><\/b><\/p>\n","protected":false},"featured_media":67160,"comment_status":"open","ping_status":"closed","template":"","meta":{"_trash_the_other_posts":false,"editor_notices":[]},"product_brand":[],"product_cat":[62,74],"product_tag":[],"class_list":{"0":"post-67144","1":"product","2":"type-product","3":"status-publish","4":"has-post-thumbnail","6":"product_cat-reflex-tilbehor","7":"product_cat-hundereflekser","9":"first","10":"instock","11":"taxable","12":"shipping-taxable","13":"purchasable","14":"product-type-variable","15":"has-default-attributes"},"yoast_head":"<!-- This site is optimized with the Yoast SEO plugin v25.9 - https:\/\/yoast.com\/wordpress\/plugins\/seo\/ -->\n<title>Langt reflekstrekk till vesken og hundeb\u00e5nd - Smart in the dark Norsk<\/title>\n<meta name=\"robots\" content=\"index, follow, max-snippet:-1, max-image-preview:large, max-video-preview:-1\" \/>\n<link rel=\"canonical\" href=\"https:\/\/smartinthedark.com\/no\/produkt\/langt-reflekstrekk-till-vesken-og-hundeband\/\" \/>\n<meta property=\"og:locale\" content=\"nb_NO\" \/>\n<meta property=\"og:type\" content=\"article\" \/>\n<meta property=\"og:title\" content=\"Langt reflekstrekk till vesken og hundeb\u00e5nd - Smart in the dark Norsk\" \/>\n<meta property=\"og:description\" content=\"Et funksjonelt reflekterende tilbeh\u00f8r som du b\u00e5de kan feste til vesken og hunden din. Les mer\" \/>\n<meta property=\"og:url\" content=\"https:\/\/smartinthedark.com\/no\/produkt\/langt-reflekstrekk-till-vesken-og-hundeband\/\" \/>\n<meta property=\"og:site_name\" content=\"Smart in the dark Norsk\" \/>\n<meta property=\"article:publisher\" content=\"https:\/\/www.facebook.com\/smartinthedark\/\" \/>\n<meta property=\"article:modified_time\" content=\"2026-03-26T10:59:53+00:00\" \/>\n<meta property=\"og:image\" content=\"https:\/\/smartinthedark.com\/no\/wp-content\/uploads\/sites\/13\/2022\/10\/Cool-TjejBoy.arm_reflexer-1024x649-1.jpg\" \/>\n\t<meta property=\"og:image:width\" content=\"1024\" \/>\n\t<meta property=\"og:image:height\" content=\"649\" \/>\n\t<meta property=\"og:image:type\" content=\"image\/jpeg\" \/>\n<meta name=\"twitter:card\" content=\"summary_large_image\" \/>\n<meta name=\"twitter:label1\" content=\"Ansl. lesetid\" \/>\n\t<meta name=\"twitter:data1\" content=\"1 minutt\" \/>\n<script type=\"application\/ld+json\" class=\"yoast-schema-graph\">{\"@context\":\"https:\/\/schema.org\",\"@graph\":[{\"@type\":\"WebPage\",\"@id\":\"https:\/\/smartinthedark.com\/no\/produkt\/langt-reflekstrekk-till-vesken-og-hundeband\/\",\"url\":\"https:\/\/smartinthedark.com\/no\/produkt\/langt-reflekstrekk-till-vesken-og-hundeband\/\",\"name\":\"Langt reflekstrekk till vesken og hundeb\u00e5nd - Smart in the dark Norsk\",\"isPartOf\":{\"@id\":\"https:\/\/smartinthedark.com\/no\/#website\"},\"primaryImageOfPage\":{\"@id\":\"https:\/\/smartinthedark.com\/no\/produkt\/langt-reflekstrekk-till-vesken-og-hundeband\/#primaryimage\"},\"image\":{\"@id\":\"https:\/\/smartinthedark.com\/no\/produkt\/langt-reflekstrekk-till-vesken-og-hundeband\/#primaryimage\"},\"thumbnailUrl\":\"https:\/\/smartinthedark.com\/no\/wp-content\/uploads\/sites\/13\/2020\/12\/Reflex-vaskaccessoar-norrsken-smart-in-the-dark.jpg\",\"datePublished\":\"2020-12-06T19:26:50+00:00\",\"dateModified\":\"2026-03-26T10:59:53+00:00\",\"breadcrumb\":{\"@id\":\"https:\/\/smartinthedark.com\/no\/produkt\/langt-reflekstrekk-till-vesken-og-hundeband\/#breadcrumb\"},\"inLanguage\":\"nb-NO\",\"potentialAction\":[{\"@type\":\"ReadAction\",\"target\":[\"https:\/\/smartinthedark.com\/no\/produkt\/langt-reflekstrekk-till-vesken-og-hundeband\/\"]}]},{\"@type\":\"ImageObject\",\"inLanguage\":\"nb-NO\",\"@id\":\"https:\/\/smartinthedark.com\/no\/produkt\/langt-reflekstrekk-till-vesken-og-hundeband\/#primaryimage\",\"url\":\"https:\/\/smartinthedark.com\/no\/wp-content\/uploads\/sites\/13\/2020\/12\/Reflex-vaskaccessoar-norrsken-smart-in-the-dark.jpg\",\"contentUrl\":\"https:\/\/smartinthedark.com\/no\/wp-content\/uploads\/sites\/13\/2020\/12\/Reflex-vaskaccessoar-norrsken-smart-in-the-dark.jpg\",\"width\":500,\"height\":500},{\"@type\":\"BreadcrumbList\",\"@id\":\"https:\/\/smartinthedark.com\/no\/produkt\/langt-reflekstrekk-till-vesken-og-hundeband\/#breadcrumb\",\"itemListElement\":[{\"@type\":\"ListItem\",\"position\":1,\"name\":\"Hem\",\"item\":\"https:\/\/smartinthedark.com\/no\/\"},{\"@type\":\"ListItem\",\"position\":2,\"name\":\"Nettbutikk\",\"item\":\"https:\/\/smartinthedark.com\/no\/nettbutikk\/\"},{\"@type\":\"ListItem\",\"position\":3,\"name\":\"Langt reflekstrekk till vesken og hundeb\u00e5nd\"}]},{\"@type\":\"WebSite\",\"@id\":\"https:\/\/smartinthedark.com\/no\/#website\",\"url\":\"https:\/\/smartinthedark.com\/no\/\",\"name\":\"Smart in the dark Norsk\",\"description\":\"\",\"potentialAction\":[{\"@type\":\"SearchAction\",\"target\":{\"@type\":\"EntryPoint\",\"urlTemplate\":\"https:\/\/smartinthedark.com\/no\/?s={search_term_string}\"},\"query-input\":{\"@type\":\"PropertyValueSpecification\",\"valueRequired\":true,\"valueName\":\"search_term_string\"}}],\"inLanguage\":\"nb-NO\"}]}<\/script>\n<!-- \/ Yoast SEO plugin. -->","yoast_head_json":{"title":"Langt reflekstrekk till vesken og hundeb\u00e5nd - Smart in the dark Norsk","robots":{"index":"index","follow":"follow","max-snippet":"max-snippet:-1","max-image-preview":"max-image-preview:large","max-video-preview":"max-video-preview:-1"},"canonical":"https:\/\/smartinthedark.com\/no\/produkt\/langt-reflekstrekk-till-vesken-og-hundeband\/","og_locale":"nb_NO","og_type":"article","og_title":"Langt reflekstrekk till vesken og hundeb\u00e5nd - Smart in the dark Norsk","og_description":"Et funksjonelt reflekterende tilbeh\u00f8r som du b\u00e5de kan feste til vesken og hunden din. Les mer","og_url":"https:\/\/smartinthedark.com\/no\/produkt\/langt-reflekstrekk-till-vesken-og-hundeband\/","og_site_name":"Smart in the dark Norsk","article_publisher":"https:\/\/www.facebook.com\/smartinthedark\/","article_modified_time":"2026-03-26T10:59:53+00:00","og_image":[{"width":1024,"height":649,"url":"https:\/\/smartinthedark.com\/no\/wp-content\/uploads\/sites\/13\/2022\/10\/Cool-TjejBoy.arm_reflexer-1024x649-1.jpg","type":"image\/jpeg"}],"twitter_card":"summary_large_image","twitter_misc":{"Ansl. lesetid":"1 minutt"},"schema":{"@context":"https:\/\/schema.org","@graph":[{"@type":"WebPage","@id":"https:\/\/smartinthedark.com\/no\/produkt\/langt-reflekstrekk-till-vesken-og-hundeband\/","url":"https:\/\/smartinthedark.com\/no\/produkt\/langt-reflekstrekk-till-vesken-og-hundeband\/","name":"Langt reflekstrekk till vesken og hundeb\u00e5nd - Smart in the dark Norsk","isPartOf":{"@id":"https:\/\/smartinthedark.com\/no\/#website"},"primaryImageOfPage":{"@id":"https:\/\/smartinthedark.com\/no\/produkt\/langt-reflekstrekk-till-vesken-og-hundeband\/#primaryimage"},"image":{"@id":"https:\/\/smartinthedark.com\/no\/produkt\/langt-reflekstrekk-till-vesken-og-hundeband\/#primaryimage"},"thumbnailUrl":"https:\/\/smartinthedark.com\/no\/wp-content\/uploads\/sites\/13\/2020\/12\/Reflex-vaskaccessoar-norrsken-smart-in-the-dark.jpg","datePublished":"2020-12-06T19:26:50+00:00","dateModified":"2026-03-26T10:59:53+00:00","breadcrumb":{"@id":"https:\/\/smartinthedark.com\/no\/produkt\/langt-reflekstrekk-till-vesken-og-hundeband\/#breadcrumb"},"inLanguage":"nb-NO","potentialAction":[{"@type":"ReadAction","target":["https:\/\/smartinthedark.com\/no\/produkt\/langt-reflekstrekk-till-vesken-og-hundeband\/"]}]},{"@type":"ImageObject","inLanguage":"nb-NO","@id":"https:\/\/smartinthedark.com\/no\/produkt\/langt-reflekstrekk-till-vesken-og-hundeband\/#primaryimage","url":"https:\/\/smartinthedark.com\/no\/wp-content\/uploads\/sites\/13\/2020\/12\/Reflex-vaskaccessoar-norrsken-smart-in-the-dark.jpg","contentUrl":"https:\/\/smartinthedark.com\/no\/wp-content\/uploads\/sites\/13\/2020\/12\/Reflex-vaskaccessoar-norrsken-smart-in-the-dark.jpg","width":500,"height":500},{"@type":"BreadcrumbList","@id":"https:\/\/smartinthedark.com\/no\/produkt\/langt-reflekstrekk-till-vesken-og-hundeband\/#breadcrumb","itemListElement":[{"@type":"ListItem","position":1,"name":"Hem","item":"https:\/\/smartinthedark.com\/no\/"},{"@type":"ListItem","position":2,"name":"Nettbutikk","item":"https:\/\/smartinthedark.com\/no\/nettbutikk\/"},{"@type":"ListItem","position":3,"name":"Langt reflekstrekk till vesken og hundeb\u00e5nd"}]},{"@type":"WebSite","@id":"https:\/\/smartinthedark.com\/no\/#website","url":"https:\/\/smartinthedark.com\/no\/","name":"Smart in the dark Norsk","description":"","potentialAction":[{"@type":"SearchAction","target":{"@type":"EntryPoint","urlTemplate":"https:\/\/smartinthedark.com\/no\/?s={search_term_string}"},"query-input":{"@type":"PropertyValueSpecification","valueRequired":true,"valueName":"search_term_string"}}],"inLanguage":"nb-NO"}]}},"_links":{"self":[{"href":"https:\/\/smartinthedark.com\/no\/wp-json\/wp\/v2\/product\/67144","targetHints":{"allow":["GET"]}}],"collection":[{"href":"https:\/\/smartinthedark.com\/no\/wp-json\/wp\/v2\/product"}],"about":[{"href":"https:\/\/smartinthedark.com\/no\/wp-json\/wp\/v2\/types\/product"}],"replies":[{"embeddable":true,"href":"https:\/\/smartinthedark.com\/no\/wp-json\/wp\/v2\/comments?post=67144"}],"wp:featuredmedia":[{"embeddable":true,"href":"https:\/\/smartinthedark.com\/no\/wp-json\/wp\/v2\/media\/67160"}],"wp:attachment":[{"href":"https:\/\/smartinthedark.com\/no\/wp-json\/wp\/v2\/media?parent=67144"}],"wp:term":[{"taxonomy":"product_brand","embeddable":true,"href":"https:\/\/smartinthedark.com\/no\/wp-json\/wp\/v2\/product_brand?post=67144"},{"taxonomy":"product_cat","embeddable":true,"href":"https:\/\/smartinthedark.com\/no\/wp-json\/wp\/v2\/product_cat?post=67144"},{"taxonomy":"product_tag","embeddable":true,"href":"https:\/\/smartinthedark.com\/no\/wp-json\/wp\/v2\/product_tag?post=67144"}],"curies":[{"name":"wp","href":"https:\/\/api.w.org\/{rel}","templated":true}]}}