{"id":67140,"date":"2020-12-06T20:17:37","date_gmt":"2020-12-06T19:17:37","guid":{"rendered":"https:\/\/smartinthedark.com\/no\/?post_type=product&#038;p=67140"},"modified":"2025-12-16T15:35:58","modified_gmt":"2025-12-16T14:35:58","slug":"liv-bandforlenger-med-refleks","status":"publish","type":"product","link":"https:\/\/smartinthedark.com\/no\/produkt\/liv-bandforlenger-med-refleks\/","title":{"rendered":"LIV \u2013 B\u00e5ndforlenger med refleks"},"content":{"rendered":"<p>LIV er en smart utvidelse for hundeb\u00e5ndet ditt. Du fester det enkelt mellom hundens halsb\u00e5nd og det b\u00e5ndet du allerede har. Det er festet med en krok i rustfritt st\u00e5l, og i den andre enden er det festet til b\u00e5ndet ditt i en D-ramme. Fordelen er at du kan beholde favorittb\u00e5ndet ditt, i tillegg til \u00e5 bruke den smarte utvidelsesrefleksen v\u00e5r!<\/p>\n<p>Lengde p\u00e5 kun refleksen: 36 x 2,2 cm<br \/>\nLengde p\u00e5 kroken: 41,5 cm<br \/>\nFarge: Finnes i svart og marinebl\u00e5<br \/>\nM\u00f8nster: Nordlys<\/p>\n<p>Smart in the dark sine hundereflekser er laget av 3M Scotchlite, som<br \/>\ner et av de tryggeste og beste refleksmaterialene p\u00e5 markedet.<\/p>\n","protected":false},"excerpt":{"rendered":"<p>LIV er en smart utvidelse for hundeb\u00e5ndet ditt. Du fester det enkelt mellom hundens halsb\u00e5nd og det b\u00e5ndet du allerede har. <b><u><a href=\"#beskrivning\">Les mer<\/a><\/u><\/b><\/p>\n","protected":false},"featured_media":67157,"comment_status":"open","ping_status":"closed","template":"","meta":{"_trash_the_other_posts":false,"editor_notices":[]},"product_brand":[],"product_cat":[74],"product_tag":[],"class_list":{"0":"post-67140","1":"product","2":"type-product","3":"status-publish","4":"has-post-thumbnail","6":"product_cat-hundereflekser","8":"first","9":"instock","10":"taxable","11":"shipping-taxable","12":"purchasable","13":"product-type-variable","14":"has-default-attributes"},"yoast_head":"<!-- This site is optimized with the Yoast SEO plugin v25.9 - https:\/\/yoast.com\/wordpress\/plugins\/seo\/ -->\n<title>LIV \u2013 B\u00e5ndforlenger med refleks - Smart in the dark Norsk<\/title>\n<meta name=\"robots\" content=\"index, follow, max-snippet:-1, max-image-preview:large, max-video-preview:-1\" \/>\n<link rel=\"canonical\" href=\"https:\/\/smartinthedark.com\/no\/produkt\/liv-bandforlenger-med-refleks\/\" \/>\n<meta property=\"og:locale\" content=\"nb_NO\" \/>\n<meta property=\"og:type\" content=\"article\" \/>\n<meta property=\"og:title\" content=\"LIV \u2013 B\u00e5ndforlenger med refleks - Smart in the dark Norsk\" \/>\n<meta property=\"og:description\" content=\"LIV er en smart utvidelse for hundeb\u00e5ndet ditt. Du fester det enkelt mellom hundens halsb\u00e5nd og det b\u00e5ndet du allerede har. Les mer\" \/>\n<meta property=\"og:url\" content=\"https:\/\/smartinthedark.com\/no\/produkt\/liv-bandforlenger-med-refleks\/\" \/>\n<meta property=\"og:site_name\" content=\"Smart in the dark Norsk\" \/>\n<meta property=\"article:publisher\" content=\"https:\/\/www.facebook.com\/smartinthedark\/\" \/>\n<meta property=\"article:modified_time\" content=\"2025-12-16T14:35:58+00:00\" \/>\n<meta property=\"og:image\" content=\"https:\/\/smartinthedark.com\/no\/wp-content\/uploads\/sites\/13\/2022\/10\/Cool-TjejBoy.arm_reflexer-1024x649-1.jpg\" \/>\n\t<meta property=\"og:image:width\" content=\"1024\" \/>\n\t<meta property=\"og:image:height\" content=\"649\" \/>\n\t<meta property=\"og:image:type\" content=\"image\/jpeg\" \/>\n<meta name=\"twitter:card\" content=\"summary_large_image\" \/>\n<meta name=\"twitter:label1\" content=\"Ansl. lesetid\" \/>\n\t<meta name=\"twitter:data1\" content=\"1 minutt\" \/>\n<script type=\"application\/ld+json\" class=\"yoast-schema-graph\">{\"@context\":\"https:\/\/schema.org\",\"@graph\":[{\"@type\":\"WebPage\",\"@id\":\"https:\/\/smartinthedark.com\/no\/produkt\/liv-bandforlenger-med-refleks\/\",\"url\":\"https:\/\/smartinthedark.com\/no\/produkt\/liv-bandforlenger-med-refleks\/\",\"name\":\"LIV \u2013 B\u00e5ndforlenger med refleks - Smart in the dark Norsk\",\"isPartOf\":{\"@id\":\"https:\/\/smartinthedark.com\/no\/#website\"},\"primaryImageOfPage\":{\"@id\":\"https:\/\/smartinthedark.com\/no\/produkt\/liv-bandforlenger-med-refleks\/#primaryimage\"},\"image\":{\"@id\":\"https:\/\/smartinthedark.com\/no\/produkt\/liv-bandforlenger-med-refleks\/#primaryimage\"},\"thumbnailUrl\":\"https:\/\/smartinthedark.com\/no\/wp-content\/uploads\/sites\/13\/2020\/12\/reflexforlangare-norrsken-Smart-in-the-dark.jpg\",\"datePublished\":\"2020-12-06T19:17:37+00:00\",\"dateModified\":\"2025-12-16T14:35:58+00:00\",\"breadcrumb\":{\"@id\":\"https:\/\/smartinthedark.com\/no\/produkt\/liv-bandforlenger-med-refleks\/#breadcrumb\"},\"inLanguage\":\"nb-NO\",\"potentialAction\":[{\"@type\":\"ReadAction\",\"target\":[\"https:\/\/smartinthedark.com\/no\/produkt\/liv-bandforlenger-med-refleks\/\"]}]},{\"@type\":\"ImageObject\",\"inLanguage\":\"nb-NO\",\"@id\":\"https:\/\/smartinthedark.com\/no\/produkt\/liv-bandforlenger-med-refleks\/#primaryimage\",\"url\":\"https:\/\/smartinthedark.com\/no\/wp-content\/uploads\/sites\/13\/2020\/12\/reflexforlangare-norrsken-Smart-in-the-dark.jpg\",\"contentUrl\":\"https:\/\/smartinthedark.com\/no\/wp-content\/uploads\/sites\/13\/2020\/12\/reflexforlangare-norrsken-Smart-in-the-dark.jpg\",\"width\":600,\"height\":663},{\"@type\":\"BreadcrumbList\",\"@id\":\"https:\/\/smartinthedark.com\/no\/produkt\/liv-bandforlenger-med-refleks\/#breadcrumb\",\"itemListElement\":[{\"@type\":\"ListItem\",\"position\":1,\"name\":\"Hem\",\"item\":\"https:\/\/smartinthedark.com\/no\/\"},{\"@type\":\"ListItem\",\"position\":2,\"name\":\"Nettbutikk\",\"item\":\"https:\/\/smartinthedark.com\/no\/nettbutikk\/\"},{\"@type\":\"ListItem\",\"position\":3,\"name\":\"LIV \u2013 B\u00e5ndforlenger med refleks\"}]},{\"@type\":\"WebSite\",\"@id\":\"https:\/\/smartinthedark.com\/no\/#website\",\"url\":\"https:\/\/smartinthedark.com\/no\/\",\"name\":\"Smart in the dark Norsk\",\"description\":\"\",\"potentialAction\":[{\"@type\":\"SearchAction\",\"target\":{\"@type\":\"EntryPoint\",\"urlTemplate\":\"https:\/\/smartinthedark.com\/no\/?s={search_term_string}\"},\"query-input\":{\"@type\":\"PropertyValueSpecification\",\"valueRequired\":true,\"valueName\":\"search_term_string\"}}],\"inLanguage\":\"nb-NO\"}]}<\/script>\n<!-- \/ Yoast SEO plugin. -->","yoast_head_json":{"title":"LIV \u2013 B\u00e5ndforlenger med refleks - Smart in the dark Norsk","robots":{"index":"index","follow":"follow","max-snippet":"max-snippet:-1","max-image-preview":"max-image-preview:large","max-video-preview":"max-video-preview:-1"},"canonical":"https:\/\/smartinthedark.com\/no\/produkt\/liv-bandforlenger-med-refleks\/","og_locale":"nb_NO","og_type":"article","og_title":"LIV \u2013 B\u00e5ndforlenger med refleks - Smart in the dark Norsk","og_description":"LIV er en smart utvidelse for hundeb\u00e5ndet ditt. Du fester det enkelt mellom hundens halsb\u00e5nd og det b\u00e5ndet du allerede har. Les mer","og_url":"https:\/\/smartinthedark.com\/no\/produkt\/liv-bandforlenger-med-refleks\/","og_site_name":"Smart in the dark Norsk","article_publisher":"https:\/\/www.facebook.com\/smartinthedark\/","article_modified_time":"2025-12-16T14:35:58+00:00","og_image":[{"width":1024,"height":649,"url":"https:\/\/smartinthedark.com\/no\/wp-content\/uploads\/sites\/13\/2022\/10\/Cool-TjejBoy.arm_reflexer-1024x649-1.jpg","type":"image\/jpeg"}],"twitter_card":"summary_large_image","twitter_misc":{"Ansl. lesetid":"1 minutt"},"schema":{"@context":"https:\/\/schema.org","@graph":[{"@type":"WebPage","@id":"https:\/\/smartinthedark.com\/no\/produkt\/liv-bandforlenger-med-refleks\/","url":"https:\/\/smartinthedark.com\/no\/produkt\/liv-bandforlenger-med-refleks\/","name":"LIV \u2013 B\u00e5ndforlenger med refleks - Smart in the dark Norsk","isPartOf":{"@id":"https:\/\/smartinthedark.com\/no\/#website"},"primaryImageOfPage":{"@id":"https:\/\/smartinthedark.com\/no\/produkt\/liv-bandforlenger-med-refleks\/#primaryimage"},"image":{"@id":"https:\/\/smartinthedark.com\/no\/produkt\/liv-bandforlenger-med-refleks\/#primaryimage"},"thumbnailUrl":"https:\/\/smartinthedark.com\/no\/wp-content\/uploads\/sites\/13\/2020\/12\/reflexforlangare-norrsken-Smart-in-the-dark.jpg","datePublished":"2020-12-06T19:17:37+00:00","dateModified":"2025-12-16T14:35:58+00:00","breadcrumb":{"@id":"https:\/\/smartinthedark.com\/no\/produkt\/liv-bandforlenger-med-refleks\/#breadcrumb"},"inLanguage":"nb-NO","potentialAction":[{"@type":"ReadAction","target":["https:\/\/smartinthedark.com\/no\/produkt\/liv-bandforlenger-med-refleks\/"]}]},{"@type":"ImageObject","inLanguage":"nb-NO","@id":"https:\/\/smartinthedark.com\/no\/produkt\/liv-bandforlenger-med-refleks\/#primaryimage","url":"https:\/\/smartinthedark.com\/no\/wp-content\/uploads\/sites\/13\/2020\/12\/reflexforlangare-norrsken-Smart-in-the-dark.jpg","contentUrl":"https:\/\/smartinthedark.com\/no\/wp-content\/uploads\/sites\/13\/2020\/12\/reflexforlangare-norrsken-Smart-in-the-dark.jpg","width":600,"height":663},{"@type":"BreadcrumbList","@id":"https:\/\/smartinthedark.com\/no\/produkt\/liv-bandforlenger-med-refleks\/#breadcrumb","itemListElement":[{"@type":"ListItem","position":1,"name":"Hem","item":"https:\/\/smartinthedark.com\/no\/"},{"@type":"ListItem","position":2,"name":"Nettbutikk","item":"https:\/\/smartinthedark.com\/no\/nettbutikk\/"},{"@type":"ListItem","position":3,"name":"LIV \u2013 B\u00e5ndforlenger med refleks"}]},{"@type":"WebSite","@id":"https:\/\/smartinthedark.com\/no\/#website","url":"https:\/\/smartinthedark.com\/no\/","name":"Smart in the dark Norsk","description":"","potentialAction":[{"@type":"SearchAction","target":{"@type":"EntryPoint","urlTemplate":"https:\/\/smartinthedark.com\/no\/?s={search_term_string}"},"query-input":{"@type":"PropertyValueSpecification","valueRequired":true,"valueName":"search_term_string"}}],"inLanguage":"nb-NO"}]}},"_links":{"self":[{"href":"https:\/\/smartinthedark.com\/no\/wp-json\/wp\/v2\/product\/67140","targetHints":{"allow":["GET"]}}],"collection":[{"href":"https:\/\/smartinthedark.com\/no\/wp-json\/wp\/v2\/product"}],"about":[{"href":"https:\/\/smartinthedark.com\/no\/wp-json\/wp\/v2\/types\/product"}],"replies":[{"embeddable":true,"href":"https:\/\/smartinthedark.com\/no\/wp-json\/wp\/v2\/comments?post=67140"}],"wp:featuredmedia":[{"embeddable":true,"href":"https:\/\/smartinthedark.com\/no\/wp-json\/wp\/v2\/media\/67157"}],"wp:attachment":[{"href":"https:\/\/smartinthedark.com\/no\/wp-json\/wp\/v2\/media?parent=67140"}],"wp:term":[{"taxonomy":"product_brand","embeddable":true,"href":"https:\/\/smartinthedark.com\/no\/wp-json\/wp\/v2\/product_brand?post=67140"},{"taxonomy":"product_cat","embeddable":true,"href":"https:\/\/smartinthedark.com\/no\/wp-json\/wp\/v2\/product_cat?post=67140"},{"taxonomy":"product_tag","embeddable":true,"href":"https:\/\/smartinthedark.com\/no\/wp-json\/wp\/v2\/product_tag?post=67140"}],"curies":[{"name":"wp","href":"https:\/\/api.w.org\/{rel}","templated":true}]}}