{"id":67113,"date":"2020-12-06T19:38:09","date_gmt":"2020-12-06T18:38:09","guid":{"rendered":"https:\/\/smartinthedark.com\/no\/?post_type=product&#038;p=67113"},"modified":"2026-02-26T13:32:32","modified_gmt":"2026-02-26T12:32:32","slug":"freja-klassisk-hundeband-med-refleks","status":"publish","type":"product","link":"https:\/\/smartinthedark.com\/no\/produkt\/freja-klassisk-hundeband-med-refleks\/","title":{"rendered":"FREJA \u2013 Klassisk hundeb\u00e5nd med refleks"},"content":{"rendered":"<p>Dette reflekterende b\u00e5ndet lyser opp veien p\u00e5 en m\u00f8rk tur b\u00e5de for deg og hunden din. Det er perfekt til bruk i byen, men ogs\u00e5 p\u00e5 en m\u00f8rk landevei. Hundeb\u00e5ndet best\u00e5r av et b\u00e5nd som er laget av et slitesterkt polyestermateriale, og har det reflekterende m\u00f8nsteret Norrsken. Det m\u00e5ler 175 cm, inkludert h\u00e5ndtak, og er 1,8 cm bredt. I den ene enden er det en krok i rustfritt st\u00e5l, og i den andre enden er det et stabilt h\u00e5ndtak. Hundeb\u00e5ndet har i tillegg ekstra forsterkede s\u00f8mmer p\u00e5 punktene som er mest utsatt for press.<\/p>\n<p>Lengde: 175 cm<br \/>\nBredde: 1,8 cm<br \/>\nFarge: Finnes i svart og marinebl\u00e5<br \/>\nM\u00f8nster: Norrsken<\/p>\n<p>Smart in the dark sine hundereflekser er laget av 3M Scotchlite, som<br \/>\ner et av de tryggeste og beste refleksmaterialene p\u00e5 markedet.<\/p>\n","protected":false},"excerpt":{"rendered":"<p>Dette reflekterende b\u00e5ndet lyser opp veien p\u00e5 en m\u00f8rk tur b\u00e5de for deg og hunden din. Det er perfekt til bruk i byen, men ogs\u00e5 p\u00e5 en m\u00f8rk landevei. <b><u><a href=\"#beskrivning\">Les mer<\/a><\/u><\/b><\/p>\n","protected":false},"featured_media":67438,"comment_status":"open","ping_status":"closed","template":"","meta":{"_trash_the_other_posts":false,"editor_notices":[]},"product_brand":[],"product_cat":[74],"product_tag":[],"class_list":{"0":"post-67113","1":"product","2":"type-product","3":"status-publish","4":"has-post-thumbnail","6":"product_cat-hundereflekser","8":"first","9":"onbackorder","10":"taxable","11":"shipping-taxable","12":"purchasable","13":"product-type-variable","14":"has-default-attributes"},"yoast_head":"<!-- This site is optimized with the Yoast SEO plugin v25.9 - https:\/\/yoast.com\/wordpress\/plugins\/seo\/ -->\n<title>FREJA \u2013 Klassisk hundeb\u00e5nd med refleks - Smart in the dark Norsk<\/title>\n<meta name=\"robots\" content=\"index, follow, max-snippet:-1, max-image-preview:large, max-video-preview:-1\" \/>\n<link rel=\"canonical\" href=\"https:\/\/smartinthedark.com\/no\/produkt\/freja-klassisk-hundeband-med-refleks\/\" \/>\n<meta property=\"og:locale\" content=\"nb_NO\" \/>\n<meta property=\"og:type\" content=\"article\" \/>\n<meta property=\"og:title\" content=\"FREJA \u2013 Klassisk hundeb\u00e5nd med refleks - Smart in the dark Norsk\" \/>\n<meta property=\"og:description\" content=\"Dette reflekterende b\u00e5ndet lyser opp veien p\u00e5 en m\u00f8rk tur b\u00e5de for deg og hunden din. Det er perfekt til bruk i byen, men ogs\u00e5 p\u00e5 en m\u00f8rk landevei. Les mer\" \/>\n<meta property=\"og:url\" content=\"https:\/\/smartinthedark.com\/no\/produkt\/freja-klassisk-hundeband-med-refleks\/\" \/>\n<meta property=\"og:site_name\" content=\"Smart in the dark Norsk\" \/>\n<meta property=\"article:publisher\" content=\"https:\/\/www.facebook.com\/smartinthedark\/\" \/>\n<meta property=\"article:modified_time\" content=\"2026-02-26T12:32:32+00:00\" \/>\n<meta property=\"og:image\" content=\"https:\/\/smartinthedark.com\/no\/wp-content\/uploads\/sites\/13\/2022\/10\/Cool-TjejBoy.arm_reflexer-1024x649-1.jpg\" \/>\n\t<meta property=\"og:image:width\" content=\"1024\" \/>\n\t<meta property=\"og:image:height\" content=\"649\" \/>\n\t<meta property=\"og:image:type\" content=\"image\/jpeg\" \/>\n<meta name=\"twitter:card\" content=\"summary_large_image\" \/>\n<meta name=\"twitter:label1\" content=\"Ansl. lesetid\" \/>\n\t<meta name=\"twitter:data1\" content=\"1 minutt\" \/>\n<script type=\"application\/ld+json\" class=\"yoast-schema-graph\">{\"@context\":\"https:\/\/schema.org\",\"@graph\":[{\"@type\":\"WebPage\",\"@id\":\"https:\/\/smartinthedark.com\/no\/produkt\/freja-klassisk-hundeband-med-refleks\/\",\"url\":\"https:\/\/smartinthedark.com\/no\/produkt\/freja-klassisk-hundeband-med-refleks\/\",\"name\":\"FREJA \u2013 Klassisk hundeb\u00e5nd med refleks - Smart in the dark Norsk\",\"isPartOf\":{\"@id\":\"https:\/\/smartinthedark.com\/no\/#website\"},\"primaryImageOfPage\":{\"@id\":\"https:\/\/smartinthedark.com\/no\/produkt\/freja-klassisk-hundeband-med-refleks\/#primaryimage\"},\"image\":{\"@id\":\"https:\/\/smartinthedark.com\/no\/produkt\/freja-klassisk-hundeband-med-refleks\/#primaryimage\"},\"thumbnailUrl\":\"https:\/\/smartinthedark.com\/no\/wp-content\/uploads\/sites\/13\/2021\/05\/Refleksband-for-hund-svart-nordlys-smart-in-the-dark.png\",\"datePublished\":\"2020-12-06T18:38:09+00:00\",\"dateModified\":\"2026-02-26T12:32:32+00:00\",\"breadcrumb\":{\"@id\":\"https:\/\/smartinthedark.com\/no\/produkt\/freja-klassisk-hundeband-med-refleks\/#breadcrumb\"},\"inLanguage\":\"nb-NO\",\"potentialAction\":[{\"@type\":\"ReadAction\",\"target\":[\"https:\/\/smartinthedark.com\/no\/produkt\/freja-klassisk-hundeband-med-refleks\/\"]}]},{\"@type\":\"ImageObject\",\"inLanguage\":\"nb-NO\",\"@id\":\"https:\/\/smartinthedark.com\/no\/produkt\/freja-klassisk-hundeband-med-refleks\/#primaryimage\",\"url\":\"https:\/\/smartinthedark.com\/no\/wp-content\/uploads\/sites\/13\/2021\/05\/Refleksband-for-hund-svart-nordlys-smart-in-the-dark.png\",\"contentUrl\":\"https:\/\/smartinthedark.com\/no\/wp-content\/uploads\/sites\/13\/2021\/05\/Refleksband-for-hund-svart-nordlys-smart-in-the-dark.png\",\"width\":500,\"height\":500},{\"@type\":\"BreadcrumbList\",\"@id\":\"https:\/\/smartinthedark.com\/no\/produkt\/freja-klassisk-hundeband-med-refleks\/#breadcrumb\",\"itemListElement\":[{\"@type\":\"ListItem\",\"position\":1,\"name\":\"Hem\",\"item\":\"https:\/\/smartinthedark.com\/no\/\"},{\"@type\":\"ListItem\",\"position\":2,\"name\":\"Nettbutikk\",\"item\":\"https:\/\/smartinthedark.com\/no\/nettbutikk\/\"},{\"@type\":\"ListItem\",\"position\":3,\"name\":\"FREJA \u2013 Klassisk hundeb\u00e5nd med refleks\"}]},{\"@type\":\"WebSite\",\"@id\":\"https:\/\/smartinthedark.com\/no\/#website\",\"url\":\"https:\/\/smartinthedark.com\/no\/\",\"name\":\"Smart in the dark Norsk\",\"description\":\"\",\"potentialAction\":[{\"@type\":\"SearchAction\",\"target\":{\"@type\":\"EntryPoint\",\"urlTemplate\":\"https:\/\/smartinthedark.com\/no\/?s={search_term_string}\"},\"query-input\":{\"@type\":\"PropertyValueSpecification\",\"valueRequired\":true,\"valueName\":\"search_term_string\"}}],\"inLanguage\":\"nb-NO\"}]}<\/script>\n<!-- \/ Yoast SEO plugin. -->","yoast_head_json":{"title":"FREJA \u2013 Klassisk hundeb\u00e5nd med refleks - Smart in the dark Norsk","robots":{"index":"index","follow":"follow","max-snippet":"max-snippet:-1","max-image-preview":"max-image-preview:large","max-video-preview":"max-video-preview:-1"},"canonical":"https:\/\/smartinthedark.com\/no\/produkt\/freja-klassisk-hundeband-med-refleks\/","og_locale":"nb_NO","og_type":"article","og_title":"FREJA \u2013 Klassisk hundeb\u00e5nd med refleks - Smart in the dark Norsk","og_description":"Dette reflekterende b\u00e5ndet lyser opp veien p\u00e5 en m\u00f8rk tur b\u00e5de for deg og hunden din. Det er perfekt til bruk i byen, men ogs\u00e5 p\u00e5 en m\u00f8rk landevei. Les mer","og_url":"https:\/\/smartinthedark.com\/no\/produkt\/freja-klassisk-hundeband-med-refleks\/","og_site_name":"Smart in the dark Norsk","article_publisher":"https:\/\/www.facebook.com\/smartinthedark\/","article_modified_time":"2026-02-26T12:32:32+00:00","og_image":[{"width":1024,"height":649,"url":"https:\/\/smartinthedark.com\/no\/wp-content\/uploads\/sites\/13\/2022\/10\/Cool-TjejBoy.arm_reflexer-1024x649-1.jpg","type":"image\/jpeg"}],"twitter_card":"summary_large_image","twitter_misc":{"Ansl. lesetid":"1 minutt"},"schema":{"@context":"https:\/\/schema.org","@graph":[{"@type":"WebPage","@id":"https:\/\/smartinthedark.com\/no\/produkt\/freja-klassisk-hundeband-med-refleks\/","url":"https:\/\/smartinthedark.com\/no\/produkt\/freja-klassisk-hundeband-med-refleks\/","name":"FREJA \u2013 Klassisk hundeb\u00e5nd med refleks - Smart in the dark Norsk","isPartOf":{"@id":"https:\/\/smartinthedark.com\/no\/#website"},"primaryImageOfPage":{"@id":"https:\/\/smartinthedark.com\/no\/produkt\/freja-klassisk-hundeband-med-refleks\/#primaryimage"},"image":{"@id":"https:\/\/smartinthedark.com\/no\/produkt\/freja-klassisk-hundeband-med-refleks\/#primaryimage"},"thumbnailUrl":"https:\/\/smartinthedark.com\/no\/wp-content\/uploads\/sites\/13\/2021\/05\/Refleksband-for-hund-svart-nordlys-smart-in-the-dark.png","datePublished":"2020-12-06T18:38:09+00:00","dateModified":"2026-02-26T12:32:32+00:00","breadcrumb":{"@id":"https:\/\/smartinthedark.com\/no\/produkt\/freja-klassisk-hundeband-med-refleks\/#breadcrumb"},"inLanguage":"nb-NO","potentialAction":[{"@type":"ReadAction","target":["https:\/\/smartinthedark.com\/no\/produkt\/freja-klassisk-hundeband-med-refleks\/"]}]},{"@type":"ImageObject","inLanguage":"nb-NO","@id":"https:\/\/smartinthedark.com\/no\/produkt\/freja-klassisk-hundeband-med-refleks\/#primaryimage","url":"https:\/\/smartinthedark.com\/no\/wp-content\/uploads\/sites\/13\/2021\/05\/Refleksband-for-hund-svart-nordlys-smart-in-the-dark.png","contentUrl":"https:\/\/smartinthedark.com\/no\/wp-content\/uploads\/sites\/13\/2021\/05\/Refleksband-for-hund-svart-nordlys-smart-in-the-dark.png","width":500,"height":500},{"@type":"BreadcrumbList","@id":"https:\/\/smartinthedark.com\/no\/produkt\/freja-klassisk-hundeband-med-refleks\/#breadcrumb","itemListElement":[{"@type":"ListItem","position":1,"name":"Hem","item":"https:\/\/smartinthedark.com\/no\/"},{"@type":"ListItem","position":2,"name":"Nettbutikk","item":"https:\/\/smartinthedark.com\/no\/nettbutikk\/"},{"@type":"ListItem","position":3,"name":"FREJA \u2013 Klassisk hundeb\u00e5nd med refleks"}]},{"@type":"WebSite","@id":"https:\/\/smartinthedark.com\/no\/#website","url":"https:\/\/smartinthedark.com\/no\/","name":"Smart in the dark Norsk","description":"","potentialAction":[{"@type":"SearchAction","target":{"@type":"EntryPoint","urlTemplate":"https:\/\/smartinthedark.com\/no\/?s={search_term_string}"},"query-input":{"@type":"PropertyValueSpecification","valueRequired":true,"valueName":"search_term_string"}}],"inLanguage":"nb-NO"}]}},"_links":{"self":[{"href":"https:\/\/smartinthedark.com\/no\/wp-json\/wp\/v2\/product\/67113","targetHints":{"allow":["GET"]}}],"collection":[{"href":"https:\/\/smartinthedark.com\/no\/wp-json\/wp\/v2\/product"}],"about":[{"href":"https:\/\/smartinthedark.com\/no\/wp-json\/wp\/v2\/types\/product"}],"replies":[{"embeddable":true,"href":"https:\/\/smartinthedark.com\/no\/wp-json\/wp\/v2\/comments?post=67113"}],"wp:featuredmedia":[{"embeddable":true,"href":"https:\/\/smartinthedark.com\/no\/wp-json\/wp\/v2\/media\/67438"}],"wp:attachment":[{"href":"https:\/\/smartinthedark.com\/no\/wp-json\/wp\/v2\/media?parent=67113"}],"wp:term":[{"taxonomy":"product_brand","embeddable":true,"href":"https:\/\/smartinthedark.com\/no\/wp-json\/wp\/v2\/product_brand?post=67113"},{"taxonomy":"product_cat","embeddable":true,"href":"https:\/\/smartinthedark.com\/no\/wp-json\/wp\/v2\/product_cat?post=67113"},{"taxonomy":"product_tag","embeddable":true,"href":"https:\/\/smartinthedark.com\/no\/wp-json\/wp\/v2\/product_tag?post=67113"}],"curies":[{"name":"wp","href":"https:\/\/api.w.org\/{rel}","templated":true}]}}