{"id":28,"date":"2019-06-12T14:23:14","date_gmt":"2019-06-12T12:23:14","guid":{"rendered":"https:\/\/smartinthedark.com\/produkt\/import-placeholder-for-22488\/"},"modified":"2026-03-04T08:52:30","modified_gmt":"2026-03-04T07:52:30","slug":"rett-refleks-till-arm-eller-ben","status":"publish","type":"product","link":"https:\/\/smartinthedark.com\/no\/produkt\/rett-refleks-till-arm-eller-ben\/","title":{"rendered":"Rett refleks till arm eller ben"},"content":{"rendered":"<p>Med dette refleksb\u00e5ndet skaper du oppmerksomhet langs byens gater. Et pent tilbeh\u00f8r som passer like bra rundt armen som rundt benet. Refleksb\u00e5ndet reflekterer 360 grader og finns i fem ulike refleksm\u00f8nstre fra kolleksjonen Nordic Silver Collection \u2013 Molter, Flette, Fjelltopp, Nordlys og Tytteb\u00e6r. Refleksb\u00e5ndet er enkelt \u00e5 ta av og p\u00e5 takket v\u00e6re den justerbare borrel\u00e5sen. En fin gave til deg selv eller noen du er glad i!<\/p>\n<p>V\u00e5re reflekser gj\u00f8r deg synlig i m\u00f8rket p\u00e5 125 meters avstand. De er laget av 3M Scotchlite som er et av de tryggeste og beste refleksmaterialene p\u00e5 markedet.<\/p>\n<p>\u2022 Festes enkelt rundt arm eller ben med borrel\u00e5s<br \/>\n\u2022 Justerbar omkrets 28-38 cm<br \/>\n\u2022 Produktbredde 8 cm<br \/>\n\u2022 Refleksbredde 4,2 cm<\/p>\n","protected":false},"excerpt":{"rendered":"<p>Refleksen selges per styck.<\/p>\n<p>Med dette refleksb\u00e5ndet skaper du oppmerksomhet langs byens gater. Et pent tilbeh\u00f8r som passer like bra rundt armen som rundt benet. <b><u><a href=\"#beskrivning\">Les mer<\/a><\/u><\/b><\/p>\n","protected":false},"featured_media":109,"comment_status":"open","ping_status":"closed","template":"","meta":{"_trash_the_other_posts":false,"editor_notices":[]},"product_brand":[],"product_cat":[62],"product_tag":[],"class_list":{"0":"post-28","1":"product","2":"type-product","3":"status-publish","4":"has-post-thumbnail","6":"product_cat-reflex-tilbehor","8":"first","9":"instock","10":"taxable","11":"shipping-taxable","12":"purchasable","13":"product-type-variable"},"yoast_head":"<!-- This site is optimized with the Yoast SEO plugin v25.9 - https:\/\/yoast.com\/wordpress\/plugins\/seo\/ -->\n<title>Rett refleks till arm eller ben - Smart in the dark Norsk<\/title>\n<meta name=\"description\" content=\"Rak armreflex som \u00e4ven kan anv\u00e4ndas runt ben. F\u00e4stes enkelt med kardborreband. Justerbar omkrets 28-38 cm. Produktbredd 8 cm. Reflexbredd 4,2 cm.\" \/>\n<meta name=\"robots\" content=\"index, follow, max-snippet:-1, max-image-preview:large, max-video-preview:-1\" \/>\n<link rel=\"canonical\" href=\"https:\/\/smartinthedark.com\/no\/produkt\/rett-refleks-till-arm-eller-ben\/\" \/>\n<meta property=\"og:locale\" content=\"nb_NO\" \/>\n<meta property=\"og:type\" content=\"article\" \/>\n<meta property=\"og:title\" content=\"Rett refleks till arm eller ben - Smart in the dark Norsk\" \/>\n<meta property=\"og:description\" content=\"Rak armreflex som \u00e4ven kan anv\u00e4ndas runt ben. F\u00e4stes enkelt med kardborreband. Justerbar omkrets 28-38 cm. Produktbredd 8 cm. Reflexbredd 4,2 cm.\" \/>\n<meta property=\"og:url\" content=\"https:\/\/smartinthedark.com\/no\/produkt\/rett-refleks-till-arm-eller-ben\/\" \/>\n<meta property=\"og:site_name\" content=\"Smart in the dark Norsk\" \/>\n<meta property=\"article:publisher\" content=\"https:\/\/www.facebook.com\/smartinthedark\/\" \/>\n<meta property=\"article:modified_time\" content=\"2026-03-04T07:52:30+00:00\" \/>\n<meta property=\"og:image\" content=\"https:\/\/smartinthedark.com\/no\/wp-content\/uploads\/sites\/13\/2019\/06\/REFLEX-TILL-ARM-500x500.jpg\" \/>\n\t<meta property=\"og:image:width\" content=\"500\" \/>\n\t<meta property=\"og:image:height\" content=\"500\" \/>\n\t<meta property=\"og:image:type\" content=\"image\/jpeg\" \/>\n<meta name=\"twitter:card\" content=\"summary_large_image\" \/>\n<meta name=\"twitter:label1\" content=\"Ansl. lesetid\" \/>\n\t<meta name=\"twitter:data1\" content=\"1 minutt\" \/>\n<script type=\"application\/ld+json\" class=\"yoast-schema-graph\">{\"@context\":\"https:\/\/schema.org\",\"@graph\":[{\"@type\":\"WebPage\",\"@id\":\"https:\/\/smartinthedark.com\/no\/produkt\/rett-refleks-till-arm-eller-ben\/\",\"url\":\"https:\/\/smartinthedark.com\/no\/produkt\/rett-refleks-till-arm-eller-ben\/\",\"name\":\"Rett refleks till arm eller ben - Smart in the dark Norsk\",\"isPartOf\":{\"@id\":\"https:\/\/smartinthedark.com\/no\/#website\"},\"primaryImageOfPage\":{\"@id\":\"https:\/\/smartinthedark.com\/no\/produkt\/rett-refleks-till-arm-eller-ben\/#primaryimage\"},\"image\":{\"@id\":\"https:\/\/smartinthedark.com\/no\/produkt\/rett-refleks-till-arm-eller-ben\/#primaryimage\"},\"thumbnailUrl\":\"https:\/\/smartinthedark.com\/no\/wp-content\/uploads\/sites\/13\/2019\/06\/REFLEX-TILL-ARM-500x500.jpg\",\"datePublished\":\"2019-06-12T12:23:14+00:00\",\"dateModified\":\"2026-03-04T07:52:30+00:00\",\"description\":\"Rak armreflex som \u00e4ven kan anv\u00e4ndas runt ben. F\u00e4stes enkelt med kardborreband. Justerbar omkrets 28-38 cm. Produktbredd 8 cm. Reflexbredd 4,2 cm.\",\"breadcrumb\":{\"@id\":\"https:\/\/smartinthedark.com\/no\/produkt\/rett-refleks-till-arm-eller-ben\/#breadcrumb\"},\"inLanguage\":\"nb-NO\",\"potentialAction\":[{\"@type\":\"ReadAction\",\"target\":[\"https:\/\/smartinthedark.com\/no\/produkt\/rett-refleks-till-arm-eller-ben\/\"]}]},{\"@type\":\"ImageObject\",\"inLanguage\":\"nb-NO\",\"@id\":\"https:\/\/smartinthedark.com\/no\/produkt\/rett-refleks-till-arm-eller-ben\/#primaryimage\",\"url\":\"https:\/\/smartinthedark.com\/no\/wp-content\/uploads\/sites\/13\/2019\/06\/REFLEX-TILL-ARM-500x500.jpg\",\"contentUrl\":\"https:\/\/smartinthedark.com\/no\/wp-content\/uploads\/sites\/13\/2019\/06\/REFLEX-TILL-ARM-500x500.jpg\",\"width\":500,\"height\":500},{\"@type\":\"BreadcrumbList\",\"@id\":\"https:\/\/smartinthedark.com\/no\/produkt\/rett-refleks-till-arm-eller-ben\/#breadcrumb\",\"itemListElement\":[{\"@type\":\"ListItem\",\"position\":1,\"name\":\"Hem\",\"item\":\"https:\/\/smartinthedark.com\/no\/\"},{\"@type\":\"ListItem\",\"position\":2,\"name\":\"Nettbutikk\",\"item\":\"https:\/\/smartinthedark.com\/no\/nettbutikk\/\"},{\"@type\":\"ListItem\",\"position\":3,\"name\":\"Rett refleks till arm eller ben\"}]},{\"@type\":\"WebSite\",\"@id\":\"https:\/\/smartinthedark.com\/no\/#website\",\"url\":\"https:\/\/smartinthedark.com\/no\/\",\"name\":\"Smart in the dark Norsk\",\"description\":\"\",\"potentialAction\":[{\"@type\":\"SearchAction\",\"target\":{\"@type\":\"EntryPoint\",\"urlTemplate\":\"https:\/\/smartinthedark.com\/no\/?s={search_term_string}\"},\"query-input\":{\"@type\":\"PropertyValueSpecification\",\"valueRequired\":true,\"valueName\":\"search_term_string\"}}],\"inLanguage\":\"nb-NO\"}]}<\/script>\n<!-- \/ Yoast SEO plugin. -->","yoast_head_json":{"title":"Rett refleks till arm eller ben - Smart in the dark Norsk","description":"Rak armreflex som \u00e4ven kan anv\u00e4ndas runt ben. F\u00e4stes enkelt med kardborreband. Justerbar omkrets 28-38 cm. Produktbredd 8 cm. Reflexbredd 4,2 cm.","robots":{"index":"index","follow":"follow","max-snippet":"max-snippet:-1","max-image-preview":"max-image-preview:large","max-video-preview":"max-video-preview:-1"},"canonical":"https:\/\/smartinthedark.com\/no\/produkt\/rett-refleks-till-arm-eller-ben\/","og_locale":"nb_NO","og_type":"article","og_title":"Rett refleks till arm eller ben - Smart in the dark Norsk","og_description":"Rak armreflex som \u00e4ven kan anv\u00e4ndas runt ben. F\u00e4stes enkelt med kardborreband. Justerbar omkrets 28-38 cm. Produktbredd 8 cm. Reflexbredd 4,2 cm.","og_url":"https:\/\/smartinthedark.com\/no\/produkt\/rett-refleks-till-arm-eller-ben\/","og_site_name":"Smart in the dark Norsk","article_publisher":"https:\/\/www.facebook.com\/smartinthedark\/","article_modified_time":"2026-03-04T07:52:30+00:00","og_image":[{"width":500,"height":500,"url":"https:\/\/smartinthedark.com\/no\/wp-content\/uploads\/sites\/13\/2019\/06\/REFLEX-TILL-ARM-500x500.jpg","type":"image\/jpeg"}],"twitter_card":"summary_large_image","twitter_misc":{"Ansl. lesetid":"1 minutt"},"schema":{"@context":"https:\/\/schema.org","@graph":[{"@type":"WebPage","@id":"https:\/\/smartinthedark.com\/no\/produkt\/rett-refleks-till-arm-eller-ben\/","url":"https:\/\/smartinthedark.com\/no\/produkt\/rett-refleks-till-arm-eller-ben\/","name":"Rett refleks till arm eller ben - Smart in the dark Norsk","isPartOf":{"@id":"https:\/\/smartinthedark.com\/no\/#website"},"primaryImageOfPage":{"@id":"https:\/\/smartinthedark.com\/no\/produkt\/rett-refleks-till-arm-eller-ben\/#primaryimage"},"image":{"@id":"https:\/\/smartinthedark.com\/no\/produkt\/rett-refleks-till-arm-eller-ben\/#primaryimage"},"thumbnailUrl":"https:\/\/smartinthedark.com\/no\/wp-content\/uploads\/sites\/13\/2019\/06\/REFLEX-TILL-ARM-500x500.jpg","datePublished":"2019-06-12T12:23:14+00:00","dateModified":"2026-03-04T07:52:30+00:00","description":"Rak armreflex som \u00e4ven kan anv\u00e4ndas runt ben. F\u00e4stes enkelt med kardborreband. Justerbar omkrets 28-38 cm. Produktbredd 8 cm. Reflexbredd 4,2 cm.","breadcrumb":{"@id":"https:\/\/smartinthedark.com\/no\/produkt\/rett-refleks-till-arm-eller-ben\/#breadcrumb"},"inLanguage":"nb-NO","potentialAction":[{"@type":"ReadAction","target":["https:\/\/smartinthedark.com\/no\/produkt\/rett-refleks-till-arm-eller-ben\/"]}]},{"@type":"ImageObject","inLanguage":"nb-NO","@id":"https:\/\/smartinthedark.com\/no\/produkt\/rett-refleks-till-arm-eller-ben\/#primaryimage","url":"https:\/\/smartinthedark.com\/no\/wp-content\/uploads\/sites\/13\/2019\/06\/REFLEX-TILL-ARM-500x500.jpg","contentUrl":"https:\/\/smartinthedark.com\/no\/wp-content\/uploads\/sites\/13\/2019\/06\/REFLEX-TILL-ARM-500x500.jpg","width":500,"height":500},{"@type":"BreadcrumbList","@id":"https:\/\/smartinthedark.com\/no\/produkt\/rett-refleks-till-arm-eller-ben\/#breadcrumb","itemListElement":[{"@type":"ListItem","position":1,"name":"Hem","item":"https:\/\/smartinthedark.com\/no\/"},{"@type":"ListItem","position":2,"name":"Nettbutikk","item":"https:\/\/smartinthedark.com\/no\/nettbutikk\/"},{"@type":"ListItem","position":3,"name":"Rett refleks till arm eller ben"}]},{"@type":"WebSite","@id":"https:\/\/smartinthedark.com\/no\/#website","url":"https:\/\/smartinthedark.com\/no\/","name":"Smart in the dark Norsk","description":"","potentialAction":[{"@type":"SearchAction","target":{"@type":"EntryPoint","urlTemplate":"https:\/\/smartinthedark.com\/no\/?s={search_term_string}"},"query-input":{"@type":"PropertyValueSpecification","valueRequired":true,"valueName":"search_term_string"}}],"inLanguage":"nb-NO"}]}},"_links":{"self":[{"href":"https:\/\/smartinthedark.com\/no\/wp-json\/wp\/v2\/product\/28","targetHints":{"allow":["GET"]}}],"collection":[{"href":"https:\/\/smartinthedark.com\/no\/wp-json\/wp\/v2\/product"}],"about":[{"href":"https:\/\/smartinthedark.com\/no\/wp-json\/wp\/v2\/types\/product"}],"replies":[{"embeddable":true,"href":"https:\/\/smartinthedark.com\/no\/wp-json\/wp\/v2\/comments?post=28"}],"wp:featuredmedia":[{"embeddable":true,"href":"https:\/\/smartinthedark.com\/no\/wp-json\/wp\/v2\/media\/109"}],"wp:attachment":[{"href":"https:\/\/smartinthedark.com\/no\/wp-json\/wp\/v2\/media?parent=28"}],"wp:term":[{"taxonomy":"product_brand","embeddable":true,"href":"https:\/\/smartinthedark.com\/no\/wp-json\/wp\/v2\/product_brand?post=28"},{"taxonomy":"product_cat","embeddable":true,"href":"https:\/\/smartinthedark.com\/no\/wp-json\/wp\/v2\/product_cat?post=28"},{"taxonomy":"product_tag","embeddable":true,"href":"https:\/\/smartinthedark.com\/no\/wp-json\/wp\/v2\/product_tag?post=28"}],"curies":[{"name":"wp","href":"https:\/\/api.w.org\/{rel}","templated":true}]}}