{"id":27,"date":"2019-06-12T14:23:14","date_gmt":"2019-06-12T12:23:14","guid":{"rendered":"https:\/\/smartinthedark.com\/produkt\/import-placeholder-for-22303\/"},"modified":"2026-01-20T10:15:05","modified_gmt":"2026-01-20T09:15:05","slug":"refleksbelte-som-far-deg-til-a-vises","status":"publish","type":"product","link":"https:\/\/smartinthedark.com\/no\/produkt\/refleksbelte-som-far-deg-til-a-vises\/","title":{"rendered":"Refleksbelte som f\u00e5r deg til \u00e5 vises"},"content":{"rendered":"<p>Dette refleksbeltet er et lurt tilbeh\u00f8r om du vil v\u00e6re synlig og trygg i byens gater. Et pent alternativ til refleksvesten. Beltet er justerbart med trykknapper og har en liten lomme til sm\u00e5saker som n\u00f8kler, kontanter eller kort. Det reflekterer 360 grader og gj\u00f8r deg synlig p\u00e5 over 125 meters avstand. Velg ditt favorittm\u00f8nster fra Nordic Silver Collection \u2013 Molter, Flette, Fjelltopp, Nordlys eller Tytteb\u00e6r. Dette refleksbeltet gj\u00f8r antrekket komplett.<\/p>\n<p>\u2022 Justerbart med trykknapper p\u00e5 innsiden<br \/>\n\u2022 Finnes i to st\u00f8rrelser: S-M (75-95 cm) og L-XL (93-115 cm)<br \/>\n\u2022 Produktbredde 8 cm<br \/>\n\u2022 Refleksbredde 4,2 cm<\/p>\n","protected":false},"excerpt":{"rendered":"<p>Dette refleksbeltet er et lurt tilbeh\u00f8r om du vil v\u00e6re synlig og trygg i byens gater. Et pent alternativ til refleksvesten. <b><u><a href=\"#beskrivning\">Les mer<\/a><\/u><\/b><\/p>\n","protected":false},"featured_media":103,"comment_status":"open","ping_status":"closed","template":"","meta":{"_trash_the_other_posts":false,"editor_notices":[]},"product_brand":[],"product_cat":[62],"product_tag":[],"class_list":{"0":"post-27","1":"product","2":"type-product","3":"status-publish","4":"has-post-thumbnail","6":"product_cat-reflex-tilbehor","8":"first","9":"instock","10":"taxable","11":"shipping-taxable","12":"purchasable","13":"product-type-variable","14":"has-default-attributes"},"yoast_head":"<!-- This site is optimized with the Yoast SEO plugin v25.9 - https:\/\/yoast.com\/wordpress\/plugins\/seo\/ -->\n<title>Refleksbelte som f\u00e5r deg til \u00e5 vises - Smart in the dark Norsk<\/title>\n<meta name=\"description\" content=\"Reflexb\u00e4lte som reflekterar 360 grader. Inneh\u00e5ller en ficka f\u00f6r att f\u00f6rvara nycklar, kontanter eller kontokort. Justerbart med tryckknappar p\u00e5 insidan.\" \/>\n<meta name=\"robots\" content=\"index, follow, max-snippet:-1, max-image-preview:large, max-video-preview:-1\" \/>\n<link rel=\"canonical\" href=\"https:\/\/smartinthedark.com\/no\/produkt\/refleksbelte-som-far-deg-til-a-vises\/\" \/>\n<meta property=\"og:locale\" content=\"nb_NO\" \/>\n<meta property=\"og:type\" content=\"article\" \/>\n<meta property=\"og:title\" content=\"Refleksbelte som f\u00e5r deg til \u00e5 vises - Smart in the dark Norsk\" \/>\n<meta property=\"og:description\" content=\"Reflexb\u00e4lte som reflekterar 360 grader. Inneh\u00e5ller en ficka f\u00f6r att f\u00f6rvara nycklar, kontanter eller kontokort. Justerbart med tryckknappar p\u00e5 insidan.\" \/>\n<meta property=\"og:url\" content=\"https:\/\/smartinthedark.com\/no\/produkt\/refleksbelte-som-far-deg-til-a-vises\/\" \/>\n<meta property=\"og:site_name\" content=\"Smart in the dark Norsk\" \/>\n<meta property=\"article:publisher\" content=\"https:\/\/www.facebook.com\/smartinthedark\/\" \/>\n<meta property=\"article:modified_time\" content=\"2026-01-20T09:15:05+00:00\" \/>\n<meta property=\"og:image\" content=\"https:\/\/smartinthedark.com\/no\/wp-content\/uploads\/sites\/13\/2019\/06\/Lingon_b\u00e4lte_reflex.jpg\" \/>\n\t<meta property=\"og:image:width\" content=\"500\" \/>\n\t<meta property=\"og:image:height\" content=\"500\" \/>\n\t<meta property=\"og:image:type\" content=\"image\/jpeg\" \/>\n<meta name=\"twitter:card\" content=\"summary_large_image\" \/>\n<meta name=\"twitter:label1\" content=\"Ansl. lesetid\" \/>\n\t<meta name=\"twitter:data1\" content=\"1 minutt\" \/>\n<script type=\"application\/ld+json\" class=\"yoast-schema-graph\">{\"@context\":\"https:\/\/schema.org\",\"@graph\":[{\"@type\":\"WebPage\",\"@id\":\"https:\/\/smartinthedark.com\/no\/produkt\/refleksbelte-som-far-deg-til-a-vises\/\",\"url\":\"https:\/\/smartinthedark.com\/no\/produkt\/refleksbelte-som-far-deg-til-a-vises\/\",\"name\":\"Refleksbelte som f\u00e5r deg til \u00e5 vises - Smart in the dark Norsk\",\"isPartOf\":{\"@id\":\"https:\/\/smartinthedark.com\/no\/#website\"},\"primaryImageOfPage\":{\"@id\":\"https:\/\/smartinthedark.com\/no\/produkt\/refleksbelte-som-far-deg-til-a-vises\/#primaryimage\"},\"image\":{\"@id\":\"https:\/\/smartinthedark.com\/no\/produkt\/refleksbelte-som-far-deg-til-a-vises\/#primaryimage\"},\"thumbnailUrl\":\"https:\/\/smartinthedark.com\/no\/wp-content\/uploads\/sites\/13\/2019\/06\/Lingon_b\u00e4lte_reflex.jpg\",\"datePublished\":\"2019-06-12T12:23:14+00:00\",\"dateModified\":\"2026-01-20T09:15:05+00:00\",\"description\":\"Reflexb\u00e4lte som reflekterar 360 grader. Inneh\u00e5ller en ficka f\u00f6r att f\u00f6rvara nycklar, kontanter eller kontokort. Justerbart med tryckknappar p\u00e5 insidan.\",\"breadcrumb\":{\"@id\":\"https:\/\/smartinthedark.com\/no\/produkt\/refleksbelte-som-far-deg-til-a-vises\/#breadcrumb\"},\"inLanguage\":\"nb-NO\",\"potentialAction\":[{\"@type\":\"ReadAction\",\"target\":[\"https:\/\/smartinthedark.com\/no\/produkt\/refleksbelte-som-far-deg-til-a-vises\/\"]}]},{\"@type\":\"ImageObject\",\"inLanguage\":\"nb-NO\",\"@id\":\"https:\/\/smartinthedark.com\/no\/produkt\/refleksbelte-som-far-deg-til-a-vises\/#primaryimage\",\"url\":\"https:\/\/smartinthedark.com\/no\/wp-content\/uploads\/sites\/13\/2019\/06\/Lingon_b\u00e4lte_reflex.jpg\",\"contentUrl\":\"https:\/\/smartinthedark.com\/no\/wp-content\/uploads\/sites\/13\/2019\/06\/Lingon_b\u00e4lte_reflex.jpg\",\"width\":500,\"height\":500},{\"@type\":\"BreadcrumbList\",\"@id\":\"https:\/\/smartinthedark.com\/no\/produkt\/refleksbelte-som-far-deg-til-a-vises\/#breadcrumb\",\"itemListElement\":[{\"@type\":\"ListItem\",\"position\":1,\"name\":\"Hem\",\"item\":\"https:\/\/smartinthedark.com\/no\/\"},{\"@type\":\"ListItem\",\"position\":2,\"name\":\"Nettbutikk\",\"item\":\"https:\/\/smartinthedark.com\/no\/nettbutikk\/\"},{\"@type\":\"ListItem\",\"position\":3,\"name\":\"Refleksbelte som f\u00e5r deg til \u00e5 vises\"}]},{\"@type\":\"WebSite\",\"@id\":\"https:\/\/smartinthedark.com\/no\/#website\",\"url\":\"https:\/\/smartinthedark.com\/no\/\",\"name\":\"Smart in the dark Norsk\",\"description\":\"\",\"potentialAction\":[{\"@type\":\"SearchAction\",\"target\":{\"@type\":\"EntryPoint\",\"urlTemplate\":\"https:\/\/smartinthedark.com\/no\/?s={search_term_string}\"},\"query-input\":{\"@type\":\"PropertyValueSpecification\",\"valueRequired\":true,\"valueName\":\"search_term_string\"}}],\"inLanguage\":\"nb-NO\"}]}<\/script>\n<!-- \/ Yoast SEO plugin. -->","yoast_head_json":{"title":"Refleksbelte som f\u00e5r deg til \u00e5 vises - Smart in the dark Norsk","description":"Reflexb\u00e4lte som reflekterar 360 grader. Inneh\u00e5ller en ficka f\u00f6r att f\u00f6rvara nycklar, kontanter eller kontokort. Justerbart med tryckknappar p\u00e5 insidan.","robots":{"index":"index","follow":"follow","max-snippet":"max-snippet:-1","max-image-preview":"max-image-preview:large","max-video-preview":"max-video-preview:-1"},"canonical":"https:\/\/smartinthedark.com\/no\/produkt\/refleksbelte-som-far-deg-til-a-vises\/","og_locale":"nb_NO","og_type":"article","og_title":"Refleksbelte som f\u00e5r deg til \u00e5 vises - Smart in the dark Norsk","og_description":"Reflexb\u00e4lte som reflekterar 360 grader. Inneh\u00e5ller en ficka f\u00f6r att f\u00f6rvara nycklar, kontanter eller kontokort. Justerbart med tryckknappar p\u00e5 insidan.","og_url":"https:\/\/smartinthedark.com\/no\/produkt\/refleksbelte-som-far-deg-til-a-vises\/","og_site_name":"Smart in the dark Norsk","article_publisher":"https:\/\/www.facebook.com\/smartinthedark\/","article_modified_time":"2026-01-20T09:15:05+00:00","og_image":[{"width":500,"height":500,"url":"https:\/\/smartinthedark.com\/no\/wp-content\/uploads\/sites\/13\/2019\/06\/Lingon_b\u00e4lte_reflex.jpg","type":"image\/jpeg"}],"twitter_card":"summary_large_image","twitter_misc":{"Ansl. lesetid":"1 minutt"},"schema":{"@context":"https:\/\/schema.org","@graph":[{"@type":"WebPage","@id":"https:\/\/smartinthedark.com\/no\/produkt\/refleksbelte-som-far-deg-til-a-vises\/","url":"https:\/\/smartinthedark.com\/no\/produkt\/refleksbelte-som-far-deg-til-a-vises\/","name":"Refleksbelte som f\u00e5r deg til \u00e5 vises - Smart in the dark Norsk","isPartOf":{"@id":"https:\/\/smartinthedark.com\/no\/#website"},"primaryImageOfPage":{"@id":"https:\/\/smartinthedark.com\/no\/produkt\/refleksbelte-som-far-deg-til-a-vises\/#primaryimage"},"image":{"@id":"https:\/\/smartinthedark.com\/no\/produkt\/refleksbelte-som-far-deg-til-a-vises\/#primaryimage"},"thumbnailUrl":"https:\/\/smartinthedark.com\/no\/wp-content\/uploads\/sites\/13\/2019\/06\/Lingon_b\u00e4lte_reflex.jpg","datePublished":"2019-06-12T12:23:14+00:00","dateModified":"2026-01-20T09:15:05+00:00","description":"Reflexb\u00e4lte som reflekterar 360 grader. Inneh\u00e5ller en ficka f\u00f6r att f\u00f6rvara nycklar, kontanter eller kontokort. Justerbart med tryckknappar p\u00e5 insidan.","breadcrumb":{"@id":"https:\/\/smartinthedark.com\/no\/produkt\/refleksbelte-som-far-deg-til-a-vises\/#breadcrumb"},"inLanguage":"nb-NO","potentialAction":[{"@type":"ReadAction","target":["https:\/\/smartinthedark.com\/no\/produkt\/refleksbelte-som-far-deg-til-a-vises\/"]}]},{"@type":"ImageObject","inLanguage":"nb-NO","@id":"https:\/\/smartinthedark.com\/no\/produkt\/refleksbelte-som-far-deg-til-a-vises\/#primaryimage","url":"https:\/\/smartinthedark.com\/no\/wp-content\/uploads\/sites\/13\/2019\/06\/Lingon_b\u00e4lte_reflex.jpg","contentUrl":"https:\/\/smartinthedark.com\/no\/wp-content\/uploads\/sites\/13\/2019\/06\/Lingon_b\u00e4lte_reflex.jpg","width":500,"height":500},{"@type":"BreadcrumbList","@id":"https:\/\/smartinthedark.com\/no\/produkt\/refleksbelte-som-far-deg-til-a-vises\/#breadcrumb","itemListElement":[{"@type":"ListItem","position":1,"name":"Hem","item":"https:\/\/smartinthedark.com\/no\/"},{"@type":"ListItem","position":2,"name":"Nettbutikk","item":"https:\/\/smartinthedark.com\/no\/nettbutikk\/"},{"@type":"ListItem","position":3,"name":"Refleksbelte som f\u00e5r deg til \u00e5 vises"}]},{"@type":"WebSite","@id":"https:\/\/smartinthedark.com\/no\/#website","url":"https:\/\/smartinthedark.com\/no\/","name":"Smart in the dark Norsk","description":"","potentialAction":[{"@type":"SearchAction","target":{"@type":"EntryPoint","urlTemplate":"https:\/\/smartinthedark.com\/no\/?s={search_term_string}"},"query-input":{"@type":"PropertyValueSpecification","valueRequired":true,"valueName":"search_term_string"}}],"inLanguage":"nb-NO"}]}},"_links":{"self":[{"href":"https:\/\/smartinthedark.com\/no\/wp-json\/wp\/v2\/product\/27","targetHints":{"allow":["GET"]}}],"collection":[{"href":"https:\/\/smartinthedark.com\/no\/wp-json\/wp\/v2\/product"}],"about":[{"href":"https:\/\/smartinthedark.com\/no\/wp-json\/wp\/v2\/types\/product"}],"replies":[{"embeddable":true,"href":"https:\/\/smartinthedark.com\/no\/wp-json\/wp\/v2\/comments?post=27"}],"wp:featuredmedia":[{"embeddable":true,"href":"https:\/\/smartinthedark.com\/no\/wp-json\/wp\/v2\/media\/103"}],"wp:attachment":[{"href":"https:\/\/smartinthedark.com\/no\/wp-json\/wp\/v2\/media?parent=27"}],"wp:term":[{"taxonomy":"product_brand","embeddable":true,"href":"https:\/\/smartinthedark.com\/no\/wp-json\/wp\/v2\/product_brand?post=27"},{"taxonomy":"product_cat","embeddable":true,"href":"https:\/\/smartinthedark.com\/no\/wp-json\/wp\/v2\/product_cat?post=27"},{"taxonomy":"product_tag","embeddable":true,"href":"https:\/\/smartinthedark.com\/no\/wp-json\/wp\/v2\/product_tag?post=27"}],"curies":[{"name":"wp","href":"https:\/\/api.w.org\/{rel}","templated":true}]}}