{"id":25,"date":"2019-06-12T14:23:12","date_gmt":"2019-06-12T12:23:12","guid":{"rendered":"https:\/\/smartinthedark.com\/produkt\/import-placeholder-for-22301\/"},"modified":"2026-03-25T12:53:09","modified_gmt":"2026-03-25T11:53:09","slug":"smart-reflekstilbehor-til-verdifulle-saker","status":"publish","type":"product","link":"https:\/\/smartinthedark.com\/no\/produkt\/smart-reflekstilbehor-til-verdifulle-saker\/","title":{"rendered":"Smart reflekstilbeh\u00f8r til verdifulle saker"},"content":{"rendered":"<p>Dette lille reflekstilbeh\u00f8ret kan gj\u00f8re en stor forskjell i m\u00f8rket. Den er designet for \u00e5 passe perfekt p\u00e5 h\u00e5ndvesken, reisevesken, ryggsekken, barnevognen eller sykkelen og den festes enkelt med en justerbar borrel\u00e5s. Refleksen reflekterer 360 grader og gj\u00f8r at du vises allerede p\u00e5 over 125 meters avstand. Finnes i m\u00f8nster inspirert av Norden \u2013 Molter, Flette, Fjelltopp, Nordlys og Tytteb\u00e6r. S\u00e5 velg det m\u00f8nsteret du liker best og b\u00e6r dette reflekstilbeh\u00f8ret med stolthet. Den sklir b\u00e5de inn samtidig som den skiller seg ut.<\/p>\n<p>\u2022 Festes enkelt\u00a0med borrel\u00e5s<br \/>\n\u2022 Justerbar omkrets 15-18 cm<br \/>\n\u2022 Produktbredde 8 cm<br \/>\n\u2022 Refleksbredde\u00a05,6 cm<\/p>\n","protected":false},"excerpt":{"rendered":"<p>Dette lille reflekstilbeh\u00f8ret kan gj\u00f8re en stor forskjell i m\u00f8rket. <b><u><a href=\"#beskrivning\">Les mer<\/a><\/u><\/b><\/p>\n","protected":false},"featured_media":94,"comment_status":"open","ping_status":"closed","template":"","meta":{"_trash_the_other_posts":false,"editor_notices":[]},"product_brand":[],"product_cat":[62],"product_tag":[],"class_list":{"0":"post-25","1":"product","2":"type-product","3":"status-publish","4":"has-post-thumbnail","6":"product_cat-reflex-tilbehor","8":"first","9":"instock","10":"taxable","11":"shipping-taxable","12":"purchasable","13":"product-type-variable"},"yoast_head":"<!-- This site is optimized with the Yoast SEO plugin v25.9 - https:\/\/yoast.com\/wordpress\/plugins\/seo\/ -->\n<title>Smart reflekstilbeh\u00f8r til verdifulle saker - Smart in the dark Norsk<\/title>\n<meta name=\"description\" content=\"Liten reflex passar till handv\u00e4skan, resv\u00e4skan, ryggs\u00e4ck, barnvagn eller\u00a0cykel. Reflexkollektionen heter Nordic Silver Collection.\" \/>\n<meta name=\"robots\" content=\"index, follow, max-snippet:-1, max-image-preview:large, max-video-preview:-1\" \/>\n<link rel=\"canonical\" href=\"https:\/\/smartinthedark.com\/no\/produkt\/smart-reflekstilbehor-til-verdifulle-saker\/\" \/>\n<meta property=\"og:locale\" content=\"nb_NO\" \/>\n<meta property=\"og:type\" content=\"article\" \/>\n<meta property=\"og:title\" content=\"Smart reflekstilbeh\u00f8r til verdifulle saker - Smart in the dark Norsk\" \/>\n<meta property=\"og:description\" content=\"Liten reflex passar till handv\u00e4skan, resv\u00e4skan, ryggs\u00e4ck, barnvagn eller\u00a0cykel. Reflexkollektionen heter Nordic Silver Collection.\" \/>\n<meta property=\"og:url\" content=\"https:\/\/smartinthedark.com\/no\/produkt\/smart-reflekstilbehor-til-verdifulle-saker\/\" \/>\n<meta property=\"og:site_name\" content=\"Smart in the dark Norsk\" \/>\n<meta property=\"article:publisher\" content=\"https:\/\/www.facebook.com\/smartinthedark\/\" \/>\n<meta property=\"article:modified_time\" content=\"2026-03-25T11:53:09+00:00\" \/>\n<meta property=\"og:image\" content=\"https:\/\/smartinthedark.com\/no\/wp-content\/uploads\/sites\/13\/2019\/06\/liten-reflex-produktbild-1.jpg\" \/>\n\t<meta property=\"og:image:width\" content=\"500\" \/>\n\t<meta property=\"og:image:height\" content=\"500\" \/>\n\t<meta property=\"og:image:type\" content=\"image\/jpeg\" \/>\n<meta name=\"twitter:card\" content=\"summary_large_image\" \/>\n<meta name=\"twitter:label1\" content=\"Ansl. lesetid\" \/>\n\t<meta name=\"twitter:data1\" content=\"1 minutt\" \/>\n<script type=\"application\/ld+json\" class=\"yoast-schema-graph\">{\"@context\":\"https:\/\/schema.org\",\"@graph\":[{\"@type\":\"WebPage\",\"@id\":\"https:\/\/smartinthedark.com\/no\/produkt\/smart-reflekstilbehor-til-verdifulle-saker\/\",\"url\":\"https:\/\/smartinthedark.com\/no\/produkt\/smart-reflekstilbehor-til-verdifulle-saker\/\",\"name\":\"Smart reflekstilbeh\u00f8r til verdifulle saker - Smart in the dark Norsk\",\"isPartOf\":{\"@id\":\"https:\/\/smartinthedark.com\/no\/#website\"},\"primaryImageOfPage\":{\"@id\":\"https:\/\/smartinthedark.com\/no\/produkt\/smart-reflekstilbehor-til-verdifulle-saker\/#primaryimage\"},\"image\":{\"@id\":\"https:\/\/smartinthedark.com\/no\/produkt\/smart-reflekstilbehor-til-verdifulle-saker\/#primaryimage\"},\"thumbnailUrl\":\"https:\/\/smartinthedark.com\/no\/wp-content\/uploads\/sites\/13\/2019\/06\/liten-reflex-produktbild-1.jpg\",\"datePublished\":\"2019-06-12T12:23:12+00:00\",\"dateModified\":\"2026-03-25T11:53:09+00:00\",\"description\":\"Liten reflex passar till handv\u00e4skan, resv\u00e4skan, ryggs\u00e4ck, barnvagn eller\u00a0cykel. Reflexkollektionen heter Nordic Silver Collection.\",\"breadcrumb\":{\"@id\":\"https:\/\/smartinthedark.com\/no\/produkt\/smart-reflekstilbehor-til-verdifulle-saker\/#breadcrumb\"},\"inLanguage\":\"nb-NO\",\"potentialAction\":[{\"@type\":\"ReadAction\",\"target\":[\"https:\/\/smartinthedark.com\/no\/produkt\/smart-reflekstilbehor-til-verdifulle-saker\/\"]}]},{\"@type\":\"ImageObject\",\"inLanguage\":\"nb-NO\",\"@id\":\"https:\/\/smartinthedark.com\/no\/produkt\/smart-reflekstilbehor-til-verdifulle-saker\/#primaryimage\",\"url\":\"https:\/\/smartinthedark.com\/no\/wp-content\/uploads\/sites\/13\/2019\/06\/liten-reflex-produktbild-1.jpg\",\"contentUrl\":\"https:\/\/smartinthedark.com\/no\/wp-content\/uploads\/sites\/13\/2019\/06\/liten-reflex-produktbild-1.jpg\",\"width\":500,\"height\":500},{\"@type\":\"BreadcrumbList\",\"@id\":\"https:\/\/smartinthedark.com\/no\/produkt\/smart-reflekstilbehor-til-verdifulle-saker\/#breadcrumb\",\"itemListElement\":[{\"@type\":\"ListItem\",\"position\":1,\"name\":\"Hem\",\"item\":\"https:\/\/smartinthedark.com\/no\/\"},{\"@type\":\"ListItem\",\"position\":2,\"name\":\"Nettbutikk\",\"item\":\"https:\/\/smartinthedark.com\/no\/nettbutikk\/\"},{\"@type\":\"ListItem\",\"position\":3,\"name\":\"Smart reflekstilbeh\u00f8r til verdifulle saker\"}]},{\"@type\":\"WebSite\",\"@id\":\"https:\/\/smartinthedark.com\/no\/#website\",\"url\":\"https:\/\/smartinthedark.com\/no\/\",\"name\":\"Smart in the dark Norsk\",\"description\":\"\",\"potentialAction\":[{\"@type\":\"SearchAction\",\"target\":{\"@type\":\"EntryPoint\",\"urlTemplate\":\"https:\/\/smartinthedark.com\/no\/?s={search_term_string}\"},\"query-input\":{\"@type\":\"PropertyValueSpecification\",\"valueRequired\":true,\"valueName\":\"search_term_string\"}}],\"inLanguage\":\"nb-NO\"}]}<\/script>\n<!-- \/ Yoast SEO plugin. -->","yoast_head_json":{"title":"Smart reflekstilbeh\u00f8r til verdifulle saker - Smart in the dark Norsk","description":"Liten reflex passar till handv\u00e4skan, resv\u00e4skan, ryggs\u00e4ck, barnvagn eller\u00a0cykel. Reflexkollektionen heter Nordic Silver Collection.","robots":{"index":"index","follow":"follow","max-snippet":"max-snippet:-1","max-image-preview":"max-image-preview:large","max-video-preview":"max-video-preview:-1"},"canonical":"https:\/\/smartinthedark.com\/no\/produkt\/smart-reflekstilbehor-til-verdifulle-saker\/","og_locale":"nb_NO","og_type":"article","og_title":"Smart reflekstilbeh\u00f8r til verdifulle saker - Smart in the dark Norsk","og_description":"Liten reflex passar till handv\u00e4skan, resv\u00e4skan, ryggs\u00e4ck, barnvagn eller\u00a0cykel. Reflexkollektionen heter Nordic Silver Collection.","og_url":"https:\/\/smartinthedark.com\/no\/produkt\/smart-reflekstilbehor-til-verdifulle-saker\/","og_site_name":"Smart in the dark Norsk","article_publisher":"https:\/\/www.facebook.com\/smartinthedark\/","article_modified_time":"2026-03-25T11:53:09+00:00","og_image":[{"width":500,"height":500,"url":"https:\/\/smartinthedark.com\/no\/wp-content\/uploads\/sites\/13\/2019\/06\/liten-reflex-produktbild-1.jpg","type":"image\/jpeg"}],"twitter_card":"summary_large_image","twitter_misc":{"Ansl. lesetid":"1 minutt"},"schema":{"@context":"https:\/\/schema.org","@graph":[{"@type":"WebPage","@id":"https:\/\/smartinthedark.com\/no\/produkt\/smart-reflekstilbehor-til-verdifulle-saker\/","url":"https:\/\/smartinthedark.com\/no\/produkt\/smart-reflekstilbehor-til-verdifulle-saker\/","name":"Smart reflekstilbeh\u00f8r til verdifulle saker - Smart in the dark Norsk","isPartOf":{"@id":"https:\/\/smartinthedark.com\/no\/#website"},"primaryImageOfPage":{"@id":"https:\/\/smartinthedark.com\/no\/produkt\/smart-reflekstilbehor-til-verdifulle-saker\/#primaryimage"},"image":{"@id":"https:\/\/smartinthedark.com\/no\/produkt\/smart-reflekstilbehor-til-verdifulle-saker\/#primaryimage"},"thumbnailUrl":"https:\/\/smartinthedark.com\/no\/wp-content\/uploads\/sites\/13\/2019\/06\/liten-reflex-produktbild-1.jpg","datePublished":"2019-06-12T12:23:12+00:00","dateModified":"2026-03-25T11:53:09+00:00","description":"Liten reflex passar till handv\u00e4skan, resv\u00e4skan, ryggs\u00e4ck, barnvagn eller\u00a0cykel. Reflexkollektionen heter Nordic Silver Collection.","breadcrumb":{"@id":"https:\/\/smartinthedark.com\/no\/produkt\/smart-reflekstilbehor-til-verdifulle-saker\/#breadcrumb"},"inLanguage":"nb-NO","potentialAction":[{"@type":"ReadAction","target":["https:\/\/smartinthedark.com\/no\/produkt\/smart-reflekstilbehor-til-verdifulle-saker\/"]}]},{"@type":"ImageObject","inLanguage":"nb-NO","@id":"https:\/\/smartinthedark.com\/no\/produkt\/smart-reflekstilbehor-til-verdifulle-saker\/#primaryimage","url":"https:\/\/smartinthedark.com\/no\/wp-content\/uploads\/sites\/13\/2019\/06\/liten-reflex-produktbild-1.jpg","contentUrl":"https:\/\/smartinthedark.com\/no\/wp-content\/uploads\/sites\/13\/2019\/06\/liten-reflex-produktbild-1.jpg","width":500,"height":500},{"@type":"BreadcrumbList","@id":"https:\/\/smartinthedark.com\/no\/produkt\/smart-reflekstilbehor-til-verdifulle-saker\/#breadcrumb","itemListElement":[{"@type":"ListItem","position":1,"name":"Hem","item":"https:\/\/smartinthedark.com\/no\/"},{"@type":"ListItem","position":2,"name":"Nettbutikk","item":"https:\/\/smartinthedark.com\/no\/nettbutikk\/"},{"@type":"ListItem","position":3,"name":"Smart reflekstilbeh\u00f8r til verdifulle saker"}]},{"@type":"WebSite","@id":"https:\/\/smartinthedark.com\/no\/#website","url":"https:\/\/smartinthedark.com\/no\/","name":"Smart in the dark Norsk","description":"","potentialAction":[{"@type":"SearchAction","target":{"@type":"EntryPoint","urlTemplate":"https:\/\/smartinthedark.com\/no\/?s={search_term_string}"},"query-input":{"@type":"PropertyValueSpecification","valueRequired":true,"valueName":"search_term_string"}}],"inLanguage":"nb-NO"}]}},"_links":{"self":[{"href":"https:\/\/smartinthedark.com\/no\/wp-json\/wp\/v2\/product\/25","targetHints":{"allow":["GET"]}}],"collection":[{"href":"https:\/\/smartinthedark.com\/no\/wp-json\/wp\/v2\/product"}],"about":[{"href":"https:\/\/smartinthedark.com\/no\/wp-json\/wp\/v2\/types\/product"}],"replies":[{"embeddable":true,"href":"https:\/\/smartinthedark.com\/no\/wp-json\/wp\/v2\/comments?post=25"}],"wp:featuredmedia":[{"embeddable":true,"href":"https:\/\/smartinthedark.com\/no\/wp-json\/wp\/v2\/media\/94"}],"wp:attachment":[{"href":"https:\/\/smartinthedark.com\/no\/wp-json\/wp\/v2\/media?parent=25"}],"wp:term":[{"taxonomy":"product_brand","embeddable":true,"href":"https:\/\/smartinthedark.com\/no\/wp-json\/wp\/v2\/product_brand?post=25"},{"taxonomy":"product_cat","embeddable":true,"href":"https:\/\/smartinthedark.com\/no\/wp-json\/wp\/v2\/product_cat?post=25"},{"taxonomy":"product_tag","embeddable":true,"href":"https:\/\/smartinthedark.com\/no\/wp-json\/wp\/v2\/product_tag?post=25"}],"curies":[{"name":"wp","href":"https:\/\/api.w.org\/{rel}","templated":true}]}}