{"id":24003,"date":"2019-10-31T17:45:31","date_gmt":"2019-10-31T16:45:31","guid":{"rendered":"https:\/\/smartinthedark.com\/no\/?post_type=product&#038;p=24003"},"modified":"2026-03-10T12:02:34","modified_gmt":"2026-03-10T11:02:34","slug":"reflekterende-panneband","status":"publish","type":"product","link":"https:\/\/smartinthedark.com\/no\/produkt\/reflekterende-panneband\/","title":{"rendered":"Reflekspanneb\u00e5nd"},"content":{"rendered":"<p>Refleks rundt panneb\u00e5ndet gj\u00f8r at du enkelt b\u00e5de kan kle deg varmt og synlig n\u00e5r kulden kommer. Reflekspanneb\u00e5ndet er smart \u00e5 bruke b\u00e5de p\u00e5 g\u00e5turen eller joggeturen og n\u00e5r du beveger deg i trafikken b\u00e5de i byen, p\u00e5 landsbygda eller i nabolaget. Panneb\u00e5ndet er utstyrt med refleks helt rundt som gj\u00f8r at du reflekterer 360 grader og du synes fra alle sider. Det f\u00e5s i tre m\u00f8nster fra Nordic Silver Collection \u2013 Multer, Nordlys, Tytteb\u00e6r eller Havre. S\u00f8rg for at du syns n\u00e5r skumringen og m\u00f8rket kommer. V\u00e5re reflekser gj\u00f8r at du synes i m\u00f8rket p\u00e5 over 125 meters avstand. De er laget med 3M Scotchlite som er ett av de sikreste og beste refleksmaterialene p\u00e5 markedet.<\/p>\n<p>\u2022 F\u00e5s i to st\u00f8rrelser: S-M (56-58 cm) og L-XL (58-60 cm)<br \/>\n\u2022 Dobbelt lag av bomullsjersey<br \/>\n\u2022 Deilig stretchkvalitet<br \/>\n\u2022 Refleksbredde 3,5 cm<\/p>\n","protected":false},"excerpt":{"rendered":"<p>Refleks rundt panneb\u00e5ndet gj\u00f8r at du enkelt b\u00e5de kan kle deg varmt og synlig n\u00e5r kulden kommer. <b><u><a href=\"#beskrivning\">Les mer<\/a><\/u><\/b><\/p>\n","protected":false},"featured_media":24018,"comment_status":"open","ping_status":"closed","template":"","meta":{"_trash_the_other_posts":false,"editor_notices":[]},"product_brand":[],"product_cat":[98],"product_tag":[],"class_list":{"0":"post-24003","1":"product","2":"type-product","3":"status-publish","4":"has-post-thumbnail","6":"product_cat-reflekspanneband","8":"first","9":"instock","10":"taxable","11":"shipping-taxable","12":"purchasable","13":"product-type-variable","14":"has-default-attributes"},"yoast_head":"<!-- This site is optimized with the Yoast SEO plugin v25.9 - https:\/\/yoast.com\/wordpress\/plugins\/seo\/ -->\n<title>Reflekspanneb\u00e5nd - Smart in the dark Norsk<\/title>\n<meta name=\"robots\" content=\"index, follow, max-snippet:-1, max-image-preview:large, max-video-preview:-1\" \/>\n<link rel=\"canonical\" href=\"https:\/\/smartinthedark.com\/no\/produkt\/reflekterende-panneband\/\" \/>\n<meta property=\"og:locale\" content=\"nb_NO\" \/>\n<meta property=\"og:type\" content=\"article\" \/>\n<meta property=\"og:title\" content=\"Reflekspanneb\u00e5nd - Smart in the dark Norsk\" \/>\n<meta property=\"og:description\" content=\"Refleks rundt panneb\u00e5ndet gj\u00f8r at du enkelt b\u00e5de kan kle deg varmt og synlig n\u00e5r kulden kommer. Les mer\" \/>\n<meta property=\"og:url\" content=\"https:\/\/smartinthedark.com\/no\/produkt\/reflekterende-panneband\/\" \/>\n<meta property=\"og:site_name\" content=\"Smart in the dark Norsk\" \/>\n<meta property=\"article:publisher\" content=\"https:\/\/www.facebook.com\/smartinthedark\/\" \/>\n<meta property=\"article:modified_time\" content=\"2026-03-10T11:02:34+00:00\" \/>\n<meta property=\"og:image\" content=\"https:\/\/smartinthedark.com\/no\/wp-content\/uploads\/sites\/13\/2019\/10\/Snyggt-Reflexpannband-Smart-in-the-dark.png\" \/>\n\t<meta property=\"og:image:width\" content=\"1141\" \/>\n\t<meta property=\"og:image:height\" content=\"1240\" \/>\n\t<meta property=\"og:image:type\" content=\"image\/png\" \/>\n<meta name=\"twitter:card\" content=\"summary_large_image\" \/>\n<meta name=\"twitter:label1\" content=\"Ansl. lesetid\" \/>\n\t<meta name=\"twitter:data1\" content=\"1 minutt\" \/>\n<script type=\"application\/ld+json\" class=\"yoast-schema-graph\">{\"@context\":\"https:\/\/schema.org\",\"@graph\":[{\"@type\":\"WebPage\",\"@id\":\"https:\/\/smartinthedark.com\/no\/produkt\/reflekterende-panneband\/\",\"url\":\"https:\/\/smartinthedark.com\/no\/produkt\/reflekterende-panneband\/\",\"name\":\"Reflekspanneb\u00e5nd - Smart in the dark Norsk\",\"isPartOf\":{\"@id\":\"https:\/\/smartinthedark.com\/no\/#website\"},\"primaryImageOfPage\":{\"@id\":\"https:\/\/smartinthedark.com\/no\/produkt\/reflekterende-panneband\/#primaryimage\"},\"image\":{\"@id\":\"https:\/\/smartinthedark.com\/no\/produkt\/reflekterende-panneband\/#primaryimage\"},\"thumbnailUrl\":\"https:\/\/smartinthedark.com\/no\/wp-content\/uploads\/sites\/13\/2019\/10\/Snyggt-Reflexpannband-Smart-in-the-dark.png\",\"datePublished\":\"2019-10-31T16:45:31+00:00\",\"dateModified\":\"2026-03-10T11:02:34+00:00\",\"breadcrumb\":{\"@id\":\"https:\/\/smartinthedark.com\/no\/produkt\/reflekterende-panneband\/#breadcrumb\"},\"inLanguage\":\"nb-NO\",\"potentialAction\":[{\"@type\":\"ReadAction\",\"target\":[\"https:\/\/smartinthedark.com\/no\/produkt\/reflekterende-panneband\/\"]}]},{\"@type\":\"ImageObject\",\"inLanguage\":\"nb-NO\",\"@id\":\"https:\/\/smartinthedark.com\/no\/produkt\/reflekterende-panneband\/#primaryimage\",\"url\":\"https:\/\/smartinthedark.com\/no\/wp-content\/uploads\/sites\/13\/2019\/10\/Snyggt-Reflexpannband-Smart-in-the-dark.png\",\"contentUrl\":\"https:\/\/smartinthedark.com\/no\/wp-content\/uploads\/sites\/13\/2019\/10\/Snyggt-Reflexpannband-Smart-in-the-dark.png\",\"width\":1141,\"height\":1240},{\"@type\":\"BreadcrumbList\",\"@id\":\"https:\/\/smartinthedark.com\/no\/produkt\/reflekterende-panneband\/#breadcrumb\",\"itemListElement\":[{\"@type\":\"ListItem\",\"position\":1,\"name\":\"Hem\",\"item\":\"https:\/\/smartinthedark.com\/no\/\"},{\"@type\":\"ListItem\",\"position\":2,\"name\":\"Nettbutikk\",\"item\":\"https:\/\/smartinthedark.com\/no\/nettbutikk\/\"},{\"@type\":\"ListItem\",\"position\":3,\"name\":\"Reflekspanneb\u00e5nd\"}]},{\"@type\":\"WebSite\",\"@id\":\"https:\/\/smartinthedark.com\/no\/#website\",\"url\":\"https:\/\/smartinthedark.com\/no\/\",\"name\":\"Smart in the dark Norsk\",\"description\":\"\",\"potentialAction\":[{\"@type\":\"SearchAction\",\"target\":{\"@type\":\"EntryPoint\",\"urlTemplate\":\"https:\/\/smartinthedark.com\/no\/?s={search_term_string}\"},\"query-input\":{\"@type\":\"PropertyValueSpecification\",\"valueRequired\":true,\"valueName\":\"search_term_string\"}}],\"inLanguage\":\"nb-NO\"}]}<\/script>\n<!-- \/ Yoast SEO plugin. -->","yoast_head_json":{"title":"Reflekspanneb\u00e5nd - Smart in the dark Norsk","robots":{"index":"index","follow":"follow","max-snippet":"max-snippet:-1","max-image-preview":"max-image-preview:large","max-video-preview":"max-video-preview:-1"},"canonical":"https:\/\/smartinthedark.com\/no\/produkt\/reflekterende-panneband\/","og_locale":"nb_NO","og_type":"article","og_title":"Reflekspanneb\u00e5nd - Smart in the dark Norsk","og_description":"Refleks rundt panneb\u00e5ndet gj\u00f8r at du enkelt b\u00e5de kan kle deg varmt og synlig n\u00e5r kulden kommer. Les mer","og_url":"https:\/\/smartinthedark.com\/no\/produkt\/reflekterende-panneband\/","og_site_name":"Smart in the dark Norsk","article_publisher":"https:\/\/www.facebook.com\/smartinthedark\/","article_modified_time":"2026-03-10T11:02:34+00:00","og_image":[{"width":1141,"height":1240,"url":"https:\/\/smartinthedark.com\/no\/wp-content\/uploads\/sites\/13\/2019\/10\/Snyggt-Reflexpannband-Smart-in-the-dark.png","type":"image\/png"}],"twitter_card":"summary_large_image","twitter_misc":{"Ansl. lesetid":"1 minutt"},"schema":{"@context":"https:\/\/schema.org","@graph":[{"@type":"WebPage","@id":"https:\/\/smartinthedark.com\/no\/produkt\/reflekterende-panneband\/","url":"https:\/\/smartinthedark.com\/no\/produkt\/reflekterende-panneband\/","name":"Reflekspanneb\u00e5nd - Smart in the dark Norsk","isPartOf":{"@id":"https:\/\/smartinthedark.com\/no\/#website"},"primaryImageOfPage":{"@id":"https:\/\/smartinthedark.com\/no\/produkt\/reflekterende-panneband\/#primaryimage"},"image":{"@id":"https:\/\/smartinthedark.com\/no\/produkt\/reflekterende-panneband\/#primaryimage"},"thumbnailUrl":"https:\/\/smartinthedark.com\/no\/wp-content\/uploads\/sites\/13\/2019\/10\/Snyggt-Reflexpannband-Smart-in-the-dark.png","datePublished":"2019-10-31T16:45:31+00:00","dateModified":"2026-03-10T11:02:34+00:00","breadcrumb":{"@id":"https:\/\/smartinthedark.com\/no\/produkt\/reflekterende-panneband\/#breadcrumb"},"inLanguage":"nb-NO","potentialAction":[{"@type":"ReadAction","target":["https:\/\/smartinthedark.com\/no\/produkt\/reflekterende-panneband\/"]}]},{"@type":"ImageObject","inLanguage":"nb-NO","@id":"https:\/\/smartinthedark.com\/no\/produkt\/reflekterende-panneband\/#primaryimage","url":"https:\/\/smartinthedark.com\/no\/wp-content\/uploads\/sites\/13\/2019\/10\/Snyggt-Reflexpannband-Smart-in-the-dark.png","contentUrl":"https:\/\/smartinthedark.com\/no\/wp-content\/uploads\/sites\/13\/2019\/10\/Snyggt-Reflexpannband-Smart-in-the-dark.png","width":1141,"height":1240},{"@type":"BreadcrumbList","@id":"https:\/\/smartinthedark.com\/no\/produkt\/reflekterende-panneband\/#breadcrumb","itemListElement":[{"@type":"ListItem","position":1,"name":"Hem","item":"https:\/\/smartinthedark.com\/no\/"},{"@type":"ListItem","position":2,"name":"Nettbutikk","item":"https:\/\/smartinthedark.com\/no\/nettbutikk\/"},{"@type":"ListItem","position":3,"name":"Reflekspanneb\u00e5nd"}]},{"@type":"WebSite","@id":"https:\/\/smartinthedark.com\/no\/#website","url":"https:\/\/smartinthedark.com\/no\/","name":"Smart in the dark Norsk","description":"","potentialAction":[{"@type":"SearchAction","target":{"@type":"EntryPoint","urlTemplate":"https:\/\/smartinthedark.com\/no\/?s={search_term_string}"},"query-input":{"@type":"PropertyValueSpecification","valueRequired":true,"valueName":"search_term_string"}}],"inLanguage":"nb-NO"}]}},"_links":{"self":[{"href":"https:\/\/smartinthedark.com\/no\/wp-json\/wp\/v2\/product\/24003","targetHints":{"allow":["GET"]}}],"collection":[{"href":"https:\/\/smartinthedark.com\/no\/wp-json\/wp\/v2\/product"}],"about":[{"href":"https:\/\/smartinthedark.com\/no\/wp-json\/wp\/v2\/types\/product"}],"replies":[{"embeddable":true,"href":"https:\/\/smartinthedark.com\/no\/wp-json\/wp\/v2\/comments?post=24003"}],"wp:featuredmedia":[{"embeddable":true,"href":"https:\/\/smartinthedark.com\/no\/wp-json\/wp\/v2\/media\/24018"}],"wp:attachment":[{"href":"https:\/\/smartinthedark.com\/no\/wp-json\/wp\/v2\/media?parent=24003"}],"wp:term":[{"taxonomy":"product_brand","embeddable":true,"href":"https:\/\/smartinthedark.com\/no\/wp-json\/wp\/v2\/product_brand?post=24003"},{"taxonomy":"product_cat","embeddable":true,"href":"https:\/\/smartinthedark.com\/no\/wp-json\/wp\/v2\/product_cat?post=24003"},{"taxonomy":"product_tag","embeddable":true,"href":"https:\/\/smartinthedark.com\/no\/wp-json\/wp\/v2\/product_tag?post=24003"}],"curies":[{"name":"wp","href":"https:\/\/api.w.org\/{rel}","templated":true}]}}