{"id":24,"date":"2019-06-12T14:23:12","date_gmt":"2019-06-12T12:23:12","guid":{"rendered":"https:\/\/smartinthedark.com\/produkt\/import-placeholder-for-22300\/"},"modified":"2026-03-25T13:35:21","modified_gmt":"2026-03-25T12:35:21","slug":"rynket-armrefleks-til-alle-anledninger","status":"publish","type":"product","link":"https:\/\/smartinthedark.com\/no\/produkt\/rynket-armrefleks-til-alle-anledninger\/","title":{"rendered":"Rynket armrefleks til alle anledninger"},"content":{"rendered":"<p>Det er detaljene som gj\u00f8r det. Denne smarte armrefleksen blir som et lysende smykke til jakken. Den rynkende detaljen i stretch gj\u00f8r at refleksen sitter perfekt p\u00e5 h\u00e5ndleddet og kjennes som et fint tilbeh\u00f8r til antrekket ditt. Refleksarmb\u00e5ndet reflekterer 360 grader og finnes med flere ulike refleksm\u00f8nstre inspirert fra Norden \u2013 Molter, Flette, Fjelltopp, Nordlys og Tytteb\u00e6r. En fin gave til deg og noen du er glad i!<\/p>\n<p>V\u00e5re reflekser gj\u00f8r at du er synlig i m\u00f8rket p\u00e5 over 125 meters avstand. De er produsert av 3M Scotchlite som er et av de beste og tryggeste refleksmaterialene p\u00e5 markedet.<\/p>\n<p>\u2022 Omkrets 22-38 cm<br \/>\n\u2022 Produktbredde 8 cm<br \/>\n\u2022 Refleksbredde 4,2 cm<\/p>\n","protected":false},"excerpt":{"rendered":"<p>Refleksen selges per styck.<\/p>\n<p>Det er detaljene som gj\u00f8r det. Denne smarte armrefleksen blir som et lysende smykke til jakken. <b><u><a href=\"#beskrivning\">Les mer<\/a><\/u><\/b><\/p>\n","protected":false},"featured_media":88,"comment_status":"open","ping_status":"closed","template":"","meta":{"_trash_the_other_posts":false,"editor_notices":[]},"product_brand":[],"product_cat":[62],"product_tag":[],"class_list":{"0":"post-24","1":"product","2":"type-product","3":"status-publish","4":"has-post-thumbnail","6":"product_cat-reflex-tilbehor","8":"first","9":"instock","10":"taxable","11":"shipping-taxable","12":"purchasable","13":"product-type-variable"},"yoast_head":"<!-- This site is optimized with the Yoast SEO plugin v25.9 - https:\/\/yoast.com\/wordpress\/plugins\/seo\/ -->\n<title>Rynket armrefleks til alle anledninger - Smart in the dark Norsk<\/title>\n<meta name=\"description\" content=\"Smart in the Dark refleks til armen, rynket. Passer b\u00e5de til blazer, skinnjakke eller dunjakke. Et motetilbeh\u00f8r for deg som vil ferdes trygt i trafikken.\" \/>\n<meta name=\"robots\" content=\"index, follow, max-snippet:-1, max-image-preview:large, max-video-preview:-1\" \/>\n<link rel=\"canonical\" href=\"https:\/\/smartinthedark.com\/no\/produkt\/rynket-armrefleks-til-alle-anledninger\/\" \/>\n<meta property=\"og:locale\" content=\"nb_NO\" \/>\n<meta property=\"og:type\" content=\"article\" \/>\n<meta property=\"og:title\" content=\"Rynket armrefleks til alle anledninger - Smart in the dark Norsk\" \/>\n<meta property=\"og:description\" content=\"Smart in the Dark refleks til armen, rynket. Passer b\u00e5de til blazer, skinnjakke eller dunjakke. Et motetilbeh\u00f8r for deg som vil ferdes trygt i trafikken.\" \/>\n<meta property=\"og:url\" content=\"https:\/\/smartinthedark.com\/no\/produkt\/rynket-armrefleks-til-alle-anledninger\/\" \/>\n<meta property=\"og:site_name\" content=\"Smart in the dark Norsk\" \/>\n<meta property=\"article:publisher\" content=\"https:\/\/www.facebook.com\/smartinthedark\/\" \/>\n<meta property=\"article:modified_time\" content=\"2026-03-25T12:35:21+00:00\" \/>\n<meta property=\"og:image\" content=\"https:\/\/smartinthedark.com\/no\/wp-content\/uploads\/sites\/13\/2019\/06\/armreflex-produktbild-2.jpg\" \/>\n\t<meta property=\"og:image:width\" content=\"500\" \/>\n\t<meta property=\"og:image:height\" content=\"500\" \/>\n\t<meta property=\"og:image:type\" content=\"image\/jpeg\" \/>\n<meta name=\"twitter:card\" content=\"summary_large_image\" \/>\n<meta name=\"twitter:label1\" content=\"Ansl. lesetid\" \/>\n\t<meta name=\"twitter:data1\" content=\"1 minutt\" \/>\n<script type=\"application\/ld+json\" class=\"yoast-schema-graph\">{\"@context\":\"https:\/\/schema.org\",\"@graph\":[{\"@type\":\"WebPage\",\"@id\":\"https:\/\/smartinthedark.com\/no\/produkt\/rynket-armrefleks-til-alle-anledninger\/\",\"url\":\"https:\/\/smartinthedark.com\/no\/produkt\/rynket-armrefleks-til-alle-anledninger\/\",\"name\":\"Rynket armrefleks til alle anledninger - Smart in the dark Norsk\",\"isPartOf\":{\"@id\":\"https:\/\/smartinthedark.com\/no\/#website\"},\"primaryImageOfPage\":{\"@id\":\"https:\/\/smartinthedark.com\/no\/produkt\/rynket-armrefleks-til-alle-anledninger\/#primaryimage\"},\"image\":{\"@id\":\"https:\/\/smartinthedark.com\/no\/produkt\/rynket-armrefleks-til-alle-anledninger\/#primaryimage\"},\"thumbnailUrl\":\"https:\/\/smartinthedark.com\/no\/wp-content\/uploads\/sites\/13\/2019\/06\/armreflex-produktbild-2.jpg\",\"datePublished\":\"2019-06-12T12:23:12+00:00\",\"dateModified\":\"2026-03-25T12:35:21+00:00\",\"description\":\"Smart in the Dark refleks til armen, rynket. Passer b\u00e5de til blazer, skinnjakke eller dunjakke. Et motetilbeh\u00f8r for deg som vil ferdes trygt i trafikken.\",\"breadcrumb\":{\"@id\":\"https:\/\/smartinthedark.com\/no\/produkt\/rynket-armrefleks-til-alle-anledninger\/#breadcrumb\"},\"inLanguage\":\"nb-NO\",\"potentialAction\":[{\"@type\":\"ReadAction\",\"target\":[\"https:\/\/smartinthedark.com\/no\/produkt\/rynket-armrefleks-til-alle-anledninger\/\"]}]},{\"@type\":\"ImageObject\",\"inLanguage\":\"nb-NO\",\"@id\":\"https:\/\/smartinthedark.com\/no\/produkt\/rynket-armrefleks-til-alle-anledninger\/#primaryimage\",\"url\":\"https:\/\/smartinthedark.com\/no\/wp-content\/uploads\/sites\/13\/2019\/06\/armreflex-produktbild-2.jpg\",\"contentUrl\":\"https:\/\/smartinthedark.com\/no\/wp-content\/uploads\/sites\/13\/2019\/06\/armreflex-produktbild-2.jpg\",\"width\":500,\"height\":500},{\"@type\":\"BreadcrumbList\",\"@id\":\"https:\/\/smartinthedark.com\/no\/produkt\/rynket-armrefleks-til-alle-anledninger\/#breadcrumb\",\"itemListElement\":[{\"@type\":\"ListItem\",\"position\":1,\"name\":\"Hem\",\"item\":\"https:\/\/smartinthedark.com\/no\/\"},{\"@type\":\"ListItem\",\"position\":2,\"name\":\"Nettbutikk\",\"item\":\"https:\/\/smartinthedark.com\/no\/nettbutikk\/\"},{\"@type\":\"ListItem\",\"position\":3,\"name\":\"Rynket armrefleks til alle anledninger\"}]},{\"@type\":\"WebSite\",\"@id\":\"https:\/\/smartinthedark.com\/no\/#website\",\"url\":\"https:\/\/smartinthedark.com\/no\/\",\"name\":\"Smart in the dark Norsk\",\"description\":\"\",\"potentialAction\":[{\"@type\":\"SearchAction\",\"target\":{\"@type\":\"EntryPoint\",\"urlTemplate\":\"https:\/\/smartinthedark.com\/no\/?s={search_term_string}\"},\"query-input\":{\"@type\":\"PropertyValueSpecification\",\"valueRequired\":true,\"valueName\":\"search_term_string\"}}],\"inLanguage\":\"nb-NO\"}]}<\/script>\n<!-- \/ Yoast SEO plugin. -->","yoast_head_json":{"title":"Rynket armrefleks til alle anledninger - Smart in the dark Norsk","description":"Smart in the Dark refleks til armen, rynket. Passer b\u00e5de til blazer, skinnjakke eller dunjakke. Et motetilbeh\u00f8r for deg som vil ferdes trygt i trafikken.","robots":{"index":"index","follow":"follow","max-snippet":"max-snippet:-1","max-image-preview":"max-image-preview:large","max-video-preview":"max-video-preview:-1"},"canonical":"https:\/\/smartinthedark.com\/no\/produkt\/rynket-armrefleks-til-alle-anledninger\/","og_locale":"nb_NO","og_type":"article","og_title":"Rynket armrefleks til alle anledninger - Smart in the dark Norsk","og_description":"Smart in the Dark refleks til armen, rynket. Passer b\u00e5de til blazer, skinnjakke eller dunjakke. Et motetilbeh\u00f8r for deg som vil ferdes trygt i trafikken.","og_url":"https:\/\/smartinthedark.com\/no\/produkt\/rynket-armrefleks-til-alle-anledninger\/","og_site_name":"Smart in the dark Norsk","article_publisher":"https:\/\/www.facebook.com\/smartinthedark\/","article_modified_time":"2026-03-25T12:35:21+00:00","og_image":[{"width":500,"height":500,"url":"https:\/\/smartinthedark.com\/no\/wp-content\/uploads\/sites\/13\/2019\/06\/armreflex-produktbild-2.jpg","type":"image\/jpeg"}],"twitter_card":"summary_large_image","twitter_misc":{"Ansl. lesetid":"1 minutt"},"schema":{"@context":"https:\/\/schema.org","@graph":[{"@type":"WebPage","@id":"https:\/\/smartinthedark.com\/no\/produkt\/rynket-armrefleks-til-alle-anledninger\/","url":"https:\/\/smartinthedark.com\/no\/produkt\/rynket-armrefleks-til-alle-anledninger\/","name":"Rynket armrefleks til alle anledninger - Smart in the dark Norsk","isPartOf":{"@id":"https:\/\/smartinthedark.com\/no\/#website"},"primaryImageOfPage":{"@id":"https:\/\/smartinthedark.com\/no\/produkt\/rynket-armrefleks-til-alle-anledninger\/#primaryimage"},"image":{"@id":"https:\/\/smartinthedark.com\/no\/produkt\/rynket-armrefleks-til-alle-anledninger\/#primaryimage"},"thumbnailUrl":"https:\/\/smartinthedark.com\/no\/wp-content\/uploads\/sites\/13\/2019\/06\/armreflex-produktbild-2.jpg","datePublished":"2019-06-12T12:23:12+00:00","dateModified":"2026-03-25T12:35:21+00:00","description":"Smart in the Dark refleks til armen, rynket. Passer b\u00e5de til blazer, skinnjakke eller dunjakke. Et motetilbeh\u00f8r for deg som vil ferdes trygt i trafikken.","breadcrumb":{"@id":"https:\/\/smartinthedark.com\/no\/produkt\/rynket-armrefleks-til-alle-anledninger\/#breadcrumb"},"inLanguage":"nb-NO","potentialAction":[{"@type":"ReadAction","target":["https:\/\/smartinthedark.com\/no\/produkt\/rynket-armrefleks-til-alle-anledninger\/"]}]},{"@type":"ImageObject","inLanguage":"nb-NO","@id":"https:\/\/smartinthedark.com\/no\/produkt\/rynket-armrefleks-til-alle-anledninger\/#primaryimage","url":"https:\/\/smartinthedark.com\/no\/wp-content\/uploads\/sites\/13\/2019\/06\/armreflex-produktbild-2.jpg","contentUrl":"https:\/\/smartinthedark.com\/no\/wp-content\/uploads\/sites\/13\/2019\/06\/armreflex-produktbild-2.jpg","width":500,"height":500},{"@type":"BreadcrumbList","@id":"https:\/\/smartinthedark.com\/no\/produkt\/rynket-armrefleks-til-alle-anledninger\/#breadcrumb","itemListElement":[{"@type":"ListItem","position":1,"name":"Hem","item":"https:\/\/smartinthedark.com\/no\/"},{"@type":"ListItem","position":2,"name":"Nettbutikk","item":"https:\/\/smartinthedark.com\/no\/nettbutikk\/"},{"@type":"ListItem","position":3,"name":"Rynket armrefleks til alle anledninger"}]},{"@type":"WebSite","@id":"https:\/\/smartinthedark.com\/no\/#website","url":"https:\/\/smartinthedark.com\/no\/","name":"Smart in the dark Norsk","description":"","potentialAction":[{"@type":"SearchAction","target":{"@type":"EntryPoint","urlTemplate":"https:\/\/smartinthedark.com\/no\/?s={search_term_string}"},"query-input":{"@type":"PropertyValueSpecification","valueRequired":true,"valueName":"search_term_string"}}],"inLanguage":"nb-NO"}]}},"_links":{"self":[{"href":"https:\/\/smartinthedark.com\/no\/wp-json\/wp\/v2\/product\/24","targetHints":{"allow":["GET"]}}],"collection":[{"href":"https:\/\/smartinthedark.com\/no\/wp-json\/wp\/v2\/product"}],"about":[{"href":"https:\/\/smartinthedark.com\/no\/wp-json\/wp\/v2\/types\/product"}],"replies":[{"embeddable":true,"href":"https:\/\/smartinthedark.com\/no\/wp-json\/wp\/v2\/comments?post=24"}],"wp:featuredmedia":[{"embeddable":true,"href":"https:\/\/smartinthedark.com\/no\/wp-json\/wp\/v2\/media\/88"}],"wp:attachment":[{"href":"https:\/\/smartinthedark.com\/no\/wp-json\/wp\/v2\/media?parent=24"}],"wp:term":[{"taxonomy":"product_brand","embeddable":true,"href":"https:\/\/smartinthedark.com\/no\/wp-json\/wp\/v2\/product_brand?post=24"},{"taxonomy":"product_cat","embeddable":true,"href":"https:\/\/smartinthedark.com\/no\/wp-json\/wp\/v2\/product_cat?post=24"},{"taxonomy":"product_tag","embeddable":true,"href":"https:\/\/smartinthedark.com\/no\/wp-json\/wp\/v2\/product_tag?post=24"}],"curies":[{"name":"wp","href":"https:\/\/api.w.org\/{rel}","templated":true}]}}