{"id":23926,"date":"2019-10-30T15:47:02","date_gmt":"2019-10-30T14:47:02","guid":{"rendered":"https:\/\/smartinthedark.com\/no\/?post_type=product&#038;p=23926"},"modified":"2026-03-26T12:23:55","modified_gmt":"2026-03-26T11:23:55","slug":"romslig-veske-med-refleks-og-doble-handtak","status":"publish","type":"product","link":"https:\/\/smartinthedark.com\/no\/produkt\/romslig-veske-med-refleks-og-doble-handtak\/","title":{"rendered":"Romslig veske med refleks og doble h\u00e5ndtak"},"content":{"rendered":"<p>En smidig og romslig veske med doble h\u00e5ndtak, laget for \u00e5 kunne b\u00e6res b\u00e5de over skulderen, i h\u00e5nden eller over armen. Den er designet for \u00e5 b\u00e5de kunne brukes til trening, jobb eller for et kortere overnattingsbes\u00f8k. Du f\u00e5r plass til b\u00e5de ett par sko, ett klesskifte og toalettmappe. Vesken er foret, har en lomme p\u00e5 innsiden og glidel\u00e5s \u00f8verst. Den har en hake p\u00e5 innsiden for \u00e5 feste n\u00f8kler. Perfekt for oss som alltid graver etter n\u00f8klene i vesken. Refleksen g\u00e5r rundt hele vesken, noe som gj\u00f8r deg synlig fra alle vinkler. Den f\u00e5s i svart og i\u00a0fem forskjellige refleksm\u00f8nster inspirert av Norden \u2013 Multe, Flette, Fjelltopp, Nordlys og Tytteb\u00e6r. Siden vesken er bredere nederst, men smalere \u00f8verst oppleves den nett og hendig selv om den rommer mye.<\/p>\n<p>\u2022 Vannavvisende veske i polyester med foret innside<br \/>\n\u2022 Utstyrt med lommer, en med glidel\u00e5s p\u00e5 innsiden og to ekstra lommer.<br \/>\n\u2022 Glidel\u00e5s \u00f8verst<br \/>\n\u2022 H\u00f8yde 38 cm<br \/>\n\u2022 Bredde 44 x 12 cm nede og 40 cm x 8 cm \u00f8verst<br \/>\n\u2022 Refleksbredde 4,2 cm rundt hele vesken<\/p>\n","protected":false},"excerpt":{"rendered":"<p>En smidig og romslig veske med doble h\u00e5ndtak, laget for \u00e5 kunne b\u00e6res b\u00e5de over skulderen, i h\u00e5nden eller over armen. <b><u><a href=\"#beskrivning\">Les mer<\/a><\/u><\/b><\/p>\n","protected":false},"featured_media":23939,"comment_status":"open","ping_status":"closed","template":"","meta":{"_trash_the_other_posts":false,"editor_notices":[]},"product_brand":[],"product_cat":[61],"product_tag":[],"class_list":{"0":"post-23926","1":"product","2":"type-product","3":"status-publish","4":"has-post-thumbnail","6":"product_cat-reflekspose","8":"first","9":"outofstock","10":"taxable","11":"shipping-taxable","12":"purchasable","13":"product-type-variable","14":"has-default-attributes"},"yoast_head":"<!-- This site is optimized with the Yoast SEO plugin v25.9 - https:\/\/yoast.com\/wordpress\/plugins\/seo\/ -->\n<title>Romslig veske med refleks og doble h\u00e5ndtak - Smart in the dark Norsk<\/title>\n<meta name=\"robots\" content=\"index, follow, max-snippet:-1, max-image-preview:large, max-video-preview:-1\" \/>\n<link rel=\"canonical\" href=\"https:\/\/smartinthedark.com\/no\/produkt\/romslig-veske-med-refleks-og-doble-handtak\/\" \/>\n<meta property=\"og:locale\" content=\"nb_NO\" \/>\n<meta property=\"og:type\" content=\"article\" \/>\n<meta property=\"og:title\" content=\"Romslig veske med refleks og doble h\u00e5ndtak - Smart in the dark Norsk\" \/>\n<meta property=\"og:description\" content=\"En smidig og romslig veske med doble h\u00e5ndtak, laget for \u00e5 kunne b\u00e6res b\u00e5de over skulderen, i h\u00e5nden eller over armen. Les mer\" \/>\n<meta property=\"og:url\" content=\"https:\/\/smartinthedark.com\/no\/produkt\/romslig-veske-med-refleks-og-doble-handtak\/\" \/>\n<meta property=\"og:site_name\" content=\"Smart in the dark Norsk\" \/>\n<meta property=\"article:publisher\" content=\"https:\/\/www.facebook.com\/smartinthedark\/\" \/>\n<meta property=\"article:modified_time\" content=\"2026-03-26T11:23:55+00:00\" \/>\n<meta property=\"og:image\" content=\"https:\/\/smartinthedark.com\/no\/wp-content\/uploads\/sites\/13\/2019\/10\/Rymlig-v\u00e4ska-med-reflex-med-dubbla-hantag-Smart-in-the-dark-1.png\" \/>\n\t<meta property=\"og:image:width\" content=\"993\" \/>\n\t<meta property=\"og:image:height\" content=\"1098\" \/>\n\t<meta property=\"og:image:type\" content=\"image\/png\" \/>\n<meta name=\"twitter:card\" content=\"summary_large_image\" \/>\n<meta name=\"twitter:label1\" content=\"Ansl. lesetid\" \/>\n\t<meta name=\"twitter:data1\" content=\"2 minutter\" \/>\n<script type=\"application\/ld+json\" class=\"yoast-schema-graph\">{\"@context\":\"https:\/\/schema.org\",\"@graph\":[{\"@type\":\"WebPage\",\"@id\":\"https:\/\/smartinthedark.com\/no\/produkt\/romslig-veske-med-refleks-og-doble-handtak\/\",\"url\":\"https:\/\/smartinthedark.com\/no\/produkt\/romslig-veske-med-refleks-og-doble-handtak\/\",\"name\":\"Romslig veske med refleks og doble h\u00e5ndtak - Smart in the dark Norsk\",\"isPartOf\":{\"@id\":\"https:\/\/smartinthedark.com\/no\/#website\"},\"primaryImageOfPage\":{\"@id\":\"https:\/\/smartinthedark.com\/no\/produkt\/romslig-veske-med-refleks-og-doble-handtak\/#primaryimage\"},\"image\":{\"@id\":\"https:\/\/smartinthedark.com\/no\/produkt\/romslig-veske-med-refleks-og-doble-handtak\/#primaryimage\"},\"thumbnailUrl\":\"https:\/\/smartinthedark.com\/no\/wp-content\/uploads\/sites\/13\/2019\/10\/Rymlig-v\u00e4ska-med-reflex-med-dubbla-hantag-Smart-in-the-dark-1.png\",\"datePublished\":\"2019-10-30T14:47:02+00:00\",\"dateModified\":\"2026-03-26T11:23:55+00:00\",\"breadcrumb\":{\"@id\":\"https:\/\/smartinthedark.com\/no\/produkt\/romslig-veske-med-refleks-og-doble-handtak\/#breadcrumb\"},\"inLanguage\":\"nb-NO\",\"potentialAction\":[{\"@type\":\"ReadAction\",\"target\":[\"https:\/\/smartinthedark.com\/no\/produkt\/romslig-veske-med-refleks-og-doble-handtak\/\"]}]},{\"@type\":\"ImageObject\",\"inLanguage\":\"nb-NO\",\"@id\":\"https:\/\/smartinthedark.com\/no\/produkt\/romslig-veske-med-refleks-og-doble-handtak\/#primaryimage\",\"url\":\"https:\/\/smartinthedark.com\/no\/wp-content\/uploads\/sites\/13\/2019\/10\/Rymlig-v\u00e4ska-med-reflex-med-dubbla-hantag-Smart-in-the-dark-1.png\",\"contentUrl\":\"https:\/\/smartinthedark.com\/no\/wp-content\/uploads\/sites\/13\/2019\/10\/Rymlig-v\u00e4ska-med-reflex-med-dubbla-hantag-Smart-in-the-dark-1.png\",\"width\":993,\"height\":1098},{\"@type\":\"BreadcrumbList\",\"@id\":\"https:\/\/smartinthedark.com\/no\/produkt\/romslig-veske-med-refleks-og-doble-handtak\/#breadcrumb\",\"itemListElement\":[{\"@type\":\"ListItem\",\"position\":1,\"name\":\"Hem\",\"item\":\"https:\/\/smartinthedark.com\/no\/\"},{\"@type\":\"ListItem\",\"position\":2,\"name\":\"Nettbutikk\",\"item\":\"https:\/\/smartinthedark.com\/no\/nettbutikk\/\"},{\"@type\":\"ListItem\",\"position\":3,\"name\":\"Romslig veske med refleks og doble h\u00e5ndtak\"}]},{\"@type\":\"WebSite\",\"@id\":\"https:\/\/smartinthedark.com\/no\/#website\",\"url\":\"https:\/\/smartinthedark.com\/no\/\",\"name\":\"Smart in the dark Norsk\",\"description\":\"\",\"potentialAction\":[{\"@type\":\"SearchAction\",\"target\":{\"@type\":\"EntryPoint\",\"urlTemplate\":\"https:\/\/smartinthedark.com\/no\/?s={search_term_string}\"},\"query-input\":{\"@type\":\"PropertyValueSpecification\",\"valueRequired\":true,\"valueName\":\"search_term_string\"}}],\"inLanguage\":\"nb-NO\"}]}<\/script>\n<!-- \/ Yoast SEO plugin. -->","yoast_head_json":{"title":"Romslig veske med refleks og doble h\u00e5ndtak - Smart in the dark Norsk","robots":{"index":"index","follow":"follow","max-snippet":"max-snippet:-1","max-image-preview":"max-image-preview:large","max-video-preview":"max-video-preview:-1"},"canonical":"https:\/\/smartinthedark.com\/no\/produkt\/romslig-veske-med-refleks-og-doble-handtak\/","og_locale":"nb_NO","og_type":"article","og_title":"Romslig veske med refleks og doble h\u00e5ndtak - Smart in the dark Norsk","og_description":"En smidig og romslig veske med doble h\u00e5ndtak, laget for \u00e5 kunne b\u00e6res b\u00e5de over skulderen, i h\u00e5nden eller over armen. Les mer","og_url":"https:\/\/smartinthedark.com\/no\/produkt\/romslig-veske-med-refleks-og-doble-handtak\/","og_site_name":"Smart in the dark Norsk","article_publisher":"https:\/\/www.facebook.com\/smartinthedark\/","article_modified_time":"2026-03-26T11:23:55+00:00","og_image":[{"width":993,"height":1098,"url":"https:\/\/smartinthedark.com\/no\/wp-content\/uploads\/sites\/13\/2019\/10\/Rymlig-v\u00e4ska-med-reflex-med-dubbla-hantag-Smart-in-the-dark-1.png","type":"image\/png"}],"twitter_card":"summary_large_image","twitter_misc":{"Ansl. lesetid":"2 minutter"},"schema":{"@context":"https:\/\/schema.org","@graph":[{"@type":"WebPage","@id":"https:\/\/smartinthedark.com\/no\/produkt\/romslig-veske-med-refleks-og-doble-handtak\/","url":"https:\/\/smartinthedark.com\/no\/produkt\/romslig-veske-med-refleks-og-doble-handtak\/","name":"Romslig veske med refleks og doble h\u00e5ndtak - Smart in the dark Norsk","isPartOf":{"@id":"https:\/\/smartinthedark.com\/no\/#website"},"primaryImageOfPage":{"@id":"https:\/\/smartinthedark.com\/no\/produkt\/romslig-veske-med-refleks-og-doble-handtak\/#primaryimage"},"image":{"@id":"https:\/\/smartinthedark.com\/no\/produkt\/romslig-veske-med-refleks-og-doble-handtak\/#primaryimage"},"thumbnailUrl":"https:\/\/smartinthedark.com\/no\/wp-content\/uploads\/sites\/13\/2019\/10\/Rymlig-v\u00e4ska-med-reflex-med-dubbla-hantag-Smart-in-the-dark-1.png","datePublished":"2019-10-30T14:47:02+00:00","dateModified":"2026-03-26T11:23:55+00:00","breadcrumb":{"@id":"https:\/\/smartinthedark.com\/no\/produkt\/romslig-veske-med-refleks-og-doble-handtak\/#breadcrumb"},"inLanguage":"nb-NO","potentialAction":[{"@type":"ReadAction","target":["https:\/\/smartinthedark.com\/no\/produkt\/romslig-veske-med-refleks-og-doble-handtak\/"]}]},{"@type":"ImageObject","inLanguage":"nb-NO","@id":"https:\/\/smartinthedark.com\/no\/produkt\/romslig-veske-med-refleks-og-doble-handtak\/#primaryimage","url":"https:\/\/smartinthedark.com\/no\/wp-content\/uploads\/sites\/13\/2019\/10\/Rymlig-v\u00e4ska-med-reflex-med-dubbla-hantag-Smart-in-the-dark-1.png","contentUrl":"https:\/\/smartinthedark.com\/no\/wp-content\/uploads\/sites\/13\/2019\/10\/Rymlig-v\u00e4ska-med-reflex-med-dubbla-hantag-Smart-in-the-dark-1.png","width":993,"height":1098},{"@type":"BreadcrumbList","@id":"https:\/\/smartinthedark.com\/no\/produkt\/romslig-veske-med-refleks-og-doble-handtak\/#breadcrumb","itemListElement":[{"@type":"ListItem","position":1,"name":"Hem","item":"https:\/\/smartinthedark.com\/no\/"},{"@type":"ListItem","position":2,"name":"Nettbutikk","item":"https:\/\/smartinthedark.com\/no\/nettbutikk\/"},{"@type":"ListItem","position":3,"name":"Romslig veske med refleks og doble h\u00e5ndtak"}]},{"@type":"WebSite","@id":"https:\/\/smartinthedark.com\/no\/#website","url":"https:\/\/smartinthedark.com\/no\/","name":"Smart in the dark Norsk","description":"","potentialAction":[{"@type":"SearchAction","target":{"@type":"EntryPoint","urlTemplate":"https:\/\/smartinthedark.com\/no\/?s={search_term_string}"},"query-input":{"@type":"PropertyValueSpecification","valueRequired":true,"valueName":"search_term_string"}}],"inLanguage":"nb-NO"}]}},"_links":{"self":[{"href":"https:\/\/smartinthedark.com\/no\/wp-json\/wp\/v2\/product\/23926","targetHints":{"allow":["GET"]}}],"collection":[{"href":"https:\/\/smartinthedark.com\/no\/wp-json\/wp\/v2\/product"}],"about":[{"href":"https:\/\/smartinthedark.com\/no\/wp-json\/wp\/v2\/types\/product"}],"replies":[{"embeddable":true,"href":"https:\/\/smartinthedark.com\/no\/wp-json\/wp\/v2\/comments?post=23926"}],"wp:featuredmedia":[{"embeddable":true,"href":"https:\/\/smartinthedark.com\/no\/wp-json\/wp\/v2\/media\/23939"}],"wp:attachment":[{"href":"https:\/\/smartinthedark.com\/no\/wp-json\/wp\/v2\/media?parent=23926"}],"wp:term":[{"taxonomy":"product_brand","embeddable":true,"href":"https:\/\/smartinthedark.com\/no\/wp-json\/wp\/v2\/product_brand?post=23926"},{"taxonomy":"product_cat","embeddable":true,"href":"https:\/\/smartinthedark.com\/no\/wp-json\/wp\/v2\/product_cat?post=23926"},{"taxonomy":"product_tag","embeddable":true,"href":"https:\/\/smartinthedark.com\/no\/wp-json\/wp\/v2\/product_tag?post=23926"}],"curies":[{"name":"wp","href":"https:\/\/api.w.org\/{rel}","templated":true}]}}