{"id":23,"date":"2019-06-12T14:23:12","date_gmt":"2019-06-12T12:23:12","guid":{"rendered":"https:\/\/smartinthedark.com\/produkt\/import-placeholder-for-22299\/"},"modified":"2026-03-26T12:19:46","modified_gmt":"2026-03-26T11:19:46","slug":"foret-reflekslue-i-deilig-fleece","status":"publish","type":"product","link":"https:\/\/smartinthedark.com\/no\/produkt\/foret-reflekslue-i-deilig-fleece\/","title":{"rendered":"Foret reflekslue i deilig fleece"},"content":{"rendered":"<p>Denne foret refleksluen er den perfekte vinterluen. Takket v\u00e6re det myke fleeceforet holder den deg deilig varm. Refleksm\u00f8nsteret gj\u00f8r deg dessuten pent synlig i vinterm\u00f8rket fra over 125 meters avstand. Refleksluen finnes i flere farger og med tre fine m\u00f8nstre \u00a0\u2013 Nordlys, Molter og Tytteb\u00e6r. Refleksm\u00f8nsteret reflekterer 360 grader. Denne refleksluen vil garantert bli et godt selskap i vinter!<\/p>\n<p>\u2022 Finnes i to st\u00f8rrelser: S-M (56-58 cm) og L-XL (58-60 cm)<br \/>\n\u2022 Stretch og bomullsjersey<br \/>\n\u2022 Foret i fleece<br \/>\n\u2022 Refleksbredde 3 cm<\/p>\n","protected":false},"excerpt":{"rendered":"<p>Denne foret refleksluen er den perfekte vinterluen. Takket v\u00e6re det myke fleeceforet holder den deg deilig varm. <b><u><a href=\"#beskrivning\">Les mer<\/a><\/u><\/b><\/p>\n","protected":false},"featured_media":85,"comment_status":"open","ping_status":"closed","template":"","meta":{"_trash_the_other_posts":false,"editor_notices":[]},"product_brand":[],"product_cat":[60],"product_tag":[],"class_list":{"0":"post-23","1":"product","2":"type-product","3":"status-publish","4":"has-post-thumbnail","6":"product_cat-reflekslue-og-reflekspanneband","8":"first","9":"instock","10":"taxable","11":"shipping-taxable","12":"purchasable","13":"product-type-variable","14":"has-default-attributes"},"yoast_head":"<!-- This site is optimized with the Yoast SEO plugin v25.9 - https:\/\/yoast.com\/wordpress\/plugins\/seo\/ -->\n<title>Foret reflekslue i deilig fleece - Smart in the dark Norsk<\/title>\n<meta name=\"description\" content=\"Vinterm\u00f6ssa i bomullsjersey med foder i fleece. Finns med reflex i m\u00f6nster av Hjortron och Norrsken. M\u00f6ssan reflekterar 360 grader.\" \/>\n<meta name=\"robots\" content=\"index, follow, max-snippet:-1, max-image-preview:large, max-video-preview:-1\" \/>\n<link rel=\"canonical\" href=\"https:\/\/smartinthedark.com\/no\/produkt\/foret-reflekslue-i-deilig-fleece\/\" \/>\n<meta property=\"og:locale\" content=\"nb_NO\" \/>\n<meta property=\"og:type\" content=\"article\" \/>\n<meta property=\"og:title\" content=\"Foret reflekslue i deilig fleece - Smart in the dark Norsk\" \/>\n<meta property=\"og:description\" content=\"Vinterm\u00f6ssa i bomullsjersey med foder i fleece. Finns med reflex i m\u00f6nster av Hjortron och Norrsken. M\u00f6ssan reflekterar 360 grader.\" \/>\n<meta property=\"og:url\" content=\"https:\/\/smartinthedark.com\/no\/produkt\/foret-reflekslue-i-deilig-fleece\/\" \/>\n<meta property=\"og:site_name\" content=\"Smart in the dark Norsk\" \/>\n<meta property=\"article:publisher\" content=\"https:\/\/www.facebook.com\/smartinthedark\/\" \/>\n<meta property=\"article:modified_time\" content=\"2026-03-26T11:19:46+00:00\" \/>\n<meta property=\"og:image\" content=\"https:\/\/smartinthedark.com\/no\/wp-content\/uploads\/sites\/13\/2019\/06\/Mossa-och-Vaska-600x600-500x500.jpg\" \/>\n\t<meta property=\"og:image:width\" content=\"500\" \/>\n\t<meta property=\"og:image:height\" content=\"500\" \/>\n\t<meta property=\"og:image:type\" content=\"image\/jpeg\" \/>\n<meta name=\"twitter:card\" content=\"summary_large_image\" \/>\n<meta name=\"twitter:label1\" content=\"Ansl. lesetid\" \/>\n\t<meta name=\"twitter:data1\" content=\"1 minutt\" \/>\n<script type=\"application\/ld+json\" class=\"yoast-schema-graph\">{\"@context\":\"https:\/\/schema.org\",\"@graph\":[{\"@type\":\"WebPage\",\"@id\":\"https:\/\/smartinthedark.com\/no\/produkt\/foret-reflekslue-i-deilig-fleece\/\",\"url\":\"https:\/\/smartinthedark.com\/no\/produkt\/foret-reflekslue-i-deilig-fleece\/\",\"name\":\"Foret reflekslue i deilig fleece - Smart in the dark Norsk\",\"isPartOf\":{\"@id\":\"https:\/\/smartinthedark.com\/no\/#website\"},\"primaryImageOfPage\":{\"@id\":\"https:\/\/smartinthedark.com\/no\/produkt\/foret-reflekslue-i-deilig-fleece\/#primaryimage\"},\"image\":{\"@id\":\"https:\/\/smartinthedark.com\/no\/produkt\/foret-reflekslue-i-deilig-fleece\/#primaryimage\"},\"thumbnailUrl\":\"https:\/\/smartinthedark.com\/no\/wp-content\/uploads\/sites\/13\/2019\/06\/Mossa-och-Vaska-600x600-500x500.jpg\",\"datePublished\":\"2019-06-12T12:23:12+00:00\",\"dateModified\":\"2026-03-26T11:19:46+00:00\",\"description\":\"Vinterm\u00f6ssa i bomullsjersey med foder i fleece. Finns med reflex i m\u00f6nster av Hjortron och Norrsken. M\u00f6ssan reflekterar 360 grader.\",\"breadcrumb\":{\"@id\":\"https:\/\/smartinthedark.com\/no\/produkt\/foret-reflekslue-i-deilig-fleece\/#breadcrumb\"},\"inLanguage\":\"nb-NO\",\"potentialAction\":[{\"@type\":\"ReadAction\",\"target\":[\"https:\/\/smartinthedark.com\/no\/produkt\/foret-reflekslue-i-deilig-fleece\/\"]}]},{\"@type\":\"ImageObject\",\"inLanguage\":\"nb-NO\",\"@id\":\"https:\/\/smartinthedark.com\/no\/produkt\/foret-reflekslue-i-deilig-fleece\/#primaryimage\",\"url\":\"https:\/\/smartinthedark.com\/no\/wp-content\/uploads\/sites\/13\/2019\/06\/Mossa-och-Vaska-600x600-500x500.jpg\",\"contentUrl\":\"https:\/\/smartinthedark.com\/no\/wp-content\/uploads\/sites\/13\/2019\/06\/Mossa-och-Vaska-600x600-500x500.jpg\",\"width\":500,\"height\":500},{\"@type\":\"BreadcrumbList\",\"@id\":\"https:\/\/smartinthedark.com\/no\/produkt\/foret-reflekslue-i-deilig-fleece\/#breadcrumb\",\"itemListElement\":[{\"@type\":\"ListItem\",\"position\":1,\"name\":\"Hem\",\"item\":\"https:\/\/smartinthedark.com\/no\/\"},{\"@type\":\"ListItem\",\"position\":2,\"name\":\"Nettbutikk\",\"item\":\"https:\/\/smartinthedark.com\/no\/nettbutikk\/\"},{\"@type\":\"ListItem\",\"position\":3,\"name\":\"Foret reflekslue i deilig fleece\"}]},{\"@type\":\"WebSite\",\"@id\":\"https:\/\/smartinthedark.com\/no\/#website\",\"url\":\"https:\/\/smartinthedark.com\/no\/\",\"name\":\"Smart in the dark Norsk\",\"description\":\"\",\"potentialAction\":[{\"@type\":\"SearchAction\",\"target\":{\"@type\":\"EntryPoint\",\"urlTemplate\":\"https:\/\/smartinthedark.com\/no\/?s={search_term_string}\"},\"query-input\":{\"@type\":\"PropertyValueSpecification\",\"valueRequired\":true,\"valueName\":\"search_term_string\"}}],\"inLanguage\":\"nb-NO\"}]}<\/script>\n<!-- \/ Yoast SEO plugin. -->","yoast_head_json":{"title":"Foret reflekslue i deilig fleece - Smart in the dark Norsk","description":"Vinterm\u00f6ssa i bomullsjersey med foder i fleece. Finns med reflex i m\u00f6nster av Hjortron och Norrsken. M\u00f6ssan reflekterar 360 grader.","robots":{"index":"index","follow":"follow","max-snippet":"max-snippet:-1","max-image-preview":"max-image-preview:large","max-video-preview":"max-video-preview:-1"},"canonical":"https:\/\/smartinthedark.com\/no\/produkt\/foret-reflekslue-i-deilig-fleece\/","og_locale":"nb_NO","og_type":"article","og_title":"Foret reflekslue i deilig fleece - Smart in the dark Norsk","og_description":"Vinterm\u00f6ssa i bomullsjersey med foder i fleece. Finns med reflex i m\u00f6nster av Hjortron och Norrsken. M\u00f6ssan reflekterar 360 grader.","og_url":"https:\/\/smartinthedark.com\/no\/produkt\/foret-reflekslue-i-deilig-fleece\/","og_site_name":"Smart in the dark Norsk","article_publisher":"https:\/\/www.facebook.com\/smartinthedark\/","article_modified_time":"2026-03-26T11:19:46+00:00","og_image":[{"width":500,"height":500,"url":"https:\/\/smartinthedark.com\/no\/wp-content\/uploads\/sites\/13\/2019\/06\/Mossa-och-Vaska-600x600-500x500.jpg","type":"image\/jpeg"}],"twitter_card":"summary_large_image","twitter_misc":{"Ansl. lesetid":"1 minutt"},"schema":{"@context":"https:\/\/schema.org","@graph":[{"@type":"WebPage","@id":"https:\/\/smartinthedark.com\/no\/produkt\/foret-reflekslue-i-deilig-fleece\/","url":"https:\/\/smartinthedark.com\/no\/produkt\/foret-reflekslue-i-deilig-fleece\/","name":"Foret reflekslue i deilig fleece - Smart in the dark Norsk","isPartOf":{"@id":"https:\/\/smartinthedark.com\/no\/#website"},"primaryImageOfPage":{"@id":"https:\/\/smartinthedark.com\/no\/produkt\/foret-reflekslue-i-deilig-fleece\/#primaryimage"},"image":{"@id":"https:\/\/smartinthedark.com\/no\/produkt\/foret-reflekslue-i-deilig-fleece\/#primaryimage"},"thumbnailUrl":"https:\/\/smartinthedark.com\/no\/wp-content\/uploads\/sites\/13\/2019\/06\/Mossa-och-Vaska-600x600-500x500.jpg","datePublished":"2019-06-12T12:23:12+00:00","dateModified":"2026-03-26T11:19:46+00:00","description":"Vinterm\u00f6ssa i bomullsjersey med foder i fleece. Finns med reflex i m\u00f6nster av Hjortron och Norrsken. M\u00f6ssan reflekterar 360 grader.","breadcrumb":{"@id":"https:\/\/smartinthedark.com\/no\/produkt\/foret-reflekslue-i-deilig-fleece\/#breadcrumb"},"inLanguage":"nb-NO","potentialAction":[{"@type":"ReadAction","target":["https:\/\/smartinthedark.com\/no\/produkt\/foret-reflekslue-i-deilig-fleece\/"]}]},{"@type":"ImageObject","inLanguage":"nb-NO","@id":"https:\/\/smartinthedark.com\/no\/produkt\/foret-reflekslue-i-deilig-fleece\/#primaryimage","url":"https:\/\/smartinthedark.com\/no\/wp-content\/uploads\/sites\/13\/2019\/06\/Mossa-och-Vaska-600x600-500x500.jpg","contentUrl":"https:\/\/smartinthedark.com\/no\/wp-content\/uploads\/sites\/13\/2019\/06\/Mossa-och-Vaska-600x600-500x500.jpg","width":500,"height":500},{"@type":"BreadcrumbList","@id":"https:\/\/smartinthedark.com\/no\/produkt\/foret-reflekslue-i-deilig-fleece\/#breadcrumb","itemListElement":[{"@type":"ListItem","position":1,"name":"Hem","item":"https:\/\/smartinthedark.com\/no\/"},{"@type":"ListItem","position":2,"name":"Nettbutikk","item":"https:\/\/smartinthedark.com\/no\/nettbutikk\/"},{"@type":"ListItem","position":3,"name":"Foret reflekslue i deilig fleece"}]},{"@type":"WebSite","@id":"https:\/\/smartinthedark.com\/no\/#website","url":"https:\/\/smartinthedark.com\/no\/","name":"Smart in the dark Norsk","description":"","potentialAction":[{"@type":"SearchAction","target":{"@type":"EntryPoint","urlTemplate":"https:\/\/smartinthedark.com\/no\/?s={search_term_string}"},"query-input":{"@type":"PropertyValueSpecification","valueRequired":true,"valueName":"search_term_string"}}],"inLanguage":"nb-NO"}]}},"_links":{"self":[{"href":"https:\/\/smartinthedark.com\/no\/wp-json\/wp\/v2\/product\/23","targetHints":{"allow":["GET"]}}],"collection":[{"href":"https:\/\/smartinthedark.com\/no\/wp-json\/wp\/v2\/product"}],"about":[{"href":"https:\/\/smartinthedark.com\/no\/wp-json\/wp\/v2\/types\/product"}],"replies":[{"embeddable":true,"href":"https:\/\/smartinthedark.com\/no\/wp-json\/wp\/v2\/comments?post=23"}],"wp:featuredmedia":[{"embeddable":true,"href":"https:\/\/smartinthedark.com\/no\/wp-json\/wp\/v2\/media\/85"}],"wp:attachment":[{"href":"https:\/\/smartinthedark.com\/no\/wp-json\/wp\/v2\/media?parent=23"}],"wp:term":[{"taxonomy":"product_brand","embeddable":true,"href":"https:\/\/smartinthedark.com\/no\/wp-json\/wp\/v2\/product_brand?post=23"},{"taxonomy":"product_cat","embeddable":true,"href":"https:\/\/smartinthedark.com\/no\/wp-json\/wp\/v2\/product_cat?post=23"},{"taxonomy":"product_tag","embeddable":true,"href":"https:\/\/smartinthedark.com\/no\/wp-json\/wp\/v2\/product_tag?post=23"}],"curies":[{"name":"wp","href":"https:\/\/api.w.org\/{rel}","templated":true}]}}