{"id":227,"date":"2019-06-12T14:25:10","date_gmt":"2019-06-12T12:25:10","guid":{"rendered":"https:\/\/smartinthedark.com\/produkt\/import-placeholder-for-36232\/"},"modified":"2026-04-07T13:24:42","modified_gmt":"2026-04-07T11:24:42","slug":"refleksryggsekk-som-vises","status":"publish","type":"product","link":"https:\/\/smartinthedark.com\/no\/produkt\/refleksryggsekk-som-vises\/","title":{"rendered":"Refleksryggsekk som synes i m\u00f8rket"},"content":{"rendered":"<p>Denne smarte refleksryggsekken vekker oppmerksomheten allerede p\u00e5 over 125 meters avstand. Perfekt til jobben, treningen eller p\u00e5 fritiden. Du kan velge \u00e5 b\u00e6re den p\u00e5 ryggen eller holde den i h\u00e5nden. Vesken har refleks rundt som reflekterer 360 grader. Selv ankelb\u00e5ndet gir synlighet fra alle hold. Ryggsekken er vannavvisende og f\u00f4ret. Den har en lomme med glidel\u00e5s p\u00e5 innsiden og sn\u00f8reb\u00e5nd. Finnes i svart, bl\u00e5 og rosa med refleksm\u00f8nster. Hvilken er din favoritt?<\/p>\n<p>\u2022 Vannavvisende polyesterstoff<br \/>\n\u2022 F\u00f4ret med lomme p\u00e5 innsiden<br \/>\n\u2022 H\u00e5ndtak for \u00e5 b\u00e6re ryggsekken i h\u00e5nden<br \/>\n\u2022 Sn\u00f8reb\u00e5nd oventil<br \/>\n\u2022 H\u00f8yde 38 cm<br \/>\n\u2022 Bredde 34 cm<\/p>\n","protected":false},"excerpt":{"rendered":"<p>Denne smarte refleksryggsekken vekker oppmerksomheten allerede p\u00e5 over 125 meters avstand. <b><u><a href=\"#beskrivning\">Les mer<\/a><\/u><\/b><\/p>\n","protected":false},"featured_media":242,"comment_status":"open","ping_status":"closed","template":"","meta":{"_trash_the_other_posts":false,"editor_notices":[]},"product_brand":[],"product_cat":[61],"product_tag":[],"class_list":{"0":"post-227","1":"product","2":"type-product","3":"status-publish","4":"has-post-thumbnail","6":"product_cat-reflekspose","8":"first","9":"outofstock","10":"taxable","11":"shipping-taxable","12":"purchasable","13":"product-type-variable","14":"has-default-attributes"},"yoast_head":"<!-- This site is optimized with the Yoast SEO plugin v25.9 - https:\/\/yoast.com\/wordpress\/plugins\/seo\/ -->\n<title>Refleksryggsekk som synes i m\u00f8rket - Smart in the dark Norsk<\/title>\n<meta name=\"robots\" content=\"index, follow, max-snippet:-1, max-image-preview:large, max-video-preview:-1\" \/>\n<link rel=\"canonical\" href=\"https:\/\/smartinthedark.com\/no\/produkt\/refleksryggsekk-som-vises\/\" \/>\n<meta property=\"og:locale\" content=\"nb_NO\" \/>\n<meta property=\"og:type\" content=\"article\" \/>\n<meta property=\"og:title\" content=\"Refleksryggsekk som synes i m\u00f8rket - Smart in the dark Norsk\" \/>\n<meta property=\"og:description\" content=\"Denne smarte refleksryggsekken vekker oppmerksomheten allerede p\u00e5 over 125 meters avstand. Les mer\" \/>\n<meta property=\"og:url\" content=\"https:\/\/smartinthedark.com\/no\/produkt\/refleksryggsekk-som-vises\/\" \/>\n<meta property=\"og:site_name\" content=\"Smart in the dark Norsk\" \/>\n<meta property=\"article:publisher\" content=\"https:\/\/www.facebook.com\/smartinthedark\/\" \/>\n<meta property=\"article:modified_time\" content=\"2026-04-07T11:24:42+00:00\" \/>\n<meta property=\"og:image\" content=\"https:\/\/smartinthedark.com\/no\/wp-content\/uploads\/sites\/13\/2019\/06\/Gymbag-Ryggs\u00e4ck-med-reflex-Smart-in-the-dark-1.jpg\" \/>\n\t<meta property=\"og:image:width\" content=\"1600\" \/>\n\t<meta property=\"og:image:height\" content=\"1200\" \/>\n\t<meta property=\"og:image:type\" content=\"image\/jpeg\" \/>\n<meta name=\"twitter:card\" content=\"summary_large_image\" \/>\n<meta name=\"twitter:label1\" content=\"Ansl. lesetid\" \/>\n\t<meta name=\"twitter:data1\" content=\"1 minutt\" \/>\n<script type=\"application\/ld+json\" class=\"yoast-schema-graph\">{\"@context\":\"https:\/\/schema.org\",\"@graph\":[{\"@type\":\"WebPage\",\"@id\":\"https:\/\/smartinthedark.com\/no\/produkt\/refleksryggsekk-som-vises\/\",\"url\":\"https:\/\/smartinthedark.com\/no\/produkt\/refleksryggsekk-som-vises\/\",\"name\":\"Refleksryggsekk som synes i m\u00f8rket - Smart in the dark Norsk\",\"isPartOf\":{\"@id\":\"https:\/\/smartinthedark.com\/no\/#website\"},\"primaryImageOfPage\":{\"@id\":\"https:\/\/smartinthedark.com\/no\/produkt\/refleksryggsekk-som-vises\/#primaryimage\"},\"image\":{\"@id\":\"https:\/\/smartinthedark.com\/no\/produkt\/refleksryggsekk-som-vises\/#primaryimage\"},\"thumbnailUrl\":\"https:\/\/smartinthedark.com\/no\/wp-content\/uploads\/sites\/13\/2019\/06\/Gymbag-Ryggs\u00e4ck-med-reflex-Smart-in-the-dark-1.jpg\",\"datePublished\":\"2019-06-12T12:25:10+00:00\",\"dateModified\":\"2026-04-07T11:24:42+00:00\",\"breadcrumb\":{\"@id\":\"https:\/\/smartinthedark.com\/no\/produkt\/refleksryggsekk-som-vises\/#breadcrumb\"},\"inLanguage\":\"nb-NO\",\"potentialAction\":[{\"@type\":\"ReadAction\",\"target\":[\"https:\/\/smartinthedark.com\/no\/produkt\/refleksryggsekk-som-vises\/\"]}]},{\"@type\":\"ImageObject\",\"inLanguage\":\"nb-NO\",\"@id\":\"https:\/\/smartinthedark.com\/no\/produkt\/refleksryggsekk-som-vises\/#primaryimage\",\"url\":\"https:\/\/smartinthedark.com\/no\/wp-content\/uploads\/sites\/13\/2019\/06\/Gymbag-Ryggs\u00e4ck-med-reflex-Smart-in-the-dark-1.jpg\",\"contentUrl\":\"https:\/\/smartinthedark.com\/no\/wp-content\/uploads\/sites\/13\/2019\/06\/Gymbag-Ryggs\u00e4ck-med-reflex-Smart-in-the-dark-1.jpg\",\"width\":1600,\"height\":1200},{\"@type\":\"BreadcrumbList\",\"@id\":\"https:\/\/smartinthedark.com\/no\/produkt\/refleksryggsekk-som-vises\/#breadcrumb\",\"itemListElement\":[{\"@type\":\"ListItem\",\"position\":1,\"name\":\"Hem\",\"item\":\"https:\/\/smartinthedark.com\/no\/\"},{\"@type\":\"ListItem\",\"position\":2,\"name\":\"Nettbutikk\",\"item\":\"https:\/\/smartinthedark.com\/no\/nettbutikk\/\"},{\"@type\":\"ListItem\",\"position\":3,\"name\":\"Refleksryggsekk som synes i m\u00f8rket\"}]},{\"@type\":\"WebSite\",\"@id\":\"https:\/\/smartinthedark.com\/no\/#website\",\"url\":\"https:\/\/smartinthedark.com\/no\/\",\"name\":\"Smart in the dark Norsk\",\"description\":\"\",\"potentialAction\":[{\"@type\":\"SearchAction\",\"target\":{\"@type\":\"EntryPoint\",\"urlTemplate\":\"https:\/\/smartinthedark.com\/no\/?s={search_term_string}\"},\"query-input\":{\"@type\":\"PropertyValueSpecification\",\"valueRequired\":true,\"valueName\":\"search_term_string\"}}],\"inLanguage\":\"nb-NO\"}]}<\/script>\n<!-- \/ Yoast SEO plugin. -->","yoast_head_json":{"title":"Refleksryggsekk som synes i m\u00f8rket - Smart in the dark Norsk","robots":{"index":"index","follow":"follow","max-snippet":"max-snippet:-1","max-image-preview":"max-image-preview:large","max-video-preview":"max-video-preview:-1"},"canonical":"https:\/\/smartinthedark.com\/no\/produkt\/refleksryggsekk-som-vises\/","og_locale":"nb_NO","og_type":"article","og_title":"Refleksryggsekk som synes i m\u00f8rket - Smart in the dark Norsk","og_description":"Denne smarte refleksryggsekken vekker oppmerksomheten allerede p\u00e5 over 125 meters avstand. Les mer","og_url":"https:\/\/smartinthedark.com\/no\/produkt\/refleksryggsekk-som-vises\/","og_site_name":"Smart in the dark Norsk","article_publisher":"https:\/\/www.facebook.com\/smartinthedark\/","article_modified_time":"2026-04-07T11:24:42+00:00","og_image":[{"width":1600,"height":1200,"url":"https:\/\/smartinthedark.com\/no\/wp-content\/uploads\/sites\/13\/2019\/06\/Gymbag-Ryggs\u00e4ck-med-reflex-Smart-in-the-dark-1.jpg","type":"image\/jpeg"}],"twitter_card":"summary_large_image","twitter_misc":{"Ansl. lesetid":"1 minutt"},"schema":{"@context":"https:\/\/schema.org","@graph":[{"@type":"WebPage","@id":"https:\/\/smartinthedark.com\/no\/produkt\/refleksryggsekk-som-vises\/","url":"https:\/\/smartinthedark.com\/no\/produkt\/refleksryggsekk-som-vises\/","name":"Refleksryggsekk som synes i m\u00f8rket - Smart in the dark Norsk","isPartOf":{"@id":"https:\/\/smartinthedark.com\/no\/#website"},"primaryImageOfPage":{"@id":"https:\/\/smartinthedark.com\/no\/produkt\/refleksryggsekk-som-vises\/#primaryimage"},"image":{"@id":"https:\/\/smartinthedark.com\/no\/produkt\/refleksryggsekk-som-vises\/#primaryimage"},"thumbnailUrl":"https:\/\/smartinthedark.com\/no\/wp-content\/uploads\/sites\/13\/2019\/06\/Gymbag-Ryggs\u00e4ck-med-reflex-Smart-in-the-dark-1.jpg","datePublished":"2019-06-12T12:25:10+00:00","dateModified":"2026-04-07T11:24:42+00:00","breadcrumb":{"@id":"https:\/\/smartinthedark.com\/no\/produkt\/refleksryggsekk-som-vises\/#breadcrumb"},"inLanguage":"nb-NO","potentialAction":[{"@type":"ReadAction","target":["https:\/\/smartinthedark.com\/no\/produkt\/refleksryggsekk-som-vises\/"]}]},{"@type":"ImageObject","inLanguage":"nb-NO","@id":"https:\/\/smartinthedark.com\/no\/produkt\/refleksryggsekk-som-vises\/#primaryimage","url":"https:\/\/smartinthedark.com\/no\/wp-content\/uploads\/sites\/13\/2019\/06\/Gymbag-Ryggs\u00e4ck-med-reflex-Smart-in-the-dark-1.jpg","contentUrl":"https:\/\/smartinthedark.com\/no\/wp-content\/uploads\/sites\/13\/2019\/06\/Gymbag-Ryggs\u00e4ck-med-reflex-Smart-in-the-dark-1.jpg","width":1600,"height":1200},{"@type":"BreadcrumbList","@id":"https:\/\/smartinthedark.com\/no\/produkt\/refleksryggsekk-som-vises\/#breadcrumb","itemListElement":[{"@type":"ListItem","position":1,"name":"Hem","item":"https:\/\/smartinthedark.com\/no\/"},{"@type":"ListItem","position":2,"name":"Nettbutikk","item":"https:\/\/smartinthedark.com\/no\/nettbutikk\/"},{"@type":"ListItem","position":3,"name":"Refleksryggsekk som synes i m\u00f8rket"}]},{"@type":"WebSite","@id":"https:\/\/smartinthedark.com\/no\/#website","url":"https:\/\/smartinthedark.com\/no\/","name":"Smart in the dark Norsk","description":"","potentialAction":[{"@type":"SearchAction","target":{"@type":"EntryPoint","urlTemplate":"https:\/\/smartinthedark.com\/no\/?s={search_term_string}"},"query-input":{"@type":"PropertyValueSpecification","valueRequired":true,"valueName":"search_term_string"}}],"inLanguage":"nb-NO"}]}},"_links":{"self":[{"href":"https:\/\/smartinthedark.com\/no\/wp-json\/wp\/v2\/product\/227","targetHints":{"allow":["GET"]}}],"collection":[{"href":"https:\/\/smartinthedark.com\/no\/wp-json\/wp\/v2\/product"}],"about":[{"href":"https:\/\/smartinthedark.com\/no\/wp-json\/wp\/v2\/types\/product"}],"replies":[{"embeddable":true,"href":"https:\/\/smartinthedark.com\/no\/wp-json\/wp\/v2\/comments?post=227"}],"wp:featuredmedia":[{"embeddable":true,"href":"https:\/\/smartinthedark.com\/no\/wp-json\/wp\/v2\/media\/242"}],"wp:attachment":[{"href":"https:\/\/smartinthedark.com\/no\/wp-json\/wp\/v2\/media?parent=227"}],"wp:term":[{"taxonomy":"product_brand","embeddable":true,"href":"https:\/\/smartinthedark.com\/no\/wp-json\/wp\/v2\/product_brand?post=227"},{"taxonomy":"product_cat","embeddable":true,"href":"https:\/\/smartinthedark.com\/no\/wp-json\/wp\/v2\/product_cat?post=227"},{"taxonomy":"product_tag","embeddable":true,"href":"https:\/\/smartinthedark.com\/no\/wp-json\/wp\/v2\/product_tag?post=227"}],"curies":[{"name":"wp","href":"https:\/\/api.w.org\/{rel}","templated":true}]}}