{"id":22,"date":"2019-06-12T14:23:12","date_gmt":"2019-06-12T12:23:12","guid":{"rendered":"https:\/\/smartinthedark.com\/produkt\/import-placeholder-for-22298\/"},"modified":"2026-03-10T13:04:36","modified_gmt":"2026-03-10T12:04:36","slug":"lysende-reflekslue-i-bomull","status":"publish","type":"product","link":"https:\/\/smartinthedark.com\/no\/produkt\/lysende-reflekslue-i-bomull\/","title":{"rendered":"Lysende reflekslue I bomull"},"content":{"rendered":"<p>Denne refleksluen i bomull er et kjempegodt selskap. Den er middels varm b\u00e5de til en kj\u00f8lig h\u00f8stdag og en herlig v\u00e5rdag. Den finnes i flere ulike farger for \u00e5 passe til dagens antrekk. Dessuten reflekterer luen 360 grader s\u00e5 du vises fra alle hold. Luen finnes i to ulike st\u00f8rrelser og tre m\u00f8nstre \u2013 Nordlys, Molter, Tytteb\u00e6r eller Havre. Sp\u00f8rsm\u00e5let er bare hvilket m\u00f8nster som er din favoritt.<\/p>\n<p>V\u00e5re reflekser gj\u00f8r at du er synlig i m\u00f8rket p\u00e5 over 125 meters avstand. De er produsert i 3M Scotchlite som er et av de tryggeste og beste refleksmaterialet p\u00e5 markedet.<\/p>\n<p>\u2022 Finnes i to st\u00f8rrelser: S-M (56-58 cm) og L-XL (58-60 cm)<br \/>\n\u2022 Dobbelt lag av bomull\/jersey<br \/>\n\u2022 Flott kvalitet i stretch<br \/>\n\u2022 Refleksbredde 3,5 cm<\/p>\n","protected":false},"excerpt":{"rendered":"<p>Denne refleksluen i bomull er et kjempegodt selskap. Den er middels varm b\u00e5de til en kj\u00f8lig h\u00f8stdag og en herlig v\u00e5rdag. Den finnes i flere ulike farger for \u00e5 passe til dagens antrekk. <b><u><a href=\"#beskrivning\">Les mer<\/a><\/u><\/b><\/p>\n","protected":false},"featured_media":23633,"comment_status":"open","ping_status":"closed","template":"","meta":{"_trash_the_other_posts":false,"editor_notices":[]},"product_brand":[],"product_cat":[60],"product_tag":[],"class_list":{"0":"post-22","1":"product","2":"type-product","3":"status-publish","4":"has-post-thumbnail","6":"product_cat-reflekslue-og-reflekspanneband","8":"first","9":"instock","10":"taxable","11":"shipping-taxable","12":"purchasable","13":"product-type-variable","14":"has-default-attributes"},"yoast_head":"<!-- This site is optimized with the Yoast SEO plugin v25.9 - https:\/\/yoast.com\/wordpress\/plugins\/seo\/ -->\n<title>Lysende reflekslue I bomull - Smart in the dark Norsk<\/title>\n<meta name=\"description\" content=\"Bomullsm\u00f6ssa med m\u00f6nster i reflex som reflekterar 360 grader. V\u00e4rmer ditt huvud och g\u00f6r dig samtidigt synbar. M\u00f6ssan finns i m\u00f6nstren Hjortron och Norrsken.\" \/>\n<meta name=\"robots\" content=\"index, follow, max-snippet:-1, max-image-preview:large, max-video-preview:-1\" \/>\n<link rel=\"canonical\" href=\"https:\/\/smartinthedark.com\/no\/produkt\/lysende-reflekslue-i-bomull\/\" \/>\n<meta property=\"og:locale\" content=\"nb_NO\" \/>\n<meta property=\"og:type\" content=\"article\" \/>\n<meta property=\"og:title\" content=\"Lysende reflekslue I bomull - Smart in the dark Norsk\" \/>\n<meta property=\"og:description\" content=\"Bomullsm\u00f6ssa med m\u00f6nster i reflex som reflekterar 360 grader. V\u00e4rmer ditt huvud och g\u00f6r dig samtidigt synbar. M\u00f6ssan finns i m\u00f6nstren Hjortron och Norrsken.\" \/>\n<meta property=\"og:url\" content=\"https:\/\/smartinthedark.com\/no\/produkt\/lysende-reflekslue-i-bomull\/\" \/>\n<meta property=\"og:site_name\" content=\"Smart in the dark Norsk\" \/>\n<meta property=\"article:publisher\" content=\"https:\/\/www.facebook.com\/smartinthedark\/\" \/>\n<meta property=\"article:modified_time\" content=\"2026-03-10T12:04:36+00:00\" \/>\n<meta property=\"og:image\" content=\"https:\/\/smartinthedark.com\/no\/wp-content\/uploads\/sites\/13\/2019\/10\/Mjuk-m\u00f6ssa-med-reflex-Smart-in-the-dark-1.jpg\" \/>\n\t<meta property=\"og:image:width\" content=\"1630\" \/>\n\t<meta property=\"og:image:height\" content=\"1697\" \/>\n\t<meta property=\"og:image:type\" content=\"image\/jpeg\" \/>\n<meta name=\"twitter:card\" content=\"summary_large_image\" \/>\n<meta name=\"twitter:label1\" content=\"Ansl. lesetid\" \/>\n\t<meta name=\"twitter:data1\" content=\"1 minutt\" \/>\n<script type=\"application\/ld+json\" class=\"yoast-schema-graph\">{\"@context\":\"https:\/\/schema.org\",\"@graph\":[{\"@type\":\"WebPage\",\"@id\":\"https:\/\/smartinthedark.com\/no\/produkt\/lysende-reflekslue-i-bomull\/\",\"url\":\"https:\/\/smartinthedark.com\/no\/produkt\/lysende-reflekslue-i-bomull\/\",\"name\":\"Lysende reflekslue I bomull - Smart in the dark Norsk\",\"isPartOf\":{\"@id\":\"https:\/\/smartinthedark.com\/no\/#website\"},\"primaryImageOfPage\":{\"@id\":\"https:\/\/smartinthedark.com\/no\/produkt\/lysende-reflekslue-i-bomull\/#primaryimage\"},\"image\":{\"@id\":\"https:\/\/smartinthedark.com\/no\/produkt\/lysende-reflekslue-i-bomull\/#primaryimage\"},\"thumbnailUrl\":\"https:\/\/smartinthedark.com\/no\/wp-content\/uploads\/sites\/13\/2019\/10\/Mjuk-m\u00f6ssa-med-reflex-Smart-in-the-dark-1.jpg\",\"datePublished\":\"2019-06-12T12:23:12+00:00\",\"dateModified\":\"2026-03-10T12:04:36+00:00\",\"description\":\"Bomullsm\u00f6ssa med m\u00f6nster i reflex som reflekterar 360 grader. V\u00e4rmer ditt huvud och g\u00f6r dig samtidigt synbar. M\u00f6ssan finns i m\u00f6nstren Hjortron och Norrsken.\",\"breadcrumb\":{\"@id\":\"https:\/\/smartinthedark.com\/no\/produkt\/lysende-reflekslue-i-bomull\/#breadcrumb\"},\"inLanguage\":\"nb-NO\",\"potentialAction\":[{\"@type\":\"ReadAction\",\"target\":[\"https:\/\/smartinthedark.com\/no\/produkt\/lysende-reflekslue-i-bomull\/\"]}]},{\"@type\":\"ImageObject\",\"inLanguage\":\"nb-NO\",\"@id\":\"https:\/\/smartinthedark.com\/no\/produkt\/lysende-reflekslue-i-bomull\/#primaryimage\",\"url\":\"https:\/\/smartinthedark.com\/no\/wp-content\/uploads\/sites\/13\/2019\/10\/Mjuk-m\u00f6ssa-med-reflex-Smart-in-the-dark-1.jpg\",\"contentUrl\":\"https:\/\/smartinthedark.com\/no\/wp-content\/uploads\/sites\/13\/2019\/10\/Mjuk-m\u00f6ssa-med-reflex-Smart-in-the-dark-1.jpg\",\"width\":1630,\"height\":1697},{\"@type\":\"BreadcrumbList\",\"@id\":\"https:\/\/smartinthedark.com\/no\/produkt\/lysende-reflekslue-i-bomull\/#breadcrumb\",\"itemListElement\":[{\"@type\":\"ListItem\",\"position\":1,\"name\":\"Hem\",\"item\":\"https:\/\/smartinthedark.com\/no\/\"},{\"@type\":\"ListItem\",\"position\":2,\"name\":\"Nettbutikk\",\"item\":\"https:\/\/smartinthedark.com\/no\/nettbutikk\/\"},{\"@type\":\"ListItem\",\"position\":3,\"name\":\"Lysende reflekslue I bomull\"}]},{\"@type\":\"WebSite\",\"@id\":\"https:\/\/smartinthedark.com\/no\/#website\",\"url\":\"https:\/\/smartinthedark.com\/no\/\",\"name\":\"Smart in the dark Norsk\",\"description\":\"\",\"potentialAction\":[{\"@type\":\"SearchAction\",\"target\":{\"@type\":\"EntryPoint\",\"urlTemplate\":\"https:\/\/smartinthedark.com\/no\/?s={search_term_string}\"},\"query-input\":{\"@type\":\"PropertyValueSpecification\",\"valueRequired\":true,\"valueName\":\"search_term_string\"}}],\"inLanguage\":\"nb-NO\"}]}<\/script>\n<!-- \/ Yoast SEO plugin. -->","yoast_head_json":{"title":"Lysende reflekslue I bomull - Smart in the dark Norsk","description":"Bomullsm\u00f6ssa med m\u00f6nster i reflex som reflekterar 360 grader. V\u00e4rmer ditt huvud och g\u00f6r dig samtidigt synbar. M\u00f6ssan finns i m\u00f6nstren Hjortron och Norrsken.","robots":{"index":"index","follow":"follow","max-snippet":"max-snippet:-1","max-image-preview":"max-image-preview:large","max-video-preview":"max-video-preview:-1"},"canonical":"https:\/\/smartinthedark.com\/no\/produkt\/lysende-reflekslue-i-bomull\/","og_locale":"nb_NO","og_type":"article","og_title":"Lysende reflekslue I bomull - Smart in the dark Norsk","og_description":"Bomullsm\u00f6ssa med m\u00f6nster i reflex som reflekterar 360 grader. V\u00e4rmer ditt huvud och g\u00f6r dig samtidigt synbar. M\u00f6ssan finns i m\u00f6nstren Hjortron och Norrsken.","og_url":"https:\/\/smartinthedark.com\/no\/produkt\/lysende-reflekslue-i-bomull\/","og_site_name":"Smart in the dark Norsk","article_publisher":"https:\/\/www.facebook.com\/smartinthedark\/","article_modified_time":"2026-03-10T12:04:36+00:00","og_image":[{"width":1630,"height":1697,"url":"https:\/\/smartinthedark.com\/no\/wp-content\/uploads\/sites\/13\/2019\/10\/Mjuk-m\u00f6ssa-med-reflex-Smart-in-the-dark-1.jpg","type":"image\/jpeg"}],"twitter_card":"summary_large_image","twitter_misc":{"Ansl. lesetid":"1 minutt"},"schema":{"@context":"https:\/\/schema.org","@graph":[{"@type":"WebPage","@id":"https:\/\/smartinthedark.com\/no\/produkt\/lysende-reflekslue-i-bomull\/","url":"https:\/\/smartinthedark.com\/no\/produkt\/lysende-reflekslue-i-bomull\/","name":"Lysende reflekslue I bomull - Smart in the dark Norsk","isPartOf":{"@id":"https:\/\/smartinthedark.com\/no\/#website"},"primaryImageOfPage":{"@id":"https:\/\/smartinthedark.com\/no\/produkt\/lysende-reflekslue-i-bomull\/#primaryimage"},"image":{"@id":"https:\/\/smartinthedark.com\/no\/produkt\/lysende-reflekslue-i-bomull\/#primaryimage"},"thumbnailUrl":"https:\/\/smartinthedark.com\/no\/wp-content\/uploads\/sites\/13\/2019\/10\/Mjuk-m\u00f6ssa-med-reflex-Smart-in-the-dark-1.jpg","datePublished":"2019-06-12T12:23:12+00:00","dateModified":"2026-03-10T12:04:36+00:00","description":"Bomullsm\u00f6ssa med m\u00f6nster i reflex som reflekterar 360 grader. V\u00e4rmer ditt huvud och g\u00f6r dig samtidigt synbar. M\u00f6ssan finns i m\u00f6nstren Hjortron och Norrsken.","breadcrumb":{"@id":"https:\/\/smartinthedark.com\/no\/produkt\/lysende-reflekslue-i-bomull\/#breadcrumb"},"inLanguage":"nb-NO","potentialAction":[{"@type":"ReadAction","target":["https:\/\/smartinthedark.com\/no\/produkt\/lysende-reflekslue-i-bomull\/"]}]},{"@type":"ImageObject","inLanguage":"nb-NO","@id":"https:\/\/smartinthedark.com\/no\/produkt\/lysende-reflekslue-i-bomull\/#primaryimage","url":"https:\/\/smartinthedark.com\/no\/wp-content\/uploads\/sites\/13\/2019\/10\/Mjuk-m\u00f6ssa-med-reflex-Smart-in-the-dark-1.jpg","contentUrl":"https:\/\/smartinthedark.com\/no\/wp-content\/uploads\/sites\/13\/2019\/10\/Mjuk-m\u00f6ssa-med-reflex-Smart-in-the-dark-1.jpg","width":1630,"height":1697},{"@type":"BreadcrumbList","@id":"https:\/\/smartinthedark.com\/no\/produkt\/lysende-reflekslue-i-bomull\/#breadcrumb","itemListElement":[{"@type":"ListItem","position":1,"name":"Hem","item":"https:\/\/smartinthedark.com\/no\/"},{"@type":"ListItem","position":2,"name":"Nettbutikk","item":"https:\/\/smartinthedark.com\/no\/nettbutikk\/"},{"@type":"ListItem","position":3,"name":"Lysende reflekslue I bomull"}]},{"@type":"WebSite","@id":"https:\/\/smartinthedark.com\/no\/#website","url":"https:\/\/smartinthedark.com\/no\/","name":"Smart in the dark Norsk","description":"","potentialAction":[{"@type":"SearchAction","target":{"@type":"EntryPoint","urlTemplate":"https:\/\/smartinthedark.com\/no\/?s={search_term_string}"},"query-input":{"@type":"PropertyValueSpecification","valueRequired":true,"valueName":"search_term_string"}}],"inLanguage":"nb-NO"}]}},"_links":{"self":[{"href":"https:\/\/smartinthedark.com\/no\/wp-json\/wp\/v2\/product\/22","targetHints":{"allow":["GET"]}}],"collection":[{"href":"https:\/\/smartinthedark.com\/no\/wp-json\/wp\/v2\/product"}],"about":[{"href":"https:\/\/smartinthedark.com\/no\/wp-json\/wp\/v2\/types\/product"}],"replies":[{"embeddable":true,"href":"https:\/\/smartinthedark.com\/no\/wp-json\/wp\/v2\/comments?post=22"}],"wp:featuredmedia":[{"embeddable":true,"href":"https:\/\/smartinthedark.com\/no\/wp-json\/wp\/v2\/media\/23633"}],"wp:attachment":[{"href":"https:\/\/smartinthedark.com\/no\/wp-json\/wp\/v2\/media?parent=22"}],"wp:term":[{"taxonomy":"product_brand","embeddable":true,"href":"https:\/\/smartinthedark.com\/no\/wp-json\/wp\/v2\/product_brand?post=22"},{"taxonomy":"product_cat","embeddable":true,"href":"https:\/\/smartinthedark.com\/no\/wp-json\/wp\/v2\/product_cat?post=22"},{"taxonomy":"product_tag","embeddable":true,"href":"https:\/\/smartinthedark.com\/no\/wp-json\/wp\/v2\/product_tag?post=22"}],"curies":[{"name":"wp","href":"https:\/\/api.w.org\/{rel}","templated":true}]}}