{"id":21,"date":"2019-06-12T14:23:12","date_gmt":"2019-06-12T12:23:12","guid":{"rendered":"https:\/\/smartinthedark.com\/produkt\/import-placeholder-for-22297\/"},"modified":"2026-02-09T16:19:40","modified_gmt":"2026-02-09T15:19:40","slug":"stilsikker-refleksveske","status":"publish","type":"product","link":"https:\/\/smartinthedark.com\/no\/produkt\/stilsikker-refleksveske\/","title":{"rendered":"Stilsikker refleksveske"},"content":{"rendered":"<p>Denne stilsikre refleksvesken lyser opp hvilken som helt m\u00f8rk dag. Den har plass til alle dine viktigste ting. Vesken er vannavvisende og t\u00e5ler regn. Den er f\u00f4ret, har en lomme p\u00e5 innsiden og glidel\u00e5s. Dessuten reflekterer den 360 grader s\u00e5 du kan v\u00e6re sikker p\u00e5 at du er synlig fra alle kanter p\u00e5 over 125 meters avstand. Vesken f\u00e5s i rosa, svart og havbl\u00e5 med fem ulike refleksm\u00f8nster inspirert av Norden \u2013 Molte, Flette, Fjelltopp, Nordlys og Tytteb\u00e6r. Hvilken veske fanger oppmerksomheten din?<\/p>\n<p>\u2022 Vannavvisende veska i polyester<br \/>\n\u2022 Bomullsf\u00f4ret med lomme p\u00e5 innsiden<br \/>\n\u2022 Glidel\u00e5s oventil<br \/>\n\u2022 H\u00f8yde 38 cm<br \/>\n\u2022 Bredde 34 cm<\/p>\n","protected":false},"excerpt":{"rendered":"<p>Denne stilsikre refleksvesken lyser opp hvilken som helt m\u00f8rk dag. Den har plass til alle dine viktigste ting. <b><u><a href=\"#beskrivning\">Les mer<\/a><\/u><\/b><\/p>\n","protected":false},"featured_media":23613,"comment_status":"open","ping_status":"closed","template":"","meta":{"_trash_the_other_posts":false,"editor_notices":[]},"product_brand":[],"product_cat":[61],"product_tag":[],"class_list":{"0":"post-21","1":"product","2":"type-product","3":"status-publish","4":"has-post-thumbnail","6":"product_cat-reflekspose","8":"first","9":"instock","10":"taxable","11":"shipping-taxable","12":"purchasable","13":"product-type-variable","14":"has-default-attributes"},"yoast_head":"<!-- This site is optimized with the Yoast SEO plugin v25.9 - https:\/\/yoast.com\/wordpress\/plugins\/seo\/ -->\n<title>Stilsikker refleksveske - Smart in the dark Norsk<\/title>\n<meta name=\"description\" content=\"V\u00e4ska med reflex i olika m\u00f6nster som reflekterar 360 grader. V\u00e4skan t\u00e5l regn, \u00e4r fodrad,\u00a0har en ficka p\u00e5 insidan och\u00a0kommer i fyra\u00a0m\u00f6nster.\" \/>\n<meta name=\"robots\" content=\"index, follow, max-snippet:-1, max-image-preview:large, max-video-preview:-1\" \/>\n<link rel=\"canonical\" href=\"https:\/\/smartinthedark.com\/no\/produkt\/stilsikker-refleksveske\/\" \/>\n<meta property=\"og:locale\" content=\"nb_NO\" \/>\n<meta property=\"og:type\" content=\"article\" \/>\n<meta property=\"og:title\" content=\"Stilsikker refleksveske - Smart in the dark Norsk\" \/>\n<meta property=\"og:description\" content=\"V\u00e4ska med reflex i olika m\u00f6nster som reflekterar 360 grader. V\u00e4skan t\u00e5l regn, \u00e4r fodrad,\u00a0har en ficka p\u00e5 insidan och\u00a0kommer i fyra\u00a0m\u00f6nster.\" \/>\n<meta property=\"og:url\" content=\"https:\/\/smartinthedark.com\/no\/produkt\/stilsikker-refleksveske\/\" \/>\n<meta property=\"og:site_name\" content=\"Smart in the dark Norsk\" \/>\n<meta property=\"article:publisher\" content=\"https:\/\/www.facebook.com\/smartinthedark\/\" \/>\n<meta property=\"article:modified_time\" content=\"2026-02-09T15:19:40+00:00\" \/>\n<meta property=\"og:image\" content=\"https:\/\/smartinthedark.com\/no\/wp-content\/uploads\/sites\/13\/2019\/06\/svart-sjal-med-rosa-v\u00e4ska.png\" \/>\n\t<meta property=\"og:image:width\" content=\"1932\" \/>\n\t<meta property=\"og:image:height\" content=\"1873\" \/>\n\t<meta property=\"og:image:type\" content=\"image\/png\" \/>\n<meta name=\"twitter:card\" content=\"summary_large_image\" \/>\n<meta name=\"twitter:label1\" content=\"Ansl. lesetid\" \/>\n\t<meta name=\"twitter:data1\" content=\"1 minutt\" \/>\n<script type=\"application\/ld+json\" class=\"yoast-schema-graph\">{\"@context\":\"https:\/\/schema.org\",\"@graph\":[{\"@type\":\"WebPage\",\"@id\":\"https:\/\/smartinthedark.com\/no\/produkt\/stilsikker-refleksveske\/\",\"url\":\"https:\/\/smartinthedark.com\/no\/produkt\/stilsikker-refleksveske\/\",\"name\":\"Stilsikker refleksveske - Smart in the dark Norsk\",\"isPartOf\":{\"@id\":\"https:\/\/smartinthedark.com\/no\/#website\"},\"primaryImageOfPage\":{\"@id\":\"https:\/\/smartinthedark.com\/no\/produkt\/stilsikker-refleksveske\/#primaryimage\"},\"image\":{\"@id\":\"https:\/\/smartinthedark.com\/no\/produkt\/stilsikker-refleksveske\/#primaryimage\"},\"thumbnailUrl\":\"https:\/\/smartinthedark.com\/no\/wp-content\/uploads\/sites\/13\/2019\/06\/svart-sjal-med-rosa-v\u00e4ska.png\",\"datePublished\":\"2019-06-12T12:23:12+00:00\",\"dateModified\":\"2026-02-09T15:19:40+00:00\",\"description\":\"V\u00e4ska med reflex i olika m\u00f6nster som reflekterar 360 grader. V\u00e4skan t\u00e5l regn, \u00e4r fodrad,\u00a0har en ficka p\u00e5 insidan och\u00a0kommer i fyra\u00a0m\u00f6nster.\",\"breadcrumb\":{\"@id\":\"https:\/\/smartinthedark.com\/no\/produkt\/stilsikker-refleksveske\/#breadcrumb\"},\"inLanguage\":\"nb-NO\",\"potentialAction\":[{\"@type\":\"ReadAction\",\"target\":[\"https:\/\/smartinthedark.com\/no\/produkt\/stilsikker-refleksveske\/\"]}]},{\"@type\":\"ImageObject\",\"inLanguage\":\"nb-NO\",\"@id\":\"https:\/\/smartinthedark.com\/no\/produkt\/stilsikker-refleksveske\/#primaryimage\",\"url\":\"https:\/\/smartinthedark.com\/no\/wp-content\/uploads\/sites\/13\/2019\/06\/svart-sjal-med-rosa-v\u00e4ska.png\",\"contentUrl\":\"https:\/\/smartinthedark.com\/no\/wp-content\/uploads\/sites\/13\/2019\/06\/svart-sjal-med-rosa-v\u00e4ska.png\",\"width\":1932,\"height\":1873},{\"@type\":\"BreadcrumbList\",\"@id\":\"https:\/\/smartinthedark.com\/no\/produkt\/stilsikker-refleksveske\/#breadcrumb\",\"itemListElement\":[{\"@type\":\"ListItem\",\"position\":1,\"name\":\"Hem\",\"item\":\"https:\/\/smartinthedark.com\/no\/\"},{\"@type\":\"ListItem\",\"position\":2,\"name\":\"Nettbutikk\",\"item\":\"https:\/\/smartinthedark.com\/no\/nettbutikk\/\"},{\"@type\":\"ListItem\",\"position\":3,\"name\":\"Stilsikker refleksveske\"}]},{\"@type\":\"WebSite\",\"@id\":\"https:\/\/smartinthedark.com\/no\/#website\",\"url\":\"https:\/\/smartinthedark.com\/no\/\",\"name\":\"Smart in the dark Norsk\",\"description\":\"\",\"potentialAction\":[{\"@type\":\"SearchAction\",\"target\":{\"@type\":\"EntryPoint\",\"urlTemplate\":\"https:\/\/smartinthedark.com\/no\/?s={search_term_string}\"},\"query-input\":{\"@type\":\"PropertyValueSpecification\",\"valueRequired\":true,\"valueName\":\"search_term_string\"}}],\"inLanguage\":\"nb-NO\"}]}<\/script>\n<!-- \/ Yoast SEO plugin. -->","yoast_head_json":{"title":"Stilsikker refleksveske - Smart in the dark Norsk","description":"V\u00e4ska med reflex i olika m\u00f6nster som reflekterar 360 grader. V\u00e4skan t\u00e5l regn, \u00e4r fodrad,\u00a0har en ficka p\u00e5 insidan och\u00a0kommer i fyra\u00a0m\u00f6nster.","robots":{"index":"index","follow":"follow","max-snippet":"max-snippet:-1","max-image-preview":"max-image-preview:large","max-video-preview":"max-video-preview:-1"},"canonical":"https:\/\/smartinthedark.com\/no\/produkt\/stilsikker-refleksveske\/","og_locale":"nb_NO","og_type":"article","og_title":"Stilsikker refleksveske - Smart in the dark Norsk","og_description":"V\u00e4ska med reflex i olika m\u00f6nster som reflekterar 360 grader. V\u00e4skan t\u00e5l regn, \u00e4r fodrad,\u00a0har en ficka p\u00e5 insidan och\u00a0kommer i fyra\u00a0m\u00f6nster.","og_url":"https:\/\/smartinthedark.com\/no\/produkt\/stilsikker-refleksveske\/","og_site_name":"Smart in the dark Norsk","article_publisher":"https:\/\/www.facebook.com\/smartinthedark\/","article_modified_time":"2026-02-09T15:19:40+00:00","og_image":[{"width":1932,"height":1873,"url":"https:\/\/smartinthedark.com\/no\/wp-content\/uploads\/sites\/13\/2019\/06\/svart-sjal-med-rosa-v\u00e4ska.png","type":"image\/png"}],"twitter_card":"summary_large_image","twitter_misc":{"Ansl. lesetid":"1 minutt"},"schema":{"@context":"https:\/\/schema.org","@graph":[{"@type":"WebPage","@id":"https:\/\/smartinthedark.com\/no\/produkt\/stilsikker-refleksveske\/","url":"https:\/\/smartinthedark.com\/no\/produkt\/stilsikker-refleksveske\/","name":"Stilsikker refleksveske - Smart in the dark Norsk","isPartOf":{"@id":"https:\/\/smartinthedark.com\/no\/#website"},"primaryImageOfPage":{"@id":"https:\/\/smartinthedark.com\/no\/produkt\/stilsikker-refleksveske\/#primaryimage"},"image":{"@id":"https:\/\/smartinthedark.com\/no\/produkt\/stilsikker-refleksveske\/#primaryimage"},"thumbnailUrl":"https:\/\/smartinthedark.com\/no\/wp-content\/uploads\/sites\/13\/2019\/06\/svart-sjal-med-rosa-v\u00e4ska.png","datePublished":"2019-06-12T12:23:12+00:00","dateModified":"2026-02-09T15:19:40+00:00","description":"V\u00e4ska med reflex i olika m\u00f6nster som reflekterar 360 grader. V\u00e4skan t\u00e5l regn, \u00e4r fodrad,\u00a0har en ficka p\u00e5 insidan och\u00a0kommer i fyra\u00a0m\u00f6nster.","breadcrumb":{"@id":"https:\/\/smartinthedark.com\/no\/produkt\/stilsikker-refleksveske\/#breadcrumb"},"inLanguage":"nb-NO","potentialAction":[{"@type":"ReadAction","target":["https:\/\/smartinthedark.com\/no\/produkt\/stilsikker-refleksveske\/"]}]},{"@type":"ImageObject","inLanguage":"nb-NO","@id":"https:\/\/smartinthedark.com\/no\/produkt\/stilsikker-refleksveske\/#primaryimage","url":"https:\/\/smartinthedark.com\/no\/wp-content\/uploads\/sites\/13\/2019\/06\/svart-sjal-med-rosa-v\u00e4ska.png","contentUrl":"https:\/\/smartinthedark.com\/no\/wp-content\/uploads\/sites\/13\/2019\/06\/svart-sjal-med-rosa-v\u00e4ska.png","width":1932,"height":1873},{"@type":"BreadcrumbList","@id":"https:\/\/smartinthedark.com\/no\/produkt\/stilsikker-refleksveske\/#breadcrumb","itemListElement":[{"@type":"ListItem","position":1,"name":"Hem","item":"https:\/\/smartinthedark.com\/no\/"},{"@type":"ListItem","position":2,"name":"Nettbutikk","item":"https:\/\/smartinthedark.com\/no\/nettbutikk\/"},{"@type":"ListItem","position":3,"name":"Stilsikker refleksveske"}]},{"@type":"WebSite","@id":"https:\/\/smartinthedark.com\/no\/#website","url":"https:\/\/smartinthedark.com\/no\/","name":"Smart in the dark Norsk","description":"","potentialAction":[{"@type":"SearchAction","target":{"@type":"EntryPoint","urlTemplate":"https:\/\/smartinthedark.com\/no\/?s={search_term_string}"},"query-input":{"@type":"PropertyValueSpecification","valueRequired":true,"valueName":"search_term_string"}}],"inLanguage":"nb-NO"}]}},"_links":{"self":[{"href":"https:\/\/smartinthedark.com\/no\/wp-json\/wp\/v2\/product\/21","targetHints":{"allow":["GET"]}}],"collection":[{"href":"https:\/\/smartinthedark.com\/no\/wp-json\/wp\/v2\/product"}],"about":[{"href":"https:\/\/smartinthedark.com\/no\/wp-json\/wp\/v2\/types\/product"}],"replies":[{"embeddable":true,"href":"https:\/\/smartinthedark.com\/no\/wp-json\/wp\/v2\/comments?post=21"}],"wp:featuredmedia":[{"embeddable":true,"href":"https:\/\/smartinthedark.com\/no\/wp-json\/wp\/v2\/media\/23613"}],"wp:attachment":[{"href":"https:\/\/smartinthedark.com\/no\/wp-json\/wp\/v2\/media?parent=21"}],"wp:term":[{"taxonomy":"product_brand","embeddable":true,"href":"https:\/\/smartinthedark.com\/no\/wp-json\/wp\/v2\/product_brand?post=21"},{"taxonomy":"product_cat","embeddable":true,"href":"https:\/\/smartinthedark.com\/no\/wp-json\/wp\/v2\/product_cat?post=21"},{"taxonomy":"product_tag","embeddable":true,"href":"https:\/\/smartinthedark.com\/no\/wp-json\/wp\/v2\/product_tag?post=21"}],"curies":[{"name":"wp","href":"https:\/\/api.w.org\/{rel}","templated":true}]}}