{"id":182,"date":"2019-06-12T14:24:37","date_gmt":"2019-06-12T12:24:37","guid":{"rendered":"https:\/\/smartinthedark.com\/produkt\/import-placeholder-for-24546\/"},"modified":"2026-04-11T13:32:25","modified_gmt":"2026-04-11T11:32:25","slug":"sjal-med-refleks-som-setter-stilen","status":"publish","type":"product","link":"https:\/\/smartinthedark.com\/no\/produkt\/sjal-med-refleks-som-setter-stilen\/","title":{"rendered":"Sjal med refleks som setter stilen"},"content":{"rendered":"<p>Kle opp kappen eller kavaien med et mykt og vakkert sjal laget i viskose, nylon og lycra. Den er triangelformet og f\u00f4ret med volang med refleks langs to sider. Utenom at du er godt synlig, varmer sjalet mot kulde og beskytter mot vind. Et perfekt plagg som kan b\u00e6res \u00e5ret rundt. Sjalet kan knytes og b\u00e6res p\u00e5 ulike m\u00e5ter. S\u00e5 style den akkurat som du vil!<\/p>\n<p>V\u00e5re reflekser gj\u00f8r at du er synlig i m\u00f8rket p\u00e5 over 125 meters avstand. De er laget av 3M Scotchlite som er et av de beste og tryggeste refleksmaterialene p\u00e5 markedet.<\/p>\n<p>\u2022 Stoff 68 % viskose 28 % nylon og 4% lycra<br \/>\n\u2022 Refleks 3,5 cm x 270 cm<br \/>\n\u2022 St\u00f8rrelse 200 cm x 65 cm<\/p>\n","protected":false},"excerpt":{"rendered":"<p>Kle opp kappen eller kavaien med et mykt og vakkert sjal laget i viskose, nylon og lycra. <b><u><a href=\"#beskrivning\">Les mer<\/a><\/u><\/b><\/p>\n","protected":false},"featured_media":23991,"comment_status":"open","ping_status":"closed","template":"","meta":{"_trash_the_other_posts":false,"editor_notices":[]},"product_brand":[],"product_cat":[62],"product_tag":[],"class_list":{"0":"post-182","1":"product","2":"type-product","3":"status-publish","4":"has-post-thumbnail","6":"product_cat-reflex-tilbehor","8":"first","9":"instock","10":"taxable","11":"shipping-taxable","12":"purchasable","13":"product-type-variable","14":"has-default-attributes"},"yoast_head":"<!-- This site is optimized with the Yoast SEO plugin v25.9 - https:\/\/yoast.com\/wordpress\/plugins\/seo\/ -->\n<title>Sjal med refleks som setter stilen - Smart in the dark Norsk<\/title>\n<meta name=\"robots\" content=\"index, follow, max-snippet:-1, max-image-preview:large, max-video-preview:-1\" \/>\n<link rel=\"canonical\" href=\"https:\/\/smartinthedark.com\/no\/produkt\/sjal-med-refleks-som-setter-stilen\/\" \/>\n<meta property=\"og:locale\" content=\"nb_NO\" \/>\n<meta property=\"og:type\" content=\"article\" \/>\n<meta property=\"og:title\" content=\"Sjal med refleks som setter stilen - Smart in the dark Norsk\" \/>\n<meta property=\"og:description\" content=\"Kle opp kappen eller kavaien med et mykt og vakkert sjal laget i viskose, nylon og lycra. Les mer\" \/>\n<meta property=\"og:url\" content=\"https:\/\/smartinthedark.com\/no\/produkt\/sjal-med-refleks-som-setter-stilen\/\" \/>\n<meta property=\"og:site_name\" content=\"Smart in the dark Norsk\" \/>\n<meta property=\"article:publisher\" content=\"https:\/\/www.facebook.com\/smartinthedark\/\" \/>\n<meta property=\"article:modified_time\" content=\"2026-04-11T11:32:25+00:00\" \/>\n<meta property=\"og:image\" content=\"https:\/\/smartinthedark.com\/no\/wp-content\/uploads\/sites\/13\/2019\/06\/Linnea-i-sjal-med-reflex-och-m\u00f6nstret-fl\u00e4ta.jpg-1024x976.png\" \/>\n\t<meta property=\"og:image:width\" content=\"1024\" \/>\n\t<meta property=\"og:image:height\" content=\"976\" \/>\n\t<meta property=\"og:image:type\" content=\"image\/png\" \/>\n<meta name=\"twitter:card\" content=\"summary_large_image\" \/>\n<meta name=\"twitter:label1\" content=\"Ansl. lesetid\" \/>\n\t<meta name=\"twitter:data1\" content=\"1 minutt\" \/>\n<script type=\"application\/ld+json\" class=\"yoast-schema-graph\">{\"@context\":\"https:\/\/schema.org\",\"@graph\":[{\"@type\":\"WebPage\",\"@id\":\"https:\/\/smartinthedark.com\/no\/produkt\/sjal-med-refleks-som-setter-stilen\/\",\"url\":\"https:\/\/smartinthedark.com\/no\/produkt\/sjal-med-refleks-som-setter-stilen\/\",\"name\":\"Sjal med refleks som setter stilen - Smart in the dark Norsk\",\"isPartOf\":{\"@id\":\"https:\/\/smartinthedark.com\/no\/#website\"},\"primaryImageOfPage\":{\"@id\":\"https:\/\/smartinthedark.com\/no\/produkt\/sjal-med-refleks-som-setter-stilen\/#primaryimage\"},\"image\":{\"@id\":\"https:\/\/smartinthedark.com\/no\/produkt\/sjal-med-refleks-som-setter-stilen\/#primaryimage\"},\"thumbnailUrl\":\"https:\/\/smartinthedark.com\/no\/wp-content\/uploads\/sites\/13\/2019\/06\/Linnea-i-sjal-med-reflex-och-m\u00f6nstret-fl\u00e4ta.jpg.png\",\"datePublished\":\"2019-06-12T12:24:37+00:00\",\"dateModified\":\"2026-04-11T11:32:25+00:00\",\"breadcrumb\":{\"@id\":\"https:\/\/smartinthedark.com\/no\/produkt\/sjal-med-refleks-som-setter-stilen\/#breadcrumb\"},\"inLanguage\":\"nb-NO\",\"potentialAction\":[{\"@type\":\"ReadAction\",\"target\":[\"https:\/\/smartinthedark.com\/no\/produkt\/sjal-med-refleks-som-setter-stilen\/\"]}]},{\"@type\":\"ImageObject\",\"inLanguage\":\"nb-NO\",\"@id\":\"https:\/\/smartinthedark.com\/no\/produkt\/sjal-med-refleks-som-setter-stilen\/#primaryimage\",\"url\":\"https:\/\/smartinthedark.com\/no\/wp-content\/uploads\/sites\/13\/2019\/06\/Linnea-i-sjal-med-reflex-och-m\u00f6nstret-fl\u00e4ta.jpg.png\",\"contentUrl\":\"https:\/\/smartinthedark.com\/no\/wp-content\/uploads\/sites\/13\/2019\/06\/Linnea-i-sjal-med-reflex-och-m\u00f6nstret-fl\u00e4ta.jpg.png\",\"width\":2672,\"height\":2547},{\"@type\":\"BreadcrumbList\",\"@id\":\"https:\/\/smartinthedark.com\/no\/produkt\/sjal-med-refleks-som-setter-stilen\/#breadcrumb\",\"itemListElement\":[{\"@type\":\"ListItem\",\"position\":1,\"name\":\"Hem\",\"item\":\"https:\/\/smartinthedark.com\/no\/\"},{\"@type\":\"ListItem\",\"position\":2,\"name\":\"Nettbutikk\",\"item\":\"https:\/\/smartinthedark.com\/no\/nettbutikk\/\"},{\"@type\":\"ListItem\",\"position\":3,\"name\":\"Sjal med refleks som setter stilen\"}]},{\"@type\":\"WebSite\",\"@id\":\"https:\/\/smartinthedark.com\/no\/#website\",\"url\":\"https:\/\/smartinthedark.com\/no\/\",\"name\":\"Smart in the dark Norsk\",\"description\":\"\",\"potentialAction\":[{\"@type\":\"SearchAction\",\"target\":{\"@type\":\"EntryPoint\",\"urlTemplate\":\"https:\/\/smartinthedark.com\/no\/?s={search_term_string}\"},\"query-input\":{\"@type\":\"PropertyValueSpecification\",\"valueRequired\":true,\"valueName\":\"search_term_string\"}}],\"inLanguage\":\"nb-NO\"}]}<\/script>\n<!-- \/ Yoast SEO plugin. -->","yoast_head_json":{"title":"Sjal med refleks som setter stilen - Smart in the dark Norsk","robots":{"index":"index","follow":"follow","max-snippet":"max-snippet:-1","max-image-preview":"max-image-preview:large","max-video-preview":"max-video-preview:-1"},"canonical":"https:\/\/smartinthedark.com\/no\/produkt\/sjal-med-refleks-som-setter-stilen\/","og_locale":"nb_NO","og_type":"article","og_title":"Sjal med refleks som setter stilen - Smart in the dark Norsk","og_description":"Kle opp kappen eller kavaien med et mykt og vakkert sjal laget i viskose, nylon og lycra. Les mer","og_url":"https:\/\/smartinthedark.com\/no\/produkt\/sjal-med-refleks-som-setter-stilen\/","og_site_name":"Smart in the dark Norsk","article_publisher":"https:\/\/www.facebook.com\/smartinthedark\/","article_modified_time":"2026-04-11T11:32:25+00:00","og_image":[{"width":1024,"height":976,"url":"https:\/\/smartinthedark.com\/no\/wp-content\/uploads\/sites\/13\/2019\/06\/Linnea-i-sjal-med-reflex-och-m\u00f6nstret-fl\u00e4ta.jpg-1024x976.png","type":"image\/png"}],"twitter_card":"summary_large_image","twitter_misc":{"Ansl. lesetid":"1 minutt"},"schema":{"@context":"https:\/\/schema.org","@graph":[{"@type":"WebPage","@id":"https:\/\/smartinthedark.com\/no\/produkt\/sjal-med-refleks-som-setter-stilen\/","url":"https:\/\/smartinthedark.com\/no\/produkt\/sjal-med-refleks-som-setter-stilen\/","name":"Sjal med refleks som setter stilen - Smart in the dark Norsk","isPartOf":{"@id":"https:\/\/smartinthedark.com\/no\/#website"},"primaryImageOfPage":{"@id":"https:\/\/smartinthedark.com\/no\/produkt\/sjal-med-refleks-som-setter-stilen\/#primaryimage"},"image":{"@id":"https:\/\/smartinthedark.com\/no\/produkt\/sjal-med-refleks-som-setter-stilen\/#primaryimage"},"thumbnailUrl":"https:\/\/smartinthedark.com\/no\/wp-content\/uploads\/sites\/13\/2019\/06\/Linnea-i-sjal-med-reflex-och-m\u00f6nstret-fl\u00e4ta.jpg.png","datePublished":"2019-06-12T12:24:37+00:00","dateModified":"2026-04-11T11:32:25+00:00","breadcrumb":{"@id":"https:\/\/smartinthedark.com\/no\/produkt\/sjal-med-refleks-som-setter-stilen\/#breadcrumb"},"inLanguage":"nb-NO","potentialAction":[{"@type":"ReadAction","target":["https:\/\/smartinthedark.com\/no\/produkt\/sjal-med-refleks-som-setter-stilen\/"]}]},{"@type":"ImageObject","inLanguage":"nb-NO","@id":"https:\/\/smartinthedark.com\/no\/produkt\/sjal-med-refleks-som-setter-stilen\/#primaryimage","url":"https:\/\/smartinthedark.com\/no\/wp-content\/uploads\/sites\/13\/2019\/06\/Linnea-i-sjal-med-reflex-och-m\u00f6nstret-fl\u00e4ta.jpg.png","contentUrl":"https:\/\/smartinthedark.com\/no\/wp-content\/uploads\/sites\/13\/2019\/06\/Linnea-i-sjal-med-reflex-och-m\u00f6nstret-fl\u00e4ta.jpg.png","width":2672,"height":2547},{"@type":"BreadcrumbList","@id":"https:\/\/smartinthedark.com\/no\/produkt\/sjal-med-refleks-som-setter-stilen\/#breadcrumb","itemListElement":[{"@type":"ListItem","position":1,"name":"Hem","item":"https:\/\/smartinthedark.com\/no\/"},{"@type":"ListItem","position":2,"name":"Nettbutikk","item":"https:\/\/smartinthedark.com\/no\/nettbutikk\/"},{"@type":"ListItem","position":3,"name":"Sjal med refleks som setter stilen"}]},{"@type":"WebSite","@id":"https:\/\/smartinthedark.com\/no\/#website","url":"https:\/\/smartinthedark.com\/no\/","name":"Smart in the dark Norsk","description":"","potentialAction":[{"@type":"SearchAction","target":{"@type":"EntryPoint","urlTemplate":"https:\/\/smartinthedark.com\/no\/?s={search_term_string}"},"query-input":{"@type":"PropertyValueSpecification","valueRequired":true,"valueName":"search_term_string"}}],"inLanguage":"nb-NO"}]}},"_links":{"self":[{"href":"https:\/\/smartinthedark.com\/no\/wp-json\/wp\/v2\/product\/182","targetHints":{"allow":["GET"]}}],"collection":[{"href":"https:\/\/smartinthedark.com\/no\/wp-json\/wp\/v2\/product"}],"about":[{"href":"https:\/\/smartinthedark.com\/no\/wp-json\/wp\/v2\/types\/product"}],"replies":[{"embeddable":true,"href":"https:\/\/smartinthedark.com\/no\/wp-json\/wp\/v2\/comments?post=182"}],"wp:featuredmedia":[{"embeddable":true,"href":"https:\/\/smartinthedark.com\/no\/wp-json\/wp\/v2\/media\/23991"}],"wp:attachment":[{"href":"https:\/\/smartinthedark.com\/no\/wp-json\/wp\/v2\/media?parent=182"}],"wp:term":[{"taxonomy":"product_brand","embeddable":true,"href":"https:\/\/smartinthedark.com\/no\/wp-json\/wp\/v2\/product_brand?post=182"},{"taxonomy":"product_cat","embeddable":true,"href":"https:\/\/smartinthedark.com\/no\/wp-json\/wp\/v2\/product_cat?post=182"},{"taxonomy":"product_tag","embeddable":true,"href":"https:\/\/smartinthedark.com\/no\/wp-json\/wp\/v2\/product_tag?post=182"}],"curies":[{"name":"wp","href":"https:\/\/api.w.org\/{rel}","templated":true}]}}