{"id":2921,"date":"2019-07-16T10:43:14","date_gmt":"2019-07-16T08:43:14","guid":{"rendered":"https:\/\/smartinthedark.com\/?page_id=2921"},"modified":"2019-10-24T10:39:14","modified_gmt":"2019-10-24T08:39:14","slug":"baerekraftig-produksjon","status":"publish","type":"page","link":"https:\/\/smartinthedark.com\/no\/om-oss\/baerekraftig-produksjon\/","title":{"rendered":"B\u00e6rekraftig produksjon"},"content":{"rendered":"\n<div class=\"row\" style=\"max-width:1200px\" id=\"row-506699187\">\n\n\n\t<div id=\"col-224236939\" class=\"col small-12 large-12\"  >\n\t\t\t\t<div class=\"col-inner\"  >\n\t\t\t\n\t\t\t\n\n\n  <div class=\"banner has-hover\" id=\"banner-70026849\">\n          <div class=\"banner-inner fill\">\n        <div class=\"banner-bg fill\" >\n            <img loading=\"lazy\" decoding=\"async\" width=\"1485\" height=\"1000\" src=\"https:\/\/smartinthedark.com\/no\/wp-content\/uploads\/sites\/13\/2019\/08\/Reflexm\u00f6ssor-burgundy-gr\u00e5-smart-in-the-dark.jpg\" class=\"bg attachment-original size-original\" alt=\"To s\u00f8te jenter med refleksluer og rynkede refleksarmb\u00e5nd fra Smart in the Dark p\u00e5 tur i byen om kvelden.\" \/>                                    \n                    <\/div>\n\t\t\n        <div class=\"banner-layers container\">\n            <div class=\"fill banner-link\"><\/div>            \n\n   <div id=\"text-box-6748936\" class=\"text-box banner-layer x50 md-x50 lg-x50 y50 md-y50 lg-y50 res-text\">\n                                <div class=\"text-box-content text dark text-shadow-1\">\n              \n              <div class=\"text-inner text-center\">\n                  \n\n<h1 style=\"text-align: center;\"><span class=\"titel-head\" style=\"font-size: 115%;\" data-line-height=\"xs\"><strong>B\u00e6rekraftig produksjon<\/strong><\/span><\/h1>\n\n              <\/div>\n           <\/div>\n                            \n<style>\n#text-box-6748936 {\n  width: 98%;\n}\n#text-box-6748936 .text-box-content {\n  font-size: 80%;\n}\n@media (min-width:550px) {\n  #text-box-6748936 {\n    width: 60%;\n  }\n  #text-box-6748936 .text-box-content {\n    font-size: 100%;\n  }\n}\n<\/style>\n    <\/div>\n \n\n        <\/div>\n      <\/div>\n\n            \n<style>\n#banner-70026849 {\n  padding-top: 250px;\n}\n#banner-70026849 .banner-bg img {\n  object-position: 50% 0%;\n}\n@media (min-width:550px) {\n  #banner-70026849 {\n    padding-top: 600px;\n  }\n}\n<\/style>\n  <\/div>\n\n\n\t<div id=\"gap-1679129632\" class=\"gap-element clearfix\" style=\"display:block; height:auto;\">\n\t\t\n<style>\n#gap-1679129632 {\n  padding-top: 40px;\n}\n<\/style>\n\t<\/div>\n\t\n\n<nav class=\"breadcrumbs\"><a href=\"https:\/\/smartinthedark.com\/no\/\">Hjem<\/a> <span class=\"divider\">\/<\/span> <a href=\"https:\/\/smartinthedark.com\/no\/om-oss\">Om oss<\/a><span class=\"divider\">\/<\/span> B\u00e6rekraftig produksjon<\/nav>\n\n\t\t<\/div>\n\t\t\t\t\t<\/div>\n\n\t\n\n<\/div>\n\t<div id=\"gap-923955640\" class=\"gap-element clearfix\" style=\"display:block; height:auto;\">\n\t\t\n<style>\n#gap-923955640 {\n  padding-top: 20px;\n}\n<\/style>\n\t<\/div>\n\t\n\n<div class=\"row align-middle align-center\" style=\"max-width:1200px\" id=\"row-1522594263\">\n\n\n\t<div id=\"col-1740888403\" class=\"col medium-8 small-12 large-8\"  >\n\t\t\t\t<div class=\"col-inner text-left\"  >\n\t\t\t\n\t\t\t\n\n<h2 data-line-height=\"s\"><strong>Vi verdsetter en b\u00e6rekraftig produksjon<\/strong><\/h2>\n<p><span style=\"font-size: 100%;\">V\u00e5re reflekser er utviklet og produsert med respekt for jordens ressurser. Kvaliteten er h\u00f8y, arbeidsmilj\u00f8et i fabrikkene er gode og transportene s\u00e5 korte som mulig. Her kan du lese om hva vi tenker om b\u00e6rekraftig produksjon.<\/span><\/p>\n<h2 data-line-height=\"s\"><strong>H\u00f8y kvalitet for mindre milj\u00f8p\u00e5virkning <\/strong><\/h2>\n<p>V\u00e5re reflekser er kvalitetsreflekser produsert i 3M Scotchlite som er et av de sikreste og beste refleksmaterialene p\u00e5 markedet. Den h\u00f8ye kvaliteten gir v\u00e5re reflekser lang levetid, som inneb\u00e6rer mindre milj\u00f8p\u00e5virkning. <\/p>\n<div class=\"row align-middle align-center\"  id=\"row-394530192\">\n\n\n\t<div id=\"col-970295018\" class=\"col medium-6 small-12 large-6\"  >\n\t\t\t\t<div class=\"col-inner\"  >\n\t\t\t\n\t\t\t\n\n<h2 data-line-height=\"s\"><strong>Produksjon i Europa <\/strong><\/h2>\n<p>V\u00e5re reflekser er laget med omtanke. Produksjonen skjer i Europa. Der s\u00f8rger vi for at arbeidsmilj\u00f8et er godt og at v\u00e5re syersker og trykkere er glade og forn\u00f8yde.<\/p>\n\t<div class=\"img has-hover x md-x lg-x y md-y lg-y\" id=\"image_1341043651\">\n\t\t\t\t\t\t\t\t<div class=\"img-inner dark\" >\n\t\t\t<img loading=\"lazy\" decoding=\"async\" width=\"320\" height=\"240\" src=\"https:\/\/smartinthedark.com\/no\/wp-content\/uploads\/sites\/13\/2019\/08\/produktionsbild-smart-in-the-dark-2019.jpg\" class=\"attachment-large size-large\" alt=\"\" srcset=\"https:\/\/smartinthedark.com\/no\/wp-content\/uploads\/sites\/13\/2019\/08\/produktionsbild-smart-in-the-dark-2019.jpg 320w, https:\/\/smartinthedark.com\/no\/wp-content\/uploads\/sites\/13\/2019\/08\/produktionsbild-smart-in-the-dark-2019-300x225.jpg 300w\" sizes=\"auto, (max-width: 320px) 100vw, 320px\" \/>\t\t\t\t\t\t\n\t\t\t\t\t<\/div>\n\t\t\t\t\t\t\t\t\n<style>\n#image_1341043651 {\n  width: 100%;\n}\n<\/style>\n\t<\/div>\n\t\n\n\n\t\t<\/div>\n\t\t\t\t\t<\/div>\n\n\t\n\n\t<div id=\"col-1382407730\" class=\"col medium-6 small-12 large-6\"  >\n\t\t\t\t<div class=\"col-inner\"  >\n\t\t\t\n\t\t\t\n\n\t<div class=\"img has-hover x md-x lg-x y md-y lg-y\" id=\"image_1022300624\">\n\t\t\t\t\t\t\t\t<div class=\"img-inner dark\" >\n\t\t\t<img loading=\"lazy\" decoding=\"async\" width=\"1512\" height=\"2016\" src=\"https:\/\/smartinthedark.com\/no\/wp-content\/uploads\/sites\/13\/2019\/08\/produktion-smart-in-the-dark-2019.png\" class=\"attachment-original size-original\" alt=\"\" srcset=\"https:\/\/smartinthedark.com\/no\/wp-content\/uploads\/sites\/13\/2019\/08\/produktion-smart-in-the-dark-2019.png 1512w, https:\/\/smartinthedark.com\/no\/wp-content\/uploads\/sites\/13\/2019\/08\/produktion-smart-in-the-dark-2019-225x300.png 225w, https:\/\/smartinthedark.com\/no\/wp-content\/uploads\/sites\/13\/2019\/08\/produktion-smart-in-the-dark-2019-768x1024.png 768w, https:\/\/smartinthedark.com\/no\/wp-content\/uploads\/sites\/13\/2019\/08\/produktion-smart-in-the-dark-2019-600x800.png 600w\" sizes=\"auto, (max-width: 1512px) 100vw, 1512px\" \/>\t\t\t\t\t\t\n\t\t\t\t\t<\/div>\n\t\t\t\t\t\t\t\t\n<style>\n#image_1022300624 {\n  width: 90%;\n}\n<\/style>\n\t<\/div>\n\t\n\n\n\t\t<\/div>\n\t\t\t\t\t<\/div>\n\n\t\n\n<\/div>\n<p>Her er teamet av syerskene i fabrikken i Bulgaria. I produksjonen v\u00e5r st\u00f8tter vi Bulgarian Aid Mission. Les om hvordan vi st\u00f8tter her. <u><a href=\"http:\/\/aidmission.org\" target=\"_blank\" rel=\"noopener noreferrer\">aidmission.org<\/a><\/u><\/p>\n<h2 data-line-height=\"s\"><strong>Leverand\u00f8rer i Europa<\/strong><\/h2>\n<p>Vi vil v\u00e6re n\u00e6re v\u00e5re leverand\u00f8rer. Og s\u00e5 langt det er mulig, er v\u00e5re stoffer produsert i Europa. Det gir kortere transport og minsker milj\u00f8p\u00e5virkningen.<\/p>\n\n\t\t<\/div>\n\t\t\t\t\t<\/div>\n\n\t\n\n<\/div>\n\n","protected":false},"excerpt":{"rendered":"","protected":false},"author":1,"featured_media":0,"parent":2891,"menu_order":0,"comment_status":"closed","ping_status":"closed","template":"page-blank.php","meta":{"_trash_the_other_posts":false,"editor_notices":[],"footnotes":""},"class_list":["post-2921","page","type-page","status-publish","hentry"],"yoast_head":"<!-- This site is optimized with the Yoast SEO plugin v25.9 - https:\/\/yoast.com\/wordpress\/plugins\/seo\/ -->\n<title>B\u00e6rekraftig produksjon - Smart in the dark Norsk<\/title>\n<meta name=\"robots\" content=\"index, follow, max-snippet:-1, max-image-preview:large, max-video-preview:-1\" \/>\n<link rel=\"canonical\" href=\"https:\/\/smartinthedark.com\/no\/om-oss\/baerekraftig-produksjon\/\" \/>\n<meta property=\"og:locale\" content=\"nb_NO\" \/>\n<meta property=\"og:type\" content=\"article\" \/>\n<meta property=\"og:title\" content=\"B\u00e6rekraftig produksjon - Smart in the dark Norsk\" \/>\n<meta property=\"og:url\" content=\"https:\/\/smartinthedark.com\/no\/om-oss\/baerekraftig-produksjon\/\" \/>\n<meta property=\"og:site_name\" content=\"Smart in the dark Norsk\" \/>\n<meta property=\"article:publisher\" content=\"https:\/\/www.facebook.com\/smartinthedark\/\" \/>\n<meta property=\"article:modified_time\" content=\"2019-10-24T08:39:14+00:00\" \/>\n<meta property=\"og:image\" content=\"https:\/\/smartinthedark.com\/no\/wp-content\/uploads\/sites\/13\/2022\/10\/Cool-TjejBoy.arm_reflexer-1024x649-1.jpg\" \/>\n\t<meta property=\"og:image:width\" content=\"1024\" \/>\n\t<meta property=\"og:image:height\" content=\"649\" \/>\n\t<meta property=\"og:image:type\" content=\"image\/jpeg\" \/>\n<meta name=\"twitter:card\" content=\"summary_large_image\" \/>\n<meta name=\"twitter:label1\" content=\"Ansl. lesetid\" \/>\n\t<meta name=\"twitter:data1\" content=\"2 minutter\" \/>\n<script type=\"application\/ld+json\" class=\"yoast-schema-graph\">{\"@context\":\"https:\/\/schema.org\",\"@graph\":[{\"@type\":\"WebPage\",\"@id\":\"https:\/\/smartinthedark.com\/no\/om-oss\/baerekraftig-produksjon\/\",\"url\":\"https:\/\/smartinthedark.com\/no\/om-oss\/baerekraftig-produksjon\/\",\"name\":\"B\u00e6rekraftig produksjon - Smart in the dark Norsk\",\"isPartOf\":{\"@id\":\"https:\/\/smartinthedark.com\/no\/#website\"},\"datePublished\":\"2019-07-16T08:43:14+00:00\",\"dateModified\":\"2019-10-24T08:39:14+00:00\",\"breadcrumb\":{\"@id\":\"https:\/\/smartinthedark.com\/no\/om-oss\/baerekraftig-produksjon\/#breadcrumb\"},\"inLanguage\":\"nb-NO\",\"potentialAction\":[{\"@type\":\"ReadAction\",\"target\":[\"https:\/\/smartinthedark.com\/no\/om-oss\/baerekraftig-produksjon\/\"]}]},{\"@type\":\"BreadcrumbList\",\"@id\":\"https:\/\/smartinthedark.com\/no\/om-oss\/baerekraftig-produksjon\/#breadcrumb\",\"itemListElement\":[{\"@type\":\"ListItem\",\"position\":1,\"name\":\"Hem\",\"item\":\"https:\/\/smartinthedark.com\/no\/\"},{\"@type\":\"ListItem\",\"position\":2,\"name\":\"Om oss\",\"item\":\"https:\/\/smartinthedark.com\/no\/om-oss\/\"},{\"@type\":\"ListItem\",\"position\":3,\"name\":\"B\u00e6rekraftig produksjon\"}]},{\"@type\":\"WebSite\",\"@id\":\"https:\/\/smartinthedark.com\/no\/#website\",\"url\":\"https:\/\/smartinthedark.com\/no\/\",\"name\":\"Smart in the dark Norsk\",\"description\":\"\",\"potentialAction\":[{\"@type\":\"SearchAction\",\"target\":{\"@type\":\"EntryPoint\",\"urlTemplate\":\"https:\/\/smartinthedark.com\/no\/?s={search_term_string}\"},\"query-input\":{\"@type\":\"PropertyValueSpecification\",\"valueRequired\":true,\"valueName\":\"search_term_string\"}}],\"inLanguage\":\"nb-NO\"}]}<\/script>\n<!-- \/ Yoast SEO plugin. -->","yoast_head_json":{"title":"B\u00e6rekraftig produksjon - Smart in the dark Norsk","robots":{"index":"index","follow":"follow","max-snippet":"max-snippet:-1","max-image-preview":"max-image-preview:large","max-video-preview":"max-video-preview:-1"},"canonical":"https:\/\/smartinthedark.com\/no\/om-oss\/baerekraftig-produksjon\/","og_locale":"nb_NO","og_type":"article","og_title":"B\u00e6rekraftig produksjon - Smart in the dark Norsk","og_url":"https:\/\/smartinthedark.com\/no\/om-oss\/baerekraftig-produksjon\/","og_site_name":"Smart in the dark Norsk","article_publisher":"https:\/\/www.facebook.com\/smartinthedark\/","article_modified_time":"2019-10-24T08:39:14+00:00","og_image":[{"width":1024,"height":649,"url":"https:\/\/smartinthedark.com\/no\/wp-content\/uploads\/sites\/13\/2022\/10\/Cool-TjejBoy.arm_reflexer-1024x649-1.jpg","type":"image\/jpeg"}],"twitter_card":"summary_large_image","twitter_misc":{"Ansl. lesetid":"2 minutter"},"schema":{"@context":"https:\/\/schema.org","@graph":[{"@type":"WebPage","@id":"https:\/\/smartinthedark.com\/no\/om-oss\/baerekraftig-produksjon\/","url":"https:\/\/smartinthedark.com\/no\/om-oss\/baerekraftig-produksjon\/","name":"B\u00e6rekraftig produksjon - Smart in the dark Norsk","isPartOf":{"@id":"https:\/\/smartinthedark.com\/no\/#website"},"datePublished":"2019-07-16T08:43:14+00:00","dateModified":"2019-10-24T08:39:14+00:00","breadcrumb":{"@id":"https:\/\/smartinthedark.com\/no\/om-oss\/baerekraftig-produksjon\/#breadcrumb"},"inLanguage":"nb-NO","potentialAction":[{"@type":"ReadAction","target":["https:\/\/smartinthedark.com\/no\/om-oss\/baerekraftig-produksjon\/"]}]},{"@type":"BreadcrumbList","@id":"https:\/\/smartinthedark.com\/no\/om-oss\/baerekraftig-produksjon\/#breadcrumb","itemListElement":[{"@type":"ListItem","position":1,"name":"Hem","item":"https:\/\/smartinthedark.com\/no\/"},{"@type":"ListItem","position":2,"name":"Om oss","item":"https:\/\/smartinthedark.com\/no\/om-oss\/"},{"@type":"ListItem","position":3,"name":"B\u00e6rekraftig produksjon"}]},{"@type":"WebSite","@id":"https:\/\/smartinthedark.com\/no\/#website","url":"https:\/\/smartinthedark.com\/no\/","name":"Smart in the dark Norsk","description":"","potentialAction":[{"@type":"SearchAction","target":{"@type":"EntryPoint","urlTemplate":"https:\/\/smartinthedark.com\/no\/?s={search_term_string}"},"query-input":{"@type":"PropertyValueSpecification","valueRequired":true,"valueName":"search_term_string"}}],"inLanguage":"nb-NO"}]}},"_links":{"self":[{"href":"https:\/\/smartinthedark.com\/no\/wp-json\/wp\/v2\/pages\/2921","targetHints":{"allow":["GET"]}}],"collection":[{"href":"https:\/\/smartinthedark.com\/no\/wp-json\/wp\/v2\/pages"}],"about":[{"href":"https:\/\/smartinthedark.com\/no\/wp-json\/wp\/v2\/types\/page"}],"author":[{"embeddable":true,"href":"https:\/\/smartinthedark.com\/no\/wp-json\/wp\/v2\/users\/1"}],"replies":[{"embeddable":true,"href":"https:\/\/smartinthedark.com\/no\/wp-json\/wp\/v2\/comments?post=2921"}],"version-history":[{"count":15,"href":"https:\/\/smartinthedark.com\/no\/wp-json\/wp\/v2\/pages\/2921\/revisions"}],"predecessor-version":[{"id":23598,"href":"https:\/\/smartinthedark.com\/no\/wp-json\/wp\/v2\/pages\/2921\/revisions\/23598"}],"up":[{"embeddable":true,"href":"https:\/\/smartinthedark.com\/no\/wp-json\/wp\/v2\/pages\/2891"}],"wp:attachment":[{"href":"https:\/\/smartinthedark.com\/no\/wp-json\/wp\/v2\/media?parent=2921"}],"curies":[{"name":"wp","href":"https:\/\/api.w.org\/{rel}","templated":true}]}}