{"id":2919,"date":"2019-07-16T10:42:45","date_gmt":"2019-07-16T08:42:45","guid":{"rendered":"https:\/\/smartinthedark.com\/?page_id=2919"},"modified":"2019-10-24T10:36:27","modified_gmt":"2019-10-24T08:36:27","slug":"var-forretningside","status":"publish","type":"page","link":"https:\/\/smartinthedark.com\/no\/om-oss\/var-forretningside\/","title":{"rendered":"V\u00e5r forretningsid\u00e9"},"content":{"rendered":"\n<div class=\"row\" style=\"max-width:1200px\" id=\"row-297760543\">\n\n\n\t<div id=\"col-1703293078\" class=\"col small-12 large-12\"  >\n\t\t\t\t<div class=\"col-inner\"  >\n\t\t\t\n\t\t\t\n\n\n  <div class=\"banner has-hover\" id=\"banner-1268233817\">\n          <div class=\"banner-inner fill\">\n        <div class=\"banner-bg fill\" >\n            <img loading=\"lazy\" decoding=\"async\" width=\"1630\" height=\"1697\" src=\"https:\/\/smartinthedark.com\/no\/wp-content\/uploads\/sites\/13\/2019\/08\/Reflexm\u00f6ssa-med-m\u00f6nster-Smart-in-the-dark.jpg\" class=\"bg attachment-original size-original\" alt=\"\" \/>                                    \n                    <\/div>\n\t\t\n        <div class=\"banner-layers container\">\n            <div class=\"fill banner-link\"><\/div>            \n\n   <div id=\"text-box-1169644778\" class=\"text-box banner-layer x50 md-x50 lg-x50 y50 md-y50 lg-y50 res-text\">\n                                <div class=\"text-box-content text dark text-shadow-1\">\n              \n              <div class=\"text-inner text-center\">\n                  \n\n<h1 style=\"text-align: center;\"><span class=\"titel-head\" style=\"font-size: 115%;\" data-line-height=\"xs\"><strong>V\u00e5r forretningsid\u00e9<\/strong><\/span><\/h1>\n\n              <\/div>\n           <\/div>\n                            \n<style>\n#text-box-1169644778 {\n  width: 98%;\n}\n#text-box-1169644778 .text-box-content {\n  font-size: 80%;\n}\n@media (min-width:550px) {\n  #text-box-1169644778 {\n    width: 60%;\n  }\n  #text-box-1169644778 .text-box-content {\n    font-size: 100%;\n  }\n}\n<\/style>\n    <\/div>\n \n\n        <\/div>\n      <\/div>\n\n            \n<style>\n#banner-1268233817 {\n  padding-top: 250px;\n}\n#banner-1268233817 .banner-bg img {\n  object-position: 31% 21%;\n}\n@media (min-width:550px) {\n  #banner-1268233817 {\n    padding-top: 600px;\n  }\n}\n<\/style>\n  <\/div>\n\n\n\t<div id=\"gap-2006990852\" class=\"gap-element clearfix\" style=\"display:block; height:auto;\">\n\t\t\n<style>\n#gap-2006990852 {\n  padding-top: 40px;\n}\n<\/style>\n\t<\/div>\n\t\n\n<nav class=\"breadcrumbs\"><a href=\"https:\/\/smartinthedark.com\/no\/\">Hjem<\/a> <span class=\"divider\">\/<\/span> <a href=\"https:\/\/smartinthedark.com\/no\/om-oss\">Om oss<\/a><span class=\"divider\">\/<\/span> V\u00e5r forretningsid\u00e9<\/nav>\n\n\t\t<\/div>\n\t\t\t\t\t<\/div>\n\n\t\n\n<\/div>\n\t<div id=\"gap-1853629500\" class=\"gap-element clearfix\" style=\"display:block; height:auto;\">\n\t\t\n<style>\n#gap-1853629500 {\n  padding-top: 20px;\n}\n<\/style>\n\t<\/div>\n\t\n\n<div class=\"row align-middle align-center\"  id=\"row-127218652\">\n\n\n\t<div id=\"col-329092533\" class=\"col small-12 large-12\"  >\n\t\t\t\t<div class=\"col-inner text-left\"  >\n\t\t\t\n\t\t\t\n\n<div class=\"row align-middle align-center\"  id=\"row-862239540\">\n\n\n\t<div id=\"col-2659940\" class=\"col medium-8 small-12 large-8\"  >\n\t\t\t\t<div class=\"col-inner\"  >\n\t\t\t\n\t\t\t\n\n<p style=\"text-align: left;\"><strong><span style=\"font-size: 160%;\" data-line-height=\"xs\">Forretningsid\u00e9<br \/><\/span><\/strong>V\u00e5r forretningsid\u00e9 er \u00e5 tilby\u00a0designede reflekser til den velkledde kvinnen og mannen. Reflekser som skaper sikkerhet i trafikken mellom fotgjengere, syklister og bilister.<\/p>\n<p style=\"text-align: left;\"><strong><span style=\"font-size: 160%;\">Misjon<br \/><\/span><\/strong>V\u00e5r misjon er \u00e5 skape trygge m\u00f8ter og trygghet i trafikken takket v\u00e6re designede refleks tilbeh\u00f8r. <\/p>\n<p style=\"text-align: left;\"><strong><span style=\"font-size: 160%;\">Passion<br \/><\/span><\/strong>Smart in the dark elsker reflekser. V\u00e5r lidenskap er omtanke, sikkerhet og design. Med de verdiordene \u00f8nsker vi trygghet til alle trafikanter. Ta vare p\u00e5 hverandre, for alle er verdifulle.<\/p>\n<p style=\"text-align: left;\"><span style=\"font-size: 160%;\"><strong>Visjon<br \/><\/strong><\/span>V\u00e5r visjon er at alle i trafikken skal f\u00e5 en lysende fremtid. <\/p>\n<p style=\"text-align: left;\">&nbsp;<\/p>\n\n\t\t<\/div>\n\t\t\t\t\t<\/div>\n\n\t\n\n<\/div>\n\n\t\t<\/div>\n\t\t\t\t\t<\/div>\n\n\t\n\n<\/div>\n\n","protected":false},"excerpt":{"rendered":"","protected":false},"author":1,"featured_media":0,"parent":2891,"menu_order":0,"comment_status":"closed","ping_status":"closed","template":"page-blank.php","meta":{"_trash_the_other_posts":false,"editor_notices":[],"footnotes":""},"class_list":["post-2919","page","type-page","status-publish","hentry"],"yoast_head":"<!-- This site is optimized with the Yoast SEO plugin v25.9 - https:\/\/yoast.com\/wordpress\/plugins\/seo\/ -->\n<title>V\u00e5r forretningsid\u00e9 - Smart in the dark Norsk<\/title>\n<meta name=\"robots\" content=\"index, follow, max-snippet:-1, max-image-preview:large, max-video-preview:-1\" \/>\n<link rel=\"canonical\" href=\"https:\/\/smartinthedark.com\/no\/om-oss\/var-forretningside\/\" \/>\n<meta property=\"og:locale\" content=\"nb_NO\" \/>\n<meta property=\"og:type\" content=\"article\" \/>\n<meta property=\"og:title\" content=\"V\u00e5r forretningsid\u00e9 - Smart in the dark Norsk\" \/>\n<meta property=\"og:url\" content=\"https:\/\/smartinthedark.com\/no\/om-oss\/var-forretningside\/\" \/>\n<meta property=\"og:site_name\" content=\"Smart in the dark Norsk\" \/>\n<meta property=\"article:publisher\" content=\"https:\/\/www.facebook.com\/smartinthedark\/\" \/>\n<meta property=\"article:modified_time\" content=\"2019-10-24T08:36:27+00:00\" \/>\n<meta property=\"og:image\" content=\"https:\/\/smartinthedark.com\/no\/wp-content\/uploads\/sites\/13\/2022\/10\/Cool-TjejBoy.arm_reflexer-1024x649-1.jpg\" \/>\n\t<meta property=\"og:image:width\" content=\"1024\" \/>\n\t<meta property=\"og:image:height\" content=\"649\" \/>\n\t<meta property=\"og:image:type\" content=\"image\/jpeg\" \/>\n<meta name=\"twitter:card\" content=\"summary_large_image\" \/>\n<meta name=\"twitter:label1\" content=\"Ansl. lesetid\" \/>\n\t<meta name=\"twitter:data1\" content=\"1 minutt\" \/>\n<script type=\"application\/ld+json\" class=\"yoast-schema-graph\">{\"@context\":\"https:\/\/schema.org\",\"@graph\":[{\"@type\":\"WebPage\",\"@id\":\"https:\/\/smartinthedark.com\/no\/om-oss\/var-forretningside\/\",\"url\":\"https:\/\/smartinthedark.com\/no\/om-oss\/var-forretningside\/\",\"name\":\"V\u00e5r forretningsid\u00e9 - Smart in the dark Norsk\",\"isPartOf\":{\"@id\":\"https:\/\/smartinthedark.com\/no\/#website\"},\"datePublished\":\"2019-07-16T08:42:45+00:00\",\"dateModified\":\"2019-10-24T08:36:27+00:00\",\"breadcrumb\":{\"@id\":\"https:\/\/smartinthedark.com\/no\/om-oss\/var-forretningside\/#breadcrumb\"},\"inLanguage\":\"nb-NO\",\"potentialAction\":[{\"@type\":\"ReadAction\",\"target\":[\"https:\/\/smartinthedark.com\/no\/om-oss\/var-forretningside\/\"]}]},{\"@type\":\"BreadcrumbList\",\"@id\":\"https:\/\/smartinthedark.com\/no\/om-oss\/var-forretningside\/#breadcrumb\",\"itemListElement\":[{\"@type\":\"ListItem\",\"position\":1,\"name\":\"Hem\",\"item\":\"https:\/\/smartinthedark.com\/no\/\"},{\"@type\":\"ListItem\",\"position\":2,\"name\":\"Om oss\",\"item\":\"https:\/\/smartinthedark.com\/no\/om-oss\/\"},{\"@type\":\"ListItem\",\"position\":3,\"name\":\"V\u00e5r forretningsid\u00e9\"}]},{\"@type\":\"WebSite\",\"@id\":\"https:\/\/smartinthedark.com\/no\/#website\",\"url\":\"https:\/\/smartinthedark.com\/no\/\",\"name\":\"Smart in the dark Norsk\",\"description\":\"\",\"potentialAction\":[{\"@type\":\"SearchAction\",\"target\":{\"@type\":\"EntryPoint\",\"urlTemplate\":\"https:\/\/smartinthedark.com\/no\/?s={search_term_string}\"},\"query-input\":{\"@type\":\"PropertyValueSpecification\",\"valueRequired\":true,\"valueName\":\"search_term_string\"}}],\"inLanguage\":\"nb-NO\"}]}<\/script>\n<!-- \/ Yoast SEO plugin. -->","yoast_head_json":{"title":"V\u00e5r forretningsid\u00e9 - Smart in the dark Norsk","robots":{"index":"index","follow":"follow","max-snippet":"max-snippet:-1","max-image-preview":"max-image-preview:large","max-video-preview":"max-video-preview:-1"},"canonical":"https:\/\/smartinthedark.com\/no\/om-oss\/var-forretningside\/","og_locale":"nb_NO","og_type":"article","og_title":"V\u00e5r forretningsid\u00e9 - Smart in the dark Norsk","og_url":"https:\/\/smartinthedark.com\/no\/om-oss\/var-forretningside\/","og_site_name":"Smart in the dark Norsk","article_publisher":"https:\/\/www.facebook.com\/smartinthedark\/","article_modified_time":"2019-10-24T08:36:27+00:00","og_image":[{"width":1024,"height":649,"url":"https:\/\/smartinthedark.com\/no\/wp-content\/uploads\/sites\/13\/2022\/10\/Cool-TjejBoy.arm_reflexer-1024x649-1.jpg","type":"image\/jpeg"}],"twitter_card":"summary_large_image","twitter_misc":{"Ansl. lesetid":"1 minutt"},"schema":{"@context":"https:\/\/schema.org","@graph":[{"@type":"WebPage","@id":"https:\/\/smartinthedark.com\/no\/om-oss\/var-forretningside\/","url":"https:\/\/smartinthedark.com\/no\/om-oss\/var-forretningside\/","name":"V\u00e5r forretningsid\u00e9 - Smart in the dark Norsk","isPartOf":{"@id":"https:\/\/smartinthedark.com\/no\/#website"},"datePublished":"2019-07-16T08:42:45+00:00","dateModified":"2019-10-24T08:36:27+00:00","breadcrumb":{"@id":"https:\/\/smartinthedark.com\/no\/om-oss\/var-forretningside\/#breadcrumb"},"inLanguage":"nb-NO","potentialAction":[{"@type":"ReadAction","target":["https:\/\/smartinthedark.com\/no\/om-oss\/var-forretningside\/"]}]},{"@type":"BreadcrumbList","@id":"https:\/\/smartinthedark.com\/no\/om-oss\/var-forretningside\/#breadcrumb","itemListElement":[{"@type":"ListItem","position":1,"name":"Hem","item":"https:\/\/smartinthedark.com\/no\/"},{"@type":"ListItem","position":2,"name":"Om oss","item":"https:\/\/smartinthedark.com\/no\/om-oss\/"},{"@type":"ListItem","position":3,"name":"V\u00e5r forretningsid\u00e9"}]},{"@type":"WebSite","@id":"https:\/\/smartinthedark.com\/no\/#website","url":"https:\/\/smartinthedark.com\/no\/","name":"Smart in the dark Norsk","description":"","potentialAction":[{"@type":"SearchAction","target":{"@type":"EntryPoint","urlTemplate":"https:\/\/smartinthedark.com\/no\/?s={search_term_string}"},"query-input":{"@type":"PropertyValueSpecification","valueRequired":true,"valueName":"search_term_string"}}],"inLanguage":"nb-NO"}]}},"_links":{"self":[{"href":"https:\/\/smartinthedark.com\/no\/wp-json\/wp\/v2\/pages\/2919","targetHints":{"allow":["GET"]}}],"collection":[{"href":"https:\/\/smartinthedark.com\/no\/wp-json\/wp\/v2\/pages"}],"about":[{"href":"https:\/\/smartinthedark.com\/no\/wp-json\/wp\/v2\/types\/page"}],"author":[{"embeddable":true,"href":"https:\/\/smartinthedark.com\/no\/wp-json\/wp\/v2\/users\/1"}],"replies":[{"embeddable":true,"href":"https:\/\/smartinthedark.com\/no\/wp-json\/wp\/v2\/comments?post=2919"}],"version-history":[{"count":14,"href":"https:\/\/smartinthedark.com\/no\/wp-json\/wp\/v2\/pages\/2919\/revisions"}],"predecessor-version":[{"id":23597,"href":"https:\/\/smartinthedark.com\/no\/wp-json\/wp\/v2\/pages\/2919\/revisions\/23597"}],"up":[{"embeddable":true,"href":"https:\/\/smartinthedark.com\/no\/wp-json\/wp\/v2\/pages\/2891"}],"wp:attachment":[{"href":"https:\/\/smartinthedark.com\/no\/wp-json\/wp\/v2\/media?parent=2919"}],"curies":[{"name":"wp","href":"https:\/\/api.w.org\/{rel}","templated":true}]}}