{"id":2905,"date":"2019-07-16T10:26:10","date_gmt":"2019-07-16T08:26:10","guid":{"rendered":"https:\/\/smartinthedark.com\/?page_id=2905"},"modified":"2019-10-24T09:39:28","modified_gmt":"2019-10-24T07:39:28","slug":"sikkerhet","status":"publish","type":"page","link":"https:\/\/smartinthedark.com\/no\/om-oss\/sikkerhet\/","title":{"rendered":"Sikkerhet"},"content":{"rendered":"\n<div class=\"row\" style=\"max-width:1200px\" id=\"row-1418703117\">\n\n\n\t<div id=\"col-643445965\" class=\"col small-12 large-12\"  >\n\t\t\t\t<div class=\"col-inner\"  >\n\t\t\t\n\t\t\t\n\n\n  <div class=\"banner has-hover\" id=\"banner-869751420\">\n          <div class=\"banner-inner fill\">\n        <div class=\"banner-bg fill\" >\n            <img loading=\"lazy\" decoding=\"async\" width=\"1920\" height=\"700\" src=\"https:\/\/smartinthedark.com\/no\/wp-content\/uploads\/sites\/13\/2019\/08\/smart-in-the-dark-hero.png\" class=\"bg attachment-original size-original\" alt=\"\" \/>                                    \n                    <\/div>\n\t\t\n        <div class=\"banner-layers container\">\n            <div class=\"fill banner-link\"><\/div>            \n\n   <div id=\"text-box-298316693\" class=\"text-box banner-layer x50 md-x50 lg-x50 y50 md-y50 lg-y50 res-text\">\n                                <div class=\"text-box-content text dark\">\n              \n              <div class=\"text-inner text-center\">\n                  \n\n<p style=\"text-align: center;\"><span class=\"titel-head\" style=\"font-size: 400%;\" data-line-height=\"xs\"><strong>Sikkerhet<\/strong><\/span><\/p>\n\n              <\/div>\n           <\/div>\n                            \n<style>\n#text-box-298316693 {\n  width: 98%;\n}\n#text-box-298316693 .text-box-content {\n  font-size: 80%;\n}\n@media (min-width:550px) {\n  #text-box-298316693 {\n    width: 60%;\n  }\n  #text-box-298316693 .text-box-content {\n    font-size: 100%;\n  }\n}\n<\/style>\n    <\/div>\n \n\n        <\/div>\n      <\/div>\n\n            \n<style>\n#banner-869751420 {\n  padding-top: 250px;\n}\n#banner-869751420 .banner-bg img {\n  object-position: 47% 21%;\n}\n@media (min-width:550px) {\n  #banner-869751420 {\n    padding-top: 600px;\n  }\n}\n<\/style>\n  <\/div>\n\n\n\t<div id=\"gap-1292755638\" class=\"gap-element clearfix\" style=\"display:block; height:auto;\">\n\t\t\n<style>\n#gap-1292755638 {\n  padding-top: 40px;\n}\n<\/style>\n\t<\/div>\n\t\n\n<nav class=\"breadcrumbs\"><a href=\"https:\/\/smartinthedark.com\/no\/\">Hjem<\/a> <span class=\"divider\">\/<\/span> <a href=\"https:\/\/smartinthedark.com\/no\/om-oss\">Om oss<\/a><span class=\"divider\">\/<\/span> Sikkerhet<\/nav>\n\n\t\t<\/div>\n\t\t\t\t\t<\/div>\n\n\t\n\n<\/div>\n\t<div id=\"gap-424704543\" class=\"gap-element clearfix\" style=\"display:block; height:auto;\">\n\t\t\n<style>\n#gap-424704543 {\n  padding-top: 20px;\n}\n<\/style>\n\t<\/div>\n\t\n\n<div class=\"row align-middle align-center\"  id=\"row-622352066\">\n\n\n\t<div id=\"col-351180659\" class=\"col medium-8 small-12 large-8\"  >\n\t\t\t\t<div class=\"col-inner text-left\"  >\n\t\t\t\n\t\t\t\n\n<h1><span style=\"font-size: 150%;\">Designede reflekser for din sikkerhet<\/span><\/h1>\n<p><span style=\"font-size: 24px;\">Visste du at 40% av alle bilulykker med fotgjengere skjer i m\u00f8rket i tettbebyggede omr\u00e5der? For at du skal kjenne deg trygg i trafikken og v\u00e6re synlig i alle vinkler har vi designet refleksprodukter til alle tilfeller. Tanken er at du skal ha lyst til \u00e5 b\u00e6re dem som et fint tilbeh\u00f8r til fest, jobb og p\u00e5 fritiden. \u00c5 bruke reflekser er en smart og enkel m\u00e5te \u00e5 v\u00e6re synlig i trafikken p\u00e5. Her kan du lese om v\u00e5rt syn p\u00e5 sikkerhet og i tillegg f\u00e5 et og annet tips!<\/span><\/p>\n<h2 style=\"text-align: left;\"><strong>Reflekser som redder liv <\/strong><\/h2>\n<p style=\"text-align: left;\">V\u00e5re reflekser gj\u00f8r at du er synlig i m\u00f8rket p\u00e5 over 125 meters avstand. De er laget av 3M Scotchlite som er et av de beste og tryggeste refleksmaterialene p\u00e5 markedet. Samtlige produkter er testet hos SP, nummerert RISE (Research Institutes of Sweden), og sertifisert i henhold til EN 13356 (personreflekser). Alle v\u00e5re reflekser er CE-merket. <\/p>\n\t<div class=\"img has-hover img-border x md-x lg-x y md-y lg-y\" id=\"image_862321907\">\n\t\t\t\t\t\t\t\t<div class=\"img-inner image-cover dark\" style=\"padding-top:50%;\">\n\t\t\t<img loading=\"lazy\" decoding=\"async\" width=\"1600\" height=\"1200\" src=\"https:\/\/smartinthedark.com\/no\/wp-content\/uploads\/sites\/13\/2019\/06\/Gymbag-Ryggs\u00e4ck-med-reflex-Smart-in-the-dark-1.jpg\" class=\"attachment-original size-original\" alt=\"\" srcset=\"https:\/\/smartinthedark.com\/no\/wp-content\/uploads\/sites\/13\/2019\/06\/Gymbag-Ryggs\u00e4ck-med-reflex-Smart-in-the-dark-1.jpg 1600w, https:\/\/smartinthedark.com\/no\/wp-content\/uploads\/sites\/13\/2019\/06\/Gymbag-Ryggs\u00e4ck-med-reflex-Smart-in-the-dark-1-300x225.jpg 300w, https:\/\/smartinthedark.com\/no\/wp-content\/uploads\/sites\/13\/2019\/06\/Gymbag-Ryggs\u00e4ck-med-reflex-Smart-in-the-dark-1-768x576.jpg 768w, https:\/\/smartinthedark.com\/no\/wp-content\/uploads\/sites\/13\/2019\/06\/Gymbag-Ryggs\u00e4ck-med-reflex-Smart-in-the-dark-1-1024x768.jpg 1024w, https:\/\/smartinthedark.com\/no\/wp-content\/uploads\/sites\/13\/2019\/06\/Gymbag-Ryggs\u00e4ck-med-reflex-Smart-in-the-dark-1-600x450.jpg 600w\" sizes=\"auto, (max-width: 1600px) 100vw, 1600px\" \/>\t\t\t\t\t\t\n\t\t\t\t\t<\/div>\n\t\t\t\t\t\t\t\t\n<style>\n#image_862321907 {\n  width: 100%;\n}\n<\/style>\n\t<\/div>\n\t\n\n\t<div id=\"gap-1413217237\" class=\"gap-element clearfix\" style=\"display:block; height:auto;\">\n\t\t\n<style>\n#gap-1413217237 {\n  padding-top: 25px;\n}\n<\/style>\n\t<\/div>\n\t\n\n<h2><strong>Reflekser fra topp til t\u00e5<\/strong><\/h2>\n<p>I kolleksjonen finner du fem refleksm\u00f8nstre i nordisk tema \u2013 molte, flette, fjelltopp, nordlys og tytteb\u00e6r. Du finner dem p\u00e5 alt fra topp til t\u00e5. P\u00e5 luer og vesker, belter, sjal og armb\u00e5nd. Til og med som et pent tilbeh\u00f8r \u00e5 ha p\u00e5 vesken. Sjekk ut kolleksjonen i v\u00e5r <u><a href=\"https:\/\/smartinthedark.com\/no\/nettbutikk\/\">nettbutikk<\/a><\/u>.<\/p>\n<h2><strong>Tips for \u00e5 vises godt i trafikken:<\/strong><\/h2>\n<ul>\n<li>B\u00e6r reflekser b\u00e5de p\u00e5 venstre og h\u00f8yre side<\/li>\n<li>B\u00e6r reflekser h\u00f8yt oppe og langt nede p\u00e5 kroppen<\/li>\n<li>B\u00e6r reflekser p\u00e5 bevegelige deler som armer og ben <\/li>\n<li>Bruk en CE-merket refleks som Smart in the dark<\/li>\n<\/ul>\n\t<div id=\"gap-1702367767\" class=\"gap-element clearfix\" style=\"display:block; height:auto;\">\n\t\t\n<style>\n#gap-1702367767 {\n  padding-top: 30px;\n}\n<\/style>\n\t<\/div>\n\t\n\n\n\t\t<\/div>\n\t\t\t\t\t<\/div>\n\n\t\n\n<\/div>\n\n\t<section class=\"section\" id=\"section_523417357\">\n\t\t<div class=\"section-bg fill\" >\n\t\t\t\t\t\t\t\t\t\n\t\t\t\n\n\t\t<\/div>\n\n\t\t\n\n\t\t<div class=\"section-content relative\">\n\t\t\t\n\n<div class=\"row align-middle align-center\"  id=\"row-1542643292\">\n\n\n\t<div id=\"col-585806906\" class=\"col medium-4 small-12 large-4\"  >\n\t\t\t\t<div class=\"col-inner\"  >\n\t\t\t\n\t\t\t\n\n\t<div class=\"img has-hover img-border x md-x lg-x y md-y lg-y\" id=\"image_1919569216\">\n\t\t\t\t\t\t\t\t<div class=\"img-inner image-cover dark\" style=\"padding-top:100%;\">\n\t\t\t<img loading=\"lazy\" decoding=\"async\" width=\"533\" height=\"800\" src=\"https:\/\/smartinthedark.com\/no\/wp-content\/uploads\/sites\/13\/2019\/07\/opt_kvinna-i-sjal-med-reflex-Smart-in-the-dark-533x800.jpg\" class=\"attachment-original size-original\" alt=\"kvinne i m\u00f8rket som b\u00e6rer et refleksjal fra Smart in the dark\" srcset=\"https:\/\/smartinthedark.com\/no\/wp-content\/uploads\/sites\/13\/2019\/07\/opt_kvinna-i-sjal-med-reflex-Smart-in-the-dark-533x800.jpg 533w, https:\/\/smartinthedark.com\/no\/wp-content\/uploads\/sites\/13\/2019\/07\/opt_kvinna-i-sjal-med-reflex-Smart-in-the-dark-533x800-200x300.jpg 200w\" sizes=\"auto, (max-width: 533px) 100vw, 533px\" \/>\t\t\t\t\t\t\n\t\t\t\t\t<\/div>\n\t\t\t\t\t\t\t\t\n<style>\n#image_1919569216 {\n  width: 100%;\n}\n<\/style>\n\t<\/div>\n\t\n\n\n\t\t<\/div>\n\t\t\t\t\t<\/div>\n\n\t\n\n\t<div id=\"col-1408326997\" class=\"col medium-4 small-12 large-4\"  >\n\t\t\t\t<div class=\"col-inner\"  >\n\t\t\t\n\t\t\t\n\n<h2 class=\"entry-title\">Polisen Tess gillar upplysta m\u00e4nniskor<\/h2>\n<p>Terese Lago \u00e4r polisen som i medierna blev k\u00e4nd f\u00f6r att hon l\u00e4ste sagor f\u00f6r ankommande flyktingbarn p\u00e5 Malm\u00f6 central h\u00f6sten 2015.<br \/>\u2013 Ja, det var en hel del uppm\u00e4rksamhet d\u00e5. Det mesta var v\u00e4ldigt positivt, dock var det en del som tyckte att polisen skulle g\u00f6ra annat, \u201dta fast buset och s\u00e5 vidare\u201d.<\/p>\n<a href=\"https:\/\/smartinthedark.com\/polisen-tess-gillar-upplysta-manniskor\/\" class=\"button primary\" >\n\t\t<span>L\u00e4s vidare<\/span>\n\t<\/a>\n\n\n\n\t\t<\/div>\n\t\t\t\t\t<\/div>\n\n\t\n\n<\/div>\n\n\t\t<\/div>\n\n\t\t\n<style>\n#section_523417357 {\n  padding-top: 0px;\n  padding-bottom: 0px;\n}\n<\/style>\n\t<\/section>\n\t\n\n\t<section class=\"section\" id=\"section_1437831535\">\n\t\t<div class=\"section-bg fill\" >\n\t\t\t\t\t\t\t\t\t\n\t\t\t\n\n\t\t<\/div>\n\n\t\t\n\n\t\t<div class=\"section-content relative\">\n\t\t\t\n\n\t<div id=\"gap-1973205245\" class=\"gap-element clearfix hide-for-medium\" style=\"display:block; height:auto;\">\n\t\t\n<style>\n#gap-1973205245 {\n  padding-top: 30px;\n}\n<\/style>\n\t<\/div>\n\t\n\n<div class=\"row align-center\"  id=\"row-1487305069\">\n\n\n\t<div id=\"col-779011292\" class=\"col medium-4 small-12 large-4\"  >\n\t\t\t\t<div class=\"col-inner\"  >\n\t\t\t\n\t\t\t\n\n<h2 class=\"entry-title\">Fyra s\u00e4kerhetstips om reflexer<\/h2>\n<h3 class=\"entry-title\" data-line-height=\"s\">En Intervju med G\u00f6sta Werner<\/h3>\n<p>Idag saknas reflexen fr\u00e5n m\u00e5ngas h\u00f6st- och vinterkl\u00e4dsel. Vi s\u00e4tter dem p\u00e5 v\u00e5ra barn, men gl\u00f6mmer bort att s\u00e4tta den p\u00e5 v\u00e5ra egna kl\u00e4der.<\/p>\n<p>Ist\u00e4llet g\u00e5r vi ut i svarta vinterkl\u00e4der i tron att n\u00e4rmaste lyktstolpe ska signalera v\u00e5r n\u00e4rvaro till bilisten. Men utan en reflex syns du f\u00f6rst p\u00e5 25 meters avst\u00e5nd, vilket \u00e4r f\u00f6r kort tid f\u00f6r att en bilist ska hinna reagera i tid och stanna. Varf\u00f6r \u00e4r det s\u00e5?&nbsp;<\/p>\n<a href=\"https:\/\/smartinthedark.com\/fyra-sakerhetstips-om-reflexer-en-intervju-med-gosta-werner\/\" class=\"button primary\" >\n\t\t<span>L\u00e4s vidare<\/span>\n\t<\/a>\n\n\n\n\t\t<\/div>\n\t\t\t\t\t<\/div>\n\n\t\n\n\t<div id=\"col-1046140122\" class=\"col medium-4 small-12 large-4\"  >\n\t\t\t\t<div class=\"col-inner\"  >\n\t\t\t\n\t\t\t\n\n\t<div class=\"img has-hover img-border x md-x lg-x y md-y lg-y\" id=\"image_15141347\">\n\t\t\t\t\t\t\t\t<div class=\"img-inner image-cover dark\" style=\"padding-top:101%;\">\n\t\t\t<img loading=\"lazy\" decoding=\"async\" width=\"4104\" height=\"2835\" src=\"https:\/\/smartinthedark.com\/no\/wp-content\/uploads\/sites\/13\/2019\/10\/Reflexm\u00f6ssa-i-m\u00f6nster-av-norrsken-Smart-in-the-dark.jpg\" class=\"attachment-original size-original\" alt=\"\" srcset=\"https:\/\/smartinthedark.com\/no\/wp-content\/uploads\/sites\/13\/2019\/10\/Reflexm\u00f6ssa-i-m\u00f6nster-av-norrsken-Smart-in-the-dark.jpg 4104w, https:\/\/smartinthedark.com\/no\/wp-content\/uploads\/sites\/13\/2019\/10\/Reflexm\u00f6ssa-i-m\u00f6nster-av-norrsken-Smart-in-the-dark-300x207.jpg 300w, https:\/\/smartinthedark.com\/no\/wp-content\/uploads\/sites\/13\/2019\/10\/Reflexm\u00f6ssa-i-m\u00f6nster-av-norrsken-Smart-in-the-dark-768x531.jpg 768w, https:\/\/smartinthedark.com\/no\/wp-content\/uploads\/sites\/13\/2019\/10\/Reflexm\u00f6ssa-i-m\u00f6nster-av-norrsken-Smart-in-the-dark-1024x707.jpg 1024w, https:\/\/smartinthedark.com\/no\/wp-content\/uploads\/sites\/13\/2019\/10\/Reflexm\u00f6ssa-i-m\u00f6nster-av-norrsken-Smart-in-the-dark-600x414.jpg 600w\" sizes=\"auto, (max-width: 4104px) 100vw, 4104px\" \/>\t\t\t\t\t\t\n\t\t\t\t\t<\/div>\n\t\t\t\t\t\t\t\t\n<style>\n#image_15141347 {\n  width: 100%;\n}\n<\/style>\n\t<\/div>\n\t\n\n\n\t\t<\/div>\n\t\t\t\t\t<\/div>\n\n\t\n\n<\/div>\n\n\t\t<\/div>\n\n\t\t\n<style>\n#section_1437831535 {\n  padding-top: 30px;\n  padding-bottom: 30px;\n}\n<\/style>\n\t<\/section>\n\t\n\n\t<section class=\"section\" id=\"section_2109533247\">\n\t\t<div class=\"section-bg fill\" >\n\t\t\t\t\t\t\t\t\t\n\t\t\t\n\n\t\t<\/div>\n\n\t\t\n\n\t\t<div class=\"section-content relative\">\n\t\t\t\n\n<div class=\"row align-center\"  id=\"row-1998290459\">\n\n\n\t<div id=\"col-1438903477\" class=\"col medium-4 small-12 large-4\"  >\n\t\t\t\t<div class=\"col-inner\"  >\n\t\t\t\n\t\t\t\n\n\t<div class=\"img has-hover img-border x md-x lg-x y md-y lg-y\" id=\"image_1724188476\">\n\t\t\t\t\t\t\t\t<div class=\"img-inner image-cover dark\" style=\"padding-top:60%;\">\n\t\t\t<img loading=\"lazy\" decoding=\"async\" width=\"4119\" height=\"2978\" src=\"https:\/\/smartinthedark.com\/no\/wp-content\/uploads\/sites\/13\/2019\/10\/M\u00f6ssa-i-reflex-Smart-in-the-dark.jpg\" class=\"attachment-original size-original\" alt=\"To jenter med refleksluer og rynkede refleksarmb\u00e5nd fra Smart in the Dark p\u00e5 tur i byen om kvelden.\" srcset=\"https:\/\/smartinthedark.com\/no\/wp-content\/uploads\/sites\/13\/2019\/10\/M\u00f6ssa-i-reflex-Smart-in-the-dark.jpg 4119w, https:\/\/smartinthedark.com\/no\/wp-content\/uploads\/sites\/13\/2019\/10\/M\u00f6ssa-i-reflex-Smart-in-the-dark-300x217.jpg 300w, https:\/\/smartinthedark.com\/no\/wp-content\/uploads\/sites\/13\/2019\/10\/M\u00f6ssa-i-reflex-Smart-in-the-dark-768x555.jpg 768w, https:\/\/smartinthedark.com\/no\/wp-content\/uploads\/sites\/13\/2019\/10\/M\u00f6ssa-i-reflex-Smart-in-the-dark-1024x740.jpg 1024w, https:\/\/smartinthedark.com\/no\/wp-content\/uploads\/sites\/13\/2019\/10\/M\u00f6ssa-i-reflex-Smart-in-the-dark-600x434.jpg 600w\" sizes=\"auto, (max-width: 4119px) 100vw, 4119px\" \/>\t\t\t\t\t\t\n\t\t\t\t\t<\/div>\n\t\t\t\t\t\t\t\t\n<style>\n#image_1724188476 {\n  width: 100%;\n}\n<\/style>\n\t<\/div>\n\t\n\n<h2 class=\"entry-title\">En s\u00e4krare v\u00e4rld<\/h2>\n<p>Vi befinner oss i en ny situation idag n\u00e4r vi vistas ute b\u00e5de i stan och p\u00e5 landsbygden.&nbsp;<\/p>\n<a href=\"https:\/\/smartinthedark.com\/en-sakrare-varld\/\" class=\"button primary\" >\n\t\t<span>L\u00e4s vidare<\/span>\n\t<\/a>\n\n\n\n\t\t<\/div>\n\t\t\t\t\t<\/div>\n\n\t\n\n\t<div id=\"col-22362690\" class=\"col medium-4 small-12 large-4\"  >\n\t\t\t\t<div class=\"col-inner\"  >\n\t\t\t\n\t\t\t\n\n\t<div class=\"img has-hover img-border x md-x lg-x y md-y lg-y\" id=\"image_812307281\">\n\t\t\t\t\t\t\t\t<div class=\"img-inner image-cover dark\" style=\"padding-top:60%;\">\n\t\t\t<img loading=\"lazy\" decoding=\"async\" width=\"500\" height=\"500\" src=\"https:\/\/smartinthedark.com\/no\/wp-content\/uploads\/sites\/13\/2019\/06\/Mossa-och-Vaska-600x600-500x500.jpg\" class=\"attachment-original size-original\" alt=\"\" srcset=\"https:\/\/smartinthedark.com\/no\/wp-content\/uploads\/sites\/13\/2019\/06\/Mossa-och-Vaska-600x600-500x500.jpg 500w, https:\/\/smartinthedark.com\/no\/wp-content\/uploads\/sites\/13\/2019\/06\/Mossa-och-Vaska-600x600-500x500-300x300.jpg 300w, https:\/\/smartinthedark.com\/no\/wp-content\/uploads\/sites\/13\/2019\/06\/Mossa-och-Vaska-600x600-500x500-150x150.jpg 150w, https:\/\/smartinthedark.com\/no\/wp-content\/uploads\/sites\/13\/2019\/06\/Mossa-och-Vaska-600x600-500x500-247x247.jpg 247w\" sizes=\"auto, (max-width: 500px) 100vw, 500px\" \/>\t\t\t\t\t\t\n\t\t\t\t\t<\/div>\n\t\t\t\t\t\t\t\t\n<style>\n#image_812307281 {\n  width: 100%;\n}\n<\/style>\n\t<\/div>\n\t\n\n<h2 class=\"entry-title\">Rawness testar Smart in the dark reflexer<\/h2>\n<p>Rawness \u00e4r en portal som tar upp produkter och annat som inspirerar till en aktiv livsstil.&nbsp;<\/p>\n<a href=\"https:\/\/smartinthedark.com\/rawness-testar-smart-in-the-dark-reflexer\/\" class=\"button primary\" >\n\t\t<span>L\u00e4s vidare<\/span>\n\t<\/a>\n\n\n\n\t\t<\/div>\n\t\t\t\t\t<\/div>\n\n\t\n\n<\/div>\n\n\t\t<\/div>\n\n\t\t\n<style>\n#section_2109533247 {\n  padding-top: 10px;\n  padding-bottom: 10px;\n}\n@media (min-width:550px) {\n  #section_2109533247 {\n    padding-top: 60px;\n    padding-bottom: 60px;\n  }\n}\n<\/style>\n\t<\/section>\n\t\n\n","protected":false},"excerpt":{"rendered":"","protected":false},"author":1,"featured_media":0,"parent":2891,"menu_order":0,"comment_status":"closed","ping_status":"closed","template":"page-blank.php","meta":{"_trash_the_other_posts":false,"editor_notices":[],"footnotes":""},"class_list":["post-2905","page","type-page","status-publish","hentry"],"yoast_head":"<!-- This site is optimized with the Yoast SEO plugin v25.9 - https:\/\/yoast.com\/wordpress\/plugins\/seo\/ -->\n<title>Sikkerhet - Smart in the dark Norsk<\/title>\n<meta name=\"robots\" content=\"index, follow, max-snippet:-1, max-image-preview:large, max-video-preview:-1\" \/>\n<link rel=\"canonical\" href=\"https:\/\/smartinthedark.com\/no\/om-oss\/sikkerhet\/\" \/>\n<meta property=\"og:locale\" content=\"nb_NO\" \/>\n<meta property=\"og:type\" content=\"article\" \/>\n<meta property=\"og:title\" content=\"Sikkerhet - Smart in the dark Norsk\" \/>\n<meta property=\"og:url\" content=\"https:\/\/smartinthedark.com\/no\/om-oss\/sikkerhet\/\" \/>\n<meta property=\"og:site_name\" content=\"Smart in the dark Norsk\" \/>\n<meta property=\"article:publisher\" content=\"https:\/\/www.facebook.com\/smartinthedark\/\" \/>\n<meta property=\"article:modified_time\" content=\"2019-10-24T07:39:28+00:00\" \/>\n<meta property=\"og:image\" content=\"https:\/\/smartinthedark.com\/no\/wp-content\/uploads\/sites\/13\/2022\/10\/Cool-TjejBoy.arm_reflexer-1024x649-1.jpg\" \/>\n\t<meta property=\"og:image:width\" content=\"1024\" \/>\n\t<meta property=\"og:image:height\" content=\"649\" \/>\n\t<meta property=\"og:image:type\" content=\"image\/jpeg\" \/>\n<meta name=\"twitter:card\" content=\"summary_large_image\" \/>\n<meta name=\"twitter:label1\" content=\"Ansl. lesetid\" \/>\n\t<meta name=\"twitter:data1\" content=\"4 minutter\" \/>\n<script type=\"application\/ld+json\" class=\"yoast-schema-graph\">{\"@context\":\"https:\/\/schema.org\",\"@graph\":[{\"@type\":\"WebPage\",\"@id\":\"https:\/\/smartinthedark.com\/no\/om-oss\/sikkerhet\/\",\"url\":\"https:\/\/smartinthedark.com\/no\/om-oss\/sikkerhet\/\",\"name\":\"Sikkerhet - Smart in the dark Norsk\",\"isPartOf\":{\"@id\":\"https:\/\/smartinthedark.com\/no\/#website\"},\"datePublished\":\"2019-07-16T08:26:10+00:00\",\"dateModified\":\"2019-10-24T07:39:28+00:00\",\"breadcrumb\":{\"@id\":\"https:\/\/smartinthedark.com\/no\/om-oss\/sikkerhet\/#breadcrumb\"},\"inLanguage\":\"nb-NO\",\"potentialAction\":[{\"@type\":\"ReadAction\",\"target\":[\"https:\/\/smartinthedark.com\/no\/om-oss\/sikkerhet\/\"]}]},{\"@type\":\"BreadcrumbList\",\"@id\":\"https:\/\/smartinthedark.com\/no\/om-oss\/sikkerhet\/#breadcrumb\",\"itemListElement\":[{\"@type\":\"ListItem\",\"position\":1,\"name\":\"Hem\",\"item\":\"https:\/\/smartinthedark.com\/no\/\"},{\"@type\":\"ListItem\",\"position\":2,\"name\":\"Om oss\",\"item\":\"https:\/\/smartinthedark.com\/no\/om-oss\/\"},{\"@type\":\"ListItem\",\"position\":3,\"name\":\"Sikkerhet\"}]},{\"@type\":\"WebSite\",\"@id\":\"https:\/\/smartinthedark.com\/no\/#website\",\"url\":\"https:\/\/smartinthedark.com\/no\/\",\"name\":\"Smart in the dark Norsk\",\"description\":\"\",\"potentialAction\":[{\"@type\":\"SearchAction\",\"target\":{\"@type\":\"EntryPoint\",\"urlTemplate\":\"https:\/\/smartinthedark.com\/no\/?s={search_term_string}\"},\"query-input\":{\"@type\":\"PropertyValueSpecification\",\"valueRequired\":true,\"valueName\":\"search_term_string\"}}],\"inLanguage\":\"nb-NO\"}]}<\/script>\n<!-- \/ Yoast SEO plugin. -->","yoast_head_json":{"title":"Sikkerhet - Smart in the dark Norsk","robots":{"index":"index","follow":"follow","max-snippet":"max-snippet:-1","max-image-preview":"max-image-preview:large","max-video-preview":"max-video-preview:-1"},"canonical":"https:\/\/smartinthedark.com\/no\/om-oss\/sikkerhet\/","og_locale":"nb_NO","og_type":"article","og_title":"Sikkerhet - Smart in the dark Norsk","og_url":"https:\/\/smartinthedark.com\/no\/om-oss\/sikkerhet\/","og_site_name":"Smart in the dark Norsk","article_publisher":"https:\/\/www.facebook.com\/smartinthedark\/","article_modified_time":"2019-10-24T07:39:28+00:00","og_image":[{"width":1024,"height":649,"url":"https:\/\/smartinthedark.com\/no\/wp-content\/uploads\/sites\/13\/2022\/10\/Cool-TjejBoy.arm_reflexer-1024x649-1.jpg","type":"image\/jpeg"}],"twitter_card":"summary_large_image","twitter_misc":{"Ansl. lesetid":"4 minutter"},"schema":{"@context":"https:\/\/schema.org","@graph":[{"@type":"WebPage","@id":"https:\/\/smartinthedark.com\/no\/om-oss\/sikkerhet\/","url":"https:\/\/smartinthedark.com\/no\/om-oss\/sikkerhet\/","name":"Sikkerhet - Smart in the dark Norsk","isPartOf":{"@id":"https:\/\/smartinthedark.com\/no\/#website"},"datePublished":"2019-07-16T08:26:10+00:00","dateModified":"2019-10-24T07:39:28+00:00","breadcrumb":{"@id":"https:\/\/smartinthedark.com\/no\/om-oss\/sikkerhet\/#breadcrumb"},"inLanguage":"nb-NO","potentialAction":[{"@type":"ReadAction","target":["https:\/\/smartinthedark.com\/no\/om-oss\/sikkerhet\/"]}]},{"@type":"BreadcrumbList","@id":"https:\/\/smartinthedark.com\/no\/om-oss\/sikkerhet\/#breadcrumb","itemListElement":[{"@type":"ListItem","position":1,"name":"Hem","item":"https:\/\/smartinthedark.com\/no\/"},{"@type":"ListItem","position":2,"name":"Om oss","item":"https:\/\/smartinthedark.com\/no\/om-oss\/"},{"@type":"ListItem","position":3,"name":"Sikkerhet"}]},{"@type":"WebSite","@id":"https:\/\/smartinthedark.com\/no\/#website","url":"https:\/\/smartinthedark.com\/no\/","name":"Smart in the dark Norsk","description":"","potentialAction":[{"@type":"SearchAction","target":{"@type":"EntryPoint","urlTemplate":"https:\/\/smartinthedark.com\/no\/?s={search_term_string}"},"query-input":{"@type":"PropertyValueSpecification","valueRequired":true,"valueName":"search_term_string"}}],"inLanguage":"nb-NO"}]}},"_links":{"self":[{"href":"https:\/\/smartinthedark.com\/no\/wp-json\/wp\/v2\/pages\/2905","targetHints":{"allow":["GET"]}}],"collection":[{"href":"https:\/\/smartinthedark.com\/no\/wp-json\/wp\/v2\/pages"}],"about":[{"href":"https:\/\/smartinthedark.com\/no\/wp-json\/wp\/v2\/types\/page"}],"author":[{"embeddable":true,"href":"https:\/\/smartinthedark.com\/no\/wp-json\/wp\/v2\/users\/1"}],"replies":[{"embeddable":true,"href":"https:\/\/smartinthedark.com\/no\/wp-json\/wp\/v2\/comments?post=2905"}],"version-history":[{"count":39,"href":"https:\/\/smartinthedark.com\/no\/wp-json\/wp\/v2\/pages\/2905\/revisions"}],"predecessor-version":[{"id":23588,"href":"https:\/\/smartinthedark.com\/no\/wp-json\/wp\/v2\/pages\/2905\/revisions\/23588"}],"up":[{"embeddable":true,"href":"https:\/\/smartinthedark.com\/no\/wp-json\/wp\/v2\/pages\/2891"}],"wp:attachment":[{"href":"https:\/\/smartinthedark.com\/no\/wp-json\/wp\/v2\/media?parent=2905"}],"curies":[{"name":"wp","href":"https:\/\/api.w.org\/{rel}","templated":true}]}}