{"id":2891,"date":"2019-07-16T10:09:36","date_gmt":"2019-07-16T08:09:36","guid":{"rendered":"https:\/\/smartinthedark.com\/?page_id=2891"},"modified":"2020-06-30T10:03:05","modified_gmt":"2020-06-30T08:03:05","slug":"om-oss","status":"publish","type":"page","link":"https:\/\/smartinthedark.com\/no\/om-oss\/","title":{"rendered":"Om oss"},"content":{"rendered":"\n<div class=\"row\" style=\"max-width:1200px\" id=\"row-1357024519\">\n\n\n\t<div id=\"col-396697455\" class=\"col small-12 large-12\"  >\n\t\t\t\t<div class=\"col-inner\"  >\n\t\t\t\n\t\t\t\n\n\n  <div class=\"banner has-hover\" id=\"banner-969709387\">\n          <div class=\"banner-inner fill\">\n        <div class=\"banner-bg fill\" >\n            <img loading=\"lazy\" decoding=\"async\" width=\"1598\" height=\"937\" src=\"https:\/\/smartinthedark.com\/no\/wp-content\/uploads\/sites\/13\/2019\/08\/Rynkad-och-rak-reflex-till-arm-Smart-in-the-dark.jpg\" class=\"bg attachment-original size-original\" alt=\"\" \/>                                    \n                    <\/div>\n\t\t\n        <div class=\"banner-layers container\">\n            <div class=\"fill banner-link\"><\/div>            \n\n   <div id=\"text-box-1372660858\" class=\"text-box banner-layer x50 md-x50 lg-x50 y50 md-y50 lg-y50 res-text\">\n                                <div class=\"text-box-content text dark\">\n              \n              <div class=\"text-inner text-center\">\n                  \n\n<h1 style=\"text-align: center;\"><span class=\"titel-head\" style=\"font-size: 115%;\" data-line-height=\"xs\"><strong>Om oss<\/strong><\/span><\/h1>\n\n              <\/div>\n           <\/div>\n                            \n<style>\n#text-box-1372660858 {\n  width: 98%;\n}\n#text-box-1372660858 .text-box-content {\n  font-size: 80%;\n}\n@media (min-width:550px) {\n  #text-box-1372660858 {\n    width: 60%;\n  }\n  #text-box-1372660858 .text-box-content {\n    font-size: 100%;\n  }\n}\n<\/style>\n    <\/div>\n \n\n        <\/div>\n      <\/div>\n\n            \n<style>\n#banner-969709387 {\n  padding-top: 250px;\n}\n#banner-969709387 .banner-bg img {\n  object-position: 45% 100%;\n}\n@media (min-width:550px) {\n  #banner-969709387 {\n    padding-top: 600px;\n  }\n}\n<\/style>\n  <\/div>\n\n\n\t<div id=\"gap-954349781\" class=\"gap-element clearfix\" style=\"display:block; height:auto;\">\n\t\t\n<style>\n#gap-954349781 {\n  padding-top: 40px;\n}\n<\/style>\n\t<\/div>\n\t\n\n<nav class=\"breadcrumbs\"><a href=\"https:\/\/smartinthedark.com\/no\/\">Hjem<\/a> <span class=\"divider\">\/<\/span> Om oss<\/nav>\n\n\t\t<\/div>\n\t\t\t\t\t<\/div>\n\n\t\n\n<\/div>\n<div class=\"row align-middle align-center\"  id=\"row-1350962646\">\n\n\n\t<div id=\"col-143890670\" class=\"col medium-8 small-12 large-8\"  >\n\t\t\t\t<div class=\"col-inner\"  >\n\t\t\t\n\t\t\t\n\n<p style=\"text-align: left;\"><span style=\"font-size: 100%;\">Smart in the Dark er et svensk firma med base i Kung\u00e4lv. Siden 20XX utvikler og designer vi refleksprodukter og reflekstilbeh\u00f8r til alle som vil v\u00e6re synlig i trafikken.<br \/>\nV\u00e5re reflekser gj\u00f8r at du er synlig i m\u00f8rket p\u00e5 over 125 meters avstand. De er CE-merket og produsert i 3M Scotchlite som er et av det tryggeste og beste refleksmaterialet p\u00e5 markedet.<\/p>\n<p style=\"text-align: left;\">Hos Smart in the dark vil vi at alle skal v\u00e6re synlige i m\u00f8rket og vi synes at det skal b\u00e5de v\u00e6re smart og pent \u00e5 b\u00e6re en refleks. Derfor streber vi stadig etter \u00e5 skape innovative produkter hvor design, sikkerhet, kvalitet og funksjon er sentralt. <\/p>\n<p>Alle v\u00e5re produkter og tilbeh\u00f8r har refleksdetaljer i nordiske m\u00f8nstre som molte, flette, fjelltopp, nordlys og tytteb\u00e6r. Kolleksjonen heter Nordic Silver Collection og er utviklet i samarbeid med det Nordiske Designkontoret i Bor\u00e5s og varemerkebyr\u00e5et Gappio og i samarbeid med formgiveren og illustrat\u00f8ren Lidia Blomgren. <a href=\"https:\/\/www.lidiablomgren.se\/\" target=\"_blank\" rel=\"noopener noreferrer\">lidiablomgren.se<\/a><\/p>\n<p style=\"text-align: left;\">I kolleksjonen finner du alt fra refleksluer og refleksvesker til refleksbelter og reflekssjal. Sjekk ut hele kolleksjonen <a href=\"https:\/\/smartinthedark.com\/no\/nettbutikk\/\"><u>her<\/u><\/a>. At kun \u00e9n refleks fra Smart in the dark gj\u00f8r en verdifull forskjell \u2013 det er pent, smart og trygt! <\/p>\n\t<div id=\"gap-1762935370\" class=\"gap-element clearfix\" style=\"display:block; height:auto;\">\n\t\t\n<style>\n#gap-1762935370 {\n  padding-top: 30px;\n}\n<\/style>\n\t<\/div>\n\t\n\n\n\t\t<\/div>\n\t\t\t\t\t<\/div>\n\n\t\n\n<\/div>\n\t<div id=\"gap-1800012765\" class=\"gap-element clearfix\" style=\"display:block; height:auto;\">\n\t\t\n<style>\n#gap-1800012765 {\n  padding-top: 60px;\n}\n<\/style>\n\t<\/div>\n\t\n\n<div class=\"row\" style=\"max-width:1200px\" id=\"row-1354960843\">\n\n\n\t<div id=\"col-1251063397\" class=\"col medium-6 small-12 large-6\"  >\n\t\t\t\t<div class=\"col-inner\"  >\n\t\t\t\n\t\t\t\n\n\n  <div class=\"banner has-hover header-border bg-zoom\" id=\"banner-89890776\">\n          <div class=\"banner-inner fill\">\n        <div class=\"banner-bg fill\" >\n            <img loading=\"lazy\" decoding=\"async\" width=\"1920\" height=\"700\" src=\"https:\/\/smartinthedark.com\/no\/wp-content\/uploads\/sites\/13\/2019\/07\/smart_new1920x700.jpg\" class=\"bg attachment-original size-original\" alt=\"\" \/>                                    \n                    <\/div>\n\t\t\n        <div class=\"banner-layers container\">\n            <a class=\"fill\" href=\"\/no\/om-oss\/sikkerhet\/\"><div class=\"fill banner-link\"><\/div><\/a>            \n\n   <div id=\"text-box-590749228\" class=\"text-box banner-layer x50 md-x50 lg-x50 y50 md-y50 lg-y50 res-text\">\n                                <div class=\"text-box-content text dark\">\n              \n              <div class=\"text-inner text-center\">\n                  \n\n\n              <\/div>\n           <\/div>\n                            \n<style>\n#text-box-590749228 {\n  width: 100%;\n}\n#text-box-590749228 .text-box-content {\n  font-size: 100%;\n}\n<\/style>\n    <\/div>\n \n\n        <\/div>\n      <\/div>\n\n            \n<style>\n#banner-89890776 {\n  padding-top: 50%;\n}\n<\/style>\n  <\/div>\n\n\n\t<div id=\"gap-472607136\" class=\"gap-element clearfix\" style=\"display:block; height:auto;\">\n\t\t\n<style>\n#gap-472607136 {\n  padding-top: 15px;\n}\n<\/style>\n\t<\/div>\n\t\n\n<div class=\"row align-center\"  id=\"row-195360425\">\n\n\n\t<div id=\"col-1901414927\" class=\"col medium-8 small-12 large-8\"  >\n\t\t\t\t<div class=\"col-inner\"  >\n\t\t\t\n\t\t\t\n\n<p style=\"text-align: center;\"><a href=\"\/no\/om-oss\/sikkerhet\/\"><span class=\"\" style=\"font-size: 160%;\" data-line-height=\"l\"><strong>Sikkerhet<\/strong><\/span><\/a><br \/>Visste du at 40% av alle bilulykker med fotgjengere skjer i m\u00f8rket i tettbygde omr\u00e5der?<\/p>\n\n\t\t<\/div>\n\t\t\t\t\t<\/div>\n\n\t\n\n<\/div>\n\n\t\t<\/div>\n\t\t\t\t\t<\/div>\n\n\t\n\n\t<div id=\"col-1666946406\" class=\"col medium-6 small-12 large-6\"  >\n\t\t\t\t<div class=\"col-inner\"  >\n\t\t\t\n\t\t\t\n\n\n  <div class=\"banner has-hover header-border bg-zoom\" id=\"banner-491887890\">\n          <div class=\"banner-inner fill\">\n        <div class=\"banner-bg fill\" >\n            <img loading=\"lazy\" decoding=\"async\" width=\"2332\" height=\"1749\" src=\"https:\/\/smartinthedark.com\/no\/wp-content\/uploads\/sites\/13\/2019\/08\/Gymbag-Ryggs\u00e4ck-med-reflex-Smart-in-the-dark-1.jpg\" class=\"bg attachment-original size-original\" alt=\"\" \/>                                    \n                    <\/div>\n\t\t\n        <div class=\"banner-layers container\">\n            <a class=\"fill\" href=\"\/no\/om-oss\/var-historie\/\"><div class=\"fill banner-link\"><\/div><\/a>            \n\n   <div id=\"text-box-2065802297\" class=\"text-box banner-layer x50 md-x50 lg-x50 y50 md-y50 lg-y50 res-text\">\n                                <div class=\"text-box-content text dark\">\n              \n              <div class=\"text-inner text-center\">\n                  \n\n\n              <\/div>\n           <\/div>\n                            \n<style>\n#text-box-2065802297 {\n  width: 100%;\n}\n#text-box-2065802297 .text-box-content {\n  font-size: 100%;\n}\n<\/style>\n    <\/div>\n \n\n        <\/div>\n      <\/div>\n\n            \n<style>\n#banner-491887890 {\n  padding-top: 50%;\n}\n#banner-491887890 .banner-bg img {\n  object-position: 4% 24%;\n}\n<\/style>\n  <\/div>\n\n\n\t<div id=\"gap-2102351749\" class=\"gap-element clearfix\" style=\"display:block; height:auto;\">\n\t\t\n<style>\n#gap-2102351749 {\n  padding-top: 15px;\n}\n<\/style>\n\t<\/div>\n\t\n\n<div class=\"row align-center\"  id=\"row-669036689\">\n\n\n\t<div id=\"col-1207879074\" class=\"col medium-8 small-12 large-8\"  >\n\t\t\t\t<div class=\"col-inner\"  >\n\t\t\t\n\t\t\t\n\n<p style=\"text-align: center;\"><a href=\"\/no\/om-oss\/var-historie\/\"><span class=\"\" style=\"font-size: 160%;\" data-line-height=\"l\"><strong>V\u00e5r historie<\/strong><\/span><\/a><br \/>2014 grunnla Ann-Sofie Hermansson Smart in the dark. Ideen kom da hun en dag oppdaget&#8230;<\/p>\n\n\t\t<\/div>\n\t\t\t\t\t<\/div>\n\n\t\n\n<\/div>\n\n\t\t<\/div>\n\t\t\t\t\t<\/div>\n\n\t\n\n\t<div id=\"col-1845713280\" class=\"col medium-6 small-12 large-6\"  >\n\t\t\t\t<div class=\"col-inner\"  >\n\t\t\t\n\t\t\t\n\n\n  <div class=\"banner has-hover header-border bg-zoom\" id=\"banner-941667107\">\n          <div class=\"banner-inner fill\">\n        <div class=\"banner-bg fill\" >\n            <img loading=\"lazy\" decoding=\"async\" width=\"1920\" height=\"700\" src=\"https:\/\/smartinthedark.com\/no\/wp-content\/uploads\/sites\/13\/2019\/08\/Reflexm\u00f6ssa-med-m\u00f6nster-Smart-in-the-dark2.png\" class=\"bg attachment-original size-original\" alt=\"\" \/>                                    \n                    <\/div>\n\t\t\n        <div class=\"banner-layers container\">\n            <a class=\"fill\" href=\"\/no\/om-oss\/var-forretningside\/\"><div class=\"fill banner-link\"><\/div><\/a>            \n\n   <div id=\"text-box-539051548\" class=\"text-box banner-layer x50 md-x50 lg-x50 y50 md-y50 lg-y50 res-text\">\n                                <div class=\"text-box-content text dark\">\n              \n              <div class=\"text-inner text-center\">\n                  \n\n\n              <\/div>\n           <\/div>\n                            \n<style>\n#text-box-539051548 {\n  width: 100%;\n}\n#text-box-539051548 .text-box-content {\n  font-size: 100%;\n}\n<\/style>\n    <\/div>\n \n\n        <\/div>\n      <\/div>\n\n            \n<style>\n#banner-941667107 {\n  padding-top: 50%;\n}\n#banner-941667107 .banner-bg img {\n  object-position: 57% 76%;\n}\n<\/style>\n  <\/div>\n\n\n\t<div id=\"gap-60533978\" class=\"gap-element clearfix\" style=\"display:block; height:auto;\">\n\t\t\n<style>\n#gap-60533978 {\n  padding-top: 15px;\n}\n<\/style>\n\t<\/div>\n\t\n\n<div class=\"row align-center\"  id=\"row-637527782\">\n\n\n\t<div id=\"col-164392839\" class=\"col medium-8 small-12 large-8\"  >\n\t\t\t\t<div class=\"col-inner\"  >\n\t\t\t\n\t\t\t\n\n<p style=\"text-align: center;\"><a href=\"\/no\/om-oss\/var-forretningside\/\"><span class=\"\" style=\"font-size: 160%;\" data-line-height=\"l\"><strong>V\u00e5r forretningsid\u00e9<\/strong><\/span><\/a><br \/>V\u00e5r forretningsid\u00e9 er \u00e5 tilby designede reflekser til den velkledde kvinnen og mannen&#8230;<\/p>\n\n\t\t<\/div>\n\t\t\t\t\t<\/div>\n\n\t\n\n<\/div>\n\n\t\t<\/div>\n\t\t\t\t\t<\/div>\n\n\t\n\n\t<div id=\"col-1594397662\" class=\"col medium-6 small-12 large-6\"  >\n\t\t\t\t<div class=\"col-inner\"  >\n\t\t\t\n\t\t\t\n\n\n  <div class=\"banner has-hover header-border bg-zoom\" id=\"banner-231775246\">\n          <div class=\"banner-inner fill\">\n        <div class=\"banner-bg fill\" >\n            <img loading=\"lazy\" decoding=\"async\" width=\"1485\" height=\"1000\" src=\"https:\/\/smartinthedark.com\/no\/wp-content\/uploads\/sites\/13\/2019\/08\/Reflexm\u00f6ssor-burgundy-gr\u00e5-smart-in-the-dark.jpg\" class=\"bg attachment-original size-original\" alt=\"To s\u00f8te jenter med refleksluer og rynkede refleksarmb\u00e5nd fra Smart in the Dark p\u00e5 tur i byen om kvelden.\" \/>                                    \n                    <\/div>\n\t\t\n        <div class=\"banner-layers container\">\n            <a class=\"fill\" href=\"\/no\/om-oss\/baerekraftig-produksjon\/\"><div class=\"fill banner-link\"><\/div><\/a>            \n\n   <div id=\"text-box-1982072240\" class=\"text-box banner-layer x50 md-x50 lg-x50 y50 md-y50 lg-y50 res-text\">\n                                <div class=\"text-box-content text dark\">\n              \n              <div class=\"text-inner text-center\">\n                  \n\n\n              <\/div>\n           <\/div>\n                            \n<style>\n#text-box-1982072240 {\n  width: 100%;\n}\n#text-box-1982072240 .text-box-content {\n  font-size: 100%;\n}\n<\/style>\n    <\/div>\n \n\n        <\/div>\n      <\/div>\n\n            \n<style>\n#banner-231775246 {\n  padding-top: 50%;\n}\n#banner-231775246 .banner-bg img {\n  object-position: 57% 39%;\n}\n<\/style>\n  <\/div>\n\n\n\t<div id=\"gap-1175844028\" class=\"gap-element clearfix\" style=\"display:block; height:auto;\">\n\t\t\n<style>\n#gap-1175844028 {\n  padding-top: 15px;\n}\n<\/style>\n\t<\/div>\n\t\n\n<div class=\"row align-center\"  id=\"row-1663775949\">\n\n\n\t<div id=\"col-661799021\" class=\"col medium-8 small-12 large-8\"  >\n\t\t\t\t<div class=\"col-inner\"  >\n\t\t\t\n\t\t\t\n\n<p style=\"text-align: center;\"><a href=\"\/no\/om-oss\/baerekraftig-produksjon\/\"><span class=\"\" style=\"font-size: 160%;\" data-line-height=\"l\"><strong>B\u00e6rekraftig produksjon<\/strong><\/span><\/a><br \/>V\u00e5re reflekser er utviklet og produsert med respekt for jordens resurser&#8230;<\/p>\n\n\t\t<\/div>\n\t\t\t\t\t<\/div>\n\n\t\n\n<\/div>\n\n\t\t<\/div>\n\t\t\t\t\t<\/div>\n\n\t\n\n<\/div>\n\n","protected":false},"excerpt":{"rendered":"","protected":false},"author":1,"featured_media":0,"parent":0,"menu_order":0,"comment_status":"closed","ping_status":"closed","template":"page-blank.php","meta":{"_trash_the_other_posts":false,"editor_notices":[],"footnotes":""},"class_list":["post-2891","page","type-page","status-publish","hentry"],"yoast_head":"<!-- This site is optimized with the Yoast SEO plugin v25.9 - https:\/\/yoast.com\/wordpress\/plugins\/seo\/ -->\n<title>Om oss - Smart in the dark Norsk<\/title>\n<meta name=\"robots\" content=\"index, follow, max-snippet:-1, max-image-preview:large, max-video-preview:-1\" \/>\n<link rel=\"canonical\" href=\"https:\/\/smartinthedark.com\/no\/om-oss\/\" \/>\n<meta property=\"og:locale\" content=\"nb_NO\" \/>\n<meta property=\"og:type\" content=\"article\" \/>\n<meta property=\"og:title\" content=\"Om oss - Smart in the dark Norsk\" \/>\n<meta property=\"og:url\" content=\"https:\/\/smartinthedark.com\/no\/om-oss\/\" \/>\n<meta property=\"og:site_name\" content=\"Smart in the dark Norsk\" \/>\n<meta property=\"article:publisher\" content=\"https:\/\/www.facebook.com\/smartinthedark\/\" \/>\n<meta property=\"article:modified_time\" content=\"2020-06-30T08:03:05+00:00\" \/>\n<meta property=\"og:image\" content=\"https:\/\/smartinthedark.com\/no\/wp-content\/uploads\/sites\/13\/2022\/10\/Cool-TjejBoy.arm_reflexer-1024x649-1.jpg\" \/>\n\t<meta property=\"og:image:width\" content=\"1024\" \/>\n\t<meta property=\"og:image:height\" content=\"649\" \/>\n\t<meta property=\"og:image:type\" content=\"image\/jpeg\" \/>\n<meta name=\"twitter:card\" content=\"summary_large_image\" \/>\n<meta name=\"twitter:label1\" content=\"Ansl. lesetid\" \/>\n\t<meta name=\"twitter:data1\" content=\"3 minutter\" \/>\n<script type=\"application\/ld+json\" class=\"yoast-schema-graph\">{\"@context\":\"https:\/\/schema.org\",\"@graph\":[{\"@type\":\"WebPage\",\"@id\":\"https:\/\/smartinthedark.com\/no\/om-oss\/\",\"url\":\"https:\/\/smartinthedark.com\/no\/om-oss\/\",\"name\":\"Om oss - Smart in the dark Norsk\",\"isPartOf\":{\"@id\":\"https:\/\/smartinthedark.com\/no\/#website\"},\"datePublished\":\"2019-07-16T08:09:36+00:00\",\"dateModified\":\"2020-06-30T08:03:05+00:00\",\"breadcrumb\":{\"@id\":\"https:\/\/smartinthedark.com\/no\/om-oss\/#breadcrumb\"},\"inLanguage\":\"nb-NO\",\"potentialAction\":[{\"@type\":\"ReadAction\",\"target\":[\"https:\/\/smartinthedark.com\/no\/om-oss\/\"]}]},{\"@type\":\"BreadcrumbList\",\"@id\":\"https:\/\/smartinthedark.com\/no\/om-oss\/#breadcrumb\",\"itemListElement\":[{\"@type\":\"ListItem\",\"position\":1,\"name\":\"Hem\",\"item\":\"https:\/\/smartinthedark.com\/no\/\"},{\"@type\":\"ListItem\",\"position\":2,\"name\":\"Om oss\"}]},{\"@type\":\"WebSite\",\"@id\":\"https:\/\/smartinthedark.com\/no\/#website\",\"url\":\"https:\/\/smartinthedark.com\/no\/\",\"name\":\"Smart in the dark Norsk\",\"description\":\"\",\"potentialAction\":[{\"@type\":\"SearchAction\",\"target\":{\"@type\":\"EntryPoint\",\"urlTemplate\":\"https:\/\/smartinthedark.com\/no\/?s={search_term_string}\"},\"query-input\":{\"@type\":\"PropertyValueSpecification\",\"valueRequired\":true,\"valueName\":\"search_term_string\"}}],\"inLanguage\":\"nb-NO\"}]}<\/script>\n<!-- \/ Yoast SEO plugin. -->","yoast_head_json":{"title":"Om oss - Smart in the dark Norsk","robots":{"index":"index","follow":"follow","max-snippet":"max-snippet:-1","max-image-preview":"max-image-preview:large","max-video-preview":"max-video-preview:-1"},"canonical":"https:\/\/smartinthedark.com\/no\/om-oss\/","og_locale":"nb_NO","og_type":"article","og_title":"Om oss - Smart in the dark Norsk","og_url":"https:\/\/smartinthedark.com\/no\/om-oss\/","og_site_name":"Smart in the dark Norsk","article_publisher":"https:\/\/www.facebook.com\/smartinthedark\/","article_modified_time":"2020-06-30T08:03:05+00:00","og_image":[{"width":1024,"height":649,"url":"https:\/\/smartinthedark.com\/no\/wp-content\/uploads\/sites\/13\/2022\/10\/Cool-TjejBoy.arm_reflexer-1024x649-1.jpg","type":"image\/jpeg"}],"twitter_card":"summary_large_image","twitter_misc":{"Ansl. lesetid":"3 minutter"},"schema":{"@context":"https:\/\/schema.org","@graph":[{"@type":"WebPage","@id":"https:\/\/smartinthedark.com\/no\/om-oss\/","url":"https:\/\/smartinthedark.com\/no\/om-oss\/","name":"Om oss - Smart in the dark Norsk","isPartOf":{"@id":"https:\/\/smartinthedark.com\/no\/#website"},"datePublished":"2019-07-16T08:09:36+00:00","dateModified":"2020-06-30T08:03:05+00:00","breadcrumb":{"@id":"https:\/\/smartinthedark.com\/no\/om-oss\/#breadcrumb"},"inLanguage":"nb-NO","potentialAction":[{"@type":"ReadAction","target":["https:\/\/smartinthedark.com\/no\/om-oss\/"]}]},{"@type":"BreadcrumbList","@id":"https:\/\/smartinthedark.com\/no\/om-oss\/#breadcrumb","itemListElement":[{"@type":"ListItem","position":1,"name":"Hem","item":"https:\/\/smartinthedark.com\/no\/"},{"@type":"ListItem","position":2,"name":"Om oss"}]},{"@type":"WebSite","@id":"https:\/\/smartinthedark.com\/no\/#website","url":"https:\/\/smartinthedark.com\/no\/","name":"Smart in the dark Norsk","description":"","potentialAction":[{"@type":"SearchAction","target":{"@type":"EntryPoint","urlTemplate":"https:\/\/smartinthedark.com\/no\/?s={search_term_string}"},"query-input":{"@type":"PropertyValueSpecification","valueRequired":true,"valueName":"search_term_string"}}],"inLanguage":"nb-NO"}]}},"_links":{"self":[{"href":"https:\/\/smartinthedark.com\/no\/wp-json\/wp\/v2\/pages\/2891","targetHints":{"allow":["GET"]}}],"collection":[{"href":"https:\/\/smartinthedark.com\/no\/wp-json\/wp\/v2\/pages"}],"about":[{"href":"https:\/\/smartinthedark.com\/no\/wp-json\/wp\/v2\/types\/page"}],"author":[{"embeddable":true,"href":"https:\/\/smartinthedark.com\/no\/wp-json\/wp\/v2\/users\/1"}],"replies":[{"embeddable":true,"href":"https:\/\/smartinthedark.com\/no\/wp-json\/wp\/v2\/comments?post=2891"}],"version-history":[{"count":56,"href":"https:\/\/smartinthedark.com\/no\/wp-json\/wp\/v2\/pages\/2891\/revisions"}],"predecessor-version":[{"id":32918,"href":"https:\/\/smartinthedark.com\/no\/wp-json\/wp\/v2\/pages\/2891\/revisions\/32918"}],"wp:attachment":[{"href":"https:\/\/smartinthedark.com\/no\/wp-json\/wp\/v2\/media?parent=2891"}],"curies":[{"name":"wp","href":"https:\/\/api.w.org\/{rel}","templated":true}]}}