{"id":34788,"date":"2021-06-02T15:02:49","date_gmt":"2021-06-02T13:02:49","guid":{"rendered":"https:\/\/smartinthedark.com\/fi\/?post_type=product&#038;p=34788"},"modified":"2021-12-13T11:23:05","modified_gmt":"2021-12-13T10:23:05","slug":"pitka-heijastinkotelo","status":"publish","type":"product","link":"https:\/\/smartinthedark.com\/fi\/produkt\/pitka-heijastinkotelo\/","title":{"rendered":"Pitk\u00e4 heijastinkotelo"},"content":{"rendered":"<p>K\u00e4yt\u00e4nn\u00f6llinen heijastinasuste, jota voit k\u00e4ytt\u00e4\u00e4 sek\u00e4 laukkuun ett\u00e4 koiran hihnaan kiinnitettyn\u00e4. Heijastin on ommeltu kotelomaiseksi, joten voit pujottaa sen helposti laukun tai koiran hihnaan. Heijastinkotelo sopii pujotettavaksi korkeintaan 4 cm leveisiin hihnoihin.\u00a0 Paikalleen asettaminen k\u00e4y helposti tarranauhan avulla.<\/p>\n<p>Kuvio: Hjortron &amp; Norrsken<br \/>\nV\u00e4ri: Musta ja tummansininen<br \/>\nTuotteen mitat: 20 cm x 10 cm<br \/>\nTarranauhan avulla asetettuna: 20 cm x 4 cm<\/p>\n","protected":false},"excerpt":{"rendered":"<p>K\u00e4yt\u00e4nn\u00f6llinen heijastinasuste, jota voit k\u00e4ytt\u00e4\u00e4 sek\u00e4 laukkuun ett\u00e4 koiran hihnaan kiinnitettyn\u00e4. Heijastin on ommeltu kotelomaiseksi, joten voit pujottaa sen helposti laukun tai koiran hihnaan. <a href=\"#beskrivning\"><b style=\"font-size: 14.4px;\"><u>Lue lis\u00e4\u00e4<\/u><\/b><\/a><\/p>\n","protected":false},"featured_media":34787,"comment_status":"closed","ping_status":"closed","template":"","meta":{"_trash_the_other_posts":false,"editor_notices":[]},"product_brand":[],"product_cat":[69],"product_tag":[],"class_list":{"0":"post-34788","1":"product","2":"type-product","3":"status-publish","4":"has-post-thumbnail","6":"product_cat-reflex-lisavaruste","8":"first","9":"instock","10":"taxable","11":"shipping-taxable","12":"purchasable","13":"product-type-variable"},"yoast_head":"<!-- This site is optimized with the Yoast SEO plugin v25.9 - https:\/\/yoast.com\/wordpress\/plugins\/seo\/ -->\n<title>Pitk\u00e4 heijastinkotelo - Smart In The Dark<\/title>\n<meta name=\"robots\" content=\"index, follow, max-snippet:-1, max-image-preview:large, max-video-preview:-1\" \/>\n<link rel=\"canonical\" href=\"https:\/\/smartinthedark.com\/fi\/produkt\/pitka-heijastinkotelo\/\" \/>\n<meta property=\"og:locale\" content=\"fi_FI\" \/>\n<meta property=\"og:type\" content=\"article\" \/>\n<meta property=\"og:title\" content=\"Pitk\u00e4 heijastinkotelo - Smart In The Dark\" \/>\n<meta property=\"og:description\" content=\"K\u00e4yt\u00e4nn\u00f6llinen heijastinasuste, jota voit k\u00e4ytt\u00e4\u00e4 sek\u00e4 laukkuun ett\u00e4 koiran hihnaan kiinnitettyn\u00e4. Heijastin on ommeltu kotelomaiseksi, joten voit pujottaa sen helposti laukun tai koiran hihnaan. Lue lis\u00e4\u00e4\" \/>\n<meta property=\"og:url\" content=\"https:\/\/smartinthedark.com\/fi\/produkt\/pitka-heijastinkotelo\/\" \/>\n<meta property=\"og:site_name\" content=\"Smart In The Dark\" \/>\n<meta property=\"article:publisher\" content=\"https:\/\/www.facebook.com\/smartinthedark\/\" \/>\n<meta property=\"article:modified_time\" content=\"2021-12-13T10:23:05+00:00\" \/>\n<meta property=\"og:image\" content=\"https:\/\/smartinthedark.com\/fi\/wp-content\/uploads\/sites\/8\/2021\/05\/Reflexfodral.png\" \/>\n\t<meta property=\"og:image:width\" content=\"500\" \/>\n\t<meta property=\"og:image:height\" content=\"500\" \/>\n\t<meta property=\"og:image:type\" content=\"image\/png\" \/>\n<meta name=\"twitter:card\" content=\"summary_large_image\" \/>\n<script type=\"application\/ld+json\" class=\"yoast-schema-graph\">{\"@context\":\"https:\/\/schema.org\",\"@graph\":[{\"@type\":\"WebPage\",\"@id\":\"https:\/\/smartinthedark.com\/fi\/produkt\/pitka-heijastinkotelo\/\",\"url\":\"https:\/\/smartinthedark.com\/fi\/produkt\/pitka-heijastinkotelo\/\",\"name\":\"Pitk\u00e4 heijastinkotelo - Smart In The Dark\",\"isPartOf\":{\"@id\":\"https:\/\/smartinthedark.com\/fi\/#website\"},\"primaryImageOfPage\":{\"@id\":\"https:\/\/smartinthedark.com\/fi\/produkt\/pitka-heijastinkotelo\/#primaryimage\"},\"image\":{\"@id\":\"https:\/\/smartinthedark.com\/fi\/produkt\/pitka-heijastinkotelo\/#primaryimage\"},\"thumbnailUrl\":\"https:\/\/smartinthedark.com\/fi\/wp-content\/uploads\/sites\/8\/2021\/05\/Reflexfodral.png\",\"datePublished\":\"2021-06-02T13:02:49+00:00\",\"dateModified\":\"2021-12-13T10:23:05+00:00\",\"breadcrumb\":{\"@id\":\"https:\/\/smartinthedark.com\/fi\/produkt\/pitka-heijastinkotelo\/#breadcrumb\"},\"inLanguage\":\"fi\",\"potentialAction\":[{\"@type\":\"ReadAction\",\"target\":[\"https:\/\/smartinthedark.com\/fi\/produkt\/pitka-heijastinkotelo\/\"]}]},{\"@type\":\"ImageObject\",\"inLanguage\":\"fi\",\"@id\":\"https:\/\/smartinthedark.com\/fi\/produkt\/pitka-heijastinkotelo\/#primaryimage\",\"url\":\"https:\/\/smartinthedark.com\/fi\/wp-content\/uploads\/sites\/8\/2021\/05\/Reflexfodral.png\",\"contentUrl\":\"https:\/\/smartinthedark.com\/fi\/wp-content\/uploads\/sites\/8\/2021\/05\/Reflexfodral.png\",\"width\":500,\"height\":500},{\"@type\":\"BreadcrumbList\",\"@id\":\"https:\/\/smartinthedark.com\/fi\/produkt\/pitka-heijastinkotelo\/#breadcrumb\",\"itemListElement\":[{\"@type\":\"ListItem\",\"position\":1,\"name\":\"Hem\",\"item\":\"https:\/\/smartinthedark.com\/fi\/\"},{\"@type\":\"ListItem\",\"position\":2,\"name\":\"Verkkokauppa\",\"item\":\"https:\/\/smartinthedark.com\/fi\/verkkokauppa\/\"},{\"@type\":\"ListItem\",\"position\":3,\"name\":\"Pitk\u00e4 heijastinkotelo\"}]},{\"@type\":\"WebSite\",\"@id\":\"https:\/\/smartinthedark.com\/fi\/#website\",\"url\":\"https:\/\/smartinthedark.com\/fi\/\",\"name\":\"Smart In The Dark\",\"description\":\"\",\"potentialAction\":[{\"@type\":\"SearchAction\",\"target\":{\"@type\":\"EntryPoint\",\"urlTemplate\":\"https:\/\/smartinthedark.com\/fi\/?s={search_term_string}\"},\"query-input\":{\"@type\":\"PropertyValueSpecification\",\"valueRequired\":true,\"valueName\":\"search_term_string\"}}],\"inLanguage\":\"fi\"}]}<\/script>\n<!-- \/ Yoast SEO plugin. -->","yoast_head_json":{"title":"Pitk\u00e4 heijastinkotelo - Smart In The Dark","robots":{"index":"index","follow":"follow","max-snippet":"max-snippet:-1","max-image-preview":"max-image-preview:large","max-video-preview":"max-video-preview:-1"},"canonical":"https:\/\/smartinthedark.com\/fi\/produkt\/pitka-heijastinkotelo\/","og_locale":"fi_FI","og_type":"article","og_title":"Pitk\u00e4 heijastinkotelo - Smart In The Dark","og_description":"K\u00e4yt\u00e4nn\u00f6llinen heijastinasuste, jota voit k\u00e4ytt\u00e4\u00e4 sek\u00e4 laukkuun ett\u00e4 koiran hihnaan kiinnitettyn\u00e4. Heijastin on ommeltu kotelomaiseksi, joten voit pujottaa sen helposti laukun tai koiran hihnaan. Lue lis\u00e4\u00e4","og_url":"https:\/\/smartinthedark.com\/fi\/produkt\/pitka-heijastinkotelo\/","og_site_name":"Smart In The Dark","article_publisher":"https:\/\/www.facebook.com\/smartinthedark\/","article_modified_time":"2021-12-13T10:23:05+00:00","og_image":[{"width":500,"height":500,"url":"https:\/\/smartinthedark.com\/fi\/wp-content\/uploads\/sites\/8\/2021\/05\/Reflexfodral.png","type":"image\/png"}],"twitter_card":"summary_large_image","schema":{"@context":"https:\/\/schema.org","@graph":[{"@type":"WebPage","@id":"https:\/\/smartinthedark.com\/fi\/produkt\/pitka-heijastinkotelo\/","url":"https:\/\/smartinthedark.com\/fi\/produkt\/pitka-heijastinkotelo\/","name":"Pitk\u00e4 heijastinkotelo - Smart In The Dark","isPartOf":{"@id":"https:\/\/smartinthedark.com\/fi\/#website"},"primaryImageOfPage":{"@id":"https:\/\/smartinthedark.com\/fi\/produkt\/pitka-heijastinkotelo\/#primaryimage"},"image":{"@id":"https:\/\/smartinthedark.com\/fi\/produkt\/pitka-heijastinkotelo\/#primaryimage"},"thumbnailUrl":"https:\/\/smartinthedark.com\/fi\/wp-content\/uploads\/sites\/8\/2021\/05\/Reflexfodral.png","datePublished":"2021-06-02T13:02:49+00:00","dateModified":"2021-12-13T10:23:05+00:00","breadcrumb":{"@id":"https:\/\/smartinthedark.com\/fi\/produkt\/pitka-heijastinkotelo\/#breadcrumb"},"inLanguage":"fi","potentialAction":[{"@type":"ReadAction","target":["https:\/\/smartinthedark.com\/fi\/produkt\/pitka-heijastinkotelo\/"]}]},{"@type":"ImageObject","inLanguage":"fi","@id":"https:\/\/smartinthedark.com\/fi\/produkt\/pitka-heijastinkotelo\/#primaryimage","url":"https:\/\/smartinthedark.com\/fi\/wp-content\/uploads\/sites\/8\/2021\/05\/Reflexfodral.png","contentUrl":"https:\/\/smartinthedark.com\/fi\/wp-content\/uploads\/sites\/8\/2021\/05\/Reflexfodral.png","width":500,"height":500},{"@type":"BreadcrumbList","@id":"https:\/\/smartinthedark.com\/fi\/produkt\/pitka-heijastinkotelo\/#breadcrumb","itemListElement":[{"@type":"ListItem","position":1,"name":"Hem","item":"https:\/\/smartinthedark.com\/fi\/"},{"@type":"ListItem","position":2,"name":"Verkkokauppa","item":"https:\/\/smartinthedark.com\/fi\/verkkokauppa\/"},{"@type":"ListItem","position":3,"name":"Pitk\u00e4 heijastinkotelo"}]},{"@type":"WebSite","@id":"https:\/\/smartinthedark.com\/fi\/#website","url":"https:\/\/smartinthedark.com\/fi\/","name":"Smart In The Dark","description":"","potentialAction":[{"@type":"SearchAction","target":{"@type":"EntryPoint","urlTemplate":"https:\/\/smartinthedark.com\/fi\/?s={search_term_string}"},"query-input":{"@type":"PropertyValueSpecification","valueRequired":true,"valueName":"search_term_string"}}],"inLanguage":"fi"}]}},"_links":{"self":[{"href":"https:\/\/smartinthedark.com\/fi\/wp-json\/wp\/v2\/product\/34788","targetHints":{"allow":["GET"]}}],"collection":[{"href":"https:\/\/smartinthedark.com\/fi\/wp-json\/wp\/v2\/product"}],"about":[{"href":"https:\/\/smartinthedark.com\/fi\/wp-json\/wp\/v2\/types\/product"}],"replies":[{"embeddable":true,"href":"https:\/\/smartinthedark.com\/fi\/wp-json\/wp\/v2\/comments?post=34788"}],"wp:featuredmedia":[{"embeddable":true,"href":"https:\/\/smartinthedark.com\/fi\/wp-json\/wp\/v2\/media\/34787"}],"wp:attachment":[{"href":"https:\/\/smartinthedark.com\/fi\/wp-json\/wp\/v2\/media?parent=34788"}],"wp:term":[{"taxonomy":"product_brand","embeddable":true,"href":"https:\/\/smartinthedark.com\/fi\/wp-json\/wp\/v2\/product_brand?post=34788"},{"taxonomy":"product_cat","embeddable":true,"href":"https:\/\/smartinthedark.com\/fi\/wp-json\/wp\/v2\/product_cat?post=34788"},{"taxonomy":"product_tag","embeddable":true,"href":"https:\/\/smartinthedark.com\/fi\/wp-json\/wp\/v2\/product_tag?post=34788"}],"curies":[{"name":"wp","href":"https:\/\/api.w.org\/{rel}","templated":true}]}}