{"id":34767,"date":"2021-06-02T14:54:14","date_gmt":"2021-06-02T12:54:14","guid":{"rendered":"https:\/\/smartinthedark.com\/fi\/?post_type=product&#038;p=34767"},"modified":"2021-09-22T08:25:13","modified_gmt":"2021-09-22T06:25:13","slug":"lammittavasta-villan-ja-kashmirin-sekoituksesta-valmistettu-heijastava-pipo","status":"publish","type":"product","link":"https:\/\/smartinthedark.com\/fi\/produkt\/lammittavasta-villan-ja-kashmirin-sekoituksesta-valmistettu-heijastava-pipo\/","title":{"rendered":"L\u00e4mmitt\u00e4v\u00e4st\u00e4 villan ja kashmirin sekoituksesta valmistettu heijastava pipo"},"content":{"rendered":"<p>Unohda villapipot, jotka kutittavat! T\u00e4m\u00e4 uusi heijastava pipo tuntuu ihanan pehmoiselta etenkin, jos et aiemmin ole voinut k\u00e4ytt\u00e4\u00e4 villasta valmistettuja pipoja. Materiaali muistuttaa teddy-kangasta, joka erist\u00e4\u00e4 hyvin l\u00e4mp\u00f6\u00e4. Pipossa k\u00e4ytetty materiaali on sekoitus villaa, kashmiria, viskoosia ja fleece\u00e4, ja t\u00e4m\u00e4 pehme\u00e4, eksklusiivinen sekoitekangas on valmistettu Italiassa. Pipon malli on hieman tavallista leve\u00e4mpi ja pidempi, ja sopii erityisesti l\u00f6ysemp\u00e4\u00e4 pipoa etsiv\u00e4lle. Pipo on saatavana kahdella pohjoismaisella teemalla; palmikkokuviolla ja revontulilla. V\u00e4rivaihtoehtoja on puolestaan nelj\u00e4: harmaa, m\u00e4nnynvihre\u00e4, viininpunainen ja ihana deniminsininen. Mik\u00e4 on suosikkisi?<\/p>\n<ul>\n<li>Saatavana kahdessa koossa: S-M (56-58 cm) ja L-XL (58-60 cm)<\/li>\n<li>Kangas sis\u00e4lt\u00e4\u00e4 31% polyamidia, 26% viskoosia, 26% kierr\u00e4tetty\u00e4 villaa, 12% polyesteri\u00e4, 5% kashmiria.<\/li>\n<li>Villakuidut ovat per\u00e4isin kerr\u00e4tettyjen vaatteiden kankaista.<\/li>\n<li>Heijastimen leveys 3,5 cm<\/li>\n<li>Tuote on CE-merkitty EN 13356 (henkil\u00f6heijastin)<\/li>\n<\/ul>\n<p>Heijastimemme auttavat sinua erottumaan pime\u00e4ss\u00e4 yli 125 metrin p\u00e4\u00e4st\u00e4. Ne on valmistettu <em>3M<\/em>\u2122\u00a0<em>Scotchlite<\/em>\u2122\u00a0-materiaalista, joka on yksi markkinoiden turvallisimmista ja parhaiten heijastavista materiaaleista.<\/p>\n","protected":false},"excerpt":{"rendered":"<p>Unohda villapipot, jotka kutittavat! T\u00e4m\u00e4 uusi heijastava pipo tuntuu ihanan pehmoiselta etenkin, jos et aiemmin ole voinut k\u00e4ytt\u00e4\u00e4 villasta valmistettuja pipoja. <a href=\"#beskrivning\"><b style=\"font-size: 14.4px;\"><u>Lue lis\u00e4\u00e4<\/u><\/b><\/a><\/p>\n","protected":false},"featured_media":34784,"comment_status":"closed","ping_status":"closed","template":"","meta":{"_trash_the_other_posts":false,"editor_notices":[]},"product_brand":[],"product_cat":[68],"product_tag":[],"class_list":{"0":"post-34767","1":"product","2":"type-product","3":"status-publish","4":"has-post-thumbnail","6":"product_cat-reflex-hattu-ja-paapanta","8":"first","9":"outofstock","10":"taxable","11":"shipping-taxable","12":"purchasable","13":"product-type-variable"},"yoast_head":"<!-- This site is optimized with the Yoast SEO plugin v25.9 - https:\/\/yoast.com\/wordpress\/plugins\/seo\/ -->\n<title>L\u00e4mmitt\u00e4v\u00e4st\u00e4 villan ja kashmirin sekoituksesta valmistettu heijastava pipo - Smart In The Dark<\/title>\n<meta name=\"robots\" content=\"index, follow, max-snippet:-1, max-image-preview:large, max-video-preview:-1\" \/>\n<link rel=\"canonical\" href=\"https:\/\/smartinthedark.com\/fi\/produkt\/lammittavasta-villan-ja-kashmirin-sekoituksesta-valmistettu-heijastava-pipo\/\" \/>\n<meta property=\"og:locale\" content=\"fi_FI\" \/>\n<meta property=\"og:type\" content=\"article\" \/>\n<meta property=\"og:title\" content=\"L\u00e4mmitt\u00e4v\u00e4st\u00e4 villan ja kashmirin sekoituksesta valmistettu heijastava pipo - Smart In The Dark\" \/>\n<meta property=\"og:description\" content=\"Unohda villapipot, jotka kutittavat! T\u00e4m\u00e4 uusi heijastava pipo tuntuu ihanan pehmoiselta etenkin, jos et aiemmin ole voinut k\u00e4ytt\u00e4\u00e4 villasta valmistettuja pipoja. Lue lis\u00e4\u00e4\" \/>\n<meta property=\"og:url\" content=\"https:\/\/smartinthedark.com\/fi\/produkt\/lammittavasta-villan-ja-kashmirin-sekoituksesta-valmistettu-heijastava-pipo\/\" \/>\n<meta property=\"og:site_name\" content=\"Smart In The Dark\" \/>\n<meta property=\"article:publisher\" content=\"https:\/\/www.facebook.com\/smartinthedark\/\" \/>\n<meta property=\"article:modified_time\" content=\"2021-09-22T06:25:13+00:00\" \/>\n<meta property=\"og:image\" content=\"https:\/\/smartinthedark.com\/fi\/wp-content\/uploads\/sites\/8\/2021\/05\/Heijastava-hattu-villaa-ja-kashmiria.png\" \/>\n\t<meta property=\"og:image:width\" content=\"500\" \/>\n\t<meta property=\"og:image:height\" content=\"500\" \/>\n\t<meta property=\"og:image:type\" content=\"image\/png\" \/>\n<meta name=\"twitter:card\" content=\"summary_large_image\" \/>\n<meta name=\"twitter:label1\" content=\"Est. reading time\" \/>\n\t<meta name=\"twitter:data1\" content=\"1 minute\" \/>\n<script type=\"application\/ld+json\" class=\"yoast-schema-graph\">{\"@context\":\"https:\/\/schema.org\",\"@graph\":[{\"@type\":\"WebPage\",\"@id\":\"https:\/\/smartinthedark.com\/fi\/produkt\/lammittavasta-villan-ja-kashmirin-sekoituksesta-valmistettu-heijastava-pipo\/\",\"url\":\"https:\/\/smartinthedark.com\/fi\/produkt\/lammittavasta-villan-ja-kashmirin-sekoituksesta-valmistettu-heijastava-pipo\/\",\"name\":\"L\u00e4mmitt\u00e4v\u00e4st\u00e4 villan ja kashmirin sekoituksesta valmistettu heijastava pipo - Smart In The Dark\",\"isPartOf\":{\"@id\":\"https:\/\/smartinthedark.com\/fi\/#website\"},\"primaryImageOfPage\":{\"@id\":\"https:\/\/smartinthedark.com\/fi\/produkt\/lammittavasta-villan-ja-kashmirin-sekoituksesta-valmistettu-heijastava-pipo\/#primaryimage\"},\"image\":{\"@id\":\"https:\/\/smartinthedark.com\/fi\/produkt\/lammittavasta-villan-ja-kashmirin-sekoituksesta-valmistettu-heijastava-pipo\/#primaryimage\"},\"thumbnailUrl\":\"https:\/\/smartinthedark.com\/fi\/wp-content\/uploads\/sites\/8\/2021\/05\/Heijastava-hattu-villaa-ja-kashmiria.png\",\"datePublished\":\"2021-06-02T12:54:14+00:00\",\"dateModified\":\"2021-09-22T06:25:13+00:00\",\"breadcrumb\":{\"@id\":\"https:\/\/smartinthedark.com\/fi\/produkt\/lammittavasta-villan-ja-kashmirin-sekoituksesta-valmistettu-heijastava-pipo\/#breadcrumb\"},\"inLanguage\":\"fi\",\"potentialAction\":[{\"@type\":\"ReadAction\",\"target\":[\"https:\/\/smartinthedark.com\/fi\/produkt\/lammittavasta-villan-ja-kashmirin-sekoituksesta-valmistettu-heijastava-pipo\/\"]}]},{\"@type\":\"ImageObject\",\"inLanguage\":\"fi\",\"@id\":\"https:\/\/smartinthedark.com\/fi\/produkt\/lammittavasta-villan-ja-kashmirin-sekoituksesta-valmistettu-heijastava-pipo\/#primaryimage\",\"url\":\"https:\/\/smartinthedark.com\/fi\/wp-content\/uploads\/sites\/8\/2021\/05\/Heijastava-hattu-villaa-ja-kashmiria.png\",\"contentUrl\":\"https:\/\/smartinthedark.com\/fi\/wp-content\/uploads\/sites\/8\/2021\/05\/Heijastava-hattu-villaa-ja-kashmiria.png\",\"width\":500,\"height\":500},{\"@type\":\"BreadcrumbList\",\"@id\":\"https:\/\/smartinthedark.com\/fi\/produkt\/lammittavasta-villan-ja-kashmirin-sekoituksesta-valmistettu-heijastava-pipo\/#breadcrumb\",\"itemListElement\":[{\"@type\":\"ListItem\",\"position\":1,\"name\":\"Hem\",\"item\":\"https:\/\/smartinthedark.com\/fi\/\"},{\"@type\":\"ListItem\",\"position\":2,\"name\":\"Verkkokauppa\",\"item\":\"https:\/\/smartinthedark.com\/fi\/verkkokauppa\/\"},{\"@type\":\"ListItem\",\"position\":3,\"name\":\"L\u00e4mmitt\u00e4v\u00e4st\u00e4 villan ja kashmirin sekoituksesta valmistettu heijastava pipo\"}]},{\"@type\":\"WebSite\",\"@id\":\"https:\/\/smartinthedark.com\/fi\/#website\",\"url\":\"https:\/\/smartinthedark.com\/fi\/\",\"name\":\"Smart In The Dark\",\"description\":\"\",\"potentialAction\":[{\"@type\":\"SearchAction\",\"target\":{\"@type\":\"EntryPoint\",\"urlTemplate\":\"https:\/\/smartinthedark.com\/fi\/?s={search_term_string}\"},\"query-input\":{\"@type\":\"PropertyValueSpecification\",\"valueRequired\":true,\"valueName\":\"search_term_string\"}}],\"inLanguage\":\"fi\"}]}<\/script>\n<!-- \/ Yoast SEO plugin. -->","yoast_head_json":{"title":"L\u00e4mmitt\u00e4v\u00e4st\u00e4 villan ja kashmirin sekoituksesta valmistettu heijastava pipo - Smart In The Dark","robots":{"index":"index","follow":"follow","max-snippet":"max-snippet:-1","max-image-preview":"max-image-preview:large","max-video-preview":"max-video-preview:-1"},"canonical":"https:\/\/smartinthedark.com\/fi\/produkt\/lammittavasta-villan-ja-kashmirin-sekoituksesta-valmistettu-heijastava-pipo\/","og_locale":"fi_FI","og_type":"article","og_title":"L\u00e4mmitt\u00e4v\u00e4st\u00e4 villan ja kashmirin sekoituksesta valmistettu heijastava pipo - Smart In The Dark","og_description":"Unohda villapipot, jotka kutittavat! T\u00e4m\u00e4 uusi heijastava pipo tuntuu ihanan pehmoiselta etenkin, jos et aiemmin ole voinut k\u00e4ytt\u00e4\u00e4 villasta valmistettuja pipoja. Lue lis\u00e4\u00e4","og_url":"https:\/\/smartinthedark.com\/fi\/produkt\/lammittavasta-villan-ja-kashmirin-sekoituksesta-valmistettu-heijastava-pipo\/","og_site_name":"Smart In The Dark","article_publisher":"https:\/\/www.facebook.com\/smartinthedark\/","article_modified_time":"2021-09-22T06:25:13+00:00","og_image":[{"width":500,"height":500,"url":"https:\/\/smartinthedark.com\/fi\/wp-content\/uploads\/sites\/8\/2021\/05\/Heijastava-hattu-villaa-ja-kashmiria.png","type":"image\/png"}],"twitter_card":"summary_large_image","twitter_misc":{"Est. reading time":"1 minute"},"schema":{"@context":"https:\/\/schema.org","@graph":[{"@type":"WebPage","@id":"https:\/\/smartinthedark.com\/fi\/produkt\/lammittavasta-villan-ja-kashmirin-sekoituksesta-valmistettu-heijastava-pipo\/","url":"https:\/\/smartinthedark.com\/fi\/produkt\/lammittavasta-villan-ja-kashmirin-sekoituksesta-valmistettu-heijastava-pipo\/","name":"L\u00e4mmitt\u00e4v\u00e4st\u00e4 villan ja kashmirin sekoituksesta valmistettu heijastava pipo - Smart In The Dark","isPartOf":{"@id":"https:\/\/smartinthedark.com\/fi\/#website"},"primaryImageOfPage":{"@id":"https:\/\/smartinthedark.com\/fi\/produkt\/lammittavasta-villan-ja-kashmirin-sekoituksesta-valmistettu-heijastava-pipo\/#primaryimage"},"image":{"@id":"https:\/\/smartinthedark.com\/fi\/produkt\/lammittavasta-villan-ja-kashmirin-sekoituksesta-valmistettu-heijastava-pipo\/#primaryimage"},"thumbnailUrl":"https:\/\/smartinthedark.com\/fi\/wp-content\/uploads\/sites\/8\/2021\/05\/Heijastava-hattu-villaa-ja-kashmiria.png","datePublished":"2021-06-02T12:54:14+00:00","dateModified":"2021-09-22T06:25:13+00:00","breadcrumb":{"@id":"https:\/\/smartinthedark.com\/fi\/produkt\/lammittavasta-villan-ja-kashmirin-sekoituksesta-valmistettu-heijastava-pipo\/#breadcrumb"},"inLanguage":"fi","potentialAction":[{"@type":"ReadAction","target":["https:\/\/smartinthedark.com\/fi\/produkt\/lammittavasta-villan-ja-kashmirin-sekoituksesta-valmistettu-heijastava-pipo\/"]}]},{"@type":"ImageObject","inLanguage":"fi","@id":"https:\/\/smartinthedark.com\/fi\/produkt\/lammittavasta-villan-ja-kashmirin-sekoituksesta-valmistettu-heijastava-pipo\/#primaryimage","url":"https:\/\/smartinthedark.com\/fi\/wp-content\/uploads\/sites\/8\/2021\/05\/Heijastava-hattu-villaa-ja-kashmiria.png","contentUrl":"https:\/\/smartinthedark.com\/fi\/wp-content\/uploads\/sites\/8\/2021\/05\/Heijastava-hattu-villaa-ja-kashmiria.png","width":500,"height":500},{"@type":"BreadcrumbList","@id":"https:\/\/smartinthedark.com\/fi\/produkt\/lammittavasta-villan-ja-kashmirin-sekoituksesta-valmistettu-heijastava-pipo\/#breadcrumb","itemListElement":[{"@type":"ListItem","position":1,"name":"Hem","item":"https:\/\/smartinthedark.com\/fi\/"},{"@type":"ListItem","position":2,"name":"Verkkokauppa","item":"https:\/\/smartinthedark.com\/fi\/verkkokauppa\/"},{"@type":"ListItem","position":3,"name":"L\u00e4mmitt\u00e4v\u00e4st\u00e4 villan ja kashmirin sekoituksesta valmistettu heijastava pipo"}]},{"@type":"WebSite","@id":"https:\/\/smartinthedark.com\/fi\/#website","url":"https:\/\/smartinthedark.com\/fi\/","name":"Smart In The Dark","description":"","potentialAction":[{"@type":"SearchAction","target":{"@type":"EntryPoint","urlTemplate":"https:\/\/smartinthedark.com\/fi\/?s={search_term_string}"},"query-input":{"@type":"PropertyValueSpecification","valueRequired":true,"valueName":"search_term_string"}}],"inLanguage":"fi"}]}},"_links":{"self":[{"href":"https:\/\/smartinthedark.com\/fi\/wp-json\/wp\/v2\/product\/34767","targetHints":{"allow":["GET"]}}],"collection":[{"href":"https:\/\/smartinthedark.com\/fi\/wp-json\/wp\/v2\/product"}],"about":[{"href":"https:\/\/smartinthedark.com\/fi\/wp-json\/wp\/v2\/types\/product"}],"replies":[{"embeddable":true,"href":"https:\/\/smartinthedark.com\/fi\/wp-json\/wp\/v2\/comments?post=34767"}],"wp:featuredmedia":[{"embeddable":true,"href":"https:\/\/smartinthedark.com\/fi\/wp-json\/wp\/v2\/media\/34784"}],"wp:attachment":[{"href":"https:\/\/smartinthedark.com\/fi\/wp-json\/wp\/v2\/media?parent=34767"}],"wp:term":[{"taxonomy":"product_brand","embeddable":true,"href":"https:\/\/smartinthedark.com\/fi\/wp-json\/wp\/v2\/product_brand?post=34767"},{"taxonomy":"product_cat","embeddable":true,"href":"https:\/\/smartinthedark.com\/fi\/wp-json\/wp\/v2\/product_cat?post=34767"},{"taxonomy":"product_tag","embeddable":true,"href":"https:\/\/smartinthedark.com\/fi\/wp-json\/wp\/v2\/product_tag?post=34767"}],"curies":[{"name":"wp","href":"https:\/\/api.w.org\/{rel}","templated":true}]}}