{"id":28,"date":"2019-06-12T14:23:14","date_gmt":"2019-06-12T12:23:14","guid":{"rendered":"https:\/\/smartinthedark.com\/produkt\/import-placeholder-for-22488\/"},"modified":"2026-03-04T08:52:29","modified_gmt":"2026-03-04T07:52:29","slug":"heijastinnauha-kasivarsiin-ja-jalkoihin","status":"publish","type":"product","link":"https:\/\/smartinthedark.com\/fi\/produkt\/heijastinnauha-kasivarsiin-ja-jalkoihin\/","title":{"rendered":"Heijastinnauha k\u00e4sivarsiin ja jalkoihin"},"content":{"rendered":"<p>T\u00e4ll\u00e4 heijastinnauhalla her\u00e4t\u00e4t huomiota kaupungin kaduilla. Kaunis asuste, joka sopii sek\u00e4 k\u00e4sivarsien ett\u00e4 jalkojen ymp\u00e4rille. Heijastinnauha heijastaa 360 astetta ja on saatavilla viidess\u00e4 eri heijastinkuviossa mallistosta Nordic Silver Collection \u2013 Hilla, Punos, Tunturi, Revontulet ja Puolukka. Heijastinnauha on s\u00e4\u00e4dett\u00e4v\u00e4n tarranauhan ansiosta helppo pukea p\u00e4\u00e4lle ja pois. Paras lahja itsellesi tai jollekulle, josta pid\u00e4t!<\/p>\n<p>Heijastimemme n\u00e4kyv\u00e4t pime\u00e4ss\u00e4 yli 125 metrin p\u00e4\u00e4h\u00e4n. Ne on valmistettu 3M Scotchlitesta, joka on yksi markkinoiden turvallisimmista ja parhaimmista heijastinmateriaaleista.<\/p>\n<ul>\n<li>Kiinnitet\u00e4\u00e4n helposti k\u00e4sivarren tai jalan ymp\u00e4ri tarranauhalla<\/li>\n<li>Ymp\u00e4rys s\u00e4\u00e4dett\u00e4viss\u00e4 28\u201338 cm v\u00e4lill\u00e4<\/li>\n<li>Tuotteen leveys 8 cm<\/li>\n<li>Heijastinleveys 4,2 cm<\/li>\n<\/ul>\n","protected":false},"excerpt":{"rendered":"<p>Heijastus myyd\u00e4\u00e4n kappaleelta<\/p>\n<p>T\u00e4ll\u00e4 heijastinnauhalla her\u00e4t\u00e4t huomiota kaupungin kaduilla. Kaunis asuste, joka sopii sek\u00e4 k\u00e4sivarsien ett\u00e4 jalkojen ymp\u00e4rille. <b><u><a href=\"#beskrivning\">Lue lis\u00e4\u00e4<\/a><\/u><\/b><\/p>\n","protected":false},"featured_media":109,"comment_status":"open","ping_status":"closed","template":"","meta":{"_trash_the_other_posts":false,"editor_notices":[]},"product_brand":[],"product_cat":[69],"product_tag":[],"class_list":{"0":"post-28","1":"product","2":"type-product","3":"status-publish","4":"has-post-thumbnail","6":"product_cat-reflex-lisavaruste","8":"first","9":"instock","10":"taxable","11":"shipping-taxable","12":"purchasable","13":"product-type-variable"},"yoast_head":"<!-- This site is optimized with the Yoast SEO plugin v25.9 - https:\/\/yoast.com\/wordpress\/plugins\/seo\/ -->\n<title>Heijastinnauha k\u00e4sivarsiin ja jalkoihin - Smart In The Dark<\/title>\n<meta name=\"description\" content=\"T\u00e4ll\u00e4 heijastinnauhalla her\u00e4t\u00e4t huomiota kaupungin kaduilla. Kaunis asuste, joka sopii sek\u00e4 k\u00e4sivarsien ett\u00e4 jalkojen ymp\u00e4rille.\" \/>\n<meta name=\"robots\" content=\"index, follow, max-snippet:-1, max-image-preview:large, max-video-preview:-1\" \/>\n<link rel=\"canonical\" href=\"https:\/\/smartinthedark.com\/fi\/produkt\/heijastinnauha-kasivarsiin-ja-jalkoihin\/\" \/>\n<meta property=\"og:locale\" content=\"fi_FI\" \/>\n<meta property=\"og:type\" content=\"article\" \/>\n<meta property=\"og:title\" content=\"Heijastinnauha k\u00e4sivarsiin ja jalkoihin - Smart In The Dark\" \/>\n<meta property=\"og:description\" content=\"T\u00e4ll\u00e4 heijastinnauhalla her\u00e4t\u00e4t huomiota kaupungin kaduilla. Kaunis asuste, joka sopii sek\u00e4 k\u00e4sivarsien ett\u00e4 jalkojen ymp\u00e4rille.\" \/>\n<meta property=\"og:url\" content=\"https:\/\/smartinthedark.com\/fi\/produkt\/heijastinnauha-kasivarsiin-ja-jalkoihin\/\" \/>\n<meta property=\"og:site_name\" content=\"Smart In The Dark\" \/>\n<meta property=\"article:publisher\" content=\"https:\/\/www.facebook.com\/smartinthedark\/\" \/>\n<meta property=\"article:modified_time\" content=\"2026-03-04T07:52:29+00:00\" \/>\n<meta property=\"og:image\" content=\"https:\/\/smartinthedark.com\/fi\/wp-content\/uploads\/sites\/8\/2019\/06\/REFLEX-TILL-ARM-500x500.jpg\" \/>\n\t<meta property=\"og:image:width\" content=\"500\" \/>\n\t<meta property=\"og:image:height\" content=\"500\" \/>\n\t<meta property=\"og:image:type\" content=\"image\/jpeg\" \/>\n<meta name=\"twitter:card\" content=\"summary_large_image\" \/>\n<meta name=\"twitter:label1\" content=\"Est. reading time\" \/>\n\t<meta name=\"twitter:data1\" content=\"1 minute\" \/>\n<script type=\"application\/ld+json\" class=\"yoast-schema-graph\">{\"@context\":\"https:\/\/schema.org\",\"@graph\":[{\"@type\":\"WebPage\",\"@id\":\"https:\/\/smartinthedark.com\/fi\/produkt\/heijastinnauha-kasivarsiin-ja-jalkoihin\/\",\"url\":\"https:\/\/smartinthedark.com\/fi\/produkt\/heijastinnauha-kasivarsiin-ja-jalkoihin\/\",\"name\":\"Heijastinnauha k\u00e4sivarsiin ja jalkoihin - Smart In The Dark\",\"isPartOf\":{\"@id\":\"https:\/\/smartinthedark.com\/fi\/#website\"},\"primaryImageOfPage\":{\"@id\":\"https:\/\/smartinthedark.com\/fi\/produkt\/heijastinnauha-kasivarsiin-ja-jalkoihin\/#primaryimage\"},\"image\":{\"@id\":\"https:\/\/smartinthedark.com\/fi\/produkt\/heijastinnauha-kasivarsiin-ja-jalkoihin\/#primaryimage\"},\"thumbnailUrl\":\"https:\/\/smartinthedark.com\/fi\/wp-content\/uploads\/sites\/8\/2019\/06\/REFLEX-TILL-ARM-500x500.jpg\",\"datePublished\":\"2019-06-12T12:23:14+00:00\",\"dateModified\":\"2026-03-04T07:52:29+00:00\",\"description\":\"T\u00e4ll\u00e4 heijastinnauhalla her\u00e4t\u00e4t huomiota kaupungin kaduilla. Kaunis asuste, joka sopii sek\u00e4 k\u00e4sivarsien ett\u00e4 jalkojen ymp\u00e4rille.\",\"breadcrumb\":{\"@id\":\"https:\/\/smartinthedark.com\/fi\/produkt\/heijastinnauha-kasivarsiin-ja-jalkoihin\/#breadcrumb\"},\"inLanguage\":\"fi\",\"potentialAction\":[{\"@type\":\"ReadAction\",\"target\":[\"https:\/\/smartinthedark.com\/fi\/produkt\/heijastinnauha-kasivarsiin-ja-jalkoihin\/\"]}]},{\"@type\":\"ImageObject\",\"inLanguage\":\"fi\",\"@id\":\"https:\/\/smartinthedark.com\/fi\/produkt\/heijastinnauha-kasivarsiin-ja-jalkoihin\/#primaryimage\",\"url\":\"https:\/\/smartinthedark.com\/fi\/wp-content\/uploads\/sites\/8\/2019\/06\/REFLEX-TILL-ARM-500x500.jpg\",\"contentUrl\":\"https:\/\/smartinthedark.com\/fi\/wp-content\/uploads\/sites\/8\/2019\/06\/REFLEX-TILL-ARM-500x500.jpg\",\"width\":500,\"height\":500},{\"@type\":\"BreadcrumbList\",\"@id\":\"https:\/\/smartinthedark.com\/fi\/produkt\/heijastinnauha-kasivarsiin-ja-jalkoihin\/#breadcrumb\",\"itemListElement\":[{\"@type\":\"ListItem\",\"position\":1,\"name\":\"Hem\",\"item\":\"https:\/\/smartinthedark.com\/fi\/\"},{\"@type\":\"ListItem\",\"position\":2,\"name\":\"Verkkokauppa\",\"item\":\"https:\/\/smartinthedark.com\/fi\/verkkokauppa\/\"},{\"@type\":\"ListItem\",\"position\":3,\"name\":\"Heijastinnauha k\u00e4sivarsiin ja jalkoihin\"}]},{\"@type\":\"WebSite\",\"@id\":\"https:\/\/smartinthedark.com\/fi\/#website\",\"url\":\"https:\/\/smartinthedark.com\/fi\/\",\"name\":\"Smart In The Dark\",\"description\":\"\",\"potentialAction\":[{\"@type\":\"SearchAction\",\"target\":{\"@type\":\"EntryPoint\",\"urlTemplate\":\"https:\/\/smartinthedark.com\/fi\/?s={search_term_string}\"},\"query-input\":{\"@type\":\"PropertyValueSpecification\",\"valueRequired\":true,\"valueName\":\"search_term_string\"}}],\"inLanguage\":\"fi\"}]}<\/script>\n<!-- \/ Yoast SEO plugin. -->","yoast_head_json":{"title":"Heijastinnauha k\u00e4sivarsiin ja jalkoihin - Smart In The Dark","description":"T\u00e4ll\u00e4 heijastinnauhalla her\u00e4t\u00e4t huomiota kaupungin kaduilla. Kaunis asuste, joka sopii sek\u00e4 k\u00e4sivarsien ett\u00e4 jalkojen ymp\u00e4rille.","robots":{"index":"index","follow":"follow","max-snippet":"max-snippet:-1","max-image-preview":"max-image-preview:large","max-video-preview":"max-video-preview:-1"},"canonical":"https:\/\/smartinthedark.com\/fi\/produkt\/heijastinnauha-kasivarsiin-ja-jalkoihin\/","og_locale":"fi_FI","og_type":"article","og_title":"Heijastinnauha k\u00e4sivarsiin ja jalkoihin - Smart In The Dark","og_description":"T\u00e4ll\u00e4 heijastinnauhalla her\u00e4t\u00e4t huomiota kaupungin kaduilla. Kaunis asuste, joka sopii sek\u00e4 k\u00e4sivarsien ett\u00e4 jalkojen ymp\u00e4rille.","og_url":"https:\/\/smartinthedark.com\/fi\/produkt\/heijastinnauha-kasivarsiin-ja-jalkoihin\/","og_site_name":"Smart In The Dark","article_publisher":"https:\/\/www.facebook.com\/smartinthedark\/","article_modified_time":"2026-03-04T07:52:29+00:00","og_image":[{"width":500,"height":500,"url":"https:\/\/smartinthedark.com\/fi\/wp-content\/uploads\/sites\/8\/2019\/06\/REFLEX-TILL-ARM-500x500.jpg","type":"image\/jpeg"}],"twitter_card":"summary_large_image","twitter_misc":{"Est. reading time":"1 minute"},"schema":{"@context":"https:\/\/schema.org","@graph":[{"@type":"WebPage","@id":"https:\/\/smartinthedark.com\/fi\/produkt\/heijastinnauha-kasivarsiin-ja-jalkoihin\/","url":"https:\/\/smartinthedark.com\/fi\/produkt\/heijastinnauha-kasivarsiin-ja-jalkoihin\/","name":"Heijastinnauha k\u00e4sivarsiin ja jalkoihin - Smart In The Dark","isPartOf":{"@id":"https:\/\/smartinthedark.com\/fi\/#website"},"primaryImageOfPage":{"@id":"https:\/\/smartinthedark.com\/fi\/produkt\/heijastinnauha-kasivarsiin-ja-jalkoihin\/#primaryimage"},"image":{"@id":"https:\/\/smartinthedark.com\/fi\/produkt\/heijastinnauha-kasivarsiin-ja-jalkoihin\/#primaryimage"},"thumbnailUrl":"https:\/\/smartinthedark.com\/fi\/wp-content\/uploads\/sites\/8\/2019\/06\/REFLEX-TILL-ARM-500x500.jpg","datePublished":"2019-06-12T12:23:14+00:00","dateModified":"2026-03-04T07:52:29+00:00","description":"T\u00e4ll\u00e4 heijastinnauhalla her\u00e4t\u00e4t huomiota kaupungin kaduilla. Kaunis asuste, joka sopii sek\u00e4 k\u00e4sivarsien ett\u00e4 jalkojen ymp\u00e4rille.","breadcrumb":{"@id":"https:\/\/smartinthedark.com\/fi\/produkt\/heijastinnauha-kasivarsiin-ja-jalkoihin\/#breadcrumb"},"inLanguage":"fi","potentialAction":[{"@type":"ReadAction","target":["https:\/\/smartinthedark.com\/fi\/produkt\/heijastinnauha-kasivarsiin-ja-jalkoihin\/"]}]},{"@type":"ImageObject","inLanguage":"fi","@id":"https:\/\/smartinthedark.com\/fi\/produkt\/heijastinnauha-kasivarsiin-ja-jalkoihin\/#primaryimage","url":"https:\/\/smartinthedark.com\/fi\/wp-content\/uploads\/sites\/8\/2019\/06\/REFLEX-TILL-ARM-500x500.jpg","contentUrl":"https:\/\/smartinthedark.com\/fi\/wp-content\/uploads\/sites\/8\/2019\/06\/REFLEX-TILL-ARM-500x500.jpg","width":500,"height":500},{"@type":"BreadcrumbList","@id":"https:\/\/smartinthedark.com\/fi\/produkt\/heijastinnauha-kasivarsiin-ja-jalkoihin\/#breadcrumb","itemListElement":[{"@type":"ListItem","position":1,"name":"Hem","item":"https:\/\/smartinthedark.com\/fi\/"},{"@type":"ListItem","position":2,"name":"Verkkokauppa","item":"https:\/\/smartinthedark.com\/fi\/verkkokauppa\/"},{"@type":"ListItem","position":3,"name":"Heijastinnauha k\u00e4sivarsiin ja jalkoihin"}]},{"@type":"WebSite","@id":"https:\/\/smartinthedark.com\/fi\/#website","url":"https:\/\/smartinthedark.com\/fi\/","name":"Smart In The Dark","description":"","potentialAction":[{"@type":"SearchAction","target":{"@type":"EntryPoint","urlTemplate":"https:\/\/smartinthedark.com\/fi\/?s={search_term_string}"},"query-input":{"@type":"PropertyValueSpecification","valueRequired":true,"valueName":"search_term_string"}}],"inLanguage":"fi"}]}},"_links":{"self":[{"href":"https:\/\/smartinthedark.com\/fi\/wp-json\/wp\/v2\/product\/28","targetHints":{"allow":["GET"]}}],"collection":[{"href":"https:\/\/smartinthedark.com\/fi\/wp-json\/wp\/v2\/product"}],"about":[{"href":"https:\/\/smartinthedark.com\/fi\/wp-json\/wp\/v2\/types\/product"}],"replies":[{"embeddable":true,"href":"https:\/\/smartinthedark.com\/fi\/wp-json\/wp\/v2\/comments?post=28"}],"wp:featuredmedia":[{"embeddable":true,"href":"https:\/\/smartinthedark.com\/fi\/wp-json\/wp\/v2\/media\/109"}],"wp:attachment":[{"href":"https:\/\/smartinthedark.com\/fi\/wp-json\/wp\/v2\/media?parent=28"}],"wp:term":[{"taxonomy":"product_brand","embeddable":true,"href":"https:\/\/smartinthedark.com\/fi\/wp-json\/wp\/v2\/product_brand?post=28"},{"taxonomy":"product_cat","embeddable":true,"href":"https:\/\/smartinthedark.com\/fi\/wp-json\/wp\/v2\/product_cat?post=28"},{"taxonomy":"product_tag","embeddable":true,"href":"https:\/\/smartinthedark.com\/fi\/wp-json\/wp\/v2\/product_tag?post=28"}],"curies":[{"name":"wp","href":"https:\/\/api.w.org\/{rel}","templated":true}]}}