{"id":26,"date":"2019-06-12T14:23:13","date_gmt":"2019-06-12T12:23:13","guid":{"rendered":"https:\/\/smartinthedark.com\/produkt\/import-placeholder-for-22302\/"},"modified":"2026-02-02T10:22:12","modified_gmt":"2026-02-02T09:22:12","slug":"heijastin-jalkaan-suojaa-sinua-ja-housujasi","status":"publish","type":"product","link":"https:\/\/smartinthedark.com\/fi\/produkt\/heijastin-jalkaan-suojaa-sinua-ja-housujasi\/","title":{"rendered":"Heijastin jalkaan, suojaa sinua ja housujasi"},"content":{"rendered":"<p>T\u00e4m\u00e4 heijastin ei ainoastaan suojaa sinua pime\u00e4ll\u00e4, vaan suojaa my\u00f6s housujasi lialta. Sen leve\u00e4 heijastinkuvio heijastaa 360 astetta, ja n\u00e4kyy yli 125 metrin p\u00e4\u00e4h\u00e4n. Kiinnit\u00e4t sen helposti jalan ymp\u00e4ri tarranauhalla. Saatavilla viidess\u00e4 eri heijastinkuviossa Nordic Silver Collectionilta \u2013 Hilla, Punos, Tunturi, Revontulet tai Puolukka. Fiksu yksityiskohta sinulle, tai jollekulle, josta v\u00e4lit\u00e4t!<\/p>\n<p>\u2022 Kiinnitet\u00e4\u00e4n helposti tarranauhalla jalan ymp\u00e4rille<br \/>\n\u2022 S\u00e4\u00e4dett\u00e4v\u00e4 leveys 35-47 cm<br \/>\n\u2022 Tuotteen korkeus 18 cm<br \/>\n\u2022 Heijastinleveys 2&#215;4,2 cm<\/p>\n","protected":false},"excerpt":{"rendered":"<p>Heijastus myyd\u00e4\u00e4n kappaleelta<\/p>\n<p>T\u00e4m\u00e4 heijastin ei ainoastaan suojaa sinua pime\u00e4ll\u00e4, vaan suojaa my\u00f6s housujasi lialta. <b><u><a href=\"#beskrivning\">Lue lis\u00e4\u00e4<\/a><\/u><\/b><\/p>\n","protected":false},"featured_media":25296,"comment_status":"open","ping_status":"closed","template":"","meta":{"_trash_the_other_posts":false,"editor_notices":[]},"product_brand":[],"product_cat":[69],"product_tag":[],"class_list":{"0":"post-26","1":"product","2":"type-product","3":"status-publish","4":"has-post-thumbnail","6":"product_cat-reflex-lisavaruste","8":"first","9":"instock","10":"taxable","11":"shipping-taxable","12":"purchasable","13":"product-type-variable"},"yoast_head":"<!-- This site is optimized with the Yoast SEO plugin v25.9 - https:\/\/yoast.com\/wordpress\/plugins\/seo\/ -->\n<title>Heijastin jalkaan, suojaa sinua ja housujasi - Smart In The Dark<\/title>\n<meta name=\"description\" content=\"T\u00e4m\u00e4 heijastin ei ainoastaan suojaa sinua pime\u00e4ll\u00e4, vaan suojaa my\u00f6s housujasi lialta.\" \/>\n<meta name=\"robots\" content=\"index, follow, max-snippet:-1, max-image-preview:large, max-video-preview:-1\" \/>\n<link rel=\"canonical\" href=\"https:\/\/smartinthedark.com\/fi\/produkt\/heijastin-jalkaan-suojaa-sinua-ja-housujasi\/\" \/>\n<meta property=\"og:locale\" content=\"fi_FI\" \/>\n<meta property=\"og:type\" content=\"article\" \/>\n<meta property=\"og:title\" content=\"Heijastin jalkaan, suojaa sinua ja housujasi - Smart In The Dark\" \/>\n<meta property=\"og:description\" content=\"T\u00e4m\u00e4 heijastin ei ainoastaan suojaa sinua pime\u00e4ll\u00e4, vaan suojaa my\u00f6s housujasi lialta.\" \/>\n<meta property=\"og:url\" content=\"https:\/\/smartinthedark.com\/fi\/produkt\/heijastin-jalkaan-suojaa-sinua-ja-housujasi\/\" \/>\n<meta property=\"og:site_name\" content=\"Smart In The Dark\" \/>\n<meta property=\"article:publisher\" content=\"https:\/\/www.facebook.com\/smartinthedark\/\" \/>\n<meta property=\"article:modified_time\" content=\"2026-02-02T09:22:12+00:00\" \/>\n<meta property=\"og:image\" content=\"https:\/\/smartinthedark.com\/fi\/wp-content\/uploads\/sites\/8\/2019\/06\/benreflex-snygg-smart-in-the-dark.png\" \/>\n\t<meta property=\"og:image:width\" content=\"898\" \/>\n\t<meta property=\"og:image:height\" content=\"737\" \/>\n\t<meta property=\"og:image:type\" content=\"image\/png\" \/>\n<meta name=\"twitter:card\" content=\"summary_large_image\" \/>\n<script type=\"application\/ld+json\" class=\"yoast-schema-graph\">{\"@context\":\"https:\/\/schema.org\",\"@graph\":[{\"@type\":\"WebPage\",\"@id\":\"https:\/\/smartinthedark.com\/fi\/produkt\/heijastin-jalkaan-suojaa-sinua-ja-housujasi\/\",\"url\":\"https:\/\/smartinthedark.com\/fi\/produkt\/heijastin-jalkaan-suojaa-sinua-ja-housujasi\/\",\"name\":\"Heijastin jalkaan, suojaa sinua ja housujasi - Smart In The Dark\",\"isPartOf\":{\"@id\":\"https:\/\/smartinthedark.com\/fi\/#website\"},\"primaryImageOfPage\":{\"@id\":\"https:\/\/smartinthedark.com\/fi\/produkt\/heijastin-jalkaan-suojaa-sinua-ja-housujasi\/#primaryimage\"},\"image\":{\"@id\":\"https:\/\/smartinthedark.com\/fi\/produkt\/heijastin-jalkaan-suojaa-sinua-ja-housujasi\/#primaryimage\"},\"thumbnailUrl\":\"https:\/\/smartinthedark.com\/fi\/wp-content\/uploads\/sites\/8\/2019\/06\/benreflex-snygg-smart-in-the-dark.png\",\"datePublished\":\"2019-06-12T12:23:13+00:00\",\"dateModified\":\"2026-02-02T09:22:12+00:00\",\"description\":\"T\u00e4m\u00e4 heijastin ei ainoastaan suojaa sinua pime\u00e4ll\u00e4, vaan suojaa my\u00f6s housujasi lialta.\",\"breadcrumb\":{\"@id\":\"https:\/\/smartinthedark.com\/fi\/produkt\/heijastin-jalkaan-suojaa-sinua-ja-housujasi\/#breadcrumb\"},\"inLanguage\":\"fi\",\"potentialAction\":[{\"@type\":\"ReadAction\",\"target\":[\"https:\/\/smartinthedark.com\/fi\/produkt\/heijastin-jalkaan-suojaa-sinua-ja-housujasi\/\"]}]},{\"@type\":\"ImageObject\",\"inLanguage\":\"fi\",\"@id\":\"https:\/\/smartinthedark.com\/fi\/produkt\/heijastin-jalkaan-suojaa-sinua-ja-housujasi\/#primaryimage\",\"url\":\"https:\/\/smartinthedark.com\/fi\/wp-content\/uploads\/sites\/8\/2019\/06\/benreflex-snygg-smart-in-the-dark.png\",\"contentUrl\":\"https:\/\/smartinthedark.com\/fi\/wp-content\/uploads\/sites\/8\/2019\/06\/benreflex-snygg-smart-in-the-dark.png\",\"width\":898,\"height\":737},{\"@type\":\"BreadcrumbList\",\"@id\":\"https:\/\/smartinthedark.com\/fi\/produkt\/heijastin-jalkaan-suojaa-sinua-ja-housujasi\/#breadcrumb\",\"itemListElement\":[{\"@type\":\"ListItem\",\"position\":1,\"name\":\"Hem\",\"item\":\"https:\/\/smartinthedark.com\/fi\/\"},{\"@type\":\"ListItem\",\"position\":2,\"name\":\"Verkkokauppa\",\"item\":\"https:\/\/smartinthedark.com\/fi\/verkkokauppa\/\"},{\"@type\":\"ListItem\",\"position\":3,\"name\":\"Heijastin jalkaan, suojaa sinua ja housujasi\"}]},{\"@type\":\"WebSite\",\"@id\":\"https:\/\/smartinthedark.com\/fi\/#website\",\"url\":\"https:\/\/smartinthedark.com\/fi\/\",\"name\":\"Smart In The Dark\",\"description\":\"\",\"potentialAction\":[{\"@type\":\"SearchAction\",\"target\":{\"@type\":\"EntryPoint\",\"urlTemplate\":\"https:\/\/smartinthedark.com\/fi\/?s={search_term_string}\"},\"query-input\":{\"@type\":\"PropertyValueSpecification\",\"valueRequired\":true,\"valueName\":\"search_term_string\"}}],\"inLanguage\":\"fi\"}]}<\/script>\n<!-- \/ Yoast SEO plugin. -->","yoast_head_json":{"title":"Heijastin jalkaan, suojaa sinua ja housujasi - Smart In The Dark","description":"T\u00e4m\u00e4 heijastin ei ainoastaan suojaa sinua pime\u00e4ll\u00e4, vaan suojaa my\u00f6s housujasi lialta.","robots":{"index":"index","follow":"follow","max-snippet":"max-snippet:-1","max-image-preview":"max-image-preview:large","max-video-preview":"max-video-preview:-1"},"canonical":"https:\/\/smartinthedark.com\/fi\/produkt\/heijastin-jalkaan-suojaa-sinua-ja-housujasi\/","og_locale":"fi_FI","og_type":"article","og_title":"Heijastin jalkaan, suojaa sinua ja housujasi - Smart In The Dark","og_description":"T\u00e4m\u00e4 heijastin ei ainoastaan suojaa sinua pime\u00e4ll\u00e4, vaan suojaa my\u00f6s housujasi lialta.","og_url":"https:\/\/smartinthedark.com\/fi\/produkt\/heijastin-jalkaan-suojaa-sinua-ja-housujasi\/","og_site_name":"Smart In The Dark","article_publisher":"https:\/\/www.facebook.com\/smartinthedark\/","article_modified_time":"2026-02-02T09:22:12+00:00","og_image":[{"width":898,"height":737,"url":"https:\/\/smartinthedark.com\/fi\/wp-content\/uploads\/sites\/8\/2019\/06\/benreflex-snygg-smart-in-the-dark.png","type":"image\/png"}],"twitter_card":"summary_large_image","schema":{"@context":"https:\/\/schema.org","@graph":[{"@type":"WebPage","@id":"https:\/\/smartinthedark.com\/fi\/produkt\/heijastin-jalkaan-suojaa-sinua-ja-housujasi\/","url":"https:\/\/smartinthedark.com\/fi\/produkt\/heijastin-jalkaan-suojaa-sinua-ja-housujasi\/","name":"Heijastin jalkaan, suojaa sinua ja housujasi - Smart In The Dark","isPartOf":{"@id":"https:\/\/smartinthedark.com\/fi\/#website"},"primaryImageOfPage":{"@id":"https:\/\/smartinthedark.com\/fi\/produkt\/heijastin-jalkaan-suojaa-sinua-ja-housujasi\/#primaryimage"},"image":{"@id":"https:\/\/smartinthedark.com\/fi\/produkt\/heijastin-jalkaan-suojaa-sinua-ja-housujasi\/#primaryimage"},"thumbnailUrl":"https:\/\/smartinthedark.com\/fi\/wp-content\/uploads\/sites\/8\/2019\/06\/benreflex-snygg-smart-in-the-dark.png","datePublished":"2019-06-12T12:23:13+00:00","dateModified":"2026-02-02T09:22:12+00:00","description":"T\u00e4m\u00e4 heijastin ei ainoastaan suojaa sinua pime\u00e4ll\u00e4, vaan suojaa my\u00f6s housujasi lialta.","breadcrumb":{"@id":"https:\/\/smartinthedark.com\/fi\/produkt\/heijastin-jalkaan-suojaa-sinua-ja-housujasi\/#breadcrumb"},"inLanguage":"fi","potentialAction":[{"@type":"ReadAction","target":["https:\/\/smartinthedark.com\/fi\/produkt\/heijastin-jalkaan-suojaa-sinua-ja-housujasi\/"]}]},{"@type":"ImageObject","inLanguage":"fi","@id":"https:\/\/smartinthedark.com\/fi\/produkt\/heijastin-jalkaan-suojaa-sinua-ja-housujasi\/#primaryimage","url":"https:\/\/smartinthedark.com\/fi\/wp-content\/uploads\/sites\/8\/2019\/06\/benreflex-snygg-smart-in-the-dark.png","contentUrl":"https:\/\/smartinthedark.com\/fi\/wp-content\/uploads\/sites\/8\/2019\/06\/benreflex-snygg-smart-in-the-dark.png","width":898,"height":737},{"@type":"BreadcrumbList","@id":"https:\/\/smartinthedark.com\/fi\/produkt\/heijastin-jalkaan-suojaa-sinua-ja-housujasi\/#breadcrumb","itemListElement":[{"@type":"ListItem","position":1,"name":"Hem","item":"https:\/\/smartinthedark.com\/fi\/"},{"@type":"ListItem","position":2,"name":"Verkkokauppa","item":"https:\/\/smartinthedark.com\/fi\/verkkokauppa\/"},{"@type":"ListItem","position":3,"name":"Heijastin jalkaan, suojaa sinua ja housujasi"}]},{"@type":"WebSite","@id":"https:\/\/smartinthedark.com\/fi\/#website","url":"https:\/\/smartinthedark.com\/fi\/","name":"Smart In The Dark","description":"","potentialAction":[{"@type":"SearchAction","target":{"@type":"EntryPoint","urlTemplate":"https:\/\/smartinthedark.com\/fi\/?s={search_term_string}"},"query-input":{"@type":"PropertyValueSpecification","valueRequired":true,"valueName":"search_term_string"}}],"inLanguage":"fi"}]}},"_links":{"self":[{"href":"https:\/\/smartinthedark.com\/fi\/wp-json\/wp\/v2\/product\/26","targetHints":{"allow":["GET"]}}],"collection":[{"href":"https:\/\/smartinthedark.com\/fi\/wp-json\/wp\/v2\/product"}],"about":[{"href":"https:\/\/smartinthedark.com\/fi\/wp-json\/wp\/v2\/types\/product"}],"replies":[{"embeddable":true,"href":"https:\/\/smartinthedark.com\/fi\/wp-json\/wp\/v2\/comments?post=26"}],"wp:featuredmedia":[{"embeddable":true,"href":"https:\/\/smartinthedark.com\/fi\/wp-json\/wp\/v2\/media\/25296"}],"wp:attachment":[{"href":"https:\/\/smartinthedark.com\/fi\/wp-json\/wp\/v2\/media?parent=26"}],"wp:term":[{"taxonomy":"product_brand","embeddable":true,"href":"https:\/\/smartinthedark.com\/fi\/wp-json\/wp\/v2\/product_brand?post=26"},{"taxonomy":"product_cat","embeddable":true,"href":"https:\/\/smartinthedark.com\/fi\/wp-json\/wp\/v2\/product_cat?post=26"},{"taxonomy":"product_tag","embeddable":true,"href":"https:\/\/smartinthedark.com\/fi\/wp-json\/wp\/v2\/product_tag?post=26"}],"curies":[{"name":"wp","href":"https:\/\/api.w.org\/{rel}","templated":true}]}}