{"id":25382,"date":"2019-12-04T11:38:03","date_gmt":"2019-12-04T10:38:03","guid":{"rendered":"https:\/\/smartinthedark.com\/fi\/?post_type=product&#038;p=25382"},"modified":"2026-03-26T12:23:56","modified_gmt":"2026-03-26T11:23:56","slug":"tilava-laukku-heijastimella-ja-kaksoiskahvalla","status":"publish","type":"product","link":"https:\/\/smartinthedark.com\/fi\/produkt\/tilava-laukku-heijastimella-ja-kaksoiskahvalla\/","title":{"rendered":"Tilava laukku heijastimella ja kaksoiskahvalla"},"content":{"rendered":"<p>K\u00e4tev\u00e4 ja tilava laukku kaksoiskahvalla, jota voidaan pit\u00e4\u00e4 olalla, k\u00e4dess\u00e4 tai kyyn\u00e4rtaipeessa. Se on suunniteltu k\u00e4ytett\u00e4v\u00e4ksi treeneiss\u00e4, t\u00f6iss\u00e4 tai y\u00f6pymislaukkuna. Saat tilaa kenk\u00e4parille, vaatekerrastolle ja toilettilaukulle. Laukku on vuorattu, siin\u00e4 on tasku sis\u00e4puolella ja vetoketju p\u00e4\u00e4ll\u00e4. Sen sis\u00e4puolella on solki avaimien kiinnitt\u00e4miseen. T\u00e4ydellinen meille kaikille, jotka aina kaivamme avaimia taskusta. Heijastin kulkee ymp\u00e4ri laukun, joten n\u00e4yt joka suuntaan. Laukku on musta ja saatavana viidell\u00e4 eri Pohjolan inspiroimalla heijastinkuviolla \u2013 Hilla, Palmikko, Tunturi, Revontulet ja Puolukka. Koska laukku levenee alhaalta ja kapenee ylh\u00e4\u00e4lt\u00e4, se tuntuu mukavalta, vaikka siihen mahtuukin paljon.<\/p>\n<p>\u2022 Vett\u00e4 hylkiv\u00e4 laukku polyesterist\u00e4 vuoratulla sis\u00e4osalla<br \/>\n\u2022 Vetoketjutasku sis\u00e4puolella ja kaksi lis\u00e4taskua<br \/>\n\u2022 Vetoketju p\u00e4\u00e4ll\u00e4<br \/>\n\u2022 Korkeus 38 cm<br \/>\n\u2022 Leveys 44 x 12 cm alhaalta ja 40 x 8 cm ylh\u00e4\u00e4lt\u00e4<br \/>\n\u2022 Heijastimen leveys 4,2 cm ymp\u00e4ri laukun<\/p>\n","protected":false},"excerpt":{"rendered":"<p>K\u00e4tev\u00e4 ja tilava laukku kaksoiskahvalla, jota voidaan pit\u00e4\u00e4 olalla, k\u00e4dess\u00e4 tai kyyn\u00e4rtaipeessa. <b><u><a href=\"#beskrivning\">Lue lis\u00e4\u00e4<\/a><\/u><\/b><\/p>\n","protected":false},"featured_media":25385,"comment_status":"open","ping_status":"closed","template":"","meta":{"_trash_the_other_posts":false,"editor_notices":[]},"product_brand":[],"product_cat":[70],"product_tag":[],"class_list":{"0":"post-25382","1":"product","2":"type-product","3":"status-publish","4":"has-post-thumbnail","6":"product_cat-reflex-laukku","8":"first","9":"outofstock","10":"taxable","11":"shipping-taxable","12":"purchasable","13":"product-type-variable","14":"has-default-attributes"},"yoast_head":"<!-- This site is optimized with the Yoast SEO plugin v25.9 - https:\/\/yoast.com\/wordpress\/plugins\/seo\/ -->\n<title>Tilava laukku heijastimella ja kaksoiskahvalla - Smart In The Dark<\/title>\n<meta name=\"robots\" content=\"index, follow, max-snippet:-1, max-image-preview:large, max-video-preview:-1\" \/>\n<link rel=\"canonical\" href=\"https:\/\/smartinthedark.com\/fi\/produkt\/tilava-laukku-heijastimella-ja-kaksoiskahvalla\/\" \/>\n<meta property=\"og:locale\" content=\"fi_FI\" \/>\n<meta property=\"og:type\" content=\"article\" \/>\n<meta property=\"og:title\" content=\"Tilava laukku heijastimella ja kaksoiskahvalla - Smart In The Dark\" \/>\n<meta property=\"og:description\" content=\"K\u00e4tev\u00e4 ja tilava laukku kaksoiskahvalla, jota voidaan pit\u00e4\u00e4 olalla, k\u00e4dess\u00e4 tai kyyn\u00e4rtaipeessa. Lue lis\u00e4\u00e4\" \/>\n<meta property=\"og:url\" content=\"https:\/\/smartinthedark.com\/fi\/produkt\/tilava-laukku-heijastimella-ja-kaksoiskahvalla\/\" \/>\n<meta property=\"og:site_name\" content=\"Smart In The Dark\" \/>\n<meta property=\"article:publisher\" content=\"https:\/\/www.facebook.com\/smartinthedark\/\" \/>\n<meta property=\"article:modified_time\" content=\"2026-03-26T11:23:56+00:00\" \/>\n<meta property=\"og:image\" content=\"https:\/\/smartinthedark.com\/fi\/wp-content\/uploads\/sites\/8\/2019\/12\/Rymlig-v\u00e4ska-med-reflex-med-dubbla-hantag-Smart-in-the-dark.png\" \/>\n\t<meta property=\"og:image:width\" content=\"993\" \/>\n\t<meta property=\"og:image:height\" content=\"1098\" \/>\n\t<meta property=\"og:image:type\" content=\"image\/png\" \/>\n<meta name=\"twitter:card\" content=\"summary_large_image\" \/>\n<meta name=\"twitter:label1\" content=\"Est. reading time\" \/>\n\t<meta name=\"twitter:data1\" content=\"1 minute\" \/>\n<script type=\"application\/ld+json\" class=\"yoast-schema-graph\">{\"@context\":\"https:\/\/schema.org\",\"@graph\":[{\"@type\":\"WebPage\",\"@id\":\"https:\/\/smartinthedark.com\/fi\/produkt\/tilava-laukku-heijastimella-ja-kaksoiskahvalla\/\",\"url\":\"https:\/\/smartinthedark.com\/fi\/produkt\/tilava-laukku-heijastimella-ja-kaksoiskahvalla\/\",\"name\":\"Tilava laukku heijastimella ja kaksoiskahvalla - Smart In The Dark\",\"isPartOf\":{\"@id\":\"https:\/\/smartinthedark.com\/fi\/#website\"},\"primaryImageOfPage\":{\"@id\":\"https:\/\/smartinthedark.com\/fi\/produkt\/tilava-laukku-heijastimella-ja-kaksoiskahvalla\/#primaryimage\"},\"image\":{\"@id\":\"https:\/\/smartinthedark.com\/fi\/produkt\/tilava-laukku-heijastimella-ja-kaksoiskahvalla\/#primaryimage\"},\"thumbnailUrl\":\"https:\/\/smartinthedark.com\/fi\/wp-content\/uploads\/sites\/8\/2019\/12\/Rymlig-v\u00e4ska-med-reflex-med-dubbla-hantag-Smart-in-the-dark.png\",\"datePublished\":\"2019-12-04T10:38:03+00:00\",\"dateModified\":\"2026-03-26T11:23:56+00:00\",\"breadcrumb\":{\"@id\":\"https:\/\/smartinthedark.com\/fi\/produkt\/tilava-laukku-heijastimella-ja-kaksoiskahvalla\/#breadcrumb\"},\"inLanguage\":\"fi\",\"potentialAction\":[{\"@type\":\"ReadAction\",\"target\":[\"https:\/\/smartinthedark.com\/fi\/produkt\/tilava-laukku-heijastimella-ja-kaksoiskahvalla\/\"]}]},{\"@type\":\"ImageObject\",\"inLanguage\":\"fi\",\"@id\":\"https:\/\/smartinthedark.com\/fi\/produkt\/tilava-laukku-heijastimella-ja-kaksoiskahvalla\/#primaryimage\",\"url\":\"https:\/\/smartinthedark.com\/fi\/wp-content\/uploads\/sites\/8\/2019\/12\/Rymlig-v\u00e4ska-med-reflex-med-dubbla-hantag-Smart-in-the-dark.png\",\"contentUrl\":\"https:\/\/smartinthedark.com\/fi\/wp-content\/uploads\/sites\/8\/2019\/12\/Rymlig-v\u00e4ska-med-reflex-med-dubbla-hantag-Smart-in-the-dark.png\",\"width\":993,\"height\":1098},{\"@type\":\"BreadcrumbList\",\"@id\":\"https:\/\/smartinthedark.com\/fi\/produkt\/tilava-laukku-heijastimella-ja-kaksoiskahvalla\/#breadcrumb\",\"itemListElement\":[{\"@type\":\"ListItem\",\"position\":1,\"name\":\"Hem\",\"item\":\"https:\/\/smartinthedark.com\/fi\/\"},{\"@type\":\"ListItem\",\"position\":2,\"name\":\"Verkkokauppa\",\"item\":\"https:\/\/smartinthedark.com\/fi\/verkkokauppa\/\"},{\"@type\":\"ListItem\",\"position\":3,\"name\":\"Tilava laukku heijastimella ja kaksoiskahvalla\"}]},{\"@type\":\"WebSite\",\"@id\":\"https:\/\/smartinthedark.com\/fi\/#website\",\"url\":\"https:\/\/smartinthedark.com\/fi\/\",\"name\":\"Smart In The Dark\",\"description\":\"\",\"potentialAction\":[{\"@type\":\"SearchAction\",\"target\":{\"@type\":\"EntryPoint\",\"urlTemplate\":\"https:\/\/smartinthedark.com\/fi\/?s={search_term_string}\"},\"query-input\":{\"@type\":\"PropertyValueSpecification\",\"valueRequired\":true,\"valueName\":\"search_term_string\"}}],\"inLanguage\":\"fi\"}]}<\/script>\n<!-- \/ Yoast SEO plugin. -->","yoast_head_json":{"title":"Tilava laukku heijastimella ja kaksoiskahvalla - Smart In The Dark","robots":{"index":"index","follow":"follow","max-snippet":"max-snippet:-1","max-image-preview":"max-image-preview:large","max-video-preview":"max-video-preview:-1"},"canonical":"https:\/\/smartinthedark.com\/fi\/produkt\/tilava-laukku-heijastimella-ja-kaksoiskahvalla\/","og_locale":"fi_FI","og_type":"article","og_title":"Tilava laukku heijastimella ja kaksoiskahvalla - Smart In The Dark","og_description":"K\u00e4tev\u00e4 ja tilava laukku kaksoiskahvalla, jota voidaan pit\u00e4\u00e4 olalla, k\u00e4dess\u00e4 tai kyyn\u00e4rtaipeessa. Lue lis\u00e4\u00e4","og_url":"https:\/\/smartinthedark.com\/fi\/produkt\/tilava-laukku-heijastimella-ja-kaksoiskahvalla\/","og_site_name":"Smart In The Dark","article_publisher":"https:\/\/www.facebook.com\/smartinthedark\/","article_modified_time":"2026-03-26T11:23:56+00:00","og_image":[{"width":993,"height":1098,"url":"https:\/\/smartinthedark.com\/fi\/wp-content\/uploads\/sites\/8\/2019\/12\/Rymlig-v\u00e4ska-med-reflex-med-dubbla-hantag-Smart-in-the-dark.png","type":"image\/png"}],"twitter_card":"summary_large_image","twitter_misc":{"Est. reading time":"1 minute"},"schema":{"@context":"https:\/\/schema.org","@graph":[{"@type":"WebPage","@id":"https:\/\/smartinthedark.com\/fi\/produkt\/tilava-laukku-heijastimella-ja-kaksoiskahvalla\/","url":"https:\/\/smartinthedark.com\/fi\/produkt\/tilava-laukku-heijastimella-ja-kaksoiskahvalla\/","name":"Tilava laukku heijastimella ja kaksoiskahvalla - Smart In The Dark","isPartOf":{"@id":"https:\/\/smartinthedark.com\/fi\/#website"},"primaryImageOfPage":{"@id":"https:\/\/smartinthedark.com\/fi\/produkt\/tilava-laukku-heijastimella-ja-kaksoiskahvalla\/#primaryimage"},"image":{"@id":"https:\/\/smartinthedark.com\/fi\/produkt\/tilava-laukku-heijastimella-ja-kaksoiskahvalla\/#primaryimage"},"thumbnailUrl":"https:\/\/smartinthedark.com\/fi\/wp-content\/uploads\/sites\/8\/2019\/12\/Rymlig-v\u00e4ska-med-reflex-med-dubbla-hantag-Smart-in-the-dark.png","datePublished":"2019-12-04T10:38:03+00:00","dateModified":"2026-03-26T11:23:56+00:00","breadcrumb":{"@id":"https:\/\/smartinthedark.com\/fi\/produkt\/tilava-laukku-heijastimella-ja-kaksoiskahvalla\/#breadcrumb"},"inLanguage":"fi","potentialAction":[{"@type":"ReadAction","target":["https:\/\/smartinthedark.com\/fi\/produkt\/tilava-laukku-heijastimella-ja-kaksoiskahvalla\/"]}]},{"@type":"ImageObject","inLanguage":"fi","@id":"https:\/\/smartinthedark.com\/fi\/produkt\/tilava-laukku-heijastimella-ja-kaksoiskahvalla\/#primaryimage","url":"https:\/\/smartinthedark.com\/fi\/wp-content\/uploads\/sites\/8\/2019\/12\/Rymlig-v\u00e4ska-med-reflex-med-dubbla-hantag-Smart-in-the-dark.png","contentUrl":"https:\/\/smartinthedark.com\/fi\/wp-content\/uploads\/sites\/8\/2019\/12\/Rymlig-v\u00e4ska-med-reflex-med-dubbla-hantag-Smart-in-the-dark.png","width":993,"height":1098},{"@type":"BreadcrumbList","@id":"https:\/\/smartinthedark.com\/fi\/produkt\/tilava-laukku-heijastimella-ja-kaksoiskahvalla\/#breadcrumb","itemListElement":[{"@type":"ListItem","position":1,"name":"Hem","item":"https:\/\/smartinthedark.com\/fi\/"},{"@type":"ListItem","position":2,"name":"Verkkokauppa","item":"https:\/\/smartinthedark.com\/fi\/verkkokauppa\/"},{"@type":"ListItem","position":3,"name":"Tilava laukku heijastimella ja kaksoiskahvalla"}]},{"@type":"WebSite","@id":"https:\/\/smartinthedark.com\/fi\/#website","url":"https:\/\/smartinthedark.com\/fi\/","name":"Smart In The Dark","description":"","potentialAction":[{"@type":"SearchAction","target":{"@type":"EntryPoint","urlTemplate":"https:\/\/smartinthedark.com\/fi\/?s={search_term_string}"},"query-input":{"@type":"PropertyValueSpecification","valueRequired":true,"valueName":"search_term_string"}}],"inLanguage":"fi"}]}},"_links":{"self":[{"href":"https:\/\/smartinthedark.com\/fi\/wp-json\/wp\/v2\/product\/25382","targetHints":{"allow":["GET"]}}],"collection":[{"href":"https:\/\/smartinthedark.com\/fi\/wp-json\/wp\/v2\/product"}],"about":[{"href":"https:\/\/smartinthedark.com\/fi\/wp-json\/wp\/v2\/types\/product"}],"replies":[{"embeddable":true,"href":"https:\/\/smartinthedark.com\/fi\/wp-json\/wp\/v2\/comments?post=25382"}],"wp:featuredmedia":[{"embeddable":true,"href":"https:\/\/smartinthedark.com\/fi\/wp-json\/wp\/v2\/media\/25385"}],"wp:attachment":[{"href":"https:\/\/smartinthedark.com\/fi\/wp-json\/wp\/v2\/media?parent=25382"}],"wp:term":[{"taxonomy":"product_brand","embeddable":true,"href":"https:\/\/smartinthedark.com\/fi\/wp-json\/wp\/v2\/product_brand?post=25382"},{"taxonomy":"product_cat","embeddable":true,"href":"https:\/\/smartinthedark.com\/fi\/wp-json\/wp\/v2\/product_cat?post=25382"},{"taxonomy":"product_tag","embeddable":true,"href":"https:\/\/smartinthedark.com\/fi\/wp-json\/wp\/v2\/product_tag?post=25382"}],"curies":[{"name":"wp","href":"https:\/\/api.w.org\/{rel}","templated":true}]}}