{"id":25304,"date":"2019-12-04T10:34:33","date_gmt":"2019-12-04T09:34:33","guid":{"rendered":"https:\/\/smartinthedark.com\/fi\/?post_type=product&#038;p=25304"},"modified":"2026-03-10T11:24:07","modified_gmt":"2026-03-10T10:24:07","slug":"refleksi-otsanauhat","status":"publish","type":"product","link":"https:\/\/smartinthedark.com\/fi\/produkt\/refleksi-otsanauhat\/","title":{"rendered":"Refleksi Otsanauhat"},"content":{"rendered":"<p>Heijastinpannan ansiosta on helppo pukeutua l\u00e4mpim\u00e4sti ja n\u00e4kyv\u00e4sti kun kylm\u00e4 saapuu. Heijastinpantaa on k\u00e4tev\u00e4 k\u00e4ytt\u00e4\u00e4 k\u00e4velyll\u00e4 tai juoksulenkill\u00e4, sek\u00e4 ollessasi liikenteen parissa kaupungissa, maaseudulla tai asuinalueella. Otsanauha on varustettu sen ymp\u00e4ri kulkevalla heijastimella, joten n\u00e4yt 360 astetta ja kaikista suunnista. Sit\u00e4 on saatavilla Nordic Silver Collectionin kolmella kuviolla \u2013 Puolukka, Revontulet tai Puolukka. Huolehdi, ett\u00e4 n\u00e4yt kun h\u00e4m\u00e4r\u00e4 ja pime\u00e4 saapuvat. Heijastimiemme ansiosta n\u00e4yt yli 125 metrin p\u00e4\u00e4h\u00e4n. Ne on valmistettu 3M Schotclitesta, joka on yksi markkinoiden turvallisimmista ja parhaimmista heijastinmateriaaleista.<\/p>\n<p>\u2022 Saatavana kahdessa koossa: S-M (56-58 cm) ja L-XL (58-60 cm)<br \/>\n\u2022 Kaksinkertainen puuvillajersey<br \/>\n\u2022 Kaunis joustava materiaali<br \/>\n\u2022 Heijastimen leveys 3,5 cm<\/p>\n","protected":false},"excerpt":{"rendered":"<p>Heijastinpannan ansiosta on helppo pukeutua l\u00e4mpim\u00e4sti ja n\u00e4kyv\u00e4sti kun kylm\u00e4 saapuu. <b><u><a href=\"#beskrivning\">Lue lis\u00e4\u00e4<\/a><\/u><\/b><\/p>\n","protected":false},"featured_media":24702,"comment_status":"open","ping_status":"closed","template":"","meta":{"_trash_the_other_posts":false,"editor_notices":[]},"product_brand":[],"product_cat":[68],"product_tag":[],"class_list":{"0":"post-25304","1":"product","2":"type-product","3":"status-publish","4":"has-post-thumbnail","6":"product_cat-reflex-hattu-ja-paapanta","8":"first","9":"instock","10":"taxable","11":"shipping-taxable","12":"purchasable","13":"product-type-variable","14":"has-default-attributes"},"yoast_head":"<!-- This site is optimized with the Yoast SEO plugin v25.9 - https:\/\/yoast.com\/wordpress\/plugins\/seo\/ -->\n<title>Refleksi Otsanauhat - Smart In The Dark<\/title>\n<meta name=\"robots\" content=\"index, follow, max-snippet:-1, max-image-preview:large, max-video-preview:-1\" \/>\n<link rel=\"canonical\" href=\"https:\/\/smartinthedark.com\/fi\/produkt\/refleksi-otsanauhat\/\" \/>\n<meta property=\"og:locale\" content=\"fi_FI\" \/>\n<meta property=\"og:type\" content=\"article\" \/>\n<meta property=\"og:title\" content=\"Refleksi Otsanauhat - Smart In The Dark\" \/>\n<meta property=\"og:description\" content=\"Heijastinpannan ansiosta on helppo pukeutua l\u00e4mpim\u00e4sti ja n\u00e4kyv\u00e4sti kun kylm\u00e4 saapuu. Lue lis\u00e4\u00e4\" \/>\n<meta property=\"og:url\" content=\"https:\/\/smartinthedark.com\/fi\/produkt\/refleksi-otsanauhat\/\" \/>\n<meta property=\"og:site_name\" content=\"Smart In The Dark\" \/>\n<meta property=\"article:publisher\" content=\"https:\/\/www.facebook.com\/smartinthedark\/\" \/>\n<meta property=\"article:modified_time\" content=\"2026-03-10T10:24:07+00:00\" \/>\n<meta property=\"og:image\" content=\"https:\/\/smartinthedark.com\/fi\/wp-content\/uploads\/sites\/8\/2019\/11\/Snyggt-Reflexpannband-Smart-in-the-dark.png\" \/>\n\t<meta property=\"og:image:width\" content=\"1141\" \/>\n\t<meta property=\"og:image:height\" content=\"1240\" \/>\n\t<meta property=\"og:image:type\" content=\"image\/png\" \/>\n<meta name=\"twitter:card\" content=\"summary_large_image\" \/>\n<meta name=\"twitter:label1\" content=\"Est. reading time\" \/>\n\t<meta name=\"twitter:data1\" content=\"1 minute\" \/>\n<script type=\"application\/ld+json\" class=\"yoast-schema-graph\">{\"@context\":\"https:\/\/schema.org\",\"@graph\":[{\"@type\":\"WebPage\",\"@id\":\"https:\/\/smartinthedark.com\/fi\/produkt\/refleksi-otsanauhat\/\",\"url\":\"https:\/\/smartinthedark.com\/fi\/produkt\/refleksi-otsanauhat\/\",\"name\":\"Refleksi Otsanauhat - Smart In The Dark\",\"isPartOf\":{\"@id\":\"https:\/\/smartinthedark.com\/fi\/#website\"},\"primaryImageOfPage\":{\"@id\":\"https:\/\/smartinthedark.com\/fi\/produkt\/refleksi-otsanauhat\/#primaryimage\"},\"image\":{\"@id\":\"https:\/\/smartinthedark.com\/fi\/produkt\/refleksi-otsanauhat\/#primaryimage\"},\"thumbnailUrl\":\"https:\/\/smartinthedark.com\/fi\/wp-content\/uploads\/sites\/8\/2019\/11\/Snyggt-Reflexpannband-Smart-in-the-dark.png\",\"datePublished\":\"2019-12-04T09:34:33+00:00\",\"dateModified\":\"2026-03-10T10:24:07+00:00\",\"breadcrumb\":{\"@id\":\"https:\/\/smartinthedark.com\/fi\/produkt\/refleksi-otsanauhat\/#breadcrumb\"},\"inLanguage\":\"fi\",\"potentialAction\":[{\"@type\":\"ReadAction\",\"target\":[\"https:\/\/smartinthedark.com\/fi\/produkt\/refleksi-otsanauhat\/\"]}]},{\"@type\":\"ImageObject\",\"inLanguage\":\"fi\",\"@id\":\"https:\/\/smartinthedark.com\/fi\/produkt\/refleksi-otsanauhat\/#primaryimage\",\"url\":\"https:\/\/smartinthedark.com\/fi\/wp-content\/uploads\/sites\/8\/2019\/11\/Snyggt-Reflexpannband-Smart-in-the-dark.png\",\"contentUrl\":\"https:\/\/smartinthedark.com\/fi\/wp-content\/uploads\/sites\/8\/2019\/11\/Snyggt-Reflexpannband-Smart-in-the-dark.png\",\"width\":1141,\"height\":1240},{\"@type\":\"BreadcrumbList\",\"@id\":\"https:\/\/smartinthedark.com\/fi\/produkt\/refleksi-otsanauhat\/#breadcrumb\",\"itemListElement\":[{\"@type\":\"ListItem\",\"position\":1,\"name\":\"Hem\",\"item\":\"https:\/\/smartinthedark.com\/fi\/\"},{\"@type\":\"ListItem\",\"position\":2,\"name\":\"Verkkokauppa\",\"item\":\"https:\/\/smartinthedark.com\/fi\/verkkokauppa\/\"},{\"@type\":\"ListItem\",\"position\":3,\"name\":\"Refleksi Otsanauhat\"}]},{\"@type\":\"WebSite\",\"@id\":\"https:\/\/smartinthedark.com\/fi\/#website\",\"url\":\"https:\/\/smartinthedark.com\/fi\/\",\"name\":\"Smart In The Dark\",\"description\":\"\",\"potentialAction\":[{\"@type\":\"SearchAction\",\"target\":{\"@type\":\"EntryPoint\",\"urlTemplate\":\"https:\/\/smartinthedark.com\/fi\/?s={search_term_string}\"},\"query-input\":{\"@type\":\"PropertyValueSpecification\",\"valueRequired\":true,\"valueName\":\"search_term_string\"}}],\"inLanguage\":\"fi\"}]}<\/script>\n<!-- \/ Yoast SEO plugin. -->","yoast_head_json":{"title":"Refleksi Otsanauhat - Smart In The Dark","robots":{"index":"index","follow":"follow","max-snippet":"max-snippet:-1","max-image-preview":"max-image-preview:large","max-video-preview":"max-video-preview:-1"},"canonical":"https:\/\/smartinthedark.com\/fi\/produkt\/refleksi-otsanauhat\/","og_locale":"fi_FI","og_type":"article","og_title":"Refleksi Otsanauhat - Smart In The Dark","og_description":"Heijastinpannan ansiosta on helppo pukeutua l\u00e4mpim\u00e4sti ja n\u00e4kyv\u00e4sti kun kylm\u00e4 saapuu. Lue lis\u00e4\u00e4","og_url":"https:\/\/smartinthedark.com\/fi\/produkt\/refleksi-otsanauhat\/","og_site_name":"Smart In The Dark","article_publisher":"https:\/\/www.facebook.com\/smartinthedark\/","article_modified_time":"2026-03-10T10:24:07+00:00","og_image":[{"width":1141,"height":1240,"url":"https:\/\/smartinthedark.com\/fi\/wp-content\/uploads\/sites\/8\/2019\/11\/Snyggt-Reflexpannband-Smart-in-the-dark.png","type":"image\/png"}],"twitter_card":"summary_large_image","twitter_misc":{"Est. reading time":"1 minute"},"schema":{"@context":"https:\/\/schema.org","@graph":[{"@type":"WebPage","@id":"https:\/\/smartinthedark.com\/fi\/produkt\/refleksi-otsanauhat\/","url":"https:\/\/smartinthedark.com\/fi\/produkt\/refleksi-otsanauhat\/","name":"Refleksi Otsanauhat - Smart In The Dark","isPartOf":{"@id":"https:\/\/smartinthedark.com\/fi\/#website"},"primaryImageOfPage":{"@id":"https:\/\/smartinthedark.com\/fi\/produkt\/refleksi-otsanauhat\/#primaryimage"},"image":{"@id":"https:\/\/smartinthedark.com\/fi\/produkt\/refleksi-otsanauhat\/#primaryimage"},"thumbnailUrl":"https:\/\/smartinthedark.com\/fi\/wp-content\/uploads\/sites\/8\/2019\/11\/Snyggt-Reflexpannband-Smart-in-the-dark.png","datePublished":"2019-12-04T09:34:33+00:00","dateModified":"2026-03-10T10:24:07+00:00","breadcrumb":{"@id":"https:\/\/smartinthedark.com\/fi\/produkt\/refleksi-otsanauhat\/#breadcrumb"},"inLanguage":"fi","potentialAction":[{"@type":"ReadAction","target":["https:\/\/smartinthedark.com\/fi\/produkt\/refleksi-otsanauhat\/"]}]},{"@type":"ImageObject","inLanguage":"fi","@id":"https:\/\/smartinthedark.com\/fi\/produkt\/refleksi-otsanauhat\/#primaryimage","url":"https:\/\/smartinthedark.com\/fi\/wp-content\/uploads\/sites\/8\/2019\/11\/Snyggt-Reflexpannband-Smart-in-the-dark.png","contentUrl":"https:\/\/smartinthedark.com\/fi\/wp-content\/uploads\/sites\/8\/2019\/11\/Snyggt-Reflexpannband-Smart-in-the-dark.png","width":1141,"height":1240},{"@type":"BreadcrumbList","@id":"https:\/\/smartinthedark.com\/fi\/produkt\/refleksi-otsanauhat\/#breadcrumb","itemListElement":[{"@type":"ListItem","position":1,"name":"Hem","item":"https:\/\/smartinthedark.com\/fi\/"},{"@type":"ListItem","position":2,"name":"Verkkokauppa","item":"https:\/\/smartinthedark.com\/fi\/verkkokauppa\/"},{"@type":"ListItem","position":3,"name":"Refleksi Otsanauhat"}]},{"@type":"WebSite","@id":"https:\/\/smartinthedark.com\/fi\/#website","url":"https:\/\/smartinthedark.com\/fi\/","name":"Smart In The Dark","description":"","potentialAction":[{"@type":"SearchAction","target":{"@type":"EntryPoint","urlTemplate":"https:\/\/smartinthedark.com\/fi\/?s={search_term_string}"},"query-input":{"@type":"PropertyValueSpecification","valueRequired":true,"valueName":"search_term_string"}}],"inLanguage":"fi"}]}},"_links":{"self":[{"href":"https:\/\/smartinthedark.com\/fi\/wp-json\/wp\/v2\/product\/25304","targetHints":{"allow":["GET"]}}],"collection":[{"href":"https:\/\/smartinthedark.com\/fi\/wp-json\/wp\/v2\/product"}],"about":[{"href":"https:\/\/smartinthedark.com\/fi\/wp-json\/wp\/v2\/types\/product"}],"replies":[{"embeddable":true,"href":"https:\/\/smartinthedark.com\/fi\/wp-json\/wp\/v2\/comments?post=25304"}],"wp:featuredmedia":[{"embeddable":true,"href":"https:\/\/smartinthedark.com\/fi\/wp-json\/wp\/v2\/media\/24702"}],"wp:attachment":[{"href":"https:\/\/smartinthedark.com\/fi\/wp-json\/wp\/v2\/media?parent=25304"}],"wp:term":[{"taxonomy":"product_brand","embeddable":true,"href":"https:\/\/smartinthedark.com\/fi\/wp-json\/wp\/v2\/product_brand?post=25304"},{"taxonomy":"product_cat","embeddable":true,"href":"https:\/\/smartinthedark.com\/fi\/wp-json\/wp\/v2\/product_cat?post=25304"},{"taxonomy":"product_tag","embeddable":true,"href":"https:\/\/smartinthedark.com\/fi\/wp-json\/wp\/v2\/product_tag?post=25304"}],"curies":[{"name":"wp","href":"https:\/\/api.w.org\/{rel}","templated":true}]}}