{"id":25,"date":"2019-06-12T14:23:12","date_gmt":"2019-06-12T12:23:12","guid":{"rendered":"https:\/\/smartinthedark.com\/produkt\/import-placeholder-for-22301\/"},"modified":"2026-03-25T12:53:09","modified_gmt":"2026-03-25T11:53:09","slug":"kateva-heijastinasuste-tarkean-asian-eteen","status":"publish","type":"product","link":"https:\/\/smartinthedark.com\/fi\/produkt\/kateva-heijastinasuste-tarkean-asian-eteen\/","title":{"rendered":"K\u00e4tev\u00e4 heijastinasuste t\u00e4rke\u00e4n asian eteen"},"content":{"rendered":"<p>T\u00e4m\u00e4 pieni heijastinasuste voi tehd\u00e4 suuren eron pime\u00e4ss\u00e4. Se on suunniteltu sopimaan t\u00e4ydellisesti k\u00e4silaukkuun, matkalaukkuun, lastenvaunuun ja py\u00f6r\u00e4\u00e4n. Ja se asetetaan helposti s\u00e4\u00e4dett\u00e4v\u00e4ll\u00e4 tarranauhalla. Heijastinnauha heijastaa 360 astetta, ja n\u00e4yt sen ansiosta yli 125 metrin p\u00e4\u00e4h\u00e4n. Saatavilla Pohjolan inspiroimissa kuvioissa \u2013 Hilla, Punos, Tunturi, Revontulet ja Puolukka. Joten valitse suosikkisi heijastinkuvioista, ja kanna heijastinta ylpeydell\u00e4. Se sulautuu tyyliin sek\u00e4 erottuu!<\/p>\n<p>\u2022 Kiinnitet\u00e4\u00e4n helposti tarranauhalla<br \/>\n\u2022 Ymp\u00e4rys s\u00e4\u00e4dett\u00e4viss\u00e4 15-18 cm v\u00e4lill\u00e4<br \/>\n\u2022 Tuotteen leveys 8 cm<br \/>\n\u2022 Heijastinleveys 5,6 cm<\/p>\n","protected":false},"excerpt":{"rendered":"<p>T\u00e4m\u00e4 pieni heijastinasuste voi tehd\u00e4 suuren eron pime\u00e4ss\u00e4. Se on suunniteltu sopimaan t\u00e4ydellisesti k\u00e4silaukkuun, matkalaukkuun, lastenvaunuun ja py\u00f6r\u00e4\u00e4n. <b><u><a href=\"#beskrivning\">Lue lis\u00e4\u00e4<\/a><\/u><\/b><\/p>\n","protected":false},"featured_media":94,"comment_status":"open","ping_status":"closed","template":"","meta":{"_trash_the_other_posts":false,"editor_notices":[]},"product_brand":[],"product_cat":[69],"product_tag":[],"class_list":{"0":"post-25","1":"product","2":"type-product","3":"status-publish","4":"has-post-thumbnail","6":"product_cat-reflex-lisavaruste","8":"first","9":"instock","10":"taxable","11":"shipping-taxable","12":"purchasable","13":"product-type-variable"},"yoast_head":"<!-- This site is optimized with the Yoast SEO plugin v25.9 - https:\/\/yoast.com\/wordpress\/plugins\/seo\/ -->\n<title>K\u00e4tev\u00e4 heijastinasuste t\u00e4rke\u00e4n asian eteen - Smart In The Dark<\/title>\n<meta name=\"description\" content=\"T\u00e4m\u00e4 pieni heijastinasuste voi tehd\u00e4 suuren eron pime\u00e4ss\u00e4. Se on suunniteltu sopimaan t\u00e4ydellisesti k\u00e4silaukkuun, matkalaukkuun, lastenvaunuun ja py\u00f6r\u00e4\u00e4n.\" \/>\n<meta name=\"robots\" content=\"index, follow, max-snippet:-1, max-image-preview:large, max-video-preview:-1\" \/>\n<link rel=\"canonical\" href=\"https:\/\/smartinthedark.com\/fi\/produkt\/kateva-heijastinasuste-tarkean-asian-eteen\/\" \/>\n<meta property=\"og:locale\" content=\"fi_FI\" \/>\n<meta property=\"og:type\" content=\"article\" \/>\n<meta property=\"og:title\" content=\"K\u00e4tev\u00e4 heijastinasuste t\u00e4rke\u00e4n asian eteen - Smart In The Dark\" \/>\n<meta property=\"og:description\" content=\"T\u00e4m\u00e4 pieni heijastinasuste voi tehd\u00e4 suuren eron pime\u00e4ss\u00e4. Se on suunniteltu sopimaan t\u00e4ydellisesti k\u00e4silaukkuun, matkalaukkuun, lastenvaunuun ja py\u00f6r\u00e4\u00e4n.\" \/>\n<meta property=\"og:url\" content=\"https:\/\/smartinthedark.com\/fi\/produkt\/kateva-heijastinasuste-tarkean-asian-eteen\/\" \/>\n<meta property=\"og:site_name\" content=\"Smart In The Dark\" \/>\n<meta property=\"article:publisher\" content=\"https:\/\/www.facebook.com\/smartinthedark\/\" \/>\n<meta property=\"article:modified_time\" content=\"2026-03-25T11:53:09+00:00\" \/>\n<meta property=\"og:image\" content=\"https:\/\/smartinthedark.com\/fi\/wp-content\/uploads\/sites\/8\/2019\/06\/liten-reflex-produktbild-1.jpg\" \/>\n\t<meta property=\"og:image:width\" content=\"500\" \/>\n\t<meta property=\"og:image:height\" content=\"500\" \/>\n\t<meta property=\"og:image:type\" content=\"image\/jpeg\" \/>\n<meta name=\"twitter:card\" content=\"summary_large_image\" \/>\n<script type=\"application\/ld+json\" class=\"yoast-schema-graph\">{\"@context\":\"https:\/\/schema.org\",\"@graph\":[{\"@type\":\"WebPage\",\"@id\":\"https:\/\/smartinthedark.com\/fi\/produkt\/kateva-heijastinasuste-tarkean-asian-eteen\/\",\"url\":\"https:\/\/smartinthedark.com\/fi\/produkt\/kateva-heijastinasuste-tarkean-asian-eteen\/\",\"name\":\"K\u00e4tev\u00e4 heijastinasuste t\u00e4rke\u00e4n asian eteen - Smart In The Dark\",\"isPartOf\":{\"@id\":\"https:\/\/smartinthedark.com\/fi\/#website\"},\"primaryImageOfPage\":{\"@id\":\"https:\/\/smartinthedark.com\/fi\/produkt\/kateva-heijastinasuste-tarkean-asian-eteen\/#primaryimage\"},\"image\":{\"@id\":\"https:\/\/smartinthedark.com\/fi\/produkt\/kateva-heijastinasuste-tarkean-asian-eteen\/#primaryimage\"},\"thumbnailUrl\":\"https:\/\/smartinthedark.com\/fi\/wp-content\/uploads\/sites\/8\/2019\/06\/liten-reflex-produktbild-1.jpg\",\"datePublished\":\"2019-06-12T12:23:12+00:00\",\"dateModified\":\"2026-03-25T11:53:09+00:00\",\"description\":\"T\u00e4m\u00e4 pieni heijastinasuste voi tehd\u00e4 suuren eron pime\u00e4ss\u00e4. Se on suunniteltu sopimaan t\u00e4ydellisesti k\u00e4silaukkuun, matkalaukkuun, lastenvaunuun ja py\u00f6r\u00e4\u00e4n.\",\"breadcrumb\":{\"@id\":\"https:\/\/smartinthedark.com\/fi\/produkt\/kateva-heijastinasuste-tarkean-asian-eteen\/#breadcrumb\"},\"inLanguage\":\"fi\",\"potentialAction\":[{\"@type\":\"ReadAction\",\"target\":[\"https:\/\/smartinthedark.com\/fi\/produkt\/kateva-heijastinasuste-tarkean-asian-eteen\/\"]}]},{\"@type\":\"ImageObject\",\"inLanguage\":\"fi\",\"@id\":\"https:\/\/smartinthedark.com\/fi\/produkt\/kateva-heijastinasuste-tarkean-asian-eteen\/#primaryimage\",\"url\":\"https:\/\/smartinthedark.com\/fi\/wp-content\/uploads\/sites\/8\/2019\/06\/liten-reflex-produktbild-1.jpg\",\"contentUrl\":\"https:\/\/smartinthedark.com\/fi\/wp-content\/uploads\/sites\/8\/2019\/06\/liten-reflex-produktbild-1.jpg\",\"width\":500,\"height\":500},{\"@type\":\"BreadcrumbList\",\"@id\":\"https:\/\/smartinthedark.com\/fi\/produkt\/kateva-heijastinasuste-tarkean-asian-eteen\/#breadcrumb\",\"itemListElement\":[{\"@type\":\"ListItem\",\"position\":1,\"name\":\"Hem\",\"item\":\"https:\/\/smartinthedark.com\/fi\/\"},{\"@type\":\"ListItem\",\"position\":2,\"name\":\"Verkkokauppa\",\"item\":\"https:\/\/smartinthedark.com\/fi\/verkkokauppa\/\"},{\"@type\":\"ListItem\",\"position\":3,\"name\":\"K\u00e4tev\u00e4 heijastinasuste t\u00e4rke\u00e4n asian eteen\"}]},{\"@type\":\"WebSite\",\"@id\":\"https:\/\/smartinthedark.com\/fi\/#website\",\"url\":\"https:\/\/smartinthedark.com\/fi\/\",\"name\":\"Smart In The Dark\",\"description\":\"\",\"potentialAction\":[{\"@type\":\"SearchAction\",\"target\":{\"@type\":\"EntryPoint\",\"urlTemplate\":\"https:\/\/smartinthedark.com\/fi\/?s={search_term_string}\"},\"query-input\":{\"@type\":\"PropertyValueSpecification\",\"valueRequired\":true,\"valueName\":\"search_term_string\"}}],\"inLanguage\":\"fi\"}]}<\/script>\n<!-- \/ Yoast SEO plugin. -->","yoast_head_json":{"title":"K\u00e4tev\u00e4 heijastinasuste t\u00e4rke\u00e4n asian eteen - Smart In The Dark","description":"T\u00e4m\u00e4 pieni heijastinasuste voi tehd\u00e4 suuren eron pime\u00e4ss\u00e4. Se on suunniteltu sopimaan t\u00e4ydellisesti k\u00e4silaukkuun, matkalaukkuun, lastenvaunuun ja py\u00f6r\u00e4\u00e4n.","robots":{"index":"index","follow":"follow","max-snippet":"max-snippet:-1","max-image-preview":"max-image-preview:large","max-video-preview":"max-video-preview:-1"},"canonical":"https:\/\/smartinthedark.com\/fi\/produkt\/kateva-heijastinasuste-tarkean-asian-eteen\/","og_locale":"fi_FI","og_type":"article","og_title":"K\u00e4tev\u00e4 heijastinasuste t\u00e4rke\u00e4n asian eteen - Smart In The Dark","og_description":"T\u00e4m\u00e4 pieni heijastinasuste voi tehd\u00e4 suuren eron pime\u00e4ss\u00e4. Se on suunniteltu sopimaan t\u00e4ydellisesti k\u00e4silaukkuun, matkalaukkuun, lastenvaunuun ja py\u00f6r\u00e4\u00e4n.","og_url":"https:\/\/smartinthedark.com\/fi\/produkt\/kateva-heijastinasuste-tarkean-asian-eteen\/","og_site_name":"Smart In The Dark","article_publisher":"https:\/\/www.facebook.com\/smartinthedark\/","article_modified_time":"2026-03-25T11:53:09+00:00","og_image":[{"width":500,"height":500,"url":"https:\/\/smartinthedark.com\/fi\/wp-content\/uploads\/sites\/8\/2019\/06\/liten-reflex-produktbild-1.jpg","type":"image\/jpeg"}],"twitter_card":"summary_large_image","schema":{"@context":"https:\/\/schema.org","@graph":[{"@type":"WebPage","@id":"https:\/\/smartinthedark.com\/fi\/produkt\/kateva-heijastinasuste-tarkean-asian-eteen\/","url":"https:\/\/smartinthedark.com\/fi\/produkt\/kateva-heijastinasuste-tarkean-asian-eteen\/","name":"K\u00e4tev\u00e4 heijastinasuste t\u00e4rke\u00e4n asian eteen - Smart In The Dark","isPartOf":{"@id":"https:\/\/smartinthedark.com\/fi\/#website"},"primaryImageOfPage":{"@id":"https:\/\/smartinthedark.com\/fi\/produkt\/kateva-heijastinasuste-tarkean-asian-eteen\/#primaryimage"},"image":{"@id":"https:\/\/smartinthedark.com\/fi\/produkt\/kateva-heijastinasuste-tarkean-asian-eteen\/#primaryimage"},"thumbnailUrl":"https:\/\/smartinthedark.com\/fi\/wp-content\/uploads\/sites\/8\/2019\/06\/liten-reflex-produktbild-1.jpg","datePublished":"2019-06-12T12:23:12+00:00","dateModified":"2026-03-25T11:53:09+00:00","description":"T\u00e4m\u00e4 pieni heijastinasuste voi tehd\u00e4 suuren eron pime\u00e4ss\u00e4. Se on suunniteltu sopimaan t\u00e4ydellisesti k\u00e4silaukkuun, matkalaukkuun, lastenvaunuun ja py\u00f6r\u00e4\u00e4n.","breadcrumb":{"@id":"https:\/\/smartinthedark.com\/fi\/produkt\/kateva-heijastinasuste-tarkean-asian-eteen\/#breadcrumb"},"inLanguage":"fi","potentialAction":[{"@type":"ReadAction","target":["https:\/\/smartinthedark.com\/fi\/produkt\/kateva-heijastinasuste-tarkean-asian-eteen\/"]}]},{"@type":"ImageObject","inLanguage":"fi","@id":"https:\/\/smartinthedark.com\/fi\/produkt\/kateva-heijastinasuste-tarkean-asian-eteen\/#primaryimage","url":"https:\/\/smartinthedark.com\/fi\/wp-content\/uploads\/sites\/8\/2019\/06\/liten-reflex-produktbild-1.jpg","contentUrl":"https:\/\/smartinthedark.com\/fi\/wp-content\/uploads\/sites\/8\/2019\/06\/liten-reflex-produktbild-1.jpg","width":500,"height":500},{"@type":"BreadcrumbList","@id":"https:\/\/smartinthedark.com\/fi\/produkt\/kateva-heijastinasuste-tarkean-asian-eteen\/#breadcrumb","itemListElement":[{"@type":"ListItem","position":1,"name":"Hem","item":"https:\/\/smartinthedark.com\/fi\/"},{"@type":"ListItem","position":2,"name":"Verkkokauppa","item":"https:\/\/smartinthedark.com\/fi\/verkkokauppa\/"},{"@type":"ListItem","position":3,"name":"K\u00e4tev\u00e4 heijastinasuste t\u00e4rke\u00e4n asian eteen"}]},{"@type":"WebSite","@id":"https:\/\/smartinthedark.com\/fi\/#website","url":"https:\/\/smartinthedark.com\/fi\/","name":"Smart In The Dark","description":"","potentialAction":[{"@type":"SearchAction","target":{"@type":"EntryPoint","urlTemplate":"https:\/\/smartinthedark.com\/fi\/?s={search_term_string}"},"query-input":{"@type":"PropertyValueSpecification","valueRequired":true,"valueName":"search_term_string"}}],"inLanguage":"fi"}]}},"_links":{"self":[{"href":"https:\/\/smartinthedark.com\/fi\/wp-json\/wp\/v2\/product\/25","targetHints":{"allow":["GET"]}}],"collection":[{"href":"https:\/\/smartinthedark.com\/fi\/wp-json\/wp\/v2\/product"}],"about":[{"href":"https:\/\/smartinthedark.com\/fi\/wp-json\/wp\/v2\/types\/product"}],"replies":[{"embeddable":true,"href":"https:\/\/smartinthedark.com\/fi\/wp-json\/wp\/v2\/comments?post=25"}],"wp:featuredmedia":[{"embeddable":true,"href":"https:\/\/smartinthedark.com\/fi\/wp-json\/wp\/v2\/media\/94"}],"wp:attachment":[{"href":"https:\/\/smartinthedark.com\/fi\/wp-json\/wp\/v2\/media?parent=25"}],"wp:term":[{"taxonomy":"product_brand","embeddable":true,"href":"https:\/\/smartinthedark.com\/fi\/wp-json\/wp\/v2\/product_brand?post=25"},{"taxonomy":"product_cat","embeddable":true,"href":"https:\/\/smartinthedark.com\/fi\/wp-json\/wp\/v2\/product_cat?post=25"},{"taxonomy":"product_tag","embeddable":true,"href":"https:\/\/smartinthedark.com\/fi\/wp-json\/wp\/v2\/product_tag?post=25"}],"curies":[{"name":"wp","href":"https:\/\/api.w.org\/{rel}","templated":true}]}}