{"id":24,"date":"2019-06-12T14:23:12","date_gmt":"2019-06-12T12:23:12","guid":{"rendered":"https:\/\/smartinthedark.com\/produkt\/import-placeholder-for-22300\/"},"modified":"2026-03-25T13:35:22","modified_gmt":"2026-03-25T12:35:22","slug":"rypytetty-kasivarsiheijastin-kaikkiin-tilanteisiin","status":"publish","type":"product","link":"https:\/\/smartinthedark.com\/fi\/produkt\/rypytetty-kasivarsiheijastin-kaikkiin-tilanteisiin\/","title":{"rendered":"Rypytetty k\u00e4sivarsiheijastin kaikkiin tilanteisiin"},"content":{"rendered":"<p>Yksityiskohdat tekev\u00e4t sen. Ja t\u00e4m\u00e4 k\u00e4tev\u00e4 k\u00e4sivarsiheijastin on kuin loistava koru takissa. Sen rypytetty yksityiskohta joustoresorissa saa heijastimen sopimaan t\u00e4ydellisesti ranteeseen, ja se tuntuu kauniilta asusteelta asuusi. Heijastinnauha heijastaa 360 astetta ja on saatavilla useissa eri heijastinkuvioissa Pohjolan innoittamana \u2013 Hilla, Punos, Tunturi, Revontulet ja Puolukka. Kaunis lahja sinulle ja jollekulle, josta v\u00e4lit\u00e4t!<\/p>\n<p>Heijastimiemme ansiosta n\u00e4yt pime\u00e4ss\u00e4 yli 125 metrin p\u00e4\u00e4h\u00e4n. Ne on valmistettu 3M Scotchlitesta, joka on yksi markkinoiden turvallisimmista ja parhaimmista heijastinmateriaaleista.<\/p>\n<p>\u2022 Ymp\u00e4rysmitta 22-38 cm<br \/>\n\u2022 Tuotteen leveys 8 cm<br \/>\n\u2022 Heijastinleveys 4,2 cm<\/p>\n","protected":false},"excerpt":{"rendered":"<p>Heijastus myyd\u00e4\u00e4n kappaleelta<\/p>\n<p>Yksityiskohdat tekev\u00e4t sen. Ja t\u00e4m\u00e4 k\u00e4tev\u00e4 k\u00e4sivarsiheijastin on kuin loistava koru takissa. <b><u><a href=\"#beskrivning\">Lue lis\u00e4\u00e4<\/a><\/u><\/b><\/p>\n","protected":false},"featured_media":88,"comment_status":"open","ping_status":"closed","template":"","meta":{"_trash_the_other_posts":false,"editor_notices":[]},"product_brand":[],"product_cat":[69],"product_tag":[],"class_list":{"0":"post-24","1":"product","2":"type-product","3":"status-publish","4":"has-post-thumbnail","6":"product_cat-reflex-lisavaruste","8":"first","9":"instock","10":"taxable","11":"shipping-taxable","12":"purchasable","13":"product-type-variable"},"yoast_head":"<!-- This site is optimized with the Yoast SEO plugin v25.9 - https:\/\/yoast.com\/wordpress\/plugins\/seo\/ -->\n<title>Rypytetty k\u00e4sivarsiheijastin kaikkiin tilanteisiin - Smart In The Dark<\/title>\n<meta name=\"description\" content=\"Yksityiskohdat tekev\u00e4t sen. Ja t\u00e4m\u00e4 k\u00e4tev\u00e4 k\u00e4sivarsiheijastin on kuin loistava koru takissa\" \/>\n<meta name=\"robots\" content=\"index, follow, max-snippet:-1, max-image-preview:large, max-video-preview:-1\" \/>\n<link rel=\"canonical\" href=\"https:\/\/smartinthedark.com\/fi\/produkt\/rypytetty-kasivarsiheijastin-kaikkiin-tilanteisiin\/\" \/>\n<meta property=\"og:locale\" content=\"fi_FI\" \/>\n<meta property=\"og:type\" content=\"article\" \/>\n<meta property=\"og:title\" content=\"Rypytetty k\u00e4sivarsiheijastin kaikkiin tilanteisiin - Smart In The Dark\" \/>\n<meta property=\"og:description\" content=\"Yksityiskohdat tekev\u00e4t sen. Ja t\u00e4m\u00e4 k\u00e4tev\u00e4 k\u00e4sivarsiheijastin on kuin loistava koru takissa\" \/>\n<meta property=\"og:url\" content=\"https:\/\/smartinthedark.com\/fi\/produkt\/rypytetty-kasivarsiheijastin-kaikkiin-tilanteisiin\/\" \/>\n<meta property=\"og:site_name\" content=\"Smart In The Dark\" \/>\n<meta property=\"article:publisher\" content=\"https:\/\/www.facebook.com\/smartinthedark\/\" \/>\n<meta property=\"article:modified_time\" content=\"2026-03-25T12:35:22+00:00\" \/>\n<meta property=\"og:image\" content=\"https:\/\/smartinthedark.com\/fi\/wp-content\/uploads\/sites\/8\/2019\/06\/armreflex-produktbild-2.jpg\" \/>\n\t<meta property=\"og:image:width\" content=\"500\" \/>\n\t<meta property=\"og:image:height\" content=\"500\" \/>\n\t<meta property=\"og:image:type\" content=\"image\/jpeg\" \/>\n<meta name=\"twitter:card\" content=\"summary_large_image\" \/>\n<script type=\"application\/ld+json\" class=\"yoast-schema-graph\">{\"@context\":\"https:\/\/schema.org\",\"@graph\":[{\"@type\":\"WebPage\",\"@id\":\"https:\/\/smartinthedark.com\/fi\/produkt\/rypytetty-kasivarsiheijastin-kaikkiin-tilanteisiin\/\",\"url\":\"https:\/\/smartinthedark.com\/fi\/produkt\/rypytetty-kasivarsiheijastin-kaikkiin-tilanteisiin\/\",\"name\":\"Rypytetty k\u00e4sivarsiheijastin kaikkiin tilanteisiin - Smart In The Dark\",\"isPartOf\":{\"@id\":\"https:\/\/smartinthedark.com\/fi\/#website\"},\"primaryImageOfPage\":{\"@id\":\"https:\/\/smartinthedark.com\/fi\/produkt\/rypytetty-kasivarsiheijastin-kaikkiin-tilanteisiin\/#primaryimage\"},\"image\":{\"@id\":\"https:\/\/smartinthedark.com\/fi\/produkt\/rypytetty-kasivarsiheijastin-kaikkiin-tilanteisiin\/#primaryimage\"},\"thumbnailUrl\":\"https:\/\/smartinthedark.com\/fi\/wp-content\/uploads\/sites\/8\/2019\/06\/armreflex-produktbild-2.jpg\",\"datePublished\":\"2019-06-12T12:23:12+00:00\",\"dateModified\":\"2026-03-25T12:35:22+00:00\",\"description\":\"Yksityiskohdat tekev\u00e4t sen. Ja t\u00e4m\u00e4 k\u00e4tev\u00e4 k\u00e4sivarsiheijastin on kuin loistava koru takissa\",\"breadcrumb\":{\"@id\":\"https:\/\/smartinthedark.com\/fi\/produkt\/rypytetty-kasivarsiheijastin-kaikkiin-tilanteisiin\/#breadcrumb\"},\"inLanguage\":\"fi\",\"potentialAction\":[{\"@type\":\"ReadAction\",\"target\":[\"https:\/\/smartinthedark.com\/fi\/produkt\/rypytetty-kasivarsiheijastin-kaikkiin-tilanteisiin\/\"]}]},{\"@type\":\"ImageObject\",\"inLanguage\":\"fi\",\"@id\":\"https:\/\/smartinthedark.com\/fi\/produkt\/rypytetty-kasivarsiheijastin-kaikkiin-tilanteisiin\/#primaryimage\",\"url\":\"https:\/\/smartinthedark.com\/fi\/wp-content\/uploads\/sites\/8\/2019\/06\/armreflex-produktbild-2.jpg\",\"contentUrl\":\"https:\/\/smartinthedark.com\/fi\/wp-content\/uploads\/sites\/8\/2019\/06\/armreflex-produktbild-2.jpg\",\"width\":500,\"height\":500},{\"@type\":\"BreadcrumbList\",\"@id\":\"https:\/\/smartinthedark.com\/fi\/produkt\/rypytetty-kasivarsiheijastin-kaikkiin-tilanteisiin\/#breadcrumb\",\"itemListElement\":[{\"@type\":\"ListItem\",\"position\":1,\"name\":\"Hem\",\"item\":\"https:\/\/smartinthedark.com\/fi\/\"},{\"@type\":\"ListItem\",\"position\":2,\"name\":\"Verkkokauppa\",\"item\":\"https:\/\/smartinthedark.com\/fi\/verkkokauppa\/\"},{\"@type\":\"ListItem\",\"position\":3,\"name\":\"Rypytetty k\u00e4sivarsiheijastin kaikkiin tilanteisiin\"}]},{\"@type\":\"WebSite\",\"@id\":\"https:\/\/smartinthedark.com\/fi\/#website\",\"url\":\"https:\/\/smartinthedark.com\/fi\/\",\"name\":\"Smart In The Dark\",\"description\":\"\",\"potentialAction\":[{\"@type\":\"SearchAction\",\"target\":{\"@type\":\"EntryPoint\",\"urlTemplate\":\"https:\/\/smartinthedark.com\/fi\/?s={search_term_string}\"},\"query-input\":{\"@type\":\"PropertyValueSpecification\",\"valueRequired\":true,\"valueName\":\"search_term_string\"}}],\"inLanguage\":\"fi\"}]}<\/script>\n<!-- \/ Yoast SEO plugin. -->","yoast_head_json":{"title":"Rypytetty k\u00e4sivarsiheijastin kaikkiin tilanteisiin - Smart In The Dark","description":"Yksityiskohdat tekev\u00e4t sen. Ja t\u00e4m\u00e4 k\u00e4tev\u00e4 k\u00e4sivarsiheijastin on kuin loistava koru takissa","robots":{"index":"index","follow":"follow","max-snippet":"max-snippet:-1","max-image-preview":"max-image-preview:large","max-video-preview":"max-video-preview:-1"},"canonical":"https:\/\/smartinthedark.com\/fi\/produkt\/rypytetty-kasivarsiheijastin-kaikkiin-tilanteisiin\/","og_locale":"fi_FI","og_type":"article","og_title":"Rypytetty k\u00e4sivarsiheijastin kaikkiin tilanteisiin - Smart In The Dark","og_description":"Yksityiskohdat tekev\u00e4t sen. Ja t\u00e4m\u00e4 k\u00e4tev\u00e4 k\u00e4sivarsiheijastin on kuin loistava koru takissa","og_url":"https:\/\/smartinthedark.com\/fi\/produkt\/rypytetty-kasivarsiheijastin-kaikkiin-tilanteisiin\/","og_site_name":"Smart In The Dark","article_publisher":"https:\/\/www.facebook.com\/smartinthedark\/","article_modified_time":"2026-03-25T12:35:22+00:00","og_image":[{"width":500,"height":500,"url":"https:\/\/smartinthedark.com\/fi\/wp-content\/uploads\/sites\/8\/2019\/06\/armreflex-produktbild-2.jpg","type":"image\/jpeg"}],"twitter_card":"summary_large_image","schema":{"@context":"https:\/\/schema.org","@graph":[{"@type":"WebPage","@id":"https:\/\/smartinthedark.com\/fi\/produkt\/rypytetty-kasivarsiheijastin-kaikkiin-tilanteisiin\/","url":"https:\/\/smartinthedark.com\/fi\/produkt\/rypytetty-kasivarsiheijastin-kaikkiin-tilanteisiin\/","name":"Rypytetty k\u00e4sivarsiheijastin kaikkiin tilanteisiin - Smart In The Dark","isPartOf":{"@id":"https:\/\/smartinthedark.com\/fi\/#website"},"primaryImageOfPage":{"@id":"https:\/\/smartinthedark.com\/fi\/produkt\/rypytetty-kasivarsiheijastin-kaikkiin-tilanteisiin\/#primaryimage"},"image":{"@id":"https:\/\/smartinthedark.com\/fi\/produkt\/rypytetty-kasivarsiheijastin-kaikkiin-tilanteisiin\/#primaryimage"},"thumbnailUrl":"https:\/\/smartinthedark.com\/fi\/wp-content\/uploads\/sites\/8\/2019\/06\/armreflex-produktbild-2.jpg","datePublished":"2019-06-12T12:23:12+00:00","dateModified":"2026-03-25T12:35:22+00:00","description":"Yksityiskohdat tekev\u00e4t sen. Ja t\u00e4m\u00e4 k\u00e4tev\u00e4 k\u00e4sivarsiheijastin on kuin loistava koru takissa","breadcrumb":{"@id":"https:\/\/smartinthedark.com\/fi\/produkt\/rypytetty-kasivarsiheijastin-kaikkiin-tilanteisiin\/#breadcrumb"},"inLanguage":"fi","potentialAction":[{"@type":"ReadAction","target":["https:\/\/smartinthedark.com\/fi\/produkt\/rypytetty-kasivarsiheijastin-kaikkiin-tilanteisiin\/"]}]},{"@type":"ImageObject","inLanguage":"fi","@id":"https:\/\/smartinthedark.com\/fi\/produkt\/rypytetty-kasivarsiheijastin-kaikkiin-tilanteisiin\/#primaryimage","url":"https:\/\/smartinthedark.com\/fi\/wp-content\/uploads\/sites\/8\/2019\/06\/armreflex-produktbild-2.jpg","contentUrl":"https:\/\/smartinthedark.com\/fi\/wp-content\/uploads\/sites\/8\/2019\/06\/armreflex-produktbild-2.jpg","width":500,"height":500},{"@type":"BreadcrumbList","@id":"https:\/\/smartinthedark.com\/fi\/produkt\/rypytetty-kasivarsiheijastin-kaikkiin-tilanteisiin\/#breadcrumb","itemListElement":[{"@type":"ListItem","position":1,"name":"Hem","item":"https:\/\/smartinthedark.com\/fi\/"},{"@type":"ListItem","position":2,"name":"Verkkokauppa","item":"https:\/\/smartinthedark.com\/fi\/verkkokauppa\/"},{"@type":"ListItem","position":3,"name":"Rypytetty k\u00e4sivarsiheijastin kaikkiin tilanteisiin"}]},{"@type":"WebSite","@id":"https:\/\/smartinthedark.com\/fi\/#website","url":"https:\/\/smartinthedark.com\/fi\/","name":"Smart In The Dark","description":"","potentialAction":[{"@type":"SearchAction","target":{"@type":"EntryPoint","urlTemplate":"https:\/\/smartinthedark.com\/fi\/?s={search_term_string}"},"query-input":{"@type":"PropertyValueSpecification","valueRequired":true,"valueName":"search_term_string"}}],"inLanguage":"fi"}]}},"_links":{"self":[{"href":"https:\/\/smartinthedark.com\/fi\/wp-json\/wp\/v2\/product\/24","targetHints":{"allow":["GET"]}}],"collection":[{"href":"https:\/\/smartinthedark.com\/fi\/wp-json\/wp\/v2\/product"}],"about":[{"href":"https:\/\/smartinthedark.com\/fi\/wp-json\/wp\/v2\/types\/product"}],"replies":[{"embeddable":true,"href":"https:\/\/smartinthedark.com\/fi\/wp-json\/wp\/v2\/comments?post=24"}],"wp:featuredmedia":[{"embeddable":true,"href":"https:\/\/smartinthedark.com\/fi\/wp-json\/wp\/v2\/media\/88"}],"wp:attachment":[{"href":"https:\/\/smartinthedark.com\/fi\/wp-json\/wp\/v2\/media?parent=24"}],"wp:term":[{"taxonomy":"product_brand","embeddable":true,"href":"https:\/\/smartinthedark.com\/fi\/wp-json\/wp\/v2\/product_brand?post=24"},{"taxonomy":"product_cat","embeddable":true,"href":"https:\/\/smartinthedark.com\/fi\/wp-json\/wp\/v2\/product_cat?post=24"},{"taxonomy":"product_tag","embeddable":true,"href":"https:\/\/smartinthedark.com\/fi\/wp-json\/wp\/v2\/product_tag?post=24"}],"curies":[{"name":"wp","href":"https:\/\/api.w.org\/{rel}","templated":true}]}}