{"id":23,"date":"2019-06-12T14:23:12","date_gmt":"2019-06-12T12:23:12","guid":{"rendered":"https:\/\/smartinthedark.com\/produkt\/import-placeholder-for-22299\/"},"modified":"2026-03-26T12:19:51","modified_gmt":"2026-03-26T11:19:51","slug":"vuorattu-heijastinpipo-mukavaa-fleece-materiaalia","status":"publish","type":"product","link":"https:\/\/smartinthedark.com\/fi\/produkt\/vuorattu-heijastinpipo-mukavaa-fleece-materiaalia\/","title":{"rendered":"Vuorattu heijastinpipo mukavaa fleece-materiaalia"},"content":{"rendered":"<p>T\u00e4m\u00e4 vuorattu heijastinpipo on t\u00e4ydellinen talvipipo. Se pit\u00e4\u00e4 sinut mukavan fleece-vuoren ansiosta l\u00e4mpim\u00e4n\u00e4. Heijastinkuvio tekee sinusta my\u00f6s kauniisti n\u00e4kyv\u00e4n talvipimeydess\u00e4 yli 125 metrin p\u00e4\u00e4h\u00e4n. Heijastinpipoa on saatavilla useissa v\u00e4reiss\u00e4, ja kolmessa hienossa kuviossa mallistosta Nordic Silver Collection \u2013 Revontulet, Hilla ja Puolukka. Heijastinkuvio heijastaa 360 astetta. T\u00e4m\u00e4 heijastinpipo on taatusti hyv\u00e4\u00e4 seuraa talvella!<\/p>\n<p>\u2022 Saatavilla kahdessa koossa: S-M (56-58 cm) ja L-XL (58-60 cm)<br \/>\n\u2022 Stretch ja puuvillajersey<br \/>\n\u2022 Fleece-vuorattu<br \/>\n\u2022 Heijastinleveys 3 cm<\/p>\n","protected":false},"excerpt":{"rendered":"<p>T\u00e4m\u00e4 vuorattu heijastinpipo on t\u00e4ydellinen talvipipo. Se pit\u00e4\u00e4 sinut mukavan fleece-vuoren ansiosta l\u00e4mpim\u00e4n\u00e4. <b><u><a href=\"#beskrivning\">Lue lis\u00e4\u00e4<\/a><\/u><\/b><\/p>\n","protected":false},"featured_media":85,"comment_status":"open","ping_status":"closed","template":"","meta":{"_trash_the_other_posts":false,"editor_notices":[]},"product_brand":[],"product_cat":[68],"product_tag":[],"class_list":{"0":"post-23","1":"product","2":"type-product","3":"status-publish","4":"has-post-thumbnail","6":"product_cat-reflex-hattu-ja-paapanta","8":"first","9":"instock","10":"taxable","11":"shipping-taxable","12":"purchasable","13":"product-type-variable","14":"has-default-attributes"},"yoast_head":"<!-- This site is optimized with the Yoast SEO plugin v25.9 - https:\/\/yoast.com\/wordpress\/plugins\/seo\/ -->\n<title>Vuorattu heijastinpipo mukavaa fleece-materiaalia - Smart In The Dark<\/title>\n<meta name=\"description\" content=\"T\u00e4m\u00e4 vuorattu heijastinpipo on t\u00e4ydellinen talvipipo. Se pit\u00e4\u00e4 sinut mukavan fleece-vuoren ansiosta l\u00e4mpim\u00e4n\u00e4\" \/>\n<meta name=\"robots\" content=\"index, follow, max-snippet:-1, max-image-preview:large, max-video-preview:-1\" \/>\n<link rel=\"canonical\" href=\"https:\/\/smartinthedark.com\/fi\/produkt\/vuorattu-heijastinpipo-mukavaa-fleece-materiaalia\/\" \/>\n<meta property=\"og:locale\" content=\"fi_FI\" \/>\n<meta property=\"og:type\" content=\"article\" \/>\n<meta property=\"og:title\" content=\"Vuorattu heijastinpipo mukavaa fleece-materiaalia - Smart In The Dark\" \/>\n<meta property=\"og:description\" content=\"T\u00e4m\u00e4 vuorattu heijastinpipo on t\u00e4ydellinen talvipipo. Se pit\u00e4\u00e4 sinut mukavan fleece-vuoren ansiosta l\u00e4mpim\u00e4n\u00e4\" \/>\n<meta property=\"og:url\" content=\"https:\/\/smartinthedark.com\/fi\/produkt\/vuorattu-heijastinpipo-mukavaa-fleece-materiaalia\/\" \/>\n<meta property=\"og:site_name\" content=\"Smart In The Dark\" \/>\n<meta property=\"article:publisher\" content=\"https:\/\/www.facebook.com\/smartinthedark\/\" \/>\n<meta property=\"article:modified_time\" content=\"2026-03-26T11:19:51+00:00\" \/>\n<meta property=\"og:image\" content=\"https:\/\/smartinthedark.com\/fi\/wp-content\/uploads\/sites\/8\/2019\/06\/Mossa-och-Vaska-600x600-500x500.jpg\" \/>\n\t<meta property=\"og:image:width\" content=\"500\" \/>\n\t<meta property=\"og:image:height\" content=\"500\" \/>\n\t<meta property=\"og:image:type\" content=\"image\/jpeg\" \/>\n<meta name=\"twitter:card\" content=\"summary_large_image\" \/>\n<script type=\"application\/ld+json\" class=\"yoast-schema-graph\">{\"@context\":\"https:\/\/schema.org\",\"@graph\":[{\"@type\":\"WebPage\",\"@id\":\"https:\/\/smartinthedark.com\/fi\/produkt\/vuorattu-heijastinpipo-mukavaa-fleece-materiaalia\/\",\"url\":\"https:\/\/smartinthedark.com\/fi\/produkt\/vuorattu-heijastinpipo-mukavaa-fleece-materiaalia\/\",\"name\":\"Vuorattu heijastinpipo mukavaa fleece-materiaalia - Smart In The Dark\",\"isPartOf\":{\"@id\":\"https:\/\/smartinthedark.com\/fi\/#website\"},\"primaryImageOfPage\":{\"@id\":\"https:\/\/smartinthedark.com\/fi\/produkt\/vuorattu-heijastinpipo-mukavaa-fleece-materiaalia\/#primaryimage\"},\"image\":{\"@id\":\"https:\/\/smartinthedark.com\/fi\/produkt\/vuorattu-heijastinpipo-mukavaa-fleece-materiaalia\/#primaryimage\"},\"thumbnailUrl\":\"https:\/\/smartinthedark.com\/fi\/wp-content\/uploads\/sites\/8\/2019\/06\/Mossa-och-Vaska-600x600-500x500.jpg\",\"datePublished\":\"2019-06-12T12:23:12+00:00\",\"dateModified\":\"2026-03-26T11:19:51+00:00\",\"description\":\"T\u00e4m\u00e4 vuorattu heijastinpipo on t\u00e4ydellinen talvipipo. Se pit\u00e4\u00e4 sinut mukavan fleece-vuoren ansiosta l\u00e4mpim\u00e4n\u00e4\",\"breadcrumb\":{\"@id\":\"https:\/\/smartinthedark.com\/fi\/produkt\/vuorattu-heijastinpipo-mukavaa-fleece-materiaalia\/#breadcrumb\"},\"inLanguage\":\"fi\",\"potentialAction\":[{\"@type\":\"ReadAction\",\"target\":[\"https:\/\/smartinthedark.com\/fi\/produkt\/vuorattu-heijastinpipo-mukavaa-fleece-materiaalia\/\"]}]},{\"@type\":\"ImageObject\",\"inLanguage\":\"fi\",\"@id\":\"https:\/\/smartinthedark.com\/fi\/produkt\/vuorattu-heijastinpipo-mukavaa-fleece-materiaalia\/#primaryimage\",\"url\":\"https:\/\/smartinthedark.com\/fi\/wp-content\/uploads\/sites\/8\/2019\/06\/Mossa-och-Vaska-600x600-500x500.jpg\",\"contentUrl\":\"https:\/\/smartinthedark.com\/fi\/wp-content\/uploads\/sites\/8\/2019\/06\/Mossa-och-Vaska-600x600-500x500.jpg\",\"width\":500,\"height\":500},{\"@type\":\"BreadcrumbList\",\"@id\":\"https:\/\/smartinthedark.com\/fi\/produkt\/vuorattu-heijastinpipo-mukavaa-fleece-materiaalia\/#breadcrumb\",\"itemListElement\":[{\"@type\":\"ListItem\",\"position\":1,\"name\":\"Hem\",\"item\":\"https:\/\/smartinthedark.com\/fi\/\"},{\"@type\":\"ListItem\",\"position\":2,\"name\":\"Verkkokauppa\",\"item\":\"https:\/\/smartinthedark.com\/fi\/verkkokauppa\/\"},{\"@type\":\"ListItem\",\"position\":3,\"name\":\"Vuorattu heijastinpipo mukavaa fleece-materiaalia\"}]},{\"@type\":\"WebSite\",\"@id\":\"https:\/\/smartinthedark.com\/fi\/#website\",\"url\":\"https:\/\/smartinthedark.com\/fi\/\",\"name\":\"Smart In The Dark\",\"description\":\"\",\"potentialAction\":[{\"@type\":\"SearchAction\",\"target\":{\"@type\":\"EntryPoint\",\"urlTemplate\":\"https:\/\/smartinthedark.com\/fi\/?s={search_term_string}\"},\"query-input\":{\"@type\":\"PropertyValueSpecification\",\"valueRequired\":true,\"valueName\":\"search_term_string\"}}],\"inLanguage\":\"fi\"}]}<\/script>\n<!-- \/ Yoast SEO plugin. -->","yoast_head_json":{"title":"Vuorattu heijastinpipo mukavaa fleece-materiaalia - Smart In The Dark","description":"T\u00e4m\u00e4 vuorattu heijastinpipo on t\u00e4ydellinen talvipipo. Se pit\u00e4\u00e4 sinut mukavan fleece-vuoren ansiosta l\u00e4mpim\u00e4n\u00e4","robots":{"index":"index","follow":"follow","max-snippet":"max-snippet:-1","max-image-preview":"max-image-preview:large","max-video-preview":"max-video-preview:-1"},"canonical":"https:\/\/smartinthedark.com\/fi\/produkt\/vuorattu-heijastinpipo-mukavaa-fleece-materiaalia\/","og_locale":"fi_FI","og_type":"article","og_title":"Vuorattu heijastinpipo mukavaa fleece-materiaalia - Smart In The Dark","og_description":"T\u00e4m\u00e4 vuorattu heijastinpipo on t\u00e4ydellinen talvipipo. Se pit\u00e4\u00e4 sinut mukavan fleece-vuoren ansiosta l\u00e4mpim\u00e4n\u00e4","og_url":"https:\/\/smartinthedark.com\/fi\/produkt\/vuorattu-heijastinpipo-mukavaa-fleece-materiaalia\/","og_site_name":"Smart In The Dark","article_publisher":"https:\/\/www.facebook.com\/smartinthedark\/","article_modified_time":"2026-03-26T11:19:51+00:00","og_image":[{"width":500,"height":500,"url":"https:\/\/smartinthedark.com\/fi\/wp-content\/uploads\/sites\/8\/2019\/06\/Mossa-och-Vaska-600x600-500x500.jpg","type":"image\/jpeg"}],"twitter_card":"summary_large_image","schema":{"@context":"https:\/\/schema.org","@graph":[{"@type":"WebPage","@id":"https:\/\/smartinthedark.com\/fi\/produkt\/vuorattu-heijastinpipo-mukavaa-fleece-materiaalia\/","url":"https:\/\/smartinthedark.com\/fi\/produkt\/vuorattu-heijastinpipo-mukavaa-fleece-materiaalia\/","name":"Vuorattu heijastinpipo mukavaa fleece-materiaalia - Smart In The Dark","isPartOf":{"@id":"https:\/\/smartinthedark.com\/fi\/#website"},"primaryImageOfPage":{"@id":"https:\/\/smartinthedark.com\/fi\/produkt\/vuorattu-heijastinpipo-mukavaa-fleece-materiaalia\/#primaryimage"},"image":{"@id":"https:\/\/smartinthedark.com\/fi\/produkt\/vuorattu-heijastinpipo-mukavaa-fleece-materiaalia\/#primaryimage"},"thumbnailUrl":"https:\/\/smartinthedark.com\/fi\/wp-content\/uploads\/sites\/8\/2019\/06\/Mossa-och-Vaska-600x600-500x500.jpg","datePublished":"2019-06-12T12:23:12+00:00","dateModified":"2026-03-26T11:19:51+00:00","description":"T\u00e4m\u00e4 vuorattu heijastinpipo on t\u00e4ydellinen talvipipo. Se pit\u00e4\u00e4 sinut mukavan fleece-vuoren ansiosta l\u00e4mpim\u00e4n\u00e4","breadcrumb":{"@id":"https:\/\/smartinthedark.com\/fi\/produkt\/vuorattu-heijastinpipo-mukavaa-fleece-materiaalia\/#breadcrumb"},"inLanguage":"fi","potentialAction":[{"@type":"ReadAction","target":["https:\/\/smartinthedark.com\/fi\/produkt\/vuorattu-heijastinpipo-mukavaa-fleece-materiaalia\/"]}]},{"@type":"ImageObject","inLanguage":"fi","@id":"https:\/\/smartinthedark.com\/fi\/produkt\/vuorattu-heijastinpipo-mukavaa-fleece-materiaalia\/#primaryimage","url":"https:\/\/smartinthedark.com\/fi\/wp-content\/uploads\/sites\/8\/2019\/06\/Mossa-och-Vaska-600x600-500x500.jpg","contentUrl":"https:\/\/smartinthedark.com\/fi\/wp-content\/uploads\/sites\/8\/2019\/06\/Mossa-och-Vaska-600x600-500x500.jpg","width":500,"height":500},{"@type":"BreadcrumbList","@id":"https:\/\/smartinthedark.com\/fi\/produkt\/vuorattu-heijastinpipo-mukavaa-fleece-materiaalia\/#breadcrumb","itemListElement":[{"@type":"ListItem","position":1,"name":"Hem","item":"https:\/\/smartinthedark.com\/fi\/"},{"@type":"ListItem","position":2,"name":"Verkkokauppa","item":"https:\/\/smartinthedark.com\/fi\/verkkokauppa\/"},{"@type":"ListItem","position":3,"name":"Vuorattu heijastinpipo mukavaa fleece-materiaalia"}]},{"@type":"WebSite","@id":"https:\/\/smartinthedark.com\/fi\/#website","url":"https:\/\/smartinthedark.com\/fi\/","name":"Smart In The Dark","description":"","potentialAction":[{"@type":"SearchAction","target":{"@type":"EntryPoint","urlTemplate":"https:\/\/smartinthedark.com\/fi\/?s={search_term_string}"},"query-input":{"@type":"PropertyValueSpecification","valueRequired":true,"valueName":"search_term_string"}}],"inLanguage":"fi"}]}},"_links":{"self":[{"href":"https:\/\/smartinthedark.com\/fi\/wp-json\/wp\/v2\/product\/23","targetHints":{"allow":["GET"]}}],"collection":[{"href":"https:\/\/smartinthedark.com\/fi\/wp-json\/wp\/v2\/product"}],"about":[{"href":"https:\/\/smartinthedark.com\/fi\/wp-json\/wp\/v2\/types\/product"}],"replies":[{"embeddable":true,"href":"https:\/\/smartinthedark.com\/fi\/wp-json\/wp\/v2\/comments?post=23"}],"wp:featuredmedia":[{"embeddable":true,"href":"https:\/\/smartinthedark.com\/fi\/wp-json\/wp\/v2\/media\/85"}],"wp:attachment":[{"href":"https:\/\/smartinthedark.com\/fi\/wp-json\/wp\/v2\/media?parent=23"}],"wp:term":[{"taxonomy":"product_brand","embeddable":true,"href":"https:\/\/smartinthedark.com\/fi\/wp-json\/wp\/v2\/product_brand?post=23"},{"taxonomy":"product_cat","embeddable":true,"href":"https:\/\/smartinthedark.com\/fi\/wp-json\/wp\/v2\/product_cat?post=23"},{"taxonomy":"product_tag","embeddable":true,"href":"https:\/\/smartinthedark.com\/fi\/wp-json\/wp\/v2\/product_tag?post=23"}],"curies":[{"name":"wp","href":"https:\/\/api.w.org\/{rel}","templated":true}]}}