{"id":227,"date":"2019-06-12T14:25:10","date_gmt":"2019-06-12T12:25:10","guid":{"rendered":"https:\/\/smartinthedark.com\/produkt\/import-placeholder-for-36232\/"},"modified":"2026-04-07T13:24:42","modified_gmt":"2026-04-07T11:24:42","slug":"heijastinreppu-joka-nakyy","status":"publish","type":"product","link":"https:\/\/smartinthedark.com\/fi\/produkt\/heijastinreppu-joka-nakyy\/","title":{"rendered":"Heijastinreppu, joka n\u00e4kyy"},"content":{"rendered":"<p>T\u00e4m\u00e4 fiksu heijastinreppu her\u00e4tt\u00e4\u00e4 huomiota jo 125 metrin p\u00e4\u00e4st\u00e4. T\u00e4ydellinen t\u00f6ihin, treeniin tai vapaalle. Voit pit\u00e4\u00e4 sit\u00e4 sel\u00e4ss\u00e4 tai kantaa k\u00e4dess\u00e4. Repun ymp\u00e4ri kulkee heijastin, joka heijastaa 360 astetta. Olkaimet tuovat my\u00f6s n\u00e4kyvyytt\u00e4 toiseen suuntaan. Reppu on vett\u00e4hylkiv\u00e4 ja vuorattu. Siin\u00e4 on vetoketjutasku sis\u00e4ll\u00e4, ja vetoketju p\u00e4\u00e4ll\u00e4. Saatavina heijastinkuviolla mustana, sinisen\u00e4 ja pinkkin\u00e4. Mik\u00e4 on suosikkisi?<\/p>\n<p>\u2022 Vett\u00e4hylkiv\u00e4 polyesterikangas<br \/>\n\u2022 Vuorattu sis\u00e4taskulla<br \/>\n\u2022 Kahva repun kantamiseen k\u00e4dess\u00e4<br \/>\n\u2022 Vetoketju p\u00e4\u00e4ll\u00e4<br \/>\n\u2022 Korkeus 38 cm<br \/>\n\u2022 Leveys 34 cm<\/p>\n","protected":false},"excerpt":{"rendered":"<p>T\u00e4m\u00e4 fiksu heijastinreppu her\u00e4tt\u00e4\u00e4 huomiota jo 125 metrin p\u00e4\u00e4st\u00e4. T\u00e4ydellinen t\u00f6ihin, treeniin tai vapaalle. <b><u><a href=\"#beskrivning\">Lue lis\u00e4\u00e4<\/a><\/u><\/b><\/p>\n","protected":false},"featured_media":242,"comment_status":"open","ping_status":"closed","template":"","meta":{"_trash_the_other_posts":false,"editor_notices":[]},"product_brand":[],"product_cat":[70],"product_tag":[],"class_list":{"0":"post-227","1":"product","2":"type-product","3":"status-publish","4":"has-post-thumbnail","6":"product_cat-reflex-laukku","8":"first","9":"outofstock","10":"taxable","11":"shipping-taxable","12":"purchasable","13":"product-type-variable","14":"has-default-attributes"},"yoast_head":"<!-- This site is optimized with the Yoast SEO plugin v25.9 - https:\/\/yoast.com\/wordpress\/plugins\/seo\/ -->\n<title>Heijastinreppu, joka n\u00e4kyy - Smart In The Dark<\/title>\n<meta name=\"robots\" content=\"index, follow, max-snippet:-1, max-image-preview:large, max-video-preview:-1\" \/>\n<link rel=\"canonical\" href=\"https:\/\/smartinthedark.com\/fi\/produkt\/heijastinreppu-joka-nakyy\/\" \/>\n<meta property=\"og:locale\" content=\"fi_FI\" \/>\n<meta property=\"og:type\" content=\"article\" \/>\n<meta property=\"og:title\" content=\"Heijastinreppu, joka n\u00e4kyy - Smart In The Dark\" \/>\n<meta property=\"og:description\" content=\"T\u00e4m\u00e4 fiksu heijastinreppu her\u00e4tt\u00e4\u00e4 huomiota jo 125 metrin p\u00e4\u00e4st\u00e4. T\u00e4ydellinen t\u00f6ihin, treeniin tai vapaalle. Lue lis\u00e4\u00e4\" \/>\n<meta property=\"og:url\" content=\"https:\/\/smartinthedark.com\/fi\/produkt\/heijastinreppu-joka-nakyy\/\" \/>\n<meta property=\"og:site_name\" content=\"Smart In The Dark\" \/>\n<meta property=\"article:publisher\" content=\"https:\/\/www.facebook.com\/smartinthedark\/\" \/>\n<meta property=\"article:modified_time\" content=\"2026-04-07T11:24:42+00:00\" \/>\n<meta property=\"og:image\" content=\"https:\/\/smartinthedark.com\/fi\/wp-content\/uploads\/sites\/8\/2019\/06\/Gymbag-Ryggs\u00e4ck-med-reflex-Smart-in-the-dark-1.jpg\" \/>\n\t<meta property=\"og:image:width\" content=\"1600\" \/>\n\t<meta property=\"og:image:height\" content=\"1200\" \/>\n\t<meta property=\"og:image:type\" content=\"image\/jpeg\" \/>\n<meta name=\"twitter:card\" content=\"summary_large_image\" \/>\n<script type=\"application\/ld+json\" class=\"yoast-schema-graph\">{\"@context\":\"https:\/\/schema.org\",\"@graph\":[{\"@type\":\"WebPage\",\"@id\":\"https:\/\/smartinthedark.com\/fi\/produkt\/heijastinreppu-joka-nakyy\/\",\"url\":\"https:\/\/smartinthedark.com\/fi\/produkt\/heijastinreppu-joka-nakyy\/\",\"name\":\"Heijastinreppu, joka n\u00e4kyy - Smart In The Dark\",\"isPartOf\":{\"@id\":\"https:\/\/smartinthedark.com\/fi\/#website\"},\"primaryImageOfPage\":{\"@id\":\"https:\/\/smartinthedark.com\/fi\/produkt\/heijastinreppu-joka-nakyy\/#primaryimage\"},\"image\":{\"@id\":\"https:\/\/smartinthedark.com\/fi\/produkt\/heijastinreppu-joka-nakyy\/#primaryimage\"},\"thumbnailUrl\":\"https:\/\/smartinthedark.com\/fi\/wp-content\/uploads\/sites\/8\/2019\/06\/Gymbag-Ryggs\u00e4ck-med-reflex-Smart-in-the-dark-1.jpg\",\"datePublished\":\"2019-06-12T12:25:10+00:00\",\"dateModified\":\"2026-04-07T11:24:42+00:00\",\"breadcrumb\":{\"@id\":\"https:\/\/smartinthedark.com\/fi\/produkt\/heijastinreppu-joka-nakyy\/#breadcrumb\"},\"inLanguage\":\"fi\",\"potentialAction\":[{\"@type\":\"ReadAction\",\"target\":[\"https:\/\/smartinthedark.com\/fi\/produkt\/heijastinreppu-joka-nakyy\/\"]}]},{\"@type\":\"ImageObject\",\"inLanguage\":\"fi\",\"@id\":\"https:\/\/smartinthedark.com\/fi\/produkt\/heijastinreppu-joka-nakyy\/#primaryimage\",\"url\":\"https:\/\/smartinthedark.com\/fi\/wp-content\/uploads\/sites\/8\/2019\/06\/Gymbag-Ryggs\u00e4ck-med-reflex-Smart-in-the-dark-1.jpg\",\"contentUrl\":\"https:\/\/smartinthedark.com\/fi\/wp-content\/uploads\/sites\/8\/2019\/06\/Gymbag-Ryggs\u00e4ck-med-reflex-Smart-in-the-dark-1.jpg\",\"width\":1600,\"height\":1200},{\"@type\":\"BreadcrumbList\",\"@id\":\"https:\/\/smartinthedark.com\/fi\/produkt\/heijastinreppu-joka-nakyy\/#breadcrumb\",\"itemListElement\":[{\"@type\":\"ListItem\",\"position\":1,\"name\":\"Hem\",\"item\":\"https:\/\/smartinthedark.com\/fi\/\"},{\"@type\":\"ListItem\",\"position\":2,\"name\":\"Verkkokauppa\",\"item\":\"https:\/\/smartinthedark.com\/fi\/verkkokauppa\/\"},{\"@type\":\"ListItem\",\"position\":3,\"name\":\"Heijastinreppu, joka n\u00e4kyy\"}]},{\"@type\":\"WebSite\",\"@id\":\"https:\/\/smartinthedark.com\/fi\/#website\",\"url\":\"https:\/\/smartinthedark.com\/fi\/\",\"name\":\"Smart In The Dark\",\"description\":\"\",\"potentialAction\":[{\"@type\":\"SearchAction\",\"target\":{\"@type\":\"EntryPoint\",\"urlTemplate\":\"https:\/\/smartinthedark.com\/fi\/?s={search_term_string}\"},\"query-input\":{\"@type\":\"PropertyValueSpecification\",\"valueRequired\":true,\"valueName\":\"search_term_string\"}}],\"inLanguage\":\"fi\"}]}<\/script>\n<!-- \/ Yoast SEO plugin. -->","yoast_head_json":{"title":"Heijastinreppu, joka n\u00e4kyy - Smart In The Dark","robots":{"index":"index","follow":"follow","max-snippet":"max-snippet:-1","max-image-preview":"max-image-preview:large","max-video-preview":"max-video-preview:-1"},"canonical":"https:\/\/smartinthedark.com\/fi\/produkt\/heijastinreppu-joka-nakyy\/","og_locale":"fi_FI","og_type":"article","og_title":"Heijastinreppu, joka n\u00e4kyy - Smart In The Dark","og_description":"T\u00e4m\u00e4 fiksu heijastinreppu her\u00e4tt\u00e4\u00e4 huomiota jo 125 metrin p\u00e4\u00e4st\u00e4. T\u00e4ydellinen t\u00f6ihin, treeniin tai vapaalle. Lue lis\u00e4\u00e4","og_url":"https:\/\/smartinthedark.com\/fi\/produkt\/heijastinreppu-joka-nakyy\/","og_site_name":"Smart In The Dark","article_publisher":"https:\/\/www.facebook.com\/smartinthedark\/","article_modified_time":"2026-04-07T11:24:42+00:00","og_image":[{"width":1600,"height":1200,"url":"https:\/\/smartinthedark.com\/fi\/wp-content\/uploads\/sites\/8\/2019\/06\/Gymbag-Ryggs\u00e4ck-med-reflex-Smart-in-the-dark-1.jpg","type":"image\/jpeg"}],"twitter_card":"summary_large_image","schema":{"@context":"https:\/\/schema.org","@graph":[{"@type":"WebPage","@id":"https:\/\/smartinthedark.com\/fi\/produkt\/heijastinreppu-joka-nakyy\/","url":"https:\/\/smartinthedark.com\/fi\/produkt\/heijastinreppu-joka-nakyy\/","name":"Heijastinreppu, joka n\u00e4kyy - Smart In The Dark","isPartOf":{"@id":"https:\/\/smartinthedark.com\/fi\/#website"},"primaryImageOfPage":{"@id":"https:\/\/smartinthedark.com\/fi\/produkt\/heijastinreppu-joka-nakyy\/#primaryimage"},"image":{"@id":"https:\/\/smartinthedark.com\/fi\/produkt\/heijastinreppu-joka-nakyy\/#primaryimage"},"thumbnailUrl":"https:\/\/smartinthedark.com\/fi\/wp-content\/uploads\/sites\/8\/2019\/06\/Gymbag-Ryggs\u00e4ck-med-reflex-Smart-in-the-dark-1.jpg","datePublished":"2019-06-12T12:25:10+00:00","dateModified":"2026-04-07T11:24:42+00:00","breadcrumb":{"@id":"https:\/\/smartinthedark.com\/fi\/produkt\/heijastinreppu-joka-nakyy\/#breadcrumb"},"inLanguage":"fi","potentialAction":[{"@type":"ReadAction","target":["https:\/\/smartinthedark.com\/fi\/produkt\/heijastinreppu-joka-nakyy\/"]}]},{"@type":"ImageObject","inLanguage":"fi","@id":"https:\/\/smartinthedark.com\/fi\/produkt\/heijastinreppu-joka-nakyy\/#primaryimage","url":"https:\/\/smartinthedark.com\/fi\/wp-content\/uploads\/sites\/8\/2019\/06\/Gymbag-Ryggs\u00e4ck-med-reflex-Smart-in-the-dark-1.jpg","contentUrl":"https:\/\/smartinthedark.com\/fi\/wp-content\/uploads\/sites\/8\/2019\/06\/Gymbag-Ryggs\u00e4ck-med-reflex-Smart-in-the-dark-1.jpg","width":1600,"height":1200},{"@type":"BreadcrumbList","@id":"https:\/\/smartinthedark.com\/fi\/produkt\/heijastinreppu-joka-nakyy\/#breadcrumb","itemListElement":[{"@type":"ListItem","position":1,"name":"Hem","item":"https:\/\/smartinthedark.com\/fi\/"},{"@type":"ListItem","position":2,"name":"Verkkokauppa","item":"https:\/\/smartinthedark.com\/fi\/verkkokauppa\/"},{"@type":"ListItem","position":3,"name":"Heijastinreppu, joka n\u00e4kyy"}]},{"@type":"WebSite","@id":"https:\/\/smartinthedark.com\/fi\/#website","url":"https:\/\/smartinthedark.com\/fi\/","name":"Smart In The Dark","description":"","potentialAction":[{"@type":"SearchAction","target":{"@type":"EntryPoint","urlTemplate":"https:\/\/smartinthedark.com\/fi\/?s={search_term_string}"},"query-input":{"@type":"PropertyValueSpecification","valueRequired":true,"valueName":"search_term_string"}}],"inLanguage":"fi"}]}},"_links":{"self":[{"href":"https:\/\/smartinthedark.com\/fi\/wp-json\/wp\/v2\/product\/227","targetHints":{"allow":["GET"]}}],"collection":[{"href":"https:\/\/smartinthedark.com\/fi\/wp-json\/wp\/v2\/product"}],"about":[{"href":"https:\/\/smartinthedark.com\/fi\/wp-json\/wp\/v2\/types\/product"}],"replies":[{"embeddable":true,"href":"https:\/\/smartinthedark.com\/fi\/wp-json\/wp\/v2\/comments?post=227"}],"wp:featuredmedia":[{"embeddable":true,"href":"https:\/\/smartinthedark.com\/fi\/wp-json\/wp\/v2\/media\/242"}],"wp:attachment":[{"href":"https:\/\/smartinthedark.com\/fi\/wp-json\/wp\/v2\/media?parent=227"}],"wp:term":[{"taxonomy":"product_brand","embeddable":true,"href":"https:\/\/smartinthedark.com\/fi\/wp-json\/wp\/v2\/product_brand?post=227"},{"taxonomy":"product_cat","embeddable":true,"href":"https:\/\/smartinthedark.com\/fi\/wp-json\/wp\/v2\/product_cat?post=227"},{"taxonomy":"product_tag","embeddable":true,"href":"https:\/\/smartinthedark.com\/fi\/wp-json\/wp\/v2\/product_tag?post=227"}],"curies":[{"name":"wp","href":"https:\/\/api.w.org\/{rel}","templated":true}]}}