{"id":22,"date":"2019-06-12T14:23:12","date_gmt":"2019-06-12T12:23:12","guid":{"rendered":"https:\/\/smartinthedark.com\/produkt\/import-placeholder-for-22298\/"},"modified":"2026-03-10T13:04:34","modified_gmt":"2026-03-10T12:04:34","slug":"heijastava-heijastinpipo-puuvillaa","status":"publish","type":"product","link":"https:\/\/smartinthedark.com\/fi\/produkt\/heijastava-heijastinpipo-puuvillaa\/","title":{"rendered":"Heijastava heijastinpipo puuvillaa"},"content":{"rendered":"<p>T\u00e4m\u00e4 puuvillainen heijastinpipo on eritt\u00e4in hyv\u00e4\u00e4 seuraa. Se on mukavan l\u00e4mmin sek\u00e4 viile\u00e4n\u00e4 syysp\u00e4iv\u00e4n\u00e4 ett\u00e4 kauniina kev\u00e4tp\u00e4iv\u00e4n\u00e4. Sit\u00e4 on saatavilla useissa eri v\u00e4reiss\u00e4, jotka sopivat p\u00e4iv\u00e4n asuun. Sen lis\u00e4ksi pipo heijastaa 360 astetta, joten n\u00e4yt varmasti joka suuntaan. Pipoa on saatavilla kahdessa koossa ja kolmessa kuviossa \u2013 Revontulet, Hilla ja Puolukka, mallistosta Nordic Silver Collection. Kysymys onkin, mik\u00e4 kuvio on suosikkisi.<\/p>\n<p>Heijastimiemme ansiosta n\u00e4yt pime\u00e4ss\u00e4 yli 125 metrin p\u00e4\u00e4h\u00e4n. Ne on valmistettu 3M Scotchlitesta, joka on yksi markkinoiden turvallisimmista ja parhaimmista heijastinmateriaaleista.<\/p>\n<p>\u2022 Saatavilla kahdessa koossa: S-M (56-58 cm) ja L-XL (58-60 cm)<br \/>\n\u2022 Kaksoiskerros puuvillaa\/jerseyt\u00e4<br \/>\n\u2022 Mukava joustava materiaali<br \/>\n\u2022 Heijastinleveys 3,5 cm<\/p>\n","protected":false},"excerpt":{"rendered":"<p>T\u00e4m\u00e4 puuvillainen heijastinpipo on eritt\u00e4in hyv\u00e4\u00e4 seuraa. Se on mukavan l\u00e4mmin sek\u00e4 viile\u00e4n\u00e4 syysp\u00e4iv\u00e4n\u00e4 ett\u00e4 kauniina kev\u00e4tp\u00e4iv\u00e4n\u00e4. <b><u><a href=\"#beskrivning\">Lue lis\u00e4\u00e4<\/a><\/u><\/b><\/p>\n","protected":false},"featured_media":25298,"comment_status":"open","ping_status":"closed","template":"","meta":{"_trash_the_other_posts":false,"editor_notices":[]},"product_brand":[],"product_cat":[68],"product_tag":[],"class_list":{"0":"post-22","1":"product","2":"type-product","3":"status-publish","4":"has-post-thumbnail","6":"product_cat-reflex-hattu-ja-paapanta","8":"first","9":"instock","10":"taxable","11":"shipping-taxable","12":"purchasable","13":"product-type-variable","14":"has-default-attributes"},"yoast_head":"<!-- This site is optimized with the Yoast SEO plugin v25.9 - https:\/\/yoast.com\/wordpress\/plugins\/seo\/ -->\n<title>Heijastava heijastinpipo puuvillaa - Smart In The Dark<\/title>\n<meta name=\"description\" content=\"T\u00e4m\u00e4 puuvillainen heijastinpipo on eritt\u00e4in hyv\u00e4\u00e4 seuraa. Se on mukavan l\u00e4mmin sek\u00e4 viile\u00e4n\u00e4 syysp\u00e4iv\u00e4n\u00e4 ett\u00e4 kauniina kev\u00e4tp\u00e4iv\u00e4n\u00e4.\" \/>\n<meta name=\"robots\" content=\"index, follow, max-snippet:-1, max-image-preview:large, max-video-preview:-1\" \/>\n<link rel=\"canonical\" href=\"https:\/\/smartinthedark.com\/fi\/produkt\/heijastava-heijastinpipo-puuvillaa\/\" \/>\n<meta property=\"og:locale\" content=\"fi_FI\" \/>\n<meta property=\"og:type\" content=\"article\" \/>\n<meta property=\"og:title\" content=\"Heijastava heijastinpipo puuvillaa - Smart In The Dark\" \/>\n<meta property=\"og:description\" content=\"T\u00e4m\u00e4 puuvillainen heijastinpipo on eritt\u00e4in hyv\u00e4\u00e4 seuraa. Se on mukavan l\u00e4mmin sek\u00e4 viile\u00e4n\u00e4 syysp\u00e4iv\u00e4n\u00e4 ett\u00e4 kauniina kev\u00e4tp\u00e4iv\u00e4n\u00e4.\" \/>\n<meta property=\"og:url\" content=\"https:\/\/smartinthedark.com\/fi\/produkt\/heijastava-heijastinpipo-puuvillaa\/\" \/>\n<meta property=\"og:site_name\" content=\"Smart In The Dark\" \/>\n<meta property=\"article:publisher\" content=\"https:\/\/www.facebook.com\/smartinthedark\/\" \/>\n<meta property=\"article:modified_time\" content=\"2026-03-10T12:04:34+00:00\" \/>\n<meta property=\"og:image\" content=\"https:\/\/smartinthedark.com\/fi\/wp-content\/uploads\/sites\/8\/2019\/06\/Mjuk-m\u00f6ssa-med-reflex-Smart-in-the-dark.jpg\" \/>\n\t<meta property=\"og:image:width\" content=\"1630\" \/>\n\t<meta property=\"og:image:height\" content=\"1697\" \/>\n\t<meta property=\"og:image:type\" content=\"image\/jpeg\" \/>\n<meta name=\"twitter:card\" content=\"summary_large_image\" \/>\n<meta name=\"twitter:label1\" content=\"Est. reading time\" \/>\n\t<meta name=\"twitter:data1\" content=\"1 minute\" \/>\n<script type=\"application\/ld+json\" class=\"yoast-schema-graph\">{\"@context\":\"https:\/\/schema.org\",\"@graph\":[{\"@type\":\"WebPage\",\"@id\":\"https:\/\/smartinthedark.com\/fi\/produkt\/heijastava-heijastinpipo-puuvillaa\/\",\"url\":\"https:\/\/smartinthedark.com\/fi\/produkt\/heijastava-heijastinpipo-puuvillaa\/\",\"name\":\"Heijastava heijastinpipo puuvillaa - Smart In The Dark\",\"isPartOf\":{\"@id\":\"https:\/\/smartinthedark.com\/fi\/#website\"},\"primaryImageOfPage\":{\"@id\":\"https:\/\/smartinthedark.com\/fi\/produkt\/heijastava-heijastinpipo-puuvillaa\/#primaryimage\"},\"image\":{\"@id\":\"https:\/\/smartinthedark.com\/fi\/produkt\/heijastava-heijastinpipo-puuvillaa\/#primaryimage\"},\"thumbnailUrl\":\"https:\/\/smartinthedark.com\/fi\/wp-content\/uploads\/sites\/8\/2019\/06\/Mjuk-m\u00f6ssa-med-reflex-Smart-in-the-dark.jpg\",\"datePublished\":\"2019-06-12T12:23:12+00:00\",\"dateModified\":\"2026-03-10T12:04:34+00:00\",\"description\":\"T\u00e4m\u00e4 puuvillainen heijastinpipo on eritt\u00e4in hyv\u00e4\u00e4 seuraa. Se on mukavan l\u00e4mmin sek\u00e4 viile\u00e4n\u00e4 syysp\u00e4iv\u00e4n\u00e4 ett\u00e4 kauniina kev\u00e4tp\u00e4iv\u00e4n\u00e4.\",\"breadcrumb\":{\"@id\":\"https:\/\/smartinthedark.com\/fi\/produkt\/heijastava-heijastinpipo-puuvillaa\/#breadcrumb\"},\"inLanguage\":\"fi\",\"potentialAction\":[{\"@type\":\"ReadAction\",\"target\":[\"https:\/\/smartinthedark.com\/fi\/produkt\/heijastava-heijastinpipo-puuvillaa\/\"]}]},{\"@type\":\"ImageObject\",\"inLanguage\":\"fi\",\"@id\":\"https:\/\/smartinthedark.com\/fi\/produkt\/heijastava-heijastinpipo-puuvillaa\/#primaryimage\",\"url\":\"https:\/\/smartinthedark.com\/fi\/wp-content\/uploads\/sites\/8\/2019\/06\/Mjuk-m\u00f6ssa-med-reflex-Smart-in-the-dark.jpg\",\"contentUrl\":\"https:\/\/smartinthedark.com\/fi\/wp-content\/uploads\/sites\/8\/2019\/06\/Mjuk-m\u00f6ssa-med-reflex-Smart-in-the-dark.jpg\",\"width\":1630,\"height\":1697},{\"@type\":\"BreadcrumbList\",\"@id\":\"https:\/\/smartinthedark.com\/fi\/produkt\/heijastava-heijastinpipo-puuvillaa\/#breadcrumb\",\"itemListElement\":[{\"@type\":\"ListItem\",\"position\":1,\"name\":\"Hem\",\"item\":\"https:\/\/smartinthedark.com\/fi\/\"},{\"@type\":\"ListItem\",\"position\":2,\"name\":\"Verkkokauppa\",\"item\":\"https:\/\/smartinthedark.com\/fi\/verkkokauppa\/\"},{\"@type\":\"ListItem\",\"position\":3,\"name\":\"Heijastava heijastinpipo puuvillaa\"}]},{\"@type\":\"WebSite\",\"@id\":\"https:\/\/smartinthedark.com\/fi\/#website\",\"url\":\"https:\/\/smartinthedark.com\/fi\/\",\"name\":\"Smart In The Dark\",\"description\":\"\",\"potentialAction\":[{\"@type\":\"SearchAction\",\"target\":{\"@type\":\"EntryPoint\",\"urlTemplate\":\"https:\/\/smartinthedark.com\/fi\/?s={search_term_string}\"},\"query-input\":{\"@type\":\"PropertyValueSpecification\",\"valueRequired\":true,\"valueName\":\"search_term_string\"}}],\"inLanguage\":\"fi\"}]}<\/script>\n<!-- \/ Yoast SEO plugin. -->","yoast_head_json":{"title":"Heijastava heijastinpipo puuvillaa - Smart In The Dark","description":"T\u00e4m\u00e4 puuvillainen heijastinpipo on eritt\u00e4in hyv\u00e4\u00e4 seuraa. Se on mukavan l\u00e4mmin sek\u00e4 viile\u00e4n\u00e4 syysp\u00e4iv\u00e4n\u00e4 ett\u00e4 kauniina kev\u00e4tp\u00e4iv\u00e4n\u00e4.","robots":{"index":"index","follow":"follow","max-snippet":"max-snippet:-1","max-image-preview":"max-image-preview:large","max-video-preview":"max-video-preview:-1"},"canonical":"https:\/\/smartinthedark.com\/fi\/produkt\/heijastava-heijastinpipo-puuvillaa\/","og_locale":"fi_FI","og_type":"article","og_title":"Heijastava heijastinpipo puuvillaa - Smart In The Dark","og_description":"T\u00e4m\u00e4 puuvillainen heijastinpipo on eritt\u00e4in hyv\u00e4\u00e4 seuraa. Se on mukavan l\u00e4mmin sek\u00e4 viile\u00e4n\u00e4 syysp\u00e4iv\u00e4n\u00e4 ett\u00e4 kauniina kev\u00e4tp\u00e4iv\u00e4n\u00e4.","og_url":"https:\/\/smartinthedark.com\/fi\/produkt\/heijastava-heijastinpipo-puuvillaa\/","og_site_name":"Smart In The Dark","article_publisher":"https:\/\/www.facebook.com\/smartinthedark\/","article_modified_time":"2026-03-10T12:04:34+00:00","og_image":[{"width":1630,"height":1697,"url":"https:\/\/smartinthedark.com\/fi\/wp-content\/uploads\/sites\/8\/2019\/06\/Mjuk-m\u00f6ssa-med-reflex-Smart-in-the-dark.jpg","type":"image\/jpeg"}],"twitter_card":"summary_large_image","twitter_misc":{"Est. reading time":"1 minute"},"schema":{"@context":"https:\/\/schema.org","@graph":[{"@type":"WebPage","@id":"https:\/\/smartinthedark.com\/fi\/produkt\/heijastava-heijastinpipo-puuvillaa\/","url":"https:\/\/smartinthedark.com\/fi\/produkt\/heijastava-heijastinpipo-puuvillaa\/","name":"Heijastava heijastinpipo puuvillaa - Smart In The Dark","isPartOf":{"@id":"https:\/\/smartinthedark.com\/fi\/#website"},"primaryImageOfPage":{"@id":"https:\/\/smartinthedark.com\/fi\/produkt\/heijastava-heijastinpipo-puuvillaa\/#primaryimage"},"image":{"@id":"https:\/\/smartinthedark.com\/fi\/produkt\/heijastava-heijastinpipo-puuvillaa\/#primaryimage"},"thumbnailUrl":"https:\/\/smartinthedark.com\/fi\/wp-content\/uploads\/sites\/8\/2019\/06\/Mjuk-m\u00f6ssa-med-reflex-Smart-in-the-dark.jpg","datePublished":"2019-06-12T12:23:12+00:00","dateModified":"2026-03-10T12:04:34+00:00","description":"T\u00e4m\u00e4 puuvillainen heijastinpipo on eritt\u00e4in hyv\u00e4\u00e4 seuraa. Se on mukavan l\u00e4mmin sek\u00e4 viile\u00e4n\u00e4 syysp\u00e4iv\u00e4n\u00e4 ett\u00e4 kauniina kev\u00e4tp\u00e4iv\u00e4n\u00e4.","breadcrumb":{"@id":"https:\/\/smartinthedark.com\/fi\/produkt\/heijastava-heijastinpipo-puuvillaa\/#breadcrumb"},"inLanguage":"fi","potentialAction":[{"@type":"ReadAction","target":["https:\/\/smartinthedark.com\/fi\/produkt\/heijastava-heijastinpipo-puuvillaa\/"]}]},{"@type":"ImageObject","inLanguage":"fi","@id":"https:\/\/smartinthedark.com\/fi\/produkt\/heijastava-heijastinpipo-puuvillaa\/#primaryimage","url":"https:\/\/smartinthedark.com\/fi\/wp-content\/uploads\/sites\/8\/2019\/06\/Mjuk-m\u00f6ssa-med-reflex-Smart-in-the-dark.jpg","contentUrl":"https:\/\/smartinthedark.com\/fi\/wp-content\/uploads\/sites\/8\/2019\/06\/Mjuk-m\u00f6ssa-med-reflex-Smart-in-the-dark.jpg","width":1630,"height":1697},{"@type":"BreadcrumbList","@id":"https:\/\/smartinthedark.com\/fi\/produkt\/heijastava-heijastinpipo-puuvillaa\/#breadcrumb","itemListElement":[{"@type":"ListItem","position":1,"name":"Hem","item":"https:\/\/smartinthedark.com\/fi\/"},{"@type":"ListItem","position":2,"name":"Verkkokauppa","item":"https:\/\/smartinthedark.com\/fi\/verkkokauppa\/"},{"@type":"ListItem","position":3,"name":"Heijastava heijastinpipo puuvillaa"}]},{"@type":"WebSite","@id":"https:\/\/smartinthedark.com\/fi\/#website","url":"https:\/\/smartinthedark.com\/fi\/","name":"Smart In The Dark","description":"","potentialAction":[{"@type":"SearchAction","target":{"@type":"EntryPoint","urlTemplate":"https:\/\/smartinthedark.com\/fi\/?s={search_term_string}"},"query-input":{"@type":"PropertyValueSpecification","valueRequired":true,"valueName":"search_term_string"}}],"inLanguage":"fi"}]}},"_links":{"self":[{"href":"https:\/\/smartinthedark.com\/fi\/wp-json\/wp\/v2\/product\/22","targetHints":{"allow":["GET"]}}],"collection":[{"href":"https:\/\/smartinthedark.com\/fi\/wp-json\/wp\/v2\/product"}],"about":[{"href":"https:\/\/smartinthedark.com\/fi\/wp-json\/wp\/v2\/types\/product"}],"replies":[{"embeddable":true,"href":"https:\/\/smartinthedark.com\/fi\/wp-json\/wp\/v2\/comments?post=22"}],"wp:featuredmedia":[{"embeddable":true,"href":"https:\/\/smartinthedark.com\/fi\/wp-json\/wp\/v2\/media\/25298"}],"wp:attachment":[{"href":"https:\/\/smartinthedark.com\/fi\/wp-json\/wp\/v2\/media?parent=22"}],"wp:term":[{"taxonomy":"product_brand","embeddable":true,"href":"https:\/\/smartinthedark.com\/fi\/wp-json\/wp\/v2\/product_brand?post=22"},{"taxonomy":"product_cat","embeddable":true,"href":"https:\/\/smartinthedark.com\/fi\/wp-json\/wp\/v2\/product_cat?post=22"},{"taxonomy":"product_tag","embeddable":true,"href":"https:\/\/smartinthedark.com\/fi\/wp-json\/wp\/v2\/product_tag?post=22"}],"curies":[{"name":"wp","href":"https:\/\/api.w.org\/{rel}","templated":true}]}}