{"id":21,"date":"2019-06-12T14:23:12","date_gmt":"2019-06-12T12:23:12","guid":{"rendered":"https:\/\/smartinthedark.com\/produkt\/import-placeholder-for-22297\/"},"modified":"2026-02-09T16:19:41","modified_gmt":"2026-02-09T15:19:41","slug":"tyylikas-heijastinlaukku","status":"publish","type":"product","link":"https:\/\/smartinthedark.com\/fi\/produkt\/tyylikas-heijastinlaukku\/","title":{"rendered":"Tyylik\u00e4s heijastinlaukku"},"content":{"rendered":"<p>T\u00e4m\u00e4 tyylik\u00e4s heijastinlaukku valaisee mink\u00e4 tahansa pime\u00e4n p\u00e4iv\u00e4n. Siin\u00e4 on my\u00f6s tilaa t\u00e4rkeimmille tavaroillesi. Laukku on vett\u00e4hylkiv\u00e4 ja kest\u00e4\u00e4 sadetta. Laukku on vuorattu, siin\u00e4 on tasku sis\u00e4ll\u00e4 ja vetoketju p\u00e4\u00e4ll\u00e4. Sen lis\u00e4ksi laukku heijastaa 360 astetta, joten voit olla varma, ett\u00e4 n\u00e4yt joka suuntaan. Laukkua on saatavilla pinkkin\u00e4, mustana ja merensinisen\u00e4 viidell\u00e4 eri Pohjolan inspiroimalla heijastinkuviolla \u2013 Hilla, Punos, Revontulet ja Puolukka. Mik\u00e4 laukku her\u00e4tt\u00e4\u00e4 huomiosi parhaiten?<\/p>\n<p>\u2022 Vett\u00e4hylkiv\u00e4 laukku polyesteri\u00e4<br \/>\n\u2022 Puuvillavuorattu sis\u00e4taskulla<br \/>\n\u2022 Vetoketju p\u00e4\u00e4ll\u00e4<br \/>\n\u2022 Korkeus 38 cm<br \/>\n\u2022 Leveys 34 cm<\/p>\n","protected":false},"excerpt":{"rendered":"<p>T\u00e4m\u00e4 tyylik\u00e4s heijastinlaukku valaisee mink\u00e4 tahansa pime\u00e4n p\u00e4iv\u00e4n. Siin\u00e4 on my\u00f6s tilaa t\u00e4rkeimmille tavaroillesi. <b><u><a href=\"#beskrivning\">Lue lis\u00e4\u00e4<\/a><\/u><\/b><\/p>\n","protected":false},"featured_media":25299,"comment_status":"open","ping_status":"closed","template":"","meta":{"_trash_the_other_posts":false,"editor_notices":[]},"product_brand":[],"product_cat":[70],"product_tag":[],"class_list":{"0":"post-21","1":"product","2":"type-product","3":"status-publish","4":"has-post-thumbnail","6":"product_cat-reflex-laukku","8":"first","9":"instock","10":"taxable","11":"shipping-taxable","12":"purchasable","13":"product-type-variable","14":"has-default-attributes"},"yoast_head":"<!-- This site is optimized with the Yoast SEO plugin v25.9 - https:\/\/yoast.com\/wordpress\/plugins\/seo\/ -->\n<title>Tyylik\u00e4s heijastinlaukku - Smart In The Dark<\/title>\n<meta name=\"description\" content=\"T\u00e4m\u00e4 tyylik\u00e4s heijastinlaukku valaisee mink\u00e4 tahansa pime\u00e4n p\u00e4iv\u00e4n. Siin\u00e4 on my\u00f6s tilaa t\u00e4rkeimmille tavaroillesi.\" \/>\n<meta name=\"robots\" content=\"index, follow, max-snippet:-1, max-image-preview:large, max-video-preview:-1\" \/>\n<link rel=\"canonical\" href=\"https:\/\/smartinthedark.com\/fi\/produkt\/tyylikas-heijastinlaukku\/\" \/>\n<meta property=\"og:locale\" content=\"fi_FI\" \/>\n<meta property=\"og:type\" content=\"article\" \/>\n<meta property=\"og:title\" content=\"Tyylik\u00e4s heijastinlaukku - Smart In The Dark\" \/>\n<meta property=\"og:description\" content=\"T\u00e4m\u00e4 tyylik\u00e4s heijastinlaukku valaisee mink\u00e4 tahansa pime\u00e4n p\u00e4iv\u00e4n. Siin\u00e4 on my\u00f6s tilaa t\u00e4rkeimmille tavaroillesi.\" \/>\n<meta property=\"og:url\" content=\"https:\/\/smartinthedark.com\/fi\/produkt\/tyylikas-heijastinlaukku\/\" \/>\n<meta property=\"og:site_name\" content=\"Smart In The Dark\" \/>\n<meta property=\"article:publisher\" content=\"https:\/\/www.facebook.com\/smartinthedark\/\" \/>\n<meta property=\"article:modified_time\" content=\"2026-02-09T15:19:41+00:00\" \/>\n<meta property=\"og:image\" content=\"https:\/\/smartinthedark.com\/fi\/wp-content\/uploads\/sites\/8\/2019\/06\/svart-sjal-med-rosa-v\u00e4ska.png\" \/>\n\t<meta property=\"og:image:width\" content=\"1932\" \/>\n\t<meta property=\"og:image:height\" content=\"1873\" \/>\n\t<meta property=\"og:image:type\" content=\"image\/png\" \/>\n<meta name=\"twitter:card\" content=\"summary_large_image\" \/>\n<script type=\"application\/ld+json\" class=\"yoast-schema-graph\">{\"@context\":\"https:\/\/schema.org\",\"@graph\":[{\"@type\":\"WebPage\",\"@id\":\"https:\/\/smartinthedark.com\/fi\/produkt\/tyylikas-heijastinlaukku\/\",\"url\":\"https:\/\/smartinthedark.com\/fi\/produkt\/tyylikas-heijastinlaukku\/\",\"name\":\"Tyylik\u00e4s heijastinlaukku - Smart In The Dark\",\"isPartOf\":{\"@id\":\"https:\/\/smartinthedark.com\/fi\/#website\"},\"primaryImageOfPage\":{\"@id\":\"https:\/\/smartinthedark.com\/fi\/produkt\/tyylikas-heijastinlaukku\/#primaryimage\"},\"image\":{\"@id\":\"https:\/\/smartinthedark.com\/fi\/produkt\/tyylikas-heijastinlaukku\/#primaryimage\"},\"thumbnailUrl\":\"https:\/\/smartinthedark.com\/fi\/wp-content\/uploads\/sites\/8\/2019\/06\/svart-sjal-med-rosa-v\u00e4ska.png\",\"datePublished\":\"2019-06-12T12:23:12+00:00\",\"dateModified\":\"2026-02-09T15:19:41+00:00\",\"description\":\"T\u00e4m\u00e4 tyylik\u00e4s heijastinlaukku valaisee mink\u00e4 tahansa pime\u00e4n p\u00e4iv\u00e4n. Siin\u00e4 on my\u00f6s tilaa t\u00e4rkeimmille tavaroillesi.\",\"breadcrumb\":{\"@id\":\"https:\/\/smartinthedark.com\/fi\/produkt\/tyylikas-heijastinlaukku\/#breadcrumb\"},\"inLanguage\":\"fi\",\"potentialAction\":[{\"@type\":\"ReadAction\",\"target\":[\"https:\/\/smartinthedark.com\/fi\/produkt\/tyylikas-heijastinlaukku\/\"]}]},{\"@type\":\"ImageObject\",\"inLanguage\":\"fi\",\"@id\":\"https:\/\/smartinthedark.com\/fi\/produkt\/tyylikas-heijastinlaukku\/#primaryimage\",\"url\":\"https:\/\/smartinthedark.com\/fi\/wp-content\/uploads\/sites\/8\/2019\/06\/svart-sjal-med-rosa-v\u00e4ska.png\",\"contentUrl\":\"https:\/\/smartinthedark.com\/fi\/wp-content\/uploads\/sites\/8\/2019\/06\/svart-sjal-med-rosa-v\u00e4ska.png\",\"width\":1932,\"height\":1873},{\"@type\":\"BreadcrumbList\",\"@id\":\"https:\/\/smartinthedark.com\/fi\/produkt\/tyylikas-heijastinlaukku\/#breadcrumb\",\"itemListElement\":[{\"@type\":\"ListItem\",\"position\":1,\"name\":\"Hem\",\"item\":\"https:\/\/smartinthedark.com\/fi\/\"},{\"@type\":\"ListItem\",\"position\":2,\"name\":\"Verkkokauppa\",\"item\":\"https:\/\/smartinthedark.com\/fi\/verkkokauppa\/\"},{\"@type\":\"ListItem\",\"position\":3,\"name\":\"Tyylik\u00e4s heijastinlaukku\"}]},{\"@type\":\"WebSite\",\"@id\":\"https:\/\/smartinthedark.com\/fi\/#website\",\"url\":\"https:\/\/smartinthedark.com\/fi\/\",\"name\":\"Smart In The Dark\",\"description\":\"\",\"potentialAction\":[{\"@type\":\"SearchAction\",\"target\":{\"@type\":\"EntryPoint\",\"urlTemplate\":\"https:\/\/smartinthedark.com\/fi\/?s={search_term_string}\"},\"query-input\":{\"@type\":\"PropertyValueSpecification\",\"valueRequired\":true,\"valueName\":\"search_term_string\"}}],\"inLanguage\":\"fi\"}]}<\/script>\n<!-- \/ Yoast SEO plugin. -->","yoast_head_json":{"title":"Tyylik\u00e4s heijastinlaukku - Smart In The Dark","description":"T\u00e4m\u00e4 tyylik\u00e4s heijastinlaukku valaisee mink\u00e4 tahansa pime\u00e4n p\u00e4iv\u00e4n. Siin\u00e4 on my\u00f6s tilaa t\u00e4rkeimmille tavaroillesi.","robots":{"index":"index","follow":"follow","max-snippet":"max-snippet:-1","max-image-preview":"max-image-preview:large","max-video-preview":"max-video-preview:-1"},"canonical":"https:\/\/smartinthedark.com\/fi\/produkt\/tyylikas-heijastinlaukku\/","og_locale":"fi_FI","og_type":"article","og_title":"Tyylik\u00e4s heijastinlaukku - Smart In The Dark","og_description":"T\u00e4m\u00e4 tyylik\u00e4s heijastinlaukku valaisee mink\u00e4 tahansa pime\u00e4n p\u00e4iv\u00e4n. Siin\u00e4 on my\u00f6s tilaa t\u00e4rkeimmille tavaroillesi.","og_url":"https:\/\/smartinthedark.com\/fi\/produkt\/tyylikas-heijastinlaukku\/","og_site_name":"Smart In The Dark","article_publisher":"https:\/\/www.facebook.com\/smartinthedark\/","article_modified_time":"2026-02-09T15:19:41+00:00","og_image":[{"width":1932,"height":1873,"url":"https:\/\/smartinthedark.com\/fi\/wp-content\/uploads\/sites\/8\/2019\/06\/svart-sjal-med-rosa-v\u00e4ska.png","type":"image\/png"}],"twitter_card":"summary_large_image","schema":{"@context":"https:\/\/schema.org","@graph":[{"@type":"WebPage","@id":"https:\/\/smartinthedark.com\/fi\/produkt\/tyylikas-heijastinlaukku\/","url":"https:\/\/smartinthedark.com\/fi\/produkt\/tyylikas-heijastinlaukku\/","name":"Tyylik\u00e4s heijastinlaukku - Smart In The Dark","isPartOf":{"@id":"https:\/\/smartinthedark.com\/fi\/#website"},"primaryImageOfPage":{"@id":"https:\/\/smartinthedark.com\/fi\/produkt\/tyylikas-heijastinlaukku\/#primaryimage"},"image":{"@id":"https:\/\/smartinthedark.com\/fi\/produkt\/tyylikas-heijastinlaukku\/#primaryimage"},"thumbnailUrl":"https:\/\/smartinthedark.com\/fi\/wp-content\/uploads\/sites\/8\/2019\/06\/svart-sjal-med-rosa-v\u00e4ska.png","datePublished":"2019-06-12T12:23:12+00:00","dateModified":"2026-02-09T15:19:41+00:00","description":"T\u00e4m\u00e4 tyylik\u00e4s heijastinlaukku valaisee mink\u00e4 tahansa pime\u00e4n p\u00e4iv\u00e4n. Siin\u00e4 on my\u00f6s tilaa t\u00e4rkeimmille tavaroillesi.","breadcrumb":{"@id":"https:\/\/smartinthedark.com\/fi\/produkt\/tyylikas-heijastinlaukku\/#breadcrumb"},"inLanguage":"fi","potentialAction":[{"@type":"ReadAction","target":["https:\/\/smartinthedark.com\/fi\/produkt\/tyylikas-heijastinlaukku\/"]}]},{"@type":"ImageObject","inLanguage":"fi","@id":"https:\/\/smartinthedark.com\/fi\/produkt\/tyylikas-heijastinlaukku\/#primaryimage","url":"https:\/\/smartinthedark.com\/fi\/wp-content\/uploads\/sites\/8\/2019\/06\/svart-sjal-med-rosa-v\u00e4ska.png","contentUrl":"https:\/\/smartinthedark.com\/fi\/wp-content\/uploads\/sites\/8\/2019\/06\/svart-sjal-med-rosa-v\u00e4ska.png","width":1932,"height":1873},{"@type":"BreadcrumbList","@id":"https:\/\/smartinthedark.com\/fi\/produkt\/tyylikas-heijastinlaukku\/#breadcrumb","itemListElement":[{"@type":"ListItem","position":1,"name":"Hem","item":"https:\/\/smartinthedark.com\/fi\/"},{"@type":"ListItem","position":2,"name":"Verkkokauppa","item":"https:\/\/smartinthedark.com\/fi\/verkkokauppa\/"},{"@type":"ListItem","position":3,"name":"Tyylik\u00e4s heijastinlaukku"}]},{"@type":"WebSite","@id":"https:\/\/smartinthedark.com\/fi\/#website","url":"https:\/\/smartinthedark.com\/fi\/","name":"Smart In The Dark","description":"","potentialAction":[{"@type":"SearchAction","target":{"@type":"EntryPoint","urlTemplate":"https:\/\/smartinthedark.com\/fi\/?s={search_term_string}"},"query-input":{"@type":"PropertyValueSpecification","valueRequired":true,"valueName":"search_term_string"}}],"inLanguage":"fi"}]}},"_links":{"self":[{"href":"https:\/\/smartinthedark.com\/fi\/wp-json\/wp\/v2\/product\/21","targetHints":{"allow":["GET"]}}],"collection":[{"href":"https:\/\/smartinthedark.com\/fi\/wp-json\/wp\/v2\/product"}],"about":[{"href":"https:\/\/smartinthedark.com\/fi\/wp-json\/wp\/v2\/types\/product"}],"replies":[{"embeddable":true,"href":"https:\/\/smartinthedark.com\/fi\/wp-json\/wp\/v2\/comments?post=21"}],"wp:featuredmedia":[{"embeddable":true,"href":"https:\/\/smartinthedark.com\/fi\/wp-json\/wp\/v2\/media\/25299"}],"wp:attachment":[{"href":"https:\/\/smartinthedark.com\/fi\/wp-json\/wp\/v2\/media?parent=21"}],"wp:term":[{"taxonomy":"product_brand","embeddable":true,"href":"https:\/\/smartinthedark.com\/fi\/wp-json\/wp\/v2\/product_brand?post=21"},{"taxonomy":"product_cat","embeddable":true,"href":"https:\/\/smartinthedark.com\/fi\/wp-json\/wp\/v2\/product_cat?post=21"},{"taxonomy":"product_tag","embeddable":true,"href":"https:\/\/smartinthedark.com\/fi\/wp-json\/wp\/v2\/product_tag?post=21"}],"curies":[{"name":"wp","href":"https:\/\/api.w.org\/{rel}","templated":true}]}}