{"id":182,"date":"2019-06-12T14:24:37","date_gmt":"2019-06-12T12:24:37","guid":{"rendered":"https:\/\/smartinthedark.com\/produkt\/import-placeholder-for-24546\/"},"modified":"2026-04-11T13:32:25","modified_gmt":"2026-04-11T11:32:25","slug":"heijastava-huivi-joka-sopii-tyyliin","status":"publish","type":"product","link":"https:\/\/smartinthedark.com\/fi\/produkt\/heijastava-huivi-joka-sopii-tyyliin\/","title":{"rendered":"Heijastava huivi, joka sopii tyyliin"},"content":{"rendered":"<p>Pue jakku tai takki pehme\u00e4n ja kauniin huivin kanssa \u2013 valmistettu viskoosista, nailonista ja lycrasta. Huivi on kolmionmuotoinen ja koristeltu r\u00f6yhel\u00f6ll\u00e4 sek\u00e4 heijastimella kummallakin sivulla. Sen lis\u00e4ksi, ett\u00e4 n\u00e4yt hyvin pime\u00e4ss\u00e4, huivi l\u00e4mmitt\u00e4\u00e4 ja suojaa tuulelta. T\u00e4ydellinen vaate, jota voi k\u00e4ytt\u00e4\u00e4 vuoden ymp\u00e4ri. Huivi voidaan sitoa ja sit\u00e4 voidaan pit\u00e4\u00e4 eri tavoilla. Joten stailaa huivisi juuri kuten haluat!<\/p>\n<p>Heijastimiemme ansiosta n\u00e4yt pime\u00e4ss\u00e4 yli 125 metrin p\u00e4\u00e4h\u00e4n. Ne on valmistettu 3M Scotchlitesta, joka on yksi markkinoiden turvallisimmista ja parhaimmista heijastinmateriaaleista.<\/p>\n<ul>\n<li>Kangas 68 %, viskoosi 28 %, nailon ja 4% lycra<\/li>\n<li>Heijastin 3,5 cm x 270 cm<\/li>\n<li>Koko 200 cm x 65 cm<\/li>\n<\/ul>\n","protected":false},"excerpt":{"rendered":"<p>Pue jakku tai takki pehme\u00e4n ja kauniin huivin kanssa \u2013 valmistettu viskoosista, nailonista ja lycrasta. <b><u><a href=\"#beskrivning\">Lue lis\u00e4\u00e4<\/a><\/u><\/b><\/p>\n","protected":false},"featured_media":25297,"comment_status":"open","ping_status":"closed","template":"","meta":{"_trash_the_other_posts":false,"editor_notices":[]},"product_brand":[],"product_cat":[69],"product_tag":[],"class_list":{"0":"post-182","1":"product","2":"type-product","3":"status-publish","4":"has-post-thumbnail","6":"product_cat-reflex-lisavaruste","8":"first","9":"instock","10":"taxable","11":"shipping-taxable","12":"purchasable","13":"product-type-variable","14":"has-default-attributes"},"yoast_head":"<!-- This site is optimized with the Yoast SEO plugin v25.9 - https:\/\/yoast.com\/wordpress\/plugins\/seo\/ -->\n<title>Heijastava huivi, joka sopii tyyliin - Smart In The Dark<\/title>\n<meta name=\"description\" content=\"Pue jakku tai takki pehme\u00e4n ja kauniin huivin kanssa \u2013 valmistettu viskoosista, nailonista ja lycrasta.\" \/>\n<meta name=\"robots\" content=\"index, follow, max-snippet:-1, max-image-preview:large, max-video-preview:-1\" \/>\n<link rel=\"canonical\" href=\"https:\/\/smartinthedark.com\/fi\/produkt\/heijastava-huivi-joka-sopii-tyyliin\/\" \/>\n<meta property=\"og:locale\" content=\"fi_FI\" \/>\n<meta property=\"og:type\" content=\"article\" \/>\n<meta property=\"og:title\" content=\"Heijastava huivi, joka sopii tyyliin - Smart In The Dark\" \/>\n<meta property=\"og:description\" content=\"Pue jakku tai takki pehme\u00e4n ja kauniin huivin kanssa \u2013 valmistettu viskoosista, nailonista ja lycrasta.\" \/>\n<meta property=\"og:url\" content=\"https:\/\/smartinthedark.com\/fi\/produkt\/heijastava-huivi-joka-sopii-tyyliin\/\" \/>\n<meta property=\"og:site_name\" content=\"Smart In The Dark\" \/>\n<meta property=\"article:publisher\" content=\"https:\/\/www.facebook.com\/smartinthedark\/\" \/>\n<meta property=\"article:modified_time\" content=\"2026-04-11T11:32:25+00:00\" \/>\n<meta property=\"og:image\" content=\"https:\/\/smartinthedark.com\/fi\/wp-content\/uploads\/sites\/8\/2019\/06\/Linnea-i-sjal-med-reflex-och-m\u00f6nstret-fl\u00e4ta.jpg-1024x976.png\" \/>\n\t<meta property=\"og:image:width\" content=\"1024\" \/>\n\t<meta property=\"og:image:height\" content=\"976\" \/>\n\t<meta property=\"og:image:type\" content=\"image\/png\" \/>\n<meta name=\"twitter:card\" content=\"summary_large_image\" \/>\n<meta name=\"twitter:label1\" content=\"Est. reading time\" \/>\n\t<meta name=\"twitter:data1\" content=\"1 minute\" \/>\n<script type=\"application\/ld+json\" class=\"yoast-schema-graph\">{\"@context\":\"https:\/\/schema.org\",\"@graph\":[{\"@type\":\"WebPage\",\"@id\":\"https:\/\/smartinthedark.com\/fi\/produkt\/heijastava-huivi-joka-sopii-tyyliin\/\",\"url\":\"https:\/\/smartinthedark.com\/fi\/produkt\/heijastava-huivi-joka-sopii-tyyliin\/\",\"name\":\"Heijastava huivi, joka sopii tyyliin - Smart In The Dark\",\"isPartOf\":{\"@id\":\"https:\/\/smartinthedark.com\/fi\/#website\"},\"primaryImageOfPage\":{\"@id\":\"https:\/\/smartinthedark.com\/fi\/produkt\/heijastava-huivi-joka-sopii-tyyliin\/#primaryimage\"},\"image\":{\"@id\":\"https:\/\/smartinthedark.com\/fi\/produkt\/heijastava-huivi-joka-sopii-tyyliin\/#primaryimage\"},\"thumbnailUrl\":\"https:\/\/smartinthedark.com\/fi\/wp-content\/uploads\/sites\/8\/2019\/06\/Linnea-i-sjal-med-reflex-och-m\u00f6nstret-fl\u00e4ta.jpg.png\",\"datePublished\":\"2019-06-12T12:24:37+00:00\",\"dateModified\":\"2026-04-11T11:32:25+00:00\",\"description\":\"Pue jakku tai takki pehme\u00e4n ja kauniin huivin kanssa \u2013 valmistettu viskoosista, nailonista ja lycrasta.\",\"breadcrumb\":{\"@id\":\"https:\/\/smartinthedark.com\/fi\/produkt\/heijastava-huivi-joka-sopii-tyyliin\/#breadcrumb\"},\"inLanguage\":\"fi\",\"potentialAction\":[{\"@type\":\"ReadAction\",\"target\":[\"https:\/\/smartinthedark.com\/fi\/produkt\/heijastava-huivi-joka-sopii-tyyliin\/\"]}]},{\"@type\":\"ImageObject\",\"inLanguage\":\"fi\",\"@id\":\"https:\/\/smartinthedark.com\/fi\/produkt\/heijastava-huivi-joka-sopii-tyyliin\/#primaryimage\",\"url\":\"https:\/\/smartinthedark.com\/fi\/wp-content\/uploads\/sites\/8\/2019\/06\/Linnea-i-sjal-med-reflex-och-m\u00f6nstret-fl\u00e4ta.jpg.png\",\"contentUrl\":\"https:\/\/smartinthedark.com\/fi\/wp-content\/uploads\/sites\/8\/2019\/06\/Linnea-i-sjal-med-reflex-och-m\u00f6nstret-fl\u00e4ta.jpg.png\",\"width\":2672,\"height\":2547},{\"@type\":\"BreadcrumbList\",\"@id\":\"https:\/\/smartinthedark.com\/fi\/produkt\/heijastava-huivi-joka-sopii-tyyliin\/#breadcrumb\",\"itemListElement\":[{\"@type\":\"ListItem\",\"position\":1,\"name\":\"Hem\",\"item\":\"https:\/\/smartinthedark.com\/fi\/\"},{\"@type\":\"ListItem\",\"position\":2,\"name\":\"Verkkokauppa\",\"item\":\"https:\/\/smartinthedark.com\/fi\/verkkokauppa\/\"},{\"@type\":\"ListItem\",\"position\":3,\"name\":\"Heijastava huivi, joka sopii tyyliin\"}]},{\"@type\":\"WebSite\",\"@id\":\"https:\/\/smartinthedark.com\/fi\/#website\",\"url\":\"https:\/\/smartinthedark.com\/fi\/\",\"name\":\"Smart In The Dark\",\"description\":\"\",\"potentialAction\":[{\"@type\":\"SearchAction\",\"target\":{\"@type\":\"EntryPoint\",\"urlTemplate\":\"https:\/\/smartinthedark.com\/fi\/?s={search_term_string}\"},\"query-input\":{\"@type\":\"PropertyValueSpecification\",\"valueRequired\":true,\"valueName\":\"search_term_string\"}}],\"inLanguage\":\"fi\"}]}<\/script>\n<!-- \/ Yoast SEO plugin. -->","yoast_head_json":{"title":"Heijastava huivi, joka sopii tyyliin - Smart In The Dark","description":"Pue jakku tai takki pehme\u00e4n ja kauniin huivin kanssa \u2013 valmistettu viskoosista, nailonista ja lycrasta.","robots":{"index":"index","follow":"follow","max-snippet":"max-snippet:-1","max-image-preview":"max-image-preview:large","max-video-preview":"max-video-preview:-1"},"canonical":"https:\/\/smartinthedark.com\/fi\/produkt\/heijastava-huivi-joka-sopii-tyyliin\/","og_locale":"fi_FI","og_type":"article","og_title":"Heijastava huivi, joka sopii tyyliin - Smart In The Dark","og_description":"Pue jakku tai takki pehme\u00e4n ja kauniin huivin kanssa \u2013 valmistettu viskoosista, nailonista ja lycrasta.","og_url":"https:\/\/smartinthedark.com\/fi\/produkt\/heijastava-huivi-joka-sopii-tyyliin\/","og_site_name":"Smart In The Dark","article_publisher":"https:\/\/www.facebook.com\/smartinthedark\/","article_modified_time":"2026-04-11T11:32:25+00:00","og_image":[{"width":1024,"height":976,"url":"https:\/\/smartinthedark.com\/fi\/wp-content\/uploads\/sites\/8\/2019\/06\/Linnea-i-sjal-med-reflex-och-m\u00f6nstret-fl\u00e4ta.jpg-1024x976.png","type":"image\/png"}],"twitter_card":"summary_large_image","twitter_misc":{"Est. reading time":"1 minute"},"schema":{"@context":"https:\/\/schema.org","@graph":[{"@type":"WebPage","@id":"https:\/\/smartinthedark.com\/fi\/produkt\/heijastava-huivi-joka-sopii-tyyliin\/","url":"https:\/\/smartinthedark.com\/fi\/produkt\/heijastava-huivi-joka-sopii-tyyliin\/","name":"Heijastava huivi, joka sopii tyyliin - Smart In The Dark","isPartOf":{"@id":"https:\/\/smartinthedark.com\/fi\/#website"},"primaryImageOfPage":{"@id":"https:\/\/smartinthedark.com\/fi\/produkt\/heijastava-huivi-joka-sopii-tyyliin\/#primaryimage"},"image":{"@id":"https:\/\/smartinthedark.com\/fi\/produkt\/heijastava-huivi-joka-sopii-tyyliin\/#primaryimage"},"thumbnailUrl":"https:\/\/smartinthedark.com\/fi\/wp-content\/uploads\/sites\/8\/2019\/06\/Linnea-i-sjal-med-reflex-och-m\u00f6nstret-fl\u00e4ta.jpg.png","datePublished":"2019-06-12T12:24:37+00:00","dateModified":"2026-04-11T11:32:25+00:00","description":"Pue jakku tai takki pehme\u00e4n ja kauniin huivin kanssa \u2013 valmistettu viskoosista, nailonista ja lycrasta.","breadcrumb":{"@id":"https:\/\/smartinthedark.com\/fi\/produkt\/heijastava-huivi-joka-sopii-tyyliin\/#breadcrumb"},"inLanguage":"fi","potentialAction":[{"@type":"ReadAction","target":["https:\/\/smartinthedark.com\/fi\/produkt\/heijastava-huivi-joka-sopii-tyyliin\/"]}]},{"@type":"ImageObject","inLanguage":"fi","@id":"https:\/\/smartinthedark.com\/fi\/produkt\/heijastava-huivi-joka-sopii-tyyliin\/#primaryimage","url":"https:\/\/smartinthedark.com\/fi\/wp-content\/uploads\/sites\/8\/2019\/06\/Linnea-i-sjal-med-reflex-och-m\u00f6nstret-fl\u00e4ta.jpg.png","contentUrl":"https:\/\/smartinthedark.com\/fi\/wp-content\/uploads\/sites\/8\/2019\/06\/Linnea-i-sjal-med-reflex-och-m\u00f6nstret-fl\u00e4ta.jpg.png","width":2672,"height":2547},{"@type":"BreadcrumbList","@id":"https:\/\/smartinthedark.com\/fi\/produkt\/heijastava-huivi-joka-sopii-tyyliin\/#breadcrumb","itemListElement":[{"@type":"ListItem","position":1,"name":"Hem","item":"https:\/\/smartinthedark.com\/fi\/"},{"@type":"ListItem","position":2,"name":"Verkkokauppa","item":"https:\/\/smartinthedark.com\/fi\/verkkokauppa\/"},{"@type":"ListItem","position":3,"name":"Heijastava huivi, joka sopii tyyliin"}]},{"@type":"WebSite","@id":"https:\/\/smartinthedark.com\/fi\/#website","url":"https:\/\/smartinthedark.com\/fi\/","name":"Smart In The Dark","description":"","potentialAction":[{"@type":"SearchAction","target":{"@type":"EntryPoint","urlTemplate":"https:\/\/smartinthedark.com\/fi\/?s={search_term_string}"},"query-input":{"@type":"PropertyValueSpecification","valueRequired":true,"valueName":"search_term_string"}}],"inLanguage":"fi"}]}},"_links":{"self":[{"href":"https:\/\/smartinthedark.com\/fi\/wp-json\/wp\/v2\/product\/182","targetHints":{"allow":["GET"]}}],"collection":[{"href":"https:\/\/smartinthedark.com\/fi\/wp-json\/wp\/v2\/product"}],"about":[{"href":"https:\/\/smartinthedark.com\/fi\/wp-json\/wp\/v2\/types\/product"}],"replies":[{"embeddable":true,"href":"https:\/\/smartinthedark.com\/fi\/wp-json\/wp\/v2\/comments?post=182"}],"wp:featuredmedia":[{"embeddable":true,"href":"https:\/\/smartinthedark.com\/fi\/wp-json\/wp\/v2\/media\/25297"}],"wp:attachment":[{"href":"https:\/\/smartinthedark.com\/fi\/wp-json\/wp\/v2\/media?parent=182"}],"wp:term":[{"taxonomy":"product_brand","embeddable":true,"href":"https:\/\/smartinthedark.com\/fi\/wp-json\/wp\/v2\/product_brand?post=182"},{"taxonomy":"product_cat","embeddable":true,"href":"https:\/\/smartinthedark.com\/fi\/wp-json\/wp\/v2\/product_cat?post=182"},{"taxonomy":"product_tag","embeddable":true,"href":"https:\/\/smartinthedark.com\/fi\/wp-json\/wp\/v2\/product_tag?post=182"}],"curies":[{"name":"wp","href":"https:\/\/api.w.org\/{rel}","templated":true}]}}