{"id":2921,"date":"2019-07-16T10:43:14","date_gmt":"2019-07-16T08:43:14","guid":{"rendered":"https:\/\/smartinthedark.com\/?page_id=2921"},"modified":"2019-10-11T11:21:06","modified_gmt":"2019-10-11T09:21:06","slug":"kestava-tuotanto","status":"publish","type":"page","link":"https:\/\/smartinthedark.com\/fi\/meista\/kestava-tuotanto\/","title":{"rendered":"Kest\u00e4v\u00e4 tuotanto"},"content":{"rendered":"\n<div class=\"row\" style=\"max-width:1200px\" id=\"row-1636687158\">\n\n\n\t<div id=\"col-253063843\" class=\"col small-12 large-12\"  >\n\t\t\t\t<div class=\"col-inner\"  >\n\t\t\t\n\t\t\t\n\n\n  <div class=\"banner has-hover\" id=\"banner-912613598\">\n          <div class=\"banner-inner fill\">\n        <div class=\"banner-bg fill\" >\n            <img loading=\"lazy\" decoding=\"async\" width=\"1485\" height=\"1000\" src=\"https:\/\/smartinthedark.com\/fi\/wp-content\/uploads\/sites\/8\/2019\/08\/Reflexm\u00f6ssor-burgundy-gr\u00e5-smart-in-the-dark.jpg\" class=\"bg attachment-original size-original\" alt=\"\" \/>                                    \n                    <\/div>\n\t\t\n        <div class=\"banner-layers container\">\n            <div class=\"fill banner-link\"><\/div>            \n\n   <div id=\"text-box-664811212\" class=\"text-box banner-layer x50 md-x50 lg-x50 y50 md-y50 lg-y50 res-text\">\n                                <div class=\"text-box-content text dark text-shadow-1\">\n              \n              <div class=\"text-inner text-center\">\n                  \n\n<h1 style=\"text-align: center;\"><span class=\"titel-head\" style=\"font-size: 115%;\" data-line-height=\"xs\"><strong>Kest\u00e4v\u00e4 tuotanto<\/strong><\/span><\/h1>\n\n              <\/div>\n           <\/div>\n                            \n<style>\n#text-box-664811212 {\n  width: 98%;\n}\n#text-box-664811212 .text-box-content {\n  font-size: 80%;\n}\n@media (min-width:550px) {\n  #text-box-664811212 {\n    width: 60%;\n  }\n  #text-box-664811212 .text-box-content {\n    font-size: 100%;\n  }\n}\n<\/style>\n    <\/div>\n \n\n        <\/div>\n      <\/div>\n\n            \n<style>\n#banner-912613598 {\n  padding-top: 250px;\n}\n#banner-912613598 .banner-bg img {\n  object-position: 50% 0%;\n}\n@media (min-width:550px) {\n  #banner-912613598 {\n    padding-top: 600px;\n  }\n}\n<\/style>\n  <\/div>\n\n\n\t<div id=\"gap-178139027\" class=\"gap-element clearfix\" style=\"display:block; height:auto;\">\n\t\t\n<style>\n#gap-178139027 {\n  padding-top: 40px;\n}\n<\/style>\n\t<\/div>\n\t\n\n<nav class=\"breadcrumbs\"><a href=\"https:\/\/smartinthedark.com\/fi\">Koti<\/a> <span class=\"divider\">\/<\/span> <a href=\"https:\/\/smartinthedark.com\/fi\/meista\/\">Meist\u00e4<\/a><span class=\"divider\">\/<\/span> Kest\u00e4v\u00e4 tuotanto<\/nav>\n\n\t\t<\/div>\n\t\t\t\t\t<\/div>\n\n\t\n\n<\/div>\n\t<div id=\"gap-1321887749\" class=\"gap-element clearfix\" style=\"display:block; height:auto;\">\n\t\t\n<style>\n#gap-1321887749 {\n  padding-top: 20px;\n}\n<\/style>\n\t<\/div>\n\t\n\n<div class=\"row align-middle align-center\" style=\"max-width:1200px\" id=\"row-1594639578\">\n\n\n\t<div id=\"col-1136591299\" class=\"col medium-8 small-12 large-8\"  >\n\t\t\t\t<div class=\"col-inner text-left\"  >\n\t\t\t\n\t\t\t\n\n<h2 data-line-height=\"s\"><strong>Arvostamme kest\u00e4v\u00e4\u00e4 tuotantoa<\/strong><\/h2>\n<p><span style=\"font-size: 100%;\">Heijastimemme on kehitetty ja valmistettu maapallon resursseja kunnioittaen. Laatu on korkea, tehtaiden ty\u00f6ymp\u00e4rist\u00f6 hyv\u00e4 ja kuljetukset mahdollisimman lyhyit\u00e4. T\u00e4\u00e4lt\u00e4 voit lukea ajatuksiamme kest\u00e4v\u00e4st\u00e4 tuotannosta.<\/span><\/p>\n<h2 data-line-height=\"s\"><strong>Korkeaa laatua pienemm\u00e4n ymp\u00e4rist\u00f6vaikutuksen vuoksi <\/strong><\/h2>\n<p>Heijastimemme ovat laatuheijastimia, valmistettu 3M Scotchlitesta, joka on yksi markkinoiden turvallisimmasta ja parhaimmista heijastinmateriaaleista. Korkea laatu tekee heijastimistamme pitk\u00e4kestoisia, mik\u00e4 johtaa pienemp\u00e4\u00e4n ymp\u00e4rist\u00f6vaikutukseen. <\/p>\n<div class=\"row align-middle align-center\"  id=\"row-43576611\">\n\n\n\t<div id=\"col-1554624206\" class=\"col medium-6 small-12 large-6\"  >\n\t\t\t\t<div class=\"col-inner\"  >\n\t\t\t\n\t\t\t\n\n<h2 data-line-height=\"s\"><strong>Tuotanto Euroopassa <\/strong><\/h2>\n<p>Heijastimemme on valmistettu huolella. Tuotanto tapahtuu Euroopassa. N\u00e4in takaamme, ett\u00e4 ty\u00f6ymp\u00e4rist\u00f6 on hyv\u00e4 ja ett\u00e4 ompelijamme ja painajamme ovat iloisia ja tyytyv\u00e4isi\u00e4. <\/p>\n\t<div class=\"img has-hover x md-x lg-x y md-y lg-y\" id=\"image_1009457067\">\n\t\t\t\t\t\t\t\t<div class=\"img-inner dark\" >\n\t\t\t<img loading=\"lazy\" decoding=\"async\" width=\"320\" height=\"240\" src=\"https:\/\/smartinthedark.com\/fi\/wp-content\/uploads\/sites\/8\/2019\/08\/produktionsbild-smart-in-the-dark-2019.jpg\" class=\"attachment-large size-large\" alt=\"\" srcset=\"https:\/\/smartinthedark.com\/fi\/wp-content\/uploads\/sites\/8\/2019\/08\/produktionsbild-smart-in-the-dark-2019.jpg 320w, https:\/\/smartinthedark.com\/fi\/wp-content\/uploads\/sites\/8\/2019\/08\/produktionsbild-smart-in-the-dark-2019-300x225.jpg 300w\" sizes=\"auto, (max-width: 320px) 100vw, 320px\" \/>\t\t\t\t\t\t\n\t\t\t\t\t<\/div>\n\t\t\t\t\t\t\t\t\n<style>\n#image_1009457067 {\n  width: 100%;\n}\n<\/style>\n\t<\/div>\n\t\n\n\n\t\t<\/div>\n\t\t\t\t\t<\/div>\n\n\t\n\n\t<div id=\"col-1377062182\" class=\"col medium-6 small-12 large-6\"  >\n\t\t\t\t<div class=\"col-inner\"  >\n\t\t\t\n\t\t\t\n\n\t<div class=\"img has-hover x md-x lg-x y md-y lg-y\" id=\"image_950384953\">\n\t\t\t\t\t\t\t\t<div class=\"img-inner dark\" >\n\t\t\t<img loading=\"lazy\" decoding=\"async\" width=\"1512\" height=\"2016\" src=\"https:\/\/smartinthedark.com\/fi\/wp-content\/uploads\/sites\/8\/2019\/08\/produktion-smart-in-the-dark-2019.png\" class=\"attachment-original size-original\" alt=\"\" srcset=\"https:\/\/smartinthedark.com\/fi\/wp-content\/uploads\/sites\/8\/2019\/08\/produktion-smart-in-the-dark-2019.png 1512w, https:\/\/smartinthedark.com\/fi\/wp-content\/uploads\/sites\/8\/2019\/08\/produktion-smart-in-the-dark-2019-225x300.png 225w, https:\/\/smartinthedark.com\/fi\/wp-content\/uploads\/sites\/8\/2019\/08\/produktion-smart-in-the-dark-2019-768x1024.png 768w, https:\/\/smartinthedark.com\/fi\/wp-content\/uploads\/sites\/8\/2019\/08\/produktion-smart-in-the-dark-2019-600x800.png 600w\" sizes=\"auto, (max-width: 1512px) 100vw, 1512px\" \/>\t\t\t\t\t\t\n\t\t\t\t\t<\/div>\n\t\t\t\t\t\t\t\t\n<style>\n#image_950384953 {\n  width: 90%;\n}\n<\/style>\n\t<\/div>\n\t\n\n\n\t\t<\/div>\n\t\t\t\t\t<\/div>\n\n\t\n\n<\/div>\n<p>T\u00e4ss\u00e4 on Bulgarian ompelijoiden tiimi. Tuotannossamme tuemme Bulgarian Aid Missionia. Lue tuestamme t\u00e4\u00e4lt\u00e4. <u><a href=\"http:\/\/aidmission.org\" target=\"_blank\" rel=\"noopener noreferrer\">aidmission.org<\/a><\/u><\/p>\n<h2 data-line-height=\"s\"><strong>Toimittajat Euroopassa<\/strong><\/h2>\n<p>Haluamme olla l\u00e4hell\u00e4 toimittajiamme. Ja jotta se on mahdollista, kankaamme valmistetaan Euroopassa. T\u00e4ll\u00f6in kuljetukset ovat lyhyempi\u00e4 ja ymp\u00e4rist\u00f6vaikutus pienempi.<\/p>\n\n\t\t<\/div>\n\t\t\t\t\t<\/div>\n\n\t\n\n<\/div>\n\n","protected":false},"excerpt":{"rendered":"","protected":false},"author":1,"featured_media":0,"parent":2891,"menu_order":0,"comment_status":"closed","ping_status":"closed","template":"page-blank.php","meta":{"_trash_the_other_posts":false,"editor_notices":[],"footnotes":""},"class_list":["post-2921","page","type-page","status-publish","hentry"],"yoast_head":"<!-- This site is optimized with the Yoast SEO plugin v25.9 - https:\/\/yoast.com\/wordpress\/plugins\/seo\/ -->\n<title>Kest\u00e4v\u00e4 tuotanto - Smart In The Dark<\/title>\n<meta name=\"robots\" content=\"index, follow, max-snippet:-1, max-image-preview:large, max-video-preview:-1\" \/>\n<link rel=\"canonical\" href=\"https:\/\/smartinthedark.com\/fi\/meista\/kestava-tuotanto\/\" \/>\n<meta property=\"og:locale\" content=\"fi_FI\" \/>\n<meta property=\"og:type\" content=\"article\" \/>\n<meta property=\"og:title\" content=\"Kest\u00e4v\u00e4 tuotanto - Smart In The Dark\" \/>\n<meta property=\"og:url\" content=\"https:\/\/smartinthedark.com\/fi\/meista\/kestava-tuotanto\/\" \/>\n<meta property=\"og:site_name\" content=\"Smart In The Dark\" \/>\n<meta property=\"article:publisher\" content=\"https:\/\/www.facebook.com\/smartinthedark\/\" \/>\n<meta property=\"article:modified_time\" content=\"2019-10-11T09:21:06+00:00\" \/>\n<meta property=\"og:image\" content=\"https:\/\/smartinthedark.com\/fi\/wp-content\/uploads\/sites\/8\/2022\/10\/Cool-TjejBoy.arm_reflexer-1024x649-1.jpg\" \/>\n\t<meta property=\"og:image:width\" content=\"1024\" \/>\n\t<meta property=\"og:image:height\" content=\"649\" \/>\n\t<meta property=\"og:image:type\" content=\"image\/jpeg\" \/>\n<meta name=\"twitter:card\" content=\"summary_large_image\" \/>\n<meta name=\"twitter:label1\" content=\"Est. reading time\" \/>\n\t<meta name=\"twitter:data1\" content=\"1 minute\" \/>\n<script type=\"application\/ld+json\" class=\"yoast-schema-graph\">{\"@context\":\"https:\/\/schema.org\",\"@graph\":[{\"@type\":\"WebPage\",\"@id\":\"https:\/\/smartinthedark.com\/fi\/meista\/kestava-tuotanto\/\",\"url\":\"https:\/\/smartinthedark.com\/fi\/meista\/kestava-tuotanto\/\",\"name\":\"Kest\u00e4v\u00e4 tuotanto - Smart In The Dark\",\"isPartOf\":{\"@id\":\"https:\/\/smartinthedark.com\/fi\/#website\"},\"datePublished\":\"2019-07-16T08:43:14+00:00\",\"dateModified\":\"2019-10-11T09:21:06+00:00\",\"breadcrumb\":{\"@id\":\"https:\/\/smartinthedark.com\/fi\/meista\/kestava-tuotanto\/#breadcrumb\"},\"inLanguage\":\"fi\",\"potentialAction\":[{\"@type\":\"ReadAction\",\"target\":[\"https:\/\/smartinthedark.com\/fi\/meista\/kestava-tuotanto\/\"]}]},{\"@type\":\"BreadcrumbList\",\"@id\":\"https:\/\/smartinthedark.com\/fi\/meista\/kestava-tuotanto\/#breadcrumb\",\"itemListElement\":[{\"@type\":\"ListItem\",\"position\":1,\"name\":\"Hem\",\"item\":\"https:\/\/smartinthedark.com\/fi\/\"},{\"@type\":\"ListItem\",\"position\":2,\"name\":\"Meist\u00e4\",\"item\":\"https:\/\/smartinthedark.com\/fi\/meista\/\"},{\"@type\":\"ListItem\",\"position\":3,\"name\":\"Kest\u00e4v\u00e4 tuotanto\"}]},{\"@type\":\"WebSite\",\"@id\":\"https:\/\/smartinthedark.com\/fi\/#website\",\"url\":\"https:\/\/smartinthedark.com\/fi\/\",\"name\":\"Smart In The Dark\",\"description\":\"\",\"potentialAction\":[{\"@type\":\"SearchAction\",\"target\":{\"@type\":\"EntryPoint\",\"urlTemplate\":\"https:\/\/smartinthedark.com\/fi\/?s={search_term_string}\"},\"query-input\":{\"@type\":\"PropertyValueSpecification\",\"valueRequired\":true,\"valueName\":\"search_term_string\"}}],\"inLanguage\":\"fi\"}]}<\/script>\n<!-- \/ Yoast SEO plugin. -->","yoast_head_json":{"title":"Kest\u00e4v\u00e4 tuotanto - Smart In The Dark","robots":{"index":"index","follow":"follow","max-snippet":"max-snippet:-1","max-image-preview":"max-image-preview:large","max-video-preview":"max-video-preview:-1"},"canonical":"https:\/\/smartinthedark.com\/fi\/meista\/kestava-tuotanto\/","og_locale":"fi_FI","og_type":"article","og_title":"Kest\u00e4v\u00e4 tuotanto - Smart In The Dark","og_url":"https:\/\/smartinthedark.com\/fi\/meista\/kestava-tuotanto\/","og_site_name":"Smart In The Dark","article_publisher":"https:\/\/www.facebook.com\/smartinthedark\/","article_modified_time":"2019-10-11T09:21:06+00:00","og_image":[{"width":1024,"height":649,"url":"https:\/\/smartinthedark.com\/fi\/wp-content\/uploads\/sites\/8\/2022\/10\/Cool-TjejBoy.arm_reflexer-1024x649-1.jpg","type":"image\/jpeg"}],"twitter_card":"summary_large_image","twitter_misc":{"Est. reading time":"1 minute"},"schema":{"@context":"https:\/\/schema.org","@graph":[{"@type":"WebPage","@id":"https:\/\/smartinthedark.com\/fi\/meista\/kestava-tuotanto\/","url":"https:\/\/smartinthedark.com\/fi\/meista\/kestava-tuotanto\/","name":"Kest\u00e4v\u00e4 tuotanto - Smart In The Dark","isPartOf":{"@id":"https:\/\/smartinthedark.com\/fi\/#website"},"datePublished":"2019-07-16T08:43:14+00:00","dateModified":"2019-10-11T09:21:06+00:00","breadcrumb":{"@id":"https:\/\/smartinthedark.com\/fi\/meista\/kestava-tuotanto\/#breadcrumb"},"inLanguage":"fi","potentialAction":[{"@type":"ReadAction","target":["https:\/\/smartinthedark.com\/fi\/meista\/kestava-tuotanto\/"]}]},{"@type":"BreadcrumbList","@id":"https:\/\/smartinthedark.com\/fi\/meista\/kestava-tuotanto\/#breadcrumb","itemListElement":[{"@type":"ListItem","position":1,"name":"Hem","item":"https:\/\/smartinthedark.com\/fi\/"},{"@type":"ListItem","position":2,"name":"Meist\u00e4","item":"https:\/\/smartinthedark.com\/fi\/meista\/"},{"@type":"ListItem","position":3,"name":"Kest\u00e4v\u00e4 tuotanto"}]},{"@type":"WebSite","@id":"https:\/\/smartinthedark.com\/fi\/#website","url":"https:\/\/smartinthedark.com\/fi\/","name":"Smart In The Dark","description":"","potentialAction":[{"@type":"SearchAction","target":{"@type":"EntryPoint","urlTemplate":"https:\/\/smartinthedark.com\/fi\/?s={search_term_string}"},"query-input":{"@type":"PropertyValueSpecification","valueRequired":true,"valueName":"search_term_string"}}],"inLanguage":"fi"}]}},"_links":{"self":[{"href":"https:\/\/smartinthedark.com\/fi\/wp-json\/wp\/v2\/pages\/2921","targetHints":{"allow":["GET"]}}],"collection":[{"href":"https:\/\/smartinthedark.com\/fi\/wp-json\/wp\/v2\/pages"}],"about":[{"href":"https:\/\/smartinthedark.com\/fi\/wp-json\/wp\/v2\/types\/page"}],"author":[{"embeddable":true,"href":"https:\/\/smartinthedark.com\/fi\/wp-json\/wp\/v2\/users\/1"}],"replies":[{"embeddable":true,"href":"https:\/\/smartinthedark.com\/fi\/wp-json\/wp\/v2\/comments?post=2921"}],"version-history":[{"count":16,"href":"https:\/\/smartinthedark.com\/fi\/wp-json\/wp\/v2\/pages\/2921\/revisions"}],"predecessor-version":[{"id":23319,"href":"https:\/\/smartinthedark.com\/fi\/wp-json\/wp\/v2\/pages\/2921\/revisions\/23319"}],"up":[{"embeddable":true,"href":"https:\/\/smartinthedark.com\/fi\/wp-json\/wp\/v2\/pages\/2891"}],"wp:attachment":[{"href":"https:\/\/smartinthedark.com\/fi\/wp-json\/wp\/v2\/media?parent=2921"}],"curies":[{"name":"wp","href":"https:\/\/api.w.org\/{rel}","templated":true}]}}