{"id":2919,"date":"2019-07-16T10:42:45","date_gmt":"2019-07-16T08:42:45","guid":{"rendered":"https:\/\/smartinthedark.com\/?page_id=2919"},"modified":"2019-10-11T11:24:13","modified_gmt":"2019-10-11T09:24:13","slug":"tilaussivumme","status":"publish","type":"page","link":"https:\/\/smartinthedark.com\/fi\/meista\/tilaussivumme\/","title":{"rendered":"Tilaussivumme"},"content":{"rendered":"\n<div class=\"row\" style=\"max-width:1200px\" id=\"row-1657647729\">\n\n\n\t<div id=\"col-2095055175\" class=\"col small-12 large-12\"  >\n\t\t\t\t<div class=\"col-inner\"  >\n\t\t\t\n\t\t\t\n\n\n  <div class=\"banner has-hover\" id=\"banner-273869828\">\n          <div class=\"banner-inner fill\">\n        <div class=\"banner-bg fill\" >\n            <img loading=\"lazy\" decoding=\"async\" width=\"1630\" height=\"1697\" src=\"https:\/\/smartinthedark.com\/fi\/wp-content\/uploads\/sites\/8\/2019\/08\/Reflexm\u00f6ssa-med-m\u00f6nster-Smart-in-the-dark.jpg\" class=\"bg attachment-original size-original\" alt=\"\" \/>                                    \n                    <\/div>\n\t\t\n        <div class=\"banner-layers container\">\n            <div class=\"fill banner-link\"><\/div>            \n\n   <div id=\"text-box-1601317225\" class=\"text-box banner-layer x50 md-x50 lg-x50 y50 md-y50 lg-y50 res-text\">\n                                <div class=\"text-box-content text dark text-shadow-1\">\n              \n              <div class=\"text-inner text-center\">\n                  \n\n<h1 style=\"text-align: center;\"><span class=\"titel-head\" style=\"font-size: 115%;\" data-line-height=\"xs\"><strong>Tilaussivumme<\/strong><\/span><\/h1>\n\n              <\/div>\n           <\/div>\n                            \n<style>\n#text-box-1601317225 {\n  width: 98%;\n}\n#text-box-1601317225 .text-box-content {\n  font-size: 80%;\n}\n@media (min-width:550px) {\n  #text-box-1601317225 {\n    width: 60%;\n  }\n  #text-box-1601317225 .text-box-content {\n    font-size: 100%;\n  }\n}\n<\/style>\n    <\/div>\n \n\n        <\/div>\n      <\/div>\n\n            \n<style>\n#banner-273869828 {\n  padding-top: 250px;\n}\n#banner-273869828 .banner-bg img {\n  object-position: 31% 21%;\n}\n@media (min-width:550px) {\n  #banner-273869828 {\n    padding-top: 600px;\n  }\n}\n<\/style>\n  <\/div>\n\n\n\t<div id=\"gap-1229443196\" class=\"gap-element clearfix\" style=\"display:block; height:auto;\">\n\t\t\n<style>\n#gap-1229443196 {\n  padding-top: 40px;\n}\n<\/style>\n\t<\/div>\n\t\n\n<nav class=\"breadcrumbs\"><a href=\"https:\/\/smartinthedark.com\/fi\">Koti<\/a> <span class=\"divider\">\/<\/span> <a href=\"https:\/\/smartinthedark.com\/fi\/meista\/\">Meist\u00e4<\/a><span class=\"divider\">\/<\/span> Tilaussivumme<\/nav>\n\n\t\t<\/div>\n\t\t\t\t\t<\/div>\n\n\t\n\n<\/div>\n\t<div id=\"gap-1128469779\" class=\"gap-element clearfix\" style=\"display:block; height:auto;\">\n\t\t\n<style>\n#gap-1128469779 {\n  padding-top: 20px;\n}\n<\/style>\n\t<\/div>\n\t\n\n<div class=\"row align-middle align-center\"  id=\"row-2128774735\">\n\n\n\t<div id=\"col-464548832\" class=\"col small-12 large-12\"  >\n\t\t\t\t<div class=\"col-inner text-left\"  >\n\t\t\t\n\t\t\t\n\n<div class=\"row align-middle align-center\"  id=\"row-1900884154\">\n\n\n\t<div id=\"col-725198399\" class=\"col medium-8 small-12 large-8\"  >\n\t\t\t\t<div class=\"col-inner\"  >\n\t\t\t\n\t\t\t\n\n<p style=\"text-align: left;\"><strong><span style=\"font-size: 160%;\" data-line-height=\"xs\">Liikeidea<br \/><\/span><\/strong>Liikeideanamme on tarjota designheijastimia muotitietoisille naisille ja miehille. Heijastimia, jotka lis\u00e4\u00e4v\u00e4t turvallisuutta liikenteess\u00e4 jalankulkijoiden, py\u00f6r\u00e4ilij\u00f6iden ja autojen parissa.<\/p>\n<p style=\"text-align: left;\"><strong><span style=\"font-size: 160%;\">Tavoite<br \/><\/span><\/strong>Tavoitteenamme on luoda turvallisuutta pime\u00e4ss\u00e4 ja liikenteess\u00e4 designheijastinasusteiden avulla.<\/p>\n<p style=\"text-align: left;\"><strong><span style=\"font-size: 160%;\">Intohimo<br \/><\/span><\/strong>Smart in the dark rakastaa heijastimia. Intohimomme on huolellisuus, turvallisuus ja design. N\u00e4ill\u00e4 avainarvoilla toivomme turvaa kaikille liikenteess\u00e4. Pidet\u00e4\u00e4n huolta toisistamme, sill\u00e4 olemme kaikki arvokkaita. <\/p>\n<p style=\"text-align: left;\"><span style=\"font-size: 160%;\"><strong>Visio<br \/><\/strong><\/span>Visiomme on, ett\u00e4 kaikilla liikenteess\u00e4 olevilla olisi valoisa tulevaisuus. <\/p>\n<p style=\"text-align: left;\">&nbsp;<\/p>\n\n\t\t<\/div>\n\t\t\t\t\t<\/div>\n\n\t\n\n<\/div>\n\n\t\t<\/div>\n\t\t\t\t\t<\/div>\n\n\t\n\n<\/div>\n\n","protected":false},"excerpt":{"rendered":"","protected":false},"author":1,"featured_media":0,"parent":2891,"menu_order":0,"comment_status":"closed","ping_status":"closed","template":"page-blank.php","meta":{"_trash_the_other_posts":false,"editor_notices":[],"footnotes":""},"class_list":["post-2919","page","type-page","status-publish","hentry"],"yoast_head":"<!-- This site is optimized with the Yoast SEO plugin v25.9 - https:\/\/yoast.com\/wordpress\/plugins\/seo\/ -->\n<title>Tilaussivumme - Smart In The Dark<\/title>\n<meta name=\"robots\" content=\"index, follow, max-snippet:-1, max-image-preview:large, max-video-preview:-1\" \/>\n<link rel=\"canonical\" href=\"https:\/\/smartinthedark.com\/fi\/meista\/tilaussivumme\/\" \/>\n<meta property=\"og:locale\" content=\"fi_FI\" \/>\n<meta property=\"og:type\" content=\"article\" \/>\n<meta property=\"og:title\" content=\"Tilaussivumme - Smart In The Dark\" \/>\n<meta property=\"og:url\" content=\"https:\/\/smartinthedark.com\/fi\/meista\/tilaussivumme\/\" \/>\n<meta property=\"og:site_name\" content=\"Smart In The Dark\" \/>\n<meta property=\"article:publisher\" content=\"https:\/\/www.facebook.com\/smartinthedark\/\" \/>\n<meta property=\"article:modified_time\" content=\"2019-10-11T09:24:13+00:00\" \/>\n<meta property=\"og:image\" content=\"https:\/\/smartinthedark.com\/fi\/wp-content\/uploads\/sites\/8\/2022\/10\/Cool-TjejBoy.arm_reflexer-1024x649-1.jpg\" \/>\n\t<meta property=\"og:image:width\" content=\"1024\" \/>\n\t<meta property=\"og:image:height\" content=\"649\" \/>\n\t<meta property=\"og:image:type\" content=\"image\/jpeg\" \/>\n<meta name=\"twitter:card\" content=\"summary_large_image\" \/>\n<meta name=\"twitter:label1\" content=\"Est. reading time\" \/>\n\t<meta name=\"twitter:data1\" content=\"1 minute\" \/>\n<script type=\"application\/ld+json\" class=\"yoast-schema-graph\">{\"@context\":\"https:\/\/schema.org\",\"@graph\":[{\"@type\":\"WebPage\",\"@id\":\"https:\/\/smartinthedark.com\/fi\/meista\/tilaussivumme\/\",\"url\":\"https:\/\/smartinthedark.com\/fi\/meista\/tilaussivumme\/\",\"name\":\"Tilaussivumme - Smart In The Dark\",\"isPartOf\":{\"@id\":\"https:\/\/smartinthedark.com\/fi\/#website\"},\"datePublished\":\"2019-07-16T08:42:45+00:00\",\"dateModified\":\"2019-10-11T09:24:13+00:00\",\"breadcrumb\":{\"@id\":\"https:\/\/smartinthedark.com\/fi\/meista\/tilaussivumme\/#breadcrumb\"},\"inLanguage\":\"fi\",\"potentialAction\":[{\"@type\":\"ReadAction\",\"target\":[\"https:\/\/smartinthedark.com\/fi\/meista\/tilaussivumme\/\"]}]},{\"@type\":\"BreadcrumbList\",\"@id\":\"https:\/\/smartinthedark.com\/fi\/meista\/tilaussivumme\/#breadcrumb\",\"itemListElement\":[{\"@type\":\"ListItem\",\"position\":1,\"name\":\"Hem\",\"item\":\"https:\/\/smartinthedark.com\/fi\/\"},{\"@type\":\"ListItem\",\"position\":2,\"name\":\"Meist\u00e4\",\"item\":\"https:\/\/smartinthedark.com\/fi\/meista\/\"},{\"@type\":\"ListItem\",\"position\":3,\"name\":\"Tilaussivumme\"}]},{\"@type\":\"WebSite\",\"@id\":\"https:\/\/smartinthedark.com\/fi\/#website\",\"url\":\"https:\/\/smartinthedark.com\/fi\/\",\"name\":\"Smart In The Dark\",\"description\":\"\",\"potentialAction\":[{\"@type\":\"SearchAction\",\"target\":{\"@type\":\"EntryPoint\",\"urlTemplate\":\"https:\/\/smartinthedark.com\/fi\/?s={search_term_string}\"},\"query-input\":{\"@type\":\"PropertyValueSpecification\",\"valueRequired\":true,\"valueName\":\"search_term_string\"}}],\"inLanguage\":\"fi\"}]}<\/script>\n<!-- \/ Yoast SEO plugin. -->","yoast_head_json":{"title":"Tilaussivumme - Smart In The Dark","robots":{"index":"index","follow":"follow","max-snippet":"max-snippet:-1","max-image-preview":"max-image-preview:large","max-video-preview":"max-video-preview:-1"},"canonical":"https:\/\/smartinthedark.com\/fi\/meista\/tilaussivumme\/","og_locale":"fi_FI","og_type":"article","og_title":"Tilaussivumme - Smart In The Dark","og_url":"https:\/\/smartinthedark.com\/fi\/meista\/tilaussivumme\/","og_site_name":"Smart In The Dark","article_publisher":"https:\/\/www.facebook.com\/smartinthedark\/","article_modified_time":"2019-10-11T09:24:13+00:00","og_image":[{"width":1024,"height":649,"url":"https:\/\/smartinthedark.com\/fi\/wp-content\/uploads\/sites\/8\/2022\/10\/Cool-TjejBoy.arm_reflexer-1024x649-1.jpg","type":"image\/jpeg"}],"twitter_card":"summary_large_image","twitter_misc":{"Est. reading time":"1 minute"},"schema":{"@context":"https:\/\/schema.org","@graph":[{"@type":"WebPage","@id":"https:\/\/smartinthedark.com\/fi\/meista\/tilaussivumme\/","url":"https:\/\/smartinthedark.com\/fi\/meista\/tilaussivumme\/","name":"Tilaussivumme - Smart In The Dark","isPartOf":{"@id":"https:\/\/smartinthedark.com\/fi\/#website"},"datePublished":"2019-07-16T08:42:45+00:00","dateModified":"2019-10-11T09:24:13+00:00","breadcrumb":{"@id":"https:\/\/smartinthedark.com\/fi\/meista\/tilaussivumme\/#breadcrumb"},"inLanguage":"fi","potentialAction":[{"@type":"ReadAction","target":["https:\/\/smartinthedark.com\/fi\/meista\/tilaussivumme\/"]}]},{"@type":"BreadcrumbList","@id":"https:\/\/smartinthedark.com\/fi\/meista\/tilaussivumme\/#breadcrumb","itemListElement":[{"@type":"ListItem","position":1,"name":"Hem","item":"https:\/\/smartinthedark.com\/fi\/"},{"@type":"ListItem","position":2,"name":"Meist\u00e4","item":"https:\/\/smartinthedark.com\/fi\/meista\/"},{"@type":"ListItem","position":3,"name":"Tilaussivumme"}]},{"@type":"WebSite","@id":"https:\/\/smartinthedark.com\/fi\/#website","url":"https:\/\/smartinthedark.com\/fi\/","name":"Smart In The Dark","description":"","potentialAction":[{"@type":"SearchAction","target":{"@type":"EntryPoint","urlTemplate":"https:\/\/smartinthedark.com\/fi\/?s={search_term_string}"},"query-input":{"@type":"PropertyValueSpecification","valueRequired":true,"valueName":"search_term_string"}}],"inLanguage":"fi"}]}},"_links":{"self":[{"href":"https:\/\/smartinthedark.com\/fi\/wp-json\/wp\/v2\/pages\/2919","targetHints":{"allow":["GET"]}}],"collection":[{"href":"https:\/\/smartinthedark.com\/fi\/wp-json\/wp\/v2\/pages"}],"about":[{"href":"https:\/\/smartinthedark.com\/fi\/wp-json\/wp\/v2\/types\/page"}],"author":[{"embeddable":true,"href":"https:\/\/smartinthedark.com\/fi\/wp-json\/wp\/v2\/users\/1"}],"replies":[{"embeddable":true,"href":"https:\/\/smartinthedark.com\/fi\/wp-json\/wp\/v2\/comments?post=2919"}],"version-history":[{"count":14,"href":"https:\/\/smartinthedark.com\/fi\/wp-json\/wp\/v2\/pages\/2919\/revisions"}],"predecessor-version":[{"id":23321,"href":"https:\/\/smartinthedark.com\/fi\/wp-json\/wp\/v2\/pages\/2919\/revisions\/23321"}],"up":[{"embeddable":true,"href":"https:\/\/smartinthedark.com\/fi\/wp-json\/wp\/v2\/pages\/2891"}],"wp:attachment":[{"href":"https:\/\/smartinthedark.com\/fi\/wp-json\/wp\/v2\/media?parent=2919"}],"curies":[{"name":"wp","href":"https:\/\/api.w.org\/{rel}","templated":true}]}}