{"id":2905,"date":"2019-07-16T10:26:10","date_gmt":"2019-07-16T08:26:10","guid":{"rendered":"https:\/\/smartinthedark.com\/?page_id=2905"},"modified":"2019-10-11T11:19:55","modified_gmt":"2019-10-11T09:19:55","slug":"turvallisuus","status":"publish","type":"page","link":"https:\/\/smartinthedark.com\/fi\/meista\/turvallisuus\/","title":{"rendered":"Turvallisuus"},"content":{"rendered":"\n<div class=\"row\" style=\"max-width:1200px\" id=\"row-445829829\">\n\n\n\t<div id=\"col-1774117523\" class=\"col small-12 large-12\"  >\n\t\t\t\t<div class=\"col-inner\"  >\n\t\t\t\n\t\t\t\n\n\n  <div class=\"banner has-hover\" id=\"banner-1939658866\">\n          <div class=\"banner-inner fill\">\n        <div class=\"banner-bg fill\" >\n            <img loading=\"lazy\" decoding=\"async\" width=\"1920\" height=\"700\" src=\"https:\/\/smartinthedark.com\/fi\/wp-content\/uploads\/sites\/8\/2019\/08\/smart-in-the-dark-hero.png\" class=\"bg attachment-original size-original\" alt=\"\" \/>                                    \n                    <\/div>\n\t\t\n        <div class=\"banner-layers container\">\n            <div class=\"fill banner-link\"><\/div>            \n\n   <div id=\"text-box-417938573\" class=\"text-box banner-layer x50 md-x50 lg-x50 y50 md-y50 lg-y50 res-text\">\n                                <div class=\"text-box-content text dark\">\n              \n              <div class=\"text-inner text-center\">\n                  \n\n<p style=\"text-align: center;\"><span class=\"titel-head\" style=\"font-size: 400%;\" data-line-height=\"xs\"><strong>Turvallisuus<\/strong><\/span><\/p>\n\n              <\/div>\n           <\/div>\n                            \n<style>\n#text-box-417938573 {\n  width: 98%;\n}\n#text-box-417938573 .text-box-content {\n  font-size: 80%;\n}\n@media (min-width:550px) {\n  #text-box-417938573 {\n    width: 60%;\n  }\n  #text-box-417938573 .text-box-content {\n    font-size: 100%;\n  }\n}\n<\/style>\n    <\/div>\n \n\n        <\/div>\n      <\/div>\n\n            \n<style>\n#banner-1939658866 {\n  padding-top: 250px;\n}\n#banner-1939658866 .banner-bg img {\n  object-position: 47% 21%;\n}\n@media (min-width:550px) {\n  #banner-1939658866 {\n    padding-top: 600px;\n  }\n}\n<\/style>\n  <\/div>\n\n\n\t<div id=\"gap-1673332831\" class=\"gap-element clearfix\" style=\"display:block; height:auto;\">\n\t\t\n<style>\n#gap-1673332831 {\n  padding-top: 40px;\n}\n<\/style>\n\t<\/div>\n\t\n\n<nav class=\"breadcrumbs\"><a href=\"https:\/\/smartinthedark.com\/fi\">Koti<\/a> <span class=\"divider\">\/<\/span> <a href=\"https:\/\/smartinthedark.com\/fi\/meista\/\">Meist\u00e4<\/a><span class=\"divider\">\/<\/span> Turvallisuus<\/nav>\n\n\t\t<\/div>\n\t\t\t\t\t<\/div>\n\n\t\n\n<\/div>\n\t<div id=\"gap-1046426756\" class=\"gap-element clearfix\" style=\"display:block; height:auto;\">\n\t\t\n<style>\n#gap-1046426756 {\n  padding-top: 20px;\n}\n<\/style>\n\t<\/div>\n\t\n\n<div class=\"row align-middle align-center\"  id=\"row-11433990\">\n\n\n\t<div id=\"col-2075053265\" class=\"col medium-8 small-12 large-8\"  >\n\t\t\t\t<div class=\"col-inner text-left\"  >\n\t\t\t\n\t\t\t\n\n<h1><span style=\"font-size: 150%;\">Designheijastimet turvallisuutesi vuoksi<\/span><\/h1>\n<p><span style=\"font-size: 24px;\">Tiesitk\u00f6, ett\u00e4 40% kaikista auto-onnettomuuksista jalankulkijoihin liittyen tapahtuu pime\u00e4ss\u00e4 tihe\u00e4\u00e4n asutuilla alueilla? Jotta voisit tuntea olosi turvalliseksi liikenteess\u00e4, suunnittelimme heijastintuotteet jokaiseen tilanteeseen. Ajatuksena on, ett\u00e4 haluat k\u00e4ytt\u00e4\u00e4 niit\u00e4 kauniina asusteina juhlaan, ty\u00f6h\u00f6n ja vapaa-ajalle. Heijastimien k\u00e4ytt\u00f6 on helppo ja fiksu tapa n\u00e4ky\u00e4 liikenteess\u00e4. T\u00e4\u00e4lt\u00e4 voit lukea lis\u00e4\u00e4 n\u00e4kemyksist\u00e4mme turvallisuuteen liittyen. Ja saat lis\u00e4ksi toisenkin vinkin! <\/span><\/p>\n<h2 style=\"text-align: left;\"><strong>Heijastimet, jotka pelastavat el\u00e4m\u00e4n<\/strong><\/h2>\n<p style=\"text-align: left;\">Heijastimiemme ansiosta n\u00e4yt pime\u00e4ss\u00e4 yli 125 metrin p\u00e4\u00e4h\u00e4n. Ne on valmistettu 3M Scotchlitesta, joka on yksi markkinoiden turvallisimmista ja parhaimmista heijastinmateriaaleista. Tuotteet on my\u00f6s testattu SP:ll\u00e4, nykyisin RISE (Research Institutes of Sweden), ja sertifioitu EN 13356 (henkil\u00f6heijastimien) mukaan. Kaikki heijastimemme ovat CE-merkittyj\u00e4.<\/p>\n\t<div class=\"img has-hover img-border x md-x lg-x y md-y lg-y\" id=\"image_175715201\">\n\t\t\t\t\t\t\t\t<div class=\"img-inner image-cover dark\" style=\"padding-top:50%;\">\n\t\t\t<img loading=\"lazy\" decoding=\"async\" width=\"1600\" height=\"1200\" src=\"https:\/\/smartinthedark.com\/fi\/wp-content\/uploads\/sites\/8\/2019\/06\/Gymbag-Ryggs\u00e4ck-med-reflex-Smart-in-the-dark-1.jpg\" class=\"attachment-original size-original\" alt=\"\" srcset=\"https:\/\/smartinthedark.com\/fi\/wp-content\/uploads\/sites\/8\/2019\/06\/Gymbag-Ryggs\u00e4ck-med-reflex-Smart-in-the-dark-1.jpg 1600w, https:\/\/smartinthedark.com\/fi\/wp-content\/uploads\/sites\/8\/2019\/06\/Gymbag-Ryggs\u00e4ck-med-reflex-Smart-in-the-dark-1-300x225.jpg 300w, https:\/\/smartinthedark.com\/fi\/wp-content\/uploads\/sites\/8\/2019\/06\/Gymbag-Ryggs\u00e4ck-med-reflex-Smart-in-the-dark-1-768x576.jpg 768w, https:\/\/smartinthedark.com\/fi\/wp-content\/uploads\/sites\/8\/2019\/06\/Gymbag-Ryggs\u00e4ck-med-reflex-Smart-in-the-dark-1-1024x768.jpg 1024w, https:\/\/smartinthedark.com\/fi\/wp-content\/uploads\/sites\/8\/2019\/06\/Gymbag-Ryggs\u00e4ck-med-reflex-Smart-in-the-dark-1-600x450.jpg 600w\" sizes=\"auto, (max-width: 1600px) 100vw, 1600px\" \/>\t\t\t\t\t\t\n\t\t\t\t\t<\/div>\n\t\t\t\t\t\t\t\t\n<style>\n#image_175715201 {\n  width: 100%;\n}\n<\/style>\n\t<\/div>\n\t\n\n\t<div id=\"gap-1606824749\" class=\"gap-element clearfix\" style=\"display:block; height:auto;\">\n\t\t\n<style>\n#gap-1606824749 {\n  padding-top: 25px;\n}\n<\/style>\n\t<\/div>\n\t\n\n<h2><strong>Heijastimet p\u00e4\u00e4st\u00e4 varpaisiin<\/strong><\/h2>\n<p>Mallistossamme on viisi heijastinkuviota pohjoismaisella teemalla \u2013 hilla, punos, tunturi, revontulet ja puolukka. L\u00f6yd\u00e4t ne kaikissa tuotteissa p\u00e4\u00e4st\u00e4 varpaisiin: pipoissa ja laukuissa, v\u00f6iss\u00e4, huiveissa ja k\u00e4sinauhoissa, my\u00f6s kauniina asusteena laukussa kiinni. Katso mallisto verkkokaupastamme <u><a href=\"https:\/\/smartinthedark.com\/webbshop\/\">webbshop<\/a><\/u>.<\/p>\n<h2><strong>Vinkit liikenteess\u00e4 n\u00e4kymiseen:<\/strong><\/h2>\n<ul>\n<li>Pid\u00e4 heijastimia oikealla ja vasemmalla puolella<\/li>\n<li>id\u00e4 heijastimia pitkin vartaloa, ylh\u00e4\u00e4ll\u00e4 ja alhaalla<\/li>\n<li>Pid\u00e4 heijastimia liikkuvissa paikoissa, kuten k\u00e4sivarsissa ja jaloissa<\/li>\n<li>K\u00e4yt\u00e4 CE-merkitty\u00e4 heijastinta, kuten Smart in the dark<\/li>\n<\/ul>\n\t<div id=\"gap-2019883385\" class=\"gap-element clearfix\" style=\"display:block; height:auto;\">\n\t\t\n<style>\n#gap-2019883385 {\n  padding-top: 30px;\n}\n<\/style>\n\t<\/div>\n\t\n\n\n\t\t<\/div>\n\t\t\t\t\t<\/div>\n\n\t\n\n<\/div>\n\n\t<section class=\"section\" id=\"section_726713720\">\n\t\t<div class=\"section-bg fill\" >\n\t\t\t\t\t\t\t\t\t\n\t\t\t\n\n\t\t<\/div>\n\n\t\t\n\n\t\t<div class=\"section-content relative\">\n\t\t\t\n\n<div class=\"row align-middle align-center\"  id=\"row-293183124\">\n\n\n\t<div id=\"col-356290409\" class=\"col medium-4 small-12 large-4\"  >\n\t\t\t\t<div class=\"col-inner\"  >\n\t\t\t\n\t\t\t\n\n\t<div class=\"img has-hover img-border x md-x lg-x y md-y lg-y\" id=\"image_2024057741\">\n\t\t\t\t\t\t\t\t<div class=\"img-inner image-cover dark\" style=\"padding-top:100%;\">\n\t\t\t<img loading=\"lazy\" decoding=\"async\" width=\"533\" height=\"800\" src=\"https:\/\/smartinthedark.com\/fi\/wp-content\/uploads\/sites\/8\/2019\/07\/opt_kvinna-i-sjal-med-reflex-Smart-in-the-dark-533x800.jpg\" class=\"attachment-original size-original\" alt=\"\" srcset=\"https:\/\/smartinthedark.com\/fi\/wp-content\/uploads\/sites\/8\/2019\/07\/opt_kvinna-i-sjal-med-reflex-Smart-in-the-dark-533x800.jpg 533w, https:\/\/smartinthedark.com\/fi\/wp-content\/uploads\/sites\/8\/2019\/07\/opt_kvinna-i-sjal-med-reflex-Smart-in-the-dark-533x800-200x300.jpg 200w\" sizes=\"auto, (max-width: 533px) 100vw, 533px\" \/>\t\t\t\t\t\t\n\t\t\t\t\t<\/div>\n\t\t\t\t\t\t\t\t\n<style>\n#image_2024057741 {\n  width: 100%;\n}\n<\/style>\n\t<\/div>\n\t\n\n\n\t\t<\/div>\n\t\t\t\t\t<\/div>\n\n\t\n\n\t<div id=\"col-695194170\" class=\"col medium-4 small-12 large-4\"  >\n\t\t\t\t<div class=\"col-inner\"  >\n\t\t\t\n\t\t\t\n\n<h2 class=\"entry-title\">Polisen Tess gillar upplysta m\u00e4nniskor<\/h2>\n<p>Terese Lago \u00e4r polisen som i medierna blev k\u00e4nd f\u00f6r att hon l\u00e4ste sagor f\u00f6r ankommande flyktingbarn p\u00e5 Malm\u00f6 central h\u00f6sten 2015.<br \/>\u2013 Ja, det var en hel del uppm\u00e4rksamhet d\u00e5. Det mesta var v\u00e4ldigt positivt, dock var det en del som tyckte att polisen skulle g\u00f6ra annat, \u201dta fast buset och s\u00e5 vidare\u201d.<\/p>\n<a href=\"https:\/\/smartinthedark.com\/polisen-tess-gillar-upplysta-manniskor\/\" class=\"button primary\" >\n\t\t<span>L\u00e4s vidare<\/span>\n\t<\/a>\n\n\n\n\t\t<\/div>\n\t\t\t\t\t<\/div>\n\n\t\n\n<\/div>\n\n\t\t<\/div>\n\n\t\t\n<style>\n#section_726713720 {\n  padding-top: 0px;\n  padding-bottom: 0px;\n}\n<\/style>\n\t<\/section>\n\t\n\n\t<section class=\"section\" id=\"section_1840732079\">\n\t\t<div class=\"section-bg fill\" >\n\t\t\t\t\t\t\t\t\t\n\t\t\t\n\n\t\t<\/div>\n\n\t\t\n\n\t\t<div class=\"section-content relative\">\n\t\t\t\n\n\t<div id=\"gap-551154756\" class=\"gap-element clearfix hide-for-medium\" style=\"display:block; height:auto;\">\n\t\t\n<style>\n#gap-551154756 {\n  padding-top: 30px;\n}\n<\/style>\n\t<\/div>\n\t\n\n<div class=\"row align-center\"  id=\"row-1668897616\">\n\n\n\t<div id=\"col-1481234551\" class=\"col medium-4 small-12 large-4\"  >\n\t\t\t\t<div class=\"col-inner\"  >\n\t\t\t\n\t\t\t\n\n<h2 class=\"entry-title\">Fyra s\u00e4kerhetstips om reflexer<\/h2>\n<h3 class=\"entry-title\" data-line-height=\"s\">En Intervju med G\u00f6sta Werner<\/h3>\n<p>Idag saknas reflexen fr\u00e5n m\u00e5ngas h\u00f6st- och vinterkl\u00e4dsel. Vi s\u00e4tter dem p\u00e5 v\u00e5ra barn, men gl\u00f6mmer bort att s\u00e4tta den p\u00e5 v\u00e5ra egna kl\u00e4der.<\/p>\n<p>Ist\u00e4llet g\u00e5r vi ut i svarta vinterkl\u00e4der i tron att n\u00e4rmaste lyktstolpe ska signalera v\u00e5r n\u00e4rvaro till bilisten. Men utan en reflex syns du f\u00f6rst p\u00e5 25 meters avst\u00e5nd, vilket \u00e4r f\u00f6r kort tid f\u00f6r att en bilist ska hinna reagera i tid och stanna. Varf\u00f6r \u00e4r det s\u00e5?&nbsp;<\/p>\n<a href=\"https:\/\/smartinthedark.com\/fyra-sakerhetstips-om-reflexer-en-intervju-med-gosta-werner\/\" class=\"button primary\" >\n\t\t<span>L\u00e4s vidare<\/span>\n\t<\/a>\n\n\n\n\t\t<\/div>\n\t\t\t\t\t<\/div>\n\n\t\n\n\t<div id=\"col-887439463\" class=\"col medium-4 small-12 large-4\"  >\n\t\t\t\t<div class=\"col-inner\"  >\n\t\t\t\n\t\t\t\n\n\t<div class=\"img has-hover img-border x md-x lg-x y md-y lg-y\" id=\"image_1024694933\">\n\t\t\t\t\t\t\t\t<div class=\"img-inner image-cover dark\" style=\"padding-top:101%;\">\n\t\t\t<img loading=\"lazy\" decoding=\"async\" width=\"4104\" height=\"2835\" src=\"https:\/\/smartinthedark.com\/fi\/wp-content\/uploads\/sites\/8\/2019\/10\/Reflexm\u00f6ssa-i-m\u00f6nster-av-norrsken-Smart-in-the-dark.jpg\" class=\"attachment-original size-original\" alt=\"\" srcset=\"https:\/\/smartinthedark.com\/fi\/wp-content\/uploads\/sites\/8\/2019\/10\/Reflexm\u00f6ssa-i-m\u00f6nster-av-norrsken-Smart-in-the-dark.jpg 4104w, https:\/\/smartinthedark.com\/fi\/wp-content\/uploads\/sites\/8\/2019\/10\/Reflexm\u00f6ssa-i-m\u00f6nster-av-norrsken-Smart-in-the-dark-300x207.jpg 300w, https:\/\/smartinthedark.com\/fi\/wp-content\/uploads\/sites\/8\/2019\/10\/Reflexm\u00f6ssa-i-m\u00f6nster-av-norrsken-Smart-in-the-dark-768x531.jpg 768w, https:\/\/smartinthedark.com\/fi\/wp-content\/uploads\/sites\/8\/2019\/10\/Reflexm\u00f6ssa-i-m\u00f6nster-av-norrsken-Smart-in-the-dark-1024x707.jpg 1024w, https:\/\/smartinthedark.com\/fi\/wp-content\/uploads\/sites\/8\/2019\/10\/Reflexm\u00f6ssa-i-m\u00f6nster-av-norrsken-Smart-in-the-dark-600x414.jpg 600w\" sizes=\"auto, (max-width: 4104px) 100vw, 4104px\" \/>\t\t\t\t\t\t\n\t\t\t\t\t<\/div>\n\t\t\t\t\t\t\t\t\n<style>\n#image_1024694933 {\n  width: 100%;\n}\n<\/style>\n\t<\/div>\n\t\n\n\n\t\t<\/div>\n\t\t\t\t\t<\/div>\n\n\t\n\n<\/div>\n\n\t\t<\/div>\n\n\t\t\n<style>\n#section_1840732079 {\n  padding-top: 30px;\n  padding-bottom: 30px;\n}\n<\/style>\n\t<\/section>\n\t\n\n\t<section class=\"section\" id=\"section_470426045\">\n\t\t<div class=\"section-bg fill\" >\n\t\t\t\t\t\t\t\t\t\n\t\t\t\n\n\t\t<\/div>\n\n\t\t\n\n\t\t<div class=\"section-content relative\">\n\t\t\t\n\n<div class=\"row align-center\"  id=\"row-2030301106\">\n\n\n\t<div id=\"col-193846213\" class=\"col medium-4 small-12 large-4\"  >\n\t\t\t\t<div class=\"col-inner\"  >\n\t\t\t\n\t\t\t\n\n\t<div class=\"img has-hover img-border x md-x lg-x y md-y lg-y\" id=\"image_1104128411\">\n\t\t\t\t\t\t\t\t<div class=\"img-inner image-cover dark\" style=\"padding-top:60%;\">\n\t\t\t<img loading=\"lazy\" decoding=\"async\" width=\"4119\" height=\"2978\" src=\"https:\/\/smartinthedark.com\/fi\/wp-content\/uploads\/sites\/8\/2019\/10\/M\u00f6ssa-i-reflex-Smart-in-the-dark.jpg\" class=\"attachment-original size-original\" alt=\"\" srcset=\"https:\/\/smartinthedark.com\/fi\/wp-content\/uploads\/sites\/8\/2019\/10\/M\u00f6ssa-i-reflex-Smart-in-the-dark.jpg 4119w, https:\/\/smartinthedark.com\/fi\/wp-content\/uploads\/sites\/8\/2019\/10\/M\u00f6ssa-i-reflex-Smart-in-the-dark-300x217.jpg 300w, https:\/\/smartinthedark.com\/fi\/wp-content\/uploads\/sites\/8\/2019\/10\/M\u00f6ssa-i-reflex-Smart-in-the-dark-768x555.jpg 768w, https:\/\/smartinthedark.com\/fi\/wp-content\/uploads\/sites\/8\/2019\/10\/M\u00f6ssa-i-reflex-Smart-in-the-dark-1024x740.jpg 1024w, https:\/\/smartinthedark.com\/fi\/wp-content\/uploads\/sites\/8\/2019\/10\/M\u00f6ssa-i-reflex-Smart-in-the-dark-600x434.jpg 600w\" sizes=\"auto, (max-width: 4119px) 100vw, 4119px\" \/>\t\t\t\t\t\t\n\t\t\t\t\t<\/div>\n\t\t\t\t\t\t\t\t\n<style>\n#image_1104128411 {\n  width: 100%;\n}\n<\/style>\n\t<\/div>\n\t\n\n<h2 class=\"entry-title\">En s\u00e4krare v\u00e4rld<\/h2>\n<p>Vi befinner oss i en ny situation idag n\u00e4r vi vistas ute b\u00e5de i stan och p\u00e5 landsbygden.&nbsp;<\/p>\n<a href=\"https:\/\/smartinthedark.com\/en-sakrare-varld\/\" class=\"button primary\" >\n\t\t<span>L\u00e4s vidare<\/span>\n\t<\/a>\n\n\n\n\t\t<\/div>\n\t\t\t\t\t<\/div>\n\n\t\n\n\t<div id=\"col-1210873386\" class=\"col medium-4 small-12 large-4\"  >\n\t\t\t\t<div class=\"col-inner\"  >\n\t\t\t\n\t\t\t\n\n\t<div class=\"img has-hover img-border x md-x lg-x y md-y lg-y\" id=\"image_90882525\">\n\t\t\t\t\t\t\t\t<div class=\"img-inner image-cover dark\" style=\"padding-top:60%;\">\n\t\t\t<img loading=\"lazy\" decoding=\"async\" width=\"500\" height=\"500\" src=\"https:\/\/smartinthedark.com\/fi\/wp-content\/uploads\/sites\/8\/2019\/06\/Mossa-och-Vaska-600x600-500x500.jpg\" class=\"attachment-original size-original\" alt=\"\" srcset=\"https:\/\/smartinthedark.com\/fi\/wp-content\/uploads\/sites\/8\/2019\/06\/Mossa-och-Vaska-600x600-500x500.jpg 500w, https:\/\/smartinthedark.com\/fi\/wp-content\/uploads\/sites\/8\/2019\/06\/Mossa-och-Vaska-600x600-500x500-300x300.jpg 300w, https:\/\/smartinthedark.com\/fi\/wp-content\/uploads\/sites\/8\/2019\/06\/Mossa-och-Vaska-600x600-500x500-150x150.jpg 150w, https:\/\/smartinthedark.com\/fi\/wp-content\/uploads\/sites\/8\/2019\/06\/Mossa-och-Vaska-600x600-500x500-247x247.jpg 247w\" sizes=\"auto, (max-width: 500px) 100vw, 500px\" \/>\t\t\t\t\t\t\n\t\t\t\t\t<\/div>\n\t\t\t\t\t\t\t\t\n<style>\n#image_90882525 {\n  width: 100%;\n}\n<\/style>\n\t<\/div>\n\t\n\n<h2 class=\"entry-title\">Rawness testar Smart in the dark reflexer<\/h2>\n<p>Rawness \u00e4r en portal som tar upp produkter och annat som inspirerar till en aktiv livsstil.&nbsp;<\/p>\n<a href=\"https:\/\/smartinthedark.com\/rawness-testar-smart-in-the-dark-reflexer\/\" class=\"button primary\" >\n\t\t<span>L\u00e4s vidare<\/span>\n\t<\/a>\n\n\n\n\t\t<\/div>\n\t\t\t\t\t<\/div>\n\n\t\n\n<\/div>\n\n\t\t<\/div>\n\n\t\t\n<style>\n#section_470426045 {\n  padding-top: 10px;\n  padding-bottom: 10px;\n}\n@media (min-width:550px) {\n  #section_470426045 {\n    padding-top: 60px;\n    padding-bottom: 60px;\n  }\n}\n<\/style>\n\t<\/section>\n\t\n\n","protected":false},"excerpt":{"rendered":"","protected":false},"author":1,"featured_media":0,"parent":2891,"menu_order":0,"comment_status":"closed","ping_status":"closed","template":"page-blank.php","meta":{"_trash_the_other_posts":false,"editor_notices":[],"footnotes":""},"class_list":["post-2905","page","type-page","status-publish","hentry"],"yoast_head":"<!-- This site is optimized with the Yoast SEO plugin v25.9 - https:\/\/yoast.com\/wordpress\/plugins\/seo\/ -->\n<title>Turvallisuus - Smart In The Dark<\/title>\n<meta name=\"robots\" content=\"index, follow, max-snippet:-1, max-image-preview:large, max-video-preview:-1\" \/>\n<link rel=\"canonical\" href=\"https:\/\/smartinthedark.com\/fi\/meista\/turvallisuus\/\" \/>\n<meta property=\"og:locale\" content=\"fi_FI\" \/>\n<meta property=\"og:type\" content=\"article\" \/>\n<meta property=\"og:title\" content=\"Turvallisuus - Smart In The Dark\" \/>\n<meta property=\"og:url\" content=\"https:\/\/smartinthedark.com\/fi\/meista\/turvallisuus\/\" \/>\n<meta property=\"og:site_name\" content=\"Smart In The Dark\" \/>\n<meta property=\"article:publisher\" content=\"https:\/\/www.facebook.com\/smartinthedark\/\" \/>\n<meta property=\"article:modified_time\" content=\"2019-10-11T09:19:55+00:00\" \/>\n<meta property=\"og:image\" content=\"https:\/\/smartinthedark.com\/fi\/wp-content\/uploads\/sites\/8\/2022\/10\/Cool-TjejBoy.arm_reflexer-1024x649-1.jpg\" \/>\n\t<meta property=\"og:image:width\" content=\"1024\" \/>\n\t<meta property=\"og:image:height\" content=\"649\" \/>\n\t<meta property=\"og:image:type\" content=\"image\/jpeg\" \/>\n<meta name=\"twitter:card\" content=\"summary_large_image\" \/>\n<meta name=\"twitter:label1\" content=\"Est. reading time\" \/>\n\t<meta name=\"twitter:data1\" content=\"3 minutes\" \/>\n<script type=\"application\/ld+json\" class=\"yoast-schema-graph\">{\"@context\":\"https:\/\/schema.org\",\"@graph\":[{\"@type\":\"WebPage\",\"@id\":\"https:\/\/smartinthedark.com\/fi\/meista\/turvallisuus\/\",\"url\":\"https:\/\/smartinthedark.com\/fi\/meista\/turvallisuus\/\",\"name\":\"Turvallisuus - Smart In The Dark\",\"isPartOf\":{\"@id\":\"https:\/\/smartinthedark.com\/fi\/#website\"},\"datePublished\":\"2019-07-16T08:26:10+00:00\",\"dateModified\":\"2019-10-11T09:19:55+00:00\",\"breadcrumb\":{\"@id\":\"https:\/\/smartinthedark.com\/fi\/meista\/turvallisuus\/#breadcrumb\"},\"inLanguage\":\"fi\",\"potentialAction\":[{\"@type\":\"ReadAction\",\"target\":[\"https:\/\/smartinthedark.com\/fi\/meista\/turvallisuus\/\"]}]},{\"@type\":\"BreadcrumbList\",\"@id\":\"https:\/\/smartinthedark.com\/fi\/meista\/turvallisuus\/#breadcrumb\",\"itemListElement\":[{\"@type\":\"ListItem\",\"position\":1,\"name\":\"Hem\",\"item\":\"https:\/\/smartinthedark.com\/fi\/\"},{\"@type\":\"ListItem\",\"position\":2,\"name\":\"Meist\u00e4\",\"item\":\"https:\/\/smartinthedark.com\/fi\/meista\/\"},{\"@type\":\"ListItem\",\"position\":3,\"name\":\"Turvallisuus\"}]},{\"@type\":\"WebSite\",\"@id\":\"https:\/\/smartinthedark.com\/fi\/#website\",\"url\":\"https:\/\/smartinthedark.com\/fi\/\",\"name\":\"Smart In The Dark\",\"description\":\"\",\"potentialAction\":[{\"@type\":\"SearchAction\",\"target\":{\"@type\":\"EntryPoint\",\"urlTemplate\":\"https:\/\/smartinthedark.com\/fi\/?s={search_term_string}\"},\"query-input\":{\"@type\":\"PropertyValueSpecification\",\"valueRequired\":true,\"valueName\":\"search_term_string\"}}],\"inLanguage\":\"fi\"}]}<\/script>\n<!-- \/ Yoast SEO plugin. -->","yoast_head_json":{"title":"Turvallisuus - Smart In The Dark","robots":{"index":"index","follow":"follow","max-snippet":"max-snippet:-1","max-image-preview":"max-image-preview:large","max-video-preview":"max-video-preview:-1"},"canonical":"https:\/\/smartinthedark.com\/fi\/meista\/turvallisuus\/","og_locale":"fi_FI","og_type":"article","og_title":"Turvallisuus - Smart In The Dark","og_url":"https:\/\/smartinthedark.com\/fi\/meista\/turvallisuus\/","og_site_name":"Smart In The Dark","article_publisher":"https:\/\/www.facebook.com\/smartinthedark\/","article_modified_time":"2019-10-11T09:19:55+00:00","og_image":[{"width":1024,"height":649,"url":"https:\/\/smartinthedark.com\/fi\/wp-content\/uploads\/sites\/8\/2022\/10\/Cool-TjejBoy.arm_reflexer-1024x649-1.jpg","type":"image\/jpeg"}],"twitter_card":"summary_large_image","twitter_misc":{"Est. reading time":"3 minutes"},"schema":{"@context":"https:\/\/schema.org","@graph":[{"@type":"WebPage","@id":"https:\/\/smartinthedark.com\/fi\/meista\/turvallisuus\/","url":"https:\/\/smartinthedark.com\/fi\/meista\/turvallisuus\/","name":"Turvallisuus - Smart In The Dark","isPartOf":{"@id":"https:\/\/smartinthedark.com\/fi\/#website"},"datePublished":"2019-07-16T08:26:10+00:00","dateModified":"2019-10-11T09:19:55+00:00","breadcrumb":{"@id":"https:\/\/smartinthedark.com\/fi\/meista\/turvallisuus\/#breadcrumb"},"inLanguage":"fi","potentialAction":[{"@type":"ReadAction","target":["https:\/\/smartinthedark.com\/fi\/meista\/turvallisuus\/"]}]},{"@type":"BreadcrumbList","@id":"https:\/\/smartinthedark.com\/fi\/meista\/turvallisuus\/#breadcrumb","itemListElement":[{"@type":"ListItem","position":1,"name":"Hem","item":"https:\/\/smartinthedark.com\/fi\/"},{"@type":"ListItem","position":2,"name":"Meist\u00e4","item":"https:\/\/smartinthedark.com\/fi\/meista\/"},{"@type":"ListItem","position":3,"name":"Turvallisuus"}]},{"@type":"WebSite","@id":"https:\/\/smartinthedark.com\/fi\/#website","url":"https:\/\/smartinthedark.com\/fi\/","name":"Smart In The Dark","description":"","potentialAction":[{"@type":"SearchAction","target":{"@type":"EntryPoint","urlTemplate":"https:\/\/smartinthedark.com\/fi\/?s={search_term_string}"},"query-input":{"@type":"PropertyValueSpecification","valueRequired":true,"valueName":"search_term_string"}}],"inLanguage":"fi"}]}},"_links":{"self":[{"href":"https:\/\/smartinthedark.com\/fi\/wp-json\/wp\/v2\/pages\/2905","targetHints":{"allow":["GET"]}}],"collection":[{"href":"https:\/\/smartinthedark.com\/fi\/wp-json\/wp\/v2\/pages"}],"about":[{"href":"https:\/\/smartinthedark.com\/fi\/wp-json\/wp\/v2\/types\/page"}],"author":[{"embeddable":true,"href":"https:\/\/smartinthedark.com\/fi\/wp-json\/wp\/v2\/users\/1"}],"replies":[{"embeddable":true,"href":"https:\/\/smartinthedark.com\/fi\/wp-json\/wp\/v2\/comments?post=2905"}],"version-history":[{"count":41,"href":"https:\/\/smartinthedark.com\/fi\/wp-json\/wp\/v2\/pages\/2905\/revisions"}],"predecessor-version":[{"id":23317,"href":"https:\/\/smartinthedark.com\/fi\/wp-json\/wp\/v2\/pages\/2905\/revisions\/23317"}],"up":[{"embeddable":true,"href":"https:\/\/smartinthedark.com\/fi\/wp-json\/wp\/v2\/pages\/2891"}],"wp:attachment":[{"href":"https:\/\/smartinthedark.com\/fi\/wp-json\/wp\/v2\/media?parent=2905"}],"curies":[{"name":"wp","href":"https:\/\/api.w.org\/{rel}","templated":true}]}}