{"id":2891,"date":"2019-07-16T10:09:36","date_gmt":"2019-07-16T08:09:36","guid":{"rendered":"https:\/\/smartinthedark.com\/?page_id=2891"},"modified":"2020-06-30T10:01:58","modified_gmt":"2020-06-30T08:01:58","slug":"meista","status":"publish","type":"page","link":"https:\/\/smartinthedark.com\/fi\/meista\/","title":{"rendered":"Meist\u00e4"},"content":{"rendered":"\n<div class=\"row\" style=\"max-width:1200px\" id=\"row-1375137205\">\n\n\n\t<div id=\"col-1951610639\" class=\"col small-12 large-12\"  >\n\t\t\t\t<div class=\"col-inner\"  >\n\t\t\t\n\t\t\t\n\n\n  <div class=\"banner has-hover\" id=\"banner-2051919524\">\n          <div class=\"banner-inner fill\">\n        <div class=\"banner-bg fill\" >\n            <img loading=\"lazy\" decoding=\"async\" width=\"1598\" height=\"937\" src=\"https:\/\/smartinthedark.com\/fi\/wp-content\/uploads\/sites\/8\/2019\/08\/Rynkad-och-rak-reflex-till-arm-Smart-in-the-dark.jpg\" class=\"bg attachment-original size-original\" alt=\"\" \/>                                    \n                    <\/div>\n\t\t\n        <div class=\"banner-layers container\">\n            <div class=\"fill banner-link\"><\/div>            \n\n   <div id=\"text-box-1197344089\" class=\"text-box banner-layer x50 md-x50 lg-x50 y50 md-y50 lg-y50 res-text\">\n                                <div class=\"text-box-content text dark\">\n              \n              <div class=\"text-inner text-center\">\n                  \n\n<h1 style=\"text-align: center;\"><span class=\"titel-head\" style=\"font-size: 115%;\" data-line-height=\"xs\"><strong>Meist\u00e4<\/strong><\/span><\/h1>\n\n              <\/div>\n           <\/div>\n                            \n<style>\n#text-box-1197344089 {\n  width: 98%;\n}\n#text-box-1197344089 .text-box-content {\n  font-size: 80%;\n}\n@media (min-width:550px) {\n  #text-box-1197344089 {\n    width: 60%;\n  }\n  #text-box-1197344089 .text-box-content {\n    font-size: 100%;\n  }\n}\n<\/style>\n    <\/div>\n \n\n        <\/div>\n      <\/div>\n\n            \n<style>\n#banner-2051919524 {\n  padding-top: 250px;\n}\n#banner-2051919524 .banner-bg img {\n  object-position: 45% 100%;\n}\n@media (min-width:550px) {\n  #banner-2051919524 {\n    padding-top: 600px;\n  }\n}\n<\/style>\n  <\/div>\n\n\n\t<div id=\"gap-566499785\" class=\"gap-element clearfix\" style=\"display:block; height:auto;\">\n\t\t\n<style>\n#gap-566499785 {\n  padding-top: 40px;\n}\n<\/style>\n\t<\/div>\n\t\n\n<nav class=\"breadcrumbs\"><a href=\"https:\/\/smartinthedark.com\/fi\">Koti<\/a> <span class=\"divider\">\/<\/span> Meist\u00e4<\/nav>\n\n\t\t<\/div>\n\t\t\t\t\t<\/div>\n\n\t\n\n<\/div>\n<div class=\"row align-middle align-center\"  id=\"row-1888418664\">\n\n\n\t<div id=\"col-536331665\" class=\"col medium-8 small-12 large-8\"  >\n\t\t\t\t<div class=\"col-inner\"  >\n\t\t\t\n\t\t\t\n\n<p style=\"text-align: left;\"><span style=\"font-size: 100%;\">Smart in the Dark on ruotsalainen yritys, tukikohtanaan Kung\u00e4lv. Vuodesta 20XX l\u00e4htien olemme kehitt\u00e4neet ja suunnitelleet heijastintuotteita ja heijastinasusteita kaikille, jotka haluavat n\u00e4ky\u00e4 liikenteess\u00e4.<\/span>Heijastimiemme ansiosta n\u00e4yt pime\u00e4ss\u00e4 yli 125 metrin p\u00e4\u00e4h\u00e4n. Ne ovat CE-merkittyj\u00e4 ja valmistettu 3M Scotchlitesta, joka on yksi markkinoiden turvallisimmista ja parhaimmista heijastinmateriaaleista.<\/p>\n<p>Me Smart in the darkilla haluamme, ett\u00e4 kaikki n\u00e4kyv\u00e4t pime\u00e4ss\u00e4. Ja meist\u00e4 heijastimien k\u00e4yt\u00f6n tulee olla sek\u00e4 k\u00e4tev\u00e4\u00e4 ett\u00e4 kaunista. Siksi pyrimme jatkuvasti luomaan innovatiivisia tuotteita, joissa design, turvallisuus, laatu ja tarkoitus on keskeist\u00e4. Kaikissa tuotteissamme ja asusteissamme on heijastinyksityiskohtia pohjoismaisilla aiheilla, kuten hilla, punos, tunturi, revontulet ja puolukka. Malliston nimi on Nordic Silver Collection, ja se on kehitelty yhteisty\u00f6ss\u00e4 Bor\u00e5sissa sijaitsevan Nordiska Designkontoretin, sek\u00e4 tavaramerkkivirasto Gappion kanssa. Yhteisty\u00f6t\u00e4 tehd\u00e4\u00e4n my\u00f6s suunnittelija ja kuvittaja Lidia Blomgrenin kanssa. <u><a href=\"https:\/\/www.lidiablomgren.se\/\" target=\"_blank\" rel=\"noopener noreferrer\">lidiablomgren.se<\/a><\/u><\/p>\n<p style=\"text-align: left;\">Mallistosta l\u00f6ytyy kaikkea heijastinpipoista ja heijastinlaukuista aina heijastinv\u00f6ihin ja heijastinhuiveihin. Katso koko mallisto t\u00e4\u00e4lt\u00e4. <a href=\"https:\/\/smartinthedark.com\/webshop\/\"><u>t\u00e4\u00e4ll\u00e4<\/u><\/a>. Smart in the darkin heijastimen k\u00e4ytt\u00f6 tekee merkitt\u00e4v\u00e4n eron \u2013 se on kaunis, fiksu ja turvallinen!<\/p>\n\t<div id=\"gap-348247695\" class=\"gap-element clearfix\" style=\"display:block; height:auto;\">\n\t\t\n<style>\n#gap-348247695 {\n  padding-top: 30px;\n}\n<\/style>\n\t<\/div>\n\t\n\n\n\t\t<\/div>\n\t\t\t\t\t<\/div>\n\n\t\n\n<\/div>\n\t<div id=\"gap-209448764\" class=\"gap-element clearfix\" style=\"display:block; height:auto;\">\n\t\t\n<style>\n#gap-209448764 {\n  padding-top: 60px;\n}\n<\/style>\n\t<\/div>\n\t\n\n<div class=\"row\" style=\"max-width:1200px\" id=\"row-1134944519\">\n\n\n\t<div id=\"col-39454245\" class=\"col medium-6 small-12 large-6\"  >\n\t\t\t\t<div class=\"col-inner\"  >\n\t\t\t\n\t\t\t\n\n\n  <div class=\"banner has-hover header-border bg-zoom\" id=\"banner-1873010112\">\n          <div class=\"banner-inner fill\">\n        <div class=\"banner-bg fill\" >\n            <img loading=\"lazy\" decoding=\"async\" width=\"1920\" height=\"700\" src=\"https:\/\/smartinthedark.com\/fi\/wp-content\/uploads\/sites\/8\/2019\/07\/smart_new1920x700.jpg\" class=\"bg attachment-original size-original\" alt=\"\" \/>                                    \n                    <\/div>\n\t\t\n        <div class=\"banner-layers container\">\n            <a class=\"fill\" href=\"https:\/\/smartinthedark.com\/fi\/meista\/turvallisuus\/\"><div class=\"fill banner-link\"><\/div><\/a>            \n\n   <div id=\"text-box-767567684\" class=\"text-box banner-layer x50 md-x50 lg-x50 y50 md-y50 lg-y50 res-text\">\n                                <div class=\"text-box-content text dark\">\n              \n              <div class=\"text-inner text-center\">\n                  \n\n\n              <\/div>\n           <\/div>\n                            \n<style>\n#text-box-767567684 {\n  width: 100%;\n}\n#text-box-767567684 .text-box-content {\n  font-size: 100%;\n}\n<\/style>\n    <\/div>\n \n\n        <\/div>\n      <\/div>\n\n            \n<style>\n#banner-1873010112 {\n  padding-top: 50%;\n}\n<\/style>\n  <\/div>\n\n\n\t<div id=\"gap-244699737\" class=\"gap-element clearfix\" style=\"display:block; height:auto;\">\n\t\t\n<style>\n#gap-244699737 {\n  padding-top: 15px;\n}\n<\/style>\n\t<\/div>\n\t\n\n<div class=\"row align-center\"  id=\"row-717156914\">\n\n\n\t<div id=\"col-1299461391\" class=\"col medium-8 small-12 large-8\"  >\n\t\t\t\t<div class=\"col-inner\"  >\n\t\t\t\n\t\t\t\n\n<p style=\"text-align: center;\"><a href=\"https:\/\/smartinthedark.com\/fi\/meista\/turvallisuus\/\"><span class=\"\" style=\"font-size: 160%;\" data-line-height=\"l\"><strong>Turvallisuus<\/strong><\/span><\/a><br \/>Tiesitk\u00f6, ett\u00e4 40% liikenneonnettomuuksista tapahtuu pime\u00e4ll\u00e4 ja tihe\u00e4sti asutuilla alueilla?<\/p>\n\n\t\t<\/div>\n\t\t\t\t\t<\/div>\n\n\t\n\n<\/div>\n\n\t\t<\/div>\n\t\t\t\t\t<\/div>\n\n\t\n\n\t<div id=\"col-821232975\" class=\"col medium-6 small-12 large-6\"  >\n\t\t\t\t<div class=\"col-inner\"  >\n\t\t\t\n\t\t\t\n\n\n  <div class=\"banner has-hover header-border bg-zoom\" id=\"banner-830506983\">\n          <div class=\"banner-inner fill\">\n        <div class=\"banner-bg fill\" >\n            <img loading=\"lazy\" decoding=\"async\" width=\"2332\" height=\"1749\" src=\"https:\/\/smartinthedark.com\/fi\/wp-content\/uploads\/sites\/8\/2019\/08\/Gymbag-Ryggs\u00e4ck-med-reflex-Smart-in-the-dark-1.jpg\" class=\"bg attachment-original size-original\" alt=\"\" \/>                                    \n                    <\/div>\n\t\t\n        <div class=\"banner-layers container\">\n            <a class=\"fill\" href=\"https:\/\/smartinthedark.com\/fi\/meista\/tarinamme\/\"><div class=\"fill banner-link\"><\/div><\/a>            \n\n   <div id=\"text-box-1156167009\" class=\"text-box banner-layer x50 md-x50 lg-x50 y50 md-y50 lg-y50 res-text\">\n                                <div class=\"text-box-content text dark\">\n              \n              <div class=\"text-inner text-center\">\n                  \n\n\n              <\/div>\n           <\/div>\n                            \n<style>\n#text-box-1156167009 {\n  width: 100%;\n}\n#text-box-1156167009 .text-box-content {\n  font-size: 100%;\n}\n<\/style>\n    <\/div>\n \n\n        <\/div>\n      <\/div>\n\n            \n<style>\n#banner-830506983 {\n  padding-top: 50%;\n}\n#banner-830506983 .banner-bg img {\n  object-position: 4% 24%;\n}\n<\/style>\n  <\/div>\n\n\n\t<div id=\"gap-2117035683\" class=\"gap-element clearfix\" style=\"display:block; height:auto;\">\n\t\t\n<style>\n#gap-2117035683 {\n  padding-top: 15px;\n}\n<\/style>\n\t<\/div>\n\t\n\n<div class=\"row align-center\"  id=\"row-2143895658\">\n\n\n\t<div id=\"col-184027612\" class=\"col medium-8 small-12 large-8\"  >\n\t\t\t\t<div class=\"col-inner\"  >\n\t\t\t\n\t\t\t\n\n<p style=\"text-align: center;\"><a href=\"https:\/\/smartinthedark.com\/fi\/meista\/tarinamme\/\"><span class=\"\" style=\"font-size: 160%;\" data-line-height=\"l\"><strong>Tarinamme<\/strong><\/span><\/a><br \/>Ann-Sofie Hermansson perusti Smart in the darkin vuonna 2014. Idea syttyi, kun h\u00e4n er\u00e4\u00e4n\u00e4 p\u00e4iv\u00e4n\u00e4 havaitsi&#8230;.<\/p>\n\n\t\t<\/div>\n\t\t\t\t\t<\/div>\n\n\t\n\n<\/div>\n\n\t\t<\/div>\n\t\t\t\t\t<\/div>\n\n\t\n\n\t<div id=\"col-37172288\" class=\"col medium-6 small-12 large-6\"  >\n\t\t\t\t<div class=\"col-inner\"  >\n\t\t\t\n\t\t\t\n\n\n  <div class=\"banner has-hover header-border bg-zoom\" id=\"banner-1014620083\">\n          <div class=\"banner-inner fill\">\n        <div class=\"banner-bg fill\" >\n            <img loading=\"lazy\" decoding=\"async\" width=\"1920\" height=\"700\" src=\"https:\/\/smartinthedark.com\/fi\/wp-content\/uploads\/sites\/8\/2019\/08\/Reflexm\u00f6ssa-med-m\u00f6nster-Smart-in-the-dark2.png\" class=\"bg attachment-original size-original\" alt=\"\" \/>                                    \n                    <\/div>\n\t\t\n        <div class=\"banner-layers container\">\n            <a class=\"fill\" href=\"https:\/\/smartinthedark.com\/fi\/meista\/tilaussivumme\/\"><div class=\"fill banner-link\"><\/div><\/a>            \n\n   <div id=\"text-box-439533058\" class=\"text-box banner-layer x50 md-x50 lg-x50 y50 md-y50 lg-y50 res-text\">\n                                <div class=\"text-box-content text dark\">\n              \n              <div class=\"text-inner text-center\">\n                  \n\n\n              <\/div>\n           <\/div>\n                            \n<style>\n#text-box-439533058 {\n  width: 100%;\n}\n#text-box-439533058 .text-box-content {\n  font-size: 100%;\n}\n<\/style>\n    <\/div>\n \n\n        <\/div>\n      <\/div>\n\n            \n<style>\n#banner-1014620083 {\n  padding-top: 50%;\n}\n#banner-1014620083 .banner-bg img {\n  object-position: 57% 76%;\n}\n<\/style>\n  <\/div>\n\n\n\t<div id=\"gap-195678468\" class=\"gap-element clearfix\" style=\"display:block; height:auto;\">\n\t\t\n<style>\n#gap-195678468 {\n  padding-top: 15px;\n}\n<\/style>\n\t<\/div>\n\t\n\n<div class=\"row align-center\"  id=\"row-1244732774\">\n\n\n\t<div id=\"col-1633940709\" class=\"col medium-8 small-12 large-8\"  >\n\t\t\t\t<div class=\"col-inner\"  >\n\t\t\t\n\t\t\t\n\n<p style=\"text-align: center;\"><a href=\"https:\/\/smartinthedark.com\/fi\/meista\/tilaussivumme\/\"><span class=\"\" style=\"font-size: 160%;\" data-line-height=\"l\"><strong>Tilaussivumme<\/strong><\/span><\/a><br \/>Ideamme on tarjota design-heijastimia hyvin pukeutuville naisille ja miehille&#8230; <\/p>\n\n\t\t<\/div>\n\t\t\t\t\t<\/div>\n\n\t\n\n<\/div>\n\n\t\t<\/div>\n\t\t\t\t\t<\/div>\n\n\t\n\n\t<div id=\"col-2006453488\" class=\"col medium-6 small-12 large-6\"  >\n\t\t\t\t<div class=\"col-inner\"  >\n\t\t\t\n\t\t\t\n\n\n  <div class=\"banner has-hover header-border bg-zoom\" id=\"banner-758460921\">\n          <div class=\"banner-inner fill\">\n        <div class=\"banner-bg fill\" >\n            <img loading=\"lazy\" decoding=\"async\" width=\"1485\" height=\"1000\" src=\"https:\/\/smartinthedark.com\/fi\/wp-content\/uploads\/sites\/8\/2019\/08\/Reflexm\u00f6ssor-burgundy-gr\u00e5-smart-in-the-dark.jpg\" class=\"bg attachment-original size-original\" alt=\"\" \/>                                    \n                    <\/div>\n\t\t\n        <div class=\"banner-layers container\">\n            <a class=\"fill\" href=\"https:\/\/smartinthedark.com\/fi\/meista\/kestava-tuotanto\/\"><div class=\"fill banner-link\"><\/div><\/a>            \n\n   <div id=\"text-box-1888279690\" class=\"text-box banner-layer x50 md-x50 lg-x50 y50 md-y50 lg-y50 res-text\">\n                                <div class=\"text-box-content text dark\">\n              \n              <div class=\"text-inner text-center\">\n                  \n\n\n              <\/div>\n           <\/div>\n                            \n<style>\n#text-box-1888279690 {\n  width: 100%;\n}\n#text-box-1888279690 .text-box-content {\n  font-size: 100%;\n}\n<\/style>\n    <\/div>\n \n\n        <\/div>\n      <\/div>\n\n            \n<style>\n#banner-758460921 {\n  padding-top: 50%;\n}\n#banner-758460921 .banner-bg img {\n  object-position: 57% 39%;\n}\n<\/style>\n  <\/div>\n\n\n\t<div id=\"gap-1016776745\" class=\"gap-element clearfix\" style=\"display:block; height:auto;\">\n\t\t\n<style>\n#gap-1016776745 {\n  padding-top: 15px;\n}\n<\/style>\n\t<\/div>\n\t\n\n<div class=\"row align-center\"  id=\"row-604308918\">\n\n\n\t<div id=\"col-623013123\" class=\"col medium-8 small-12 large-8\"  >\n\t\t\t\t<div class=\"col-inner\"  >\n\t\t\t\n\t\t\t\n\n<p style=\"text-align: center;\"><a href=\"https:\/\/smartinthedark.com\/fi\/meista\/kestava-tuotanto\/\"><span class=\"\" style=\"font-size: 160%;\" data-line-height=\"l\"><strong>Kest\u00e4v\u00e4 tuotanto<\/strong><\/span><\/a><br \/>Heijastimemme valmistetaan luonnonvaroja kunnioittaen&#8230;<\/p>\n\n\t\t<\/div>\n\t\t\t\t\t<\/div>\n\n\t\n\n<\/div>\n\n\t\t<\/div>\n\t\t\t\t\t<\/div>\n\n\t\n\n<\/div>\n\n","protected":false},"excerpt":{"rendered":"","protected":false},"author":1,"featured_media":0,"parent":0,"menu_order":0,"comment_status":"closed","ping_status":"closed","template":"page-blank.php","meta":{"_trash_the_other_posts":false,"editor_notices":[],"footnotes":""},"class_list":["post-2891","page","type-page","status-publish","hentry"],"yoast_head":"<!-- This site is optimized with the Yoast SEO plugin v25.9 - https:\/\/yoast.com\/wordpress\/plugins\/seo\/ -->\n<title>Meist\u00e4 - Smart In The Dark<\/title>\n<meta name=\"robots\" content=\"index, follow, max-snippet:-1, max-image-preview:large, max-video-preview:-1\" \/>\n<link rel=\"canonical\" href=\"https:\/\/smartinthedark.com\/fi\/meista\/\" \/>\n<meta property=\"og:locale\" content=\"fi_FI\" \/>\n<meta property=\"og:type\" content=\"article\" \/>\n<meta property=\"og:title\" content=\"Meist\u00e4 - Smart In The Dark\" \/>\n<meta property=\"og:url\" content=\"https:\/\/smartinthedark.com\/fi\/meista\/\" \/>\n<meta property=\"og:site_name\" content=\"Smart In The Dark\" \/>\n<meta property=\"article:publisher\" content=\"https:\/\/www.facebook.com\/smartinthedark\/\" \/>\n<meta property=\"article:modified_time\" content=\"2020-06-30T08:01:58+00:00\" \/>\n<meta property=\"og:image\" content=\"https:\/\/smartinthedark.com\/fi\/wp-content\/uploads\/sites\/8\/2022\/10\/Cool-TjejBoy.arm_reflexer-1024x649-1.jpg\" \/>\n\t<meta property=\"og:image:width\" content=\"1024\" \/>\n\t<meta property=\"og:image:height\" content=\"649\" \/>\n\t<meta property=\"og:image:type\" content=\"image\/jpeg\" \/>\n<meta name=\"twitter:card\" content=\"summary_large_image\" \/>\n<meta name=\"twitter:label1\" content=\"Est. reading time\" \/>\n\t<meta name=\"twitter:data1\" content=\"3 minutes\" \/>\n<script type=\"application\/ld+json\" class=\"yoast-schema-graph\">{\"@context\":\"https:\/\/schema.org\",\"@graph\":[{\"@type\":\"WebPage\",\"@id\":\"https:\/\/smartinthedark.com\/fi\/meista\/\",\"url\":\"https:\/\/smartinthedark.com\/fi\/meista\/\",\"name\":\"Meist\u00e4 - Smart In The Dark\",\"isPartOf\":{\"@id\":\"https:\/\/smartinthedark.com\/fi\/#website\"},\"datePublished\":\"2019-07-16T08:09:36+00:00\",\"dateModified\":\"2020-06-30T08:01:58+00:00\",\"breadcrumb\":{\"@id\":\"https:\/\/smartinthedark.com\/fi\/meista\/#breadcrumb\"},\"inLanguage\":\"fi\",\"potentialAction\":[{\"@type\":\"ReadAction\",\"target\":[\"https:\/\/smartinthedark.com\/fi\/meista\/\"]}]},{\"@type\":\"BreadcrumbList\",\"@id\":\"https:\/\/smartinthedark.com\/fi\/meista\/#breadcrumb\",\"itemListElement\":[{\"@type\":\"ListItem\",\"position\":1,\"name\":\"Hem\",\"item\":\"https:\/\/smartinthedark.com\/fi\/\"},{\"@type\":\"ListItem\",\"position\":2,\"name\":\"Meist\u00e4\"}]},{\"@type\":\"WebSite\",\"@id\":\"https:\/\/smartinthedark.com\/fi\/#website\",\"url\":\"https:\/\/smartinthedark.com\/fi\/\",\"name\":\"Smart In The Dark\",\"description\":\"\",\"potentialAction\":[{\"@type\":\"SearchAction\",\"target\":{\"@type\":\"EntryPoint\",\"urlTemplate\":\"https:\/\/smartinthedark.com\/fi\/?s={search_term_string}\"},\"query-input\":{\"@type\":\"PropertyValueSpecification\",\"valueRequired\":true,\"valueName\":\"search_term_string\"}}],\"inLanguage\":\"fi\"}]}<\/script>\n<!-- \/ Yoast SEO plugin. -->","yoast_head_json":{"title":"Meist\u00e4 - Smart In The Dark","robots":{"index":"index","follow":"follow","max-snippet":"max-snippet:-1","max-image-preview":"max-image-preview:large","max-video-preview":"max-video-preview:-1"},"canonical":"https:\/\/smartinthedark.com\/fi\/meista\/","og_locale":"fi_FI","og_type":"article","og_title":"Meist\u00e4 - Smart In The Dark","og_url":"https:\/\/smartinthedark.com\/fi\/meista\/","og_site_name":"Smart In The Dark","article_publisher":"https:\/\/www.facebook.com\/smartinthedark\/","article_modified_time":"2020-06-30T08:01:58+00:00","og_image":[{"width":1024,"height":649,"url":"https:\/\/smartinthedark.com\/fi\/wp-content\/uploads\/sites\/8\/2022\/10\/Cool-TjejBoy.arm_reflexer-1024x649-1.jpg","type":"image\/jpeg"}],"twitter_card":"summary_large_image","twitter_misc":{"Est. reading time":"3 minutes"},"schema":{"@context":"https:\/\/schema.org","@graph":[{"@type":"WebPage","@id":"https:\/\/smartinthedark.com\/fi\/meista\/","url":"https:\/\/smartinthedark.com\/fi\/meista\/","name":"Meist\u00e4 - Smart In The Dark","isPartOf":{"@id":"https:\/\/smartinthedark.com\/fi\/#website"},"datePublished":"2019-07-16T08:09:36+00:00","dateModified":"2020-06-30T08:01:58+00:00","breadcrumb":{"@id":"https:\/\/smartinthedark.com\/fi\/meista\/#breadcrumb"},"inLanguage":"fi","potentialAction":[{"@type":"ReadAction","target":["https:\/\/smartinthedark.com\/fi\/meista\/"]}]},{"@type":"BreadcrumbList","@id":"https:\/\/smartinthedark.com\/fi\/meista\/#breadcrumb","itemListElement":[{"@type":"ListItem","position":1,"name":"Hem","item":"https:\/\/smartinthedark.com\/fi\/"},{"@type":"ListItem","position":2,"name":"Meist\u00e4"}]},{"@type":"WebSite","@id":"https:\/\/smartinthedark.com\/fi\/#website","url":"https:\/\/smartinthedark.com\/fi\/","name":"Smart In The Dark","description":"","potentialAction":[{"@type":"SearchAction","target":{"@type":"EntryPoint","urlTemplate":"https:\/\/smartinthedark.com\/fi\/?s={search_term_string}"},"query-input":{"@type":"PropertyValueSpecification","valueRequired":true,"valueName":"search_term_string"}}],"inLanguage":"fi"}]}},"_links":{"self":[{"href":"https:\/\/smartinthedark.com\/fi\/wp-json\/wp\/v2\/pages\/2891","targetHints":{"allow":["GET"]}}],"collection":[{"href":"https:\/\/smartinthedark.com\/fi\/wp-json\/wp\/v2\/pages"}],"about":[{"href":"https:\/\/smartinthedark.com\/fi\/wp-json\/wp\/v2\/types\/page"}],"author":[{"embeddable":true,"href":"https:\/\/smartinthedark.com\/fi\/wp-json\/wp\/v2\/users\/1"}],"replies":[{"embeddable":true,"href":"https:\/\/smartinthedark.com\/fi\/wp-json\/wp\/v2\/comments?post=2891"}],"version-history":[{"count":66,"href":"https:\/\/smartinthedark.com\/fi\/wp-json\/wp\/v2\/pages\/2891\/revisions"}],"predecessor-version":[{"id":32918,"href":"https:\/\/smartinthedark.com\/fi\/wp-json\/wp\/v2\/pages\/2891\/revisions\/32918"}],"wp:attachment":[{"href":"https:\/\/smartinthedark.com\/fi\/wp-json\/wp\/v2\/media?parent=2891"}],"curies":[{"name":"wp","href":"https:\/\/api.w.org\/{rel}","templated":true}]}}