{"id":34925,"date":"2022-12-20T12:58:59","date_gmt":"2022-12-20T11:58:59","guid":{"rendered":"https:\/\/smartinthedark.com\/dk\/?post_type=product&#038;p=34925"},"modified":"2026-04-07T13:24:51","modified_gmt":"2026-04-07T11:24:51","slug":"foret-boernehue-med-refleks","status":"publish","type":"product","link":"https:\/\/smartinthedark.com\/dk\/produkt\/foret-boernehue-med-refleks\/","title":{"rendered":"Foret b\u00f8rnehue med refleks"},"content":{"rendered":"<p>En foret og bl\u00f8d hue med refleks i et refleksm\u00f8nster hele vejen rundt, som forestiller den popul\u00e6re ko og den skrigende krage. Vores varme og behagelige hue med refleks til b\u00f8rn f\u00e5s med to forskellige m\u00f8nstre af Mor Muh og Krage: en med Mor Muh siddende og en med Mor Muh med Krage p\u00e5 ryggen. Den stilfulde hue til b\u00f8rn er lavet af et lag bomuldsjersey og foret med varmt og behageligt fleecefor, s\u00e5 dit barn ikke fryser p\u00e5 selv de koldeste dage til vinter. Huen i fleece f\u00e5s i to st\u00f8rrelser til b\u00f8rn i alderen 2-3 \u00e5r og 4+ \u00e5r. Den varme vinterhue til b\u00f8rn er desuden udstyret med reflekser som forestiller en krage og en sky h\u00f8jt oppe for at sikre, at barnet ogs\u00e5 er synligt bagfra, hvis andet t\u00f8j d\u00e6kker den nederste refleks i kanten.<\/p>\n<p>N\u00e5r dit barn har en hue med refleks p\u00e5, er barnet synlig p\u00e5 mindst 125 meters afstand og fra alle retninger \u2013 alts\u00e5 360 grader.<\/p>\n<ul>\n<li>F\u00e5s i to st\u00f8rrelser: 2-3 \u00e5r (48-50 cm) og 4+ \u00e5r (52-54)<\/li>\n<li>1-lag bomuldsjersey<\/li>\n<li>For i varm og behagelig fleece<\/li>\n<li>Behageligt elastisk materiale<\/li>\n<li>Refleksm\u00e5l Mor Muh 6 cm h\u00f8j, Krage 3,5 cm h\u00f8j<\/li>\n<\/ul>\n<p>Refleksmaterialet er fra 3M Scotchlite, som h\u00f8rer til et af verdens bedste materialer i refleks. Refleksen har en h\u00f8j refleksionsgrad og kan vaskes. Stoffet er OEKO-TEX standard.<\/p>\n","protected":false},"excerpt":{"rendered":"<p>En foret og bl\u00f8d hue med refleks i et refleksm\u00f8nster hele vejen rundt, som forestiller den popul\u00e6re ko og den skrigende krage. Vores varme og behagelige hue med refleks til b\u00f8rn f\u00e5s med to forskellige m\u00f8nstre af Mor Muh og Krage: en med Mor Muh siddende og en med Mor Muh med Krage p\u00e5 ryggen. <b><u><a href=\"#beskrivning\">L\u00e6s mere.<\/a><\/u><\/b><\/p>\n","protected":false},"featured_media":34868,"comment_status":"open","ping_status":"closed","template":"","meta":{"_trash_the_other_posts":false,"editor_notices":[]},"product_brand":[],"product_cat":[91],"product_tag":[],"class_list":{"0":"post-34925","1":"product","2":"type-product","3":"status-publish","4":"has-post-thumbnail","6":"product_cat-reflekslue-for-barn","8":"first","9":"instock","10":"taxable","11":"shipping-taxable","12":"purchasable","13":"product-type-variable"},"yoast_head":"<!-- This site is optimized with the Yoast SEO plugin v25.9 - https:\/\/yoast.com\/wordpress\/plugins\/seo\/ -->\n<title>Foret b\u00f8rnehue med refleks - Smart in the dark Dansk<\/title>\n<meta name=\"robots\" content=\"index, follow, max-snippet:-1, max-image-preview:large, max-video-preview:-1\" \/>\n<link rel=\"canonical\" href=\"https:\/\/smartinthedark.com\/dk\/produkt\/foret-boernehue-med-refleks\/\" \/>\n<meta property=\"og:locale\" content=\"da_DK\" \/>\n<meta property=\"og:type\" content=\"article\" \/>\n<meta property=\"og:title\" content=\"Foret b\u00f8rnehue med refleks - Smart in the dark Dansk\" \/>\n<meta property=\"og:description\" content=\"En foret og bl\u00f8d hue med refleks i et refleksm\u00f8nster hele vejen rundt, som forestiller den popul\u00e6re ko og den skrigende krage. Vores varme og behagelige hue med refleks til b\u00f8rn f\u00e5s med to forskellige m\u00f8nstre af Mor Muh og Krage: en med Mor Muh siddende og en med Mor Muh med Krage p\u00e5 ryggen. L\u00e6s mere.\" \/>\n<meta property=\"og:url\" content=\"https:\/\/smartinthedark.com\/dk\/produkt\/foret-boernehue-med-refleks\/\" \/>\n<meta property=\"og:site_name\" content=\"Smart in the dark Dansk\" \/>\n<meta property=\"article:publisher\" content=\"https:\/\/www.facebook.com\/smartinthedark\/\" \/>\n<meta property=\"article:modified_time\" content=\"2026-04-07T11:24:51+00:00\" \/>\n<meta property=\"og:image\" content=\"https:\/\/smartinthedark.com\/dk\/wp-content\/uploads\/sites\/7\/2022\/12\/Reflexmossor-mamma-mu-barn-smart-in-the-dark-500x500-1.jpg\" \/>\n\t<meta property=\"og:image:width\" content=\"500\" \/>\n\t<meta property=\"og:image:height\" content=\"500\" \/>\n\t<meta property=\"og:image:type\" content=\"image\/jpeg\" \/>\n<meta name=\"twitter:card\" content=\"summary_large_image\" \/>\n<script type=\"application\/ld+json\" class=\"yoast-schema-graph\">{\"@context\":\"https:\/\/schema.org\",\"@graph\":[{\"@type\":\"WebPage\",\"@id\":\"https:\/\/smartinthedark.com\/dk\/produkt\/foret-boernehue-med-refleks\/\",\"url\":\"https:\/\/smartinthedark.com\/dk\/produkt\/foret-boernehue-med-refleks\/\",\"name\":\"Foret b\u00f8rnehue med refleks - Smart in the dark Dansk\",\"isPartOf\":{\"@id\":\"https:\/\/smartinthedark.com\/dk\/#website\"},\"primaryImageOfPage\":{\"@id\":\"https:\/\/smartinthedark.com\/dk\/produkt\/foret-boernehue-med-refleks\/#primaryimage\"},\"image\":{\"@id\":\"https:\/\/smartinthedark.com\/dk\/produkt\/foret-boernehue-med-refleks\/#primaryimage\"},\"thumbnailUrl\":\"https:\/\/smartinthedark.com\/dk\/wp-content\/uploads\/sites\/7\/2022\/12\/Reflexmossor-mamma-mu-barn-smart-in-the-dark-500x500-1.jpg\",\"datePublished\":\"2022-12-20T11:58:59+00:00\",\"dateModified\":\"2026-04-07T11:24:51+00:00\",\"breadcrumb\":{\"@id\":\"https:\/\/smartinthedark.com\/dk\/produkt\/foret-boernehue-med-refleks\/#breadcrumb\"},\"inLanguage\":\"da-DK\",\"potentialAction\":[{\"@type\":\"ReadAction\",\"target\":[\"https:\/\/smartinthedark.com\/dk\/produkt\/foret-boernehue-med-refleks\/\"]}]},{\"@type\":\"ImageObject\",\"inLanguage\":\"da-DK\",\"@id\":\"https:\/\/smartinthedark.com\/dk\/produkt\/foret-boernehue-med-refleks\/#primaryimage\",\"url\":\"https:\/\/smartinthedark.com\/dk\/wp-content\/uploads\/sites\/7\/2022\/12\/Reflexmossor-mamma-mu-barn-smart-in-the-dark-500x500-1.jpg\",\"contentUrl\":\"https:\/\/smartinthedark.com\/dk\/wp-content\/uploads\/sites\/7\/2022\/12\/Reflexmossor-mamma-mu-barn-smart-in-the-dark-500x500-1.jpg\",\"width\":500,\"height\":500},{\"@type\":\"BreadcrumbList\",\"@id\":\"https:\/\/smartinthedark.com\/dk\/produkt\/foret-boernehue-med-refleks\/#breadcrumb\",\"itemListElement\":[{\"@type\":\"ListItem\",\"position\":1,\"name\":\"Hem\",\"item\":\"https:\/\/smartinthedark.com\/dk\/\"},{\"@type\":\"ListItem\",\"position\":2,\"name\":\"Webshop\",\"item\":\"https:\/\/smartinthedark.com\/dk\/webshop\/\"},{\"@type\":\"ListItem\",\"position\":3,\"name\":\"Foret b\u00f8rnehue med refleks\"}]},{\"@type\":\"WebSite\",\"@id\":\"https:\/\/smartinthedark.com\/dk\/#website\",\"url\":\"https:\/\/smartinthedark.com\/dk\/\",\"name\":\"Smart in the dark Dansk\",\"description\":\"\",\"potentialAction\":[{\"@type\":\"SearchAction\",\"target\":{\"@type\":\"EntryPoint\",\"urlTemplate\":\"https:\/\/smartinthedark.com\/dk\/?s={search_term_string}\"},\"query-input\":{\"@type\":\"PropertyValueSpecification\",\"valueRequired\":true,\"valueName\":\"search_term_string\"}}],\"inLanguage\":\"da-DK\"}]}<\/script>\n<!-- \/ Yoast SEO plugin. -->","yoast_head_json":{"title":"Foret b\u00f8rnehue med refleks - Smart in the dark Dansk","robots":{"index":"index","follow":"follow","max-snippet":"max-snippet:-1","max-image-preview":"max-image-preview:large","max-video-preview":"max-video-preview:-1"},"canonical":"https:\/\/smartinthedark.com\/dk\/produkt\/foret-boernehue-med-refleks\/","og_locale":"da_DK","og_type":"article","og_title":"Foret b\u00f8rnehue med refleks - Smart in the dark Dansk","og_description":"En foret og bl\u00f8d hue med refleks i et refleksm\u00f8nster hele vejen rundt, som forestiller den popul\u00e6re ko og den skrigende krage. Vores varme og behagelige hue med refleks til b\u00f8rn f\u00e5s med to forskellige m\u00f8nstre af Mor Muh og Krage: en med Mor Muh siddende og en med Mor Muh med Krage p\u00e5 ryggen. L\u00e6s mere.","og_url":"https:\/\/smartinthedark.com\/dk\/produkt\/foret-boernehue-med-refleks\/","og_site_name":"Smart in the dark Dansk","article_publisher":"https:\/\/www.facebook.com\/smartinthedark\/","article_modified_time":"2026-04-07T11:24:51+00:00","og_image":[{"width":500,"height":500,"url":"https:\/\/smartinthedark.com\/dk\/wp-content\/uploads\/sites\/7\/2022\/12\/Reflexmossor-mamma-mu-barn-smart-in-the-dark-500x500-1.jpg","type":"image\/jpeg"}],"twitter_card":"summary_large_image","schema":{"@context":"https:\/\/schema.org","@graph":[{"@type":"WebPage","@id":"https:\/\/smartinthedark.com\/dk\/produkt\/foret-boernehue-med-refleks\/","url":"https:\/\/smartinthedark.com\/dk\/produkt\/foret-boernehue-med-refleks\/","name":"Foret b\u00f8rnehue med refleks - Smart in the dark Dansk","isPartOf":{"@id":"https:\/\/smartinthedark.com\/dk\/#website"},"primaryImageOfPage":{"@id":"https:\/\/smartinthedark.com\/dk\/produkt\/foret-boernehue-med-refleks\/#primaryimage"},"image":{"@id":"https:\/\/smartinthedark.com\/dk\/produkt\/foret-boernehue-med-refleks\/#primaryimage"},"thumbnailUrl":"https:\/\/smartinthedark.com\/dk\/wp-content\/uploads\/sites\/7\/2022\/12\/Reflexmossor-mamma-mu-barn-smart-in-the-dark-500x500-1.jpg","datePublished":"2022-12-20T11:58:59+00:00","dateModified":"2026-04-07T11:24:51+00:00","breadcrumb":{"@id":"https:\/\/smartinthedark.com\/dk\/produkt\/foret-boernehue-med-refleks\/#breadcrumb"},"inLanguage":"da-DK","potentialAction":[{"@type":"ReadAction","target":["https:\/\/smartinthedark.com\/dk\/produkt\/foret-boernehue-med-refleks\/"]}]},{"@type":"ImageObject","inLanguage":"da-DK","@id":"https:\/\/smartinthedark.com\/dk\/produkt\/foret-boernehue-med-refleks\/#primaryimage","url":"https:\/\/smartinthedark.com\/dk\/wp-content\/uploads\/sites\/7\/2022\/12\/Reflexmossor-mamma-mu-barn-smart-in-the-dark-500x500-1.jpg","contentUrl":"https:\/\/smartinthedark.com\/dk\/wp-content\/uploads\/sites\/7\/2022\/12\/Reflexmossor-mamma-mu-barn-smart-in-the-dark-500x500-1.jpg","width":500,"height":500},{"@type":"BreadcrumbList","@id":"https:\/\/smartinthedark.com\/dk\/produkt\/foret-boernehue-med-refleks\/#breadcrumb","itemListElement":[{"@type":"ListItem","position":1,"name":"Hem","item":"https:\/\/smartinthedark.com\/dk\/"},{"@type":"ListItem","position":2,"name":"Webshop","item":"https:\/\/smartinthedark.com\/dk\/webshop\/"},{"@type":"ListItem","position":3,"name":"Foret b\u00f8rnehue med refleks"}]},{"@type":"WebSite","@id":"https:\/\/smartinthedark.com\/dk\/#website","url":"https:\/\/smartinthedark.com\/dk\/","name":"Smart in the dark Dansk","description":"","potentialAction":[{"@type":"SearchAction","target":{"@type":"EntryPoint","urlTemplate":"https:\/\/smartinthedark.com\/dk\/?s={search_term_string}"},"query-input":{"@type":"PropertyValueSpecification","valueRequired":true,"valueName":"search_term_string"}}],"inLanguage":"da-DK"}]}},"_links":{"self":[{"href":"https:\/\/smartinthedark.com\/dk\/wp-json\/wp\/v2\/product\/34925","targetHints":{"allow":["GET"]}}],"collection":[{"href":"https:\/\/smartinthedark.com\/dk\/wp-json\/wp\/v2\/product"}],"about":[{"href":"https:\/\/smartinthedark.com\/dk\/wp-json\/wp\/v2\/types\/product"}],"replies":[{"embeddable":true,"href":"https:\/\/smartinthedark.com\/dk\/wp-json\/wp\/v2\/comments?post=34925"}],"wp:featuredmedia":[{"embeddable":true,"href":"https:\/\/smartinthedark.com\/dk\/wp-json\/wp\/v2\/media\/34868"}],"wp:attachment":[{"href":"https:\/\/smartinthedark.com\/dk\/wp-json\/wp\/v2\/media?parent=34925"}],"wp:term":[{"taxonomy":"product_brand","embeddable":true,"href":"https:\/\/smartinthedark.com\/dk\/wp-json\/wp\/v2\/product_brand?post=34925"},{"taxonomy":"product_cat","embeddable":true,"href":"https:\/\/smartinthedark.com\/dk\/wp-json\/wp\/v2\/product_cat?post=34925"},{"taxonomy":"product_tag","embeddable":true,"href":"https:\/\/smartinthedark.com\/dk\/wp-json\/wp\/v2\/product_tag?post=34925"}],"curies":[{"name":"wp","href":"https:\/\/api.w.org\/{rel}","templated":true}]}}