{"id":34671,"date":"2021-06-02T11:25:56","date_gmt":"2021-06-02T09:25:56","guid":{"rendered":"https:\/\/smartinthedark.com\/dk\/?post_type=product&#038;p=34671"},"modified":"2026-02-08T20:25:35","modified_gmt":"2026-02-08T19:25:35","slug":"langt-refleksbetraek","status":"publish","type":"product","link":"https:\/\/smartinthedark.com\/dk\/produkt\/langt-refleksbetraek\/","title":{"rendered":"Langt refleksbetr\u00e6k"},"content":{"rendered":"<p>Et funktionelt reflekstilbeh\u00f8r, som du kan have p\u00e5 tasken og p\u00e5 hundesnoren. Reflekserne er syet som et langt betr\u00e6k, som du nemt kan tr\u00e6kke rundt om skulderremmen p\u00e5 din taske, eller over snoren. Den passer til snore og remme, der har en bredde p\u00e5 op til 4 cm. Monteres enkelt med velcro.<\/p>\n<p>M\u00f8nster: Hjortron &amp; Norrsken<br \/>\nFarve: Sort &amp; Marinebl\u00e5<br \/>\nProduktm\u00e5l: 20 x 10 cm<br \/>\nSamlet med velcro: 20 x 4 cm<br \/>\nFarve: Marinebl\u00e5 &amp; Sort<\/p>\n<p>Vores reflekser g\u00f8r dig synlig i m\u00f8rket p\u00e5 over 125 meter. De er lavet af 3M Scotchlite, som er et af de sikreste og bedste reflekterende materialer p\u00e5 markedet.<\/p>\n","protected":false},"excerpt":{"rendered":"<p>Et funktionelt reflekstilbeh\u00f8r, som du kan have p\u00e5 tasken og p\u00e5 hundesnoren. Reflekserne er syet som et langt betr\u00e6k, som du nemt kan tr\u00e6kke rundt om skulderremmen p\u00e5 din taske, eller over snoren. <a href=\"#beskrivning\"><b><u>L\u00e6s mere<\/u><\/b><\/a><\/p>\n","protected":false},"featured_media":34708,"comment_status":"closed","ping_status":"closed","template":"","meta":{"_trash_the_other_posts":false,"editor_notices":[]},"product_brand":[],"product_cat":[65,60],"product_tag":[],"class_list":{"0":"post-34671","1":"product","2":"type-product","3":"status-publish","4":"has-post-thumbnail","6":"product_cat-hundereflekser","7":"product_cat-reflekterende-tilbehor","9":"first","10":"instock","11":"taxable","12":"shipping-taxable","13":"purchasable","14":"product-type-variable"},"yoast_head":"<!-- This site is optimized with the Yoast SEO plugin v25.9 - https:\/\/yoast.com\/wordpress\/plugins\/seo\/ -->\n<title>Langt refleksbetr\u00e6k - Smart in the dark Dansk<\/title>\n<meta name=\"robots\" content=\"index, follow, max-snippet:-1, max-image-preview:large, max-video-preview:-1\" \/>\n<link rel=\"canonical\" href=\"https:\/\/smartinthedark.com\/dk\/produkt\/langt-refleksbetraek\/\" \/>\n<meta property=\"og:locale\" content=\"da_DK\" \/>\n<meta property=\"og:type\" content=\"article\" \/>\n<meta property=\"og:title\" content=\"Langt refleksbetr\u00e6k - Smart in the dark Dansk\" \/>\n<meta property=\"og:description\" content=\"Et funktionelt reflekstilbeh\u00f8r, som du kan have p\u00e5 tasken og p\u00e5 hundesnoren. Reflekserne er syet som et langt betr\u00e6k, som du nemt kan tr\u00e6kke rundt om skulderremmen p\u00e5 din taske, eller over snoren. L\u00e6s mere\" \/>\n<meta property=\"og:url\" content=\"https:\/\/smartinthedark.com\/dk\/produkt\/langt-refleksbetraek\/\" \/>\n<meta property=\"og:site_name\" content=\"Smart in the dark Dansk\" \/>\n<meta property=\"article:publisher\" content=\"https:\/\/www.facebook.com\/smartinthedark\/\" \/>\n<meta property=\"article:modified_time\" content=\"2026-02-08T19:25:35+00:00\" \/>\n<meta property=\"og:image\" content=\"https:\/\/smartinthedark.com\/dk\/wp-content\/uploads\/sites\/7\/2021\/06\/Reflex-vaskaccessoar-norrsken-smart-in-the-dark.jpg\" \/>\n\t<meta property=\"og:image:width\" content=\"500\" \/>\n\t<meta property=\"og:image:height\" content=\"500\" \/>\n\t<meta property=\"og:image:type\" content=\"image\/jpeg\" \/>\n<meta name=\"twitter:card\" content=\"summary_large_image\" \/>\n<meta name=\"twitter:label1\" content=\"Est. reading time\" \/>\n\t<meta name=\"twitter:data1\" content=\"1 minute\" \/>\n<script type=\"application\/ld+json\" class=\"yoast-schema-graph\">{\"@context\":\"https:\/\/schema.org\",\"@graph\":[{\"@type\":\"WebPage\",\"@id\":\"https:\/\/smartinthedark.com\/dk\/produkt\/langt-refleksbetraek\/\",\"url\":\"https:\/\/smartinthedark.com\/dk\/produkt\/langt-refleksbetraek\/\",\"name\":\"Langt refleksbetr\u00e6k - Smart in the dark Dansk\",\"isPartOf\":{\"@id\":\"https:\/\/smartinthedark.com\/dk\/#website\"},\"primaryImageOfPage\":{\"@id\":\"https:\/\/smartinthedark.com\/dk\/produkt\/langt-refleksbetraek\/#primaryimage\"},\"image\":{\"@id\":\"https:\/\/smartinthedark.com\/dk\/produkt\/langt-refleksbetraek\/#primaryimage\"},\"thumbnailUrl\":\"https:\/\/smartinthedark.com\/dk\/wp-content\/uploads\/sites\/7\/2021\/06\/Reflex-vaskaccessoar-norrsken-smart-in-the-dark.jpg\",\"datePublished\":\"2021-06-02T09:25:56+00:00\",\"dateModified\":\"2026-02-08T19:25:35+00:00\",\"breadcrumb\":{\"@id\":\"https:\/\/smartinthedark.com\/dk\/produkt\/langt-refleksbetraek\/#breadcrumb\"},\"inLanguage\":\"da-DK\",\"potentialAction\":[{\"@type\":\"ReadAction\",\"target\":[\"https:\/\/smartinthedark.com\/dk\/produkt\/langt-refleksbetraek\/\"]}]},{\"@type\":\"ImageObject\",\"inLanguage\":\"da-DK\",\"@id\":\"https:\/\/smartinthedark.com\/dk\/produkt\/langt-refleksbetraek\/#primaryimage\",\"url\":\"https:\/\/smartinthedark.com\/dk\/wp-content\/uploads\/sites\/7\/2021\/06\/Reflex-vaskaccessoar-norrsken-smart-in-the-dark.jpg\",\"contentUrl\":\"https:\/\/smartinthedark.com\/dk\/wp-content\/uploads\/sites\/7\/2021\/06\/Reflex-vaskaccessoar-norrsken-smart-in-the-dark.jpg\",\"width\":500,\"height\":500},{\"@type\":\"BreadcrumbList\",\"@id\":\"https:\/\/smartinthedark.com\/dk\/produkt\/langt-refleksbetraek\/#breadcrumb\",\"itemListElement\":[{\"@type\":\"ListItem\",\"position\":1,\"name\":\"Hem\",\"item\":\"https:\/\/smartinthedark.com\/dk\/\"},{\"@type\":\"ListItem\",\"position\":2,\"name\":\"Webshop\",\"item\":\"https:\/\/smartinthedark.com\/dk\/webshop\/\"},{\"@type\":\"ListItem\",\"position\":3,\"name\":\"Langt refleksbetr\u00e6k\"}]},{\"@type\":\"WebSite\",\"@id\":\"https:\/\/smartinthedark.com\/dk\/#website\",\"url\":\"https:\/\/smartinthedark.com\/dk\/\",\"name\":\"Smart in the dark Dansk\",\"description\":\"\",\"potentialAction\":[{\"@type\":\"SearchAction\",\"target\":{\"@type\":\"EntryPoint\",\"urlTemplate\":\"https:\/\/smartinthedark.com\/dk\/?s={search_term_string}\"},\"query-input\":{\"@type\":\"PropertyValueSpecification\",\"valueRequired\":true,\"valueName\":\"search_term_string\"}}],\"inLanguage\":\"da-DK\"}]}<\/script>\n<!-- \/ Yoast SEO plugin. -->","yoast_head_json":{"title":"Langt refleksbetr\u00e6k - Smart in the dark Dansk","robots":{"index":"index","follow":"follow","max-snippet":"max-snippet:-1","max-image-preview":"max-image-preview:large","max-video-preview":"max-video-preview:-1"},"canonical":"https:\/\/smartinthedark.com\/dk\/produkt\/langt-refleksbetraek\/","og_locale":"da_DK","og_type":"article","og_title":"Langt refleksbetr\u00e6k - Smart in the dark Dansk","og_description":"Et funktionelt reflekstilbeh\u00f8r, som du kan have p\u00e5 tasken og p\u00e5 hundesnoren. Reflekserne er syet som et langt betr\u00e6k, som du nemt kan tr\u00e6kke rundt om skulderremmen p\u00e5 din taske, eller over snoren. L\u00e6s mere","og_url":"https:\/\/smartinthedark.com\/dk\/produkt\/langt-refleksbetraek\/","og_site_name":"Smart in the dark Dansk","article_publisher":"https:\/\/www.facebook.com\/smartinthedark\/","article_modified_time":"2026-02-08T19:25:35+00:00","og_image":[{"width":500,"height":500,"url":"https:\/\/smartinthedark.com\/dk\/wp-content\/uploads\/sites\/7\/2021\/06\/Reflex-vaskaccessoar-norrsken-smart-in-the-dark.jpg","type":"image\/jpeg"}],"twitter_card":"summary_large_image","twitter_misc":{"Est. reading time":"1 minute"},"schema":{"@context":"https:\/\/schema.org","@graph":[{"@type":"WebPage","@id":"https:\/\/smartinthedark.com\/dk\/produkt\/langt-refleksbetraek\/","url":"https:\/\/smartinthedark.com\/dk\/produkt\/langt-refleksbetraek\/","name":"Langt refleksbetr\u00e6k - Smart in the dark Dansk","isPartOf":{"@id":"https:\/\/smartinthedark.com\/dk\/#website"},"primaryImageOfPage":{"@id":"https:\/\/smartinthedark.com\/dk\/produkt\/langt-refleksbetraek\/#primaryimage"},"image":{"@id":"https:\/\/smartinthedark.com\/dk\/produkt\/langt-refleksbetraek\/#primaryimage"},"thumbnailUrl":"https:\/\/smartinthedark.com\/dk\/wp-content\/uploads\/sites\/7\/2021\/06\/Reflex-vaskaccessoar-norrsken-smart-in-the-dark.jpg","datePublished":"2021-06-02T09:25:56+00:00","dateModified":"2026-02-08T19:25:35+00:00","breadcrumb":{"@id":"https:\/\/smartinthedark.com\/dk\/produkt\/langt-refleksbetraek\/#breadcrumb"},"inLanguage":"da-DK","potentialAction":[{"@type":"ReadAction","target":["https:\/\/smartinthedark.com\/dk\/produkt\/langt-refleksbetraek\/"]}]},{"@type":"ImageObject","inLanguage":"da-DK","@id":"https:\/\/smartinthedark.com\/dk\/produkt\/langt-refleksbetraek\/#primaryimage","url":"https:\/\/smartinthedark.com\/dk\/wp-content\/uploads\/sites\/7\/2021\/06\/Reflex-vaskaccessoar-norrsken-smart-in-the-dark.jpg","contentUrl":"https:\/\/smartinthedark.com\/dk\/wp-content\/uploads\/sites\/7\/2021\/06\/Reflex-vaskaccessoar-norrsken-smart-in-the-dark.jpg","width":500,"height":500},{"@type":"BreadcrumbList","@id":"https:\/\/smartinthedark.com\/dk\/produkt\/langt-refleksbetraek\/#breadcrumb","itemListElement":[{"@type":"ListItem","position":1,"name":"Hem","item":"https:\/\/smartinthedark.com\/dk\/"},{"@type":"ListItem","position":2,"name":"Webshop","item":"https:\/\/smartinthedark.com\/dk\/webshop\/"},{"@type":"ListItem","position":3,"name":"Langt refleksbetr\u00e6k"}]},{"@type":"WebSite","@id":"https:\/\/smartinthedark.com\/dk\/#website","url":"https:\/\/smartinthedark.com\/dk\/","name":"Smart in the dark Dansk","description":"","potentialAction":[{"@type":"SearchAction","target":{"@type":"EntryPoint","urlTemplate":"https:\/\/smartinthedark.com\/dk\/?s={search_term_string}"},"query-input":{"@type":"PropertyValueSpecification","valueRequired":true,"valueName":"search_term_string"}}],"inLanguage":"da-DK"}]}},"_links":{"self":[{"href":"https:\/\/smartinthedark.com\/dk\/wp-json\/wp\/v2\/product\/34671","targetHints":{"allow":["GET"]}}],"collection":[{"href":"https:\/\/smartinthedark.com\/dk\/wp-json\/wp\/v2\/product"}],"about":[{"href":"https:\/\/smartinthedark.com\/dk\/wp-json\/wp\/v2\/types\/product"}],"replies":[{"embeddable":true,"href":"https:\/\/smartinthedark.com\/dk\/wp-json\/wp\/v2\/comments?post=34671"}],"wp:featuredmedia":[{"embeddable":true,"href":"https:\/\/smartinthedark.com\/dk\/wp-json\/wp\/v2\/media\/34708"}],"wp:attachment":[{"href":"https:\/\/smartinthedark.com\/dk\/wp-json\/wp\/v2\/media?parent=34671"}],"wp:term":[{"taxonomy":"product_brand","embeddable":true,"href":"https:\/\/smartinthedark.com\/dk\/wp-json\/wp\/v2\/product_brand?post=34671"},{"taxonomy":"product_cat","embeddable":true,"href":"https:\/\/smartinthedark.com\/dk\/wp-json\/wp\/v2\/product_cat?post=34671"},{"taxonomy":"product_tag","embeddable":true,"href":"https:\/\/smartinthedark.com\/dk\/wp-json\/wp\/v2\/product_tag?post=34671"}],"curies":[{"name":"wp","href":"https:\/\/api.w.org\/{rel}","templated":true}]}}