{"id":34650,"date":"2021-06-02T14:34:19","date_gmt":"2021-06-02T12:34:19","guid":{"rendered":"https:\/\/smartinthedark.com\/dk\/?post_type=product&#038;p=34650"},"modified":"2021-11-02T13:24:29","modified_gmt":"2021-11-02T12:24:29","slug":"varmende-reflekshue-i-en-behagelig-uld-og-kashmirblanding","status":"publish","type":"product","link":"https:\/\/smartinthedark.com\/dk\/produkt\/varmende-reflekshue-i-en-behagelig-uld-og-kashmirblanding\/","title":{"rendered":"Varmende reflekshue i en behagelig uld- og kashmirblanding"},"content":{"rendered":"<p>Glem huer, der kradser og kl\u00f8r! Vores nye reflekshue er utrolig behagelig, is\u00e6r for dig, der &#8220;aldrig kan b\u00e6re&#8221; huer i uld. Materialet f\u00f8les som en bl\u00f8d bamse, og er s\u00e6rdeles varmeisolerende. Den er fremstillet i et meget eksklusivt stof fra Italien, i en bl\u00f8d blanding af uld, kashmir, viskose og fleece. Modellen er lidt bredere og h\u00f8jere og passer til alle, der bedst kan lide en mere rummelig hue. Huen f\u00e5s i to nordiske m\u00f8nstre Fl\u00e4ta og Norrsken og i fire forskellige farver: gr\u00e5, fyrgr\u00f8n, en bordeaux og en dejlig denimbl\u00e5 farve. Hvilken er din favorit?<\/p>\n<ul>\n<li>F\u00e5s i to st\u00f8rrelser: S-M (56-58 cm) og L-XL (58-60 cm)<\/li>\n<li>Stoffet best\u00e5r af: 31% polyamid, 26% viskose, 26% genbrugsuld, 12% polyester, 5% kashmir.<\/li>\n<li>Fibrene i ulden kommer fra genbrugt stof fra gammelt t\u00f8j<\/li>\n<li>Refleksbredde 3,5 cm<\/li>\n<li>Produktet er CE-m\u00e6rket EN 13356 (personrefleks)<\/li>\n<\/ul>\n<p>Vores reflekser g\u00f8r dig synlig i m\u00f8rket, p\u00e5 over 125 meters afstand. De er lavet af 3M Scotchlite, som er et af de sikreste og bedste reflekterende materialer p\u00e5 markedet.<\/p>\n","protected":false},"excerpt":{"rendered":"<p>Glem huer, der kradser og kl\u00f8r! Vores nye reflekshue er utrolig behagelig, is\u00e6r for dig, der &#8220;aldrig kan b\u00e6re&#8221; huer i uld. Materialet f\u00f8les som en bl\u00f8d bamse, og er s\u00e6rdeles varmeisolerende. <a href=\"#beskrivning\"><b><u>L\u00e6s mere<\/u><\/b><\/a><\/p>\n","protected":false},"featured_media":34704,"comment_status":"closed","ping_status":"closed","template":"","meta":{"_trash_the_other_posts":false,"editor_notices":[]},"product_brand":[],"product_cat":[59],"product_tag":[],"class_list":{"0":"post-34650","1":"product","2":"type-product","3":"status-publish","4":"has-post-thumbnail","6":"product_cat-reflekterende-beanie-og-pandeband","8":"first","9":"instock","10":"taxable","11":"shipping-taxable","12":"purchasable","13":"product-type-variable"},"yoast_head":"<!-- This site is optimized with the Yoast SEO plugin v25.9 - https:\/\/yoast.com\/wordpress\/plugins\/seo\/ -->\n<title>Varmende reflekshue i en behagelig uld- og kashmirblanding - Smart in the dark Dansk<\/title>\n<meta name=\"robots\" content=\"index, follow, max-snippet:-1, max-image-preview:large, max-video-preview:-1\" \/>\n<link rel=\"canonical\" href=\"https:\/\/smartinthedark.com\/dk\/produkt\/varmende-reflekshue-i-en-behagelig-uld-og-kashmirblanding\/\" \/>\n<meta property=\"og:locale\" content=\"da_DK\" \/>\n<meta property=\"og:type\" content=\"article\" \/>\n<meta property=\"og:title\" content=\"Varmende reflekshue i en behagelig uld- og kashmirblanding - Smart in the dark Dansk\" \/>\n<meta property=\"og:description\" content=\"Glem huer, der kradser og kl\u00f8r! Vores nye reflekshue er utrolig behagelig, is\u00e6r for dig, der &quot;aldrig kan b\u00e6re&quot; huer i uld. Materialet f\u00f8les som en bl\u00f8d bamse, og er s\u00e6rdeles varmeisolerende. L\u00e6s mere\" \/>\n<meta property=\"og:url\" content=\"https:\/\/smartinthedark.com\/dk\/produkt\/varmende-reflekshue-i-en-behagelig-uld-og-kashmirblanding\/\" \/>\n<meta property=\"og:site_name\" content=\"Smart in the dark Dansk\" \/>\n<meta property=\"article:publisher\" content=\"https:\/\/www.facebook.com\/smartinthedark\/\" \/>\n<meta property=\"article:modified_time\" content=\"2021-11-02T12:24:29+00:00\" \/>\n<meta property=\"og:image\" content=\"https:\/\/smartinthedark.com\/dk\/wp-content\/uploads\/sites\/7\/2021\/05\/snygga-och-mjuka-ullmossor-reflxmossor-kashmir-smart-in-the-dark-500x500-1.jpg\" \/>\n\t<meta property=\"og:image:width\" content=\"500\" \/>\n\t<meta property=\"og:image:height\" content=\"500\" \/>\n\t<meta property=\"og:image:type\" content=\"image\/jpeg\" \/>\n<meta name=\"twitter:card\" content=\"summary_large_image\" \/>\n<meta name=\"twitter:label1\" content=\"Est. reading time\" \/>\n\t<meta name=\"twitter:data1\" content=\"1 minute\" \/>\n<script type=\"application\/ld+json\" class=\"yoast-schema-graph\">{\"@context\":\"https:\/\/schema.org\",\"@graph\":[{\"@type\":\"WebPage\",\"@id\":\"https:\/\/smartinthedark.com\/dk\/produkt\/varmende-reflekshue-i-en-behagelig-uld-og-kashmirblanding\/\",\"url\":\"https:\/\/smartinthedark.com\/dk\/produkt\/varmende-reflekshue-i-en-behagelig-uld-og-kashmirblanding\/\",\"name\":\"Varmende reflekshue i en behagelig uld- og kashmirblanding - Smart in the dark Dansk\",\"isPartOf\":{\"@id\":\"https:\/\/smartinthedark.com\/dk\/#website\"},\"primaryImageOfPage\":{\"@id\":\"https:\/\/smartinthedark.com\/dk\/produkt\/varmende-reflekshue-i-en-behagelig-uld-og-kashmirblanding\/#primaryimage\"},\"image\":{\"@id\":\"https:\/\/smartinthedark.com\/dk\/produkt\/varmende-reflekshue-i-en-behagelig-uld-og-kashmirblanding\/#primaryimage\"},\"thumbnailUrl\":\"https:\/\/smartinthedark.com\/dk\/wp-content\/uploads\/sites\/7\/2021\/05\/snygga-och-mjuka-ullmossor-reflxmossor-kashmir-smart-in-the-dark-500x500-1.jpg\",\"datePublished\":\"2021-06-02T12:34:19+00:00\",\"dateModified\":\"2021-11-02T12:24:29+00:00\",\"breadcrumb\":{\"@id\":\"https:\/\/smartinthedark.com\/dk\/produkt\/varmende-reflekshue-i-en-behagelig-uld-og-kashmirblanding\/#breadcrumb\"},\"inLanguage\":\"da-DK\",\"potentialAction\":[{\"@type\":\"ReadAction\",\"target\":[\"https:\/\/smartinthedark.com\/dk\/produkt\/varmende-reflekshue-i-en-behagelig-uld-og-kashmirblanding\/\"]}]},{\"@type\":\"ImageObject\",\"inLanguage\":\"da-DK\",\"@id\":\"https:\/\/smartinthedark.com\/dk\/produkt\/varmende-reflekshue-i-en-behagelig-uld-og-kashmirblanding\/#primaryimage\",\"url\":\"https:\/\/smartinthedark.com\/dk\/wp-content\/uploads\/sites\/7\/2021\/05\/snygga-och-mjuka-ullmossor-reflxmossor-kashmir-smart-in-the-dark-500x500-1.jpg\",\"contentUrl\":\"https:\/\/smartinthedark.com\/dk\/wp-content\/uploads\/sites\/7\/2021\/05\/snygga-och-mjuka-ullmossor-reflxmossor-kashmir-smart-in-the-dark-500x500-1.jpg\",\"width\":500,\"height\":500},{\"@type\":\"BreadcrumbList\",\"@id\":\"https:\/\/smartinthedark.com\/dk\/produkt\/varmende-reflekshue-i-en-behagelig-uld-og-kashmirblanding\/#breadcrumb\",\"itemListElement\":[{\"@type\":\"ListItem\",\"position\":1,\"name\":\"Hem\",\"item\":\"https:\/\/smartinthedark.com\/dk\/\"},{\"@type\":\"ListItem\",\"position\":2,\"name\":\"Webshop\",\"item\":\"https:\/\/smartinthedark.com\/dk\/webshop\/\"},{\"@type\":\"ListItem\",\"position\":3,\"name\":\"Varmende reflekshue i en behagelig uld- og kashmirblanding\"}]},{\"@type\":\"WebSite\",\"@id\":\"https:\/\/smartinthedark.com\/dk\/#website\",\"url\":\"https:\/\/smartinthedark.com\/dk\/\",\"name\":\"Smart in the dark Dansk\",\"description\":\"\",\"potentialAction\":[{\"@type\":\"SearchAction\",\"target\":{\"@type\":\"EntryPoint\",\"urlTemplate\":\"https:\/\/smartinthedark.com\/dk\/?s={search_term_string}\"},\"query-input\":{\"@type\":\"PropertyValueSpecification\",\"valueRequired\":true,\"valueName\":\"search_term_string\"}}],\"inLanguage\":\"da-DK\"}]}<\/script>\n<!-- \/ Yoast SEO plugin. -->","yoast_head_json":{"title":"Varmende reflekshue i en behagelig uld- og kashmirblanding - Smart in the dark Dansk","robots":{"index":"index","follow":"follow","max-snippet":"max-snippet:-1","max-image-preview":"max-image-preview:large","max-video-preview":"max-video-preview:-1"},"canonical":"https:\/\/smartinthedark.com\/dk\/produkt\/varmende-reflekshue-i-en-behagelig-uld-og-kashmirblanding\/","og_locale":"da_DK","og_type":"article","og_title":"Varmende reflekshue i en behagelig uld- og kashmirblanding - Smart in the dark Dansk","og_description":"Glem huer, der kradser og kl\u00f8r! Vores nye reflekshue er utrolig behagelig, is\u00e6r for dig, der \"aldrig kan b\u00e6re\" huer i uld. Materialet f\u00f8les som en bl\u00f8d bamse, og er s\u00e6rdeles varmeisolerende. L\u00e6s mere","og_url":"https:\/\/smartinthedark.com\/dk\/produkt\/varmende-reflekshue-i-en-behagelig-uld-og-kashmirblanding\/","og_site_name":"Smart in the dark Dansk","article_publisher":"https:\/\/www.facebook.com\/smartinthedark\/","article_modified_time":"2021-11-02T12:24:29+00:00","og_image":[{"width":500,"height":500,"url":"https:\/\/smartinthedark.com\/dk\/wp-content\/uploads\/sites\/7\/2021\/05\/snygga-och-mjuka-ullmossor-reflxmossor-kashmir-smart-in-the-dark-500x500-1.jpg","type":"image\/jpeg"}],"twitter_card":"summary_large_image","twitter_misc":{"Est. reading time":"1 minute"},"schema":{"@context":"https:\/\/schema.org","@graph":[{"@type":"WebPage","@id":"https:\/\/smartinthedark.com\/dk\/produkt\/varmende-reflekshue-i-en-behagelig-uld-og-kashmirblanding\/","url":"https:\/\/smartinthedark.com\/dk\/produkt\/varmende-reflekshue-i-en-behagelig-uld-og-kashmirblanding\/","name":"Varmende reflekshue i en behagelig uld- og kashmirblanding - Smart in the dark Dansk","isPartOf":{"@id":"https:\/\/smartinthedark.com\/dk\/#website"},"primaryImageOfPage":{"@id":"https:\/\/smartinthedark.com\/dk\/produkt\/varmende-reflekshue-i-en-behagelig-uld-og-kashmirblanding\/#primaryimage"},"image":{"@id":"https:\/\/smartinthedark.com\/dk\/produkt\/varmende-reflekshue-i-en-behagelig-uld-og-kashmirblanding\/#primaryimage"},"thumbnailUrl":"https:\/\/smartinthedark.com\/dk\/wp-content\/uploads\/sites\/7\/2021\/05\/snygga-och-mjuka-ullmossor-reflxmossor-kashmir-smart-in-the-dark-500x500-1.jpg","datePublished":"2021-06-02T12:34:19+00:00","dateModified":"2021-11-02T12:24:29+00:00","breadcrumb":{"@id":"https:\/\/smartinthedark.com\/dk\/produkt\/varmende-reflekshue-i-en-behagelig-uld-og-kashmirblanding\/#breadcrumb"},"inLanguage":"da-DK","potentialAction":[{"@type":"ReadAction","target":["https:\/\/smartinthedark.com\/dk\/produkt\/varmende-reflekshue-i-en-behagelig-uld-og-kashmirblanding\/"]}]},{"@type":"ImageObject","inLanguage":"da-DK","@id":"https:\/\/smartinthedark.com\/dk\/produkt\/varmende-reflekshue-i-en-behagelig-uld-og-kashmirblanding\/#primaryimage","url":"https:\/\/smartinthedark.com\/dk\/wp-content\/uploads\/sites\/7\/2021\/05\/snygga-och-mjuka-ullmossor-reflxmossor-kashmir-smart-in-the-dark-500x500-1.jpg","contentUrl":"https:\/\/smartinthedark.com\/dk\/wp-content\/uploads\/sites\/7\/2021\/05\/snygga-och-mjuka-ullmossor-reflxmossor-kashmir-smart-in-the-dark-500x500-1.jpg","width":500,"height":500},{"@type":"BreadcrumbList","@id":"https:\/\/smartinthedark.com\/dk\/produkt\/varmende-reflekshue-i-en-behagelig-uld-og-kashmirblanding\/#breadcrumb","itemListElement":[{"@type":"ListItem","position":1,"name":"Hem","item":"https:\/\/smartinthedark.com\/dk\/"},{"@type":"ListItem","position":2,"name":"Webshop","item":"https:\/\/smartinthedark.com\/dk\/webshop\/"},{"@type":"ListItem","position":3,"name":"Varmende reflekshue i en behagelig uld- og kashmirblanding"}]},{"@type":"WebSite","@id":"https:\/\/smartinthedark.com\/dk\/#website","url":"https:\/\/smartinthedark.com\/dk\/","name":"Smart in the dark Dansk","description":"","potentialAction":[{"@type":"SearchAction","target":{"@type":"EntryPoint","urlTemplate":"https:\/\/smartinthedark.com\/dk\/?s={search_term_string}"},"query-input":{"@type":"PropertyValueSpecification","valueRequired":true,"valueName":"search_term_string"}}],"inLanguage":"da-DK"}]}},"_links":{"self":[{"href":"https:\/\/smartinthedark.com\/dk\/wp-json\/wp\/v2\/product\/34650","targetHints":{"allow":["GET"]}}],"collection":[{"href":"https:\/\/smartinthedark.com\/dk\/wp-json\/wp\/v2\/product"}],"about":[{"href":"https:\/\/smartinthedark.com\/dk\/wp-json\/wp\/v2\/types\/product"}],"replies":[{"embeddable":true,"href":"https:\/\/smartinthedark.com\/dk\/wp-json\/wp\/v2\/comments?post=34650"}],"wp:featuredmedia":[{"embeddable":true,"href":"https:\/\/smartinthedark.com\/dk\/wp-json\/wp\/v2\/media\/34704"}],"wp:attachment":[{"href":"https:\/\/smartinthedark.com\/dk\/wp-json\/wp\/v2\/media?parent=34650"}],"wp:term":[{"taxonomy":"product_brand","embeddable":true,"href":"https:\/\/smartinthedark.com\/dk\/wp-json\/wp\/v2\/product_brand?post=34650"},{"taxonomy":"product_cat","embeddable":true,"href":"https:\/\/smartinthedark.com\/dk\/wp-json\/wp\/v2\/product_cat?post=34650"},{"taxonomy":"product_tag","embeddable":true,"href":"https:\/\/smartinthedark.com\/dk\/wp-json\/wp\/v2\/product_tag?post=34650"}],"curies":[{"name":"wp","href":"https:\/\/api.w.org\/{rel}","templated":true}]}}