{"id":34632,"date":"2021-06-02T11:22:24","date_gmt":"2021-06-02T09:22:24","guid":{"rendered":"https:\/\/smartinthedark.com\/dk\/?post_type=product&#038;p=34632"},"modified":"2021-11-02T13:24:29","modified_gmt":"2021-11-02T12:24:29","slug":"atle-refleksband-til-faestning-omkring-hundens-hals","status":"publish","type":"product","link":"https:\/\/smartinthedark.com\/dk\/produkt\/atle-refleksband-til-faestning-omkring-hundens-hals\/","title":{"rendered":"ATLE &#8211; refleksb\u00e5nd til f\u00e6stning omkring hundens hals"},"content":{"rendered":"<p>Fleksibelt refleksb\u00e5nd, der let kan fastg\u00f8res rundt om hundens hals, med st\u00e6rk velcro. Med dette refleksb\u00e5nd er din hund synlig, n\u00e5r den bev\u00e6ger sig i trafikken. Refleksb\u00e5ndet er udstyret med et knaphul til at tr\u00e5de gennem karabinhagen, der sidder p\u00e5 halsb\u00e5ndet, men kan ogs\u00e5 sidde direkte om hundens hals. Med refleksb\u00e5ndet kan du stadig lade hunden b\u00e6re sin foretrukne halsb\u00e5nd\/sele, og let tilf\u00f8je en refleks omkring hundens hals.<\/p>\n<p>F\u00e5s i fire st\u00f8rrelser med justerbar velcro. For bedre synlighed anbefales det, at kombinere med en refleksforl\u00e6nger eller reflekskobling. B\u00e6r en refleks for b\u00e5de din og hundens sikkerhed!<br \/>\nM\u00f8nster: Norrsken<br \/>\nFarve: Sort &amp; Marinebl\u00e5<br \/>\nProduktm\u00e5l:<\/p>\n<p>XS, 145 DKK &#8211; Produktl\u00e6ngde 30 cm Produktbredde 4 cm Refleks 3 cm bred<br \/>\nPasser til en hund med en omkreds omkring halsen p\u00e5 20-26 cm.<\/p>\n<p>S, 165 DKK &#8211; Produktl\u00e6ngde 42 cm Produktbredde 4,5 cm Refleks 3,5 cm<br \/>\nPasser til en hund med en omkreds omkring halsen 28-40 cm<\/p>\n<p>M, 185 DKK &#8211; Produktl\u00e6ngde 54 cm Produktbredde 5 cm Refleks 4 cm<br \/>\nPasser til en hund med en omkreds omkring halsen 38-50 cm<\/p>\n<p>L, 200 DKK &#8211; Produktl\u00e6ngde 66 cm Produktbredde 5 cm Refleks 4 cm<br \/>\nPasser til en hund med en omkreds omkring halsen 50-60 cm<\/p>\n<p>Vores reflekser g\u00f8r dig synlig i m\u00f8rket p\u00e5 over 125 meter. De er lavet af 3M Scotchlite, som er et af de sikreste og bedste reflekterende materialer p\u00e5 markedet.<\/p>\n","protected":false},"excerpt":{"rendered":"<p>Fleksibelt refleksb\u00e5nd, der let kan fastg\u00f8res rundt om hundens hals, med st\u00e6rk velcro. Med dette refleksb\u00e5nd er din hund synlig, n\u00e5r den bev\u00e6ger sig i trafikken. Refleksb\u00e5ndet er udstyret med et knaphul til at tr\u00e5de gennem karabinhagen, der sidder p\u00e5 halsb\u00e5ndet, men kan ogs\u00e5 sidde direkte om hundens hals. <a href=\"#beskrivning\"><b><u>L\u00e6s mere<\/u><\/b><\/a><\/p>\n","protected":false},"featured_media":34631,"comment_status":"closed","ping_status":"closed","template":"","meta":{"_trash_the_other_posts":false,"editor_notices":[]},"product_brand":[],"product_cat":[65],"product_tag":[],"class_list":{"0":"post-34632","1":"product","2":"type-product","3":"status-publish","4":"has-post-thumbnail","6":"product_cat-hundereflekser","8":"first","9":"instock","10":"taxable","11":"shipping-taxable","12":"purchasable","13":"product-type-variable"},"yoast_head":"<!-- This site is optimized with the Yoast SEO plugin v25.9 - https:\/\/yoast.com\/wordpress\/plugins\/seo\/ -->\n<title>ATLE - refleksb\u00e5nd til f\u00e6stning omkring hundens hals - Smart in the dark Dansk<\/title>\n<meta name=\"robots\" content=\"index, follow, max-snippet:-1, max-image-preview:large, max-video-preview:-1\" \/>\n<link rel=\"canonical\" href=\"https:\/\/smartinthedark.com\/dk\/produkt\/atle-refleksband-til-faestning-omkring-hundens-hals\/\" \/>\n<meta property=\"og:locale\" content=\"da_DK\" \/>\n<meta property=\"og:type\" content=\"article\" \/>\n<meta property=\"og:title\" content=\"ATLE - refleksb\u00e5nd til f\u00e6stning omkring hundens hals - Smart in the dark Dansk\" \/>\n<meta property=\"og:description\" content=\"Fleksibelt refleksb\u00e5nd, der let kan fastg\u00f8res rundt om hundens hals, med st\u00e6rk velcro. Med dette refleksb\u00e5nd er din hund synlig, n\u00e5r den bev\u00e6ger sig i trafikken. Refleksb\u00e5ndet er udstyret med et knaphul til at tr\u00e5de gennem karabinhagen, der sidder p\u00e5 halsb\u00e5ndet, men kan ogs\u00e5 sidde direkte om hundens hals. L\u00e6s mere\" \/>\n<meta property=\"og:url\" content=\"https:\/\/smartinthedark.com\/dk\/produkt\/atle-refleksband-til-faestning-omkring-hundens-hals\/\" \/>\n<meta property=\"og:site_name\" content=\"Smart in the dark Dansk\" \/>\n<meta property=\"article:publisher\" content=\"https:\/\/www.facebook.com\/smartinthedark\/\" \/>\n<meta property=\"article:modified_time\" content=\"2021-11-02T12:24:29+00:00\" \/>\n<meta property=\"og:image\" content=\"https:\/\/smartinthedark.com\/dk\/wp-content\/uploads\/sites\/7\/2021\/05\/Atle-sort-nordlys-smart-in-the-dark.png\" \/>\n\t<meta property=\"og:image:width\" content=\"500\" \/>\n\t<meta property=\"og:image:height\" content=\"500\" \/>\n\t<meta property=\"og:image:type\" content=\"image\/png\" \/>\n<meta name=\"twitter:card\" content=\"summary_large_image\" \/>\n<meta name=\"twitter:label1\" content=\"Est. reading time\" \/>\n\t<meta name=\"twitter:data1\" content=\"1 minute\" \/>\n<script type=\"application\/ld+json\" class=\"yoast-schema-graph\">{\"@context\":\"https:\/\/schema.org\",\"@graph\":[{\"@type\":\"WebPage\",\"@id\":\"https:\/\/smartinthedark.com\/dk\/produkt\/atle-refleksband-til-faestning-omkring-hundens-hals\/\",\"url\":\"https:\/\/smartinthedark.com\/dk\/produkt\/atle-refleksband-til-faestning-omkring-hundens-hals\/\",\"name\":\"ATLE - refleksb\u00e5nd til f\u00e6stning omkring hundens hals - Smart in the dark Dansk\",\"isPartOf\":{\"@id\":\"https:\/\/smartinthedark.com\/dk\/#website\"},\"primaryImageOfPage\":{\"@id\":\"https:\/\/smartinthedark.com\/dk\/produkt\/atle-refleksband-til-faestning-omkring-hundens-hals\/#primaryimage\"},\"image\":{\"@id\":\"https:\/\/smartinthedark.com\/dk\/produkt\/atle-refleksband-til-faestning-omkring-hundens-hals\/#primaryimage\"},\"thumbnailUrl\":\"https:\/\/smartinthedark.com\/dk\/wp-content\/uploads\/sites\/7\/2021\/05\/Atle-sort-nordlys-smart-in-the-dark.png\",\"datePublished\":\"2021-06-02T09:22:24+00:00\",\"dateModified\":\"2021-11-02T12:24:29+00:00\",\"breadcrumb\":{\"@id\":\"https:\/\/smartinthedark.com\/dk\/produkt\/atle-refleksband-til-faestning-omkring-hundens-hals\/#breadcrumb\"},\"inLanguage\":\"da-DK\",\"potentialAction\":[{\"@type\":\"ReadAction\",\"target\":[\"https:\/\/smartinthedark.com\/dk\/produkt\/atle-refleksband-til-faestning-omkring-hundens-hals\/\"]}]},{\"@type\":\"ImageObject\",\"inLanguage\":\"da-DK\",\"@id\":\"https:\/\/smartinthedark.com\/dk\/produkt\/atle-refleksband-til-faestning-omkring-hundens-hals\/#primaryimage\",\"url\":\"https:\/\/smartinthedark.com\/dk\/wp-content\/uploads\/sites\/7\/2021\/05\/Atle-sort-nordlys-smart-in-the-dark.png\",\"contentUrl\":\"https:\/\/smartinthedark.com\/dk\/wp-content\/uploads\/sites\/7\/2021\/05\/Atle-sort-nordlys-smart-in-the-dark.png\",\"width\":500,\"height\":500},{\"@type\":\"BreadcrumbList\",\"@id\":\"https:\/\/smartinthedark.com\/dk\/produkt\/atle-refleksband-til-faestning-omkring-hundens-hals\/#breadcrumb\",\"itemListElement\":[{\"@type\":\"ListItem\",\"position\":1,\"name\":\"Hem\",\"item\":\"https:\/\/smartinthedark.com\/dk\/\"},{\"@type\":\"ListItem\",\"position\":2,\"name\":\"Webshop\",\"item\":\"https:\/\/smartinthedark.com\/dk\/webshop\/\"},{\"@type\":\"ListItem\",\"position\":3,\"name\":\"ATLE &#8211; refleksb\u00e5nd til f\u00e6stning omkring hundens hals\"}]},{\"@type\":\"WebSite\",\"@id\":\"https:\/\/smartinthedark.com\/dk\/#website\",\"url\":\"https:\/\/smartinthedark.com\/dk\/\",\"name\":\"Smart in the dark Dansk\",\"description\":\"\",\"potentialAction\":[{\"@type\":\"SearchAction\",\"target\":{\"@type\":\"EntryPoint\",\"urlTemplate\":\"https:\/\/smartinthedark.com\/dk\/?s={search_term_string}\"},\"query-input\":{\"@type\":\"PropertyValueSpecification\",\"valueRequired\":true,\"valueName\":\"search_term_string\"}}],\"inLanguage\":\"da-DK\"}]}<\/script>\n<!-- \/ Yoast SEO plugin. -->","yoast_head_json":{"title":"ATLE - refleksb\u00e5nd til f\u00e6stning omkring hundens hals - Smart in the dark Dansk","robots":{"index":"index","follow":"follow","max-snippet":"max-snippet:-1","max-image-preview":"max-image-preview:large","max-video-preview":"max-video-preview:-1"},"canonical":"https:\/\/smartinthedark.com\/dk\/produkt\/atle-refleksband-til-faestning-omkring-hundens-hals\/","og_locale":"da_DK","og_type":"article","og_title":"ATLE - refleksb\u00e5nd til f\u00e6stning omkring hundens hals - Smart in the dark Dansk","og_description":"Fleksibelt refleksb\u00e5nd, der let kan fastg\u00f8res rundt om hundens hals, med st\u00e6rk velcro. Med dette refleksb\u00e5nd er din hund synlig, n\u00e5r den bev\u00e6ger sig i trafikken. Refleksb\u00e5ndet er udstyret med et knaphul til at tr\u00e5de gennem karabinhagen, der sidder p\u00e5 halsb\u00e5ndet, men kan ogs\u00e5 sidde direkte om hundens hals. L\u00e6s mere","og_url":"https:\/\/smartinthedark.com\/dk\/produkt\/atle-refleksband-til-faestning-omkring-hundens-hals\/","og_site_name":"Smart in the dark Dansk","article_publisher":"https:\/\/www.facebook.com\/smartinthedark\/","article_modified_time":"2021-11-02T12:24:29+00:00","og_image":[{"width":500,"height":500,"url":"https:\/\/smartinthedark.com\/dk\/wp-content\/uploads\/sites\/7\/2021\/05\/Atle-sort-nordlys-smart-in-the-dark.png","type":"image\/png"}],"twitter_card":"summary_large_image","twitter_misc":{"Est. reading time":"1 minute"},"schema":{"@context":"https:\/\/schema.org","@graph":[{"@type":"WebPage","@id":"https:\/\/smartinthedark.com\/dk\/produkt\/atle-refleksband-til-faestning-omkring-hundens-hals\/","url":"https:\/\/smartinthedark.com\/dk\/produkt\/atle-refleksband-til-faestning-omkring-hundens-hals\/","name":"ATLE - refleksb\u00e5nd til f\u00e6stning omkring hundens hals - Smart in the dark Dansk","isPartOf":{"@id":"https:\/\/smartinthedark.com\/dk\/#website"},"primaryImageOfPage":{"@id":"https:\/\/smartinthedark.com\/dk\/produkt\/atle-refleksband-til-faestning-omkring-hundens-hals\/#primaryimage"},"image":{"@id":"https:\/\/smartinthedark.com\/dk\/produkt\/atle-refleksband-til-faestning-omkring-hundens-hals\/#primaryimage"},"thumbnailUrl":"https:\/\/smartinthedark.com\/dk\/wp-content\/uploads\/sites\/7\/2021\/05\/Atle-sort-nordlys-smart-in-the-dark.png","datePublished":"2021-06-02T09:22:24+00:00","dateModified":"2021-11-02T12:24:29+00:00","breadcrumb":{"@id":"https:\/\/smartinthedark.com\/dk\/produkt\/atle-refleksband-til-faestning-omkring-hundens-hals\/#breadcrumb"},"inLanguage":"da-DK","potentialAction":[{"@type":"ReadAction","target":["https:\/\/smartinthedark.com\/dk\/produkt\/atle-refleksband-til-faestning-omkring-hundens-hals\/"]}]},{"@type":"ImageObject","inLanguage":"da-DK","@id":"https:\/\/smartinthedark.com\/dk\/produkt\/atle-refleksband-til-faestning-omkring-hundens-hals\/#primaryimage","url":"https:\/\/smartinthedark.com\/dk\/wp-content\/uploads\/sites\/7\/2021\/05\/Atle-sort-nordlys-smart-in-the-dark.png","contentUrl":"https:\/\/smartinthedark.com\/dk\/wp-content\/uploads\/sites\/7\/2021\/05\/Atle-sort-nordlys-smart-in-the-dark.png","width":500,"height":500},{"@type":"BreadcrumbList","@id":"https:\/\/smartinthedark.com\/dk\/produkt\/atle-refleksband-til-faestning-omkring-hundens-hals\/#breadcrumb","itemListElement":[{"@type":"ListItem","position":1,"name":"Hem","item":"https:\/\/smartinthedark.com\/dk\/"},{"@type":"ListItem","position":2,"name":"Webshop","item":"https:\/\/smartinthedark.com\/dk\/webshop\/"},{"@type":"ListItem","position":3,"name":"ATLE &#8211; refleksb\u00e5nd til f\u00e6stning omkring hundens hals"}]},{"@type":"WebSite","@id":"https:\/\/smartinthedark.com\/dk\/#website","url":"https:\/\/smartinthedark.com\/dk\/","name":"Smart in the dark Dansk","description":"","potentialAction":[{"@type":"SearchAction","target":{"@type":"EntryPoint","urlTemplate":"https:\/\/smartinthedark.com\/dk\/?s={search_term_string}"},"query-input":{"@type":"PropertyValueSpecification","valueRequired":true,"valueName":"search_term_string"}}],"inLanguage":"da-DK"}]}},"_links":{"self":[{"href":"https:\/\/smartinthedark.com\/dk\/wp-json\/wp\/v2\/product\/34632","targetHints":{"allow":["GET"]}}],"collection":[{"href":"https:\/\/smartinthedark.com\/dk\/wp-json\/wp\/v2\/product"}],"about":[{"href":"https:\/\/smartinthedark.com\/dk\/wp-json\/wp\/v2\/types\/product"}],"replies":[{"embeddable":true,"href":"https:\/\/smartinthedark.com\/dk\/wp-json\/wp\/v2\/comments?post=34632"}],"wp:featuredmedia":[{"embeddable":true,"href":"https:\/\/smartinthedark.com\/dk\/wp-json\/wp\/v2\/media\/34631"}],"wp:attachment":[{"href":"https:\/\/smartinthedark.com\/dk\/wp-json\/wp\/v2\/media?parent=34632"}],"wp:term":[{"taxonomy":"product_brand","embeddable":true,"href":"https:\/\/smartinthedark.com\/dk\/wp-json\/wp\/v2\/product_brand?post=34632"},{"taxonomy":"product_cat","embeddable":true,"href":"https:\/\/smartinthedark.com\/dk\/wp-json\/wp\/v2\/product_cat?post=34632"},{"taxonomy":"product_tag","embeddable":true,"href":"https:\/\/smartinthedark.com\/dk\/wp-json\/wp\/v2\/product_tag?post=34632"}],"curies":[{"name":"wp","href":"https:\/\/api.w.org\/{rel}","templated":true}]}}