{"id":34333,"date":"2020-11-14T10:01:57","date_gmt":"2020-11-14T09:01:57","guid":{"rendered":"https:\/\/smartinthedark.com\/dk\/?post_type=product&#038;p=34333"},"modified":"2026-04-07T13:24:46","modified_gmt":"2026-04-07T11:24:46","slug":"freja-klassisk-hundesnor-med-refleks","status":"publish","type":"product","link":"https:\/\/smartinthedark.com\/dk\/produkt\/freja-klassisk-hundesnor-med-refleks\/","title":{"rendered":"FREJA &#8211; Klassisk hundesnor med refleks"},"content":{"rendered":"<p>FREJA &#8211; Klassisk hundesnor med refleks. Denne reflekssnor lyser enhver m\u00f8rk g\u00e5tur op for dig og din hund. Perfekt i byen, men ogs\u00e5 p\u00e5 en m\u00f8rk landevej. Snoren best\u00e5r af et b\u00e5nd, der er d\u00e6kket af slidst\u00e6rkt polyesterstof, og er forsynet med det reflekterende m\u00f8nster Norrsken. Den m\u00e5ler 175 cm inklusive h\u00e5ndtag og er 1,8 cm bred. I den ene ende er en karabinhage i rustfrit st\u00e5l, og i den anden et stabilt h\u00e5ndtag. Hundesnoren har ogs\u00e5 ekstra forst\u00e6rkede s\u00f8mme p\u00e5 de punkter, der uds\u00e6ttes for det st\u00f8rste pres.<\/p>\n<p>L\u00e6ngde: 175 cm<br \/>\nBredde: 1,8 cm<br \/>\nFarve: F\u00e5s i sort og marinebl\u00e5<br \/>\nM\u00f8nster: Norrsken<\/p>\n<p>Vores reflektorer g\u00f8r dig synlig i m\u00f8rket p\u00e5 over 125 meter. De er lavet af 3M Scotchlite, som er et af de sikreste og bedste reflekterende materialer p\u00e5 markedet.<\/p>\n","protected":false},"excerpt":{"rendered":"<p>FREJA &#8211; Klassisk hundesnor med refleks. Denne reflekssnor lyser enhver m\u00f8rk g\u00e5tur op for dig og din hund. <b><u><a href=\"#beskrivning\">L\u00e6s mere<\/a><\/u><\/b><\/p>\n","protected":false},"featured_media":34340,"comment_status":"open","ping_status":"closed","template":"","meta":{"_trash_the_other_posts":false,"editor_notices":[]},"product_brand":[],"product_cat":[65],"product_tag":[],"class_list":{"0":"post-34333","1":"product","2":"type-product","3":"status-publish","4":"has-post-thumbnail","6":"product_cat-hundereflekser","8":"first","9":"onbackorder","10":"taxable","11":"shipping-taxable","12":"purchasable","13":"product-type-variable","14":"has-default-attributes"},"yoast_head":"<!-- This site is optimized with the Yoast SEO plugin v25.9 - https:\/\/yoast.com\/wordpress\/plugins\/seo\/ -->\n<title>FREJA - Klassisk hundesnor med refleks - Smart in the dark Dansk<\/title>\n<meta name=\"robots\" content=\"index, follow, max-snippet:-1, max-image-preview:large, max-video-preview:-1\" \/>\n<link rel=\"canonical\" href=\"https:\/\/smartinthedark.com\/dk\/produkt\/freja-klassisk-hundesnor-med-refleks\/\" \/>\n<meta property=\"og:locale\" content=\"da_DK\" \/>\n<meta property=\"og:type\" content=\"article\" \/>\n<meta property=\"og:title\" content=\"FREJA - Klassisk hundesnor med refleks - Smart in the dark Dansk\" \/>\n<meta property=\"og:description\" content=\"FREJA - Klassisk hundesnor med refleks. Denne reflekssnor lyser enhver m\u00f8rk g\u00e5tur op for dig og din hund. L\u00e6s mere\" \/>\n<meta property=\"og:url\" content=\"https:\/\/smartinthedark.com\/dk\/produkt\/freja-klassisk-hundesnor-med-refleks\/\" \/>\n<meta property=\"og:site_name\" content=\"Smart in the dark Dansk\" \/>\n<meta property=\"article:publisher\" content=\"https:\/\/www.facebook.com\/smartinthedark\/\" \/>\n<meta property=\"article:modified_time\" content=\"2026-04-07T11:24:46+00:00\" \/>\n<meta property=\"og:image\" content=\"https:\/\/smartinthedark.com\/dk\/wp-content\/uploads\/sites\/7\/2020\/11\/Klassiskt-koppel-i-norrsken-svart-norrsken-smart-in-the-dark.jpg\" \/>\n\t<meta property=\"og:image:width\" content=\"500\" \/>\n\t<meta property=\"og:image:height\" content=\"500\" \/>\n\t<meta property=\"og:image:type\" content=\"image\/jpeg\" \/>\n<meta name=\"twitter:card\" content=\"summary_large_image\" \/>\n<meta name=\"twitter:label1\" content=\"Est. reading time\" \/>\n\t<meta name=\"twitter:data1\" content=\"1 minute\" \/>\n<script type=\"application\/ld+json\" class=\"yoast-schema-graph\">{\"@context\":\"https:\/\/schema.org\",\"@graph\":[{\"@type\":\"WebPage\",\"@id\":\"https:\/\/smartinthedark.com\/dk\/produkt\/freja-klassisk-hundesnor-med-refleks\/\",\"url\":\"https:\/\/smartinthedark.com\/dk\/produkt\/freja-klassisk-hundesnor-med-refleks\/\",\"name\":\"FREJA - Klassisk hundesnor med refleks - Smart in the dark Dansk\",\"isPartOf\":{\"@id\":\"https:\/\/smartinthedark.com\/dk\/#website\"},\"primaryImageOfPage\":{\"@id\":\"https:\/\/smartinthedark.com\/dk\/produkt\/freja-klassisk-hundesnor-med-refleks\/#primaryimage\"},\"image\":{\"@id\":\"https:\/\/smartinthedark.com\/dk\/produkt\/freja-klassisk-hundesnor-med-refleks\/#primaryimage\"},\"thumbnailUrl\":\"https:\/\/smartinthedark.com\/dk\/wp-content\/uploads\/sites\/7\/2020\/11\/Klassiskt-koppel-i-norrsken-svart-norrsken-smart-in-the-dark.jpg\",\"datePublished\":\"2020-11-14T09:01:57+00:00\",\"dateModified\":\"2026-04-07T11:24:46+00:00\",\"breadcrumb\":{\"@id\":\"https:\/\/smartinthedark.com\/dk\/produkt\/freja-klassisk-hundesnor-med-refleks\/#breadcrumb\"},\"inLanguage\":\"da-DK\",\"potentialAction\":[{\"@type\":\"ReadAction\",\"target\":[\"https:\/\/smartinthedark.com\/dk\/produkt\/freja-klassisk-hundesnor-med-refleks\/\"]}]},{\"@type\":\"ImageObject\",\"inLanguage\":\"da-DK\",\"@id\":\"https:\/\/smartinthedark.com\/dk\/produkt\/freja-klassisk-hundesnor-med-refleks\/#primaryimage\",\"url\":\"https:\/\/smartinthedark.com\/dk\/wp-content\/uploads\/sites\/7\/2020\/11\/Klassiskt-koppel-i-norrsken-svart-norrsken-smart-in-the-dark.jpg\",\"contentUrl\":\"https:\/\/smartinthedark.com\/dk\/wp-content\/uploads\/sites\/7\/2020\/11\/Klassiskt-koppel-i-norrsken-svart-norrsken-smart-in-the-dark.jpg\",\"width\":500,\"height\":500},{\"@type\":\"BreadcrumbList\",\"@id\":\"https:\/\/smartinthedark.com\/dk\/produkt\/freja-klassisk-hundesnor-med-refleks\/#breadcrumb\",\"itemListElement\":[{\"@type\":\"ListItem\",\"position\":1,\"name\":\"Hem\",\"item\":\"https:\/\/smartinthedark.com\/dk\/\"},{\"@type\":\"ListItem\",\"position\":2,\"name\":\"Webshop\",\"item\":\"https:\/\/smartinthedark.com\/dk\/webshop\/\"},{\"@type\":\"ListItem\",\"position\":3,\"name\":\"FREJA &#8211; Klassisk hundesnor med refleks\"}]},{\"@type\":\"WebSite\",\"@id\":\"https:\/\/smartinthedark.com\/dk\/#website\",\"url\":\"https:\/\/smartinthedark.com\/dk\/\",\"name\":\"Smart in the dark Dansk\",\"description\":\"\",\"potentialAction\":[{\"@type\":\"SearchAction\",\"target\":{\"@type\":\"EntryPoint\",\"urlTemplate\":\"https:\/\/smartinthedark.com\/dk\/?s={search_term_string}\"},\"query-input\":{\"@type\":\"PropertyValueSpecification\",\"valueRequired\":true,\"valueName\":\"search_term_string\"}}],\"inLanguage\":\"da-DK\"}]}<\/script>\n<!-- \/ Yoast SEO plugin. -->","yoast_head_json":{"title":"FREJA - Klassisk hundesnor med refleks - Smart in the dark Dansk","robots":{"index":"index","follow":"follow","max-snippet":"max-snippet:-1","max-image-preview":"max-image-preview:large","max-video-preview":"max-video-preview:-1"},"canonical":"https:\/\/smartinthedark.com\/dk\/produkt\/freja-klassisk-hundesnor-med-refleks\/","og_locale":"da_DK","og_type":"article","og_title":"FREJA - Klassisk hundesnor med refleks - Smart in the dark Dansk","og_description":"FREJA - Klassisk hundesnor med refleks. Denne reflekssnor lyser enhver m\u00f8rk g\u00e5tur op for dig og din hund. L\u00e6s mere","og_url":"https:\/\/smartinthedark.com\/dk\/produkt\/freja-klassisk-hundesnor-med-refleks\/","og_site_name":"Smart in the dark Dansk","article_publisher":"https:\/\/www.facebook.com\/smartinthedark\/","article_modified_time":"2026-04-07T11:24:46+00:00","og_image":[{"width":500,"height":500,"url":"https:\/\/smartinthedark.com\/dk\/wp-content\/uploads\/sites\/7\/2020\/11\/Klassiskt-koppel-i-norrsken-svart-norrsken-smart-in-the-dark.jpg","type":"image\/jpeg"}],"twitter_card":"summary_large_image","twitter_misc":{"Est. reading time":"1 minute"},"schema":{"@context":"https:\/\/schema.org","@graph":[{"@type":"WebPage","@id":"https:\/\/smartinthedark.com\/dk\/produkt\/freja-klassisk-hundesnor-med-refleks\/","url":"https:\/\/smartinthedark.com\/dk\/produkt\/freja-klassisk-hundesnor-med-refleks\/","name":"FREJA - Klassisk hundesnor med refleks - Smart in the dark Dansk","isPartOf":{"@id":"https:\/\/smartinthedark.com\/dk\/#website"},"primaryImageOfPage":{"@id":"https:\/\/smartinthedark.com\/dk\/produkt\/freja-klassisk-hundesnor-med-refleks\/#primaryimage"},"image":{"@id":"https:\/\/smartinthedark.com\/dk\/produkt\/freja-klassisk-hundesnor-med-refleks\/#primaryimage"},"thumbnailUrl":"https:\/\/smartinthedark.com\/dk\/wp-content\/uploads\/sites\/7\/2020\/11\/Klassiskt-koppel-i-norrsken-svart-norrsken-smart-in-the-dark.jpg","datePublished":"2020-11-14T09:01:57+00:00","dateModified":"2026-04-07T11:24:46+00:00","breadcrumb":{"@id":"https:\/\/smartinthedark.com\/dk\/produkt\/freja-klassisk-hundesnor-med-refleks\/#breadcrumb"},"inLanguage":"da-DK","potentialAction":[{"@type":"ReadAction","target":["https:\/\/smartinthedark.com\/dk\/produkt\/freja-klassisk-hundesnor-med-refleks\/"]}]},{"@type":"ImageObject","inLanguage":"da-DK","@id":"https:\/\/smartinthedark.com\/dk\/produkt\/freja-klassisk-hundesnor-med-refleks\/#primaryimage","url":"https:\/\/smartinthedark.com\/dk\/wp-content\/uploads\/sites\/7\/2020\/11\/Klassiskt-koppel-i-norrsken-svart-norrsken-smart-in-the-dark.jpg","contentUrl":"https:\/\/smartinthedark.com\/dk\/wp-content\/uploads\/sites\/7\/2020\/11\/Klassiskt-koppel-i-norrsken-svart-norrsken-smart-in-the-dark.jpg","width":500,"height":500},{"@type":"BreadcrumbList","@id":"https:\/\/smartinthedark.com\/dk\/produkt\/freja-klassisk-hundesnor-med-refleks\/#breadcrumb","itemListElement":[{"@type":"ListItem","position":1,"name":"Hem","item":"https:\/\/smartinthedark.com\/dk\/"},{"@type":"ListItem","position":2,"name":"Webshop","item":"https:\/\/smartinthedark.com\/dk\/webshop\/"},{"@type":"ListItem","position":3,"name":"FREJA &#8211; Klassisk hundesnor med refleks"}]},{"@type":"WebSite","@id":"https:\/\/smartinthedark.com\/dk\/#website","url":"https:\/\/smartinthedark.com\/dk\/","name":"Smart in the dark Dansk","description":"","potentialAction":[{"@type":"SearchAction","target":{"@type":"EntryPoint","urlTemplate":"https:\/\/smartinthedark.com\/dk\/?s={search_term_string}"},"query-input":{"@type":"PropertyValueSpecification","valueRequired":true,"valueName":"search_term_string"}}],"inLanguage":"da-DK"}]}},"_links":{"self":[{"href":"https:\/\/smartinthedark.com\/dk\/wp-json\/wp\/v2\/product\/34333","targetHints":{"allow":["GET"]}}],"collection":[{"href":"https:\/\/smartinthedark.com\/dk\/wp-json\/wp\/v2\/product"}],"about":[{"href":"https:\/\/smartinthedark.com\/dk\/wp-json\/wp\/v2\/types\/product"}],"replies":[{"embeddable":true,"href":"https:\/\/smartinthedark.com\/dk\/wp-json\/wp\/v2\/comments?post=34333"}],"wp:featuredmedia":[{"embeddable":true,"href":"https:\/\/smartinthedark.com\/dk\/wp-json\/wp\/v2\/media\/34340"}],"wp:attachment":[{"href":"https:\/\/smartinthedark.com\/dk\/wp-json\/wp\/v2\/media?parent=34333"}],"wp:term":[{"taxonomy":"product_brand","embeddable":true,"href":"https:\/\/smartinthedark.com\/dk\/wp-json\/wp\/v2\/product_brand?post=34333"},{"taxonomy":"product_cat","embeddable":true,"href":"https:\/\/smartinthedark.com\/dk\/wp-json\/wp\/v2\/product_cat?post=34333"},{"taxonomy":"product_tag","embeddable":true,"href":"https:\/\/smartinthedark.com\/dk\/wp-json\/wp\/v2\/product_tag?post=34333"}],"curies":[{"name":"wp","href":"https:\/\/api.w.org\/{rel}","templated":true}]}}